{"id":18436,"date":"2026-04-06T18:53:10","date_gmt":"2026-04-06T16:53:10","guid":{"rendered":"https:\/\/koningdrone.be\/?post_type=product&#038;p=18436"},"modified":"2026-04-29T15:20:06","modified_gmt":"2026-04-29T13:20:06","slug":"dji-care-refresh-card-2-year-plan-dji-neo-2","status":"publish","type":"product","link":"https:\/\/koningdrone.be\/fr\/produit\/dji-care-refresh-card-2-year-plan-dji-neo-2\/","title":{"rendered":"DJI Care Refresh Card - Plan de 2 ans - DJI Neo 2"},"content":{"rendered":"<h3>DJI Care Refresh Card - Plan de 2 ans - DJI Neo 2<\/h3>\n<p>Le plan DJI Care Refresh de 2 ans est l'offre de protection la plus compl\u00e8te pour le DJI Neo 2, avec une dur\u00e9e totale de 24 mois. Ce plan se pr\u00e9sente sous la forme d'un code d'activation num\u00e9rique et offre une s\u00e9curit\u00e9 \u00e0 long terme pour votre drone compact. Il est id\u00e9al pour les utilisateurs qui souhaitent utiliser les fonctions de suivi du Neo 2 de mani\u00e8re intensive sans se soucier des co\u00fbts de r\u00e9paration \u00e9lev\u00e9s en cas d'accident.<\/p>\n<h4>Performance et fonctionnalit\u00e9<\/h4>\n<p>Ce plan de deux ans offre jusqu'\u00e0 quatre remplacements pendant la dur\u00e9e du contrat. L'assurance couvre les dommages caus\u00e9s par une collision, les d\u00e9g\u00e2ts des eaux et l'usure naturelle de l'appareil. Un grand avantage est l'inclusion d'un maximum de deux remplacements Flyaway, ce qui vous permet d'obtenir un remplacement \u00e0 bas prix m\u00eame si vous perdez l'appareil pendant un vol. L'extension de garantie officielle prot\u00e8ge \u00e9galement votre mat\u00e9riel contre les d\u00e9fauts de fabrication pendant toute la dur\u00e9e de la garantie, soit deux ans.<\/p>\n<p><a href=\"https:\/\/koningdrone.nl\/wp-content\/uploads\/2026\/04\/DJI-Care-Refresh-Card-DJI-Neo-2.jpg\"><img loading=\"lazy\" decoding=\"async\" class=\"size-medium wp-image-471835 aligncenter\" src=\"https:\/\/koningdrone.nl\/wp-content\/uploads\/2026\/04\/DJI-Care-Refresh-Card-DJI-Neo-2-300x300.jpg\" alt=\"DJI Care Refresh Card - DJI Neo 2\" width=\"300\" height=\"300\" \/><\/a><\/p>\n<h4>Qualit\u00e9 de construction et conception<\/h4>\n<p>Bien qu'il s'agisse d'un produit virtuel, il vous donne acc\u00e8s au service rapide DJI Care Express. D\u00e8s que DJI re\u00e7oit votre Neo 2 endommag\u00e9, il vous envoie imm\u00e9diatement un appareil de remplacement neuf ou \u00e9quivalent au neuf. Le plan couvre \u00e9galement tous les frais d'exp\u00e9dition dans les deux sens, de sorte que vous n'aurez pas de frais suppl\u00e9mentaires pour l'envoi de votre drone d\u00e9fectueux.<\/p>\n<h4>Pourquoi vous en avez besoin ?<\/h4>\n<p>Le DJI Neo 2 est souvent utilis\u00e9 dans des environnements difficiles pour des prises de vue rapproch\u00e9es, ce qui augmente le risque de collision. Le plan de 2 ans offre le meilleur rapport qualit\u00e9-prix pour une protection \u00e0 long terme, avec plus d'options de remplacement et une p\u00e9riode de garantie plus longue que le plan d'un an. C'est le choix id\u00e9al pour les pilotes qui souhaitent b\u00e9n\u00e9ficier de deux ans de vol et de tournage en toute tranquillit\u00e9.<\/p>","protected":false},"excerpt":{"rendered":"<ul>\n<li>Offre jusqu'\u00e0 4 remplacements \u00e0 faible co\u00fbt r\u00e9partis sur une p\u00e9riode de deux ans.<\/li>\n<li>Comprend jusqu'\u00e0 2 vols de remplacement en cas de perte de l'appareil.<\/li>\n<li>Prolonge la garantie officielle du fabricant jusqu'\u00e0 la p\u00e9riode compl\u00e8te de 24 mois.<\/li>\n<li>Utilisation de DJI Care Express pour un traitement acc\u00e9l\u00e9r\u00e9 et un temps d'arr\u00eat minimal.<\/li>\n<li>Livraison gratuite dans les deux sens pour toutes les demandes de service couvertes.<\/li>\n<\/ul>","protected":false},"featured_media":18432,"template":"","meta":{"_acf_changed":false},"product_brand":[],"product_cat":[175,1722],"product_tag":[],"class_list":{"0":"post-18436","1":"product","2":"type-product","3":"status-publish","4":"has-post-thumbnail","6":"product_cat-alle-care-refresh","7":"product_cat-dji-neo-2","8":"product_shipping_class-outofstock","9":"pa_brand-dji","10":"pa_producttype-serviceplan","12":"first","13":"outofstock","14":"taxable","15":"shipping-taxable","16":"purchasable","17":"product-type-simple"},"acf":[],"yoast_head":"<!-- This site is optimized with the Yoast SEO Premium plugin v27.2 (Yoast SEO v27.2) - https:\/\/yoast.com\/product\/yoast-seo-premium-wordpress\/ -->\n<title>DJI Care Refresh Card - 2-Year Plan - DJI Neo 2 - koningdrone.be<\/title>\n<meta name=\"robots\" content=\"index, follow, max-snippet:-1, max-image-preview:large, max-video-preview:-1\" \/>\n<link rel=\"canonical\" href=\"https:\/\/koningdrone.be\/fr\/produit\/dji-care-refresh-card-2-year-plan-dji-neo-2\/\" \/>\n<meta property=\"og:locale\" content=\"fr_FR\" \/>\n<meta property=\"og:type\" content=\"article\" \/>\n<meta property=\"og:title\" content=\"DJI Care Refresh Card - 2-Year Plan - DJI Neo 2\" \/>\n<meta property=\"og:description\" content=\"Biedt tot 4 voordelige vervangingen verspreid over een periode van twee jaar.  Inclusief maximaal 2 Flyaway-vervangingen bij verlies van het toestel.  Verlengt de offici\u00eble fabrieksgarantie naar de volledige periode van 24 maanden.  Gebruik van DJI Care Express voor een versnelde afhandeling en minimale downtime.  Gratis verzending in beide richtingen voor alle gedekte service-aanvragen.\" \/>\n<meta property=\"og:url\" content=\"https:\/\/koningdrone.be\/fr\/produit\/dji-care-refresh-card-2-year-plan-dji-neo-2\/\" \/>\n<meta property=\"og:site_name\" content=\"koningdrone.be\" \/>\n<meta property=\"article:modified_time\" content=\"2026-04-29T13:20:06+00:00\" \/>\n<meta property=\"og:image\" content=\"https:\/\/koningdrone.be\/wp-content\/uploads\/sites\/13\/2026\/04\/DJI-Care-Refresh-Card-DJI-Neo-2.jpg\" \/>\n\t<meta property=\"og:image:width\" content=\"2560\" \/>\n\t<meta property=\"og:image:height\" content=\"2560\" \/>\n\t<meta property=\"og:image:type\" content=\"image\/jpeg\" \/>\n<meta name=\"twitter:card\" content=\"summary_large_image\" \/>\n<meta name=\"twitter:label1\" content=\"Dur\u00e9e de lecture est.\" \/>\n\t<meta name=\"twitter:data1\" content=\"1 minute\" \/>\n<script type=\"application\/ld+json\" class=\"yoast-schema-graph\">{\"@context\":\"https:\/\/schema.org\",\"@graph\":[{\"@type\":\"WebPage\",\"@id\":\"https:\/\/koningdrone.be\/product\/dji-care-refresh-card-2-year-plan-dji-neo-2\/\",\"url\":\"https:\/\/koningdrone.be\/product\/dji-care-refresh-card-2-year-plan-dji-neo-2\/\",\"name\":\"DJI Care Refresh Card - 2-Year Plan - DJI Neo 2 - koningdrone.be\",\"isPartOf\":{\"@id\":\"https:\/\/koningdrone.be\/#website\"},\"primaryImageOfPage\":{\"@id\":\"https:\/\/koningdrone.be\/product\/dji-care-refresh-card-2-year-plan-dji-neo-2\/#primaryimage\"},\"image\":{\"@id\":\"https:\/\/koningdrone.be\/product\/dji-care-refresh-card-2-year-plan-dji-neo-2\/#primaryimage\"},\"thumbnailUrl\":\"https:\/\/koningdrone.be\/wp-content\/uploads\/sites\/13\/2026\/04\/DJI-Care-Refresh-Card-DJI-Neo-2.jpg\",\"datePublished\":\"2026-04-06T16:53:10+00:00\",\"dateModified\":\"2026-04-29T13:20:06+00:00\",\"breadcrumb\":{\"@id\":\"https:\/\/koningdrone.be\/product\/dji-care-refresh-card-2-year-plan-dji-neo-2\/#breadcrumb\"},\"inLanguage\":\"fr-BE\",\"potentialAction\":[{\"@type\":\"ReadAction\",\"target\":[\"https:\/\/koningdrone.be\/product\/dji-care-refresh-card-2-year-plan-dji-neo-2\/\"]}]},{\"@type\":\"ImageObject\",\"inLanguage\":\"fr-BE\",\"@id\":\"https:\/\/koningdrone.be\/product\/dji-care-refresh-card-2-year-plan-dji-neo-2\/#primaryimage\",\"url\":\"https:\/\/koningdrone.be\/wp-content\/uploads\/sites\/13\/2026\/04\/DJI-Care-Refresh-Card-DJI-Neo-2.jpg\",\"contentUrl\":\"https:\/\/koningdrone.be\/wp-content\/uploads\/sites\/13\/2026\/04\/DJI-Care-Refresh-Card-DJI-Neo-2.jpg\",\"width\":2560,\"height\":2560},{\"@type\":\"BreadcrumbList\",\"@id\":\"https:\/\/koningdrone.be\/product\/dji-care-refresh-card-2-year-plan-dji-neo-2\/#breadcrumb\",\"itemListElement\":[{\"@type\":\"ListItem\",\"position\":1,\"name\":\"Home\",\"item\":\"https:\/\/koningdrone.be\/\"},{\"@type\":\"ListItem\",\"position\":2,\"name\":\"AVSS Parachute Recovery System for DJI Matrice 300\/350\",\"item\":\"https:\/\/koningdrone.be\/product\/avss-parachute-recovery-system-for-dji-matrice-300-350\/\"},{\"@type\":\"ListItem\",\"position\":3,\"name\":\"Alle care refresh\",\"item\":\"https:\/\/koningdrone.be\/categorie\/alle-care-refresh\/\"},{\"@type\":\"ListItem\",\"position\":4,\"name\":\"DJI Care Refresh Card &#8211; 2-Year Plan &#8211; DJI Neo 2\"}]},{\"@type\":\"WebSite\",\"@id\":\"https:\/\/koningdrone.be\/#website\",\"url\":\"https:\/\/koningdrone.be\/\",\"name\":\"Koningdrone.be - Uw online specialist in drones, gimbals, camera's en power stations.\",\"description\":\"De webshop in drones en gimbals\",\"publisher\":{\"@id\":\"https:\/\/koningdrone.be\/#organization\"},\"potentialAction\":[{\"@type\":\"SearchAction\",\"target\":{\"@type\":\"EntryPoint\",\"urlTemplate\":\"https:\/\/koningdrone.be\/?s={search_term_string}\"},\"query-input\":{\"@type\":\"PropertyValueSpecification\",\"valueRequired\":true,\"valueName\":\"search_term_string\"}}],\"inLanguage\":\"fr-BE\"},{\"@type\":\"Organization\",\"@id\":\"https:\/\/koningdrone.be\/#organization\",\"name\":\"Koningdrone.be\",\"url\":\"https:\/\/koningdrone.be\/\",\"logo\":{\"@type\":\"ImageObject\",\"inLanguage\":\"fr-BE\",\"@id\":\"https:\/\/koningdrone.be\/#\/schema\/logo\/image\/\",\"url\":\"https:\/\/koningdrone.be\/wp-content\/uploads\/sites\/13\/2025\/04\/koningdrone-copyright-logo.svg\",\"contentUrl\":\"https:\/\/koningdrone.be\/wp-content\/uploads\/sites\/13\/2025\/04\/koningdrone-copyright-logo.svg\",\"width\":227,\"height\":38,\"caption\":\"Koningdrone.be\"},\"image\":{\"@id\":\"https:\/\/koningdrone.be\/#\/schema\/logo\/image\/\"}}]}<\/script>\n<!-- \/ Yoast SEO Premium plugin. -->","yoast_head_json":{"title":"DJI Care Refresh Card - 2-Year Plan - DJI Neo 2 - koningdrone.be","robots":{"index":"index","follow":"follow","max-snippet":"max-snippet:-1","max-image-preview":"max-image-preview:large","max-video-preview":"max-video-preview:-1"},"canonical":"https:\/\/koningdrone.be\/fr\/produit\/dji-care-refresh-card-2-year-plan-dji-neo-2\/","og_locale":"fr_FR","og_type":"article","og_title":"DJI Care Refresh Card - 2-Year Plan - DJI Neo 2","og_description":"Biedt tot 4 voordelige vervangingen verspreid over een periode van twee jaar.  Inclusief maximaal 2 Flyaway-vervangingen bij verlies van het toestel.  Verlengt de offici\u00eble fabrieksgarantie naar de volledige periode van 24 maanden.  Gebruik van DJI Care Express voor een versnelde afhandeling en minimale downtime.  Gratis verzending in beide richtingen voor alle gedekte service-aanvragen.","og_url":"https:\/\/koningdrone.be\/fr\/produit\/dji-care-refresh-card-2-year-plan-dji-neo-2\/","og_site_name":"koningdrone.be","article_modified_time":"2026-04-29T13:20:06+00:00","og_image":[{"width":2560,"height":2560,"url":"https:\/\/koningdrone.be\/wp-content\/uploads\/sites\/13\/2026\/04\/DJI-Care-Refresh-Card-DJI-Neo-2.jpg","type":"image\/jpeg"}],"twitter_card":"summary_large_image","twitter_misc":{"Dur\u00e9e de lecture est.":"1 minute"},"schema":{"@context":"https:\/\/schema.org","@graph":[{"@type":"WebPage","@id":"https:\/\/koningdrone.be\/product\/dji-care-refresh-card-2-year-plan-dji-neo-2\/","url":"https:\/\/koningdrone.be\/product\/dji-care-refresh-card-2-year-plan-dji-neo-2\/","name":"DJI Care Refresh Card - 2-Year Plan - DJI Neo 2 - koningdrone.be","isPartOf":{"@id":"https:\/\/koningdrone.be\/#website"},"primaryImageOfPage":{"@id":"https:\/\/koningdrone.be\/product\/dji-care-refresh-card-2-year-plan-dji-neo-2\/#primaryimage"},"image":{"@id":"https:\/\/koningdrone.be\/product\/dji-care-refresh-card-2-year-plan-dji-neo-2\/#primaryimage"},"thumbnailUrl":"https:\/\/koningdrone.be\/wp-content\/uploads\/sites\/13\/2026\/04\/DJI-Care-Refresh-Card-DJI-Neo-2.jpg","datePublished":"2026-04-06T16:53:10+00:00","dateModified":"2026-04-29T13:20:06+00:00","breadcrumb":{"@id":"https:\/\/koningdrone.be\/product\/dji-care-refresh-card-2-year-plan-dji-neo-2\/#breadcrumb"},"inLanguage":"fr-BE","potentialAction":[{"@type":"ReadAction","target":["https:\/\/koningdrone.be\/product\/dji-care-refresh-card-2-year-plan-dji-neo-2\/"]}]},{"@type":"ImageObject","inLanguage":"fr-BE","@id":"https:\/\/koningdrone.be\/product\/dji-care-refresh-card-2-year-plan-dji-neo-2\/#primaryimage","url":"https:\/\/koningdrone.be\/wp-content\/uploads\/sites\/13\/2026\/04\/DJI-Care-Refresh-Card-DJI-Neo-2.jpg","contentUrl":"https:\/\/koningdrone.be\/wp-content\/uploads\/sites\/13\/2026\/04\/DJI-Care-Refresh-Card-DJI-Neo-2.jpg","width":2560,"height":2560},{"@type":"BreadcrumbList","@id":"https:\/\/koningdrone.be\/product\/dji-care-refresh-card-2-year-plan-dji-neo-2\/#breadcrumb","itemListElement":[{"@type":"ListItem","position":1,"name":"Home","item":"https:\/\/koningdrone.be\/"},{"@type":"ListItem","position":2,"name":"AVSS Parachute Recovery System for DJI Matrice 300\/350","item":"https:\/\/koningdrone.be\/product\/avss-parachute-recovery-system-for-dji-matrice-300-350\/"},{"@type":"ListItem","position":3,"name":"Alle care refresh","item":"https:\/\/koningdrone.be\/categorie\/alle-care-refresh\/"},{"@type":"ListItem","position":4,"name":"DJI Care Refresh Card &#8211; 2-Year Plan &#8211; DJI Neo 2"}]},{"@type":"WebSite","@id":"https:\/\/koningdrone.be\/#website","url":"https:\/\/koningdrone.be\/","name":"Koningdrone.be - Votre sp\u00e9cialiste en ligne en mati\u00e8re de drones, de cardans, de cam\u00e9ras et de centrales \u00e9lectriques.","description":"La boutique en ligne de drones et de cardans","publisher":{"@id":"https:\/\/koningdrone.be\/#organization"},"potentialAction":[{"@type":"SearchAction","target":{"@type":"EntryPoint","urlTemplate":"https:\/\/koningdrone.be\/?s={search_term_string}"},"query-input":{"@type":"PropertyValueSpecification","valueRequired":true,"valueName":"search_term_string"}}],"inLanguage":"fr-BE"},{"@type":"Organization","@id":"https:\/\/koningdrone.be\/#organization","name":"Kingdrone.co.uk","url":"https:\/\/koningdrone.be\/","logo":{"@type":"ImageObject","inLanguage":"fr-BE","@id":"https:\/\/koningdrone.be\/#\/schema\/logo\/image\/","url":"https:\/\/koningdrone.be\/wp-content\/uploads\/sites\/13\/2025\/04\/koningdrone-copyright-logo.svg","contentUrl":"https:\/\/koningdrone.be\/wp-content\/uploads\/sites\/13\/2025\/04\/koningdrone-copyright-logo.svg","width":227,"height":38,"caption":"Koningdrone.be"},"image":{"@id":"https:\/\/koningdrone.be\/#\/schema\/logo\/image\/"}}]}},"df_price":28,"df_sale_price":"","df_regular_price":28,"df_image_link":"https:\/\/koningdrone.be\/wp-content\/uploads\/sites\/13\/2026\/04\/DJI-Care-Refresh-Card-DJI-Neo-2-300x300.jpg","_links":{"self":[{"href":"https:\/\/koningdrone.be\/fr\/wp-json\/wp\/v2\/product\/18436","targetHints":{"allow":["GET"]}}],"collection":[{"href":"https:\/\/koningdrone.be\/fr\/wp-json\/wp\/v2\/product"}],"about":[{"href":"https:\/\/koningdrone.be\/fr\/wp-json\/wp\/v2\/types\/product"}],"wp:featuredmedia":[{"embeddable":true,"href":"https:\/\/koningdrone.be\/fr\/wp-json\/wp\/v2\/media\/18432"}],"wp:attachment":[{"href":"https:\/\/koningdrone.be\/fr\/wp-json\/wp\/v2\/media?parent=18436"}],"wp:term":[{"taxonomy":"product_brand","embeddable":true,"href":"https:\/\/koningdrone.be\/fr\/wp-json\/wp\/v2\/product_brand?post=18436"},{"taxonomy":"product_cat","embeddable":true,"href":"https:\/\/koningdrone.be\/fr\/wp-json\/wp\/v2\/product_cat?post=18436"},{"taxonomy":"product_tag","embeddable":true,"href":"https:\/\/koningdrone.be\/fr\/wp-json\/wp\/v2\/product_tag?post=18436"}],"curies":[{"name":"wp","href":"https:\/\/api.w.org\/{rel}","templated":true}]}}