{"id":18431,"date":"2026-04-06T18:52:59","date_gmt":"2026-04-06T16:52:59","guid":{"rendered":"https:\/\/koningdrone.be\/?post_type=product&#038;p=18431"},"modified":"2026-04-29T15:20:05","modified_gmt":"2026-04-29T13:20:05","slug":"dji-care-refresh-card-1-year-plan-dji-neo-2","status":"publish","type":"product","link":"https:\/\/koningdrone.be\/fr\/produit\/dji-care-refresh-card-1-year-plan-dji-neo-2\/","title":{"rendered":"DJI Care Refresh Card - Plan d'un an - DJI Neo 2"},"content":{"rendered":"<h3>DJI Care Refresh Card - Plan d'un an - DJI Neo 2<\/h3>\n<p>Le DJI Care Refresh 1-Year Plan est un service de protection sp\u00e9cialis\u00e9 pour le DJI Neo 2, le drone suiveur avanc\u00e9 de DJI. En tant que carte de service num\u00e9rique, il constitue un filet de s\u00e9curit\u00e9 essentiel pour ce drone l\u00e9ger de 151 g, qui est souvent utilis\u00e9 pour des prises de vue \u00e0 courte port\u00e9e et contr\u00f4l\u00e9 par des gestes. Ce plan garantit que votre processus cr\u00e9atif ne sera pas perturb\u00e9 par des dommages impr\u00e9vus.<\/p>\n<h4>Performance et fonctionnalit\u00e9<\/h4>\n<p>Ce plan offre jusqu'\u00e0 deux unit\u00e9s de remplacement en un an pour un montant fixe et peu \u00e9lev\u00e9. Il est sp\u00e9cialement con\u00e7u pour les risques li\u00e9s \u00e0 un drone suiveur, notamment les collisions, les dommages caus\u00e9s par l'eau et les incidents li\u00e9s \u00e0 l'envol. Gr\u00e2ce \u00e0 DJI Care Express, vous pouvez \u00e9viter l'\u00e9valuation standard des dommages ; DJI exp\u00e9diera imm\u00e9diatement une unit\u00e9 de remplacement d\u00e8s r\u00e9ception de votre drone endommag\u00e9, afin que vous puissiez voler \u00e0 nouveau \u00e0 la vitesse de l'\u00e9clair.<\/p>\n<p><a href=\"https:\/\/koningdrone.nl\/wp-content\/uploads\/2026\/04\/DJI-Care-Refresh-Card-DJI-Neo-2.jpg\"><img loading=\"lazy\" decoding=\"async\" class=\"size-medium wp-image-471835 aligncenter\" src=\"https:\/\/koningdrone.nl\/wp-content\/uploads\/2026\/04\/DJI-Care-Refresh-Card-DJI-Neo-2-300x300.jpg\" alt=\"DJI Care Refresh Card - DJI Neo 2\" width=\"300\" height=\"300\" \/><\/a><\/p>\n<h4>Qualit\u00e9 de construction et conception<\/h4>\n<p>Ce produit est une carte d'activation virtuelle (ou code num\u00e9rique) qui doit \u00eatre li\u00e9e dans les 48 heures suivant l'activation initiale du drone. Bien que le service soit num\u00e9rique, les appareils de remplacement sont garantis neufs ou \u00e9quivalents au neuf. Le plan comprend l'exp\u00e9dition gratuite dans les deux sens, ce qui signifie que DJI couvre enti\u00e8rement les co\u00fbts logistiques pour toutes les demandes de service dans la r\u00e9gion.<\/p>\n<h4>Pourquoi vous en avez besoin ?<\/h4>\n<p>Le DJI Neo 2 est \u00e9quip\u00e9 d'un syst\u00e8me d'\u00e9vitement d'obstacles omnidirectionnel et d'un syst\u00e8me ActiveTrack rapide, mais voler dans des environnements complexes comporte toujours des risques. Le plan DJI Care Refresh vous permet de ne plus vous soucier des \u00e9ventuels crashs ou de la perte de votre drone. De plus, le plan inclut une garantie officielle, qui vous donne acc\u00e8s \u00e0 une assistance technique professionnelle pendant toute la dur\u00e9e du plan, soit 12 mois.<\/p>","protected":false},"excerpt":{"rendered":"<ul>\n<li>Offre jusqu'\u00e0 2 remplacements \u00e0 bas prix dans l'ann\u00e9e en cas de dommage ou de perte.<\/li>\n<li>Comprend une couverture compl\u00e8te pour les collisions, les d\u00e9g\u00e2ts des eaux et les incidents li\u00e9s \u00e0 l'envol.<\/li>\n<li>DJI Care Express assure un traitement acc\u00e9l\u00e9r\u00e9 sans inspection pr\u00e9alable.<\/li>\n<li>Livraison gratuite dans les deux sens pour toutes les demandes de service.<\/li>\n<li>Garantie officielle de DJI et assistance technique pendant toute la dur\u00e9e du projet.<\/li>\n<\/ul>","protected":false},"featured_media":18432,"template":"","meta":{"_acf_changed":false},"product_brand":[],"product_cat":[175,1722],"product_tag":[],"class_list":{"0":"post-18431","1":"product","2":"type-product","3":"status-publish","4":"has-post-thumbnail","6":"product_cat-alle-care-refresh","7":"product_cat-dji-neo-2","8":"product_shipping_class-outofstock","9":"pa_brand-dji","10":"pa_producttype-serviceplan","12":"first","13":"outofstock","14":"taxable","15":"shipping-taxable","16":"purchasable","17":"product-type-simple"},"acf":[],"yoast_head":"<!-- This site is optimized with the Yoast SEO Premium plugin v27.2 (Yoast SEO v27.2) - https:\/\/yoast.com\/product\/yoast-seo-premium-wordpress\/ -->\n<title>DJI Care Refresh Card - 1-Year Plan - DJI Neo 2 - koningdrone.be<\/title>\n<meta name=\"robots\" content=\"index, follow, max-snippet:-1, max-image-preview:large, max-video-preview:-1\" \/>\n<link rel=\"canonical\" href=\"https:\/\/koningdrone.be\/fr\/produit\/dji-care-refresh-card-1-year-plan-dji-neo-2\/\" \/>\n<meta property=\"og:locale\" content=\"fr_FR\" \/>\n<meta property=\"og:type\" content=\"article\" \/>\n<meta property=\"og:title\" content=\"DJI Care Refresh Card - 1-Year Plan - DJI Neo 2\" \/>\n<meta property=\"og:description\" content=\"Biedt tot 2 voordelige vervangingen binnen \u00e9\u00e9n jaar bij schade of verlies.  Inclusief volledige dekking voor botsingen, waterschade en flyaway-incidenten.  DJI Care Express zorgt voor een versnelde afhandeling zonder voorafgaande inspectie.  Gratis verzending in beide richtingen voor alle service-aanvragen.  Offici\u00eble DJI-garantie en technische ondersteuning gedurende de hele looptijd.\" \/>\n<meta property=\"og:url\" content=\"https:\/\/koningdrone.be\/fr\/produit\/dji-care-refresh-card-1-year-plan-dji-neo-2\/\" \/>\n<meta property=\"og:site_name\" content=\"koningdrone.be\" \/>\n<meta property=\"article:modified_time\" content=\"2026-04-29T13:20:05+00:00\" \/>\n<meta property=\"og:image\" content=\"https:\/\/koningdrone.be\/wp-content\/uploads\/sites\/13\/2026\/04\/DJI-Care-Refresh-Card-DJI-Neo-2.jpg\" \/>\n\t<meta property=\"og:image:width\" content=\"2560\" \/>\n\t<meta property=\"og:image:height\" content=\"2560\" \/>\n\t<meta property=\"og:image:type\" content=\"image\/jpeg\" \/>\n<meta name=\"twitter:card\" content=\"summary_large_image\" \/>\n<meta name=\"twitter:label1\" content=\"Dur\u00e9e de lecture est.\" \/>\n\t<meta name=\"twitter:data1\" content=\"1 minute\" \/>\n<script type=\"application\/ld+json\" class=\"yoast-schema-graph\">{\"@context\":\"https:\/\/schema.org\",\"@graph\":[{\"@type\":\"WebPage\",\"@id\":\"https:\/\/koningdrone.be\/product\/dji-care-refresh-card-1-year-plan-dji-neo-2\/\",\"url\":\"https:\/\/koningdrone.be\/product\/dji-care-refresh-card-1-year-plan-dji-neo-2\/\",\"name\":\"DJI Care Refresh Card - 1-Year Plan - DJI Neo 2 - koningdrone.be\",\"isPartOf\":{\"@id\":\"https:\/\/koningdrone.be\/#website\"},\"primaryImageOfPage\":{\"@id\":\"https:\/\/koningdrone.be\/product\/dji-care-refresh-card-1-year-plan-dji-neo-2\/#primaryimage\"},\"image\":{\"@id\":\"https:\/\/koningdrone.be\/product\/dji-care-refresh-card-1-year-plan-dji-neo-2\/#primaryimage\"},\"thumbnailUrl\":\"https:\/\/koningdrone.be\/wp-content\/uploads\/sites\/13\/2026\/04\/DJI-Care-Refresh-Card-DJI-Neo-2.jpg\",\"datePublished\":\"2026-04-06T16:52:59+00:00\",\"dateModified\":\"2026-04-29T13:20:05+00:00\",\"breadcrumb\":{\"@id\":\"https:\/\/koningdrone.be\/product\/dji-care-refresh-card-1-year-plan-dji-neo-2\/#breadcrumb\"},\"inLanguage\":\"fr-BE\",\"potentialAction\":[{\"@type\":\"ReadAction\",\"target\":[\"https:\/\/koningdrone.be\/product\/dji-care-refresh-card-1-year-plan-dji-neo-2\/\"]}]},{\"@type\":\"ImageObject\",\"inLanguage\":\"fr-BE\",\"@id\":\"https:\/\/koningdrone.be\/product\/dji-care-refresh-card-1-year-plan-dji-neo-2\/#primaryimage\",\"url\":\"https:\/\/koningdrone.be\/wp-content\/uploads\/sites\/13\/2026\/04\/DJI-Care-Refresh-Card-DJI-Neo-2.jpg\",\"contentUrl\":\"https:\/\/koningdrone.be\/wp-content\/uploads\/sites\/13\/2026\/04\/DJI-Care-Refresh-Card-DJI-Neo-2.jpg\",\"width\":2560,\"height\":2560},{\"@type\":\"BreadcrumbList\",\"@id\":\"https:\/\/koningdrone.be\/product\/dji-care-refresh-card-1-year-plan-dji-neo-2\/#breadcrumb\",\"itemListElement\":[{\"@type\":\"ListItem\",\"position\":1,\"name\":\"Home\",\"item\":\"https:\/\/koningdrone.be\/\"},{\"@type\":\"ListItem\",\"position\":2,\"name\":\"AVSS Parachute Recovery System for DJI Matrice 300\/350\",\"item\":\"https:\/\/koningdrone.be\/product\/avss-parachute-recovery-system-for-dji-matrice-300-350\/\"},{\"@type\":\"ListItem\",\"position\":3,\"name\":\"Alle care refresh\",\"item\":\"https:\/\/koningdrone.be\/categorie\/alle-care-refresh\/\"},{\"@type\":\"ListItem\",\"position\":4,\"name\":\"DJI Care Refresh Card &#8211; 1-Year Plan &#8211; DJI Neo 2\"}]},{\"@type\":\"WebSite\",\"@id\":\"https:\/\/koningdrone.be\/#website\",\"url\":\"https:\/\/koningdrone.be\/\",\"name\":\"Koningdrone.be - Uw online specialist in drones, gimbals, camera's en power stations.\",\"description\":\"De webshop in drones en gimbals\",\"publisher\":{\"@id\":\"https:\/\/koningdrone.be\/#organization\"},\"potentialAction\":[{\"@type\":\"SearchAction\",\"target\":{\"@type\":\"EntryPoint\",\"urlTemplate\":\"https:\/\/koningdrone.be\/?s={search_term_string}\"},\"query-input\":{\"@type\":\"PropertyValueSpecification\",\"valueRequired\":true,\"valueName\":\"search_term_string\"}}],\"inLanguage\":\"fr-BE\"},{\"@type\":\"Organization\",\"@id\":\"https:\/\/koningdrone.be\/#organization\",\"name\":\"Koningdrone.be\",\"url\":\"https:\/\/koningdrone.be\/\",\"logo\":{\"@type\":\"ImageObject\",\"inLanguage\":\"fr-BE\",\"@id\":\"https:\/\/koningdrone.be\/#\/schema\/logo\/image\/\",\"url\":\"https:\/\/koningdrone.be\/wp-content\/uploads\/sites\/13\/2025\/04\/koningdrone-copyright-logo.svg\",\"contentUrl\":\"https:\/\/koningdrone.be\/wp-content\/uploads\/sites\/13\/2025\/04\/koningdrone-copyright-logo.svg\",\"width\":227,\"height\":38,\"caption\":\"Koningdrone.be\"},\"image\":{\"@id\":\"https:\/\/koningdrone.be\/#\/schema\/logo\/image\/\"}}]}<\/script>\n<!-- \/ Yoast SEO Premium plugin. -->","yoast_head_json":{"title":"DJI Care Refresh Card - 1-Year Plan - DJI Neo 2 - koningdrone.be","robots":{"index":"index","follow":"follow","max-snippet":"max-snippet:-1","max-image-preview":"max-image-preview:large","max-video-preview":"max-video-preview:-1"},"canonical":"https:\/\/koningdrone.be\/fr\/produit\/dji-care-refresh-card-1-year-plan-dji-neo-2\/","og_locale":"fr_FR","og_type":"article","og_title":"DJI Care Refresh Card - 1-Year Plan - DJI Neo 2","og_description":"Biedt tot 2 voordelige vervangingen binnen \u00e9\u00e9n jaar bij schade of verlies.  Inclusief volledige dekking voor botsingen, waterschade en flyaway-incidenten.  DJI Care Express zorgt voor een versnelde afhandeling zonder voorafgaande inspectie.  Gratis verzending in beide richtingen voor alle service-aanvragen.  Offici\u00eble DJI-garantie en technische ondersteuning gedurende de hele looptijd.","og_url":"https:\/\/koningdrone.be\/fr\/produit\/dji-care-refresh-card-1-year-plan-dji-neo-2\/","og_site_name":"koningdrone.be","article_modified_time":"2026-04-29T13:20:05+00:00","og_image":[{"width":2560,"height":2560,"url":"https:\/\/koningdrone.be\/wp-content\/uploads\/sites\/13\/2026\/04\/DJI-Care-Refresh-Card-DJI-Neo-2.jpg","type":"image\/jpeg"}],"twitter_card":"summary_large_image","twitter_misc":{"Dur\u00e9e de lecture est.":"1 minute"},"schema":{"@context":"https:\/\/schema.org","@graph":[{"@type":"WebPage","@id":"https:\/\/koningdrone.be\/product\/dji-care-refresh-card-1-year-plan-dji-neo-2\/","url":"https:\/\/koningdrone.be\/product\/dji-care-refresh-card-1-year-plan-dji-neo-2\/","name":"DJI Care Refresh Card - 1-Year Plan - DJI Neo 2 - koningdrone.be","isPartOf":{"@id":"https:\/\/koningdrone.be\/#website"},"primaryImageOfPage":{"@id":"https:\/\/koningdrone.be\/product\/dji-care-refresh-card-1-year-plan-dji-neo-2\/#primaryimage"},"image":{"@id":"https:\/\/koningdrone.be\/product\/dji-care-refresh-card-1-year-plan-dji-neo-2\/#primaryimage"},"thumbnailUrl":"https:\/\/koningdrone.be\/wp-content\/uploads\/sites\/13\/2026\/04\/DJI-Care-Refresh-Card-DJI-Neo-2.jpg","datePublished":"2026-04-06T16:52:59+00:00","dateModified":"2026-04-29T13:20:05+00:00","breadcrumb":{"@id":"https:\/\/koningdrone.be\/product\/dji-care-refresh-card-1-year-plan-dji-neo-2\/#breadcrumb"},"inLanguage":"fr-BE","potentialAction":[{"@type":"ReadAction","target":["https:\/\/koningdrone.be\/product\/dji-care-refresh-card-1-year-plan-dji-neo-2\/"]}]},{"@type":"ImageObject","inLanguage":"fr-BE","@id":"https:\/\/koningdrone.be\/product\/dji-care-refresh-card-1-year-plan-dji-neo-2\/#primaryimage","url":"https:\/\/koningdrone.be\/wp-content\/uploads\/sites\/13\/2026\/04\/DJI-Care-Refresh-Card-DJI-Neo-2.jpg","contentUrl":"https:\/\/koningdrone.be\/wp-content\/uploads\/sites\/13\/2026\/04\/DJI-Care-Refresh-Card-DJI-Neo-2.jpg","width":2560,"height":2560},{"@type":"BreadcrumbList","@id":"https:\/\/koningdrone.be\/product\/dji-care-refresh-card-1-year-plan-dji-neo-2\/#breadcrumb","itemListElement":[{"@type":"ListItem","position":1,"name":"Home","item":"https:\/\/koningdrone.be\/"},{"@type":"ListItem","position":2,"name":"AVSS Parachute Recovery System for DJI Matrice 300\/350","item":"https:\/\/koningdrone.be\/product\/avss-parachute-recovery-system-for-dji-matrice-300-350\/"},{"@type":"ListItem","position":3,"name":"Alle care refresh","item":"https:\/\/koningdrone.be\/categorie\/alle-care-refresh\/"},{"@type":"ListItem","position":4,"name":"DJI Care Refresh Card &#8211; 1-Year Plan &#8211; DJI Neo 2"}]},{"@type":"WebSite","@id":"https:\/\/koningdrone.be\/#website","url":"https:\/\/koningdrone.be\/","name":"Koningdrone.be - Votre sp\u00e9cialiste en ligne en mati\u00e8re de drones, de cardans, de cam\u00e9ras et de centrales \u00e9lectriques.","description":"La boutique en ligne de drones et de cardans","publisher":{"@id":"https:\/\/koningdrone.be\/#organization"},"potentialAction":[{"@type":"SearchAction","target":{"@type":"EntryPoint","urlTemplate":"https:\/\/koningdrone.be\/?s={search_term_string}"},"query-input":{"@type":"PropertyValueSpecification","valueRequired":true,"valueName":"search_term_string"}}],"inLanguage":"fr-BE"},{"@type":"Organization","@id":"https:\/\/koningdrone.be\/#organization","name":"Kingdrone.co.uk","url":"https:\/\/koningdrone.be\/","logo":{"@type":"ImageObject","inLanguage":"fr-BE","@id":"https:\/\/koningdrone.be\/#\/schema\/logo\/image\/","url":"https:\/\/koningdrone.be\/wp-content\/uploads\/sites\/13\/2025\/04\/koningdrone-copyright-logo.svg","contentUrl":"https:\/\/koningdrone.be\/wp-content\/uploads\/sites\/13\/2025\/04\/koningdrone-copyright-logo.svg","width":227,"height":38,"caption":"Koningdrone.be"},"image":{"@id":"https:\/\/koningdrone.be\/#\/schema\/logo\/image\/"}}]}},"df_price":16,"df_sale_price":"","df_regular_price":16,"df_image_link":"https:\/\/koningdrone.be\/wp-content\/uploads\/sites\/13\/2026\/04\/DJI-Care-Refresh-Card-DJI-Neo-2-300x300.jpg","_links":{"self":[{"href":"https:\/\/koningdrone.be\/fr\/wp-json\/wp\/v2\/product\/18431","targetHints":{"allow":["GET"]}}],"collection":[{"href":"https:\/\/koningdrone.be\/fr\/wp-json\/wp\/v2\/product"}],"about":[{"href":"https:\/\/koningdrone.be\/fr\/wp-json\/wp\/v2\/types\/product"}],"wp:featuredmedia":[{"embeddable":true,"href":"https:\/\/koningdrone.be\/fr\/wp-json\/wp\/v2\/media\/18432"}],"wp:attachment":[{"href":"https:\/\/koningdrone.be\/fr\/wp-json\/wp\/v2\/media?parent=18431"}],"wp:term":[{"taxonomy":"product_brand","embeddable":true,"href":"https:\/\/koningdrone.be\/fr\/wp-json\/wp\/v2\/product_brand?post=18431"},{"taxonomy":"product_cat","embeddable":true,"href":"https:\/\/koningdrone.be\/fr\/wp-json\/wp\/v2\/product_cat?post=18431"},{"taxonomy":"product_tag","embeddable":true,"href":"https:\/\/koningdrone.be\/fr\/wp-json\/wp\/v2\/product_tag?post=18431"}],"curies":[{"name":"wp","href":"https:\/\/api.w.org\/{rel}","templated":true}]}}