{"id":18425,"date":"2026-04-06T18:52:36","date_gmt":"2026-04-06T16:52:36","guid":{"rendered":"https:\/\/koningdrone.be\/?post_type=product&#038;p=18425"},"modified":"2026-04-29T04:10:08","modified_gmt":"2026-04-29T02:10:08","slug":"dji-osmo-nano-dji-care-refresh-1-year-plan-card","status":"publish","type":"product","link":"https:\/\/koningdrone.be\/fr\/produit\/dji-osmo-nano-dji-care-refresh-1-year-plan-card\/","title":{"rendered":"DJI Osmo Nano - Carte d'abonnement d'un an DJI Care Refresh"},"content":{"rendered":"<h3>DJI Osmo Nano - Carte d'abonnement d'un an DJI Care Refresh<\/h3>\n<p>Le plan DJI Care Refresh 1 an offre une protection compl\u00e8te pour la DJI Osmo Nano, la cam\u00e9ra magn\u00e9tique ultra-compacte et modulaire de DJI. Ce plan est un service num\u00e9rique activ\u00e9 par un code, essentiel pour les cr\u00e9ateurs qui utilisent la Nano lors de moments d'action ou d'impr\u00e9vus. Il garantit que vos enregistrements ne seront pas interrompus par des dommages impr\u00e9vus.<\/p>\n<h4>Performance et fonctionnalit\u00e9<\/h4>\n<p>Ce plan comprend jusqu'\u00e0 deux remplacements par an pour un montant fixe et peu \u00e9lev\u00e9. Il couvre les accidents courants tels que les collisions et les d\u00e9g\u00e2ts des eaux, ce qui est crucial pour une cam\u00e9ra qui est souvent attach\u00e9e \u00e0 un casque, un v\u00e9lo ou un v\u00eatement. Gr\u00e2ce au service DJI Care Express, vous recevrez une cam\u00e9ra de remplacement \u00e0 la vitesse de l'\u00e9clair, sans le temps d'attente d'une inspection de r\u00e9paration standard.<\/p>\n<p><a href=\"https:\/\/koningdrone.nl\/wp-content\/uploads\/2026\/04\/DJI-Osmo-Nano-DJI-Care-Refresh-Plan-Card.jpg\"><img loading=\"lazy\" decoding=\"async\" class=\"size-medium wp-image-471822 aligncenter\" src=\"https:\/\/koningdrone.nl\/wp-content\/uploads\/2026\/04\/DJI-Osmo-Nano-DJI-Care-Refresh-Plan-Card-300x300.jpg\" alt=\"DJI Osmo Nano - DJI Care Refresh Plan Card\" width=\"300\" height=\"300\" \/><\/a><\/p>\n<h4>Qualit\u00e9 de construction et conception<\/h4>\n<p>Comme il s'agit d'un produit virtuel, il s'agit d'une licence num\u00e9rique li\u00e9e au num\u00e9ro de s\u00e9rie de votre appareil photo. DJI garantit que les unit\u00e9s de remplacement sont neuves ou d'une performance \u00e9quivalente \u00e0 celle des unit\u00e9s neuves. En outre, les frais de port sont gratuits dans les deux sens, ce qui vous \u00e9vite des frais suppl\u00e9mentaires de logistique en cas de r\u00e9clamation dans la r\u00e9gion o\u00f9 vous avez achet\u00e9 le produit.<\/p>\n<h4>Pourquoi vous en avez besoin ?<\/h4>\n<p>Con\u00e7ue pour des prises de vue polyvalentes et mains libres, l'Osmo Nano est souvent expos\u00e9e \u00e0 des risques lors de la pratique d'un sport ou d'un voyage. Qu'il s'agisse d'une chute depuis un support magn\u00e9tique ou d'un d\u00e9g\u00e2t des eaux inattendu, DJI Care Refresh permet d'\u00e9viter des co\u00fbts de r\u00e9paration \u00e9lev\u00e9s. En outre, le plan donne acc\u00e8s \u00e0 une assistance technique exclusive, de sorte que vous disposez toujours d'une aide professionnelle pour votre syst\u00e8me de cam\u00e9ra modulaire.<\/p>","protected":false},"excerpt":{"rendered":"<ul>\n<li>Offre jusqu'\u00e0 2 remplacements \u00e0 bas prix sur une p\u00e9riode d'un an.<\/li>\n<li>Couverture compl\u00e8te pour les dommages caus\u00e9s par la chute, la collision et les d\u00e9g\u00e2ts des eaux.<\/li>\n<li>DJI Care Express pour un remplacement prioritaire et un temps d'arr\u00eat minimal.<\/li>\n<li>Comprend l'exp\u00e9dition gratuite (aller-retour) pour toutes les demandes de service.<\/li>\n<li>Garantie officielle DJI et assistance technique pendant toute la dur\u00e9e de l'appareil.<\/li>\n<\/ul>","protected":false},"featured_media":18426,"template":"","meta":{"_acf_changed":false},"product_brand":[],"product_cat":[175,1885],"product_tag":[],"class_list":{"0":"post-18425","1":"product","2":"type-product","3":"status-publish","4":"has-post-thumbnail","6":"product_cat-alle-care-refresh","7":"product_cat-dji-osmo-nano","8":"product_shipping_class-acsystemsall","9":"pa_brand-dji","10":"pa_producttype-serviceplan","11":"pa_series-osmo","13":"first","14":"instock","15":"taxable","16":"shipping-taxable","17":"purchasable","18":"product-type-simple"},"acf":[],"yoast_head":"<!-- This site is optimized with the Yoast SEO Premium plugin v27.2 (Yoast SEO v27.2) - https:\/\/yoast.com\/product\/yoast-seo-premium-wordpress\/ -->\n<title>DJI Osmo Nano - DJI Care Refresh 1-Year Plan Card - koningdrone.be<\/title>\n<meta name=\"robots\" content=\"index, follow, max-snippet:-1, max-image-preview:large, max-video-preview:-1\" \/>\n<link rel=\"canonical\" href=\"https:\/\/koningdrone.be\/fr\/produit\/dji-osmo-nano-dji-care-refresh-1-year-plan-card\/\" \/>\n<meta property=\"og:locale\" content=\"fr_FR\" \/>\n<meta property=\"og:type\" content=\"article\" \/>\n<meta property=\"og:title\" content=\"DJI Osmo Nano - DJI Care Refresh 1-Year Plan Card\" \/>\n<meta property=\"og:description\" content=\"Biedt tot 2 voordelige vervangingen binnen een periode van \u00e9\u00e9n jaar.  Volledige dekking voor valschade, botsingen en waterschade.  DJI Care Express voor prioriteit bij vervanging en minimale downtime.  Inclusief gratis verzending (heen en terug) voor alle service-aanvragen.  Offici\u00eble DJI-garantie en technische ondersteuning gedurende de looptijd.\" \/>\n<meta property=\"og:url\" content=\"https:\/\/koningdrone.be\/fr\/produit\/dji-osmo-nano-dji-care-refresh-1-year-plan-card\/\" \/>\n<meta property=\"og:site_name\" content=\"koningdrone.be\" \/>\n<meta property=\"article:modified_time\" content=\"2026-04-29T02:10:08+00:00\" \/>\n<meta property=\"og:image\" content=\"https:\/\/koningdrone.be\/wp-content\/uploads\/sites\/13\/2026\/04\/DJI-Osmo-Nano-DJI-Care-Refresh-Plan-Card.jpg\" \/>\n\t<meta property=\"og:image:width\" content=\"1280\" \/>\n\t<meta property=\"og:image:height\" content=\"1280\" \/>\n\t<meta property=\"og:image:type\" content=\"image\/jpeg\" \/>\n<meta name=\"twitter:card\" content=\"summary_large_image\" \/>\n<meta name=\"twitter:label1\" content=\"Dur\u00e9e de lecture est.\" \/>\n\t<meta name=\"twitter:data1\" content=\"1 minute\" \/>\n<script type=\"application\/ld+json\" class=\"yoast-schema-graph\">{\"@context\":\"https:\/\/schema.org\",\"@graph\":[{\"@type\":\"WebPage\",\"@id\":\"https:\/\/koningdrone.be\/product\/dji-osmo-nano-dji-care-refresh-1-year-plan-card\/\",\"url\":\"https:\/\/koningdrone.be\/product\/dji-osmo-nano-dji-care-refresh-1-year-plan-card\/\",\"name\":\"DJI Osmo Nano - DJI Care Refresh 1-Year Plan Card - koningdrone.be\",\"isPartOf\":{\"@id\":\"https:\/\/koningdrone.be\/#website\"},\"primaryImageOfPage\":{\"@id\":\"https:\/\/koningdrone.be\/product\/dji-osmo-nano-dji-care-refresh-1-year-plan-card\/#primaryimage\"},\"image\":{\"@id\":\"https:\/\/koningdrone.be\/product\/dji-osmo-nano-dji-care-refresh-1-year-plan-card\/#primaryimage\"},\"thumbnailUrl\":\"https:\/\/koningdrone.be\/wp-content\/uploads\/sites\/13\/2026\/04\/DJI-Osmo-Nano-DJI-Care-Refresh-Plan-Card.jpg\",\"datePublished\":\"2026-04-06T16:52:36+00:00\",\"dateModified\":\"2026-04-29T02:10:08+00:00\",\"breadcrumb\":{\"@id\":\"https:\/\/koningdrone.be\/product\/dji-osmo-nano-dji-care-refresh-1-year-plan-card\/#breadcrumb\"},\"inLanguage\":\"fr-BE\",\"potentialAction\":[{\"@type\":\"ReadAction\",\"target\":[\"https:\/\/koningdrone.be\/product\/dji-osmo-nano-dji-care-refresh-1-year-plan-card\/\"]}]},{\"@type\":\"ImageObject\",\"inLanguage\":\"fr-BE\",\"@id\":\"https:\/\/koningdrone.be\/product\/dji-osmo-nano-dji-care-refresh-1-year-plan-card\/#primaryimage\",\"url\":\"https:\/\/koningdrone.be\/wp-content\/uploads\/sites\/13\/2026\/04\/DJI-Osmo-Nano-DJI-Care-Refresh-Plan-Card.jpg\",\"contentUrl\":\"https:\/\/koningdrone.be\/wp-content\/uploads\/sites\/13\/2026\/04\/DJI-Osmo-Nano-DJI-Care-Refresh-Plan-Card.jpg\",\"width\":1280,\"height\":1280},{\"@type\":\"BreadcrumbList\",\"@id\":\"https:\/\/koningdrone.be\/product\/dji-osmo-nano-dji-care-refresh-1-year-plan-card\/#breadcrumb\",\"itemListElement\":[{\"@type\":\"ListItem\",\"position\":1,\"name\":\"Home\",\"item\":\"https:\/\/koningdrone.be\/\"},{\"@type\":\"ListItem\",\"position\":2,\"name\":\"AVSS Parachute Recovery System for DJI Matrice 300\/350\",\"item\":\"https:\/\/koningdrone.be\/product\/avss-parachute-recovery-system-for-dji-matrice-300-350\/\"},{\"@type\":\"ListItem\",\"position\":3,\"name\":\"Alle care refresh\",\"item\":\"https:\/\/koningdrone.be\/categorie\/alle-care-refresh\/\"},{\"@type\":\"ListItem\",\"position\":4,\"name\":\"DJI Osmo Nano &#8211; DJI Care Refresh 1-Year Plan Card\"}]},{\"@type\":\"WebSite\",\"@id\":\"https:\/\/koningdrone.be\/#website\",\"url\":\"https:\/\/koningdrone.be\/\",\"name\":\"Koningdrone.be - Uw online specialist in drones, gimbals, camera's en power stations.\",\"description\":\"De webshop in drones en gimbals\",\"publisher\":{\"@id\":\"https:\/\/koningdrone.be\/#organization\"},\"potentialAction\":[{\"@type\":\"SearchAction\",\"target\":{\"@type\":\"EntryPoint\",\"urlTemplate\":\"https:\/\/koningdrone.be\/?s={search_term_string}\"},\"query-input\":{\"@type\":\"PropertyValueSpecification\",\"valueRequired\":true,\"valueName\":\"search_term_string\"}}],\"inLanguage\":\"fr-BE\"},{\"@type\":\"Organization\",\"@id\":\"https:\/\/koningdrone.be\/#organization\",\"name\":\"Koningdrone.be\",\"url\":\"https:\/\/koningdrone.be\/\",\"logo\":{\"@type\":\"ImageObject\",\"inLanguage\":\"fr-BE\",\"@id\":\"https:\/\/koningdrone.be\/#\/schema\/logo\/image\/\",\"url\":\"https:\/\/koningdrone.be\/wp-content\/uploads\/sites\/13\/2025\/04\/koningdrone-copyright-logo.svg\",\"contentUrl\":\"https:\/\/koningdrone.be\/wp-content\/uploads\/sites\/13\/2025\/04\/koningdrone-copyright-logo.svg\",\"width\":227,\"height\":38,\"caption\":\"Koningdrone.be\"},\"image\":{\"@id\":\"https:\/\/koningdrone.be\/#\/schema\/logo\/image\/\"}}]}<\/script>\n<!-- \/ Yoast SEO Premium plugin. -->","yoast_head_json":{"title":"DJI Osmo Nano - DJI Care Refresh 1-Year Plan Card - koningdrone.be","robots":{"index":"index","follow":"follow","max-snippet":"max-snippet:-1","max-image-preview":"max-image-preview:large","max-video-preview":"max-video-preview:-1"},"canonical":"https:\/\/koningdrone.be\/fr\/produit\/dji-osmo-nano-dji-care-refresh-1-year-plan-card\/","og_locale":"fr_FR","og_type":"article","og_title":"DJI Osmo Nano - DJI Care Refresh 1-Year Plan Card","og_description":"Biedt tot 2 voordelige vervangingen binnen een periode van \u00e9\u00e9n jaar.  Volledige dekking voor valschade, botsingen en waterschade.  DJI Care Express voor prioriteit bij vervanging en minimale downtime.  Inclusief gratis verzending (heen en terug) voor alle service-aanvragen.  Offici\u00eble DJI-garantie en technische ondersteuning gedurende de looptijd.","og_url":"https:\/\/koningdrone.be\/fr\/produit\/dji-osmo-nano-dji-care-refresh-1-year-plan-card\/","og_site_name":"koningdrone.be","article_modified_time":"2026-04-29T02:10:08+00:00","og_image":[{"width":1280,"height":1280,"url":"https:\/\/koningdrone.be\/wp-content\/uploads\/sites\/13\/2026\/04\/DJI-Osmo-Nano-DJI-Care-Refresh-Plan-Card.jpg","type":"image\/jpeg"}],"twitter_card":"summary_large_image","twitter_misc":{"Dur\u00e9e de lecture est.":"1 minute"},"schema":{"@context":"https:\/\/schema.org","@graph":[{"@type":"WebPage","@id":"https:\/\/koningdrone.be\/product\/dji-osmo-nano-dji-care-refresh-1-year-plan-card\/","url":"https:\/\/koningdrone.be\/product\/dji-osmo-nano-dji-care-refresh-1-year-plan-card\/","name":"DJI Osmo Nano - DJI Care Refresh 1-Year Plan Card - koningdrone.be","isPartOf":{"@id":"https:\/\/koningdrone.be\/#website"},"primaryImageOfPage":{"@id":"https:\/\/koningdrone.be\/product\/dji-osmo-nano-dji-care-refresh-1-year-plan-card\/#primaryimage"},"image":{"@id":"https:\/\/koningdrone.be\/product\/dji-osmo-nano-dji-care-refresh-1-year-plan-card\/#primaryimage"},"thumbnailUrl":"https:\/\/koningdrone.be\/wp-content\/uploads\/sites\/13\/2026\/04\/DJI-Osmo-Nano-DJI-Care-Refresh-Plan-Card.jpg","datePublished":"2026-04-06T16:52:36+00:00","dateModified":"2026-04-29T02:10:08+00:00","breadcrumb":{"@id":"https:\/\/koningdrone.be\/product\/dji-osmo-nano-dji-care-refresh-1-year-plan-card\/#breadcrumb"},"inLanguage":"fr-BE","potentialAction":[{"@type":"ReadAction","target":["https:\/\/koningdrone.be\/product\/dji-osmo-nano-dji-care-refresh-1-year-plan-card\/"]}]},{"@type":"ImageObject","inLanguage":"fr-BE","@id":"https:\/\/koningdrone.be\/product\/dji-osmo-nano-dji-care-refresh-1-year-plan-card\/#primaryimage","url":"https:\/\/koningdrone.be\/wp-content\/uploads\/sites\/13\/2026\/04\/DJI-Osmo-Nano-DJI-Care-Refresh-Plan-Card.jpg","contentUrl":"https:\/\/koningdrone.be\/wp-content\/uploads\/sites\/13\/2026\/04\/DJI-Osmo-Nano-DJI-Care-Refresh-Plan-Card.jpg","width":1280,"height":1280},{"@type":"BreadcrumbList","@id":"https:\/\/koningdrone.be\/product\/dji-osmo-nano-dji-care-refresh-1-year-plan-card\/#breadcrumb","itemListElement":[{"@type":"ListItem","position":1,"name":"Home","item":"https:\/\/koningdrone.be\/"},{"@type":"ListItem","position":2,"name":"AVSS Parachute Recovery System for DJI Matrice 300\/350","item":"https:\/\/koningdrone.be\/product\/avss-parachute-recovery-system-for-dji-matrice-300-350\/"},{"@type":"ListItem","position":3,"name":"Alle care refresh","item":"https:\/\/koningdrone.be\/categorie\/alle-care-refresh\/"},{"@type":"ListItem","position":4,"name":"DJI Osmo Nano &#8211; DJI Care Refresh 1-Year Plan Card"}]},{"@type":"WebSite","@id":"https:\/\/koningdrone.be\/#website","url":"https:\/\/koningdrone.be\/","name":"Koningdrone.be - Votre sp\u00e9cialiste en ligne en mati\u00e8re de drones, de cardans, de cam\u00e9ras et de centrales \u00e9lectriques.","description":"La boutique en ligne de drones et de cardans","publisher":{"@id":"https:\/\/koningdrone.be\/#organization"},"potentialAction":[{"@type":"SearchAction","target":{"@type":"EntryPoint","urlTemplate":"https:\/\/koningdrone.be\/?s={search_term_string}"},"query-input":{"@type":"PropertyValueSpecification","valueRequired":true,"valueName":"search_term_string"}}],"inLanguage":"fr-BE"},{"@type":"Organization","@id":"https:\/\/koningdrone.be\/#organization","name":"Kingdrone.co.uk","url":"https:\/\/koningdrone.be\/","logo":{"@type":"ImageObject","inLanguage":"fr-BE","@id":"https:\/\/koningdrone.be\/#\/schema\/logo\/image\/","url":"https:\/\/koningdrone.be\/wp-content\/uploads\/sites\/13\/2025\/04\/koningdrone-copyright-logo.svg","contentUrl":"https:\/\/koningdrone.be\/wp-content\/uploads\/sites\/13\/2025\/04\/koningdrone-copyright-logo.svg","width":227,"height":38,"caption":"Koningdrone.be"},"image":{"@id":"https:\/\/koningdrone.be\/#\/schema\/logo\/image\/"}}]}},"df_price":29,"df_sale_price":"","df_regular_price":29,"df_image_link":"https:\/\/koningdrone.be\/wp-content\/uploads\/sites\/13\/2026\/04\/DJI-Osmo-Nano-DJI-Care-Refresh-Plan-Card-300x300.jpg","_links":{"self":[{"href":"https:\/\/koningdrone.be\/fr\/wp-json\/wp\/v2\/product\/18425","targetHints":{"allow":["GET"]}}],"collection":[{"href":"https:\/\/koningdrone.be\/fr\/wp-json\/wp\/v2\/product"}],"about":[{"href":"https:\/\/koningdrone.be\/fr\/wp-json\/wp\/v2\/types\/product"}],"wp:featuredmedia":[{"embeddable":true,"href":"https:\/\/koningdrone.be\/fr\/wp-json\/wp\/v2\/media\/18426"}],"wp:attachment":[{"href":"https:\/\/koningdrone.be\/fr\/wp-json\/wp\/v2\/media?parent=18425"}],"wp:term":[{"taxonomy":"product_brand","embeddable":true,"href":"https:\/\/koningdrone.be\/fr\/wp-json\/wp\/v2\/product_brand?post=18425"},{"taxonomy":"product_cat","embeddable":true,"href":"https:\/\/koningdrone.be\/fr\/wp-json\/wp\/v2\/product_cat?post=18425"},{"taxonomy":"product_tag","embeddable":true,"href":"https:\/\/koningdrone.be\/fr\/wp-json\/wp\/v2\/product_tag?post=18425"}],"curies":[{"name":"wp","href":"https:\/\/api.w.org\/{rel}","templated":true}]}}