{"id":18405,"date":"2026-04-06T18:52:03","date_gmt":"2026-04-06T16:52:03","guid":{"rendered":"https:\/\/koningdrone.be\/?post_type=product&#038;p=18405"},"modified":"2026-04-29T04:10:02","modified_gmt":"2026-04-29T02:10:02","slug":"dji-care-refresh-1-year-plan-card-dji-mavic-4-pro","status":"publish","type":"product","link":"https:\/\/koningdrone.be\/fr\/produit\/dji-care-refresh-1-year-plan-card-dji-mavic-4-pro\/","title":{"rendered":"Carte d'abonnement d'un an DJI Care Refresh - DJI Mavic 4 Pro"},"content":{"rendered":"<h3>Carte d'abonnement d'un an DJI Care Refresh - DJI Mavic 4 Pro<\/h3>\n<p>Le plan DJI Care Refresh 1 an est un service de protection complet et fiable con\u00e7u sp\u00e9cifiquement pour le DJI Mavic 4 Pro. Ce plan offre une tranquillit\u00e9 d'esprit en couvrant les dommages impr\u00e9vus non couverts par la garantie standard, ce qui vous permet de repousser les limites de votre cr\u00e9ativit\u00e9 dans le ciel. C'est un investissement essentiel pour les cin\u00e9astes professionnels comme pour les pilotes enthousiastes qui souhaitent minimiser les temps d'arr\u00eat et prot\u00e9ger leur \u00e9quipement de haute qualit\u00e9.<\/p>\n<h4>Performance et fonctionnalit\u00e9<\/h4>\n<p>Ce plan de service offre jusqu'\u00e0 deux remplacements \u00e0 bas prix en l'espace d'un an, y compris une couverture pour les collisions, les d\u00e9g\u00e2ts des eaux et l'usure naturelle. L'une des caract\u00e9ristiques notables est la \u201ccouverture Flyaway\u201d, qui vous permet de remplacer votre drone \u00e0 un co\u00fbt nettement inf\u00e9rieur, m\u00eame si l'appareil est perdu en vol et ne peut pas \u00eatre r\u00e9cup\u00e9r\u00e9. En utilisant l'option DJI Care Express, les utilisateurs peuvent \u00e9viter le processus d'\u00e9valuation des dommages et recevoir un appareil de remplacement d\u00e8s que DJI re\u00e7oit le mat\u00e9riel endommag\u00e9.<\/p>\n<p><a href=\"https:\/\/koningdrone.nl\/wp-content\/uploads\/2026\/04\/DJI-Care-Refresh-1-Year-Plan-Card-DJI-Mavic-4-Pro.jpg\"><img loading=\"lazy\" decoding=\"async\" class=\"size-medium wp-image-471782 aligncenter\" src=\"https:\/\/koningdrone.nl\/wp-content\/uploads\/2026\/04\/DJI-Care-Refresh-1-Year-Plan-Card-DJI-Mavic-4-Pro-300x300.jpg\" alt=\"DJI Care Refresh 1-Year Plan Card - DJI Mavic 4 Pro\" width=\"300\" height=\"300\" \/><\/a><\/p>\n<h4>Qualit\u00e9 de construction et conception<\/h4>\n<p>En tant que carte d'activation physique, ce produit constitue un moyen s\u00fbr et tangible d'enregistrer votre service. Apr\u00e8s l'activation, le plan donne acc\u00e8s au r\u00e9seau de service mondial de DJI, garantissant une assistance professionnelle et des r\u00e9parations officielles o\u00f9 que vous soyez. Les unit\u00e9s de remplacement sont garanties comme \u00e9tant neuves ou \u00e9quivalentes \u00e0 des unit\u00e9s neuves en termes de performances et de fiabilit\u00e9. De plus, DJI prend en charge tous les frais d'exp\u00e9dition aller-retour pour les demandes de remplacement, ce qui rend la logistique des r\u00e9parations totalement exempte de tracas.<\/p>\n<h4>Pourquoi vous en avez besoin ?<\/h4>\n<p>Les drones sont des instruments de pr\u00e9cision qui fonctionnent dans des environnements impr\u00e9visibles. DJI Care Refresh \u00e9limine l'anxi\u00e9t\u00e9 financi\u00e8re d'un accident ou d'une perte potentielle, vous permettant de vous concentrer pleinement sur la capture d'images parfaites. Avec son d\u00e9lai de remplacement rapide et sa couverture compl\u00e8te (y compris pour l'eau et les chutes), c'est le filet de s\u00e9curit\u00e9 ultime qui permet \u00e0 votre Mavic 4 Pro de rester en l'air et \u00e0 votre production de respecter le calendrier.<\/p>","protected":false},"excerpt":{"rendered":"<ul>\n<li>Offre deux remplacements \u00e0 bas prix en un an, y compris une couverture pour les collisions et les d\u00e9g\u00e2ts des eaux.<\/li>\n<li>Comprend une couverture en cas de perte du drone en vol.<\/li>\n<li>L'option DJI Care Express garantit une prise en charge tr\u00e8s rapide, sans longues inspections des dommages.<\/li>\n<li>Envoi gratuit dans les deux sens pour toutes les demandes de remplacement pendant la p\u00e9riode de service.<\/li>\n<li>La garantie officielle de DJI est maintenue et soutenue par une \u00e9quipe de service technique exclusive.<\/li>\n<\/ul>","protected":false},"featured_media":18406,"template":"","meta":{"_acf_changed":false},"product_brand":[],"product_cat":[175,1415],"product_tag":[],"class_list":{"0":"post-18405","1":"product","2":"type-product","3":"status-publish","4":"has-post-thumbnail","6":"product_cat-alle-care-refresh","7":"product_cat-dji-mavic-4-pro","8":"product_shipping_class-acsystemsall","9":"pa_brand-dji","10":"pa_producttype-serviceplan","12":"first","13":"instock","14":"taxable","15":"shipping-taxable","16":"purchasable","17":"product-type-simple"},"acf":[],"yoast_head":"<!-- This site is optimized with the Yoast SEO Premium plugin v27.2 (Yoast SEO v27.2) - https:\/\/yoast.com\/product\/yoast-seo-premium-wordpress\/ -->\n<title>DJI Care Refresh 1-Year Plan Card - DJI Mavic 4 Pro - koningdrone.be<\/title>\n<meta name=\"robots\" content=\"index, follow, max-snippet:-1, max-image-preview:large, max-video-preview:-1\" \/>\n<link rel=\"canonical\" href=\"https:\/\/koningdrone.be\/fr\/produit\/dji-care-refresh-1-year-plan-card-dji-mavic-4-pro\/\" \/>\n<meta property=\"og:locale\" content=\"fr_FR\" \/>\n<meta property=\"og:type\" content=\"article\" \/>\n<meta property=\"og:title\" content=\"DJI Care Refresh 1-Year Plan Card - DJI Mavic 4 Pro\" \/>\n<meta property=\"og:description\" content=\"Biedt 2 voordelige vervangingen in \u00e9\u00e9n jaar, inclusief dekking voor botsingen en waterschade.  Inclusief Flyaway-dekking voor situaties waarin de drone tijdens de vlucht verloren gaat.  DJI Care Express-optie zorgt voor een zeer snelle afhandeling zonder langdurige schade-inspecties.  Gratis verzending in beide richtingen voor alle vervangingsaanvragen binnen de serviceperiode.  Offici\u00eble DJI-garantie blijft behouden en wordt ondersteund door een exclusief technisch serviceteam.\" \/>\n<meta property=\"og:url\" content=\"https:\/\/koningdrone.be\/fr\/produit\/dji-care-refresh-1-year-plan-card-dji-mavic-4-pro\/\" \/>\n<meta property=\"og:site_name\" content=\"koningdrone.be\" \/>\n<meta property=\"article:modified_time\" content=\"2026-04-29T02:10:02+00:00\" \/>\n<meta property=\"og:image\" content=\"https:\/\/koningdrone.be\/wp-content\/uploads\/sites\/13\/2026\/04\/DJI-Care-Refresh-1-Year-Plan-Card-DJI-Mavic-4-Pro.jpg\" \/>\n\t<meta property=\"og:image:width\" content=\"2560\" \/>\n\t<meta property=\"og:image:height\" content=\"2560\" \/>\n\t<meta property=\"og:image:type\" content=\"image\/jpeg\" \/>\n<meta name=\"twitter:card\" content=\"summary_large_image\" \/>\n<meta name=\"twitter:label1\" content=\"Dur\u00e9e de lecture est.\" \/>\n\t<meta name=\"twitter:data1\" content=\"2 minutes\" \/>\n<script type=\"application\/ld+json\" class=\"yoast-schema-graph\">{\"@context\":\"https:\/\/schema.org\",\"@graph\":[{\"@type\":\"WebPage\",\"@id\":\"https:\/\/koningdrone.be\/product\/dji-care-refresh-1-year-plan-card-dji-mavic-4-pro\/\",\"url\":\"https:\/\/koningdrone.be\/product\/dji-care-refresh-1-year-plan-card-dji-mavic-4-pro\/\",\"name\":\"DJI Care Refresh 1-Year Plan Card - DJI Mavic 4 Pro - koningdrone.be\",\"isPartOf\":{\"@id\":\"https:\/\/koningdrone.be\/#website\"},\"primaryImageOfPage\":{\"@id\":\"https:\/\/koningdrone.be\/product\/dji-care-refresh-1-year-plan-card-dji-mavic-4-pro\/#primaryimage\"},\"image\":{\"@id\":\"https:\/\/koningdrone.be\/product\/dji-care-refresh-1-year-plan-card-dji-mavic-4-pro\/#primaryimage\"},\"thumbnailUrl\":\"https:\/\/koningdrone.be\/wp-content\/uploads\/sites\/13\/2026\/04\/DJI-Care-Refresh-1-Year-Plan-Card-DJI-Mavic-4-Pro.jpg\",\"datePublished\":\"2026-04-06T16:52:03+00:00\",\"dateModified\":\"2026-04-29T02:10:02+00:00\",\"breadcrumb\":{\"@id\":\"https:\/\/koningdrone.be\/product\/dji-care-refresh-1-year-plan-card-dji-mavic-4-pro\/#breadcrumb\"},\"inLanguage\":\"fr-BE\",\"potentialAction\":[{\"@type\":\"ReadAction\",\"target\":[\"https:\/\/koningdrone.be\/product\/dji-care-refresh-1-year-plan-card-dji-mavic-4-pro\/\"]}]},{\"@type\":\"ImageObject\",\"inLanguage\":\"fr-BE\",\"@id\":\"https:\/\/koningdrone.be\/product\/dji-care-refresh-1-year-plan-card-dji-mavic-4-pro\/#primaryimage\",\"url\":\"https:\/\/koningdrone.be\/wp-content\/uploads\/sites\/13\/2026\/04\/DJI-Care-Refresh-1-Year-Plan-Card-DJI-Mavic-4-Pro.jpg\",\"contentUrl\":\"https:\/\/koningdrone.be\/wp-content\/uploads\/sites\/13\/2026\/04\/DJI-Care-Refresh-1-Year-Plan-Card-DJI-Mavic-4-Pro.jpg\",\"width\":2560,\"height\":2560},{\"@type\":\"BreadcrumbList\",\"@id\":\"https:\/\/koningdrone.be\/product\/dji-care-refresh-1-year-plan-card-dji-mavic-4-pro\/#breadcrumb\",\"itemListElement\":[{\"@type\":\"ListItem\",\"position\":1,\"name\":\"Home\",\"item\":\"https:\/\/koningdrone.be\/\"},{\"@type\":\"ListItem\",\"position\":2,\"name\":\"AVSS Parachute Recovery System for DJI Matrice 300\/350\",\"item\":\"https:\/\/koningdrone.be\/product\/avss-parachute-recovery-system-for-dji-matrice-300-350\/\"},{\"@type\":\"ListItem\",\"position\":3,\"name\":\"Alle care refresh\",\"item\":\"https:\/\/koningdrone.be\/categorie\/alle-care-refresh\/\"},{\"@type\":\"ListItem\",\"position\":4,\"name\":\"DJI Care Refresh 1-Year Plan Card &#8211; DJI Mavic 4 Pro\"}]},{\"@type\":\"WebSite\",\"@id\":\"https:\/\/koningdrone.be\/#website\",\"url\":\"https:\/\/koningdrone.be\/\",\"name\":\"Koningdrone.be - Uw online specialist in drones, gimbals, camera's en power stations.\",\"description\":\"De webshop in drones en gimbals\",\"publisher\":{\"@id\":\"https:\/\/koningdrone.be\/#organization\"},\"potentialAction\":[{\"@type\":\"SearchAction\",\"target\":{\"@type\":\"EntryPoint\",\"urlTemplate\":\"https:\/\/koningdrone.be\/?s={search_term_string}\"},\"query-input\":{\"@type\":\"PropertyValueSpecification\",\"valueRequired\":true,\"valueName\":\"search_term_string\"}}],\"inLanguage\":\"fr-BE\"},{\"@type\":\"Organization\",\"@id\":\"https:\/\/koningdrone.be\/#organization\",\"name\":\"Koningdrone.be\",\"url\":\"https:\/\/koningdrone.be\/\",\"logo\":{\"@type\":\"ImageObject\",\"inLanguage\":\"fr-BE\",\"@id\":\"https:\/\/koningdrone.be\/#\/schema\/logo\/image\/\",\"url\":\"https:\/\/koningdrone.be\/wp-content\/uploads\/sites\/13\/2025\/04\/koningdrone-copyright-logo.svg\",\"contentUrl\":\"https:\/\/koningdrone.be\/wp-content\/uploads\/sites\/13\/2025\/04\/koningdrone-copyright-logo.svg\",\"width\":227,\"height\":38,\"caption\":\"Koningdrone.be\"},\"image\":{\"@id\":\"https:\/\/koningdrone.be\/#\/schema\/logo\/image\/\"}}]}<\/script>\n<!-- \/ Yoast SEO Premium plugin. -->","yoast_head_json":{"title":"DJI Care Refresh 1-Year Plan Card - DJI Mavic 4 Pro - koningdrone.be","robots":{"index":"index","follow":"follow","max-snippet":"max-snippet:-1","max-image-preview":"max-image-preview:large","max-video-preview":"max-video-preview:-1"},"canonical":"https:\/\/koningdrone.be\/fr\/produit\/dji-care-refresh-1-year-plan-card-dji-mavic-4-pro\/","og_locale":"fr_FR","og_type":"article","og_title":"DJI Care Refresh 1-Year Plan Card - DJI Mavic 4 Pro","og_description":"Biedt 2 voordelige vervangingen in \u00e9\u00e9n jaar, inclusief dekking voor botsingen en waterschade.  Inclusief Flyaway-dekking voor situaties waarin de drone tijdens de vlucht verloren gaat.  DJI Care Express-optie zorgt voor een zeer snelle afhandeling zonder langdurige schade-inspecties.  Gratis verzending in beide richtingen voor alle vervangingsaanvragen binnen de serviceperiode.  Offici\u00eble DJI-garantie blijft behouden en wordt ondersteund door een exclusief technisch serviceteam.","og_url":"https:\/\/koningdrone.be\/fr\/produit\/dji-care-refresh-1-year-plan-card-dji-mavic-4-pro\/","og_site_name":"koningdrone.be","article_modified_time":"2026-04-29T02:10:02+00:00","og_image":[{"width":2560,"height":2560,"url":"https:\/\/koningdrone.be\/wp-content\/uploads\/sites\/13\/2026\/04\/DJI-Care-Refresh-1-Year-Plan-Card-DJI-Mavic-4-Pro.jpg","type":"image\/jpeg"}],"twitter_card":"summary_large_image","twitter_misc":{"Dur\u00e9e de lecture est.":"2 minutes"},"schema":{"@context":"https:\/\/schema.org","@graph":[{"@type":"WebPage","@id":"https:\/\/koningdrone.be\/product\/dji-care-refresh-1-year-plan-card-dji-mavic-4-pro\/","url":"https:\/\/koningdrone.be\/product\/dji-care-refresh-1-year-plan-card-dji-mavic-4-pro\/","name":"DJI Care Refresh 1-Year Plan Card - DJI Mavic 4 Pro - koningdrone.be","isPartOf":{"@id":"https:\/\/koningdrone.be\/#website"},"primaryImageOfPage":{"@id":"https:\/\/koningdrone.be\/product\/dji-care-refresh-1-year-plan-card-dji-mavic-4-pro\/#primaryimage"},"image":{"@id":"https:\/\/koningdrone.be\/product\/dji-care-refresh-1-year-plan-card-dji-mavic-4-pro\/#primaryimage"},"thumbnailUrl":"https:\/\/koningdrone.be\/wp-content\/uploads\/sites\/13\/2026\/04\/DJI-Care-Refresh-1-Year-Plan-Card-DJI-Mavic-4-Pro.jpg","datePublished":"2026-04-06T16:52:03+00:00","dateModified":"2026-04-29T02:10:02+00:00","breadcrumb":{"@id":"https:\/\/koningdrone.be\/product\/dji-care-refresh-1-year-plan-card-dji-mavic-4-pro\/#breadcrumb"},"inLanguage":"fr-BE","potentialAction":[{"@type":"ReadAction","target":["https:\/\/koningdrone.be\/product\/dji-care-refresh-1-year-plan-card-dji-mavic-4-pro\/"]}]},{"@type":"ImageObject","inLanguage":"fr-BE","@id":"https:\/\/koningdrone.be\/product\/dji-care-refresh-1-year-plan-card-dji-mavic-4-pro\/#primaryimage","url":"https:\/\/koningdrone.be\/wp-content\/uploads\/sites\/13\/2026\/04\/DJI-Care-Refresh-1-Year-Plan-Card-DJI-Mavic-4-Pro.jpg","contentUrl":"https:\/\/koningdrone.be\/wp-content\/uploads\/sites\/13\/2026\/04\/DJI-Care-Refresh-1-Year-Plan-Card-DJI-Mavic-4-Pro.jpg","width":2560,"height":2560},{"@type":"BreadcrumbList","@id":"https:\/\/koningdrone.be\/product\/dji-care-refresh-1-year-plan-card-dji-mavic-4-pro\/#breadcrumb","itemListElement":[{"@type":"ListItem","position":1,"name":"Home","item":"https:\/\/koningdrone.be\/"},{"@type":"ListItem","position":2,"name":"AVSS Parachute Recovery System for DJI Matrice 300\/350","item":"https:\/\/koningdrone.be\/product\/avss-parachute-recovery-system-for-dji-matrice-300-350\/"},{"@type":"ListItem","position":3,"name":"Alle care refresh","item":"https:\/\/koningdrone.be\/categorie\/alle-care-refresh\/"},{"@type":"ListItem","position":4,"name":"DJI Care Refresh 1-Year Plan Card &#8211; DJI Mavic 4 Pro"}]},{"@type":"WebSite","@id":"https:\/\/koningdrone.be\/#website","url":"https:\/\/koningdrone.be\/","name":"Koningdrone.be - Votre sp\u00e9cialiste en ligne en mati\u00e8re de drones, de cardans, de cam\u00e9ras et de centrales \u00e9lectriques.","description":"La boutique en ligne de drones et de cardans","publisher":{"@id":"https:\/\/koningdrone.be\/#organization"},"potentialAction":[{"@type":"SearchAction","target":{"@type":"EntryPoint","urlTemplate":"https:\/\/koningdrone.be\/?s={search_term_string}"},"query-input":{"@type":"PropertyValueSpecification","valueRequired":true,"valueName":"search_term_string"}}],"inLanguage":"fr-BE"},{"@type":"Organization","@id":"https:\/\/koningdrone.be\/#organization","name":"Kingdrone.co.uk","url":"https:\/\/koningdrone.be\/","logo":{"@type":"ImageObject","inLanguage":"fr-BE","@id":"https:\/\/koningdrone.be\/#\/schema\/logo\/image\/","url":"https:\/\/koningdrone.be\/wp-content\/uploads\/sites\/13\/2025\/04\/koningdrone-copyright-logo.svg","contentUrl":"https:\/\/koningdrone.be\/wp-content\/uploads\/sites\/13\/2025\/04\/koningdrone-copyright-logo.svg","width":227,"height":38,"caption":"Koningdrone.be"},"image":{"@id":"https:\/\/koningdrone.be\/#\/schema\/logo\/image\/"}}]}},"df_price":223,"df_sale_price":"","df_regular_price":223,"df_image_link":"https:\/\/koningdrone.be\/wp-content\/uploads\/sites\/13\/2026\/04\/DJI-Care-Refresh-1-Year-Plan-Card-DJI-Mavic-4-Pro-300x300.jpg","_links":{"self":[{"href":"https:\/\/koningdrone.be\/fr\/wp-json\/wp\/v2\/product\/18405","targetHints":{"allow":["GET"]}}],"collection":[{"href":"https:\/\/koningdrone.be\/fr\/wp-json\/wp\/v2\/product"}],"about":[{"href":"https:\/\/koningdrone.be\/fr\/wp-json\/wp\/v2\/types\/product"}],"wp:featuredmedia":[{"embeddable":true,"href":"https:\/\/koningdrone.be\/fr\/wp-json\/wp\/v2\/media\/18406"}],"wp:attachment":[{"href":"https:\/\/koningdrone.be\/fr\/wp-json\/wp\/v2\/media?parent=18405"}],"wp:term":[{"taxonomy":"product_brand","embeddable":true,"href":"https:\/\/koningdrone.be\/fr\/wp-json\/wp\/v2\/product_brand?post=18405"},{"taxonomy":"product_cat","embeddable":true,"href":"https:\/\/koningdrone.be\/fr\/wp-json\/wp\/v2\/product_cat?post=18405"},{"taxonomy":"product_tag","embeddable":true,"href":"https:\/\/koningdrone.be\/fr\/wp-json\/wp\/v2\/product_tag?post=18405"}],"curies":[{"name":"wp","href":"https:\/\/api.w.org\/{rel}","templated":true}]}}