{"id":18398,"date":"2025-10-06T10:24:11","date_gmt":"2025-10-06T08:24:11","guid":{"rendered":"https:\/\/koningdrone.be\/product\/manifold-3\/"},"modified":"2026-04-29T03:31:08","modified_gmt":"2026-04-29T01:31:08","slug":"manifold-3","status":"publish","type":"product","link":"https:\/\/koningdrone.be\/fr\/produit\/manifold-3\/","title":{"rendered":"Collecteur 3"},"content":{"rendered":"<h3>Collecteur 3<\/h3>\n<p><iframe loading=\"lazy\" title=\"Les nouveaux modules DJI Manifold 3 et OSM pour Matrice 4 Enterprise sont arriv\u00e9s !\" width=\"800\" height=\"450\" src=\"https:\/\/www.youtube.com\/embed\/Nj4kUKe4AqU?feature=oembed&#038;enablejsapi=1&#038;origin=https:\/\/koningdrone.be\" frameborder=\"0\" allow=\"accelerometer; autoplay; clipboard-write; encrypted-media; gyroscope; picture-in-picture; web-share\" referrerpolicy=\"strict-origin-when-cross-origin\" allowfullscreen><\/iframe><\/p>\n<p style=\"margin-top: 20px\">Le <strong>DJI Manifold 3<\/strong> est un puissant <strong>module informatique embarqu\u00e9<\/strong> qui est sp\u00e9cialement con\u00e7u pour les drones d'entreprise DJI tels que les s\u00e9ries Matrice 400 et Matrice 4. L'appareil offre une puissance de calcul impressionnante allant jusqu'\u00e0 <strong>100 TOPS<\/strong> dans un bo\u00eetier compact et l\u00e9ger, permettant le traitement des donn\u00e9es en temps r\u00e9el, l'analyse de l'IA et l'ex\u00e9cution de t\u00e2ches complexes directement \u00e0 bord.<\/p>\n<p style=\"margin-bottom: 20px\">Ce module est con\u00e7u pour les professionnels qui souhaitent automatiser et acc\u00e9l\u00e9rer les flux de travail avanc\u00e9s lors des inspections, des missions de cartographie, des t\u00e2ches de s\u00e9curit\u00e9 ou d'autres applications industrielles o\u00f9 la rapidit\u00e9 du traitement et de l'analyse des donn\u00e9es est cruciale.<\/p>\n<p><a href=\"https:\/\/koningdrone.nl\/wp-content\/uploads\/2025\/10\/Manifold-3-Product.jpg\"><img loading=\"lazy\" decoding=\"async\" class=\"size-full wp-image-467463 aligncenter\" src=\"https:\/\/koningdrone.nl\/wp-content\/uploads\/2025\/10\/Manifold-3-Product.jpg\" alt=\"Manifold 3 Product\" width=\"1200\" height=\"800\" \/><\/a><\/p>\n<h4>Performance et fonctionnalit\u00e9<\/h4>\n<p>Le Manifold 3 pr\u00e9sente les caract\u00e9ristiques suivantes <strong>16 Go de m\u00e9moire LPDDR5<\/strong> et <strong>256 Go de stockage SSD<\/strong>, ce qui permet de traiter et de stocker rapidement de grandes quantit\u00e9s de donn\u00e9es. Gr\u00e2ce \u00e0 la prise en charge de l'int\u00e9gration de cadres tels que le SDK Payload de DJI, les d\u00e9veloppeurs peuvent cr\u00e9er et ex\u00e9cuter des applications personnalis\u00e9es directement \u00e0 partir de la plateforme.<\/p>\n<p>Le module prend en charge les interfaces de donn\u00e9es via <strong>E-Port V2 pour drones DJI<\/strong> et <strong>USB-C (USB 3.2 Gen 1)<\/strong> avec Power Delivery, offrant un transfert de donn\u00e9es rapide et des options d'extension externe.<\/p>\n<h4>Qualit\u00e9 de construction et conception<\/h4>\n<p>Pesant seulement <strong>120 \u00b15 g<\/strong> Gr\u00e2ce \u00e0 ses dimensions compactes, le Manifold 3 s'adapte parfaitement aux plates-formes de drones prises en charge, sans affecter de mani\u00e8re significative les performances ou le temps de vol. Le bo\u00eetier IP55 offre une protection contre la poussi\u00e8re et les \u00e9claboussures d'eau, ce qui permet de l'utiliser dans une grande vari\u00e9t\u00e9 d'environnements et de conditions d'exploitation.<\/p>\n<p><a href=\"https:\/\/koningdrone.nl\/wp-content\/uploads\/2025\/10\/Product-Manifold-3.webp\"><img loading=\"lazy\" decoding=\"async\" class=\"aligncenter wp-image-467462 size-medium\" src=\"https:\/\/koningdrone.nl\/wp-content\/uploads\/2025\/10\/Product-Manifold-3-300x300.webp\" alt=\"\" width=\"300\" height=\"300\" \/><\/a><\/p>\n<h4>Pourquoi vous en avez besoin<\/h4>\n<p>Si votre travail n\u00e9cessite l'analyse de donn\u00e9es en temps r\u00e9el, le traitement de l'IA ou des flux de travail autonomes avanc\u00e9s, le DJI Manifold 3 fournit la puissance de calcul n\u00e9cessaire directement \u00e0 bord de votre drone. Cela acc\u00e9l\u00e8re le traitement des donn\u00e9es, r\u00e9duit la latence et vous permet d'effectuer des t\u00e2ches complexes sans stations au sol externes ni traitement apr\u00e8s le vol.<\/p>","protected":false},"excerpt":{"rendered":"<ul>\n<li>Module informatique embarqu\u00e9 tr\u00e8s puissant avec jusqu'\u00e0 100 TOPS de puissance de calcul<\/li>\n<li>Conception compacte et l\u00e9g\u00e8re (environ 120 g)<\/li>\n<li>16 Go de RAM et 256 Go de SSD pour un traitement et un stockage rapides des donn\u00e9es<\/li>\n<li>Interfaces multiples, y compris E-Port V2 et USB-C<\/li>\n<li>Protection robuste IP55 pour la fiabilit\u00e9 dans les conditions de terrain<\/li>\n<\/ul>","protected":false},"featured_media":18395,"template":"","meta":{"_acf_changed":false},"product_brand":[],"product_cat":[98,1583,1881],"product_tag":[],"class_list":{"0":"post-18398","1":"product","2":"type-product","3":"status-publish","4":"has-post-thumbnail","6":"product_cat-dji-matrice-4","7":"product_cat-dji-matrice-400","8":"product_cat-manifold-3","9":"product_shipping_class-uavspacesall","10":"pa_brand-dji","11":"pa_producttype-boordcomputer","13":"first","14":"instock","15":"taxable","16":"shipping-taxable","17":"purchasable","18":"product-type-simple"},"acf":[],"yoast_head":"<!-- This site is optimized with the Yoast SEO Premium plugin v27.2 (Yoast SEO v27.2) - https:\/\/yoast.com\/product\/yoast-seo-premium-wordpress\/ -->\n<title>Manifold 3 - koningdrone.be<\/title>\n<meta name=\"robots\" content=\"index, follow, max-snippet:-1, max-image-preview:large, max-video-preview:-1\" \/>\n<link rel=\"canonical\" href=\"https:\/\/koningdrone.be\/fr\/produit\/manifold-3\/\" \/>\n<meta property=\"og:locale\" content=\"fr_FR\" \/>\n<meta property=\"og:type\" content=\"article\" \/>\n<meta property=\"og:title\" content=\"Manifold 3\" \/>\n<meta property=\"og:description\" content=\"Zeer krachtige onboard computer module met tot 100\u202fTOPS rekenvermogen  Compact en lichtgewicht ontwerp (ca. 120\u202fg)  16\u202fGB RAM en 256\u202fGB SSD voor snelle data\u2011verwerking en opslag  Meerdere interfaces waaronder E\u2011Port V2 en USB\u2011C  Robuuste IP55\u2011bescherming voor betrouwbaarheid in veldomstandigheden\" \/>\n<meta property=\"og:url\" content=\"https:\/\/koningdrone.be\/fr\/produit\/manifold-3\/\" \/>\n<meta property=\"og:site_name\" content=\"koningdrone.be\" \/>\n<meta property=\"article:modified_time\" content=\"2026-04-29T01:31:08+00:00\" \/>\n<meta property=\"og:image\" content=\"https:\/\/koningdrone.be\/wp-content\/uploads\/sites\/13\/2026\/04\/Manifold-3.webp\" \/>\n\t<meta property=\"og:image:width\" content=\"2048\" \/>\n\t<meta property=\"og:image:height\" content=\"2048\" \/>\n\t<meta property=\"og:image:type\" content=\"image\/webp\" \/>\n<meta name=\"twitter:card\" content=\"summary_large_image\" \/>\n<meta name=\"twitter:label1\" content=\"Dur\u00e9e de lecture est.\" \/>\n\t<meta name=\"twitter:data1\" content=\"1 minute\" \/>\n<script type=\"application\/ld+json\" class=\"yoast-schema-graph\">{\"@context\":\"https:\/\/schema.org\",\"@graph\":[{\"@type\":\"WebPage\",\"@id\":\"https:\/\/koningdrone.be\/product\/manifold-3\/\",\"url\":\"https:\/\/koningdrone.be\/product\/manifold-3\/\",\"name\":\"Manifold 3 - koningdrone.be\",\"isPartOf\":{\"@id\":\"https:\/\/koningdrone.be\/#website\"},\"primaryImageOfPage\":{\"@id\":\"https:\/\/koningdrone.be\/product\/manifold-3\/#primaryimage\"},\"image\":{\"@id\":\"https:\/\/koningdrone.be\/product\/manifold-3\/#primaryimage\"},\"thumbnailUrl\":\"https:\/\/koningdrone.be\/wp-content\/uploads\/sites\/13\/2026\/04\/Manifold-3.webp\",\"datePublished\":\"2025-10-06T08:24:11+00:00\",\"dateModified\":\"2026-04-29T01:31:08+00:00\",\"breadcrumb\":{\"@id\":\"https:\/\/koningdrone.be\/product\/manifold-3\/#breadcrumb\"},\"inLanguage\":\"fr-BE\",\"potentialAction\":[{\"@type\":\"ReadAction\",\"target\":[\"https:\/\/koningdrone.be\/product\/manifold-3\/\"]}]},{\"@type\":\"ImageObject\",\"inLanguage\":\"fr-BE\",\"@id\":\"https:\/\/koningdrone.be\/product\/manifold-3\/#primaryimage\",\"url\":\"https:\/\/koningdrone.be\/wp-content\/uploads\/sites\/13\/2026\/04\/Manifold-3.webp\",\"contentUrl\":\"https:\/\/koningdrone.be\/wp-content\/uploads\/sites\/13\/2026\/04\/Manifold-3.webp\",\"width\":2048,\"height\":2048},{\"@type\":\"BreadcrumbList\",\"@id\":\"https:\/\/koningdrone.be\/product\/manifold-3\/#breadcrumb\",\"itemListElement\":[{\"@type\":\"ListItem\",\"position\":1,\"name\":\"Home\",\"item\":\"https:\/\/koningdrone.be\/\"},{\"@type\":\"ListItem\",\"position\":2,\"name\":\"AVSS Parachute Recovery System for DJI Matrice 300\/350\",\"item\":\"https:\/\/koningdrone.be\/product\/avss-parachute-recovery-system-for-dji-matrice-300-350\/\"},{\"@type\":\"ListItem\",\"position\":3,\"name\":\"DJI Matrice 4\",\"item\":\"https:\/\/koningdrone.be\/categorie\/dji-matrice-4\/\"},{\"@type\":\"ListItem\",\"position\":4,\"name\":\"Manifold 3\"}]},{\"@type\":\"WebSite\",\"@id\":\"https:\/\/koningdrone.be\/#website\",\"url\":\"https:\/\/koningdrone.be\/\",\"name\":\"Koningdrone.be - Uw online specialist in drones, gimbals, camera's en power stations.\",\"description\":\"De webshop in drones en gimbals\",\"publisher\":{\"@id\":\"https:\/\/koningdrone.be\/#organization\"},\"potentialAction\":[{\"@type\":\"SearchAction\",\"target\":{\"@type\":\"EntryPoint\",\"urlTemplate\":\"https:\/\/koningdrone.be\/?s={search_term_string}\"},\"query-input\":{\"@type\":\"PropertyValueSpecification\",\"valueRequired\":true,\"valueName\":\"search_term_string\"}}],\"inLanguage\":\"fr-BE\"},{\"@type\":\"Organization\",\"@id\":\"https:\/\/koningdrone.be\/#organization\",\"name\":\"Koningdrone.be\",\"url\":\"https:\/\/koningdrone.be\/\",\"logo\":{\"@type\":\"ImageObject\",\"inLanguage\":\"fr-BE\",\"@id\":\"https:\/\/koningdrone.be\/#\/schema\/logo\/image\/\",\"url\":\"https:\/\/koningdrone.be\/wp-content\/uploads\/sites\/13\/2025\/04\/koningdrone-copyright-logo.svg\",\"contentUrl\":\"https:\/\/koningdrone.be\/wp-content\/uploads\/sites\/13\/2025\/04\/koningdrone-copyright-logo.svg\",\"width\":227,\"height\":38,\"caption\":\"Koningdrone.be\"},\"image\":{\"@id\":\"https:\/\/koningdrone.be\/#\/schema\/logo\/image\/\"}}]}<\/script>\n<!-- \/ Yoast SEO Premium plugin. -->","yoast_head_json":{"title":"Manifold 3 - koningdrone.be","robots":{"index":"index","follow":"follow","max-snippet":"max-snippet:-1","max-image-preview":"max-image-preview:large","max-video-preview":"max-video-preview:-1"},"canonical":"https:\/\/koningdrone.be\/fr\/produit\/manifold-3\/","og_locale":"fr_FR","og_type":"article","og_title":"Manifold 3","og_description":"Zeer krachtige onboard computer module met tot 100\u202fTOPS rekenvermogen  Compact en lichtgewicht ontwerp (ca. 120\u202fg)  16\u202fGB RAM en 256\u202fGB SSD voor snelle data\u2011verwerking en opslag  Meerdere interfaces waaronder E\u2011Port V2 en USB\u2011C  Robuuste IP55\u2011bescherming voor betrouwbaarheid in veldomstandigheden","og_url":"https:\/\/koningdrone.be\/fr\/produit\/manifold-3\/","og_site_name":"koningdrone.be","article_modified_time":"2026-04-29T01:31:08+00:00","og_image":[{"width":2048,"height":2048,"url":"https:\/\/koningdrone.be\/wp-content\/uploads\/sites\/13\/2026\/04\/Manifold-3.webp","type":"image\/webp"}],"twitter_card":"summary_large_image","twitter_misc":{"Dur\u00e9e de lecture est.":"1 minute"},"schema":{"@context":"https:\/\/schema.org","@graph":[{"@type":"WebPage","@id":"https:\/\/koningdrone.be\/product\/manifold-3\/","url":"https:\/\/koningdrone.be\/product\/manifold-3\/","name":"Manifold 3 - koningdrone.be","isPartOf":{"@id":"https:\/\/koningdrone.be\/#website"},"primaryImageOfPage":{"@id":"https:\/\/koningdrone.be\/product\/manifold-3\/#primaryimage"},"image":{"@id":"https:\/\/koningdrone.be\/product\/manifold-3\/#primaryimage"},"thumbnailUrl":"https:\/\/koningdrone.be\/wp-content\/uploads\/sites\/13\/2026\/04\/Manifold-3.webp","datePublished":"2025-10-06T08:24:11+00:00","dateModified":"2026-04-29T01:31:08+00:00","breadcrumb":{"@id":"https:\/\/koningdrone.be\/product\/manifold-3\/#breadcrumb"},"inLanguage":"fr-BE","potentialAction":[{"@type":"ReadAction","target":["https:\/\/koningdrone.be\/product\/manifold-3\/"]}]},{"@type":"ImageObject","inLanguage":"fr-BE","@id":"https:\/\/koningdrone.be\/product\/manifold-3\/#primaryimage","url":"https:\/\/koningdrone.be\/wp-content\/uploads\/sites\/13\/2026\/04\/Manifold-3.webp","contentUrl":"https:\/\/koningdrone.be\/wp-content\/uploads\/sites\/13\/2026\/04\/Manifold-3.webp","width":2048,"height":2048},{"@type":"BreadcrumbList","@id":"https:\/\/koningdrone.be\/product\/manifold-3\/#breadcrumb","itemListElement":[{"@type":"ListItem","position":1,"name":"Home","item":"https:\/\/koningdrone.be\/"},{"@type":"ListItem","position":2,"name":"AVSS Parachute Recovery System for DJI Matrice 300\/350","item":"https:\/\/koningdrone.be\/product\/avss-parachute-recovery-system-for-dji-matrice-300-350\/"},{"@type":"ListItem","position":3,"name":"DJI Matrice 4","item":"https:\/\/koningdrone.be\/categorie\/dji-matrice-4\/"},{"@type":"ListItem","position":4,"name":"Manifold 3"}]},{"@type":"WebSite","@id":"https:\/\/koningdrone.be\/#website","url":"https:\/\/koningdrone.be\/","name":"Koningdrone.be - Votre sp\u00e9cialiste en ligne en mati\u00e8re de drones, de cardans, de cam\u00e9ras et de centrales \u00e9lectriques.","description":"La boutique en ligne de drones et de cardans","publisher":{"@id":"https:\/\/koningdrone.be\/#organization"},"potentialAction":[{"@type":"SearchAction","target":{"@type":"EntryPoint","urlTemplate":"https:\/\/koningdrone.be\/?s={search_term_string}"},"query-input":{"@type":"PropertyValueSpecification","valueRequired":true,"valueName":"search_term_string"}}],"inLanguage":"fr-BE"},{"@type":"Organization","@id":"https:\/\/koningdrone.be\/#organization","name":"Kingdrone.co.uk","url":"https:\/\/koningdrone.be\/","logo":{"@type":"ImageObject","inLanguage":"fr-BE","@id":"https:\/\/koningdrone.be\/#\/schema\/logo\/image\/","url":"https:\/\/koningdrone.be\/wp-content\/uploads\/sites\/13\/2025\/04\/koningdrone-copyright-logo.svg","contentUrl":"https:\/\/koningdrone.be\/wp-content\/uploads\/sites\/13\/2025\/04\/koningdrone-copyright-logo.svg","width":227,"height":38,"caption":"Koningdrone.be"},"image":{"@id":"https:\/\/koningdrone.be\/#\/schema\/logo\/image\/"}}]}},"df_price":1450,"df_sale_price":"","df_regular_price":1450,"df_image_link":"https:\/\/koningdrone.be\/wp-content\/uploads\/sites\/13\/2026\/04\/Manifold-3-300x300.webp","_links":{"self":[{"href":"https:\/\/koningdrone.be\/fr\/wp-json\/wp\/v2\/product\/18398","targetHints":{"allow":["GET"]}}],"collection":[{"href":"https:\/\/koningdrone.be\/fr\/wp-json\/wp\/v2\/product"}],"about":[{"href":"https:\/\/koningdrone.be\/fr\/wp-json\/wp\/v2\/types\/product"}],"wp:featuredmedia":[{"embeddable":true,"href":"https:\/\/koningdrone.be\/fr\/wp-json\/wp\/v2\/media\/18395"}],"wp:attachment":[{"href":"https:\/\/koningdrone.be\/fr\/wp-json\/wp\/v2\/media?parent=18398"}],"wp:term":[{"taxonomy":"product_brand","embeddable":true,"href":"https:\/\/koningdrone.be\/fr\/wp-json\/wp\/v2\/product_brand?post=18398"},{"taxonomy":"product_cat","embeddable":true,"href":"https:\/\/koningdrone.be\/fr\/wp-json\/wp\/v2\/product_cat?post=18398"},{"taxonomy":"product_tag","embeddable":true,"href":"https:\/\/koningdrone.be\/fr\/wp-json\/wp\/v2\/product_tag?post=18398"}],"curies":[{"name":"wp","href":"https:\/\/api.w.org\/{rel}","templated":true}]}}