{"id":18372,"date":"2026-04-06T08:51:37","date_gmt":"2026-04-06T06:51:37","guid":{"rendered":"https:\/\/koningdrone.be\/?post_type=product&#038;p=18372"},"modified":"2026-04-29T03:41:03","modified_gmt":"2026-04-29T01:41:03","slug":"dji-care-ent-p-matrice-400-eu","status":"publish","type":"product","link":"https:\/\/koningdrone.be\/fr\/produit\/dji-care-ent-p-matrice-400-eu\/","title":{"rendered":"DJI Care Ent. P. Matrice 400 EU"},"content":{"rendered":"<h3>DJI Care Ent. P. Matrice 400 EU<\/h3>\n<p>DJI Care Enterprise Plus Matrice 400 EU est un plan de service premium d\u00e9velopp\u00e9 sp\u00e9cifiquement pour le DJI Matrice 400. Ce produit num\u00e9rique fournit une protection compl\u00e8te et un support de service pour les op\u00e9rations de drones professionnels en Europe. Le plan est associ\u00e9 \u00e0 l'appareil et garantit une int\u00e9gration transparente sans installation complexe.<\/p>\n<p>Il est id\u00e9al pour les entreprises et les professionnels travaillant dans des secteurs exigeants tels que l'inspection, la s\u00e9curit\u00e9 publique et les applications industrielles, o\u00f9 une fiabilit\u00e9 maximale et un temps d'arr\u00eat minimal sont essentiels.<\/p>\n<h4>Performance et fonctionnalit\u00e9<\/h4>\n<p>DJI Care Enterprise Plus offre une couverture compl\u00e8te contre les dommages accidentels, y compris les collisions, les d\u00e9g\u00e2ts des eaux, les interf\u00e9rences de signal et les erreurs de fonctionnement. Dans la limite de la couverture annuelle, vous b\u00e9n\u00e9ficiez d'un nombre illimit\u00e9 de r\u00e9parations ou de remplacements gratuits, ce qui garantit la continuit\u00e9 des missions critiques.<\/p>\n<p>Le plan comprend \u00e9galement des avantages tels qu'un service rapide via DJI Care Express, des frais de port gratuits pour les r\u00e9parations et un traitement efficace pour minimiser les temps d'immobilisation.<\/p>\n<p>En outre, le plan peut prendre en charge la gestion de la flotte et des services suppl\u00e9mentaires tels que le remplacement des batteries et l'entretien p\u00e9riodique, en fonction de la configuration et de la dur\u00e9e.<\/p>\n<p><a href=\"https:\/\/koningdrone.nl\/wp-content\/uploads\/2026\/04\/DJI-Care-Ent.-P.-Act-Matrice-400-EU-scaled.jpg\"><img loading=\"lazy\" decoding=\"async\" class=\"size-medium wp-image-471649 aligncenter\" src=\"https:\/\/koningdrone.nl\/wp-content\/uploads\/2026\/04\/DJI-Care-Ent.-P.-Act-Matrice-400-EU-300x200.jpg\" alt=\"DJI Care Ent. P. Act Matrice 400 EU\" width=\"300\" height=\"200\" \/><\/a><\/p>\n<h4>Qualit\u00e9 de construction et conception<\/h4>\n<p>En tant que produit de service num\u00e9rique, DJI Care Enterprise Plus est enti\u00e8rement int\u00e9gr\u00e9 \u00e0 l'\u00e9cosyst\u00e8me DJI. L'enregistrement et la liaison bas\u00e9s sur le cloud offrent une exp\u00e9rience conviviale sans installation physique.<\/p>\n<p>Le plan est \u00e9volutif et convient aussi bien aux drones individuels qu'aux flottes d'entreprises plus importantes, ce qui en fait une solution id\u00e9ale pour les flux de travail professionnels et les op\u00e9rations complexes.<\/p>\n<h4>Pourquoi vous en avez besoin<\/h4>\n<p>DJI Care Enterprise Plus Matrice 400 EU est essentiel pour les professionnels qui ont besoin d'une s\u00e9curit\u00e9 maximale et d'une continuit\u00e9 op\u00e9rationnelle. Il prot\u00e8ge votre investissement, r\u00e9duit les risques et vous permet de reprendre rapidement vos activit\u00e9s apr\u00e8s un dommage ou un incident.<\/p>","protected":false},"excerpt":{"rendered":"<ul>\n<li>Protection premium contre les dommages accidentels pour la Matrice 400<\/li>\n<\/ul>","protected":false},"featured_media":18371,"template":"","meta":{"_acf_changed":false},"product_brand":[],"product_cat":[175,1583],"product_tag":[],"class_list":{"0":"post-18372","1":"product","2":"type-product","3":"status-publish","4":"has-post-thumbnail","6":"product_cat-alle-care-refresh","7":"product_cat-dji-matrice-400","8":"product_shipping_class-uavspacesall","9":"pa_brand-dji","10":"pa_productfamily-dji-care-ent-p-act-matrice-400-eu","11":"pa_productfamily-dji-care-ent-p-matrice-400-eu","12":"pa_producttype-serviceplan","14":"first","15":"instock","16":"taxable","17":"shipping-taxable","18":"purchasable","19":"product-type-variable"},"acf":[],"yoast_head":"<!-- This site is optimized with the Yoast SEO Premium plugin v27.2 (Yoast SEO v27.2) - https:\/\/yoast.com\/product\/yoast-seo-premium-wordpress\/ -->\n<title>DJI Care Ent. P. Matrice 400 EU - koningdrone.be<\/title>\n<meta name=\"robots\" content=\"index, follow, max-snippet:-1, max-image-preview:large, max-video-preview:-1\" \/>\n<link rel=\"canonical\" href=\"https:\/\/koningdrone.be\/fr\/produit\/dji-care-ent-p-matrice-400-eu\/\" \/>\n<meta property=\"og:locale\" content=\"fr_FR\" \/>\n<meta property=\"og:type\" content=\"article\" \/>\n<meta property=\"og:title\" content=\"DJI Care Ent. P. Matrice 400 EU\" \/>\n<meta property=\"og:description\" content=\"Premium bescherming tegen accidentele schade voor de Matrice 400\" \/>\n<meta property=\"og:url\" content=\"https:\/\/koningdrone.be\/fr\/produit\/dji-care-ent-p-matrice-400-eu\/\" \/>\n<meta property=\"og:site_name\" content=\"koningdrone.be\" \/>\n<meta property=\"article:modified_time\" content=\"2026-04-29T01:41:03+00:00\" \/>\n<meta property=\"og:image\" content=\"https:\/\/koningdrone.be\/wp-content\/uploads\/sites\/13\/2026\/04\/DJI-Care-Ent.-P.-Act-Matrice-400-EU-scaled-1.jpg\" \/>\n\t<meta property=\"og:image:width\" content=\"2560\" \/>\n\t<meta property=\"og:image:height\" content=\"1707\" \/>\n\t<meta property=\"og:image:type\" content=\"image\/jpeg\" \/>\n<meta name=\"twitter:card\" content=\"summary_large_image\" \/>\n<meta name=\"twitter:label1\" content=\"Dur\u00e9e de lecture est.\" \/>\n\t<meta name=\"twitter:data1\" content=\"1 minute\" \/>\n<script type=\"application\/ld+json\" class=\"yoast-schema-graph\">{\"@context\":\"https:\/\/schema.org\",\"@graph\":[{\"@type\":\"WebPage\",\"@id\":\"https:\/\/koningdrone.be\/product\/dji-care-ent-p-matrice-400-eu\/\",\"url\":\"https:\/\/koningdrone.be\/product\/dji-care-ent-p-matrice-400-eu\/\",\"name\":\"DJI Care Ent. P. Matrice 400 EU - koningdrone.be\",\"isPartOf\":{\"@id\":\"https:\/\/koningdrone.be\/#website\"},\"primaryImageOfPage\":{\"@id\":\"https:\/\/koningdrone.be\/product\/dji-care-ent-p-matrice-400-eu\/#primaryimage\"},\"image\":{\"@id\":\"https:\/\/koningdrone.be\/product\/dji-care-ent-p-matrice-400-eu\/#primaryimage\"},\"thumbnailUrl\":\"https:\/\/koningdrone.be\/wp-content\/uploads\/sites\/13\/2026\/04\/DJI-Care-Ent.-P.-Act-Matrice-400-EU-scaled-1.jpg\",\"datePublished\":\"2026-04-06T06:51:37+00:00\",\"dateModified\":\"2026-04-29T01:41:03+00:00\",\"breadcrumb\":{\"@id\":\"https:\/\/koningdrone.be\/product\/dji-care-ent-p-matrice-400-eu\/#breadcrumb\"},\"inLanguage\":\"fr-BE\",\"potentialAction\":[{\"@type\":\"ReadAction\",\"target\":[\"https:\/\/koningdrone.be\/product\/dji-care-ent-p-matrice-400-eu\/\"]}]},{\"@type\":\"ImageObject\",\"inLanguage\":\"fr-BE\",\"@id\":\"https:\/\/koningdrone.be\/product\/dji-care-ent-p-matrice-400-eu\/#primaryimage\",\"url\":\"https:\/\/koningdrone.be\/wp-content\/uploads\/sites\/13\/2026\/04\/DJI-Care-Ent.-P.-Act-Matrice-400-EU-scaled-1.jpg\",\"contentUrl\":\"https:\/\/koningdrone.be\/wp-content\/uploads\/sites\/13\/2026\/04\/DJI-Care-Ent.-P.-Act-Matrice-400-EU-scaled-1.jpg\",\"width\":2560,\"height\":1707},{\"@type\":\"BreadcrumbList\",\"@id\":\"https:\/\/koningdrone.be\/product\/dji-care-ent-p-matrice-400-eu\/#breadcrumb\",\"itemListElement\":[{\"@type\":\"ListItem\",\"position\":1,\"name\":\"Home\",\"item\":\"https:\/\/koningdrone.be\/\"},{\"@type\":\"ListItem\",\"position\":2,\"name\":\"AVSS Parachute Recovery System for DJI Matrice 300\/350\",\"item\":\"https:\/\/koningdrone.be\/product\/avss-parachute-recovery-system-for-dji-matrice-300-350\/\"},{\"@type\":\"ListItem\",\"position\":3,\"name\":\"Alle care refresh\",\"item\":\"https:\/\/koningdrone.be\/categorie\/alle-care-refresh\/\"},{\"@type\":\"ListItem\",\"position\":4,\"name\":\"DJI Care Ent. P. Matrice 400 EU\"}]},{\"@type\":\"WebSite\",\"@id\":\"https:\/\/koningdrone.be\/#website\",\"url\":\"https:\/\/koningdrone.be\/\",\"name\":\"Koningdrone.be - Uw online specialist in drones, gimbals, camera's en power stations.\",\"description\":\"De webshop in drones en gimbals\",\"publisher\":{\"@id\":\"https:\/\/koningdrone.be\/#organization\"},\"potentialAction\":[{\"@type\":\"SearchAction\",\"target\":{\"@type\":\"EntryPoint\",\"urlTemplate\":\"https:\/\/koningdrone.be\/?s={search_term_string}\"},\"query-input\":{\"@type\":\"PropertyValueSpecification\",\"valueRequired\":true,\"valueName\":\"search_term_string\"}}],\"inLanguage\":\"fr-BE\"},{\"@type\":\"Organization\",\"@id\":\"https:\/\/koningdrone.be\/#organization\",\"name\":\"Koningdrone.be\",\"url\":\"https:\/\/koningdrone.be\/\",\"logo\":{\"@type\":\"ImageObject\",\"inLanguage\":\"fr-BE\",\"@id\":\"https:\/\/koningdrone.be\/#\/schema\/logo\/image\/\",\"url\":\"https:\/\/koningdrone.be\/wp-content\/uploads\/sites\/13\/2025\/04\/koningdrone-copyright-logo.svg\",\"contentUrl\":\"https:\/\/koningdrone.be\/wp-content\/uploads\/sites\/13\/2025\/04\/koningdrone-copyright-logo.svg\",\"width\":227,\"height\":38,\"caption\":\"Koningdrone.be\"},\"image\":{\"@id\":\"https:\/\/koningdrone.be\/#\/schema\/logo\/image\/\"}}]}<\/script>\n<!-- \/ Yoast SEO Premium plugin. -->","yoast_head_json":{"title":"DJI Care Ent. P. Matrice 400 EU - koningdrone.be","robots":{"index":"index","follow":"follow","max-snippet":"max-snippet:-1","max-image-preview":"max-image-preview:large","max-video-preview":"max-video-preview:-1"},"canonical":"https:\/\/koningdrone.be\/fr\/produit\/dji-care-ent-p-matrice-400-eu\/","og_locale":"fr_FR","og_type":"article","og_title":"DJI Care Ent. P. Matrice 400 EU","og_description":"Premium bescherming tegen accidentele schade voor de Matrice 400","og_url":"https:\/\/koningdrone.be\/fr\/produit\/dji-care-ent-p-matrice-400-eu\/","og_site_name":"koningdrone.be","article_modified_time":"2026-04-29T01:41:03+00:00","og_image":[{"width":2560,"height":1707,"url":"https:\/\/koningdrone.be\/wp-content\/uploads\/sites\/13\/2026\/04\/DJI-Care-Ent.-P.-Act-Matrice-400-EU-scaled-1.jpg","type":"image\/jpeg"}],"twitter_card":"summary_large_image","twitter_misc":{"Dur\u00e9e de lecture est.":"1 minute"},"schema":{"@context":"https:\/\/schema.org","@graph":[{"@type":"WebPage","@id":"https:\/\/koningdrone.be\/product\/dji-care-ent-p-matrice-400-eu\/","url":"https:\/\/koningdrone.be\/product\/dji-care-ent-p-matrice-400-eu\/","name":"DJI Care Ent. P. Matrice 400 EU - koningdrone.be","isPartOf":{"@id":"https:\/\/koningdrone.be\/#website"},"primaryImageOfPage":{"@id":"https:\/\/koningdrone.be\/product\/dji-care-ent-p-matrice-400-eu\/#primaryimage"},"image":{"@id":"https:\/\/koningdrone.be\/product\/dji-care-ent-p-matrice-400-eu\/#primaryimage"},"thumbnailUrl":"https:\/\/koningdrone.be\/wp-content\/uploads\/sites\/13\/2026\/04\/DJI-Care-Ent.-P.-Act-Matrice-400-EU-scaled-1.jpg","datePublished":"2026-04-06T06:51:37+00:00","dateModified":"2026-04-29T01:41:03+00:00","breadcrumb":{"@id":"https:\/\/koningdrone.be\/product\/dji-care-ent-p-matrice-400-eu\/#breadcrumb"},"inLanguage":"fr-BE","potentialAction":[{"@type":"ReadAction","target":["https:\/\/koningdrone.be\/product\/dji-care-ent-p-matrice-400-eu\/"]}]},{"@type":"ImageObject","inLanguage":"fr-BE","@id":"https:\/\/koningdrone.be\/product\/dji-care-ent-p-matrice-400-eu\/#primaryimage","url":"https:\/\/koningdrone.be\/wp-content\/uploads\/sites\/13\/2026\/04\/DJI-Care-Ent.-P.-Act-Matrice-400-EU-scaled-1.jpg","contentUrl":"https:\/\/koningdrone.be\/wp-content\/uploads\/sites\/13\/2026\/04\/DJI-Care-Ent.-P.-Act-Matrice-400-EU-scaled-1.jpg","width":2560,"height":1707},{"@type":"BreadcrumbList","@id":"https:\/\/koningdrone.be\/product\/dji-care-ent-p-matrice-400-eu\/#breadcrumb","itemListElement":[{"@type":"ListItem","position":1,"name":"Home","item":"https:\/\/koningdrone.be\/"},{"@type":"ListItem","position":2,"name":"AVSS Parachute Recovery System for DJI Matrice 300\/350","item":"https:\/\/koningdrone.be\/product\/avss-parachute-recovery-system-for-dji-matrice-300-350\/"},{"@type":"ListItem","position":3,"name":"Alle care refresh","item":"https:\/\/koningdrone.be\/categorie\/alle-care-refresh\/"},{"@type":"ListItem","position":4,"name":"DJI Care Ent. P. Matrice 400 EU"}]},{"@type":"WebSite","@id":"https:\/\/koningdrone.be\/#website","url":"https:\/\/koningdrone.be\/","name":"Koningdrone.be - Votre sp\u00e9cialiste en ligne en mati\u00e8re de drones, de cardans, de cam\u00e9ras et de centrales \u00e9lectriques.","description":"La boutique en ligne de drones et de cardans","publisher":{"@id":"https:\/\/koningdrone.be\/#organization"},"potentialAction":[{"@type":"SearchAction","target":{"@type":"EntryPoint","urlTemplate":"https:\/\/koningdrone.be\/?s={search_term_string}"},"query-input":{"@type":"PropertyValueSpecification","valueRequired":true,"valueName":"search_term_string"}}],"inLanguage":"fr-BE"},{"@type":"Organization","@id":"https:\/\/koningdrone.be\/#organization","name":"Kingdrone.co.uk","url":"https:\/\/koningdrone.be\/","logo":{"@type":"ImageObject","inLanguage":"fr-BE","@id":"https:\/\/koningdrone.be\/#\/schema\/logo\/image\/","url":"https:\/\/koningdrone.be\/wp-content\/uploads\/sites\/13\/2025\/04\/koningdrone-copyright-logo.svg","contentUrl":"https:\/\/koningdrone.be\/wp-content\/uploads\/sites\/13\/2025\/04\/koningdrone-copyright-logo.svg","width":227,"height":38,"caption":"Koningdrone.be"},"image":{"@id":"https:\/\/koningdrone.be\/#\/schema\/logo\/image\/"}}]}},"df_price":879,"df_sale_price":"","df_regular_price":879,"df_image_link":"https:\/\/koningdrone.be\/wp-content\/uploads\/sites\/13\/2026\/04\/DJI-Care-Ent.-P.-Act-Matrice-400-EU-scaled-1-300x200.jpg","_links":{"self":[{"href":"https:\/\/koningdrone.be\/fr\/wp-json\/wp\/v2\/product\/18372","targetHints":{"allow":["GET"]}}],"collection":[{"href":"https:\/\/koningdrone.be\/fr\/wp-json\/wp\/v2\/product"}],"about":[{"href":"https:\/\/koningdrone.be\/fr\/wp-json\/wp\/v2\/types\/product"}],"wp:featuredmedia":[{"embeddable":true,"href":"https:\/\/koningdrone.be\/fr\/wp-json\/wp\/v2\/media\/18371"}],"wp:attachment":[{"href":"https:\/\/koningdrone.be\/fr\/wp-json\/wp\/v2\/media?parent=18372"}],"wp:term":[{"taxonomy":"product_brand","embeddable":true,"href":"https:\/\/koningdrone.be\/fr\/wp-json\/wp\/v2\/product_brand?post=18372"},{"taxonomy":"product_cat","embeddable":true,"href":"https:\/\/koningdrone.be\/fr\/wp-json\/wp\/v2\/product_cat?post=18372"},{"taxonomy":"product_tag","embeddable":true,"href":"https:\/\/koningdrone.be\/fr\/wp-json\/wp\/v2\/product_tag?post=18372"}],"curies":[{"name":"wp","href":"https:\/\/api.w.org\/{rel}","templated":true}]}}