{"id":18359,"date":"2026-04-06T12:44:33","date_gmt":"2026-04-06T10:44:33","guid":{"rendered":"https:\/\/koningdrone.be\/?post_type=product&#038;p=18359"},"modified":"2026-04-10T12:48:13","modified_gmt":"2026-04-10T10:48:13","slug":"share-slam-s100-32-pro","status":"publish","type":"product","link":"https:\/\/koningdrone.be\/fr\/produit\/share-slam-s100-32-pro\/","title":{"rendered":"Share Slam S100 32 pro"},"content":{"rendered":"<h3>SHARE SLAM S100-32 Pro : La puissance ultime pour les longues distances<\/h3>\n<p><iframe loading=\"lazy\" title=\"SHARE SLAM S100 Series - Lancement d&#039;un scanner 3D LiDAR professionnel de nouvelle g\u00e9n\u00e9ration\" width=\"800\" height=\"450\" src=\"https:\/\/www.youtube.com\/embed\/wXdxcAKCPSI?feature=oembed&#038;enablejsapi=1&#038;origin=https:\/\/koningdrone.be\" frameborder=\"0\" allow=\"accelerometer; autoplay; clipboard-write; encrypted-media; gyroscope; picture-in-picture; web-share\" referrerpolicy=\"strict-origin-when-cross-origin\" allowfullscreen><\/iframe><\/p>\n<p style=\"margin: 20px 0;\">Le <strong>SHARE SLAM S100-32 Pro<\/strong> est le fleuron de la s\u00e9rie et le leader incontest\u00e9 de la num\u00e9risation LiDAR mobile \u00e0 longue port\u00e9e. Alors que les autres scanners portables ont une port\u00e9e limit\u00e9e, la version Pro porte vos capacit\u00e9s \u00e0 un niveau sans pr\u00e9c\u00e9dent avec une port\u00e9e impressionnante de 300 m\u00e8tres. Con\u00e7u pour les projets les plus difficiles - des mines \u00e0 ciel ouvert profondes aux travaux d'infrastructure massifs - le S100-32 Pro offre la force brute et la pr\u00e9cision requises pour la topographie \u00e0 grande \u00e9chelle et la cr\u00e9ation de jumeaux num\u00e9riques \u00e0 une \u00e9chelle jusqu'alors impossible avec un syst\u00e8me portable.<\/p>\n<h4>Imagerie sup\u00e9rieure et port\u00e9e maximale<\/h4>\n<p>Le S100-32 Pro d\u00e9passe toutes les attentes sur le plan technique :<\/p>\n<ul>\n<li><strong>Gamme de balayage extr\u00eame :<\/strong> Avec une port\u00e9e allant jusqu'\u00e0 300 m\u00e8tres, le S100-32 Pro capture des donn\u00e9es \u00e0 partir d'objets jusqu'alors inaccessibles. C'est donc le seul choix possible pour cartographier les fa\u00e7ades \u00e9lev\u00e9es, les carri\u00e8res profondes et les vastes terrains \u00e0 une distance s\u00fbre.<\/li>\n<li><strong>Densit\u00e9 de points in\u00e9gal\u00e9e \u00e0 distance :<\/strong> Le moteur LiDAR optimis\u00e9 \u00e0 32 canaux conserve une pr\u00e9cision et une densit\u00e9 de points exceptionnelles, m\u00eame \u00e0 grande distance. Il en r\u00e9sulte des nuages de points d'une grande nettet\u00e9 pour les structures massives, sans perte de qualit\u00e9.<\/li>\n<li><strong>Fusion de capteurs haut de gamme :<\/strong> La synergie entre le LiDAR \u00e0 longue port\u00e9e, les capteurs visuels et le RTK a \u00e9t\u00e9 affin\u00e9e \u00e0 la perfection dans la version Pro. Cela garantit un positionnement au centim\u00e8tre pr\u00e8s, m\u00eame dans les environnements les plus complexes et les plus vastes.<\/li>\n<\/ul>\n<p><a href=\"https:\/\/koningdrone.nl\/wp-content\/uploads\/2026\/04\/Product-Share-Slam-S100-16-32-32pro.jpg\"><img loading=\"lazy\" decoding=\"async\" class=\"wp-image-471791 size-medium aligncenter\" src=\"https:\/\/koningdrone.nl\/wp-content\/uploads\/2026\/04\/Product-Share-Slam-S100-16-32-32pro-300x300.jpg\" alt=\"Product Share Slam S100 16 32 32pro\" width=\"300\" height=\"300\" \/><\/a><\/p>\n<h4>Con\u00e7u pour relever les plus grands d\u00e9fis<\/h4>\n<p>Le mat\u00e9riel du Pro est con\u00e7u pour offrir des performances maximales dans des conditions difficiles :<\/p>\n<ul>\n<li><strong>Efficacit\u00e9 ultime du flux de travail :<\/strong> Son \u00e9norme port\u00e9e vous permet de num\u00e9riser de plus grandes zones avec moins de mouvements. Cela acc\u00e9l\u00e8re consid\u00e9rablement le flux de travail sur site et vous permet de r\u00e9aliser des projets en une fraction du temps.<\/li>\n<li><strong>Construction robuste et \u00e9quilibr\u00e9e :<\/strong> Malgr\u00e9 sa puissance sup\u00e9rieure, la version Pro reste \u00e9tonnamment maniable avec ses 2,4 kg. Le bo\u00eetier certifi\u00e9 IP et le harnais ergonomique vous permettent de continuer \u00e0 travailler confortablement, m\u00eame dans les endroits les plus exigeants.<\/li>\n<li><strong>Stockage et \u00e9nergie sans limites :<\/strong> Avec 1 To de stockage SSD et des batteries rempla\u00e7ables \u00e0 chaud, le S100-32 Pro est pr\u00eat pour les missions les plus longues et les plus gourmandes en donn\u00e9es de la journ\u00e9e.<\/li>\n<\/ul>\n<p><a href=\"https:\/\/koningdrone.nl\/wp-content\/uploads\/2026\/04\/Share-Slam-S100-16-32-32pro.jpg\"><img loading=\"lazy\" decoding=\"async\" class=\"wp-image-471793 size-medium aligncenter\" src=\"https:\/\/koningdrone.nl\/wp-content\/uploads\/2026\/04\/Share-Slam-S100-16-32-32pro-300x300.jpg\" alt=\"Share Slam S100 16 32 32pro\" width=\"300\" height=\"300\" \/><\/a><\/p>\n<h4>Pourquoi le SHARE SLAM S100-32 Pro est le seul choix possible<\/h4>\n<p>Le SHARE SLAM S100-32 Pro n'est pas une simple mise \u00e0 jour, c'est une red\u00e9finition de ce que la cartographie mobile peut accomplir. Il offre la distance et la pr\u00e9cision suppl\u00e9mentaires n\u00e9cessaires aux projets les plus vastes du monde. Qu'il s'agisse de num\u00e9riser un r\u00e9seau ferroviaire entier ou de cartographier un r\u00e9servoir g\u00e9ant, le S100-32 Pro fournit des donn\u00e9es 3D de la plus haute qualit\u00e9 \u00e0 une vitesse qui laisse la concurrence loin derri\u00e8re.<\/p>","protected":false},"excerpt":{"rendered":"<ul>\n<li>Scanner LiDAR portable pour la cartographie 3D professionnelle<\/li>\n<li>Jusqu'\u00e0 640 000 points par seconde pour des donn\u00e9es extr\u00eamement d\u00e9taill\u00e9es<\/li>\n<li>Port\u00e9e jusqu'\u00e0 300 m\u00e8tres (version Pro) pour les scans \u00e0 grande \u00e9chelle<\/li>\n<li>Support RTK &amp; PPK pour une pr\u00e9cision centim\u00e9trique<\/li>\n<li>Jusqu'\u00e0 3 heures d'autonomie avec des piles rempla\u00e7ables \u00e0 chaud<\/li>\n<\/ul>","protected":false},"featured_media":18410,"template":"","meta":{"_acf_changed":false},"product_brand":[],"product_cat":[1841],"product_tag":[],"class_list":{"0":"post-18359","1":"product","2":"type-product","3":"status-publish","4":"has-post-thumbnail","6":"product_cat-share-slam-s100","8":"first","9":"instock","10":"taxable","11":"shipping-taxable","12":"purchasable","13":"product-type-simple"},"acf":[],"yoast_head":"<!-- This site is optimized with the Yoast SEO Premium plugin v27.2 (Yoast SEO v27.2) - https:\/\/yoast.com\/product\/yoast-seo-premium-wordpress\/ -->\n<title>Share Slam S100 32 pro - koningdrone.be<\/title>\n<meta name=\"robots\" content=\"index, follow, max-snippet:-1, max-image-preview:large, max-video-preview:-1\" \/>\n<link rel=\"canonical\" href=\"https:\/\/koningdrone.be\/fr\/produit\/share-slam-s100-32-pro\/\" \/>\n<meta property=\"og:locale\" content=\"fr_FR\" \/>\n<meta property=\"og:type\" content=\"article\" \/>\n<meta property=\"og:title\" content=\"Share Slam S100 32 pro\" \/>\n<meta property=\"og:description\" content=\"Handheld LiDAR scanner voor professionele 3D-mapping  Tot 640.000 punten per seconde voor extreem gedetailleerde data  Bereik tot 300 meter (Pro versie) voor grootschalige scans  RTK &amp; PPK ondersteuning voor centimeter-nauwkeurigheid  Tot 3 uur batterijduur met hot-swappable batterijen\" \/>\n<meta property=\"og:url\" content=\"https:\/\/koningdrone.be\/fr\/produit\/share-slam-s100-32-pro\/\" \/>\n<meta property=\"og:site_name\" content=\"koningdrone.be\" \/>\n<meta property=\"article:modified_time\" content=\"2026-04-10T10:48:13+00:00\" \/>\n<meta property=\"og:image\" content=\"https:\/\/koningdrone.be\/wp-content\/uploads\/sites\/13\/2026\/04\/Share-Slam-S100-16-32-32pro-1.jpg\" \/>\n\t<meta property=\"og:image:width\" content=\"1000\" \/>\n\t<meta property=\"og:image:height\" content=\"1000\" \/>\n\t<meta property=\"og:image:type\" content=\"image\/jpeg\" \/>\n<meta name=\"twitter:card\" content=\"summary_large_image\" \/>\n<meta name=\"twitter:label1\" content=\"Dur\u00e9e de lecture est.\" \/>\n\t<meta name=\"twitter:data1\" content=\"3 minutes\" \/>\n<script type=\"application\/ld+json\" class=\"yoast-schema-graph\">{\"@context\":\"https:\/\/schema.org\",\"@graph\":[{\"@type\":\"WebPage\",\"@id\":\"https:\/\/koningdrone.be\/product\/share-slam-s100-32-pro\/\",\"url\":\"https:\/\/koningdrone.be\/product\/share-slam-s100-32-pro\/\",\"name\":\"Share Slam S100 32 pro - koningdrone.be\",\"isPartOf\":{\"@id\":\"https:\/\/koningdrone.be\/#website\"},\"primaryImageOfPage\":{\"@id\":\"https:\/\/koningdrone.be\/product\/share-slam-s100-32-pro\/#primaryimage\"},\"image\":{\"@id\":\"https:\/\/koningdrone.be\/product\/share-slam-s100-32-pro\/#primaryimage\"},\"thumbnailUrl\":\"https:\/\/koningdrone.be\/wp-content\/uploads\/sites\/13\/2026\/04\/Share-Slam-S100-16-32-32pro-1.jpg\",\"datePublished\":\"2026-04-06T10:44:33+00:00\",\"dateModified\":\"2026-04-10T10:48:13+00:00\",\"breadcrumb\":{\"@id\":\"https:\/\/koningdrone.be\/product\/share-slam-s100-32-pro\/#breadcrumb\"},\"inLanguage\":\"fr-BE\",\"potentialAction\":[{\"@type\":\"ReadAction\",\"target\":[\"https:\/\/koningdrone.be\/product\/share-slam-s100-32-pro\/\"]}]},{\"@type\":\"ImageObject\",\"inLanguage\":\"fr-BE\",\"@id\":\"https:\/\/koningdrone.be\/product\/share-slam-s100-32-pro\/#primaryimage\",\"url\":\"https:\/\/koningdrone.be\/wp-content\/uploads\/sites\/13\/2026\/04\/Share-Slam-S100-16-32-32pro-1.jpg\",\"contentUrl\":\"https:\/\/koningdrone.be\/wp-content\/uploads\/sites\/13\/2026\/04\/Share-Slam-S100-16-32-32pro-1.jpg\",\"width\":1000,\"height\":1000},{\"@type\":\"BreadcrumbList\",\"@id\":\"https:\/\/koningdrone.be\/product\/share-slam-s100-32-pro\/#breadcrumb\",\"itemListElement\":[{\"@type\":\"ListItem\",\"position\":1,\"name\":\"Home\",\"item\":\"https:\/\/koningdrone.be\/\"},{\"@type\":\"ListItem\",\"position\":2,\"name\":\"AVSS Parachute Recovery System for DJI Matrice 300\/350\",\"item\":\"https:\/\/koningdrone.be\/product\/avss-parachute-recovery-system-for-dji-matrice-300-350\/\"},{\"@type\":\"ListItem\",\"position\":3,\"name\":\"Share Slam S100\",\"item\":\"https:\/\/koningdrone.be\/categorie\/share-slam-s100\/\"},{\"@type\":\"ListItem\",\"position\":4,\"name\":\"Share Slam S100 32 pro\"}]},{\"@type\":\"WebSite\",\"@id\":\"https:\/\/koningdrone.be\/#website\",\"url\":\"https:\/\/koningdrone.be\/\",\"name\":\"Koningdrone.be - Uw online specialist in drones, gimbals, camera's en power stations.\",\"description\":\"De webshop in drones en gimbals\",\"publisher\":{\"@id\":\"https:\/\/koningdrone.be\/#organization\"},\"potentialAction\":[{\"@type\":\"SearchAction\",\"target\":{\"@type\":\"EntryPoint\",\"urlTemplate\":\"https:\/\/koningdrone.be\/?s={search_term_string}\"},\"query-input\":{\"@type\":\"PropertyValueSpecification\",\"valueRequired\":true,\"valueName\":\"search_term_string\"}}],\"inLanguage\":\"fr-BE\"},{\"@type\":\"Organization\",\"@id\":\"https:\/\/koningdrone.be\/#organization\",\"name\":\"Koningdrone.be\",\"url\":\"https:\/\/koningdrone.be\/\",\"logo\":{\"@type\":\"ImageObject\",\"inLanguage\":\"fr-BE\",\"@id\":\"https:\/\/koningdrone.be\/#\/schema\/logo\/image\/\",\"url\":\"https:\/\/koningdrone.be\/wp-content\/uploads\/sites\/13\/2025\/04\/koningdrone-copyright-logo.svg\",\"contentUrl\":\"https:\/\/koningdrone.be\/wp-content\/uploads\/sites\/13\/2025\/04\/koningdrone-copyright-logo.svg\",\"width\":227,\"height\":38,\"caption\":\"Koningdrone.be\"},\"image\":{\"@id\":\"https:\/\/koningdrone.be\/#\/schema\/logo\/image\/\"}}]}<\/script>\n<!-- \/ Yoast SEO Premium plugin. -->","yoast_head_json":{"title":"Share Slam S100 32 pro - koningdrone.be","robots":{"index":"index","follow":"follow","max-snippet":"max-snippet:-1","max-image-preview":"max-image-preview:large","max-video-preview":"max-video-preview:-1"},"canonical":"https:\/\/koningdrone.be\/fr\/produit\/share-slam-s100-32-pro\/","og_locale":"fr_FR","og_type":"article","og_title":"Share Slam S100 32 pro","og_description":"Handheld LiDAR scanner voor professionele 3D-mapping  Tot 640.000 punten per seconde voor extreem gedetailleerde data  Bereik tot 300 meter (Pro versie) voor grootschalige scans  RTK &amp; PPK ondersteuning voor centimeter-nauwkeurigheid  Tot 3 uur batterijduur met hot-swappable batterijen","og_url":"https:\/\/koningdrone.be\/fr\/produit\/share-slam-s100-32-pro\/","og_site_name":"koningdrone.be","article_modified_time":"2026-04-10T10:48:13+00:00","og_image":[{"width":1000,"height":1000,"url":"https:\/\/koningdrone.be\/wp-content\/uploads\/sites\/13\/2026\/04\/Share-Slam-S100-16-32-32pro-1.jpg","type":"image\/jpeg"}],"twitter_card":"summary_large_image","twitter_misc":{"Dur\u00e9e de lecture est.":"3 minutes"},"schema":{"@context":"https:\/\/schema.org","@graph":[{"@type":"WebPage","@id":"https:\/\/koningdrone.be\/product\/share-slam-s100-32-pro\/","url":"https:\/\/koningdrone.be\/product\/share-slam-s100-32-pro\/","name":"Share Slam S100 32 pro - koningdrone.be","isPartOf":{"@id":"https:\/\/koningdrone.be\/#website"},"primaryImageOfPage":{"@id":"https:\/\/koningdrone.be\/product\/share-slam-s100-32-pro\/#primaryimage"},"image":{"@id":"https:\/\/koningdrone.be\/product\/share-slam-s100-32-pro\/#primaryimage"},"thumbnailUrl":"https:\/\/koningdrone.be\/wp-content\/uploads\/sites\/13\/2026\/04\/Share-Slam-S100-16-32-32pro-1.jpg","datePublished":"2026-04-06T10:44:33+00:00","dateModified":"2026-04-10T10:48:13+00:00","breadcrumb":{"@id":"https:\/\/koningdrone.be\/product\/share-slam-s100-32-pro\/#breadcrumb"},"inLanguage":"fr-BE","potentialAction":[{"@type":"ReadAction","target":["https:\/\/koningdrone.be\/product\/share-slam-s100-32-pro\/"]}]},{"@type":"ImageObject","inLanguage":"fr-BE","@id":"https:\/\/koningdrone.be\/product\/share-slam-s100-32-pro\/#primaryimage","url":"https:\/\/koningdrone.be\/wp-content\/uploads\/sites\/13\/2026\/04\/Share-Slam-S100-16-32-32pro-1.jpg","contentUrl":"https:\/\/koningdrone.be\/wp-content\/uploads\/sites\/13\/2026\/04\/Share-Slam-S100-16-32-32pro-1.jpg","width":1000,"height":1000},{"@type":"BreadcrumbList","@id":"https:\/\/koningdrone.be\/product\/share-slam-s100-32-pro\/#breadcrumb","itemListElement":[{"@type":"ListItem","position":1,"name":"Home","item":"https:\/\/koningdrone.be\/"},{"@type":"ListItem","position":2,"name":"AVSS Parachute Recovery System for DJI Matrice 300\/350","item":"https:\/\/koningdrone.be\/product\/avss-parachute-recovery-system-for-dji-matrice-300-350\/"},{"@type":"ListItem","position":3,"name":"Share Slam S100","item":"https:\/\/koningdrone.be\/categorie\/share-slam-s100\/"},{"@type":"ListItem","position":4,"name":"Share Slam S100 32 pro"}]},{"@type":"WebSite","@id":"https:\/\/koningdrone.be\/#website","url":"https:\/\/koningdrone.be\/","name":"Koningdrone.be - Votre sp\u00e9cialiste en ligne en mati\u00e8re de drones, de cardans, de cam\u00e9ras et de centrales \u00e9lectriques.","description":"La boutique en ligne de drones et de cardans","publisher":{"@id":"https:\/\/koningdrone.be\/#organization"},"potentialAction":[{"@type":"SearchAction","target":{"@type":"EntryPoint","urlTemplate":"https:\/\/koningdrone.be\/?s={search_term_string}"},"query-input":{"@type":"PropertyValueSpecification","valueRequired":true,"valueName":"search_term_string"}}],"inLanguage":"fr-BE"},{"@type":"Organization","@id":"https:\/\/koningdrone.be\/#organization","name":"Kingdrone.co.uk","url":"https:\/\/koningdrone.be\/","logo":{"@type":"ImageObject","inLanguage":"fr-BE","@id":"https:\/\/koningdrone.be\/#\/schema\/logo\/image\/","url":"https:\/\/koningdrone.be\/wp-content\/uploads\/sites\/13\/2025\/04\/koningdrone-copyright-logo.svg","contentUrl":"https:\/\/koningdrone.be\/wp-content\/uploads\/sites\/13\/2025\/04\/koningdrone-copyright-logo.svg","width":227,"height":38,"caption":"Koningdrone.be"},"image":{"@id":"https:\/\/koningdrone.be\/#\/schema\/logo\/image\/"}}]}},"df_price":19134,"df_sale_price":"","df_regular_price":19134,"df_image_link":"https:\/\/koningdrone.be\/wp-content\/uploads\/sites\/13\/2026\/04\/Share-Slam-S100-16-32-32pro-1-300x300.jpg","_links":{"self":[{"href":"https:\/\/koningdrone.be\/fr\/wp-json\/wp\/v2\/product\/18359","targetHints":{"allow":["GET"]}}],"collection":[{"href":"https:\/\/koningdrone.be\/fr\/wp-json\/wp\/v2\/product"}],"about":[{"href":"https:\/\/koningdrone.be\/fr\/wp-json\/wp\/v2\/types\/product"}],"wp:featuredmedia":[{"embeddable":true,"href":"https:\/\/koningdrone.be\/fr\/wp-json\/wp\/v2\/media\/18410"}],"wp:attachment":[{"href":"https:\/\/koningdrone.be\/fr\/wp-json\/wp\/v2\/media?parent=18359"}],"wp:term":[{"taxonomy":"product_brand","embeddable":true,"href":"https:\/\/koningdrone.be\/fr\/wp-json\/wp\/v2\/product_brand?post=18359"},{"taxonomy":"product_cat","embeddable":true,"href":"https:\/\/koningdrone.be\/fr\/wp-json\/wp\/v2\/product_cat?post=18359"},{"taxonomy":"product_tag","embeddable":true,"href":"https:\/\/koningdrone.be\/fr\/wp-json\/wp\/v2\/product_tag?post=18359"}],"curies":[{"name":"wp","href":"https:\/\/api.w.org\/{rel}","templated":true}]}}