{"id":18355,"date":"2026-04-06T12:44:28","date_gmt":"2026-04-06T10:44:28","guid":{"rendered":"https:\/\/koningdrone.be\/?post_type=product&#038;p=18355"},"modified":"2026-04-10T12:48:21","modified_gmt":"2026-04-10T10:48:21","slug":"share-slam-s100-32","status":"publish","type":"product","link":"https:\/\/koningdrone.be\/fr\/produit\/share-slam-s100-32\/","title":{"rendered":"Chelem de partage S100 32"},"content":{"rendered":"<h3>SHARE SLAM S100-32 : La norme puissante pour la num\u00e9risation industrielle<\/h3>\n<p><iframe loading=\"lazy\" title=\"SHARE SLAM S100 Series - Lancement d&#039;un scanner 3D LiDAR professionnel de nouvelle g\u00e9n\u00e9ration\" width=\"800\" height=\"450\" src=\"https:\/\/www.youtube.com\/embed\/wXdxcAKCPSI?feature=oembed&#038;enablejsapi=1&#038;origin=https:\/\/koningdrone.be\" frameborder=\"0\" allow=\"accelerometer; autoplay; clipboard-write; encrypted-media; gyroscope; picture-in-picture; web-share\" referrerpolicy=\"strict-origin-when-cross-origin\" allowfullscreen><\/iframe><\/p>\n<p style=\"margin: 20px 0;\">Le <strong>SHARE SLAM S100-32<\/strong> Le S100-32 est le mod\u00e8le polyvalent et puissant de la s\u00e9rie S100, con\u00e7u pour les professionnels qui exigent plus de d\u00e9tails et de rapidit\u00e9 pour les projets \u00e0 grande \u00e9chelle. L\u00e0 o\u00f9 les mod\u00e8les standard s'arr\u00eatent, le S100-32 continue avec un capteur LiDAR \u00e0 32 canaux qui porte la densit\u00e9 de points \u00e0 un niveau sup\u00e9rieur. Ce syst\u00e8me est le choix direct pour les environnements industriels complexes, les inspections par infrarouge et la mod\u00e9lisation BIM \u00e9tendue. Il combine l'ergonomie \u00e9prouv\u00e9e de la s\u00e9rie S100 avec la puissance de calcul suppl\u00e9mentaire requise pour les projets de jumeaux num\u00e9riques les plus d\u00e9taill\u00e9s.<\/p>\n<p><a href=\"https:\/\/koningdrone.nl\/wp-content\/uploads\/2026\/04\/Share-Slam-S100-16-32-32pro-Action.jpg\"><img loading=\"lazy\" decoding=\"async\" class=\"wp-image-471788 size-medium aligncenter\" src=\"https:\/\/koningdrone.nl\/wp-content\/uploads\/2026\/04\/Share-Slam-S100-16-32-32pro-Action-300x300.jpg\" alt=\"Share Slam S100 16 32 32pro Action\" width=\"300\" height=\"300\" \/><\/a><\/p>\n<h4>Imagerie de qualit\u00e9 sup\u00e9rieure et acquisition de donn\u00e9es am\u00e9lior\u00e9e<\/h4>\n<p>Le S100-32 repousse les limites de la reproduction des d\u00e9tails :<\/p>\n<ul>\n<li><strong>Densit\u00e9 \u00e9lev\u00e9e :<\/strong> Le moteur LiDAR \u00e0 32 canaux offre une r\u00e9solution nettement sup\u00e9rieure. Il en r\u00e9sulte des d\u00e9tails plus nets et une meilleure d\u00e9finition des objets complexes, ce qui est essentiel pour une num\u00e9risation industrielle pr\u00e9cise.<\/li>\n<li><strong>Texture riche RVB :<\/strong> Les cam\u00e9ras int\u00e9gr\u00e9es capturent les informations visuelles avec une clart\u00e9 sans pr\u00e9c\u00e9dent. Combin\u00e9es \u00e0 la densit\u00e9 de points accrue, elles produisent des mod\u00e8les 3D photor\u00e9alistes qui peuvent \u00eatre utilis\u00e9s imm\u00e9diatement pour des inspections visuelles.<\/li>\n<li><strong>Algorithmes SLAM perfectionn\u00e9s :<\/strong> La synergie entre le capteur \u00e0 32 canaux et les capteurs visuels permet un suivi encore plus robuste. Cela permet d'obtenir un nuage de points stable, m\u00eame lors du balayage de surfaces lisses ou de zones pr\u00e9sentant peu de caract\u00e9ristiques visuelles.<\/li>\n<\/ul>\n<p><a href=\"https:\/\/koningdrone.nl\/wp-content\/uploads\/2026\/04\/Product-Share-Slam-S100-16-32-32pro.jpg\"><img loading=\"lazy\" decoding=\"async\" class=\"wp-image-471791 size-medium aligncenter\" src=\"https:\/\/koningdrone.nl\/wp-content\/uploads\/2026\/04\/Product-Share-Slam-S100-16-32-32pro-300x300.jpg\" alt=\"Product Share Slam S100 16 32 32pro\" width=\"300\" height=\"300\" \/><\/a><\/p>\n<h4>Con\u00e7u pour une productivit\u00e9 maximale<\/h4>\n<p>Le mat\u00e9riel du S100-32 est con\u00e7u pour une utilisation industrielle intensive :<\/p>\n<ul>\n<li><strong>Traitement fluide en temps r\u00e9el :<\/strong> Gr\u00e2ce \u00e0 son puissant processeur embarqu\u00e9, le S100-32 g\u00e8re sans effort les grandes quantit\u00e9s de donn\u00e9es. Vous verrez votre mod\u00e8le d\u00e9taill\u00e9 se construire en douceur, ce qui vous permettra de couvrir de plus grandes zones plus rapidement.<\/li>\n<li><strong>La robustesse sur le lieu de travail :<\/strong> Avec un poids d'environ 2,2 kg et une conception \u00e9quilibr\u00e9e, le scanner est con\u00e7u pour les conditions les plus difficiles, de l'exploitation mini\u00e8re aux chantiers de construction complexes.<\/li>\n<li><strong>Employabilit\u00e9 maximale :<\/strong> Les batteries rempla\u00e7ables \u00e0 chaud et le stockage SSD interne de 1 To vous permettent de travailler toute la journ\u00e9e sans vous soucier de l'espace de stockage ou de l'alimentation.<\/li>\n<\/ul>\n<p><a href=\"https:\/\/koningdrone.nl\/wp-content\/uploads\/2026\/04\/Share-Slam-S100-16-32-32pro.jpg\"><img loading=\"lazy\" decoding=\"async\" class=\"wp-image-471793 size-medium aligncenter\" src=\"https:\/\/koningdrone.nl\/wp-content\/uploads\/2026\/04\/Share-Slam-S100-16-32-32pro-300x300.jpg\" alt=\"Share Slam S100 16 32 32pro\" width=\"300\" height=\"300\" \/><\/a><\/p>\n<h4>Pourquoi le SHARE SLAM S100-32 est le seul choix possible<\/h4>\n<p>Le SHARE SLAM S100-32 offre la vitesse et la pr\u00e9cision n\u00e9cessaires pour les projets les plus importants et les plus d\u00e9taill\u00e9s. C'est l'outil ultime pour ceux qui ne se contentent pas de r\u00e9sultats moyens. Qu'il s'agisse de cartographier un complexe industriel ou de num\u00e9riser un vaste r\u00e9seau d'infrastructures, le S100-32 fournit des donn\u00e9es 3D de la plus haute qualit\u00e9 avec une efficacit\u00e9 sans pr\u00e9c\u00e9dent.<\/p>","protected":false},"excerpt":{"rendered":"<ul>\n<li>Scanner LiDAR portable pour la cartographie 3D professionnelle<\/li>\n<li>Jusqu'\u00e0 640 000 points par seconde pour des donn\u00e9es extr\u00eamement d\u00e9taill\u00e9es<\/li>\n<li>Port\u00e9e jusqu'\u00e0 300 m\u00e8tres (version Pro) pour les scans \u00e0 grande \u00e9chelle<\/li>\n<li>Support RTK &amp; PPK pour une pr\u00e9cision centim\u00e9trique<\/li>\n<li>Jusqu'\u00e0 3 heures d'autonomie avec des piles rempla\u00e7ables \u00e0 chaud<\/li>\n<\/ul>","protected":false},"featured_media":18410,"template":"","meta":{"_acf_changed":false},"product_brand":[],"product_cat":[1841],"product_tag":[],"class_list":{"0":"post-18355","1":"product","2":"type-product","3":"status-publish","4":"has-post-thumbnail","6":"product_cat-share-slam-s100","8":"first","9":"instock","10":"taxable","11":"shipping-taxable","12":"purchasable","13":"product-type-simple"},"acf":[],"yoast_head":"<!-- This site is optimized with the Yoast SEO Premium plugin v27.2 (Yoast SEO v27.2) - https:\/\/yoast.com\/product\/yoast-seo-premium-wordpress\/ -->\n<title>Share Slam S100 32 - koningdrone.be<\/title>\n<meta name=\"robots\" content=\"index, follow, max-snippet:-1, max-image-preview:large, max-video-preview:-1\" \/>\n<link rel=\"canonical\" href=\"https:\/\/koningdrone.be\/fr\/produit\/share-slam-s100-32\/\" \/>\n<meta property=\"og:locale\" content=\"fr_FR\" \/>\n<meta property=\"og:type\" content=\"article\" \/>\n<meta property=\"og:title\" content=\"Share Slam S100 32\" \/>\n<meta property=\"og:description\" content=\"Handheld LiDAR scanner voor professionele 3D-mapping  Tot 640.000 punten per seconde voor extreem gedetailleerde data  Bereik tot 300 meter (Pro versie) voor grootschalige scans  RTK &amp; PPK ondersteuning voor centimeter-nauwkeurigheid  Tot 3 uur batterijduur met hot-swappable batterijen\" \/>\n<meta property=\"og:url\" content=\"https:\/\/koningdrone.be\/fr\/produit\/share-slam-s100-32\/\" \/>\n<meta property=\"og:site_name\" content=\"koningdrone.be\" \/>\n<meta property=\"article:modified_time\" content=\"2026-04-10T10:48:21+00:00\" \/>\n<meta property=\"og:image\" content=\"https:\/\/koningdrone.be\/wp-content\/uploads\/sites\/13\/2026\/04\/Share-Slam-S100-16-32-32pro-1.jpg\" \/>\n\t<meta property=\"og:image:width\" content=\"1000\" \/>\n\t<meta property=\"og:image:height\" content=\"1000\" \/>\n\t<meta property=\"og:image:type\" content=\"image\/jpeg\" \/>\n<meta name=\"twitter:card\" content=\"summary_large_image\" \/>\n<meta name=\"twitter:label1\" content=\"Dur\u00e9e de lecture est.\" \/>\n\t<meta name=\"twitter:data1\" content=\"3 minutes\" \/>\n<script type=\"application\/ld+json\" class=\"yoast-schema-graph\">{\"@context\":\"https:\/\/schema.org\",\"@graph\":[{\"@type\":\"WebPage\",\"@id\":\"https:\/\/koningdrone.be\/product\/share-slam-s100-32\/\",\"url\":\"https:\/\/koningdrone.be\/product\/share-slam-s100-32\/\",\"name\":\"Share Slam S100 32 - koningdrone.be\",\"isPartOf\":{\"@id\":\"https:\/\/koningdrone.be\/#website\"},\"primaryImageOfPage\":{\"@id\":\"https:\/\/koningdrone.be\/product\/share-slam-s100-32\/#primaryimage\"},\"image\":{\"@id\":\"https:\/\/koningdrone.be\/product\/share-slam-s100-32\/#primaryimage\"},\"thumbnailUrl\":\"https:\/\/koningdrone.be\/wp-content\/uploads\/sites\/13\/2026\/04\/Share-Slam-S100-16-32-32pro-1.jpg\",\"datePublished\":\"2026-04-06T10:44:28+00:00\",\"dateModified\":\"2026-04-10T10:48:21+00:00\",\"breadcrumb\":{\"@id\":\"https:\/\/koningdrone.be\/product\/share-slam-s100-32\/#breadcrumb\"},\"inLanguage\":\"fr-BE\",\"potentialAction\":[{\"@type\":\"ReadAction\",\"target\":[\"https:\/\/koningdrone.be\/product\/share-slam-s100-32\/\"]}]},{\"@type\":\"ImageObject\",\"inLanguage\":\"fr-BE\",\"@id\":\"https:\/\/koningdrone.be\/product\/share-slam-s100-32\/#primaryimage\",\"url\":\"https:\/\/koningdrone.be\/wp-content\/uploads\/sites\/13\/2026\/04\/Share-Slam-S100-16-32-32pro-1.jpg\",\"contentUrl\":\"https:\/\/koningdrone.be\/wp-content\/uploads\/sites\/13\/2026\/04\/Share-Slam-S100-16-32-32pro-1.jpg\",\"width\":1000,\"height\":1000},{\"@type\":\"BreadcrumbList\",\"@id\":\"https:\/\/koningdrone.be\/product\/share-slam-s100-32\/#breadcrumb\",\"itemListElement\":[{\"@type\":\"ListItem\",\"position\":1,\"name\":\"Home\",\"item\":\"https:\/\/koningdrone.be\/\"},{\"@type\":\"ListItem\",\"position\":2,\"name\":\"AVSS Parachute Recovery System for DJI Matrice 300\/350\",\"item\":\"https:\/\/koningdrone.be\/product\/avss-parachute-recovery-system-for-dji-matrice-300-350\/\"},{\"@type\":\"ListItem\",\"position\":3,\"name\":\"Share Slam S100\",\"item\":\"https:\/\/koningdrone.be\/categorie\/share-slam-s100\/\"},{\"@type\":\"ListItem\",\"position\":4,\"name\":\"Share Slam S100 32\"}]},{\"@type\":\"WebSite\",\"@id\":\"https:\/\/koningdrone.be\/#website\",\"url\":\"https:\/\/koningdrone.be\/\",\"name\":\"Koningdrone.be - Uw online specialist in drones, gimbals, camera's en power stations.\",\"description\":\"De webshop in drones en gimbals\",\"publisher\":{\"@id\":\"https:\/\/koningdrone.be\/#organization\"},\"potentialAction\":[{\"@type\":\"SearchAction\",\"target\":{\"@type\":\"EntryPoint\",\"urlTemplate\":\"https:\/\/koningdrone.be\/?s={search_term_string}\"},\"query-input\":{\"@type\":\"PropertyValueSpecification\",\"valueRequired\":true,\"valueName\":\"search_term_string\"}}],\"inLanguage\":\"fr-BE\"},{\"@type\":\"Organization\",\"@id\":\"https:\/\/koningdrone.be\/#organization\",\"name\":\"Koningdrone.be\",\"url\":\"https:\/\/koningdrone.be\/\",\"logo\":{\"@type\":\"ImageObject\",\"inLanguage\":\"fr-BE\",\"@id\":\"https:\/\/koningdrone.be\/#\/schema\/logo\/image\/\",\"url\":\"https:\/\/koningdrone.be\/wp-content\/uploads\/sites\/13\/2025\/04\/koningdrone-copyright-logo.svg\",\"contentUrl\":\"https:\/\/koningdrone.be\/wp-content\/uploads\/sites\/13\/2025\/04\/koningdrone-copyright-logo.svg\",\"width\":227,\"height\":38,\"caption\":\"Koningdrone.be\"},\"image\":{\"@id\":\"https:\/\/koningdrone.be\/#\/schema\/logo\/image\/\"}}]}<\/script>\n<!-- \/ Yoast SEO Premium plugin. -->","yoast_head_json":{"title":"Share Slam S100 32 - koningdrone.be","robots":{"index":"index","follow":"follow","max-snippet":"max-snippet:-1","max-image-preview":"max-image-preview:large","max-video-preview":"max-video-preview:-1"},"canonical":"https:\/\/koningdrone.be\/fr\/produit\/share-slam-s100-32\/","og_locale":"fr_FR","og_type":"article","og_title":"Share Slam S100 32","og_description":"Handheld LiDAR scanner voor professionele 3D-mapping  Tot 640.000 punten per seconde voor extreem gedetailleerde data  Bereik tot 300 meter (Pro versie) voor grootschalige scans  RTK &amp; PPK ondersteuning voor centimeter-nauwkeurigheid  Tot 3 uur batterijduur met hot-swappable batterijen","og_url":"https:\/\/koningdrone.be\/fr\/produit\/share-slam-s100-32\/","og_site_name":"koningdrone.be","article_modified_time":"2026-04-10T10:48:21+00:00","og_image":[{"width":1000,"height":1000,"url":"https:\/\/koningdrone.be\/wp-content\/uploads\/sites\/13\/2026\/04\/Share-Slam-S100-16-32-32pro-1.jpg","type":"image\/jpeg"}],"twitter_card":"summary_large_image","twitter_misc":{"Dur\u00e9e de lecture est.":"3 minutes"},"schema":{"@context":"https:\/\/schema.org","@graph":[{"@type":"WebPage","@id":"https:\/\/koningdrone.be\/product\/share-slam-s100-32\/","url":"https:\/\/koningdrone.be\/product\/share-slam-s100-32\/","name":"Share Slam S100 32 - koningdrone.be","isPartOf":{"@id":"https:\/\/koningdrone.be\/#website"},"primaryImageOfPage":{"@id":"https:\/\/koningdrone.be\/product\/share-slam-s100-32\/#primaryimage"},"image":{"@id":"https:\/\/koningdrone.be\/product\/share-slam-s100-32\/#primaryimage"},"thumbnailUrl":"https:\/\/koningdrone.be\/wp-content\/uploads\/sites\/13\/2026\/04\/Share-Slam-S100-16-32-32pro-1.jpg","datePublished":"2026-04-06T10:44:28+00:00","dateModified":"2026-04-10T10:48:21+00:00","breadcrumb":{"@id":"https:\/\/koningdrone.be\/product\/share-slam-s100-32\/#breadcrumb"},"inLanguage":"fr-BE","potentialAction":[{"@type":"ReadAction","target":["https:\/\/koningdrone.be\/product\/share-slam-s100-32\/"]}]},{"@type":"ImageObject","inLanguage":"fr-BE","@id":"https:\/\/koningdrone.be\/product\/share-slam-s100-32\/#primaryimage","url":"https:\/\/koningdrone.be\/wp-content\/uploads\/sites\/13\/2026\/04\/Share-Slam-S100-16-32-32pro-1.jpg","contentUrl":"https:\/\/koningdrone.be\/wp-content\/uploads\/sites\/13\/2026\/04\/Share-Slam-S100-16-32-32pro-1.jpg","width":1000,"height":1000},{"@type":"BreadcrumbList","@id":"https:\/\/koningdrone.be\/product\/share-slam-s100-32\/#breadcrumb","itemListElement":[{"@type":"ListItem","position":1,"name":"Home","item":"https:\/\/koningdrone.be\/"},{"@type":"ListItem","position":2,"name":"AVSS Parachute Recovery System for DJI Matrice 300\/350","item":"https:\/\/koningdrone.be\/product\/avss-parachute-recovery-system-for-dji-matrice-300-350\/"},{"@type":"ListItem","position":3,"name":"Share Slam S100","item":"https:\/\/koningdrone.be\/categorie\/share-slam-s100\/"},{"@type":"ListItem","position":4,"name":"Share Slam S100 32"}]},{"@type":"WebSite","@id":"https:\/\/koningdrone.be\/#website","url":"https:\/\/koningdrone.be\/","name":"Koningdrone.be - Votre sp\u00e9cialiste en ligne en mati\u00e8re de drones, de cardans, de cam\u00e9ras et de centrales \u00e9lectriques.","description":"La boutique en ligne de drones et de cardans","publisher":{"@id":"https:\/\/koningdrone.be\/#organization"},"potentialAction":[{"@type":"SearchAction","target":{"@type":"EntryPoint","urlTemplate":"https:\/\/koningdrone.be\/?s={search_term_string}"},"query-input":{"@type":"PropertyValueSpecification","valueRequired":true,"valueName":"search_term_string"}}],"inLanguage":"fr-BE"},{"@type":"Organization","@id":"https:\/\/koningdrone.be\/#organization","name":"Kingdrone.co.uk","url":"https:\/\/koningdrone.be\/","logo":{"@type":"ImageObject","inLanguage":"fr-BE","@id":"https:\/\/koningdrone.be\/#\/schema\/logo\/image\/","url":"https:\/\/koningdrone.be\/wp-content\/uploads\/sites\/13\/2025\/04\/koningdrone-copyright-logo.svg","contentUrl":"https:\/\/koningdrone.be\/wp-content\/uploads\/sites\/13\/2025\/04\/koningdrone-copyright-logo.svg","width":227,"height":38,"caption":"Koningdrone.be"},"image":{"@id":"https:\/\/koningdrone.be\/#\/schema\/logo\/image\/"}}]}},"df_price":13075,"df_sale_price":"","df_regular_price":13075,"df_image_link":"https:\/\/koningdrone.be\/wp-content\/uploads\/sites\/13\/2026\/04\/Share-Slam-S100-16-32-32pro-1-300x300.jpg","_links":{"self":[{"href":"https:\/\/koningdrone.be\/fr\/wp-json\/wp\/v2\/product\/18355","targetHints":{"allow":["GET"]}}],"collection":[{"href":"https:\/\/koningdrone.be\/fr\/wp-json\/wp\/v2\/product"}],"about":[{"href":"https:\/\/koningdrone.be\/fr\/wp-json\/wp\/v2\/types\/product"}],"wp:featuredmedia":[{"embeddable":true,"href":"https:\/\/koningdrone.be\/fr\/wp-json\/wp\/v2\/media\/18410"}],"wp:attachment":[{"href":"https:\/\/koningdrone.be\/fr\/wp-json\/wp\/v2\/media?parent=18355"}],"wp:term":[{"taxonomy":"product_brand","embeddable":true,"href":"https:\/\/koningdrone.be\/fr\/wp-json\/wp\/v2\/product_brand?post=18355"},{"taxonomy":"product_cat","embeddable":true,"href":"https:\/\/koningdrone.be\/fr\/wp-json\/wp\/v2\/product_cat?post=18355"},{"taxonomy":"product_tag","embeddable":true,"href":"https:\/\/koningdrone.be\/fr\/wp-json\/wp\/v2\/product_tag?post=18355"}],"curies":[{"name":"wp","href":"https:\/\/api.w.org\/{rel}","templated":true}]}}