{"id":18335,"date":"2026-04-04T13:40:05","date_gmt":"2026-04-04T11:40:05","guid":{"rendered":"https:\/\/koningdrone.be\/?post_type=product&#038;p=18335"},"modified":"2026-04-29T14:50:54","modified_gmt":"2026-04-29T12:50:54","slug":"dji-care-enterprise-basic-auto-act-h30t","status":"publish","type":"product","link":"https:\/\/koningdrone.be\/fr\/produit\/dji-care-enterprise-basic-auto-act-h30t\/","title":{"rendered":"DJI Care Enterprise Basic Auto-Act. H30T"},"content":{"rendered":"<h3>DJI Care Enterprise Basic Auto-Act. H30T<\/h3>\n<p>DJI Care Enterprise Basic Auto-Activation H30T is een professioneel serviceplan dat speciaal is ontwikkeld voor de DJI Zenmuse H30T payload. Dit digitale product biedt essenti\u00eble bescherming en serviceondersteuning vanaf het moment dat het apparaat wordt geactiveerd. Dankzij de auto-activatie wordt het serviceplan automatisch gekoppeld aan de payload, zonder handmatige stappen.<br \/>\nHet plan is ideaal voor professionals die werken met thermische en multisensor payloads in sectoren zoals openbare veiligheid, inspectie en industri\u00eble toepassingen, waar betrouwbaarheid en snelle inzet cruciaal zijn.<\/p>\n<h4>Performance et fonctionnalit\u00e9<\/h4>\n<p>DJI Care Enterprise Basic biedt dekking voor accidentele schade tijdens normaal gebruik, waaronder crashes, waterschade en operationele fouten. Binnen de looptijd van het plan zijn maximaal twee vervangingen mogelijk tegen een beperkte extra kost per vervanging.<\/p>\n<p>Dit zorgt ervoor dat je snel weer operationeel bent na een incident, zonder langdurige stilstand. Het serviceplan helpt daarnaast om onderhoudskosten voorspelbaar te houden en de betrouwbaarheid van je apparatuur te verhogen tijdens kritieke missies.<\/p>\n<p>De auto-activatie functie zorgt ervoor dat het plan automatisch wordt gekoppeld aan het apparaat bij activatie, wat het beheer vereenvoudigt en fouten voorkomt.<\/p>\n<p><a href=\"https:\/\/koningdrone.nl\/wp-content\/uploads\/2026\/04\/DJI-Care-Enterprise-Basic-Auto-Act.-H30T-scaled.jpg\"><img loading=\"lazy\" decoding=\"async\" class=\"size-medium wp-image-471584 aligncenter\" src=\"https:\/\/koningdrone.nl\/wp-content\/uploads\/2026\/04\/DJI-Care-Enterprise-Basic-Auto-Act.-H30T-300x200.jpg\" alt=\"DJI Care Enterprise Basic Auto-Act. H30T\" width=\"300\" height=\"200\" \/><\/a><\/p>\n<h4>Qualit\u00e9 de construction et conception<\/h4>\n<p>Als digitaal serviceproduct is DJI Care Enterprise Basic volledig ge\u00efntegreerd binnen het DJI ecosysteem. De cloudgebaseerde registratie en automatische koppeling zorgen voor een naadloze gebruikerservaring zonder fysieke installatie of extra configuratie.<br \/>\nHet plan is flexibel inzetbaar en geschikt voor zowel individuele operators als grotere professionele dronevloten die werken met geavanceerde payloads.<\/p>\n<h4>Pourquoi vous en avez besoin<\/h4>\n<p>DJI Care Enterprise Basic Auto-Activation H30T est essentiel pour les professionnels qui souhaitent prot\u00e9ger leur charge utile Zenmuse H30T contre les dommages inattendus. Il assure la s\u00e9curit\u00e9, r\u00e9duit les risques et vous permet de reprendre rapidement le cours de vos activit\u00e9s apr\u00e8s un incident.<\/p>","protected":false},"excerpt":{"rendered":"<ul>\n<li>Protection essentielle contre les dommages accidentels pour le Zenmuse H30T<\/li>\n<li>Activation automatique li\u00e9e \u00e0 la charge utile sans \u00e9tapes manuelles<\/li>\n<li>Jusqu'\u00e0 2 remplacements possibles pendant la dur\u00e9e du plan<\/li>\n<li>Prise en charge rapide par DJI Care Express<\/li>\n<li>Augmentation de la fiabilit\u00e9 dans l'utilisation professionnelle de capteurs thermiques et multi-capteurs<\/li>\n<\/ul>","protected":false},"featured_media":18334,"template":"","meta":{"_acf_changed":false},"product_brand":[],"product_cat":[175,1876],"product_tag":[],"class_list":{"0":"post-18335","1":"product","2":"type-product","3":"status-publish","4":"has-post-thumbnail","6":"product_cat-alle-care-refresh","7":"product_cat-dji-zenmuse-h30t","8":"product_shipping_class-outofstock","9":"pa_brand-dji","10":"pa_producttype-serviceplan","12":"first","13":"outofstock","14":"taxable","15":"shipping-taxable","16":"product-type-simple"},"acf":[],"yoast_head":"<!-- This site is optimized with the Yoast SEO Premium plugin v27.2 (Yoast SEO v27.2) - https:\/\/yoast.com\/product\/yoast-seo-premium-wordpress\/ -->\n<title>DJI Care Enterprise Basic Auto-Act. H30T - koningdrone.be<\/title>\n<meta name=\"robots\" content=\"index, follow, max-snippet:-1, max-image-preview:large, max-video-preview:-1\" \/>\n<link rel=\"canonical\" href=\"https:\/\/koningdrone.be\/fr\/produit\/dji-care-enterprise-basic-auto-act-h30t\/\" \/>\n<meta property=\"og:locale\" content=\"fr_FR\" \/>\n<meta property=\"og:type\" content=\"article\" \/>\n<meta property=\"og:title\" content=\"DJI Care Enterprise Basic Auto-Act. H30T\" \/>\n<meta property=\"og:description\" content=\"Essenti\u00eble bescherming tegen accidentele schade voor de Zenmuse H30T  Automatische activatie gekoppeld aan de payload zonder handmatige stappen  Tot 2 vervangingen mogelijk binnen de looptijd van het plan  Snelle serviceafhandeling via DJI Care Express  Verhoogt betrouwbaarheid bij professioneel thermisch en multisensor gebruik\" \/>\n<meta property=\"og:url\" content=\"https:\/\/koningdrone.be\/fr\/produit\/dji-care-enterprise-basic-auto-act-h30t\/\" \/>\n<meta property=\"og:site_name\" content=\"koningdrone.be\" \/>\n<meta property=\"article:modified_time\" content=\"2026-04-29T12:50:54+00:00\" \/>\n<meta property=\"og:image\" content=\"https:\/\/koningdrone.be\/wp-content\/uploads\/sites\/13\/2026\/04\/DJI-Care-Enterprise-Basic-Auto-Act.-H30T-scaled-1.jpg\" \/>\n\t<meta property=\"og:image:width\" content=\"2560\" \/>\n\t<meta property=\"og:image:height\" content=\"1707\" \/>\n\t<meta property=\"og:image:type\" content=\"image\/jpeg\" \/>\n<meta name=\"twitter:card\" content=\"summary_large_image\" \/>\n<meta name=\"twitter:label1\" content=\"Dur\u00e9e de lecture est.\" \/>\n\t<meta name=\"twitter:data1\" content=\"1 minute\" \/>\n<script type=\"application\/ld+json\" class=\"yoast-schema-graph\">{\"@context\":\"https:\/\/schema.org\",\"@graph\":[{\"@type\":\"WebPage\",\"@id\":\"https:\/\/koningdrone.be\/product\/dji-care-enterprise-basic-auto-act-h30t\/\",\"url\":\"https:\/\/koningdrone.be\/product\/dji-care-enterprise-basic-auto-act-h30t\/\",\"name\":\"DJI Care Enterprise Basic Auto-Act. H30T - koningdrone.be\",\"isPartOf\":{\"@id\":\"https:\/\/koningdrone.be\/#website\"},\"primaryImageOfPage\":{\"@id\":\"https:\/\/koningdrone.be\/product\/dji-care-enterprise-basic-auto-act-h30t\/#primaryimage\"},\"image\":{\"@id\":\"https:\/\/koningdrone.be\/product\/dji-care-enterprise-basic-auto-act-h30t\/#primaryimage\"},\"thumbnailUrl\":\"https:\/\/koningdrone.be\/wp-content\/uploads\/sites\/13\/2026\/04\/DJI-Care-Enterprise-Basic-Auto-Act.-H30T-scaled-1.jpg\",\"datePublished\":\"2026-04-04T11:40:05+00:00\",\"dateModified\":\"2026-04-29T12:50:54+00:00\",\"breadcrumb\":{\"@id\":\"https:\/\/koningdrone.be\/product\/dji-care-enterprise-basic-auto-act-h30t\/#breadcrumb\"},\"inLanguage\":\"fr-BE\",\"potentialAction\":[{\"@type\":\"ReadAction\",\"target\":[\"https:\/\/koningdrone.be\/product\/dji-care-enterprise-basic-auto-act-h30t\/\"]}]},{\"@type\":\"ImageObject\",\"inLanguage\":\"fr-BE\",\"@id\":\"https:\/\/koningdrone.be\/product\/dji-care-enterprise-basic-auto-act-h30t\/#primaryimage\",\"url\":\"https:\/\/koningdrone.be\/wp-content\/uploads\/sites\/13\/2026\/04\/DJI-Care-Enterprise-Basic-Auto-Act.-H30T-scaled-1.jpg\",\"contentUrl\":\"https:\/\/koningdrone.be\/wp-content\/uploads\/sites\/13\/2026\/04\/DJI-Care-Enterprise-Basic-Auto-Act.-H30T-scaled-1.jpg\",\"width\":2560,\"height\":1707},{\"@type\":\"BreadcrumbList\",\"@id\":\"https:\/\/koningdrone.be\/product\/dji-care-enterprise-basic-auto-act-h30t\/#breadcrumb\",\"itemListElement\":[{\"@type\":\"ListItem\",\"position\":1,\"name\":\"Home\",\"item\":\"https:\/\/koningdrone.be\/\"},{\"@type\":\"ListItem\",\"position\":2,\"name\":\"AVSS Parachute Recovery System for DJI Matrice 300\/350\",\"item\":\"https:\/\/koningdrone.be\/product\/avss-parachute-recovery-system-for-dji-matrice-300-350\/\"},{\"@type\":\"ListItem\",\"position\":3,\"name\":\"Alle care refresh\",\"item\":\"https:\/\/koningdrone.be\/categorie\/alle-care-refresh\/\"},{\"@type\":\"ListItem\",\"position\":4,\"name\":\"DJI Care Enterprise Basic Auto-Act. H30T\"}]},{\"@type\":\"WebSite\",\"@id\":\"https:\/\/koningdrone.be\/#website\",\"url\":\"https:\/\/koningdrone.be\/\",\"name\":\"Koningdrone.be - Uw online specialist in drones, gimbals, camera's en power stations.\",\"description\":\"De webshop in drones en gimbals\",\"publisher\":{\"@id\":\"https:\/\/koningdrone.be\/#organization\"},\"potentialAction\":[{\"@type\":\"SearchAction\",\"target\":{\"@type\":\"EntryPoint\",\"urlTemplate\":\"https:\/\/koningdrone.be\/?s={search_term_string}\"},\"query-input\":{\"@type\":\"PropertyValueSpecification\",\"valueRequired\":true,\"valueName\":\"search_term_string\"}}],\"inLanguage\":\"fr-BE\"},{\"@type\":\"Organization\",\"@id\":\"https:\/\/koningdrone.be\/#organization\",\"name\":\"Koningdrone.be\",\"url\":\"https:\/\/koningdrone.be\/\",\"logo\":{\"@type\":\"ImageObject\",\"inLanguage\":\"fr-BE\",\"@id\":\"https:\/\/koningdrone.be\/#\/schema\/logo\/image\/\",\"url\":\"https:\/\/koningdrone.be\/wp-content\/uploads\/sites\/13\/2025\/04\/koningdrone-copyright-logo.svg\",\"contentUrl\":\"https:\/\/koningdrone.be\/wp-content\/uploads\/sites\/13\/2025\/04\/koningdrone-copyright-logo.svg\",\"width\":227,\"height\":38,\"caption\":\"Koningdrone.be\"},\"image\":{\"@id\":\"https:\/\/koningdrone.be\/#\/schema\/logo\/image\/\"}}]}<\/script>\n<!-- \/ Yoast SEO Premium plugin. -->","yoast_head_json":{"title":"DJI Care Enterprise Basic Auto-Act. H30T - koningdrone.be","robots":{"index":"index","follow":"follow","max-snippet":"max-snippet:-1","max-image-preview":"max-image-preview:large","max-video-preview":"max-video-preview:-1"},"canonical":"https:\/\/koningdrone.be\/fr\/produit\/dji-care-enterprise-basic-auto-act-h30t\/","og_locale":"fr_FR","og_type":"article","og_title":"DJI Care Enterprise Basic Auto-Act. H30T","og_description":"Essenti\u00eble bescherming tegen accidentele schade voor de Zenmuse H30T  Automatische activatie gekoppeld aan de payload zonder handmatige stappen  Tot 2 vervangingen mogelijk binnen de looptijd van het plan  Snelle serviceafhandeling via DJI Care Express  Verhoogt betrouwbaarheid bij professioneel thermisch en multisensor gebruik","og_url":"https:\/\/koningdrone.be\/fr\/produit\/dji-care-enterprise-basic-auto-act-h30t\/","og_site_name":"koningdrone.be","article_modified_time":"2026-04-29T12:50:54+00:00","og_image":[{"width":2560,"height":1707,"url":"https:\/\/koningdrone.be\/wp-content\/uploads\/sites\/13\/2026\/04\/DJI-Care-Enterprise-Basic-Auto-Act.-H30T-scaled-1.jpg","type":"image\/jpeg"}],"twitter_card":"summary_large_image","twitter_misc":{"Dur\u00e9e de lecture est.":"1 minute"},"schema":{"@context":"https:\/\/schema.org","@graph":[{"@type":"WebPage","@id":"https:\/\/koningdrone.be\/product\/dji-care-enterprise-basic-auto-act-h30t\/","url":"https:\/\/koningdrone.be\/product\/dji-care-enterprise-basic-auto-act-h30t\/","name":"DJI Care Enterprise Basic Auto-Act. H30T - koningdrone.be","isPartOf":{"@id":"https:\/\/koningdrone.be\/#website"},"primaryImageOfPage":{"@id":"https:\/\/koningdrone.be\/product\/dji-care-enterprise-basic-auto-act-h30t\/#primaryimage"},"image":{"@id":"https:\/\/koningdrone.be\/product\/dji-care-enterprise-basic-auto-act-h30t\/#primaryimage"},"thumbnailUrl":"https:\/\/koningdrone.be\/wp-content\/uploads\/sites\/13\/2026\/04\/DJI-Care-Enterprise-Basic-Auto-Act.-H30T-scaled-1.jpg","datePublished":"2026-04-04T11:40:05+00:00","dateModified":"2026-04-29T12:50:54+00:00","breadcrumb":{"@id":"https:\/\/koningdrone.be\/product\/dji-care-enterprise-basic-auto-act-h30t\/#breadcrumb"},"inLanguage":"fr-BE","potentialAction":[{"@type":"ReadAction","target":["https:\/\/koningdrone.be\/product\/dji-care-enterprise-basic-auto-act-h30t\/"]}]},{"@type":"ImageObject","inLanguage":"fr-BE","@id":"https:\/\/koningdrone.be\/product\/dji-care-enterprise-basic-auto-act-h30t\/#primaryimage","url":"https:\/\/koningdrone.be\/wp-content\/uploads\/sites\/13\/2026\/04\/DJI-Care-Enterprise-Basic-Auto-Act.-H30T-scaled-1.jpg","contentUrl":"https:\/\/koningdrone.be\/wp-content\/uploads\/sites\/13\/2026\/04\/DJI-Care-Enterprise-Basic-Auto-Act.-H30T-scaled-1.jpg","width":2560,"height":1707},{"@type":"BreadcrumbList","@id":"https:\/\/koningdrone.be\/product\/dji-care-enterprise-basic-auto-act-h30t\/#breadcrumb","itemListElement":[{"@type":"ListItem","position":1,"name":"Home","item":"https:\/\/koningdrone.be\/"},{"@type":"ListItem","position":2,"name":"AVSS Parachute Recovery System for DJI Matrice 300\/350","item":"https:\/\/koningdrone.be\/product\/avss-parachute-recovery-system-for-dji-matrice-300-350\/"},{"@type":"ListItem","position":3,"name":"Alle care refresh","item":"https:\/\/koningdrone.be\/categorie\/alle-care-refresh\/"},{"@type":"ListItem","position":4,"name":"DJI Care Enterprise Basic Auto-Act. H30T"}]},{"@type":"WebSite","@id":"https:\/\/koningdrone.be\/#website","url":"https:\/\/koningdrone.be\/","name":"Koningdrone.be - Votre sp\u00e9cialiste en ligne en mati\u00e8re de drones, de cardans, de cam\u00e9ras et de centrales \u00e9lectriques.","description":"La boutique en ligne de drones et de cardans","publisher":{"@id":"https:\/\/koningdrone.be\/#organization"},"potentialAction":[{"@type":"SearchAction","target":{"@type":"EntryPoint","urlTemplate":"https:\/\/koningdrone.be\/?s={search_term_string}"},"query-input":{"@type":"PropertyValueSpecification","valueRequired":true,"valueName":"search_term_string"}}],"inLanguage":"fr-BE"},{"@type":"Organization","@id":"https:\/\/koningdrone.be\/#organization","name":"Kingdrone.co.uk","url":"https:\/\/koningdrone.be\/","logo":{"@type":"ImageObject","inLanguage":"fr-BE","@id":"https:\/\/koningdrone.be\/#\/schema\/logo\/image\/","url":"https:\/\/koningdrone.be\/wp-content\/uploads\/sites\/13\/2025\/04\/koningdrone-copyright-logo.svg","contentUrl":"https:\/\/koningdrone.be\/wp-content\/uploads\/sites\/13\/2025\/04\/koningdrone-copyright-logo.svg","width":227,"height":38,"caption":"Koningdrone.be"},"image":{"@id":"https:\/\/koningdrone.be\/#\/schema\/logo\/image\/"}}]}},"df_price":"","df_sale_price":"","df_regular_price":"","df_image_link":"https:\/\/koningdrone.be\/wp-content\/uploads\/sites\/13\/2026\/04\/DJI-Care-Enterprise-Basic-Auto-Act.-H30T-scaled-1-300x200.jpg","_links":{"self":[{"href":"https:\/\/koningdrone.be\/fr\/wp-json\/wp\/v2\/product\/18335","targetHints":{"allow":["GET"]}}],"collection":[{"href":"https:\/\/koningdrone.be\/fr\/wp-json\/wp\/v2\/product"}],"about":[{"href":"https:\/\/koningdrone.be\/fr\/wp-json\/wp\/v2\/types\/product"}],"wp:featuredmedia":[{"embeddable":true,"href":"https:\/\/koningdrone.be\/fr\/wp-json\/wp\/v2\/media\/18334"}],"wp:attachment":[{"href":"https:\/\/koningdrone.be\/fr\/wp-json\/wp\/v2\/media?parent=18335"}],"wp:term":[{"taxonomy":"product_brand","embeddable":true,"href":"https:\/\/koningdrone.be\/fr\/wp-json\/wp\/v2\/product_brand?post=18335"},{"taxonomy":"product_cat","embeddable":true,"href":"https:\/\/koningdrone.be\/fr\/wp-json\/wp\/v2\/product_cat?post=18335"},{"taxonomy":"product_tag","embeddable":true,"href":"https:\/\/koningdrone.be\/fr\/wp-json\/wp\/v2\/product_tag?post=18335"}],"curies":[{"name":"wp","href":"https:\/\/api.w.org\/{rel}","templated":true}]}}