{"id":18327,"date":"2026-04-03T09:52:16","date_gmt":"2026-04-03T07:52:16","guid":{"rendered":"https:\/\/koningdrone.be\/?post_type=product&#038;p=18327"},"modified":"2026-04-29T15:00:16","modified_gmt":"2026-04-29T13:00:16","slug":"dji-care-plus-auto-act-matrice-4t","status":"publish","type":"product","link":"https:\/\/koningdrone.be\/fr\/produit\/dji-care-plus-auto-act-matrice-4t\/","title":{"rendered":"DJI Care plus Auto-Act. Matrice 4T"},"content":{"rendered":"<h3>DJI Care plus Auto-Act. Matrice 4T<\/h3>\n<p>DJI Care Plus Auto-Activation Matrice 4T est un plan de service professionnel con\u00e7u sp\u00e9cifiquement pour le DJI Matrice 4T. Ce produit num\u00e9rique offre une protection compl\u00e8te et un service d'assistance \u00e0 partir du moment o\u00f9 le drone est activ\u00e9. Gr\u00e2ce \u00e0 l'auto-activation, le plan de service est automatiquement li\u00e9 \u00e0 l'appareil, sans qu'il soit n\u00e9cessaire de l'activer manuellement.<\/p>\n<p>Ce plan est id\u00e9al pour les applications professionnelles telles que l'inspection, la s\u00e9curit\u00e9 et les op\u00e9rations industrielles, o\u00f9 la fiabilit\u00e9 et un temps d'arr\u00eat minimal sont essentiels.<\/p>\n<h4>Performance et fonctionnalit\u00e9<\/h4>\n<p>DJI Care Plus offre une couverture compl\u00e8te contre les dommages accidentels, y compris les collisions, les d\u00e9g\u00e2ts des eaux, la perte de signal et les erreurs de l'utilisateur. Votre drone reste ainsi prot\u00e9g\u00e9 lors d'une utilisation intensive et professionnelle.<\/p>\n<p>Dans les limites de la couverture, vous b\u00e9n\u00e9ficiez de services de r\u00e9paration ou de remplacement rapides par DJI, ce qui minimise les temps d'arr\u00eat et vous permet d'\u00eatre \u00e0 nouveau op\u00e9rationnel rapidement.<\/p>\n<p>En outre, le plan de service peut offrir des avantages tels qu'une couverture partag\u00e9e au sein d'une flotte et un traitement efficace des services, ce qui simplifie la gestion de plusieurs drones.<\/p>\n<p>La fonction d'auto-activation garantit que le plan est automatiquement li\u00e9 \u00e0 l'activation de l'appareil, ce qui r\u00e9duit le risque d'erreurs et automatise enti\u00e8rement le processus.<\/p>\n<p><a href=\"https:\/\/koningdrone.nl\/wp-content\/uploads\/2026\/04\/DJI-Care-plus-Auto-Act.-Matrice-4T-scaled.jpg\"><img loading=\"lazy\" decoding=\"async\" class=\"size-medium wp-image-471573 aligncenter\" src=\"https:\/\/koningdrone.nl\/wp-content\/uploads\/2026\/04\/DJI-Care-plus-Auto-Act.-Matrice-4T-300x200.jpg\" alt=\"DJI Care plus Auto-Act. Matrice 4T\" width=\"300\" height=\"200\" \/><\/a><\/p>\n<h4>Qualit\u00e9 de construction et conception<\/h4>\n<p>En tant que produit de service num\u00e9rique, DJI Care Plus est enti\u00e8rement int\u00e9gr\u00e9 \u00e0 l'\u00e9cosyst\u00e8me DJI. L'enregistrement bas\u00e9 sur le cloud et la liaison automatique offrent une exp\u00e9rience utilisateur transparente sans installation physique.<\/p>\n<p>Le plan est flexible et \u00e9volutif, et convient donc aussi bien aux op\u00e9rateurs individuels qu'aux grandes flottes de drones professionnels.<\/p>\n<h4>Pourquoi vous en avez besoin<\/h4>\n<p>DJI Care Plus Auto-Activation Matrice 4T est essentiel pour les professionnels qui ont besoin d'une s\u00e9curit\u00e9 et d'une continuit\u00e9 maximales. Elle prot\u00e8ge votre investissement, r\u00e9duit les risques op\u00e9rationnels et vous permet de reprendre rapidement vos activit\u00e9s apr\u00e8s un dommage ou un incident.<\/p>","protected":false},"excerpt":{"rendered":"<ul>\n<li>Protection compl\u00e8te de la DJI Matrice 4T contre les dommages accidentels<\/li>\n<li>Activation automatique sans processus d'activation manuelle<\/li>\n<li>Comprend un service de r\u00e9paration ou de remplacement rapide par l'interm\u00e9diaire des canaux officiels de DJI<\/li>\n<li>R\u00e9duit les temps d'arr\u00eat afin que votre drone puisse \u00eatre d\u00e9ploy\u00e9 plus rapidement<\/li>\n<li>Id\u00e9al pour les applications professionnelles telles que l'inspection et les op\u00e9rations industrielles<\/li>\n<\/ul>","protected":false},"featured_media":18326,"template":"","meta":{"_acf_changed":false},"product_brand":[],"product_cat":[175,1733],"product_tag":[],"class_list":{"0":"post-18327","1":"product","2":"type-product","3":"status-publish","4":"has-post-thumbnail","6":"product_cat-alle-care-refresh","7":"product_cat-dji-matrice-4t","8":"product_shipping_class-outofstock","9":"pa_brand-dji","10":"pa_producttype-serviceplan","12":"first","13":"outofstock","14":"taxable","15":"shipping-taxable","16":"purchasable","17":"product-type-simple"},"acf":[],"yoast_head":"<!-- This site is optimized with the Yoast SEO Premium plugin v27.2 (Yoast SEO v27.2) - https:\/\/yoast.com\/product\/yoast-seo-premium-wordpress\/ -->\n<title>DJI Care plus Auto-Act. Matrice 4T - koningdrone.be<\/title>\n<meta name=\"robots\" content=\"index, follow, max-snippet:-1, max-image-preview:large, max-video-preview:-1\" \/>\n<link rel=\"canonical\" href=\"https:\/\/koningdrone.be\/fr\/produit\/dji-care-plus-auto-act-matrice-4t\/\" \/>\n<meta property=\"og:locale\" content=\"fr_FR\" \/>\n<meta property=\"og:type\" content=\"article\" \/>\n<meta property=\"og:title\" content=\"DJI Care plus Auto-Act. Matrice 4T\" \/>\n<meta property=\"og:description\" content=\"Uitgebreide bescherming voor de DJI Matrice 4T tegen accidentele schade  Automatische activatie zonder handmatig activeringsproces  Inclusief snelle reparatie\u2011 of vervangingsservice via offici\u00eble DJI kanalen  Vermindert stilstand zodat je drone sneller weer inzetbaar is  Ideaal voor professionele toepassingen zoals inspectie en industri\u00eble operaties\" \/>\n<meta property=\"og:url\" content=\"https:\/\/koningdrone.be\/fr\/produit\/dji-care-plus-auto-act-matrice-4t\/\" \/>\n<meta property=\"og:site_name\" content=\"koningdrone.be\" \/>\n<meta property=\"article:modified_time\" content=\"2026-04-29T13:00:16+00:00\" \/>\n<meta property=\"og:image\" content=\"https:\/\/koningdrone.be\/wp-content\/uploads\/sites\/13\/2026\/04\/DJI-Care-plus-Auto-Act.-Matrice-4T-scaled-1.jpg\" \/>\n\t<meta property=\"og:image:width\" content=\"2560\" \/>\n\t<meta property=\"og:image:height\" content=\"1707\" \/>\n\t<meta property=\"og:image:type\" content=\"image\/jpeg\" \/>\n<meta name=\"twitter:card\" content=\"summary_large_image\" \/>\n<meta name=\"twitter:label1\" content=\"Dur\u00e9e de lecture est.\" \/>\n\t<meta name=\"twitter:data1\" content=\"1 minute\" \/>\n<script type=\"application\/ld+json\" class=\"yoast-schema-graph\">{\"@context\":\"https:\/\/schema.org\",\"@graph\":[{\"@type\":\"WebPage\",\"@id\":\"https:\/\/koningdrone.be\/product\/dji-care-plus-auto-act-matrice-4t\/\",\"url\":\"https:\/\/koningdrone.be\/product\/dji-care-plus-auto-act-matrice-4t\/\",\"name\":\"DJI Care plus Auto-Act. Matrice 4T - koningdrone.be\",\"isPartOf\":{\"@id\":\"https:\/\/koningdrone.be\/#website\"},\"primaryImageOfPage\":{\"@id\":\"https:\/\/koningdrone.be\/product\/dji-care-plus-auto-act-matrice-4t\/#primaryimage\"},\"image\":{\"@id\":\"https:\/\/koningdrone.be\/product\/dji-care-plus-auto-act-matrice-4t\/#primaryimage\"},\"thumbnailUrl\":\"https:\/\/koningdrone.be\/wp-content\/uploads\/sites\/13\/2026\/04\/DJI-Care-plus-Auto-Act.-Matrice-4T-scaled-1.jpg\",\"datePublished\":\"2026-04-03T07:52:16+00:00\",\"dateModified\":\"2026-04-29T13:00:16+00:00\",\"breadcrumb\":{\"@id\":\"https:\/\/koningdrone.be\/product\/dji-care-plus-auto-act-matrice-4t\/#breadcrumb\"},\"inLanguage\":\"fr-BE\",\"potentialAction\":[{\"@type\":\"ReadAction\",\"target\":[\"https:\/\/koningdrone.be\/product\/dji-care-plus-auto-act-matrice-4t\/\"]}]},{\"@type\":\"ImageObject\",\"inLanguage\":\"fr-BE\",\"@id\":\"https:\/\/koningdrone.be\/product\/dji-care-plus-auto-act-matrice-4t\/#primaryimage\",\"url\":\"https:\/\/koningdrone.be\/wp-content\/uploads\/sites\/13\/2026\/04\/DJI-Care-plus-Auto-Act.-Matrice-4T-scaled-1.jpg\",\"contentUrl\":\"https:\/\/koningdrone.be\/wp-content\/uploads\/sites\/13\/2026\/04\/DJI-Care-plus-Auto-Act.-Matrice-4T-scaled-1.jpg\",\"width\":2560,\"height\":1707},{\"@type\":\"BreadcrumbList\",\"@id\":\"https:\/\/koningdrone.be\/product\/dji-care-plus-auto-act-matrice-4t\/#breadcrumb\",\"itemListElement\":[{\"@type\":\"ListItem\",\"position\":1,\"name\":\"Home\",\"item\":\"https:\/\/koningdrone.be\/\"},{\"@type\":\"ListItem\",\"position\":2,\"name\":\"AVSS Parachute Recovery System for DJI Matrice 300\/350\",\"item\":\"https:\/\/koningdrone.be\/product\/avss-parachute-recovery-system-for-dji-matrice-300-350\/\"},{\"@type\":\"ListItem\",\"position\":3,\"name\":\"Alle care refresh\",\"item\":\"https:\/\/koningdrone.be\/categorie\/alle-care-refresh\/\"},{\"@type\":\"ListItem\",\"position\":4,\"name\":\"DJI Care plus Auto-Act. Matrice 4T\"}]},{\"@type\":\"WebSite\",\"@id\":\"https:\/\/koningdrone.be\/#website\",\"url\":\"https:\/\/koningdrone.be\/\",\"name\":\"Koningdrone.be - Uw online specialist in drones, gimbals, camera's en power stations.\",\"description\":\"De webshop in drones en gimbals\",\"publisher\":{\"@id\":\"https:\/\/koningdrone.be\/#organization\"},\"potentialAction\":[{\"@type\":\"SearchAction\",\"target\":{\"@type\":\"EntryPoint\",\"urlTemplate\":\"https:\/\/koningdrone.be\/?s={search_term_string}\"},\"query-input\":{\"@type\":\"PropertyValueSpecification\",\"valueRequired\":true,\"valueName\":\"search_term_string\"}}],\"inLanguage\":\"fr-BE\"},{\"@type\":\"Organization\",\"@id\":\"https:\/\/koningdrone.be\/#organization\",\"name\":\"Koningdrone.be\",\"url\":\"https:\/\/koningdrone.be\/\",\"logo\":{\"@type\":\"ImageObject\",\"inLanguage\":\"fr-BE\",\"@id\":\"https:\/\/koningdrone.be\/#\/schema\/logo\/image\/\",\"url\":\"https:\/\/koningdrone.be\/wp-content\/uploads\/sites\/13\/2025\/04\/koningdrone-copyright-logo.svg\",\"contentUrl\":\"https:\/\/koningdrone.be\/wp-content\/uploads\/sites\/13\/2025\/04\/koningdrone-copyright-logo.svg\",\"width\":227,\"height\":38,\"caption\":\"Koningdrone.be\"},\"image\":{\"@id\":\"https:\/\/koningdrone.be\/#\/schema\/logo\/image\/\"}}]}<\/script>\n<!-- \/ Yoast SEO Premium plugin. -->","yoast_head_json":{"title":"DJI Care plus Auto-Act. Matrice 4T - koningdrone.be","robots":{"index":"index","follow":"follow","max-snippet":"max-snippet:-1","max-image-preview":"max-image-preview:large","max-video-preview":"max-video-preview:-1"},"canonical":"https:\/\/koningdrone.be\/fr\/produit\/dji-care-plus-auto-act-matrice-4t\/","og_locale":"fr_FR","og_type":"article","og_title":"DJI Care plus Auto-Act. Matrice 4T","og_description":"Uitgebreide bescherming voor de DJI Matrice 4T tegen accidentele schade  Automatische activatie zonder handmatig activeringsproces  Inclusief snelle reparatie\u2011 of vervangingsservice via offici\u00eble DJI kanalen  Vermindert stilstand zodat je drone sneller weer inzetbaar is  Ideaal voor professionele toepassingen zoals inspectie en industri\u00eble operaties","og_url":"https:\/\/koningdrone.be\/fr\/produit\/dji-care-plus-auto-act-matrice-4t\/","og_site_name":"koningdrone.be","article_modified_time":"2026-04-29T13:00:16+00:00","og_image":[{"width":2560,"height":1707,"url":"https:\/\/koningdrone.be\/wp-content\/uploads\/sites\/13\/2026\/04\/DJI-Care-plus-Auto-Act.-Matrice-4T-scaled-1.jpg","type":"image\/jpeg"}],"twitter_card":"summary_large_image","twitter_misc":{"Dur\u00e9e de lecture est.":"1 minute"},"schema":{"@context":"https:\/\/schema.org","@graph":[{"@type":"WebPage","@id":"https:\/\/koningdrone.be\/product\/dji-care-plus-auto-act-matrice-4t\/","url":"https:\/\/koningdrone.be\/product\/dji-care-plus-auto-act-matrice-4t\/","name":"DJI Care plus Auto-Act. Matrice 4T - koningdrone.be","isPartOf":{"@id":"https:\/\/koningdrone.be\/#website"},"primaryImageOfPage":{"@id":"https:\/\/koningdrone.be\/product\/dji-care-plus-auto-act-matrice-4t\/#primaryimage"},"image":{"@id":"https:\/\/koningdrone.be\/product\/dji-care-plus-auto-act-matrice-4t\/#primaryimage"},"thumbnailUrl":"https:\/\/koningdrone.be\/wp-content\/uploads\/sites\/13\/2026\/04\/DJI-Care-plus-Auto-Act.-Matrice-4T-scaled-1.jpg","datePublished":"2026-04-03T07:52:16+00:00","dateModified":"2026-04-29T13:00:16+00:00","breadcrumb":{"@id":"https:\/\/koningdrone.be\/product\/dji-care-plus-auto-act-matrice-4t\/#breadcrumb"},"inLanguage":"fr-BE","potentialAction":[{"@type":"ReadAction","target":["https:\/\/koningdrone.be\/product\/dji-care-plus-auto-act-matrice-4t\/"]}]},{"@type":"ImageObject","inLanguage":"fr-BE","@id":"https:\/\/koningdrone.be\/product\/dji-care-plus-auto-act-matrice-4t\/#primaryimage","url":"https:\/\/koningdrone.be\/wp-content\/uploads\/sites\/13\/2026\/04\/DJI-Care-plus-Auto-Act.-Matrice-4T-scaled-1.jpg","contentUrl":"https:\/\/koningdrone.be\/wp-content\/uploads\/sites\/13\/2026\/04\/DJI-Care-plus-Auto-Act.-Matrice-4T-scaled-1.jpg","width":2560,"height":1707},{"@type":"BreadcrumbList","@id":"https:\/\/koningdrone.be\/product\/dji-care-plus-auto-act-matrice-4t\/#breadcrumb","itemListElement":[{"@type":"ListItem","position":1,"name":"Home","item":"https:\/\/koningdrone.be\/"},{"@type":"ListItem","position":2,"name":"AVSS Parachute Recovery System for DJI Matrice 300\/350","item":"https:\/\/koningdrone.be\/product\/avss-parachute-recovery-system-for-dji-matrice-300-350\/"},{"@type":"ListItem","position":3,"name":"Alle care refresh","item":"https:\/\/koningdrone.be\/categorie\/alle-care-refresh\/"},{"@type":"ListItem","position":4,"name":"DJI Care plus Auto-Act. Matrice 4T"}]},{"@type":"WebSite","@id":"https:\/\/koningdrone.be\/#website","url":"https:\/\/koningdrone.be\/","name":"Koningdrone.be - Votre sp\u00e9cialiste en ligne en mati\u00e8re de drones, de cardans, de cam\u00e9ras et de centrales \u00e9lectriques.","description":"La boutique en ligne de drones et de cardans","publisher":{"@id":"https:\/\/koningdrone.be\/#organization"},"potentialAction":[{"@type":"SearchAction","target":{"@type":"EntryPoint","urlTemplate":"https:\/\/koningdrone.be\/?s={search_term_string}"},"query-input":{"@type":"PropertyValueSpecification","valueRequired":true,"valueName":"search_term_string"}}],"inLanguage":"fr-BE"},{"@type":"Organization","@id":"https:\/\/koningdrone.be\/#organization","name":"Kingdrone.co.uk","url":"https:\/\/koningdrone.be\/","logo":{"@type":"ImageObject","inLanguage":"fr-BE","@id":"https:\/\/koningdrone.be\/#\/schema\/logo\/image\/","url":"https:\/\/koningdrone.be\/wp-content\/uploads\/sites\/13\/2025\/04\/koningdrone-copyright-logo.svg","contentUrl":"https:\/\/koningdrone.be\/wp-content\/uploads\/sites\/13\/2025\/04\/koningdrone-copyright-logo.svg","width":227,"height":38,"caption":"Koningdrone.be"},"image":{"@id":"https:\/\/koningdrone.be\/#\/schema\/logo\/image\/"}}]}},"df_price":739,"df_sale_price":"","df_regular_price":739,"df_image_link":"https:\/\/koningdrone.be\/wp-content\/uploads\/sites\/13\/2026\/04\/DJI-Care-plus-Auto-Act.-Matrice-4T-scaled-1-300x200.jpg","_links":{"self":[{"href":"https:\/\/koningdrone.be\/fr\/wp-json\/wp\/v2\/product\/18327","targetHints":{"allow":["GET"]}}],"collection":[{"href":"https:\/\/koningdrone.be\/fr\/wp-json\/wp\/v2\/product"}],"about":[{"href":"https:\/\/koningdrone.be\/fr\/wp-json\/wp\/v2\/types\/product"}],"wp:featuredmedia":[{"embeddable":true,"href":"https:\/\/koningdrone.be\/fr\/wp-json\/wp\/v2\/media\/18326"}],"wp:attachment":[{"href":"https:\/\/koningdrone.be\/fr\/wp-json\/wp\/v2\/media?parent=18327"}],"wp:term":[{"taxonomy":"product_brand","embeddable":true,"href":"https:\/\/koningdrone.be\/fr\/wp-json\/wp\/v2\/product_brand?post=18327"},{"taxonomy":"product_cat","embeddable":true,"href":"https:\/\/koningdrone.be\/fr\/wp-json\/wp\/v2\/product_cat?post=18327"},{"taxonomy":"product_tag","embeddable":true,"href":"https:\/\/koningdrone.be\/fr\/wp-json\/wp\/v2\/product_tag?post=18327"}],"curies":[{"name":"wp","href":"https:\/\/api.w.org\/{rel}","templated":true}]}}