{"id":18325,"date":"2026-04-03T09:52:03","date_gmt":"2026-04-03T07:52:03","guid":{"rendered":"https:\/\/koningdrone.be\/?post_type=product&#038;p=18325"},"modified":"2026-04-29T14:50:38","modified_gmt":"2026-04-29T12:50:38","slug":"dji-care-enterprise-auto-act-matrice-4d-eu","status":"publish","type":"product","link":"https:\/\/koningdrone.be\/fr\/produit\/dji-care-enterprise-auto-act-matrice-4d-eu\/","title":{"rendered":"DJI Care Enterprise + Auto-Act. Matrice 4D (EU)"},"content":{"rendered":"<h3>DJI Care Enterprise + Auto-Act. Matrice 4D (EU)<\/h3>\n<p>DJI Care Enterprise + Auto-Activation 4D (EU) est un plan de service professionnel con\u00e7u sp\u00e9cifiquement pour le DJI Matrice 4D. Ce produit num\u00e9rique offre une protection compl\u00e8te et un service d'assistance \u00e0 partir du moment o\u00f9 le drone est activ\u00e9. Gr\u00e2ce \u00e0 l'auto-activation, le plan de service est automatiquement li\u00e9 \u00e0 l'appareil, sans qu'il soit n\u00e9cessaire de l'activer manuellement.<\/p>\n<p>Il s'agit donc d'une solution id\u00e9ale pour les utilisateurs professionnels en Europe travaillant dans des secteurs tels que l'inspection, l'infrastructure et la s\u00e9curit\u00e9 publique, o\u00f9 la fiabilit\u00e9 et la continuit\u00e9 sont essentielles.<\/p>\n<h4>Performance et fonctionnalit\u00e9<\/h4>\n<p>Avec DJI Care Enterprise Plus, vous b\u00e9n\u00e9ficiez d'une couverture compl\u00e8te pour les dommages accidentels, tels que les collisions, les d\u00e9g\u00e2ts des eaux et les dysfonctionnements dus \u00e0 une perte de signal ou \u00e0 des erreurs de fonctionnement. Votre drone est ainsi prot\u00e9g\u00e9 lors d'une utilisation professionnelle quotidienne.<\/p>\n<p>Le plan de service offre des services de r\u00e9paration et de remplacement rapides par DJI, y compris un traitement efficace pour minimiser les temps d'arr\u00eat. Dans les limites de la couverture, les r\u00e9parations ou les remplacements peuvent \u00eatre effectu\u00e9s rapidement, minimisant ainsi la perturbation de vos op\u00e9rations.<\/p>\n<p>La fonction d'auto-activation garantit que le plan est automatiquement li\u00e9 \u00e0 l'appareil pendant ou peu apr\u00e8s l'activation, ce qui simplifie la gestion et \u00e9vite les erreurs.<\/p>\n<p><a href=\"https:\/\/koningdrone.nl\/wp-content\/uploads\/2026\/04\/DJI-Care-Enterprise-Auto-Act.-Matrice-4D-EU-scaled.jpg\"><img loading=\"lazy\" decoding=\"async\" class=\"size-medium wp-image-471570 aligncenter\" src=\"https:\/\/koningdrone.nl\/wp-content\/uploads\/2026\/04\/DJI-Care-Enterprise-Auto-Act.-Matrice-4D-EU-300x200.jpg\" alt=\"DJI Care Enterprise + Auto-Act. Matrice 4D (EU)\" width=\"300\" height=\"200\" \/><\/a><\/p>\n<h4>Qualit\u00e9 de construction et conception<\/h4>\n<p>En tant que produit de service num\u00e9rique, DJI Care Enterprise est enti\u00e8rement int\u00e9gr\u00e9 \u00e0 l'\u00e9cosyst\u00e8me DJI. L'enregistrement bas\u00e9 sur le cloud et la liaison automatique offrent une exp\u00e9rience utilisateur transparente, sans installation physique ni \u00e9tapes suppl\u00e9mentaires.<\/p>\n<p>Le plan est flexible et \u00e9volutif, ce qui le rend adapt\u00e9 \u00e0 la fois aux drones individuels et aux flottes professionnelles plus importantes dans la r\u00e9gion de l'UE.<\/p>\n<h4>Pourquoi vous en avez besoin<\/h4>\n<p>DJI Care Enterprise + Auto-Activation 4D (EU) est essentiel pour les professionnels qui ont besoin d'une s\u00e9curit\u00e9 maximale et d'une continuit\u00e9 op\u00e9rationnelle. Il prot\u00e8ge votre investissement, r\u00e9duit les risques et vous permet de reprendre rapidement vos activit\u00e9s apr\u00e8s des dommages ou des incidents.<\/p>","protected":false},"excerpt":{"rendered":"<ul>\n<li>Protection compl\u00e8te contre les dommages accidentels pour la Matrice 4D<\/li>\n<li>Auto-activation li\u00e9e au drone sans \u00e9tapes manuelles<\/li>\n<li>Service de r\u00e9paration ou de remplacement rapide gr\u00e2ce \u00e0 DJI Care Express<\/li>\n<li>Prise en charge des flux de travail professionnels avec un minimum de temps d'arr\u00eat<\/li>\n<li>Con\u00e7u pour des op\u00e9rations fiables au sein de l'UE<\/li>\n<\/ul>","protected":false},"featured_media":18324,"template":"","meta":{"_acf_changed":false},"product_brand":[],"product_cat":[175,1732],"product_tag":[],"class_list":{"0":"post-18325","1":"product","2":"type-product","3":"status-publish","4":"has-post-thumbnail","6":"product_cat-alle-care-refresh","7":"product_cat-dji-matrice-4d","8":"product_shipping_class-outofstock","9":"pa_brand-dji","10":"pa_producttype-serviceplan","12":"first","13":"outofstock","14":"taxable","15":"shipping-taxable","16":"product-type-simple"},"acf":[],"yoast_head":"<!-- This site is optimized with the Yoast SEO Premium plugin v27.2 (Yoast SEO v27.2) - https:\/\/yoast.com\/product\/yoast-seo-premium-wordpress\/ -->\n<title>DJI Care Enterprise + Auto-Act. Matrice 4D (EU) - koningdrone.be<\/title>\n<meta name=\"robots\" content=\"index, follow, max-snippet:-1, max-image-preview:large, max-video-preview:-1\" \/>\n<link rel=\"canonical\" href=\"https:\/\/koningdrone.be\/fr\/produit\/dji-care-enterprise-auto-act-matrice-4d-eu\/\" \/>\n<meta property=\"og:locale\" content=\"fr_FR\" \/>\n<meta property=\"og:type\" content=\"article\" \/>\n<meta property=\"og:title\" content=\"DJI Care Enterprise + Auto-Act. Matrice 4D (EU)\" \/>\n<meta property=\"og:description\" content=\"Volledige bescherming bij accidentele schade voor de Matrice 4D  Auto\u2011activatie gekoppeld aan de drone zonder handmatige stappen  Snelle reparatie\u2011 of vervangingsservice via DJI Care Express  Ondersteunt professionele workflows met minimale downtime  Ontworpen voor betrouwbare bedrijfsvoering binnen de EU\" \/>\n<meta property=\"og:url\" content=\"https:\/\/koningdrone.be\/fr\/produit\/dji-care-enterprise-auto-act-matrice-4d-eu\/\" \/>\n<meta property=\"og:site_name\" content=\"koningdrone.be\" \/>\n<meta property=\"article:modified_time\" content=\"2026-04-29T12:50:38+00:00\" \/>\n<meta property=\"og:image\" content=\"https:\/\/koningdrone.be\/wp-content\/uploads\/sites\/13\/2026\/04\/DJI-Care-Enterprise-Auto-Act.-Matrice-4D-EU-scaled-1.jpg\" \/>\n\t<meta property=\"og:image:width\" content=\"2560\" \/>\n\t<meta property=\"og:image:height\" content=\"1707\" \/>\n\t<meta property=\"og:image:type\" content=\"image\/jpeg\" \/>\n<meta name=\"twitter:card\" content=\"summary_large_image\" \/>\n<meta name=\"twitter:label1\" content=\"Dur\u00e9e de lecture est.\" \/>\n\t<meta name=\"twitter:data1\" content=\"1 minute\" \/>\n<script type=\"application\/ld+json\" class=\"yoast-schema-graph\">{\"@context\":\"https:\/\/schema.org\",\"@graph\":[{\"@type\":\"WebPage\",\"@id\":\"https:\/\/koningdrone.be\/product\/dji-care-enterprise-auto-act-matrice-4d-eu\/\",\"url\":\"https:\/\/koningdrone.be\/product\/dji-care-enterprise-auto-act-matrice-4d-eu\/\",\"name\":\"DJI Care Enterprise + Auto-Act. Matrice 4D (EU) - koningdrone.be\",\"isPartOf\":{\"@id\":\"https:\/\/koningdrone.be\/#website\"},\"primaryImageOfPage\":{\"@id\":\"https:\/\/koningdrone.be\/product\/dji-care-enterprise-auto-act-matrice-4d-eu\/#primaryimage\"},\"image\":{\"@id\":\"https:\/\/koningdrone.be\/product\/dji-care-enterprise-auto-act-matrice-4d-eu\/#primaryimage\"},\"thumbnailUrl\":\"https:\/\/koningdrone.be\/wp-content\/uploads\/sites\/13\/2026\/04\/DJI-Care-Enterprise-Auto-Act.-Matrice-4D-EU-scaled-1.jpg\",\"datePublished\":\"2026-04-03T07:52:03+00:00\",\"dateModified\":\"2026-04-29T12:50:38+00:00\",\"breadcrumb\":{\"@id\":\"https:\/\/koningdrone.be\/product\/dji-care-enterprise-auto-act-matrice-4d-eu\/#breadcrumb\"},\"inLanguage\":\"fr-BE\",\"potentialAction\":[{\"@type\":\"ReadAction\",\"target\":[\"https:\/\/koningdrone.be\/product\/dji-care-enterprise-auto-act-matrice-4d-eu\/\"]}]},{\"@type\":\"ImageObject\",\"inLanguage\":\"fr-BE\",\"@id\":\"https:\/\/koningdrone.be\/product\/dji-care-enterprise-auto-act-matrice-4d-eu\/#primaryimage\",\"url\":\"https:\/\/koningdrone.be\/wp-content\/uploads\/sites\/13\/2026\/04\/DJI-Care-Enterprise-Auto-Act.-Matrice-4D-EU-scaled-1.jpg\",\"contentUrl\":\"https:\/\/koningdrone.be\/wp-content\/uploads\/sites\/13\/2026\/04\/DJI-Care-Enterprise-Auto-Act.-Matrice-4D-EU-scaled-1.jpg\",\"width\":2560,\"height\":1707},{\"@type\":\"BreadcrumbList\",\"@id\":\"https:\/\/koningdrone.be\/product\/dji-care-enterprise-auto-act-matrice-4d-eu\/#breadcrumb\",\"itemListElement\":[{\"@type\":\"ListItem\",\"position\":1,\"name\":\"Home\",\"item\":\"https:\/\/koningdrone.be\/\"},{\"@type\":\"ListItem\",\"position\":2,\"name\":\"AVSS Parachute Recovery System for DJI Matrice 300\/350\",\"item\":\"https:\/\/koningdrone.be\/product\/avss-parachute-recovery-system-for-dji-matrice-300-350\/\"},{\"@type\":\"ListItem\",\"position\":3,\"name\":\"Alle care refresh\",\"item\":\"https:\/\/koningdrone.be\/categorie\/alle-care-refresh\/\"},{\"@type\":\"ListItem\",\"position\":4,\"name\":\"DJI Care Enterprise + Auto-Act. Matrice 4D (EU)\"}]},{\"@type\":\"WebSite\",\"@id\":\"https:\/\/koningdrone.be\/#website\",\"url\":\"https:\/\/koningdrone.be\/\",\"name\":\"Koningdrone.be - Uw online specialist in drones, gimbals, camera's en power stations.\",\"description\":\"De webshop in drones en gimbals\",\"publisher\":{\"@id\":\"https:\/\/koningdrone.be\/#organization\"},\"potentialAction\":[{\"@type\":\"SearchAction\",\"target\":{\"@type\":\"EntryPoint\",\"urlTemplate\":\"https:\/\/koningdrone.be\/?s={search_term_string}\"},\"query-input\":{\"@type\":\"PropertyValueSpecification\",\"valueRequired\":true,\"valueName\":\"search_term_string\"}}],\"inLanguage\":\"fr-BE\"},{\"@type\":\"Organization\",\"@id\":\"https:\/\/koningdrone.be\/#organization\",\"name\":\"Koningdrone.be\",\"url\":\"https:\/\/koningdrone.be\/\",\"logo\":{\"@type\":\"ImageObject\",\"inLanguage\":\"fr-BE\",\"@id\":\"https:\/\/koningdrone.be\/#\/schema\/logo\/image\/\",\"url\":\"https:\/\/koningdrone.be\/wp-content\/uploads\/sites\/13\/2025\/04\/koningdrone-copyright-logo.svg\",\"contentUrl\":\"https:\/\/koningdrone.be\/wp-content\/uploads\/sites\/13\/2025\/04\/koningdrone-copyright-logo.svg\",\"width\":227,\"height\":38,\"caption\":\"Koningdrone.be\"},\"image\":{\"@id\":\"https:\/\/koningdrone.be\/#\/schema\/logo\/image\/\"}}]}<\/script>\n<!-- \/ Yoast SEO Premium plugin. -->","yoast_head_json":{"title":"DJI Care Enterprise + Auto-Act. Matrice 4D (EU) - koningdrone.be","robots":{"index":"index","follow":"follow","max-snippet":"max-snippet:-1","max-image-preview":"max-image-preview:large","max-video-preview":"max-video-preview:-1"},"canonical":"https:\/\/koningdrone.be\/fr\/produit\/dji-care-enterprise-auto-act-matrice-4d-eu\/","og_locale":"fr_FR","og_type":"article","og_title":"DJI Care Enterprise + Auto-Act. Matrice 4D (EU)","og_description":"Volledige bescherming bij accidentele schade voor de Matrice 4D  Auto\u2011activatie gekoppeld aan de drone zonder handmatige stappen  Snelle reparatie\u2011 of vervangingsservice via DJI Care Express  Ondersteunt professionele workflows met minimale downtime  Ontworpen voor betrouwbare bedrijfsvoering binnen de EU","og_url":"https:\/\/koningdrone.be\/fr\/produit\/dji-care-enterprise-auto-act-matrice-4d-eu\/","og_site_name":"koningdrone.be","article_modified_time":"2026-04-29T12:50:38+00:00","og_image":[{"width":2560,"height":1707,"url":"https:\/\/koningdrone.be\/wp-content\/uploads\/sites\/13\/2026\/04\/DJI-Care-Enterprise-Auto-Act.-Matrice-4D-EU-scaled-1.jpg","type":"image\/jpeg"}],"twitter_card":"summary_large_image","twitter_misc":{"Dur\u00e9e de lecture est.":"1 minute"},"schema":{"@context":"https:\/\/schema.org","@graph":[{"@type":"WebPage","@id":"https:\/\/koningdrone.be\/product\/dji-care-enterprise-auto-act-matrice-4d-eu\/","url":"https:\/\/koningdrone.be\/product\/dji-care-enterprise-auto-act-matrice-4d-eu\/","name":"DJI Care Enterprise + Auto-Act. Matrice 4D (EU) - koningdrone.be","isPartOf":{"@id":"https:\/\/koningdrone.be\/#website"},"primaryImageOfPage":{"@id":"https:\/\/koningdrone.be\/product\/dji-care-enterprise-auto-act-matrice-4d-eu\/#primaryimage"},"image":{"@id":"https:\/\/koningdrone.be\/product\/dji-care-enterprise-auto-act-matrice-4d-eu\/#primaryimage"},"thumbnailUrl":"https:\/\/koningdrone.be\/wp-content\/uploads\/sites\/13\/2026\/04\/DJI-Care-Enterprise-Auto-Act.-Matrice-4D-EU-scaled-1.jpg","datePublished":"2026-04-03T07:52:03+00:00","dateModified":"2026-04-29T12:50:38+00:00","breadcrumb":{"@id":"https:\/\/koningdrone.be\/product\/dji-care-enterprise-auto-act-matrice-4d-eu\/#breadcrumb"},"inLanguage":"fr-BE","potentialAction":[{"@type":"ReadAction","target":["https:\/\/koningdrone.be\/product\/dji-care-enterprise-auto-act-matrice-4d-eu\/"]}]},{"@type":"ImageObject","inLanguage":"fr-BE","@id":"https:\/\/koningdrone.be\/product\/dji-care-enterprise-auto-act-matrice-4d-eu\/#primaryimage","url":"https:\/\/koningdrone.be\/wp-content\/uploads\/sites\/13\/2026\/04\/DJI-Care-Enterprise-Auto-Act.-Matrice-4D-EU-scaled-1.jpg","contentUrl":"https:\/\/koningdrone.be\/wp-content\/uploads\/sites\/13\/2026\/04\/DJI-Care-Enterprise-Auto-Act.-Matrice-4D-EU-scaled-1.jpg","width":2560,"height":1707},{"@type":"BreadcrumbList","@id":"https:\/\/koningdrone.be\/product\/dji-care-enterprise-auto-act-matrice-4d-eu\/#breadcrumb","itemListElement":[{"@type":"ListItem","position":1,"name":"Home","item":"https:\/\/koningdrone.be\/"},{"@type":"ListItem","position":2,"name":"AVSS Parachute Recovery System for DJI Matrice 300\/350","item":"https:\/\/koningdrone.be\/product\/avss-parachute-recovery-system-for-dji-matrice-300-350\/"},{"@type":"ListItem","position":3,"name":"Alle care refresh","item":"https:\/\/koningdrone.be\/categorie\/alle-care-refresh\/"},{"@type":"ListItem","position":4,"name":"DJI Care Enterprise + Auto-Act. Matrice 4D (EU)"}]},{"@type":"WebSite","@id":"https:\/\/koningdrone.be\/#website","url":"https:\/\/koningdrone.be\/","name":"Koningdrone.be - Votre sp\u00e9cialiste en ligne en mati\u00e8re de drones, de cardans, de cam\u00e9ras et de centrales \u00e9lectriques.","description":"La boutique en ligne de drones et de cardans","publisher":{"@id":"https:\/\/koningdrone.be\/#organization"},"potentialAction":[{"@type":"SearchAction","target":{"@type":"EntryPoint","urlTemplate":"https:\/\/koningdrone.be\/?s={search_term_string}"},"query-input":{"@type":"PropertyValueSpecification","valueRequired":true,"valueName":"search_term_string"}}],"inLanguage":"fr-BE"},{"@type":"Organization","@id":"https:\/\/koningdrone.be\/#organization","name":"Kingdrone.co.uk","url":"https:\/\/koningdrone.be\/","logo":{"@type":"ImageObject","inLanguage":"fr-BE","@id":"https:\/\/koningdrone.be\/#\/schema\/logo\/image\/","url":"https:\/\/koningdrone.be\/wp-content\/uploads\/sites\/13\/2025\/04\/koningdrone-copyright-logo.svg","contentUrl":"https:\/\/koningdrone.be\/wp-content\/uploads\/sites\/13\/2025\/04\/koningdrone-copyright-logo.svg","width":227,"height":38,"caption":"Koningdrone.be"},"image":{"@id":"https:\/\/koningdrone.be\/#\/schema\/logo\/image\/"}}]}},"df_price":"","df_sale_price":"","df_regular_price":"","df_image_link":"https:\/\/koningdrone.be\/wp-content\/uploads\/sites\/13\/2026\/04\/DJI-Care-Enterprise-Auto-Act.-Matrice-4D-EU-scaled-1-300x200.jpg","_links":{"self":[{"href":"https:\/\/koningdrone.be\/fr\/wp-json\/wp\/v2\/product\/18325","targetHints":{"allow":["GET"]}}],"collection":[{"href":"https:\/\/koningdrone.be\/fr\/wp-json\/wp\/v2\/product"}],"about":[{"href":"https:\/\/koningdrone.be\/fr\/wp-json\/wp\/v2\/types\/product"}],"wp:featuredmedia":[{"embeddable":true,"href":"https:\/\/koningdrone.be\/fr\/wp-json\/wp\/v2\/media\/18324"}],"wp:attachment":[{"href":"https:\/\/koningdrone.be\/fr\/wp-json\/wp\/v2\/media?parent=18325"}],"wp:term":[{"taxonomy":"product_brand","embeddable":true,"href":"https:\/\/koningdrone.be\/fr\/wp-json\/wp\/v2\/product_brand?post=18325"},{"taxonomy":"product_cat","embeddable":true,"href":"https:\/\/koningdrone.be\/fr\/wp-json\/wp\/v2\/product_cat?post=18325"},{"taxonomy":"product_tag","embeddable":true,"href":"https:\/\/koningdrone.be\/fr\/wp-json\/wp\/v2\/product_tag?post=18325"}],"curies":[{"name":"wp","href":"https:\/\/api.w.org\/{rel}","templated":true}]}}