{"id":18291,"date":"2026-04-02T17:50:34","date_gmt":"2026-04-02T15:50:34","guid":{"rendered":"https:\/\/koningdrone.be\/?post_type=product&#038;p=18291"},"modified":"2026-04-29T16:30:20","modified_gmt":"2026-04-29T14:30:20","slug":"pgytech-dji-avata-2-safety-carrying-case","status":"publish","type":"product","link":"https:\/\/koningdrone.be\/fr\/produit\/pgytech-dji-avata-2-safety-carrying-case\/","title":{"rendered":"PGYTECH DJI AVATA 2 Mallette de transport de s\u00e9curit\u00e9"},"content":{"rendered":"<h3>PGYTECH DJI AVATA 2 Mallette de transport de s\u00e9curit\u00e9<\/h3>\n<p><iframe loading=\"lazy\" title=\"PGYTECH Mallette de transport de s\u00e9curit\u00e9 pour DJI AVATA\" width=\"563\" height=\"1000\" src=\"https:\/\/www.youtube.com\/embed\/WenpIA4OZxk?feature=oembed&#038;enablejsapi=1&#038;origin=https:\/\/koningdrone.be\" frameborder=\"0\" allow=\"accelerometer; autoplay; clipboard-write; encrypted-media; gyroscope; picture-in-picture; web-share\" referrerpolicy=\"strict-origin-when-cross-origin\" allowfullscreen><\/iframe><\/p>\n<p style=\"margin: 20px 0\">La valise de s\u00e9curit\u00e9 PGYTECH DJI Avata 2 est une valise de protection robuste sp\u00e9cialement con\u00e7ue pour transporter en toute s\u00e9curit\u00e9 votre drone et ses accessoires. Cette valise rigide est id\u00e9ale pour les pilotes de drone qui souhaitent prot\u00e9ger leur \u00e9quipement de l'eau, de la poussi\u00e8re et des chocs. Gr\u00e2ce \u00e0 son agencement sur mesure, la valise offre de l'espace pour le DJI Avata 2 et tous vos accessoires essentiels. Parfaite pour une utilisation professionnelle et pour les voyages d'aventure.<\/p>\n<p><a href=\"https:\/\/koningdrone.nl\/wp-content\/uploads\/2026\/04\/PGYTECH-DJI-AVATA-2-Safety-Carrying-Case.jpg\"><img loading=\"lazy\" decoding=\"async\" class=\"size-medium wp-image-471516 aligncenter\" src=\"https:\/\/koningdrone.nl\/wp-content\/uploads\/2026\/04\/PGYTECH-DJI-AVATA-2-Safety-Carrying-Case-300x300.jpg\" alt=\"PGYTECH DJI AVATA 2 Safety Carrying Case\" width=\"300\" height=\"300\" \/><\/a><\/p>\n<h4>Performance et fonctionnalit\u00e9<\/h4>\n<p>L'\u00e9tui est conforme \u00e0 la norme IP67, ce qui signifie qu'il est totalement \u00e9tanche \u00e0 la poussi\u00e8re et qu'il peut \u00eatre temporairement immerg\u00e9 dans l'eau sans que celle-ci ne p\u00e9n\u00e8tre. Votre \u00e9quipement est ainsi prot\u00e9g\u00e9 de mani\u00e8re optimale, quelles que soient les conditions m\u00e9t\u00e9orologiques. L'insert en mousse EVA d\u00e9coup\u00e9 avec pr\u00e9cision garantit que chaque composant reste fermement en place, \u00e9vitant ainsi les dommages caus\u00e9s par les chocs et les vibrations. De plus, la valve de pression int\u00e9gr\u00e9e permet d'ouvrir la valise en toute s\u00e9curit\u00e9 en cas de changement d'altitude ou de temp\u00e9rature.<\/p>\n<h4>Qualit\u00e9 de construction et conception<\/h4>\n<p style=\"margin-bottom: 20px\">Fabriqu\u00e9 en polypropyl\u00e8ne solide, le bo\u00eetier r\u00e9siste aux chocs, \u00e0 la corrosion et aux temp\u00e9ratures extr\u00eames. Elle fonctionne sans probl\u00e8me entre -20\u00b0C et 60\u00b0C et peut supporter des conditions encore plus extr\u00eames pendant de courtes p\u00e9riodes. La poign\u00e9e ergonomique et les fermetures robustes garantissent un transport s\u00fbr et confortable. Des d\u00e9tails suppl\u00e9mentaires tels que la finition antid\u00e9rapante et les trous de verrouillage optionnels compl\u00e8tent la conception pour une utilisation professionnelle.<\/p>\n<p><a href=\"https:\/\/koningdrone.nl\/wp-content\/uploads\/2026\/04\/PGYTECH-DJI-AVATA-2-Safety-Carrying-Case-Product.jpg\"><img loading=\"lazy\" decoding=\"async\" class=\"size-medium wp-image-471511 aligncenter\" src=\"https:\/\/koningdrone.nl\/wp-content\/uploads\/2026\/04\/PGYTECH-DJI-AVATA-2-Safety-Carrying-Case-Product-300x300.jpg\" alt=\"PGYTECH DJI AVATA 2 Safety Carrying Case Product\" width=\"300\" height=\"300\" \/><\/a><\/p>\n<h4>Pourquoi vous en avez besoin ?<\/h4>\n<p>Si vous souhaitez transporter et prot\u00e9ger votre DJI Avata 2 en toute s\u00e9curit\u00e9 et dans toutes les conditions, cette housse de transport de s\u00e9curit\u00e9 est un investissement essentiel. Elle offre une protection maximale, un rangement organis\u00e9 et une tranquillit\u00e9 d'esprit pendant le transport, que vous soyez en voyage, au travail ou en vol en ext\u00e9rieur.<\/p>","protected":false},"excerpt":{"rendered":"<ul>\n<li>Protection IP67 contre l'eau et la poussi\u00e8re pour une s\u00e9curit\u00e9 maximale<\/li>\n<li>Insert en mousse EVA sur mesure pour un ajustement parfait<\/li>\n<li>R\u00e9sistance aux chocs, \u00e0 la corrosion et aux temp\u00e9ratures extr\u00eames<\/li>\n<li>Soupape de pression pour une ouverture s\u00fbre en cas de diff\u00e9rence de hauteur<\/li>\n<li>Espace pour le drone, le contr\u00f4leur, les lunettes et les accessoires<\/li>\n<\/ul>","protected":false},"featured_media":18283,"template":"","meta":{"_acf_changed":false},"product_brand":[],"product_cat":[263],"product_tag":[],"class_list":{"0":"post-18291","1":"product","2":"type-product","3":"status-publish","4":"has-post-thumbnail","6":"product_cat-dji-avata-2","7":"product_shipping_class-outofstock","8":"pa_brand-dji","9":"pa_producttype-beschermkoffer","10":"pa_series-avata","12":"first","13":"outofstock","14":"taxable","15":"shipping-taxable","16":"purchasable","17":"product-type-simple"},"acf":[],"yoast_head":"<!-- This site is optimized with the Yoast SEO Premium plugin v27.2 (Yoast SEO v27.2) - https:\/\/yoast.com\/product\/yoast-seo-premium-wordpress\/ -->\n<title>PGYTECH DJI AVATA 2 Safety Carrying Case - koningdrone.be<\/title>\n<meta name=\"robots\" content=\"index, follow, max-snippet:-1, max-image-preview:large, max-video-preview:-1\" \/>\n<link rel=\"canonical\" href=\"https:\/\/koningdrone.be\/fr\/produit\/pgytech-dji-avata-2-safety-carrying-case\/\" \/>\n<meta property=\"og:locale\" content=\"fr_FR\" \/>\n<meta property=\"og:type\" content=\"article\" \/>\n<meta property=\"og:title\" content=\"PGYTECH DJI AVATA 2 Safety Carrying Case\" \/>\n<meta property=\"og:description\" content=\"IP67 water- en stofdichte bescherming voor maximale veiligheid  Op maat gemaakte EVA-schuiminzet voor perfecte pasvorm  Bestand tegen schokken, corrosie en extreme temperaturen  Drukventiel voor veilig openen bij hoogteverschillen  Ruimte voor drone, controller, goggles en accessoires\" \/>\n<meta property=\"og:url\" content=\"https:\/\/koningdrone.be\/fr\/produit\/pgytech-dji-avata-2-safety-carrying-case\/\" \/>\n<meta property=\"og:site_name\" content=\"koningdrone.be\" \/>\n<meta property=\"article:modified_time\" content=\"2026-04-29T14:30:20+00:00\" \/>\n<meta property=\"og:image\" content=\"https:\/\/koningdrone.be\/wp-content\/uploads\/sites\/13\/2026\/04\/PGYTECH-DJI-AVATA-2-Safety-Carrying-Case.jpg\" \/>\n\t<meta property=\"og:image:width\" content=\"500\" \/>\n\t<meta property=\"og:image:height\" content=\"500\" \/>\n\t<meta property=\"og:image:type\" content=\"image\/jpeg\" \/>\n<meta name=\"twitter:card\" content=\"summary_large_image\" \/>\n<meta name=\"twitter:label1\" content=\"Dur\u00e9e de lecture est.\" \/>\n\t<meta name=\"twitter:data1\" content=\"1 minute\" \/>\n<script type=\"application\/ld+json\" class=\"yoast-schema-graph\">{\"@context\":\"https:\/\/schema.org\",\"@graph\":[{\"@type\":\"WebPage\",\"@id\":\"https:\/\/koningdrone.be\/product\/pgytech-dji-avata-2-safety-carrying-case\/\",\"url\":\"https:\/\/koningdrone.be\/product\/pgytech-dji-avata-2-safety-carrying-case\/\",\"name\":\"PGYTECH DJI AVATA 2 Safety Carrying Case - koningdrone.be\",\"isPartOf\":{\"@id\":\"https:\/\/koningdrone.be\/#website\"},\"primaryImageOfPage\":{\"@id\":\"https:\/\/koningdrone.be\/product\/pgytech-dji-avata-2-safety-carrying-case\/#primaryimage\"},\"image\":{\"@id\":\"https:\/\/koningdrone.be\/product\/pgytech-dji-avata-2-safety-carrying-case\/#primaryimage\"},\"thumbnailUrl\":\"https:\/\/koningdrone.be\/wp-content\/uploads\/sites\/13\/2026\/04\/PGYTECH-DJI-AVATA-2-Safety-Carrying-Case.jpg\",\"datePublished\":\"2026-04-02T15:50:34+00:00\",\"dateModified\":\"2026-04-29T14:30:20+00:00\",\"breadcrumb\":{\"@id\":\"https:\/\/koningdrone.be\/product\/pgytech-dji-avata-2-safety-carrying-case\/#breadcrumb\"},\"inLanguage\":\"fr-BE\",\"potentialAction\":[{\"@type\":\"ReadAction\",\"target\":[\"https:\/\/koningdrone.be\/product\/pgytech-dji-avata-2-safety-carrying-case\/\"]}]},{\"@type\":\"ImageObject\",\"inLanguage\":\"fr-BE\",\"@id\":\"https:\/\/koningdrone.be\/product\/pgytech-dji-avata-2-safety-carrying-case\/#primaryimage\",\"url\":\"https:\/\/koningdrone.be\/wp-content\/uploads\/sites\/13\/2026\/04\/PGYTECH-DJI-AVATA-2-Safety-Carrying-Case.jpg\",\"contentUrl\":\"https:\/\/koningdrone.be\/wp-content\/uploads\/sites\/13\/2026\/04\/PGYTECH-DJI-AVATA-2-Safety-Carrying-Case.jpg\",\"width\":500,\"height\":500},{\"@type\":\"BreadcrumbList\",\"@id\":\"https:\/\/koningdrone.be\/product\/pgytech-dji-avata-2-safety-carrying-case\/#breadcrumb\",\"itemListElement\":[{\"@type\":\"ListItem\",\"position\":1,\"name\":\"Home\",\"item\":\"https:\/\/koningdrone.be\/\"},{\"@type\":\"ListItem\",\"position\":2,\"name\":\"AVSS Parachute Recovery System for DJI Matrice 300\/350\",\"item\":\"https:\/\/koningdrone.be\/product\/avss-parachute-recovery-system-for-dji-matrice-300-350\/\"},{\"@type\":\"ListItem\",\"position\":3,\"name\":\"DJI Avata 2\",\"item\":\"https:\/\/koningdrone.be\/categorie\/dji-avata-2\/\"},{\"@type\":\"ListItem\",\"position\":4,\"name\":\"PGYTECH DJI AVATA 2 Safety Carrying Case\"}]},{\"@type\":\"WebSite\",\"@id\":\"https:\/\/koningdrone.be\/#website\",\"url\":\"https:\/\/koningdrone.be\/\",\"name\":\"Koningdrone.be - Uw online specialist in drones, gimbals, camera's en power stations.\",\"description\":\"De webshop in drones en gimbals\",\"publisher\":{\"@id\":\"https:\/\/koningdrone.be\/#organization\"},\"potentialAction\":[{\"@type\":\"SearchAction\",\"target\":{\"@type\":\"EntryPoint\",\"urlTemplate\":\"https:\/\/koningdrone.be\/?s={search_term_string}\"},\"query-input\":{\"@type\":\"PropertyValueSpecification\",\"valueRequired\":true,\"valueName\":\"search_term_string\"}}],\"inLanguage\":\"fr-BE\"},{\"@type\":\"Organization\",\"@id\":\"https:\/\/koningdrone.be\/#organization\",\"name\":\"Koningdrone.be\",\"url\":\"https:\/\/koningdrone.be\/\",\"logo\":{\"@type\":\"ImageObject\",\"inLanguage\":\"fr-BE\",\"@id\":\"https:\/\/koningdrone.be\/#\/schema\/logo\/image\/\",\"url\":\"https:\/\/koningdrone.be\/wp-content\/uploads\/sites\/13\/2025\/04\/koningdrone-copyright-logo.svg\",\"contentUrl\":\"https:\/\/koningdrone.be\/wp-content\/uploads\/sites\/13\/2025\/04\/koningdrone-copyright-logo.svg\",\"width\":227,\"height\":38,\"caption\":\"Koningdrone.be\"},\"image\":{\"@id\":\"https:\/\/koningdrone.be\/#\/schema\/logo\/image\/\"}}]}<\/script>\n<!-- \/ Yoast SEO Premium plugin. -->","yoast_head_json":{"title":"PGYTECH DJI AVATA 2 Safety Carrying Case - koningdrone.be","robots":{"index":"index","follow":"follow","max-snippet":"max-snippet:-1","max-image-preview":"max-image-preview:large","max-video-preview":"max-video-preview:-1"},"canonical":"https:\/\/koningdrone.be\/fr\/produit\/pgytech-dji-avata-2-safety-carrying-case\/","og_locale":"fr_FR","og_type":"article","og_title":"PGYTECH DJI AVATA 2 Safety Carrying Case","og_description":"IP67 water- en stofdichte bescherming voor maximale veiligheid  Op maat gemaakte EVA-schuiminzet voor perfecte pasvorm  Bestand tegen schokken, corrosie en extreme temperaturen  Drukventiel voor veilig openen bij hoogteverschillen  Ruimte voor drone, controller, goggles en accessoires","og_url":"https:\/\/koningdrone.be\/fr\/produit\/pgytech-dji-avata-2-safety-carrying-case\/","og_site_name":"koningdrone.be","article_modified_time":"2026-04-29T14:30:20+00:00","og_image":[{"width":500,"height":500,"url":"https:\/\/koningdrone.be\/wp-content\/uploads\/sites\/13\/2026\/04\/PGYTECH-DJI-AVATA-2-Safety-Carrying-Case.jpg","type":"image\/jpeg"}],"twitter_card":"summary_large_image","twitter_misc":{"Dur\u00e9e de lecture est.":"1 minute"},"schema":{"@context":"https:\/\/schema.org","@graph":[{"@type":"WebPage","@id":"https:\/\/koningdrone.be\/product\/pgytech-dji-avata-2-safety-carrying-case\/","url":"https:\/\/koningdrone.be\/product\/pgytech-dji-avata-2-safety-carrying-case\/","name":"PGYTECH DJI AVATA 2 Safety Carrying Case - koningdrone.be","isPartOf":{"@id":"https:\/\/koningdrone.be\/#website"},"primaryImageOfPage":{"@id":"https:\/\/koningdrone.be\/product\/pgytech-dji-avata-2-safety-carrying-case\/#primaryimage"},"image":{"@id":"https:\/\/koningdrone.be\/product\/pgytech-dji-avata-2-safety-carrying-case\/#primaryimage"},"thumbnailUrl":"https:\/\/koningdrone.be\/wp-content\/uploads\/sites\/13\/2026\/04\/PGYTECH-DJI-AVATA-2-Safety-Carrying-Case.jpg","datePublished":"2026-04-02T15:50:34+00:00","dateModified":"2026-04-29T14:30:20+00:00","breadcrumb":{"@id":"https:\/\/koningdrone.be\/product\/pgytech-dji-avata-2-safety-carrying-case\/#breadcrumb"},"inLanguage":"fr-BE","potentialAction":[{"@type":"ReadAction","target":["https:\/\/koningdrone.be\/product\/pgytech-dji-avata-2-safety-carrying-case\/"]}]},{"@type":"ImageObject","inLanguage":"fr-BE","@id":"https:\/\/koningdrone.be\/product\/pgytech-dji-avata-2-safety-carrying-case\/#primaryimage","url":"https:\/\/koningdrone.be\/wp-content\/uploads\/sites\/13\/2026\/04\/PGYTECH-DJI-AVATA-2-Safety-Carrying-Case.jpg","contentUrl":"https:\/\/koningdrone.be\/wp-content\/uploads\/sites\/13\/2026\/04\/PGYTECH-DJI-AVATA-2-Safety-Carrying-Case.jpg","width":500,"height":500},{"@type":"BreadcrumbList","@id":"https:\/\/koningdrone.be\/product\/pgytech-dji-avata-2-safety-carrying-case\/#breadcrumb","itemListElement":[{"@type":"ListItem","position":1,"name":"Home","item":"https:\/\/koningdrone.be\/"},{"@type":"ListItem","position":2,"name":"AVSS Parachute Recovery System for DJI Matrice 300\/350","item":"https:\/\/koningdrone.be\/product\/avss-parachute-recovery-system-for-dji-matrice-300-350\/"},{"@type":"ListItem","position":3,"name":"DJI Avata 2","item":"https:\/\/koningdrone.be\/categorie\/dji-avata-2\/"},{"@type":"ListItem","position":4,"name":"PGYTECH DJI AVATA 2 Safety Carrying Case"}]},{"@type":"WebSite","@id":"https:\/\/koningdrone.be\/#website","url":"https:\/\/koningdrone.be\/","name":"Koningdrone.be - Votre sp\u00e9cialiste en ligne en mati\u00e8re de drones, de cardans, de cam\u00e9ras et de centrales \u00e9lectriques.","description":"La boutique en ligne de drones et de cardans","publisher":{"@id":"https:\/\/koningdrone.be\/#organization"},"potentialAction":[{"@type":"SearchAction","target":{"@type":"EntryPoint","urlTemplate":"https:\/\/koningdrone.be\/?s={search_term_string}"},"query-input":{"@type":"PropertyValueSpecification","valueRequired":true,"valueName":"search_term_string"}}],"inLanguage":"fr-BE"},{"@type":"Organization","@id":"https:\/\/koningdrone.be\/#organization","name":"Kingdrone.co.uk","url":"https:\/\/koningdrone.be\/","logo":{"@type":"ImageObject","inLanguage":"fr-BE","@id":"https:\/\/koningdrone.be\/#\/schema\/logo\/image\/","url":"https:\/\/koningdrone.be\/wp-content\/uploads\/sites\/13\/2025\/04\/koningdrone-copyright-logo.svg","contentUrl":"https:\/\/koningdrone.be\/wp-content\/uploads\/sites\/13\/2025\/04\/koningdrone-copyright-logo.svg","width":227,"height":38,"caption":"Koningdrone.be"},"image":{"@id":"https:\/\/koningdrone.be\/#\/schema\/logo\/image\/"}}]}},"df_price":99.95,"df_sale_price":"","df_regular_price":99.95,"df_image_link":"https:\/\/koningdrone.be\/wp-content\/uploads\/sites\/13\/2026\/04\/PGYTECH-DJI-AVATA-2-Safety-Carrying-Case-300x300.jpg","_links":{"self":[{"href":"https:\/\/koningdrone.be\/fr\/wp-json\/wp\/v2\/product\/18291","targetHints":{"allow":["GET"]}}],"collection":[{"href":"https:\/\/koningdrone.be\/fr\/wp-json\/wp\/v2\/product"}],"about":[{"href":"https:\/\/koningdrone.be\/fr\/wp-json\/wp\/v2\/types\/product"}],"wp:featuredmedia":[{"embeddable":true,"href":"https:\/\/koningdrone.be\/fr\/wp-json\/wp\/v2\/media\/18283"}],"wp:attachment":[{"href":"https:\/\/koningdrone.be\/fr\/wp-json\/wp\/v2\/media?parent=18291"}],"wp:term":[{"taxonomy":"product_brand","embeddable":true,"href":"https:\/\/koningdrone.be\/fr\/wp-json\/wp\/v2\/product_brand?post=18291"},{"taxonomy":"product_cat","embeddable":true,"href":"https:\/\/koningdrone.be\/fr\/wp-json\/wp\/v2\/product_cat?post=18291"},{"taxonomy":"product_tag","embeddable":true,"href":"https:\/\/koningdrone.be\/fr\/wp-json\/wp\/v2\/product_tag?post=18291"}],"curies":[{"name":"wp","href":"https:\/\/api.w.org\/{rel}","templated":true}]}}