{"id":1829,"date":"2024-11-05T10:25:43","date_gmt":"2024-11-05T09:25:43","guid":{"rendered":"https:\/\/koningdrone.nl\/kon\/product\/flytbase-enterprise-dji-dock-1\/"},"modified":"2026-04-30T16:11:03","modified_gmt":"2026-04-30T14:11:03","slug":"flytbase-enterprise-dji-dock-1","status":"publish","type":"product","link":"https:\/\/koningdrone.be\/fr\/produit\/flytbase-enterprise-dji-dock-1\/","title":{"rendered":"Flytbase Enterprise DJI Dock 1"},"content":{"rendered":"<p>FlytBase Enterprise est une plateforme d'autonomie pour drones d'entreprise con\u00e7ue pour automatiser et rationaliser les flux de collecte de donn\u00e9es a\u00e9riennes. Cette plateforme permet aux utilisateurs d'automatiser les op\u00e9rations r\u00e9p\u00e9titives et routini\u00e8res des drones avec des stations d'accueil de drones pour une vari\u00e9t\u00e9 d'applications, y compris la s\u00e9curit\u00e9 des sites, l'inspection des actifs et la r\u00e9ponse aux catastrophes. Que vous ayez besoin d'op\u00e9rer un drone ou des centaines, de g\u00e9rer une station d'accueil ou plusieurs, l'infrastructure d'h\u00e9bergement \u00e9volutive de FlytBase et ses capacit\u00e9s d'entreprise peuvent r\u00e9pondre \u00e0 tous vos besoins en mati\u00e8re d'op\u00e9rations de drone \u00e0 distance.<\/p>","protected":false},"excerpt":{"rendered":"<ul>\n<li>Prise en charge d'une station d'accueil DJI Dock 1 (M30\/M30T) pendant trois ans.<\/li>\n<li>Cinquante mille (150 000) minutes de visionnage vid\u00e9o (VVM) par an et par quai<\/li>\n<li>Cinq cents (500) Go de stockage en nuage par station d'accueil<\/li>\n<li>Assistance aux entreprises (voir la section Assistance pour plus d'informations)<\/li>\n<li>S\u00e9curit\u00e9 des donn\u00e9es au niveau de l'entreprise (SOC-2 Type II, ISO 270001 et GDPR)<\/li>\n<li>Soutien \u00e0 la conformit\u00e9 informatique (acc\u00e8s aux rapports sur la s\u00e9curit\u00e9 des donn\u00e9es et aux tests de p\u00e9n\u00e9tration)<\/li>\n<li>Gestion d'un maximum de trois sites<\/li>\n<li>Gestion d'\u00e9quipe pour un nombre illimit\u00e9 d'utilisateurs<\/li>\n<li>Secure-Guest-Share - session d'invit\u00e9 sans restriction<\/li>\n<li>Deux sources de liaison d'alarme<\/li>\n<li>Acc\u00e8s \u00e0 un StreamLink (flux RTSP) et \u00e0 toutes les fonctionnalit\u00e9s de l'entreprise.<\/li>\n<\/ul>","protected":false},"featured_media":1828,"template":"","meta":{"_acf_changed":false},"product_brand":[],"product_cat":[97,282],"product_tag":[],"class_list":{"0":"post-1829","1":"product","2":"type-product","3":"status-publish","4":"has-post-thumbnail","6":"product_cat-alle-producten","7":"product_cat-drone-docks","8":"product_shipping_class-outofstock","9":"pa_brand-dji","10":"pa_productfamily-dock","11":"pa_producttype-software","12":"pa_series-dock-1","14":"first","15":"outofstock","16":"taxable","17":"shipping-taxable","18":"purchasable","19":"product-type-simple"},"acf":[],"yoast_head":"<!-- This site is optimized with the Yoast SEO Premium plugin v27.2 (Yoast SEO v27.2) - https:\/\/yoast.com\/product\/yoast-seo-premium-wordpress\/ -->\n<title>Flytbase Enterprise DJI Dock 1 - koningdrone.be<\/title>\n<meta name=\"robots\" content=\"index, follow, max-snippet:-1, max-image-preview:large, max-video-preview:-1\" \/>\n<link rel=\"canonical\" href=\"https:\/\/koningdrone.be\/fr\/produit\/flytbase-enterprise-dji-dock-1\/\" \/>\n<meta property=\"og:locale\" content=\"fr_FR\" \/>\n<meta property=\"og:type\" content=\"article\" \/>\n<meta property=\"og:title\" content=\"Flytbase Enterprise DJI Dock 1\" \/>\n<meta property=\"og:description\" content=\"Ondersteuning voor \u00e9\u00e9n DJI Dock 1 (M30\/M30T) gedurende drie jaar.Een vijftigduizend (150.000) Video Viewer Minutes (VVM) per jaar per dockVijfhonderd (500) GB cloudopslag per dockEnterprise-ondersteuning (raadpleeg het gedeelte Ondersteuning voor meer informatie)Gegevensbeveiliging op bedrijfsniveau (SOC-2 Type II, ISO 270001 en GDPR)Ondersteuning voor IT-compliance (toegang tot rapporten over gegevensbeveiliging en penetratietests)Sitebeheer voor maximaal drie locatiesTeambeheer voor onbeperkt aantal gebruikersSecure-Guest-Share - onbeperkte gastsessieTwee Alarm Link bronnenToegang tot \u00e9\u00e9n StreamLink (RTSP Stream) en alle Enterprise-functies.\" \/>\n<meta property=\"og:url\" content=\"https:\/\/koningdrone.be\/fr\/produit\/flytbase-enterprise-dji-dock-1\/\" \/>\n<meta property=\"og:site_name\" content=\"koningdrone.be\" \/>\n<meta property=\"article:modified_time\" content=\"2026-04-30T14:11:03+00:00\" \/>\n<meta property=\"og:image\" content=\"https:\/\/koningdrone.be\/wp-content\/uploads\/sites\/13\/2025\/04\/115677_MD-FlytBase_DJI_Dock_1_2.png\" \/>\n\t<meta property=\"og:image:width\" content=\"500\" \/>\n\t<meta property=\"og:image:height\" content=\"353\" \/>\n\t<meta property=\"og:image:type\" content=\"image\/png\" \/>\n<meta name=\"twitter:card\" content=\"summary_large_image\" \/>\n<script type=\"application\/ld+json\" class=\"yoast-schema-graph\">{\"@context\":\"https:\/\/schema.org\",\"@graph\":[{\"@type\":\"WebPage\",\"@id\":\"https:\/\/koningdrone.be\/product\/flytbase-enterprise-dji-dock-1\/\",\"url\":\"https:\/\/koningdrone.be\/product\/flytbase-enterprise-dji-dock-1\/\",\"name\":\"Flytbase Enterprise DJI Dock 1 - koningdrone.be\",\"isPartOf\":{\"@id\":\"https:\/\/koningdrone.be\/#website\"},\"primaryImageOfPage\":{\"@id\":\"https:\/\/koningdrone.be\/product\/flytbase-enterprise-dji-dock-1\/#primaryimage\"},\"image\":{\"@id\":\"https:\/\/koningdrone.be\/product\/flytbase-enterprise-dji-dock-1\/#primaryimage\"},\"thumbnailUrl\":\"https:\/\/koningdrone.be\/wp-content\/uploads\/sites\/13\/2025\/04\/115677_MD-FlytBase_DJI_Dock_1_2.png\",\"datePublished\":\"2024-11-05T09:25:43+00:00\",\"dateModified\":\"2026-04-30T14:11:03+00:00\",\"breadcrumb\":{\"@id\":\"https:\/\/koningdrone.be\/product\/flytbase-enterprise-dji-dock-1\/#breadcrumb\"},\"inLanguage\":\"fr-BE\",\"potentialAction\":[{\"@type\":\"ReadAction\",\"target\":[\"https:\/\/koningdrone.be\/product\/flytbase-enterprise-dji-dock-1\/\"]}]},{\"@type\":\"ImageObject\",\"inLanguage\":\"fr-BE\",\"@id\":\"https:\/\/koningdrone.be\/product\/flytbase-enterprise-dji-dock-1\/#primaryimage\",\"url\":\"https:\/\/koningdrone.be\/wp-content\/uploads\/sites\/13\/2025\/04\/115677_MD-FlytBase_DJI_Dock_1_2.png\",\"contentUrl\":\"https:\/\/koningdrone.be\/wp-content\/uploads\/sites\/13\/2025\/04\/115677_MD-FlytBase_DJI_Dock_1_2.png\",\"width\":500,\"height\":353},{\"@type\":\"BreadcrumbList\",\"@id\":\"https:\/\/koningdrone.be\/product\/flytbase-enterprise-dji-dock-1\/#breadcrumb\",\"itemListElement\":[{\"@type\":\"ListItem\",\"position\":1,\"name\":\"Home\",\"item\":\"https:\/\/koningdrone.be\/\"},{\"@type\":\"ListItem\",\"position\":2,\"name\":\"AVSS Parachute Recovery System for DJI Matrice 300\/350\",\"item\":\"https:\/\/koningdrone.be\/product\/avss-parachute-recovery-system-for-dji-matrice-300-350\/\"},{\"@type\":\"ListItem\",\"position\":3,\"name\":\"Alle producten\",\"item\":\"https:\/\/koningdrone.be\/categorie\/alle-producten\/\"},{\"@type\":\"ListItem\",\"position\":4,\"name\":\"Flytbase Enterprise DJI Dock 1\"}]},{\"@type\":\"WebSite\",\"@id\":\"https:\/\/koningdrone.be\/#website\",\"url\":\"https:\/\/koningdrone.be\/\",\"name\":\"Koningdrone.be - Uw online specialist in drones, gimbals, camera's en power stations.\",\"description\":\"De webshop in drones en gimbals\",\"publisher\":{\"@id\":\"https:\/\/koningdrone.be\/#organization\"},\"potentialAction\":[{\"@type\":\"SearchAction\",\"target\":{\"@type\":\"EntryPoint\",\"urlTemplate\":\"https:\/\/koningdrone.be\/?s={search_term_string}\"},\"query-input\":{\"@type\":\"PropertyValueSpecification\",\"valueRequired\":true,\"valueName\":\"search_term_string\"}}],\"inLanguage\":\"fr-BE\"},{\"@type\":\"Organization\",\"@id\":\"https:\/\/koningdrone.be\/#organization\",\"name\":\"Koningdrone.be\",\"url\":\"https:\/\/koningdrone.be\/\",\"logo\":{\"@type\":\"ImageObject\",\"inLanguage\":\"fr-BE\",\"@id\":\"https:\/\/koningdrone.be\/#\/schema\/logo\/image\/\",\"url\":\"https:\/\/koningdrone.be\/wp-content\/uploads\/sites\/13\/2025\/04\/koningdrone-copyright-logo.svg\",\"contentUrl\":\"https:\/\/koningdrone.be\/wp-content\/uploads\/sites\/13\/2025\/04\/koningdrone-copyright-logo.svg\",\"width\":227,\"height\":38,\"caption\":\"Koningdrone.be\"},\"image\":{\"@id\":\"https:\/\/koningdrone.be\/#\/schema\/logo\/image\/\"}}]}<\/script>\n<!-- \/ Yoast SEO Premium plugin. -->","yoast_head_json":{"title":"Flytbase Enterprise DJI Dock 1 - koningdrone.be","robots":{"index":"index","follow":"follow","max-snippet":"max-snippet:-1","max-image-preview":"max-image-preview:large","max-video-preview":"max-video-preview:-1"},"canonical":"https:\/\/koningdrone.be\/fr\/produit\/flytbase-enterprise-dji-dock-1\/","og_locale":"fr_FR","og_type":"article","og_title":"Flytbase Enterprise DJI Dock 1","og_description":"Ondersteuning voor \u00e9\u00e9n DJI Dock 1 (M30\/M30T) gedurende drie jaar.Een vijftigduizend (150.000) Video Viewer Minutes (VVM) per jaar per dockVijfhonderd (500) GB cloudopslag per dockEnterprise-ondersteuning (raadpleeg het gedeelte Ondersteuning voor meer informatie)Gegevensbeveiliging op bedrijfsniveau (SOC-2 Type II, ISO 270001 en GDPR)Ondersteuning voor IT-compliance (toegang tot rapporten over gegevensbeveiliging en penetratietests)Sitebeheer voor maximaal drie locatiesTeambeheer voor onbeperkt aantal gebruikersSecure-Guest-Share - onbeperkte gastsessieTwee Alarm Link bronnenToegang tot \u00e9\u00e9n StreamLink (RTSP Stream) en alle Enterprise-functies.","og_url":"https:\/\/koningdrone.be\/fr\/produit\/flytbase-enterprise-dji-dock-1\/","og_site_name":"koningdrone.be","article_modified_time":"2026-04-30T14:11:03+00:00","og_image":[{"width":500,"height":353,"url":"https:\/\/koningdrone.be\/wp-content\/uploads\/sites\/13\/2025\/04\/115677_MD-FlytBase_DJI_Dock_1_2.png","type":"image\/png"}],"twitter_card":"summary_large_image","schema":{"@context":"https:\/\/schema.org","@graph":[{"@type":"WebPage","@id":"https:\/\/koningdrone.be\/product\/flytbase-enterprise-dji-dock-1\/","url":"https:\/\/koningdrone.be\/product\/flytbase-enterprise-dji-dock-1\/","name":"Flytbase Enterprise DJI Dock 1 - koningdrone.be","isPartOf":{"@id":"https:\/\/koningdrone.be\/#website"},"primaryImageOfPage":{"@id":"https:\/\/koningdrone.be\/product\/flytbase-enterprise-dji-dock-1\/#primaryimage"},"image":{"@id":"https:\/\/koningdrone.be\/product\/flytbase-enterprise-dji-dock-1\/#primaryimage"},"thumbnailUrl":"https:\/\/koningdrone.be\/wp-content\/uploads\/sites\/13\/2025\/04\/115677_MD-FlytBase_DJI_Dock_1_2.png","datePublished":"2024-11-05T09:25:43+00:00","dateModified":"2026-04-30T14:11:03+00:00","breadcrumb":{"@id":"https:\/\/koningdrone.be\/product\/flytbase-enterprise-dji-dock-1\/#breadcrumb"},"inLanguage":"fr-BE","potentialAction":[{"@type":"ReadAction","target":["https:\/\/koningdrone.be\/product\/flytbase-enterprise-dji-dock-1\/"]}]},{"@type":"ImageObject","inLanguage":"fr-BE","@id":"https:\/\/koningdrone.be\/product\/flytbase-enterprise-dji-dock-1\/#primaryimage","url":"https:\/\/koningdrone.be\/wp-content\/uploads\/sites\/13\/2025\/04\/115677_MD-FlytBase_DJI_Dock_1_2.png","contentUrl":"https:\/\/koningdrone.be\/wp-content\/uploads\/sites\/13\/2025\/04\/115677_MD-FlytBase_DJI_Dock_1_2.png","width":500,"height":353},{"@type":"BreadcrumbList","@id":"https:\/\/koningdrone.be\/product\/flytbase-enterprise-dji-dock-1\/#breadcrumb","itemListElement":[{"@type":"ListItem","position":1,"name":"Home","item":"https:\/\/koningdrone.be\/"},{"@type":"ListItem","position":2,"name":"AVSS Parachute Recovery System for DJI Matrice 300\/350","item":"https:\/\/koningdrone.be\/product\/avss-parachute-recovery-system-for-dji-matrice-300-350\/"},{"@type":"ListItem","position":3,"name":"Alle producten","item":"https:\/\/koningdrone.be\/categorie\/alle-producten\/"},{"@type":"ListItem","position":4,"name":"Flytbase Enterprise DJI Dock 1"}]},{"@type":"WebSite","@id":"https:\/\/koningdrone.be\/#website","url":"https:\/\/koningdrone.be\/","name":"Koningdrone.be - Votre sp\u00e9cialiste en ligne en mati\u00e8re de drones, de cardans, de cam\u00e9ras et de centrales \u00e9lectriques.","description":"La boutique en ligne de drones et de cardans","publisher":{"@id":"https:\/\/koningdrone.be\/#organization"},"potentialAction":[{"@type":"SearchAction","target":{"@type":"EntryPoint","urlTemplate":"https:\/\/koningdrone.be\/?s={search_term_string}"},"query-input":{"@type":"PropertyValueSpecification","valueRequired":true,"valueName":"search_term_string"}}],"inLanguage":"fr-BE"},{"@type":"Organization","@id":"https:\/\/koningdrone.be\/#organization","name":"Kingdrone.co.uk","url":"https:\/\/koningdrone.be\/","logo":{"@type":"ImageObject","inLanguage":"fr-BE","@id":"https:\/\/koningdrone.be\/#\/schema\/logo\/image\/","url":"https:\/\/koningdrone.be\/wp-content\/uploads\/sites\/13\/2025\/04\/koningdrone-copyright-logo.svg","contentUrl":"https:\/\/koningdrone.be\/wp-content\/uploads\/sites\/13\/2025\/04\/koningdrone-copyright-logo.svg","width":227,"height":38,"caption":"Koningdrone.be"},"image":{"@id":"https:\/\/koningdrone.be\/#\/schema\/logo\/image\/"}}]}},"df_price":6653.79,"df_sale_price":"","df_regular_price":6653.79,"df_image_link":"https:\/\/koningdrone.be\/wp-content\/uploads\/sites\/13\/2025\/04\/115677_MD-FlytBase_DJI_Dock_1_2-300x212.png","_links":{"self":[{"href":"https:\/\/koningdrone.be\/fr\/wp-json\/wp\/v2\/product\/1829","targetHints":{"allow":["GET"]}}],"collection":[{"href":"https:\/\/koningdrone.be\/fr\/wp-json\/wp\/v2\/product"}],"about":[{"href":"https:\/\/koningdrone.be\/fr\/wp-json\/wp\/v2\/types\/product"}],"wp:featuredmedia":[{"embeddable":true,"href":"https:\/\/koningdrone.be\/fr\/wp-json\/wp\/v2\/media\/1828"}],"wp:attachment":[{"href":"https:\/\/koningdrone.be\/fr\/wp-json\/wp\/v2\/media?parent=1829"}],"wp:term":[{"taxonomy":"product_brand","embeddable":true,"href":"https:\/\/koningdrone.be\/fr\/wp-json\/wp\/v2\/product_brand?post=1829"},{"taxonomy":"product_cat","embeddable":true,"href":"https:\/\/koningdrone.be\/fr\/wp-json\/wp\/v2\/product_cat?post=1829"},{"taxonomy":"product_tag","embeddable":true,"href":"https:\/\/koningdrone.be\/fr\/wp-json\/wp\/v2\/product_tag?post=1829"}],"curies":[{"name":"wp","href":"https:\/\/api.w.org\/{rel}","templated":true}]}}