{"id":18238,"date":"2026-04-02T15:40:08","date_gmt":"2026-04-02T13:40:08","guid":{"rendered":"https:\/\/koningdrone.be\/?post_type=product&#038;p=18238"},"modified":"2026-04-29T03:30:49","modified_gmt":"2026-04-29T01:30:49","slug":"dji-matrice-4-obstacle-sensing-module","status":"publish","type":"product","link":"https:\/\/koningdrone.be\/fr\/produit\/dji-matrice-4-obstacle-sensing-module\/","title":{"rendered":"Module de d\u00e9tection d'obstacles DJI Matrice 4"},"content":{"rendered":"<h3>Module de d\u00e9tection d'obstacles DJI Matrice 4<\/h3>\n<p><iframe loading=\"lazy\" title=\"DJI Matrice 4D Series\u4e28Premi\u00e8re utilisation du module de d\u00e9tection d&#039;obstacles\" width=\"800\" height=\"450\" src=\"https:\/\/www.youtube.com\/embed\/bUyEmLlHXZg?feature=oembed&#038;enablejsapi=1&#038;origin=https:\/\/koningdrone.be\" frameborder=\"0\" allow=\"accelerometer; autoplay; clipboard-write; encrypted-media; gyroscope; picture-in-picture; web-share\" referrerpolicy=\"strict-origin-when-cross-origin\" allowfullscreen><\/iframe><\/p>\n<p style=\"margin: 20px 0\">Le module de d\u00e9tection d'obstacles DJI Matrice 4 est un capteur avanc\u00e9 pour votre drone DJI Matrice 4. Il combine la technologie LiDAR rotative et le radar \u00e0 ondes millim\u00e9triques, ce qui permet au drone de d\u00e9tecter les obstacles environnementaux m\u00eame dans des conditions difficiles telles qu'une faible luminosit\u00e9 ou \u00e0 proximit\u00e9 d'objets fins comme les lignes \u00e9lectriques. Cela rend le vol dans des environnements complexes tels que les sous-stations, les r\u00e9seaux de lignes \u00e9lectriques ou les zones dens\u00e9ment bois\u00e9es beaucoup plus s\u00fbr.<\/p>\n<p><a href=\"https:\/\/koningdrone.nl\/wp-content\/uploads\/2026\/04\/DJI-Matrice-4-Obstacle-Sensing-Module-scaled.jpg\"><img loading=\"lazy\" decoding=\"async\" class=\"aligncenter wp-image-471431 size-full\" src=\"https:\/\/koningdrone.nl\/wp-content\/uploads\/2026\/04\/DJI-Matrice-4-Obstacle-Sensing-Module-scaled.jpg\" alt=\"DJI Matrice 4 Obstacle Sensing Module\" width=\"2560\" height=\"1707\" \/><\/a><\/p>\n<h4>Performance et fonctionnalit\u00e9<\/h4>\n<p>Combinant des capteurs LiDAR et un radar \u00e0 ondes millim\u00e9triques \u00e0 cinq directions, ce module assure une d\u00e9tection omnidirectionnelle et peut d\u00e9tecter des objets d'une \u00e9paisseur maximale d'environ 12 mm \u00e0 une vitesse maximale d'environ 15 m\/s. Le module prend en charge la d\u00e9tection jusqu'\u00e0 une distance d'environ 100 m, ce qui permet \u00e0 votre drone d'\u00e9valuer automatiquement ou manuellement les obstacles et de voler en toute s\u00e9curit\u00e9 dans les zones o\u00f9 les syst\u00e8mes visuels sont d\u00e9ficients.<\/p>\n<h4>Qualit\u00e9 de construction et conception<\/h4>\n<p>Le design compact et robuste a un indice de protection IP55 (lorsqu'il est utilis\u00e9 sur une Matrice 4D), ce qui le rend r\u00e9sistant \u00e0 la poussi\u00e8re et \u00e0 la pluie l\u00e9g\u00e8re. Le module p\u00e8se environ 225-235g, r\u00e9siste \u00e0 des temp\u00e9ratures comprises entre -20\u00b0C et +50\u00b0C, et est livr\u00e9 avec un support d'adaptation, des outils et des autocollants r\u00e9fl\u00e9chissants pour faciliter l'installation sur votre drone.<\/p>\n<p><a href=\"https:\/\/koningdrone.nl\/wp-content\/uploads\/2026\/04\/Product-DJI-Matrice-4-Obstacle-Sensing-Module-scaled.jpg\"><img loading=\"lazy\" decoding=\"async\" class=\"size-medium wp-image-471430 aligncenter\" src=\"https:\/\/koningdrone.nl\/wp-content\/uploads\/2026\/04\/Product-DJI-Matrice-4-Obstacle-Sensing-Module-300x200.jpg\" alt=\"Product DJI Matrice 4 Obstacle Sensing Module\" width=\"300\" height=\"200\" \/><\/a><\/p>\n<h4>Pourquoi vous en avez besoin<\/h4>\n<p>Pour les inspections professionnelles, les \u00e9tudes d'infrastructures ou les applications industrielles, il est important de d\u00e9tecter les obstacles que les syst\u00e8mes visuels ne d\u00e9tectent pas toujours, tels que les c\u00e2bles fins ou les fils \u00e9lectriques. Avec ce module de d\u00e9tection d'obstacles, vous pouvez augmenter de mani\u00e8re significative la s\u00e9curit\u00e9 et la pr\u00e9cision des vols de votre s\u00e9rie Matrice 4- ou 4D, en particulier dans les environnements difficiles ou complexes.<\/p>","protected":false},"excerpt":{"rendered":"<ul>\n<li>D\u00e9tection avanc\u00e9e d'obstacles avec LiDAR + radar \u00e0 ondes millim\u00e9triques pour les environnements complexes.<\/li>\n<li>D\u00e9tecte des objets fins jusqu'\u00e0 environ 12 mm, m\u00eame \u00e0 des vitesses allant jusqu'\u00e0 environ 15 m\/s.<\/li>\n<li>Capteur omnidirectionnel pour une couverture plus large et une navigation s\u00fbre.<\/li>\n<li>Classe de protection IP55 avec installation Matrice 4D pour une utilisation robuste.<\/li>\n<li>Convient aux inspections autour des r\u00e9seaux \u00e9lectriques, des sous-stations et des structures complexes.<\/li>\n<\/ul>","protected":false},"featured_media":18234,"template":"","meta":{"_acf_changed":false},"product_brand":[],"product_cat":[1732],"product_tag":[],"class_list":{"0":"post-18238","1":"product","2":"type-product","3":"status-publish","4":"has-post-thumbnail","6":"product_cat-dji-matrice-4d","7":"product_shipping_class-uavspacesall","8":"pa_brand-dji","9":"pa_producttype-accessoire","10":"pa_series-matrice","12":"first","13":"instock","14":"taxable","15":"shipping-taxable","16":"purchasable","17":"product-type-simple"},"acf":[],"yoast_head":"<!-- This site is optimized with the Yoast SEO Premium plugin v27.2 (Yoast SEO v27.2) - https:\/\/yoast.com\/product\/yoast-seo-premium-wordpress\/ -->\n<title>DJI Matrice 4 Obstacle Sensing Module - koningdrone.be<\/title>\n<meta name=\"robots\" content=\"index, follow, max-snippet:-1, max-image-preview:large, max-video-preview:-1\" \/>\n<link rel=\"canonical\" href=\"https:\/\/koningdrone.be\/fr\/produit\/dji-matrice-4-obstacle-sensing-module\/\" \/>\n<meta property=\"og:locale\" content=\"fr_FR\" \/>\n<meta property=\"og:type\" content=\"article\" \/>\n<meta property=\"og:title\" content=\"DJI Matrice 4 Obstacle Sensing Module\" \/>\n<meta property=\"og:description\" content=\"Geavanceerde obstakeldetectie met LiDAR + millimetergolfradar voor complexe omgevingen.  Detecteert fijne objecten tot ca. 12\u202fmm zelfs bij snelheid tot ca. 15\u202fm\/s.  Omnidirectionele sensor voor bredere dekking en veilige vluchtnavigatie.  IP55\u2011beschermingsklasse bij Matrice\u202f4D\u2011installatie voor robuust gebruik.  Geschikt voor inspecties rond stroomnetten, onderstations en uitdagende structuren.\" \/>\n<meta property=\"og:url\" content=\"https:\/\/koningdrone.be\/fr\/produit\/dji-matrice-4-obstacle-sensing-module\/\" \/>\n<meta property=\"og:site_name\" content=\"koningdrone.be\" \/>\n<meta property=\"article:modified_time\" content=\"2026-04-29T01:30:49+00:00\" \/>\n<meta property=\"og:image\" content=\"https:\/\/koningdrone.be\/wp-content\/uploads\/sites\/13\/2026\/04\/DJI-Matrice-4-Obstacle-Sensing-Module-scaled-1.jpg\" \/>\n\t<meta property=\"og:image:width\" content=\"2560\" \/>\n\t<meta property=\"og:image:height\" content=\"1707\" \/>\n\t<meta property=\"og:image:type\" content=\"image\/jpeg\" \/>\n<meta name=\"twitter:card\" content=\"summary_large_image\" \/>\n<meta name=\"twitter:label1\" content=\"Dur\u00e9e de lecture est.\" \/>\n\t<meta name=\"twitter:data1\" content=\"1 minute\" \/>\n<script type=\"application\/ld+json\" class=\"yoast-schema-graph\">{\"@context\":\"https:\/\/schema.org\",\"@graph\":[{\"@type\":\"WebPage\",\"@id\":\"https:\/\/koningdrone.be\/product\/dji-matrice-4-obstacle-sensing-module\/\",\"url\":\"https:\/\/koningdrone.be\/product\/dji-matrice-4-obstacle-sensing-module\/\",\"name\":\"DJI Matrice 4 Obstacle Sensing Module - koningdrone.be\",\"isPartOf\":{\"@id\":\"https:\/\/koningdrone.be\/#website\"},\"primaryImageOfPage\":{\"@id\":\"https:\/\/koningdrone.be\/product\/dji-matrice-4-obstacle-sensing-module\/#primaryimage\"},\"image\":{\"@id\":\"https:\/\/koningdrone.be\/product\/dji-matrice-4-obstacle-sensing-module\/#primaryimage\"},\"thumbnailUrl\":\"https:\/\/koningdrone.be\/wp-content\/uploads\/sites\/13\/2026\/04\/DJI-Matrice-4-Obstacle-Sensing-Module-scaled-1.jpg\",\"datePublished\":\"2026-04-02T13:40:08+00:00\",\"dateModified\":\"2026-04-29T01:30:49+00:00\",\"breadcrumb\":{\"@id\":\"https:\/\/koningdrone.be\/product\/dji-matrice-4-obstacle-sensing-module\/#breadcrumb\"},\"inLanguage\":\"fr-BE\",\"potentialAction\":[{\"@type\":\"ReadAction\",\"target\":[\"https:\/\/koningdrone.be\/product\/dji-matrice-4-obstacle-sensing-module\/\"]}]},{\"@type\":\"ImageObject\",\"inLanguage\":\"fr-BE\",\"@id\":\"https:\/\/koningdrone.be\/product\/dji-matrice-4-obstacle-sensing-module\/#primaryimage\",\"url\":\"https:\/\/koningdrone.be\/wp-content\/uploads\/sites\/13\/2026\/04\/DJI-Matrice-4-Obstacle-Sensing-Module-scaled-1.jpg\",\"contentUrl\":\"https:\/\/koningdrone.be\/wp-content\/uploads\/sites\/13\/2026\/04\/DJI-Matrice-4-Obstacle-Sensing-Module-scaled-1.jpg\",\"width\":2560,\"height\":1707},{\"@type\":\"BreadcrumbList\",\"@id\":\"https:\/\/koningdrone.be\/product\/dji-matrice-4-obstacle-sensing-module\/#breadcrumb\",\"itemListElement\":[{\"@type\":\"ListItem\",\"position\":1,\"name\":\"Home\",\"item\":\"https:\/\/koningdrone.be\/\"},{\"@type\":\"ListItem\",\"position\":2,\"name\":\"AVSS Parachute Recovery System for DJI Matrice 300\/350\",\"item\":\"https:\/\/koningdrone.be\/product\/avss-parachute-recovery-system-for-dji-matrice-300-350\/\"},{\"@type\":\"ListItem\",\"position\":3,\"name\":\"DJI Matrice 4D\",\"item\":\"https:\/\/koningdrone.be\/categorie\/dji-matrice-4d\/\"},{\"@type\":\"ListItem\",\"position\":4,\"name\":\"DJI Matrice 4 Obstacle Sensing Module\"}]},{\"@type\":\"WebSite\",\"@id\":\"https:\/\/koningdrone.be\/#website\",\"url\":\"https:\/\/koningdrone.be\/\",\"name\":\"Koningdrone.be - Uw online specialist in drones, gimbals, camera's en power stations.\",\"description\":\"De webshop in drones en gimbals\",\"publisher\":{\"@id\":\"https:\/\/koningdrone.be\/#organization\"},\"potentialAction\":[{\"@type\":\"SearchAction\",\"target\":{\"@type\":\"EntryPoint\",\"urlTemplate\":\"https:\/\/koningdrone.be\/?s={search_term_string}\"},\"query-input\":{\"@type\":\"PropertyValueSpecification\",\"valueRequired\":true,\"valueName\":\"search_term_string\"}}],\"inLanguage\":\"fr-BE\"},{\"@type\":\"Organization\",\"@id\":\"https:\/\/koningdrone.be\/#organization\",\"name\":\"Koningdrone.be\",\"url\":\"https:\/\/koningdrone.be\/\",\"logo\":{\"@type\":\"ImageObject\",\"inLanguage\":\"fr-BE\",\"@id\":\"https:\/\/koningdrone.be\/#\/schema\/logo\/image\/\",\"url\":\"https:\/\/koningdrone.be\/wp-content\/uploads\/sites\/13\/2025\/04\/koningdrone-copyright-logo.svg\",\"contentUrl\":\"https:\/\/koningdrone.be\/wp-content\/uploads\/sites\/13\/2025\/04\/koningdrone-copyright-logo.svg\",\"width\":227,\"height\":38,\"caption\":\"Koningdrone.be\"},\"image\":{\"@id\":\"https:\/\/koningdrone.be\/#\/schema\/logo\/image\/\"}}]}<\/script>\n<!-- \/ Yoast SEO Premium plugin. -->","yoast_head_json":{"title":"DJI Matrice 4 Obstacle Sensing Module - koningdrone.be","robots":{"index":"index","follow":"follow","max-snippet":"max-snippet:-1","max-image-preview":"max-image-preview:large","max-video-preview":"max-video-preview:-1"},"canonical":"https:\/\/koningdrone.be\/fr\/produit\/dji-matrice-4-obstacle-sensing-module\/","og_locale":"fr_FR","og_type":"article","og_title":"DJI Matrice 4 Obstacle Sensing Module","og_description":"Geavanceerde obstakeldetectie met LiDAR + millimetergolfradar voor complexe omgevingen.  Detecteert fijne objecten tot ca. 12\u202fmm zelfs bij snelheid tot ca. 15\u202fm\/s.  Omnidirectionele sensor voor bredere dekking en veilige vluchtnavigatie.  IP55\u2011beschermingsklasse bij Matrice\u202f4D\u2011installatie voor robuust gebruik.  Geschikt voor inspecties rond stroomnetten, onderstations en uitdagende structuren.","og_url":"https:\/\/koningdrone.be\/fr\/produit\/dji-matrice-4-obstacle-sensing-module\/","og_site_name":"koningdrone.be","article_modified_time":"2026-04-29T01:30:49+00:00","og_image":[{"width":2560,"height":1707,"url":"https:\/\/koningdrone.be\/wp-content\/uploads\/sites\/13\/2026\/04\/DJI-Matrice-4-Obstacle-Sensing-Module-scaled-1.jpg","type":"image\/jpeg"}],"twitter_card":"summary_large_image","twitter_misc":{"Dur\u00e9e de lecture est.":"1 minute"},"schema":{"@context":"https:\/\/schema.org","@graph":[{"@type":"WebPage","@id":"https:\/\/koningdrone.be\/product\/dji-matrice-4-obstacle-sensing-module\/","url":"https:\/\/koningdrone.be\/product\/dji-matrice-4-obstacle-sensing-module\/","name":"DJI Matrice 4 Obstacle Sensing Module - koningdrone.be","isPartOf":{"@id":"https:\/\/koningdrone.be\/#website"},"primaryImageOfPage":{"@id":"https:\/\/koningdrone.be\/product\/dji-matrice-4-obstacle-sensing-module\/#primaryimage"},"image":{"@id":"https:\/\/koningdrone.be\/product\/dji-matrice-4-obstacle-sensing-module\/#primaryimage"},"thumbnailUrl":"https:\/\/koningdrone.be\/wp-content\/uploads\/sites\/13\/2026\/04\/DJI-Matrice-4-Obstacle-Sensing-Module-scaled-1.jpg","datePublished":"2026-04-02T13:40:08+00:00","dateModified":"2026-04-29T01:30:49+00:00","breadcrumb":{"@id":"https:\/\/koningdrone.be\/product\/dji-matrice-4-obstacle-sensing-module\/#breadcrumb"},"inLanguage":"fr-BE","potentialAction":[{"@type":"ReadAction","target":["https:\/\/koningdrone.be\/product\/dji-matrice-4-obstacle-sensing-module\/"]}]},{"@type":"ImageObject","inLanguage":"fr-BE","@id":"https:\/\/koningdrone.be\/product\/dji-matrice-4-obstacle-sensing-module\/#primaryimage","url":"https:\/\/koningdrone.be\/wp-content\/uploads\/sites\/13\/2026\/04\/DJI-Matrice-4-Obstacle-Sensing-Module-scaled-1.jpg","contentUrl":"https:\/\/koningdrone.be\/wp-content\/uploads\/sites\/13\/2026\/04\/DJI-Matrice-4-Obstacle-Sensing-Module-scaled-1.jpg","width":2560,"height":1707},{"@type":"BreadcrumbList","@id":"https:\/\/koningdrone.be\/product\/dji-matrice-4-obstacle-sensing-module\/#breadcrumb","itemListElement":[{"@type":"ListItem","position":1,"name":"Home","item":"https:\/\/koningdrone.be\/"},{"@type":"ListItem","position":2,"name":"AVSS Parachute Recovery System for DJI Matrice 300\/350","item":"https:\/\/koningdrone.be\/product\/avss-parachute-recovery-system-for-dji-matrice-300-350\/"},{"@type":"ListItem","position":3,"name":"DJI Matrice 4D","item":"https:\/\/koningdrone.be\/categorie\/dji-matrice-4d\/"},{"@type":"ListItem","position":4,"name":"DJI Matrice 4 Obstacle Sensing Module"}]},{"@type":"WebSite","@id":"https:\/\/koningdrone.be\/#website","url":"https:\/\/koningdrone.be\/","name":"Koningdrone.be - Votre sp\u00e9cialiste en ligne en mati\u00e8re de drones, de cardans, de cam\u00e9ras et de centrales \u00e9lectriques.","description":"La boutique en ligne de drones et de cardans","publisher":{"@id":"https:\/\/koningdrone.be\/#organization"},"potentialAction":[{"@type":"SearchAction","target":{"@type":"EntryPoint","urlTemplate":"https:\/\/koningdrone.be\/?s={search_term_string}"},"query-input":{"@type":"PropertyValueSpecification","valueRequired":true,"valueName":"search_term_string"}}],"inLanguage":"fr-BE"},{"@type":"Organization","@id":"https:\/\/koningdrone.be\/#organization","name":"Kingdrone.co.uk","url":"https:\/\/koningdrone.be\/","logo":{"@type":"ImageObject","inLanguage":"fr-BE","@id":"https:\/\/koningdrone.be\/#\/schema\/logo\/image\/","url":"https:\/\/koningdrone.be\/wp-content\/uploads\/sites\/13\/2025\/04\/koningdrone-copyright-logo.svg","contentUrl":"https:\/\/koningdrone.be\/wp-content\/uploads\/sites\/13\/2025\/04\/koningdrone-copyright-logo.svg","width":227,"height":38,"caption":"Koningdrone.be"},"image":{"@id":"https:\/\/koningdrone.be\/#\/schema\/logo\/image\/"}}]}},"df_price":1499,"df_sale_price":"","df_regular_price":1499,"df_image_link":"https:\/\/koningdrone.be\/wp-content\/uploads\/sites\/13\/2026\/04\/DJI-Matrice-4-Obstacle-Sensing-Module-scaled-1-300x200.jpg","_links":{"self":[{"href":"https:\/\/koningdrone.be\/fr\/wp-json\/wp\/v2\/product\/18238","targetHints":{"allow":["GET"]}}],"collection":[{"href":"https:\/\/koningdrone.be\/fr\/wp-json\/wp\/v2\/product"}],"about":[{"href":"https:\/\/koningdrone.be\/fr\/wp-json\/wp\/v2\/types\/product"}],"wp:featuredmedia":[{"embeddable":true,"href":"https:\/\/koningdrone.be\/fr\/wp-json\/wp\/v2\/media\/18234"}],"wp:attachment":[{"href":"https:\/\/koningdrone.be\/fr\/wp-json\/wp\/v2\/media?parent=18238"}],"wp:term":[{"taxonomy":"product_brand","embeddable":true,"href":"https:\/\/koningdrone.be\/fr\/wp-json\/wp\/v2\/product_brand?post=18238"},{"taxonomy":"product_cat","embeddable":true,"href":"https:\/\/koningdrone.be\/fr\/wp-json\/wp\/v2\/product_cat?post=18238"},{"taxonomy":"product_tag","embeddable":true,"href":"https:\/\/koningdrone.be\/fr\/wp-json\/wp\/v2\/product_tag?post=18238"}],"curies":[{"name":"wp","href":"https:\/\/api.w.org\/{rel}","templated":true}]}}