{"id":18203,"date":"2026-03-14T22:07:04","date_gmt":"2026-03-14T21:07:04","guid":{"rendered":"https:\/\/koningdrone.be\/product\/dji-mavic-3-enterprise-c1\/"},"modified":"2026-04-29T14:50:46","modified_gmt":"2026-04-29T12:50:46","slug":"dji-mavic-3-enterprise-c1","status":"publish","type":"product","link":"https:\/\/koningdrone.be\/fr\/produit\/dji-mavic-3-enterprise-c1\/","title":{"rendered":"DJI Mavic 3 Enterprise (EU-C1)"},"content":{"rendered":"<h3>DJI Mavic 3 Enterprise (EU-C1) : L'hybride ultime pour la pr\u00e9cision urbaine<\/h3>\n<p><iframe loading=\"lazy\" title=\"DJI Enterprise - Pr\u00e9sentation de la s\u00e9rie Mavic 3 Enterprise\" width=\"800\" height=\"450\" src=\"https:\/\/www.youtube.com\/embed\/R1lT-NatLMA?feature=oembed&#038;enablejsapi=1&#038;origin=https:\/\/koningdrone.be\" frameborder=\"0\" allow=\"accelerometer; autoplay; clipboard-write; encrypted-media; gyroscope; picture-in-picture; web-share\" referrerpolicy=\"strict-origin-when-cross-origin\" allowfullscreen><\/iframe><\/p>\n<p style=\"margin-top: 20px\">Le <strong>DJI Mavic 3 Enterprise (EU-C1)<\/strong> est la norme incontest\u00e9e de l'industrie pour les professionnels qui exigent des performances cartographiques maximales dans les limites de la r\u00e9glementation europ\u00e9enne. Alors que les drones plus lourds sont souvent limit\u00e9s par des proc\u00e9dures d'autorisation complexes, l'appareil officiel de l'Union europ\u00e9enne est un mod\u00e8le de r\u00e9f\u00e9rence pour les professionnels de la cartographie. <strong>Certification C1<\/strong> la porte d'un nouveau monde de libert\u00e9 op\u00e9rationnelle. Avec un poids au d\u00e9collage inf\u00e9rieur \u00e0 <strong>900 grammes<\/strong> cet appareil peut \u00eatre d\u00e9ploy\u00e9 dans la cat\u00e9gorie ouverte (A1\/A3), ce qui facilite consid\u00e9rablement les inspections en milieu urbain et \u00e0 proximit\u00e9 des personnes. Il s'agit d'un appareil compact et puissant qui comble le foss\u00e9 entre la portabilit\u00e9 et la pr\u00e9cision des lev\u00e9s haut de gamme.<\/p>\n<h4>Imagerie r\u00e9volutionnaire et perfection cartographique<\/h4>\n<p>La suite visuelle du Mavic 3E C1 est sp\u00e9cialement con\u00e7ue pour doubler l'efficacit\u00e9 sur le terrain sans compromettre la qualit\u00e9 des donn\u00e9es :<\/p>\n<ul>\n<li><strong>Le pouvoir de l'obturateur m\u00e9canique :<\/strong> L'appareil photo principal est dot\u00e9 d'un <strong>Capteur CMOS 4\/3 pouces de 20 MP<\/strong> avec un obturateur m\u00e9canique. Cette caract\u00e9ristique est essentielle pour les missions de cartographie ; elle \u00e9limine la distorsion due \u00e0 l'obturateur roulant, ce qui vous permet de voler \u00e0 grande vitesse tout en conservant une image g\u00e9om\u00e9triquement parfaite pour la photogramm\u00e9trie.<\/li>\n<li><strong>Zoom intelligent pour les inspections :<\/strong> Dans les situations o\u00f9 il est essentiel de maintenir la distance, le <strong>T\u00e9l\u00e9objectif de 12 m\u00e9gapixels avec zoom hybride 56\u00d7<\/strong> Un niveau de d\u00e9tail sans pr\u00e9c\u00e9dent. Qu'il s'agisse de v\u00e9rifier les isolateurs sur les pyl\u00f4nes \u00e0 haute tension ou de d\u00e9tecter les fissures dans les \u00e9oliennes, vous verrez tout sans mettre le drone en danger.<\/li>\n<li><strong>S\u00e9curit\u00e9 omnidirectionnelle :<\/strong> Gr\u00e2ce \u00e0 des capteurs de vision grand angle plac\u00e9s sur tous les c\u00f4t\u00e9s, le drone offre une vision sans angle mort. <strong>d\u00e9tection des obstacles<\/strong>. Cela permet \u00e0 l'op\u00e9rateur de voler en toute confiance dans des environnements complexes, tels que des chantiers de construction ou entre des installations industrielles.<\/li>\n<\/ul>\n<p><a href=\"https:\/\/koningdrone.nl\/wp-content\/uploads\/2026\/03\/DJI-Mavic-3-Enterprise-EU-C1.jpg\"><img loading=\"lazy\" decoding=\"async\" class=\"size-medium wp-image-471389 aligncenter\" src=\"https:\/\/koningdrone.nl\/wp-content\/uploads\/2026\/03\/DJI-Mavic-3-Enterprise-EU-C1-300x169.jpg\" alt=\"DJI Mavic 3 Enterprise (EU-C1)\" width=\"300\" height=\"169\" \/><\/a><\/p>\n<h4>Conception optimis\u00e9e et positionnement in\u00e9branlable<\/h4>\n<p>Le Mavic 3E C1 a \u00e9t\u00e9 perfectionn\u00e9 dans les moindres d\u00e9tails pour r\u00e9pondre aux exigences les plus strictes de l'UE :<\/p>\n<ul>\n<li><strong>C1-Configuration :<\/strong> En utilisant une architecture de batterie optimis\u00e9e et des <strong>h\u00e9lices silencieuses<\/strong>, Gr\u00e2ce \u00e0 ce syst\u00e8me, l'appareil conserve toutes ses fonctionnalit\u00e9s d'entreprise tout en maintenant sa masse en dessous de la limite critique de 900 grammes. Il en r\u00e9sulte un fonctionnement plus silencieux, ce qui est essentiel pour l'acceptation dans les zones urbaines.<\/li>\n<li><strong>Navigation multi-constellations :<\/strong> L'int\u00e9gration des <strong>GPS, Galileo, BeiDou et GLONASS<\/strong> garantit une connexion satellite extr\u00eamement rapide et stable. M\u00eame dans les \u201ccanyons urbains\u201d entre les grands b\u00e2timents, le positionnement reste pr\u00e9cis et fiable.<\/li>\n<li><strong>Endurance op\u00e9rationnelle :<\/strong> Avec une dur\u00e9e de vol allant jusqu'\u00e0 <strong>36 minutes<\/strong> Gr\u00e2ce \u00e0 une batterie d'une capacit\u00e9 d'un million de litres et \u00e0 la prise en charge de la charge rapide, vous minimisez le temps pass\u00e9 sur le terrain et maximisez l'acquisition de donn\u00e9es au cours de la journ\u00e9e de travail.<\/li>\n<\/ul>\n<h4>Pourquoi le Mavic 3 Enterprise C1 est indispensable<\/h4>\n<p>Pour les g\u00e9om\u00e8tres, les inspecteurs et les gouvernements, le Mavic 3 Enterprise C1 est l'investissement le plus judicieux de leur flotte. L'appareil offre les sp\u00e9cifications techniques d'un drone d'arpentage lourd dans un format qui tient dans un sac \u00e0 dos. La combinaison de l'obturateur m\u00e9canique pour la cartographie et des avantages l\u00e9gaux du statut C1 signifie que vous pouvez accomplir plus de missions avec moins de paperasserie. Qu'il s'agisse de prendre un Digital Twin d'un centre ville historique ou d'effectuer une inspection d'urgence sur un pont, le Mavic 3E C1 offre la pr\u00e9cision dont vous avez besoin, l\u00e0 o\u00f9 vous en avez besoin.<\/p>","protected":false},"excerpt":{"rendered":"<ul>\n<li>Drone professionnel compact avec certification EU-C1 pour moins de restrictions dans les vols urbains.<\/li>\n<li>Appareil photo CMOS 4\/3\u2033 de 20 m\u00e9gapixels avec obturateur m\u00e9canique pour des images nettes.<\/li>\n<li>T\u00e9l\u00e9cam\u00e9ra 12 MP avec zoom hybride 56\u00d7, id\u00e9ale pour les inspections \u00e0 distance.<\/li>\n<li>Dur\u00e9e de vol maximale d'environ 36 minutes avec d\u00e9tection omnidirectionnelle des obstacles.<\/li>\n<li>Navigation GPS + Galileo + BeiDou + GLONASS pour des performances fiables dans diff\u00e9rents environnements.<\/li>\n<\/ul>","protected":false},"featured_media":18202,"template":"","meta":{"_acf_changed":false},"product_brand":[],"product_cat":[137],"product_tag":[],"class_list":{"0":"post-18203","1":"product","2":"type-product","3":"status-publish","4":"has-post-thumbnail","6":"product_cat-dji-mavic-3","7":"product_shipping_class-outofstock","8":"pa_brand-dji","9":"pa_producttype-dronepakket","10":"pa_series-mavic","12":"first","13":"outofstock","14":"taxable","15":"shipping-taxable","16":"purchasable","17":"product-type-simple"},"acf":[],"yoast_head":"<!-- This site is optimized with the Yoast SEO Premium plugin v27.2 (Yoast SEO v27.2) - https:\/\/yoast.com\/product\/yoast-seo-premium-wordpress\/ -->\n<title>DJI Mavic 3 Enterprise (EU-C1) - koningdrone.be<\/title>\n<meta name=\"robots\" content=\"index, follow, max-snippet:-1, max-image-preview:large, max-video-preview:-1\" \/>\n<link rel=\"canonical\" href=\"https:\/\/koningdrone.be\/fr\/produit\/dji-mavic-3-enterprise-c1\/\" \/>\n<meta property=\"og:locale\" content=\"fr_FR\" \/>\n<meta property=\"og:type\" content=\"article\" \/>\n<meta property=\"og:title\" content=\"DJI Mavic 3 Enterprise (EU-C1)\" \/>\n<meta property=\"og:description\" content=\"Professionele compacte drone met EU\u2011C1\u2011certificering voor minder beperkingen bij stedelijk vliegen.  20\u202fMP 4\/3\u2033 CMOS-camera met mechanische sluiter voor scherpe beelden.  12\u202fMP telecamera met 56\u00d7 hybride zoom, ideaal voor inspecties op afstand.  Maximaal ca. 36\u202fminuten vliegtijd met omnidirectionele obstakeldetectie.  GPS + Galileo + BeiDou + GLONASS\u2011navigatie voor betrouwbare prestaties in verschillende omgevingen.\" \/>\n<meta property=\"og:url\" content=\"https:\/\/koningdrone.be\/fr\/produit\/dji-mavic-3-enterprise-c1\/\" \/>\n<meta property=\"og:site_name\" content=\"koningdrone.be\" \/>\n<meta property=\"article:modified_time\" content=\"2026-04-29T12:50:46+00:00\" \/>\n<meta property=\"og:image\" content=\"https:\/\/koningdrone.be\/wp-content\/uploads\/sites\/13\/2026\/04\/DJI-Mavic-3-Enterprise-EU-C1.jpg\" \/>\n\t<meta property=\"og:image:width\" content=\"800\" \/>\n\t<meta property=\"og:image:height\" content=\"450\" \/>\n\t<meta property=\"og:image:type\" content=\"image\/jpeg\" \/>\n<meta name=\"twitter:card\" content=\"summary_large_image\" \/>\n<meta name=\"twitter:label1\" content=\"Dur\u00e9e de lecture est.\" \/>\n\t<meta name=\"twitter:data1\" content=\"2 minutes\" \/>\n<script type=\"application\/ld+json\" class=\"yoast-schema-graph\">{\"@context\":\"https:\/\/schema.org\",\"@graph\":[{\"@type\":\"WebPage\",\"@id\":\"https:\/\/koningdrone.be\/product\/dji-mavic-3-enterprise-c1\/\",\"url\":\"https:\/\/koningdrone.be\/product\/dji-mavic-3-enterprise-c1\/\",\"name\":\"DJI Mavic 3 Enterprise (EU-C1) - koningdrone.be\",\"isPartOf\":{\"@id\":\"https:\/\/koningdrone.be\/#website\"},\"primaryImageOfPage\":{\"@id\":\"https:\/\/koningdrone.be\/product\/dji-mavic-3-enterprise-c1\/#primaryimage\"},\"image\":{\"@id\":\"https:\/\/koningdrone.be\/product\/dji-mavic-3-enterprise-c1\/#primaryimage\"},\"thumbnailUrl\":\"https:\/\/koningdrone.be\/wp-content\/uploads\/sites\/13\/2026\/04\/DJI-Mavic-3-Enterprise-EU-C1.jpg\",\"datePublished\":\"2026-03-14T21:07:04+00:00\",\"dateModified\":\"2026-04-29T12:50:46+00:00\",\"breadcrumb\":{\"@id\":\"https:\/\/koningdrone.be\/product\/dji-mavic-3-enterprise-c1\/#breadcrumb\"},\"inLanguage\":\"fr-BE\",\"potentialAction\":[{\"@type\":\"ReadAction\",\"target\":[\"https:\/\/koningdrone.be\/product\/dji-mavic-3-enterprise-c1\/\"]}]},{\"@type\":\"ImageObject\",\"inLanguage\":\"fr-BE\",\"@id\":\"https:\/\/koningdrone.be\/product\/dji-mavic-3-enterprise-c1\/#primaryimage\",\"url\":\"https:\/\/koningdrone.be\/wp-content\/uploads\/sites\/13\/2026\/04\/DJI-Mavic-3-Enterprise-EU-C1.jpg\",\"contentUrl\":\"https:\/\/koningdrone.be\/wp-content\/uploads\/sites\/13\/2026\/04\/DJI-Mavic-3-Enterprise-EU-C1.jpg\",\"width\":800,\"height\":450},{\"@type\":\"BreadcrumbList\",\"@id\":\"https:\/\/koningdrone.be\/product\/dji-mavic-3-enterprise-c1\/#breadcrumb\",\"itemListElement\":[{\"@type\":\"ListItem\",\"position\":1,\"name\":\"Home\",\"item\":\"https:\/\/koningdrone.be\/\"},{\"@type\":\"ListItem\",\"position\":2,\"name\":\"AVSS Parachute Recovery System for DJI Matrice 300\/350\",\"item\":\"https:\/\/koningdrone.be\/product\/avss-parachute-recovery-system-for-dji-matrice-300-350\/\"},{\"@type\":\"ListItem\",\"position\":3,\"name\":\"DJI Mavic 3\",\"item\":\"https:\/\/koningdrone.be\/categorie\/dji-mavic-3\/\"},{\"@type\":\"ListItem\",\"position\":4,\"name\":\"DJI Mavic 3 Enterprise (EU-C1)\"}]},{\"@type\":\"WebSite\",\"@id\":\"https:\/\/koningdrone.be\/#website\",\"url\":\"https:\/\/koningdrone.be\/\",\"name\":\"Koningdrone.be - Uw online specialist in drones, gimbals, camera's en power stations.\",\"description\":\"De webshop in drones en gimbals\",\"publisher\":{\"@id\":\"https:\/\/koningdrone.be\/#organization\"},\"potentialAction\":[{\"@type\":\"SearchAction\",\"target\":{\"@type\":\"EntryPoint\",\"urlTemplate\":\"https:\/\/koningdrone.be\/?s={search_term_string}\"},\"query-input\":{\"@type\":\"PropertyValueSpecification\",\"valueRequired\":true,\"valueName\":\"search_term_string\"}}],\"inLanguage\":\"fr-BE\"},{\"@type\":\"Organization\",\"@id\":\"https:\/\/koningdrone.be\/#organization\",\"name\":\"Koningdrone.be\",\"url\":\"https:\/\/koningdrone.be\/\",\"logo\":{\"@type\":\"ImageObject\",\"inLanguage\":\"fr-BE\",\"@id\":\"https:\/\/koningdrone.be\/#\/schema\/logo\/image\/\",\"url\":\"https:\/\/koningdrone.be\/wp-content\/uploads\/sites\/13\/2025\/04\/koningdrone-copyright-logo.svg\",\"contentUrl\":\"https:\/\/koningdrone.be\/wp-content\/uploads\/sites\/13\/2025\/04\/koningdrone-copyright-logo.svg\",\"width\":227,\"height\":38,\"caption\":\"Koningdrone.be\"},\"image\":{\"@id\":\"https:\/\/koningdrone.be\/#\/schema\/logo\/image\/\"}}]}<\/script>\n<!-- \/ Yoast SEO Premium plugin. -->","yoast_head_json":{"title":"DJI Mavic 3 Enterprise (EU-C1) - koningdrone.be","robots":{"index":"index","follow":"follow","max-snippet":"max-snippet:-1","max-image-preview":"max-image-preview:large","max-video-preview":"max-video-preview:-1"},"canonical":"https:\/\/koningdrone.be\/fr\/produit\/dji-mavic-3-enterprise-c1\/","og_locale":"fr_FR","og_type":"article","og_title":"DJI Mavic 3 Enterprise (EU-C1)","og_description":"Professionele compacte drone met EU\u2011C1\u2011certificering voor minder beperkingen bij stedelijk vliegen.  20\u202fMP 4\/3\u2033 CMOS-camera met mechanische sluiter voor scherpe beelden.  12\u202fMP telecamera met 56\u00d7 hybride zoom, ideaal voor inspecties op afstand.  Maximaal ca. 36\u202fminuten vliegtijd met omnidirectionele obstakeldetectie.  GPS + Galileo + BeiDou + GLONASS\u2011navigatie voor betrouwbare prestaties in verschillende omgevingen.","og_url":"https:\/\/koningdrone.be\/fr\/produit\/dji-mavic-3-enterprise-c1\/","og_site_name":"koningdrone.be","article_modified_time":"2026-04-29T12:50:46+00:00","og_image":[{"width":800,"height":450,"url":"https:\/\/koningdrone.be\/wp-content\/uploads\/sites\/13\/2026\/04\/DJI-Mavic-3-Enterprise-EU-C1.jpg","type":"image\/jpeg"}],"twitter_card":"summary_large_image","twitter_misc":{"Dur\u00e9e de lecture est.":"2 minutes"},"schema":{"@context":"https:\/\/schema.org","@graph":[{"@type":"WebPage","@id":"https:\/\/koningdrone.be\/product\/dji-mavic-3-enterprise-c1\/","url":"https:\/\/koningdrone.be\/product\/dji-mavic-3-enterprise-c1\/","name":"DJI Mavic 3 Enterprise (EU-C1) - koningdrone.be","isPartOf":{"@id":"https:\/\/koningdrone.be\/#website"},"primaryImageOfPage":{"@id":"https:\/\/koningdrone.be\/product\/dji-mavic-3-enterprise-c1\/#primaryimage"},"image":{"@id":"https:\/\/koningdrone.be\/product\/dji-mavic-3-enterprise-c1\/#primaryimage"},"thumbnailUrl":"https:\/\/koningdrone.be\/wp-content\/uploads\/sites\/13\/2026\/04\/DJI-Mavic-3-Enterprise-EU-C1.jpg","datePublished":"2026-03-14T21:07:04+00:00","dateModified":"2026-04-29T12:50:46+00:00","breadcrumb":{"@id":"https:\/\/koningdrone.be\/product\/dji-mavic-3-enterprise-c1\/#breadcrumb"},"inLanguage":"fr-BE","potentialAction":[{"@type":"ReadAction","target":["https:\/\/koningdrone.be\/product\/dji-mavic-3-enterprise-c1\/"]}]},{"@type":"ImageObject","inLanguage":"fr-BE","@id":"https:\/\/koningdrone.be\/product\/dji-mavic-3-enterprise-c1\/#primaryimage","url":"https:\/\/koningdrone.be\/wp-content\/uploads\/sites\/13\/2026\/04\/DJI-Mavic-3-Enterprise-EU-C1.jpg","contentUrl":"https:\/\/koningdrone.be\/wp-content\/uploads\/sites\/13\/2026\/04\/DJI-Mavic-3-Enterprise-EU-C1.jpg","width":800,"height":450},{"@type":"BreadcrumbList","@id":"https:\/\/koningdrone.be\/product\/dji-mavic-3-enterprise-c1\/#breadcrumb","itemListElement":[{"@type":"ListItem","position":1,"name":"Home","item":"https:\/\/koningdrone.be\/"},{"@type":"ListItem","position":2,"name":"AVSS Parachute Recovery System for DJI Matrice 300\/350","item":"https:\/\/koningdrone.be\/product\/avss-parachute-recovery-system-for-dji-matrice-300-350\/"},{"@type":"ListItem","position":3,"name":"DJI Mavic 3","item":"https:\/\/koningdrone.be\/categorie\/dji-mavic-3\/"},{"@type":"ListItem","position":4,"name":"DJI Mavic 3 Enterprise (EU-C1)"}]},{"@type":"WebSite","@id":"https:\/\/koningdrone.be\/#website","url":"https:\/\/koningdrone.be\/","name":"Koningdrone.be - Votre sp\u00e9cialiste en ligne en mati\u00e8re de drones, de cardans, de cam\u00e9ras et de centrales \u00e9lectriques.","description":"La boutique en ligne de drones et de cardans","publisher":{"@id":"https:\/\/koningdrone.be\/#organization"},"potentialAction":[{"@type":"SearchAction","target":{"@type":"EntryPoint","urlTemplate":"https:\/\/koningdrone.be\/?s={search_term_string}"},"query-input":{"@type":"PropertyValueSpecification","valueRequired":true,"valueName":"search_term_string"}}],"inLanguage":"fr-BE"},{"@type":"Organization","@id":"https:\/\/koningdrone.be\/#organization","name":"Kingdrone.co.uk","url":"https:\/\/koningdrone.be\/","logo":{"@type":"ImageObject","inLanguage":"fr-BE","@id":"https:\/\/koningdrone.be\/#\/schema\/logo\/image\/","url":"https:\/\/koningdrone.be\/wp-content\/uploads\/sites\/13\/2025\/04\/koningdrone-copyright-logo.svg","contentUrl":"https:\/\/koningdrone.be\/wp-content\/uploads\/sites\/13\/2025\/04\/koningdrone-copyright-logo.svg","width":227,"height":38,"caption":"Koningdrone.be"},"image":{"@id":"https:\/\/koningdrone.be\/#\/schema\/logo\/image\/"}}]}},"df_price":3518,"df_sale_price":"","df_regular_price":3518,"df_image_link":"https:\/\/koningdrone.be\/wp-content\/uploads\/sites\/13\/2026\/04\/DJI-Mavic-3-Enterprise-EU-C1-300x169.jpg","_links":{"self":[{"href":"https:\/\/koningdrone.be\/fr\/wp-json\/wp\/v2\/product\/18203","targetHints":{"allow":["GET"]}}],"collection":[{"href":"https:\/\/koningdrone.be\/fr\/wp-json\/wp\/v2\/product"}],"about":[{"href":"https:\/\/koningdrone.be\/fr\/wp-json\/wp\/v2\/types\/product"}],"wp:featuredmedia":[{"embeddable":true,"href":"https:\/\/koningdrone.be\/fr\/wp-json\/wp\/v2\/media\/18202"}],"wp:attachment":[{"href":"https:\/\/koningdrone.be\/fr\/wp-json\/wp\/v2\/media?parent=18203"}],"wp:term":[{"taxonomy":"product_brand","embeddable":true,"href":"https:\/\/koningdrone.be\/fr\/wp-json\/wp\/v2\/product_brand?post=18203"},{"taxonomy":"product_cat","embeddable":true,"href":"https:\/\/koningdrone.be\/fr\/wp-json\/wp\/v2\/product_cat?post=18203"},{"taxonomy":"product_tag","embeddable":true,"href":"https:\/\/koningdrone.be\/fr\/wp-json\/wp\/v2\/product_tag?post=18203"}],"curies":[{"name":"wp","href":"https:\/\/api.w.org\/{rel}","templated":true}]}}