{"id":18129,"date":"2026-03-31T09:55:24","date_gmt":"2026-03-31T07:55:24","guid":{"rendered":"https:\/\/koningdrone.be\/?post_type=product&#038;p=18129"},"modified":"2026-04-29T12:40:27","modified_gmt":"2026-04-29T10:40:27","slug":"dji-avata-360-replacement-lens-kit","status":"publish","type":"product","link":"https:\/\/koningdrone.be\/fr\/produit\/dji-avata-360-replacement-lens-kit\/","title":{"rendered":"Kit d'objectif de remplacement DJI Avata 360"},"content":{"rendered":"<h3>Kit d'objectif de remplacement DJI Avata 360<\/h3>\n<p><iframe loading=\"lazy\" title=\"DJI Avata 360 - Guide de premi\u00e8re utilisation | Comment remplacer l&#039;objectif de la cam\u00e9ra | Guide \u00e9tape par \u00e9tape\" width=\"800\" height=\"450\" src=\"https:\/\/www.youtube.com\/embed\/LRUcvGElMuc?feature=oembed&#038;enablejsapi=1&#038;origin=https:\/\/koningdrone.be\" frameborder=\"0\" allow=\"accelerometer; autoplay; clipboard-write; encrypted-media; gyroscope; picture-in-picture; web-share\" referrerpolicy=\"strict-origin-when-cross-origin\" allowfullscreen><\/iframe><\/p>\n<p style=\"margin-top: 20px\">Le kit d'objectif de remplacement DJI Avata 360 est une solution pratique et compacte pour remplacer un objectif de cam\u00e9ra endommag\u00e9 ou us\u00e9 sur votre drone Avata 360. Ce kit est sp\u00e9cialement con\u00e7u pour permettre aux utilisateurs de reprendre rapidement leur tournage sans avoir recours \u00e0 des r\u00e9parations externes ou \u00e0 de longs d\u00e9lais d'attente.<\/p>\n<p style=\"margin-bottom: 20px\">Id\u00e9al pour les utilisateurs de drones professionnels et les amateurs qui souhaitent toujours maintenir leur drone dans des conditions optimales et continuer \u00e0 cr\u00e9er instantan\u00e9ment.<\/p>\n<p><a href=\"https:\/\/koningdrone.nl\/wp-content\/uploads\/2026\/03\/DJI-Avata-360-Replacement-Lens-Kit.webp\"><img loading=\"lazy\" decoding=\"async\" class=\"aligncenter wp-image-471213 size-full\" src=\"https:\/\/koningdrone.nl\/wp-content\/uploads\/2026\/03\/DJI-Avata-360-Replacement-Lens-Kit.webp\" alt=\"DJI Avata 360 Replacement Lens Kit\" width=\"1200\" height=\"800\" \/><\/a><\/p>\n<h4>Performance et fonctionnalit\u00e9<\/h4>\n<p>En cours d'utilisation, l'objectif de votre drone peut \u00eatre endommag\u00e9 par la poussi\u00e8re, la salet\u00e9 ou un choc. Ce kit de remplacement vous permet de remplacer facilement l'objectif et de restaurer instantan\u00e9ment la qualit\u00e9 de l'image, afin que vous puissiez \u00e0 nouveau capturer des vid\u00e9os 360\u00b0 nettes et des s\u00e9quences FPV claires.<\/p>\n<p>Le kit comprend des pi\u00e8ces essentielles telles qu'une ventouse et du mat\u00e9riel de nettoyage, vous permettant de retirer et d'installer l'objectif en toute s\u00e9curit\u00e9. Cela permet d'\u00e9viter les distorsions d'image et de garantir que vos prises de vue restent professionnelles et coh\u00e9rentes.<\/p>\n<p>Gr\u00e2ce \u00e0 la conception modulaire de l'Avata 360, le changement d'objectif est relativement facile et vous pouvez rapidement reprendre l'air sans connaissances techniques ni outils suppl\u00e9mentaires.<\/p>\n<h4>Qualit\u00e9 de construction et conception<\/h4>\n<p>Fabriqu\u00e9 selon les sp\u00e9cifications d'origine de DJI, l'objectif de remplacement offre un ajustement parfait et des performances optiques. L'utilisation d'un verre optique de haute qualit\u00e9 garantit la clart\u00e9 des images et la durabilit\u00e9 en cas d'utilisation intensive.<\/p>\n<p>Les accessoires inclus sont l\u00e9gers et compacts, ce qui permet d'emporter le kit avec soi sur n'importe quel lieu de tournage.<\/p>\n<p><a href=\"https:\/\/koningdrone.nl\/wp-content\/uploads\/2026\/03\/DJI-Avata-360-Replacement-Lens-Kit-Product.webp\"><img loading=\"lazy\" decoding=\"async\" class=\"size-medium wp-image-471210 aligncenter\" src=\"https:\/\/koningdrone.nl\/wp-content\/uploads\/2026\/03\/DJI-Avata-360-Replacement-Lens-Kit-Product-300x300.webp\" alt=\"DJI Avata 360 Replacement Lens Kit Product\" width=\"300\" height=\"300\" \/><\/a><\/p>\n<h4>Pourquoi vous en avez besoin ?<\/h4>\n<p>Le kit d'objectif de remplacement DJI Avata 360 \u00e9vite les temps d'arr\u00eat inutiles et les r\u00e9parations co\u00fbteuses. Il s'agit d'un accessoire essentiel pour tout utilisateur de l'Avata 360 qui souhaite toujours \u00eatre assur\u00e9 d'une qualit\u00e9 d'image optimale et \u00eatre en mesure de voler \u00e0 nouveau imm\u00e9diatement.<\/p>","protected":false},"excerpt":{"rendered":"<ul>\n<li>Remplacer facilement la lentille sans r\u00e9paration<\/li>\n<li>R\u00e9tablit instantan\u00e9ment la qualit\u00e9 de l'image \u00e0 360\u00b0 et FPV<\/li>\n<li>Kit compact et portable en d\u00e9placement<\/li>\n<li>Accessoires de nettoyage inclus pour une utilisation en toute s\u00e9curit\u00e9<\/li>\n<li>Parfaitement adapt\u00e9 \u00e0 la DJI Avata 360<\/li>\n<\/ul>","protected":false},"featured_media":18130,"template":"","meta":{"_acf_changed":false},"product_brand":[],"product_cat":[1838],"product_tag":[],"class_list":{"0":"post-18129","1":"product","2":"type-product","3":"status-publish","4":"has-post-thumbnail","6":"product_cat-dji-avata-360","7":"product_shipping_class-outofstock","8":"pa_brand-dji","9":"pa_producttype-lensset","10":"pa_series-avata","12":"first","13":"outofstock","14":"taxable","15":"shipping-taxable","16":"product-type-simple"},"acf":[],"yoast_head":"<!-- This site is optimized with the Yoast SEO Premium plugin v27.2 (Yoast SEO v27.2) - https:\/\/yoast.com\/product\/yoast-seo-premium-wordpress\/ -->\n<title>DJI Avata 360 Replacement Lens Kit - koningdrone.be<\/title>\n<meta name=\"robots\" content=\"index, follow, max-snippet:-1, max-image-preview:large, max-video-preview:-1\" \/>\n<link rel=\"canonical\" href=\"https:\/\/koningdrone.be\/fr\/produit\/dji-avata-360-replacement-lens-kit\/\" \/>\n<meta property=\"og:locale\" content=\"fr_FR\" \/>\n<meta property=\"og:type\" content=\"article\" \/>\n<meta property=\"og:title\" content=\"DJI Avata 360 Replacement Lens Kit\" \/>\n<meta property=\"og:description\" content=\"Eenvoudig zelf de lens vervangen zonder reparatie  Herstelt direct scherpe 360\u00b0 en FPV beeldkwaliteit  Compacte en draagbare kit voor onderweg  Inclusief reinigingsaccessoires voor veilig gebruik  Perfecte pasvorm voor DJI Avata 360\" \/>\n<meta property=\"og:url\" content=\"https:\/\/koningdrone.be\/fr\/produit\/dji-avata-360-replacement-lens-kit\/\" \/>\n<meta property=\"og:site_name\" content=\"koningdrone.be\" \/>\n<meta property=\"article:modified_time\" content=\"2026-04-29T10:40:27+00:00\" \/>\n<meta property=\"og:image\" content=\"https:\/\/koningdrone.be\/wp-content\/uploads\/sites\/13\/2026\/03\/Product-DJI-Avata-360-Replacement-Lens-Kit.webp\" \/>\n\t<meta property=\"og:image:width\" content=\"2048\" \/>\n\t<meta property=\"og:image:height\" content=\"2048\" \/>\n\t<meta property=\"og:image:type\" content=\"image\/webp\" \/>\n<meta name=\"twitter:card\" content=\"summary_large_image\" \/>\n<meta name=\"twitter:label1\" content=\"Dur\u00e9e de lecture est.\" \/>\n\t<meta name=\"twitter:data1\" content=\"1 minute\" \/>\n<script type=\"application\/ld+json\" class=\"yoast-schema-graph\">{\"@context\":\"https:\/\/schema.org\",\"@graph\":[{\"@type\":\"WebPage\",\"@id\":\"https:\/\/koningdrone.be\/product\/dji-avata-360-replacement-lens-kit\/\",\"url\":\"https:\/\/koningdrone.be\/product\/dji-avata-360-replacement-lens-kit\/\",\"name\":\"DJI Avata 360 Replacement Lens Kit - koningdrone.be\",\"isPartOf\":{\"@id\":\"https:\/\/koningdrone.be\/#website\"},\"primaryImageOfPage\":{\"@id\":\"https:\/\/koningdrone.be\/product\/dji-avata-360-replacement-lens-kit\/#primaryimage\"},\"image\":{\"@id\":\"https:\/\/koningdrone.be\/product\/dji-avata-360-replacement-lens-kit\/#primaryimage\"},\"thumbnailUrl\":\"https:\/\/koningdrone.be\/wp-content\/uploads\/sites\/13\/2026\/03\/Product-DJI-Avata-360-Replacement-Lens-Kit.webp\",\"datePublished\":\"2026-03-31T07:55:24+00:00\",\"dateModified\":\"2026-04-29T10:40:27+00:00\",\"breadcrumb\":{\"@id\":\"https:\/\/koningdrone.be\/product\/dji-avata-360-replacement-lens-kit\/#breadcrumb\"},\"inLanguage\":\"fr-BE\",\"potentialAction\":[{\"@type\":\"ReadAction\",\"target\":[\"https:\/\/koningdrone.be\/product\/dji-avata-360-replacement-lens-kit\/\"]}]},{\"@type\":\"ImageObject\",\"inLanguage\":\"fr-BE\",\"@id\":\"https:\/\/koningdrone.be\/product\/dji-avata-360-replacement-lens-kit\/#primaryimage\",\"url\":\"https:\/\/koningdrone.be\/wp-content\/uploads\/sites\/13\/2026\/03\/Product-DJI-Avata-360-Replacement-Lens-Kit.webp\",\"contentUrl\":\"https:\/\/koningdrone.be\/wp-content\/uploads\/sites\/13\/2026\/03\/Product-DJI-Avata-360-Replacement-Lens-Kit.webp\",\"width\":2048,\"height\":2048},{\"@type\":\"BreadcrumbList\",\"@id\":\"https:\/\/koningdrone.be\/product\/dji-avata-360-replacement-lens-kit\/#breadcrumb\",\"itemListElement\":[{\"@type\":\"ListItem\",\"position\":1,\"name\":\"Home\",\"item\":\"https:\/\/koningdrone.be\/\"},{\"@type\":\"ListItem\",\"position\":2,\"name\":\"AVSS Parachute Recovery System for DJI Matrice 300\/350\",\"item\":\"https:\/\/koningdrone.be\/product\/avss-parachute-recovery-system-for-dji-matrice-300-350\/\"},{\"@type\":\"ListItem\",\"position\":3,\"name\":\"DJI Avata 360\",\"item\":\"https:\/\/koningdrone.be\/categorie\/dji-avata-360\/\"},{\"@type\":\"ListItem\",\"position\":4,\"name\":\"DJI Avata 360 Replacement Lens Kit\"}]},{\"@type\":\"WebSite\",\"@id\":\"https:\/\/koningdrone.be\/#website\",\"url\":\"https:\/\/koningdrone.be\/\",\"name\":\"Koningdrone.be - Uw online specialist in drones, gimbals, camera's en power stations.\",\"description\":\"De webshop in drones en gimbals\",\"publisher\":{\"@id\":\"https:\/\/koningdrone.be\/#organization\"},\"potentialAction\":[{\"@type\":\"SearchAction\",\"target\":{\"@type\":\"EntryPoint\",\"urlTemplate\":\"https:\/\/koningdrone.be\/?s={search_term_string}\"},\"query-input\":{\"@type\":\"PropertyValueSpecification\",\"valueRequired\":true,\"valueName\":\"search_term_string\"}}],\"inLanguage\":\"fr-BE\"},{\"@type\":\"Organization\",\"@id\":\"https:\/\/koningdrone.be\/#organization\",\"name\":\"Koningdrone.be\",\"url\":\"https:\/\/koningdrone.be\/\",\"logo\":{\"@type\":\"ImageObject\",\"inLanguage\":\"fr-BE\",\"@id\":\"https:\/\/koningdrone.be\/#\/schema\/logo\/image\/\",\"url\":\"https:\/\/koningdrone.be\/wp-content\/uploads\/sites\/13\/2025\/04\/koningdrone-copyright-logo.svg\",\"contentUrl\":\"https:\/\/koningdrone.be\/wp-content\/uploads\/sites\/13\/2025\/04\/koningdrone-copyright-logo.svg\",\"width\":227,\"height\":38,\"caption\":\"Koningdrone.be\"},\"image\":{\"@id\":\"https:\/\/koningdrone.be\/#\/schema\/logo\/image\/\"}}]}<\/script>\n<!-- \/ Yoast SEO Premium plugin. -->","yoast_head_json":{"title":"DJI Avata 360 Replacement Lens Kit - koningdrone.be","robots":{"index":"index","follow":"follow","max-snippet":"max-snippet:-1","max-image-preview":"max-image-preview:large","max-video-preview":"max-video-preview:-1"},"canonical":"https:\/\/koningdrone.be\/fr\/produit\/dji-avata-360-replacement-lens-kit\/","og_locale":"fr_FR","og_type":"article","og_title":"DJI Avata 360 Replacement Lens Kit","og_description":"Eenvoudig zelf de lens vervangen zonder reparatie  Herstelt direct scherpe 360\u00b0 en FPV beeldkwaliteit  Compacte en draagbare kit voor onderweg  Inclusief reinigingsaccessoires voor veilig gebruik  Perfecte pasvorm voor DJI Avata 360","og_url":"https:\/\/koningdrone.be\/fr\/produit\/dji-avata-360-replacement-lens-kit\/","og_site_name":"koningdrone.be","article_modified_time":"2026-04-29T10:40:27+00:00","og_image":[{"width":2048,"height":2048,"url":"https:\/\/koningdrone.be\/wp-content\/uploads\/sites\/13\/2026\/03\/Product-DJI-Avata-360-Replacement-Lens-Kit.webp","type":"image\/webp"}],"twitter_card":"summary_large_image","twitter_misc":{"Dur\u00e9e de lecture est.":"1 minute"},"schema":{"@context":"https:\/\/schema.org","@graph":[{"@type":"WebPage","@id":"https:\/\/koningdrone.be\/product\/dji-avata-360-replacement-lens-kit\/","url":"https:\/\/koningdrone.be\/product\/dji-avata-360-replacement-lens-kit\/","name":"DJI Avata 360 Replacement Lens Kit - koningdrone.be","isPartOf":{"@id":"https:\/\/koningdrone.be\/#website"},"primaryImageOfPage":{"@id":"https:\/\/koningdrone.be\/product\/dji-avata-360-replacement-lens-kit\/#primaryimage"},"image":{"@id":"https:\/\/koningdrone.be\/product\/dji-avata-360-replacement-lens-kit\/#primaryimage"},"thumbnailUrl":"https:\/\/koningdrone.be\/wp-content\/uploads\/sites\/13\/2026\/03\/Product-DJI-Avata-360-Replacement-Lens-Kit.webp","datePublished":"2026-03-31T07:55:24+00:00","dateModified":"2026-04-29T10:40:27+00:00","breadcrumb":{"@id":"https:\/\/koningdrone.be\/product\/dji-avata-360-replacement-lens-kit\/#breadcrumb"},"inLanguage":"fr-BE","potentialAction":[{"@type":"ReadAction","target":["https:\/\/koningdrone.be\/product\/dji-avata-360-replacement-lens-kit\/"]}]},{"@type":"ImageObject","inLanguage":"fr-BE","@id":"https:\/\/koningdrone.be\/product\/dji-avata-360-replacement-lens-kit\/#primaryimage","url":"https:\/\/koningdrone.be\/wp-content\/uploads\/sites\/13\/2026\/03\/Product-DJI-Avata-360-Replacement-Lens-Kit.webp","contentUrl":"https:\/\/koningdrone.be\/wp-content\/uploads\/sites\/13\/2026\/03\/Product-DJI-Avata-360-Replacement-Lens-Kit.webp","width":2048,"height":2048},{"@type":"BreadcrumbList","@id":"https:\/\/koningdrone.be\/product\/dji-avata-360-replacement-lens-kit\/#breadcrumb","itemListElement":[{"@type":"ListItem","position":1,"name":"Home","item":"https:\/\/koningdrone.be\/"},{"@type":"ListItem","position":2,"name":"AVSS Parachute Recovery System for DJI Matrice 300\/350","item":"https:\/\/koningdrone.be\/product\/avss-parachute-recovery-system-for-dji-matrice-300-350\/"},{"@type":"ListItem","position":3,"name":"DJI Avata 360","item":"https:\/\/koningdrone.be\/categorie\/dji-avata-360\/"},{"@type":"ListItem","position":4,"name":"DJI Avata 360 Replacement Lens Kit"}]},{"@type":"WebSite","@id":"https:\/\/koningdrone.be\/#website","url":"https:\/\/koningdrone.be\/","name":"Koningdrone.be - Votre sp\u00e9cialiste en ligne en mati\u00e8re de drones, de cardans, de cam\u00e9ras et de centrales \u00e9lectriques.","description":"La boutique en ligne de drones et de cardans","publisher":{"@id":"https:\/\/koningdrone.be\/#organization"},"potentialAction":[{"@type":"SearchAction","target":{"@type":"EntryPoint","urlTemplate":"https:\/\/koningdrone.be\/?s={search_term_string}"},"query-input":{"@type":"PropertyValueSpecification","valueRequired":true,"valueName":"search_term_string"}}],"inLanguage":"fr-BE"},{"@type":"Organization","@id":"https:\/\/koningdrone.be\/#organization","name":"Kingdrone.co.uk","url":"https:\/\/koningdrone.be\/","logo":{"@type":"ImageObject","inLanguage":"fr-BE","@id":"https:\/\/koningdrone.be\/#\/schema\/logo\/image\/","url":"https:\/\/koningdrone.be\/wp-content\/uploads\/sites\/13\/2025\/04\/koningdrone-copyright-logo.svg","contentUrl":"https:\/\/koningdrone.be\/wp-content\/uploads\/sites\/13\/2025\/04\/koningdrone-copyright-logo.svg","width":227,"height":38,"caption":"Koningdrone.be"},"image":{"@id":"https:\/\/koningdrone.be\/#\/schema\/logo\/image\/"}}]}},"df_price":"","df_sale_price":"","df_regular_price":"","df_image_link":"https:\/\/koningdrone.be\/wp-content\/uploads\/sites\/13\/2026\/03\/Product-DJI-Avata-360-Replacement-Lens-Kit-300x300.webp","_links":{"self":[{"href":"https:\/\/koningdrone.be\/fr\/wp-json\/wp\/v2\/product\/18129","targetHints":{"allow":["GET"]}}],"collection":[{"href":"https:\/\/koningdrone.be\/fr\/wp-json\/wp\/v2\/product"}],"about":[{"href":"https:\/\/koningdrone.be\/fr\/wp-json\/wp\/v2\/types\/product"}],"wp:featuredmedia":[{"embeddable":true,"href":"https:\/\/koningdrone.be\/fr\/wp-json\/wp\/v2\/media\/18130"}],"wp:attachment":[{"href":"https:\/\/koningdrone.be\/fr\/wp-json\/wp\/v2\/media?parent=18129"}],"wp:term":[{"taxonomy":"product_brand","embeddable":true,"href":"https:\/\/koningdrone.be\/fr\/wp-json\/wp\/v2\/product_brand?post=18129"},{"taxonomy":"product_cat","embeddable":true,"href":"https:\/\/koningdrone.be\/fr\/wp-json\/wp\/v2\/product_cat?post=18129"},{"taxonomy":"product_tag","embeddable":true,"href":"https:\/\/koningdrone.be\/fr\/wp-json\/wp\/v2\/product_tag?post=18129"}],"curies":[{"name":"wp","href":"https:\/\/api.w.org\/{rel}","templated":true}]}}