{"id":18121,"date":"2026-03-31T15:10:24","date_gmt":"2026-03-31T13:10:24","guid":{"rendered":"https:\/\/koningdrone.be\/?post_type=product&#038;p=18121"},"modified":"2026-04-29T04:30:43","modified_gmt":"2026-04-29T02:30:43","slug":"hprc-2300-for-dji-mini-5-pro-fly-more-combo","status":"publish","type":"product","link":"https:\/\/koningdrone.be\/fr\/produit\/hprc-2300-for-dji-mini-5-pro-fly-more-combo\/","title":{"rendered":"HPRC 2300 POUR DJI MINI 5 PRO FLY MORE COMBO"},"content":{"rendered":"<h3>HPRC 2300 POUR DJI MINI 5 PRO FLY MORE COMBO<\/h3>\n<p>De HPRC 2300 koffer voor de DJI Mini 5 Pro Fly More Combo is een robuuste beschermingskoffer die specifiek ontworpen is om je drone en alle bijgeleverde accessoires veilig te vervoeren en op te bergen. Dankzij de op maat gemaakte, voorgesneden schuiminzet blijven je Mini 5 Pro, controllers, batterijen, filters en kabels overzichtelijk en beschermd. Deze koffer is ideaal voor reizende drone\u2011professionals en luchtfotografen die maximale bescherming willen voor hun waardevolle gear.<\/p>\n<p>Of je nu onderweg bent naar een shootlocatie of je drone gewoon netjes wilt bewaren, deze koffer combineert functionaliteit met een duurzame constructie.<\/p>\n<p><a href=\"https:\/\/koningdrone.nl\/wp-content\/uploads\/2026\/03\/HPRC-2300-FOR-DJI-MINI-5-PRO-FLY-MORE-COMBO.webp\"><img loading=\"lazy\" decoding=\"async\" class=\"size-medium wp-image-471159 aligncenter\" src=\"https:\/\/koningdrone.nl\/wp-content\/uploads\/2026\/03\/HPRC-2300-FOR-DJI-MINI-5-PRO-FLY-MORE-COMBO-300x300.webp\" alt=\"HPRC 2300 FOR DJI MINI 5 PRO FLY MORE COMBO\" width=\"300\" height=\"300\" \/><\/a><\/p>\n<h4>Performance et fonctionnalit\u00e9<\/h4>\n<p>Het hoogwaardige schuim is voorgesneden om precies te passen bij de DJI Mini 5 Pro Fly More Combo met opbergcover, controllers (RC\u20112 of RC\u2011N3), propellers, ladestation met batterijen, ND\u2011filters en andere accessoires. Dit maakt inpakken eenvoudig en voorkomt dat onderdelen gaan schuiven tijdens transport.<\/p>\n<p>De Vector Panel\u2011technologie verhoogt de bescherming van opgeslagen apparatuur en maakt het indelen van de ruimte snel en overzichtelijk.<\/p>\n<h4>Qualit\u00e9 de construction et conception<\/h4>\n<p>L'\u00e9tui lui-m\u00eame est fabriqu\u00e9 dans un mat\u00e9riau solide, r\u00e9sistant \u00e0 l'eau et \u00e0 la poussi\u00e8re, avec des fermetures robustes et une poign\u00e9e ergonomique pour un transport confortable. L\u00e9g\u00e8re mais durable, elle est id\u00e9ale pour un usage quotidien et pour les voyages.<\/p>\n<p><a href=\"https:\/\/koningdrone.nl\/wp-content\/uploads\/2026\/03\/Product-HPRC-2300-FOR-DJI-MINI-5-PRO-FLY-MORE-COMBO.webp\"><img loading=\"lazy\" decoding=\"async\" class=\"size-medium wp-image-471158 aligncenter\" src=\"https:\/\/koningdrone.nl\/wp-content\/uploads\/2026\/03\/Product-HPRC-2300-FOR-DJI-MINI-5-PRO-FLY-MORE-COMBO-300x300.webp\" alt=\"Product HPRC 2300 FOR DJI MINI 5 PRO FLY MORE COMBO\" width=\"300\" height=\"300\" \/><\/a><\/p>\n<h4>Pourquoi vous en avez besoin ?<\/h4>\n<p>Si vous souhaitez prot\u00e9ger votre DJI Mini 5 Pro Fly More Combo des dommages, de l'humidit\u00e9 et de la poussi\u00e8re, cette housse HPRC est un excellent investissement. Elle garantit que tout votre \u00e9quipement de drone reste en s\u00e9curit\u00e9, organis\u00e9 et pr\u00eat \u00e0 l'emploi, o\u00f9 que vous alliez.<\/p>","protected":false},"excerpt":{"rendered":"<ul>\n<li>Mousse haute densit\u00e9 d\u00e9coup\u00e9e sur mesure pour le DJI Mini 5 Pro Fly More Combo<\/li>\n<li>Prot\u00e8ge le drone, les contr\u00f4leurs, les batteries, les filtres et les accessoires<\/li>\n<li>Organisation du panneau Vector pour une meilleure vue d'ensemble et une plus grande s\u00e9curit\u00e9<\/li>\n<li>Conception robuste, r\u00e9sistante \u00e0 l'eau et \u00e0 la poussi\u00e8re<\/li>\n<li>Poign\u00e9e confortable pour un transport ais\u00e9<\/li>\n<\/ul>","protected":false},"featured_media":18116,"template":"","meta":{"_acf_changed":false},"product_brand":[],"product_cat":[1698],"product_tag":[],"class_list":{"0":"post-18121","1":"product","2":"type-product","3":"status-publish","4":"has-post-thumbnail","6":"product_cat-dji-mini-5-pro","7":"product_shipping_class-dronelandall","8":"pa_brand-hprc","9":"pa_producttype-beschermkoffer","11":"first","12":"instock","13":"taxable","14":"shipping-taxable","15":"purchasable","16":"product-type-simple"},"acf":[],"yoast_head":"<!-- This site is optimized with the Yoast SEO Premium plugin v27.2 (Yoast SEO v27.2) - https:\/\/yoast.com\/product\/yoast-seo-premium-wordpress\/ -->\n<title>HPRC 2300 FOR DJI MINI 5 PRO FLY MORE COMBO - koningdrone.be<\/title>\n<meta name=\"robots\" content=\"index, follow, max-snippet:-1, max-image-preview:large, max-video-preview:-1\" \/>\n<link rel=\"canonical\" href=\"https:\/\/koningdrone.be\/fr\/produit\/hprc-2300-for-dji-mini-5-pro-fly-more-combo\/\" \/>\n<meta property=\"og:locale\" content=\"fr_FR\" \/>\n<meta property=\"og:type\" content=\"article\" \/>\n<meta property=\"og:title\" content=\"HPRC 2300 FOR DJI MINI 5 PRO FLY MORE COMBO\" \/>\n<meta property=\"og:description\" content=\"Op maat gesneden hoog\u2011dichtheid schuim voor DJI Mini 5 Pro Fly More Combo  Beschermt drone, controllers, batterijen, filters en accessoires  Vector Panel\u2011organisatie voor overzicht en veiligheid  Stevig, water\u2011 en stofbestendig ontwerp  Comfortabele handgreep voor makkelijk vervoer\" \/>\n<meta property=\"og:url\" content=\"https:\/\/koningdrone.be\/fr\/produit\/hprc-2300-for-dji-mini-5-pro-fly-more-combo\/\" \/>\n<meta property=\"og:site_name\" content=\"koningdrone.be\" \/>\n<meta property=\"article:modified_time\" content=\"2026-04-29T02:30:43+00:00\" \/>\n<meta property=\"og:image\" content=\"https:\/\/koningdrone.be\/wp-content\/uploads\/sites\/13\/2026\/03\/HPRC-2300-FOR-DJI-MINI-5-PRO-FLY-MORE-COMBO.webp\" \/>\n\t<meta property=\"og:image:width\" content=\"2048\" \/>\n\t<meta property=\"og:image:height\" content=\"2048\" \/>\n\t<meta property=\"og:image:type\" content=\"image\/webp\" \/>\n<meta name=\"twitter:card\" content=\"summary_large_image\" \/>\n<meta name=\"twitter:label1\" content=\"Dur\u00e9e de lecture est.\" \/>\n\t<meta name=\"twitter:data1\" content=\"1 minute\" \/>\n<script type=\"application\/ld+json\" class=\"yoast-schema-graph\">{\"@context\":\"https:\/\/schema.org\",\"@graph\":[{\"@type\":\"WebPage\",\"@id\":\"https:\/\/koningdrone.be\/product\/hprc-2300-for-dji-mini-5-pro-fly-more-combo\/\",\"url\":\"https:\/\/koningdrone.be\/product\/hprc-2300-for-dji-mini-5-pro-fly-more-combo\/\",\"name\":\"HPRC 2300 FOR DJI MINI 5 PRO FLY MORE COMBO - koningdrone.be\",\"isPartOf\":{\"@id\":\"https:\/\/koningdrone.be\/#website\"},\"primaryImageOfPage\":{\"@id\":\"https:\/\/koningdrone.be\/product\/hprc-2300-for-dji-mini-5-pro-fly-more-combo\/#primaryimage\"},\"image\":{\"@id\":\"https:\/\/koningdrone.be\/product\/hprc-2300-for-dji-mini-5-pro-fly-more-combo\/#primaryimage\"},\"thumbnailUrl\":\"https:\/\/koningdrone.be\/wp-content\/uploads\/sites\/13\/2026\/03\/HPRC-2300-FOR-DJI-MINI-5-PRO-FLY-MORE-COMBO.webp\",\"datePublished\":\"2026-03-31T13:10:24+00:00\",\"dateModified\":\"2026-04-29T02:30:43+00:00\",\"breadcrumb\":{\"@id\":\"https:\/\/koningdrone.be\/product\/hprc-2300-for-dji-mini-5-pro-fly-more-combo\/#breadcrumb\"},\"inLanguage\":\"fr-BE\",\"potentialAction\":[{\"@type\":\"ReadAction\",\"target\":[\"https:\/\/koningdrone.be\/product\/hprc-2300-for-dji-mini-5-pro-fly-more-combo\/\"]}]},{\"@type\":\"ImageObject\",\"inLanguage\":\"fr-BE\",\"@id\":\"https:\/\/koningdrone.be\/product\/hprc-2300-for-dji-mini-5-pro-fly-more-combo\/#primaryimage\",\"url\":\"https:\/\/koningdrone.be\/wp-content\/uploads\/sites\/13\/2026\/03\/HPRC-2300-FOR-DJI-MINI-5-PRO-FLY-MORE-COMBO.webp\",\"contentUrl\":\"https:\/\/koningdrone.be\/wp-content\/uploads\/sites\/13\/2026\/03\/HPRC-2300-FOR-DJI-MINI-5-PRO-FLY-MORE-COMBO.webp\",\"width\":2048,\"height\":2048},{\"@type\":\"BreadcrumbList\",\"@id\":\"https:\/\/koningdrone.be\/product\/hprc-2300-for-dji-mini-5-pro-fly-more-combo\/#breadcrumb\",\"itemListElement\":[{\"@type\":\"ListItem\",\"position\":1,\"name\":\"Home\",\"item\":\"https:\/\/koningdrone.be\/\"},{\"@type\":\"ListItem\",\"position\":2,\"name\":\"AVSS Parachute Recovery System for DJI Matrice 300\/350\",\"item\":\"https:\/\/koningdrone.be\/product\/avss-parachute-recovery-system-for-dji-matrice-300-350\/\"},{\"@type\":\"ListItem\",\"position\":3,\"name\":\"DJI Mini 5 Pro\",\"item\":\"https:\/\/koningdrone.be\/categorie\/dji-mini-5-pro\/\"},{\"@type\":\"ListItem\",\"position\":4,\"name\":\"HPRC 2300 FOR DJI MINI 5 PRO FLY MORE COMBO\"}]},{\"@type\":\"WebSite\",\"@id\":\"https:\/\/koningdrone.be\/#website\",\"url\":\"https:\/\/koningdrone.be\/\",\"name\":\"Koningdrone.be - Uw online specialist in drones, gimbals, camera's en power stations.\",\"description\":\"De webshop in drones en gimbals\",\"publisher\":{\"@id\":\"https:\/\/koningdrone.be\/#organization\"},\"potentialAction\":[{\"@type\":\"SearchAction\",\"target\":{\"@type\":\"EntryPoint\",\"urlTemplate\":\"https:\/\/koningdrone.be\/?s={search_term_string}\"},\"query-input\":{\"@type\":\"PropertyValueSpecification\",\"valueRequired\":true,\"valueName\":\"search_term_string\"}}],\"inLanguage\":\"fr-BE\"},{\"@type\":\"Organization\",\"@id\":\"https:\/\/koningdrone.be\/#organization\",\"name\":\"Koningdrone.be\",\"url\":\"https:\/\/koningdrone.be\/\",\"logo\":{\"@type\":\"ImageObject\",\"inLanguage\":\"fr-BE\",\"@id\":\"https:\/\/koningdrone.be\/#\/schema\/logo\/image\/\",\"url\":\"https:\/\/koningdrone.be\/wp-content\/uploads\/sites\/13\/2025\/04\/koningdrone-copyright-logo.svg\",\"contentUrl\":\"https:\/\/koningdrone.be\/wp-content\/uploads\/sites\/13\/2025\/04\/koningdrone-copyright-logo.svg\",\"width\":227,\"height\":38,\"caption\":\"Koningdrone.be\"},\"image\":{\"@id\":\"https:\/\/koningdrone.be\/#\/schema\/logo\/image\/\"}}]}<\/script>\n<!-- \/ Yoast SEO Premium plugin. -->","yoast_head_json":{"title":"HPRC 2300 FOR DJI MINI 5 PRO FLY MORE COMBO - koningdrone.be","robots":{"index":"index","follow":"follow","max-snippet":"max-snippet:-1","max-image-preview":"max-image-preview:large","max-video-preview":"max-video-preview:-1"},"canonical":"https:\/\/koningdrone.be\/fr\/produit\/hprc-2300-for-dji-mini-5-pro-fly-more-combo\/","og_locale":"fr_FR","og_type":"article","og_title":"HPRC 2300 FOR DJI MINI 5 PRO FLY MORE COMBO","og_description":"Op maat gesneden hoog\u2011dichtheid schuim voor DJI Mini 5 Pro Fly More Combo  Beschermt drone, controllers, batterijen, filters en accessoires  Vector Panel\u2011organisatie voor overzicht en veiligheid  Stevig, water\u2011 en stofbestendig ontwerp  Comfortabele handgreep voor makkelijk vervoer","og_url":"https:\/\/koningdrone.be\/fr\/produit\/hprc-2300-for-dji-mini-5-pro-fly-more-combo\/","og_site_name":"koningdrone.be","article_modified_time":"2026-04-29T02:30:43+00:00","og_image":[{"width":2048,"height":2048,"url":"https:\/\/koningdrone.be\/wp-content\/uploads\/sites\/13\/2026\/03\/HPRC-2300-FOR-DJI-MINI-5-PRO-FLY-MORE-COMBO.webp","type":"image\/webp"}],"twitter_card":"summary_large_image","twitter_misc":{"Dur\u00e9e de lecture est.":"1 minute"},"schema":{"@context":"https:\/\/schema.org","@graph":[{"@type":"WebPage","@id":"https:\/\/koningdrone.be\/product\/hprc-2300-for-dji-mini-5-pro-fly-more-combo\/","url":"https:\/\/koningdrone.be\/product\/hprc-2300-for-dji-mini-5-pro-fly-more-combo\/","name":"HPRC 2300 FOR DJI MINI 5 PRO FLY MORE COMBO - koningdrone.be","isPartOf":{"@id":"https:\/\/koningdrone.be\/#website"},"primaryImageOfPage":{"@id":"https:\/\/koningdrone.be\/product\/hprc-2300-for-dji-mini-5-pro-fly-more-combo\/#primaryimage"},"image":{"@id":"https:\/\/koningdrone.be\/product\/hprc-2300-for-dji-mini-5-pro-fly-more-combo\/#primaryimage"},"thumbnailUrl":"https:\/\/koningdrone.be\/wp-content\/uploads\/sites\/13\/2026\/03\/HPRC-2300-FOR-DJI-MINI-5-PRO-FLY-MORE-COMBO.webp","datePublished":"2026-03-31T13:10:24+00:00","dateModified":"2026-04-29T02:30:43+00:00","breadcrumb":{"@id":"https:\/\/koningdrone.be\/product\/hprc-2300-for-dji-mini-5-pro-fly-more-combo\/#breadcrumb"},"inLanguage":"fr-BE","potentialAction":[{"@type":"ReadAction","target":["https:\/\/koningdrone.be\/product\/hprc-2300-for-dji-mini-5-pro-fly-more-combo\/"]}]},{"@type":"ImageObject","inLanguage":"fr-BE","@id":"https:\/\/koningdrone.be\/product\/hprc-2300-for-dji-mini-5-pro-fly-more-combo\/#primaryimage","url":"https:\/\/koningdrone.be\/wp-content\/uploads\/sites\/13\/2026\/03\/HPRC-2300-FOR-DJI-MINI-5-PRO-FLY-MORE-COMBO.webp","contentUrl":"https:\/\/koningdrone.be\/wp-content\/uploads\/sites\/13\/2026\/03\/HPRC-2300-FOR-DJI-MINI-5-PRO-FLY-MORE-COMBO.webp","width":2048,"height":2048},{"@type":"BreadcrumbList","@id":"https:\/\/koningdrone.be\/product\/hprc-2300-for-dji-mini-5-pro-fly-more-combo\/#breadcrumb","itemListElement":[{"@type":"ListItem","position":1,"name":"Home","item":"https:\/\/koningdrone.be\/"},{"@type":"ListItem","position":2,"name":"AVSS Parachute Recovery System for DJI Matrice 300\/350","item":"https:\/\/koningdrone.be\/product\/avss-parachute-recovery-system-for-dji-matrice-300-350\/"},{"@type":"ListItem","position":3,"name":"DJI Mini 5 Pro","item":"https:\/\/koningdrone.be\/categorie\/dji-mini-5-pro\/"},{"@type":"ListItem","position":4,"name":"HPRC 2300 FOR DJI MINI 5 PRO FLY MORE COMBO"}]},{"@type":"WebSite","@id":"https:\/\/koningdrone.be\/#website","url":"https:\/\/koningdrone.be\/","name":"Koningdrone.be - Votre sp\u00e9cialiste en ligne en mati\u00e8re de drones, de cardans, de cam\u00e9ras et de centrales \u00e9lectriques.","description":"La boutique en ligne de drones et de cardans","publisher":{"@id":"https:\/\/koningdrone.be\/#organization"},"potentialAction":[{"@type":"SearchAction","target":{"@type":"EntryPoint","urlTemplate":"https:\/\/koningdrone.be\/?s={search_term_string}"},"query-input":{"@type":"PropertyValueSpecification","valueRequired":true,"valueName":"search_term_string"}}],"inLanguage":"fr-BE"},{"@type":"Organization","@id":"https:\/\/koningdrone.be\/#organization","name":"Kingdrone.co.uk","url":"https:\/\/koningdrone.be\/","logo":{"@type":"ImageObject","inLanguage":"fr-BE","@id":"https:\/\/koningdrone.be\/#\/schema\/logo\/image\/","url":"https:\/\/koningdrone.be\/wp-content\/uploads\/sites\/13\/2025\/04\/koningdrone-copyright-logo.svg","contentUrl":"https:\/\/koningdrone.be\/wp-content\/uploads\/sites\/13\/2025\/04\/koningdrone-copyright-logo.svg","width":227,"height":38,"caption":"Koningdrone.be"},"image":{"@id":"https:\/\/koningdrone.be\/#\/schema\/logo\/image\/"}}]}},"df_price":204,"df_sale_price":"","df_regular_price":204,"df_image_link":"https:\/\/koningdrone.be\/wp-content\/uploads\/sites\/13\/2026\/03\/HPRC-2300-FOR-DJI-MINI-5-PRO-FLY-MORE-COMBO-300x300.webp","_links":{"self":[{"href":"https:\/\/koningdrone.be\/fr\/wp-json\/wp\/v2\/product\/18121","targetHints":{"allow":["GET"]}}],"collection":[{"href":"https:\/\/koningdrone.be\/fr\/wp-json\/wp\/v2\/product"}],"about":[{"href":"https:\/\/koningdrone.be\/fr\/wp-json\/wp\/v2\/types\/product"}],"wp:featuredmedia":[{"embeddable":true,"href":"https:\/\/koningdrone.be\/fr\/wp-json\/wp\/v2\/media\/18116"}],"wp:attachment":[{"href":"https:\/\/koningdrone.be\/fr\/wp-json\/wp\/v2\/media?parent=18121"}],"wp:term":[{"taxonomy":"product_brand","embeddable":true,"href":"https:\/\/koningdrone.be\/fr\/wp-json\/wp\/v2\/product_brand?post=18121"},{"taxonomy":"product_cat","embeddable":true,"href":"https:\/\/koningdrone.be\/fr\/wp-json\/wp\/v2\/product_cat?post=18121"},{"taxonomy":"product_tag","embeddable":true,"href":"https:\/\/koningdrone.be\/fr\/wp-json\/wp\/v2\/product_tag?post=18121"}],"curies":[{"name":"wp","href":"https:\/\/api.w.org\/{rel}","templated":true}]}}