{"id":18115,"date":"2026-03-31T15:10:23","date_gmt":"2026-03-31T13:10:23","guid":{"rendered":"https:\/\/koningdrone.be\/?post_type=product&#038;p=18115"},"modified":"2026-04-29T16:30:09","modified_gmt":"2026-04-29T14:30:09","slug":"hprc-2800w-for-dji-matrice-400","status":"publish","type":"product","link":"https:\/\/koningdrone.be\/fr\/produit\/hprc-2800w-for-dji-matrice-400\/","title":{"rendered":"HPRC 2800W pour DJI Matrice 400"},"content":{"rendered":"<h3>HPRC 2800W pour DJI Matrice 400<\/h3>\n<p>La HPRC 2800W pour DJI Matrice 400 est une valise de protection robuste sp\u00e9cialement con\u00e7ue pour transporter en toute s\u00e9curit\u00e9 votre drone DJI Matrice 400 et ses accessoires. Cette mallette est destin\u00e9e aux professionnels qui souhaitent une protection, une organisation et une portabilit\u00e9 maximales pour leur \u00e9quipement haut de gamme. Elle associe un design fin \u00e0 une protection de premier ordre, prot\u00e9geant votre \u00e9quipement contre les chocs, l'humidit\u00e9 et la poussi\u00e8re pendant le transport.<\/p>\n<p>Que vous vous rendiez sur votre lieu de travail, que vous filmiez sur place ou que vous d\u00e9placiez r\u00e9guli\u00e8rement votre drone, cet \u00e9tui vous offre la protection dont vous avez besoin pour conserver votre \u00e9quipement en parfait \u00e9tat.<\/p>\n<p><a href=\"https:\/\/koningdrone.nl\/wp-content\/uploads\/2026\/03\/HPRC-2800W-For-DJI-Matrice-400.webp\"><img loading=\"lazy\" decoding=\"async\" class=\"size-medium wp-image-471151 aligncenter\" src=\"https:\/\/koningdrone.nl\/wp-content\/uploads\/2026\/03\/HPRC-2800W-For-DJI-Matrice-400-300x300.webp\" alt=\"HPRC 2800W For DJI Matrice 400\" width=\"300\" height=\"300\" \/><\/a><\/p>\n<h4>Performance et fonctionnalit\u00e9<\/h4>\n<p>Cet \u00e9tui est fabriqu\u00e9 en mat\u00e9riau TTX01 de haute qualit\u00e9, \u00e9tanche \u00e0 l'eau, \u00e0 la poussi\u00e8re et aux chocs. Son indice de protection IP67 \u00e9lev\u00e9 prot\u00e8ge votre drone de l'eau, du sable, de la poussi\u00e8re et d'autres \u00e9l\u00e9ments. La double fermeture garantit que l'\u00e9tui ne s'ouvrira pas accidentellement, m\u00eame en cas de choc. Le rembourrage interne en mousse est pr\u00e9d\u00e9coup\u00e9 et personnalis\u00e9 pour organiser proprement et en toute s\u00e9curit\u00e9 votre DJI Matrice 400, vos contr\u00f4leurs, vos batteries et vos cardans.<\/p>\n<p>Le transport est facile gr\u00e2ce aux deux roues int\u00e9gr\u00e9es et \u00e0 la poign\u00e9e ergonomique, qui vous permettent de d\u00e9placer la lourde valise confortablement, m\u00eame sur un terrain accident\u00e9.<\/p>\n<h4>Qualit\u00e9 de construction et conception<\/h4>\n<p>Le HPRC 2800W est con\u00e7u pour durer et r\u00e9sister aux conditions difficiles. Le mat\u00e9riau ext\u00e9rieur dur r\u00e9siste aux chocs et \u00e0 la pression m\u00e9canique, ce qui le rend id\u00e9al pour un usage professionnel intensif. L'int\u00e9rieur est tapiss\u00e9 de deux couches de mousse haute densit\u00e9, de sorte que chaque composant trouve sa place en toute s\u00e9curit\u00e9, sans se d\u00e9placer. La mallette est conforme aux normes ATA-300, ce qui signifie qu'elle convient au transport a\u00e9rien et \u00e0 l'utilisation de marchandises lourdes.<\/p>\n<p><a href=\"https:\/\/koningdrone.nl\/wp-content\/uploads\/2026\/03\/Product-HPRC-2800W-For-DJI-Matrice-400.webp\"><img loading=\"lazy\" decoding=\"async\" class=\"size-medium wp-image-471150 aligncenter\" src=\"https:\/\/koningdrone.nl\/wp-content\/uploads\/2026\/03\/Product-HPRC-2800W-For-DJI-Matrice-400-300x300.webp\" alt=\"Product HPRC 2800W For DJI Matrice 400\" width=\"300\" height=\"300\" \/><\/a><\/p>\n<h4>Pourquoi vous en avez besoin ?<\/h4>\n<p>Lorsque vous travaillez avec un drone DJI Matrice 400, vous souhaitez b\u00e9n\u00e9ficier d'une protection et d'une organisation maximales pour votre mat\u00e9riel. Cette valise HPRC offre une protection, une robustesse et un confort de transport de haut niveau, pour vous permettre de voyager et de travailler en toute s\u00e9r\u00e9nit\u00e9, sans risque d'endommagement.<\/p>","protected":false},"excerpt":{"rendered":"<ul>\n<li>Protection contre l'eau et la poussi\u00e8re selon la norme IP67<\/li>\n<li>Construction en r\u00e9sine TTX01 r\u00e9sistante aux chocs pour une protection \u00e0 long terme<\/li>\n<li>Mousse haute densit\u00e9 pr\u00e9d\u00e9coup\u00e9e pour un stockage s\u00fbr<\/li>\n<li>Double fermeture pour une fermeture s\u00fbre pendant le transport<\/li>\n<li>Roues int\u00e9gr\u00e9es et poign\u00e9e ergonomique pour un transport facile<\/li>\n<\/ul>","protected":false},"featured_media":18108,"template":"","meta":{"_acf_changed":false},"product_brand":[],"product_cat":[1583],"product_tag":[],"class_list":{"0":"post-18115","1":"product","2":"type-product","3":"status-publish","4":"has-post-thumbnail","6":"product_cat-dji-matrice-400","7":"product_shipping_class-outofstock","8":"pa_brand-hprc","9":"pa_producttype-beschermkoffer","11":"first","12":"outofstock","13":"taxable","14":"shipping-taxable","15":"purchasable","16":"product-type-simple"},"acf":[],"yoast_head":"<!-- This site is optimized with the Yoast SEO Premium plugin v27.2 (Yoast SEO v27.2) - https:\/\/yoast.com\/product\/yoast-seo-premium-wordpress\/ -->\n<title>HPRC 2800W For DJI Matrice 400 - koningdrone.be<\/title>\n<meta name=\"robots\" content=\"index, follow, max-snippet:-1, max-image-preview:large, max-video-preview:-1\" \/>\n<link rel=\"canonical\" href=\"https:\/\/koningdrone.be\/fr\/produit\/hprc-2800w-for-dji-matrice-400\/\" \/>\n<meta property=\"og:locale\" content=\"fr_FR\" \/>\n<meta property=\"og:type\" content=\"article\" \/>\n<meta property=\"og:title\" content=\"HPRC 2800W For DJI Matrice 400\" \/>\n<meta property=\"og:description\" content=\"Waterdichte en stofdichte bescherming volgens IP67\u2011standaard  Stootvaste TTX01\u2011harsconstructie voor langdurige bescherming  Voorgesneden hoog\u2011dichtheid schuim voor veilige opslag  Dubbele sluitingen voor veilige afsluiting tijdens transport  Ingebouwde wielen en ergonomische handgreep voor eenvoudig vervoer\" \/>\n<meta property=\"og:url\" content=\"https:\/\/koningdrone.be\/fr\/produit\/hprc-2800w-for-dji-matrice-400\/\" \/>\n<meta property=\"og:site_name\" content=\"koningdrone.be\" \/>\n<meta property=\"article:modified_time\" content=\"2026-04-29T14:30:09+00:00\" \/>\n<meta property=\"og:image\" content=\"https:\/\/koningdrone.be\/wp-content\/uploads\/sites\/13\/2026\/03\/HPRC-2800W-For-DJI-Matrice-400.webp\" \/>\n\t<meta property=\"og:image:width\" content=\"2048\" \/>\n\t<meta property=\"og:image:height\" content=\"2048\" \/>\n\t<meta property=\"og:image:type\" content=\"image\/webp\" \/>\n<meta name=\"twitter:card\" content=\"summary_large_image\" \/>\n<meta name=\"twitter:label1\" content=\"Dur\u00e9e de lecture est.\" \/>\n\t<meta name=\"twitter:data1\" content=\"2 minutes\" \/>\n<script type=\"application\/ld+json\" class=\"yoast-schema-graph\">{\"@context\":\"https:\/\/schema.org\",\"@graph\":[{\"@type\":\"WebPage\",\"@id\":\"https:\/\/koningdrone.be\/product\/hprc-2800w-for-dji-matrice-400\/\",\"url\":\"https:\/\/koningdrone.be\/product\/hprc-2800w-for-dji-matrice-400\/\",\"name\":\"HPRC 2800W For DJI Matrice 400 - koningdrone.be\",\"isPartOf\":{\"@id\":\"https:\/\/koningdrone.be\/#website\"},\"primaryImageOfPage\":{\"@id\":\"https:\/\/koningdrone.be\/product\/hprc-2800w-for-dji-matrice-400\/#primaryimage\"},\"image\":{\"@id\":\"https:\/\/koningdrone.be\/product\/hprc-2800w-for-dji-matrice-400\/#primaryimage\"},\"thumbnailUrl\":\"https:\/\/koningdrone.be\/wp-content\/uploads\/sites\/13\/2026\/03\/HPRC-2800W-For-DJI-Matrice-400.webp\",\"datePublished\":\"2026-03-31T13:10:23+00:00\",\"dateModified\":\"2026-04-29T14:30:09+00:00\",\"breadcrumb\":{\"@id\":\"https:\/\/koningdrone.be\/product\/hprc-2800w-for-dji-matrice-400\/#breadcrumb\"},\"inLanguage\":\"fr-BE\",\"potentialAction\":[{\"@type\":\"ReadAction\",\"target\":[\"https:\/\/koningdrone.be\/product\/hprc-2800w-for-dji-matrice-400\/\"]}]},{\"@type\":\"ImageObject\",\"inLanguage\":\"fr-BE\",\"@id\":\"https:\/\/koningdrone.be\/product\/hprc-2800w-for-dji-matrice-400\/#primaryimage\",\"url\":\"https:\/\/koningdrone.be\/wp-content\/uploads\/sites\/13\/2026\/03\/HPRC-2800W-For-DJI-Matrice-400.webp\",\"contentUrl\":\"https:\/\/koningdrone.be\/wp-content\/uploads\/sites\/13\/2026\/03\/HPRC-2800W-For-DJI-Matrice-400.webp\",\"width\":2048,\"height\":2048},{\"@type\":\"BreadcrumbList\",\"@id\":\"https:\/\/koningdrone.be\/product\/hprc-2800w-for-dji-matrice-400\/#breadcrumb\",\"itemListElement\":[{\"@type\":\"ListItem\",\"position\":1,\"name\":\"Home\",\"item\":\"https:\/\/koningdrone.be\/\"},{\"@type\":\"ListItem\",\"position\":2,\"name\":\"AVSS Parachute Recovery System for DJI Matrice 300\/350\",\"item\":\"https:\/\/koningdrone.be\/product\/avss-parachute-recovery-system-for-dji-matrice-300-350\/\"},{\"@type\":\"ListItem\",\"position\":3,\"name\":\"DJI Matrice 400\",\"item\":\"https:\/\/koningdrone.be\/categorie\/dji-matrice-400\/\"},{\"@type\":\"ListItem\",\"position\":4,\"name\":\"HPRC 2800W For DJI Matrice 400\"}]},{\"@type\":\"WebSite\",\"@id\":\"https:\/\/koningdrone.be\/#website\",\"url\":\"https:\/\/koningdrone.be\/\",\"name\":\"Koningdrone.be - Uw online specialist in drones, gimbals, camera's en power stations.\",\"description\":\"De webshop in drones en gimbals\",\"publisher\":{\"@id\":\"https:\/\/koningdrone.be\/#organization\"},\"potentialAction\":[{\"@type\":\"SearchAction\",\"target\":{\"@type\":\"EntryPoint\",\"urlTemplate\":\"https:\/\/koningdrone.be\/?s={search_term_string}\"},\"query-input\":{\"@type\":\"PropertyValueSpecification\",\"valueRequired\":true,\"valueName\":\"search_term_string\"}}],\"inLanguage\":\"fr-BE\"},{\"@type\":\"Organization\",\"@id\":\"https:\/\/koningdrone.be\/#organization\",\"name\":\"Koningdrone.be\",\"url\":\"https:\/\/koningdrone.be\/\",\"logo\":{\"@type\":\"ImageObject\",\"inLanguage\":\"fr-BE\",\"@id\":\"https:\/\/koningdrone.be\/#\/schema\/logo\/image\/\",\"url\":\"https:\/\/koningdrone.be\/wp-content\/uploads\/sites\/13\/2025\/04\/koningdrone-copyright-logo.svg\",\"contentUrl\":\"https:\/\/koningdrone.be\/wp-content\/uploads\/sites\/13\/2025\/04\/koningdrone-copyright-logo.svg\",\"width\":227,\"height\":38,\"caption\":\"Koningdrone.be\"},\"image\":{\"@id\":\"https:\/\/koningdrone.be\/#\/schema\/logo\/image\/\"}}]}<\/script>\n<!-- \/ Yoast SEO Premium plugin. -->","yoast_head_json":{"title":"HPRC 2800W For DJI Matrice 400 - koningdrone.be","robots":{"index":"index","follow":"follow","max-snippet":"max-snippet:-1","max-image-preview":"max-image-preview:large","max-video-preview":"max-video-preview:-1"},"canonical":"https:\/\/koningdrone.be\/fr\/produit\/hprc-2800w-for-dji-matrice-400\/","og_locale":"fr_FR","og_type":"article","og_title":"HPRC 2800W For DJI Matrice 400","og_description":"Waterdichte en stofdichte bescherming volgens IP67\u2011standaard  Stootvaste TTX01\u2011harsconstructie voor langdurige bescherming  Voorgesneden hoog\u2011dichtheid schuim voor veilige opslag  Dubbele sluitingen voor veilige afsluiting tijdens transport  Ingebouwde wielen en ergonomische handgreep voor eenvoudig vervoer","og_url":"https:\/\/koningdrone.be\/fr\/produit\/hprc-2800w-for-dji-matrice-400\/","og_site_name":"koningdrone.be","article_modified_time":"2026-04-29T14:30:09+00:00","og_image":[{"width":2048,"height":2048,"url":"https:\/\/koningdrone.be\/wp-content\/uploads\/sites\/13\/2026\/03\/HPRC-2800W-For-DJI-Matrice-400.webp","type":"image\/webp"}],"twitter_card":"summary_large_image","twitter_misc":{"Dur\u00e9e de lecture est.":"2 minutes"},"schema":{"@context":"https:\/\/schema.org","@graph":[{"@type":"WebPage","@id":"https:\/\/koningdrone.be\/product\/hprc-2800w-for-dji-matrice-400\/","url":"https:\/\/koningdrone.be\/product\/hprc-2800w-for-dji-matrice-400\/","name":"HPRC 2800W For DJI Matrice 400 - koningdrone.be","isPartOf":{"@id":"https:\/\/koningdrone.be\/#website"},"primaryImageOfPage":{"@id":"https:\/\/koningdrone.be\/product\/hprc-2800w-for-dji-matrice-400\/#primaryimage"},"image":{"@id":"https:\/\/koningdrone.be\/product\/hprc-2800w-for-dji-matrice-400\/#primaryimage"},"thumbnailUrl":"https:\/\/koningdrone.be\/wp-content\/uploads\/sites\/13\/2026\/03\/HPRC-2800W-For-DJI-Matrice-400.webp","datePublished":"2026-03-31T13:10:23+00:00","dateModified":"2026-04-29T14:30:09+00:00","breadcrumb":{"@id":"https:\/\/koningdrone.be\/product\/hprc-2800w-for-dji-matrice-400\/#breadcrumb"},"inLanguage":"fr-BE","potentialAction":[{"@type":"ReadAction","target":["https:\/\/koningdrone.be\/product\/hprc-2800w-for-dji-matrice-400\/"]}]},{"@type":"ImageObject","inLanguage":"fr-BE","@id":"https:\/\/koningdrone.be\/product\/hprc-2800w-for-dji-matrice-400\/#primaryimage","url":"https:\/\/koningdrone.be\/wp-content\/uploads\/sites\/13\/2026\/03\/HPRC-2800W-For-DJI-Matrice-400.webp","contentUrl":"https:\/\/koningdrone.be\/wp-content\/uploads\/sites\/13\/2026\/03\/HPRC-2800W-For-DJI-Matrice-400.webp","width":2048,"height":2048},{"@type":"BreadcrumbList","@id":"https:\/\/koningdrone.be\/product\/hprc-2800w-for-dji-matrice-400\/#breadcrumb","itemListElement":[{"@type":"ListItem","position":1,"name":"Home","item":"https:\/\/koningdrone.be\/"},{"@type":"ListItem","position":2,"name":"AVSS Parachute Recovery System for DJI Matrice 300\/350","item":"https:\/\/koningdrone.be\/product\/avss-parachute-recovery-system-for-dji-matrice-300-350\/"},{"@type":"ListItem","position":3,"name":"DJI Matrice 400","item":"https:\/\/koningdrone.be\/categorie\/dji-matrice-400\/"},{"@type":"ListItem","position":4,"name":"HPRC 2800W For DJI Matrice 400"}]},{"@type":"WebSite","@id":"https:\/\/koningdrone.be\/#website","url":"https:\/\/koningdrone.be\/","name":"Koningdrone.be - Votre sp\u00e9cialiste en ligne en mati\u00e8re de drones, de cardans, de cam\u00e9ras et de centrales \u00e9lectriques.","description":"La boutique en ligne de drones et de cardans","publisher":{"@id":"https:\/\/koningdrone.be\/#organization"},"potentialAction":[{"@type":"SearchAction","target":{"@type":"EntryPoint","urlTemplate":"https:\/\/koningdrone.be\/?s={search_term_string}"},"query-input":{"@type":"PropertyValueSpecification","valueRequired":true,"valueName":"search_term_string"}}],"inLanguage":"fr-BE"},{"@type":"Organization","@id":"https:\/\/koningdrone.be\/#organization","name":"Kingdrone.co.uk","url":"https:\/\/koningdrone.be\/","logo":{"@type":"ImageObject","inLanguage":"fr-BE","@id":"https:\/\/koningdrone.be\/#\/schema\/logo\/image\/","url":"https:\/\/koningdrone.be\/wp-content\/uploads\/sites\/13\/2025\/04\/koningdrone-copyright-logo.svg","contentUrl":"https:\/\/koningdrone.be\/wp-content\/uploads\/sites\/13\/2025\/04\/koningdrone-copyright-logo.svg","width":227,"height":38,"caption":"Koningdrone.be"},"image":{"@id":"https:\/\/koningdrone.be\/#\/schema\/logo\/image\/"}}]}},"df_price":1205.77,"df_sale_price":"","df_regular_price":1205.77,"df_image_link":"https:\/\/koningdrone.be\/wp-content\/uploads\/sites\/13\/2026\/03\/HPRC-2800W-For-DJI-Matrice-400-300x300.webp","_links":{"self":[{"href":"https:\/\/koningdrone.be\/fr\/wp-json\/wp\/v2\/product\/18115","targetHints":{"allow":["GET"]}}],"collection":[{"href":"https:\/\/koningdrone.be\/fr\/wp-json\/wp\/v2\/product"}],"about":[{"href":"https:\/\/koningdrone.be\/fr\/wp-json\/wp\/v2\/types\/product"}],"wp:featuredmedia":[{"embeddable":true,"href":"https:\/\/koningdrone.be\/fr\/wp-json\/wp\/v2\/media\/18108"}],"wp:attachment":[{"href":"https:\/\/koningdrone.be\/fr\/wp-json\/wp\/v2\/media?parent=18115"}],"wp:term":[{"taxonomy":"product_brand","embeddable":true,"href":"https:\/\/koningdrone.be\/fr\/wp-json\/wp\/v2\/product_brand?post=18115"},{"taxonomy":"product_cat","embeddable":true,"href":"https:\/\/koningdrone.be\/fr\/wp-json\/wp\/v2\/product_cat?post=18115"},{"taxonomy":"product_tag","embeddable":true,"href":"https:\/\/koningdrone.be\/fr\/wp-json\/wp\/v2\/product_tag?post=18115"}],"curies":[{"name":"wp","href":"https:\/\/api.w.org\/{rel}","templated":true}]}}