{"id":18099,"date":"2026-03-30T15:50:51","date_gmt":"2026-03-30T13:50:51","guid":{"rendered":"https:\/\/koningdrone.be\/?post_type=product&#038;p=18099"},"modified":"2026-04-29T04:30:34","modified_gmt":"2026-04-29T02:30:34","slug":"hprc-2460-for-dji-mavic-4-pro-creator-combo","status":"publish","type":"product","link":"https:\/\/koningdrone.be\/fr\/produit\/hprc-2460-for-dji-mavic-4-pro-creator-combo\/","title":{"rendered":"HPRC 2460 POUR DJI MAVIC 4 PRO CREATOR COMBO"},"content":{"rendered":"<h3>HPRC 2460 POUR DJI MAVIC 4 PRO CREATOR COMBO<\/h3>\n<p>La valise HPRC 2460 pour DJI Mavic 4 Pro Creator Combo est une valise de protection de haute qualit\u00e9 sp\u00e9cialement con\u00e7ue pour transporter et ranger en toute s\u00e9curit\u00e9 votre drone et ses accessoires. Cette valise est parfaite pour les professionnels du drone, les vid\u00e9astes et les photographes qui sont souvent en d\u00e9placement et qui ont besoin d'une protection maximale contre les dommages pendant le transport. Elle permet de garder votre pr\u00e9cieux \u00e9quipement au sec, \u00e0 l'abri de la poussi\u00e8re et bien rang\u00e9.<\/p>\n<p style=\"margin-bottom: 20px\">Que vous travailliez sur le terrain, que vous voyagiez avec votre mat\u00e9riel ou que vous souhaitiez simplement que tout soit bien rang\u00e9, cet \u00e9tui HPRC offre une protection parfaite pour votre DJI Mavic 4 Pro Creator Combo.<\/p>\n<p><a href=\"https:\/\/koningdrone.nl\/wp-content\/uploads\/2026\/03\/HPRC-2460-FOR-Product-DJI-MAVIC-4-PRO-CREATOR-COMBO.webp\"><img loading=\"lazy\" decoding=\"async\" class=\"wp-image-471141 size-full aligncenter\" src=\"https:\/\/koningdrone.nl\/wp-content\/uploads\/2026\/03\/HPRC-2460-FOR-Product-DJI-MAVIC-4-PRO-CREATOR-COMBO.webp\" alt=\"HPRC 2460 FOR Product DJI MAVIC 4 PRO CREATOR COMBO\" width=\"1200\" height=\"800\" \/><\/a><\/p>\n<h4>Performance et fonctionnalit\u00e9<\/h4>\n<p>De HPRC 2460 is gemaakt van lichtgewicht maar zeer stevig harsmateriaal dat water, stof, schokken en corrosie weerstaat. Dankzij het voorgesneden Vector Panel schuim heb je overzichtelijke compartimenten voor je Mavic 4 Pro Creator Combo, controller(s), batterijen, lade\u2011hub, adapters en accessoires. De foam zorgt voor demping en voorkomt beweging en schade tijdens transport.<\/p>\n<p>De robuuste sluitingen houden de koffer betrouwbaar gesloten, terwijl de ge\u00efntegreerde handgreep comfortabel dragen mogelijk maakt, zelfs op lange reizen.<\/p>\n<h4>Qualit\u00e9 de construction et conception<\/h4>\n<p>Cet \u00e9tui peut r\u00e9sister \u00e0 des conditions extr\u00eames et est con\u00e7u selon des normes de qualit\u00e9 \u00e9lev\u00e9es. L'ext\u00e9rieur est \u00e9tanche et offre une protection IP67, ce qui garantit que l'humidit\u00e9 et la salet\u00e9 n'ont aucune chance. La construction est \u00e9galement conforme \u00e0 la norme ATA-300 et peut supporter des variations de temp\u00e9rature allant de -40\u00b0C \u00e0 +80\u00b0C. La mousse pr\u00e9d\u00e9coup\u00e9e permet de ranger votre drone et ses accessoires en toute s\u00e9curit\u00e9 et commodit\u00e9.<\/p>\n<p><a href=\"https:\/\/koningdrone.nl\/wp-content\/uploads\/2026\/03\/DJI-MAVIC-4-PRO-CREATOR-COMBO-Product.webp\"><img loading=\"lazy\" decoding=\"async\" class=\"size-medium wp-image-471134 aligncenter\" src=\"https:\/\/koningdrone.nl\/wp-content\/uploads\/2026\/03\/DJI-MAVIC-4-PRO-CREATOR-COMBO-Product-300x300.webp\" alt=\"DJI MAVIC 4 PRO CREATOR COMBO Product\" width=\"300\" height=\"300\" \/><\/a><\/p>\n<h4>Pourquoi vous en avez besoin ?<\/h4>\n<p>Si votre DJI Mavic 4 Pro Creator Combo est pr\u00e9cieux pour vous, vous voulez le garder en s\u00e9curit\u00e9 pendant le transport et le stockage. Cette housse HPRC offre une protection, un confort et une organisation maximums, vous permettant de voyager sans souci avec votre drone et votre mat\u00e9riel.<\/p>","protected":false},"excerpt":{"rendered":"<ul>\n<li>\u00c9tui rigide solide et l\u00e9ger pour la protection du drone<\/li>\n<li>\u00c9tanch\u00e9it\u00e9 \u00e0 l'eau, \u00e0 la poussi\u00e8re et aux chocs (IP67)<\/li>\n<li>Panneau Vector pr\u00e9d\u00e9coup\u00e9 en mousse pour une mise en page claire<\/li>\n<li>Sp\u00e9cialement con\u00e7u pour les accessoires DJI Mavic 4 Pro Creator Combo<\/li>\n<li>Confortable et portable gr\u00e2ce \u00e0 la poign\u00e9e int\u00e9gr\u00e9e<\/li>\n<\/ul>","protected":false},"featured_media":18100,"template":"","meta":{"_acf_changed":false},"product_brand":[],"product_cat":[1415],"product_tag":[],"class_list":{"0":"post-18099","1":"product","2":"type-product","3":"status-publish","4":"has-post-thumbnail","6":"product_cat-dji-mavic-4-pro","7":"product_shipping_class-dronelandall","8":"pa_brand-hprc","9":"pa_producttype-beschermkoffer","11":"first","12":"instock","13":"taxable","14":"shipping-taxable","15":"purchasable","16":"product-type-simple"},"acf":[],"yoast_head":"<!-- This site is optimized with the Yoast SEO Premium plugin v27.2 (Yoast SEO v27.2) - https:\/\/yoast.com\/product\/yoast-seo-premium-wordpress\/ -->\n<title>HPRC 2460 FOR DJI MAVIC 4 PRO CREATOR COMBO - koningdrone.be<\/title>\n<meta name=\"robots\" content=\"index, follow, max-snippet:-1, max-image-preview:large, max-video-preview:-1\" \/>\n<link rel=\"canonical\" href=\"https:\/\/koningdrone.be\/fr\/produit\/hprc-2460-for-dji-mavic-4-pro-creator-combo\/\" \/>\n<meta property=\"og:locale\" content=\"fr_FR\" \/>\n<meta property=\"og:type\" content=\"article\" \/>\n<meta property=\"og:title\" content=\"HPRC 2460 FOR DJI MAVIC 4 PRO CREATOR COMBO\" \/>\n<meta property=\"og:description\" content=\"Sterke en lichtgewicht harde koffer voor dronebescherming  Waterdicht, stofdicht en bestand tegen schokken (IP67)  Voorgesneden Vector Panel schuim voor overzichtelijke indeling  Speciaal ontworpen voor DJI Mavic 4 Pro Creator Combo accessoires  Comfortabel draagbaar met ge\u00efntegreerde handgreep\" \/>\n<meta property=\"og:url\" content=\"https:\/\/koningdrone.be\/fr\/produit\/hprc-2460-for-dji-mavic-4-pro-creator-combo\/\" \/>\n<meta property=\"og:site_name\" content=\"koningdrone.be\" \/>\n<meta property=\"article:modified_time\" content=\"2026-04-29T02:30:34+00:00\" \/>\n<meta property=\"og:image\" content=\"https:\/\/koningdrone.be\/wp-content\/uploads\/sites\/13\/2026\/03\/HPRC-2460-FOR-DJI-MAVIC-4-PRO-CREATOR-COMBO.webp\" \/>\n\t<meta property=\"og:image:width\" content=\"2048\" \/>\n\t<meta property=\"og:image:height\" content=\"2048\" \/>\n\t<meta property=\"og:image:type\" content=\"image\/webp\" \/>\n<meta name=\"twitter:card\" content=\"summary_large_image\" \/>\n<meta name=\"twitter:label1\" content=\"Dur\u00e9e de lecture est.\" \/>\n\t<meta name=\"twitter:data1\" content=\"1 minute\" \/>\n<script type=\"application\/ld+json\" class=\"yoast-schema-graph\">{\"@context\":\"https:\/\/schema.org\",\"@graph\":[{\"@type\":\"WebPage\",\"@id\":\"https:\/\/koningdrone.be\/product\/hprc-2460-for-dji-mavic-4-pro-creator-combo\/\",\"url\":\"https:\/\/koningdrone.be\/product\/hprc-2460-for-dji-mavic-4-pro-creator-combo\/\",\"name\":\"HPRC 2460 FOR DJI MAVIC 4 PRO CREATOR COMBO - koningdrone.be\",\"isPartOf\":{\"@id\":\"https:\/\/koningdrone.be\/#website\"},\"primaryImageOfPage\":{\"@id\":\"https:\/\/koningdrone.be\/product\/hprc-2460-for-dji-mavic-4-pro-creator-combo\/#primaryimage\"},\"image\":{\"@id\":\"https:\/\/koningdrone.be\/product\/hprc-2460-for-dji-mavic-4-pro-creator-combo\/#primaryimage\"},\"thumbnailUrl\":\"https:\/\/koningdrone.be\/wp-content\/uploads\/sites\/13\/2026\/03\/HPRC-2460-FOR-DJI-MAVIC-4-PRO-CREATOR-COMBO.webp\",\"datePublished\":\"2026-03-30T13:50:51+00:00\",\"dateModified\":\"2026-04-29T02:30:34+00:00\",\"breadcrumb\":{\"@id\":\"https:\/\/koningdrone.be\/product\/hprc-2460-for-dji-mavic-4-pro-creator-combo\/#breadcrumb\"},\"inLanguage\":\"fr-BE\",\"potentialAction\":[{\"@type\":\"ReadAction\",\"target\":[\"https:\/\/koningdrone.be\/product\/hprc-2460-for-dji-mavic-4-pro-creator-combo\/\"]}]},{\"@type\":\"ImageObject\",\"inLanguage\":\"fr-BE\",\"@id\":\"https:\/\/koningdrone.be\/product\/hprc-2460-for-dji-mavic-4-pro-creator-combo\/#primaryimage\",\"url\":\"https:\/\/koningdrone.be\/wp-content\/uploads\/sites\/13\/2026\/03\/HPRC-2460-FOR-DJI-MAVIC-4-PRO-CREATOR-COMBO.webp\",\"contentUrl\":\"https:\/\/koningdrone.be\/wp-content\/uploads\/sites\/13\/2026\/03\/HPRC-2460-FOR-DJI-MAVIC-4-PRO-CREATOR-COMBO.webp\",\"width\":2048,\"height\":2048},{\"@type\":\"BreadcrumbList\",\"@id\":\"https:\/\/koningdrone.be\/product\/hprc-2460-for-dji-mavic-4-pro-creator-combo\/#breadcrumb\",\"itemListElement\":[{\"@type\":\"ListItem\",\"position\":1,\"name\":\"Home\",\"item\":\"https:\/\/koningdrone.be\/\"},{\"@type\":\"ListItem\",\"position\":2,\"name\":\"AVSS Parachute Recovery System for DJI Matrice 300\/350\",\"item\":\"https:\/\/koningdrone.be\/product\/avss-parachute-recovery-system-for-dji-matrice-300-350\/\"},{\"@type\":\"ListItem\",\"position\":3,\"name\":\"DJI Mavic 4 Pro\",\"item\":\"https:\/\/koningdrone.be\/categorie\/dji-mavic-4-pro\/\"},{\"@type\":\"ListItem\",\"position\":4,\"name\":\"HPRC 2460 FOR DJI MAVIC 4 PRO CREATOR COMBO\"}]},{\"@type\":\"WebSite\",\"@id\":\"https:\/\/koningdrone.be\/#website\",\"url\":\"https:\/\/koningdrone.be\/\",\"name\":\"Koningdrone.be - Uw online specialist in drones, gimbals, camera's en power stations.\",\"description\":\"De webshop in drones en gimbals\",\"publisher\":{\"@id\":\"https:\/\/koningdrone.be\/#organization\"},\"potentialAction\":[{\"@type\":\"SearchAction\",\"target\":{\"@type\":\"EntryPoint\",\"urlTemplate\":\"https:\/\/koningdrone.be\/?s={search_term_string}\"},\"query-input\":{\"@type\":\"PropertyValueSpecification\",\"valueRequired\":true,\"valueName\":\"search_term_string\"}}],\"inLanguage\":\"fr-BE\"},{\"@type\":\"Organization\",\"@id\":\"https:\/\/koningdrone.be\/#organization\",\"name\":\"Koningdrone.be\",\"url\":\"https:\/\/koningdrone.be\/\",\"logo\":{\"@type\":\"ImageObject\",\"inLanguage\":\"fr-BE\",\"@id\":\"https:\/\/koningdrone.be\/#\/schema\/logo\/image\/\",\"url\":\"https:\/\/koningdrone.be\/wp-content\/uploads\/sites\/13\/2025\/04\/koningdrone-copyright-logo.svg\",\"contentUrl\":\"https:\/\/koningdrone.be\/wp-content\/uploads\/sites\/13\/2025\/04\/koningdrone-copyright-logo.svg\",\"width\":227,\"height\":38,\"caption\":\"Koningdrone.be\"},\"image\":{\"@id\":\"https:\/\/koningdrone.be\/#\/schema\/logo\/image\/\"}}]}<\/script>\n<!-- \/ Yoast SEO Premium plugin. -->","yoast_head_json":{"title":"HPRC 2460 FOR DJI MAVIC 4 PRO CREATOR COMBO - koningdrone.be","robots":{"index":"index","follow":"follow","max-snippet":"max-snippet:-1","max-image-preview":"max-image-preview:large","max-video-preview":"max-video-preview:-1"},"canonical":"https:\/\/koningdrone.be\/fr\/produit\/hprc-2460-for-dji-mavic-4-pro-creator-combo\/","og_locale":"fr_FR","og_type":"article","og_title":"HPRC 2460 FOR DJI MAVIC 4 PRO CREATOR COMBO","og_description":"Sterke en lichtgewicht harde koffer voor dronebescherming  Waterdicht, stofdicht en bestand tegen schokken (IP67)  Voorgesneden Vector Panel schuim voor overzichtelijke indeling  Speciaal ontworpen voor DJI Mavic 4 Pro Creator Combo accessoires  Comfortabel draagbaar met ge\u00efntegreerde handgreep","og_url":"https:\/\/koningdrone.be\/fr\/produit\/hprc-2460-for-dji-mavic-4-pro-creator-combo\/","og_site_name":"koningdrone.be","article_modified_time":"2026-04-29T02:30:34+00:00","og_image":[{"width":2048,"height":2048,"url":"https:\/\/koningdrone.be\/wp-content\/uploads\/sites\/13\/2026\/03\/HPRC-2460-FOR-DJI-MAVIC-4-PRO-CREATOR-COMBO.webp","type":"image\/webp"}],"twitter_card":"summary_large_image","twitter_misc":{"Dur\u00e9e de lecture est.":"1 minute"},"schema":{"@context":"https:\/\/schema.org","@graph":[{"@type":"WebPage","@id":"https:\/\/koningdrone.be\/product\/hprc-2460-for-dji-mavic-4-pro-creator-combo\/","url":"https:\/\/koningdrone.be\/product\/hprc-2460-for-dji-mavic-4-pro-creator-combo\/","name":"HPRC 2460 FOR DJI MAVIC 4 PRO CREATOR COMBO - koningdrone.be","isPartOf":{"@id":"https:\/\/koningdrone.be\/#website"},"primaryImageOfPage":{"@id":"https:\/\/koningdrone.be\/product\/hprc-2460-for-dji-mavic-4-pro-creator-combo\/#primaryimage"},"image":{"@id":"https:\/\/koningdrone.be\/product\/hprc-2460-for-dji-mavic-4-pro-creator-combo\/#primaryimage"},"thumbnailUrl":"https:\/\/koningdrone.be\/wp-content\/uploads\/sites\/13\/2026\/03\/HPRC-2460-FOR-DJI-MAVIC-4-PRO-CREATOR-COMBO.webp","datePublished":"2026-03-30T13:50:51+00:00","dateModified":"2026-04-29T02:30:34+00:00","breadcrumb":{"@id":"https:\/\/koningdrone.be\/product\/hprc-2460-for-dji-mavic-4-pro-creator-combo\/#breadcrumb"},"inLanguage":"fr-BE","potentialAction":[{"@type":"ReadAction","target":["https:\/\/koningdrone.be\/product\/hprc-2460-for-dji-mavic-4-pro-creator-combo\/"]}]},{"@type":"ImageObject","inLanguage":"fr-BE","@id":"https:\/\/koningdrone.be\/product\/hprc-2460-for-dji-mavic-4-pro-creator-combo\/#primaryimage","url":"https:\/\/koningdrone.be\/wp-content\/uploads\/sites\/13\/2026\/03\/HPRC-2460-FOR-DJI-MAVIC-4-PRO-CREATOR-COMBO.webp","contentUrl":"https:\/\/koningdrone.be\/wp-content\/uploads\/sites\/13\/2026\/03\/HPRC-2460-FOR-DJI-MAVIC-4-PRO-CREATOR-COMBO.webp","width":2048,"height":2048},{"@type":"BreadcrumbList","@id":"https:\/\/koningdrone.be\/product\/hprc-2460-for-dji-mavic-4-pro-creator-combo\/#breadcrumb","itemListElement":[{"@type":"ListItem","position":1,"name":"Home","item":"https:\/\/koningdrone.be\/"},{"@type":"ListItem","position":2,"name":"AVSS Parachute Recovery System for DJI Matrice 300\/350","item":"https:\/\/koningdrone.be\/product\/avss-parachute-recovery-system-for-dji-matrice-300-350\/"},{"@type":"ListItem","position":3,"name":"DJI Mavic 4 Pro","item":"https:\/\/koningdrone.be\/categorie\/dji-mavic-4-pro\/"},{"@type":"ListItem","position":4,"name":"HPRC 2460 FOR DJI MAVIC 4 PRO CREATOR COMBO"}]},{"@type":"WebSite","@id":"https:\/\/koningdrone.be\/#website","url":"https:\/\/koningdrone.be\/","name":"Koningdrone.be - Votre sp\u00e9cialiste en ligne en mati\u00e8re de drones, de cardans, de cam\u00e9ras et de centrales \u00e9lectriques.","description":"La boutique en ligne de drones et de cardans","publisher":{"@id":"https:\/\/koningdrone.be\/#organization"},"potentialAction":[{"@type":"SearchAction","target":{"@type":"EntryPoint","urlTemplate":"https:\/\/koningdrone.be\/?s={search_term_string}"},"query-input":{"@type":"PropertyValueSpecification","valueRequired":true,"valueName":"search_term_string"}}],"inLanguage":"fr-BE"},{"@type":"Organization","@id":"https:\/\/koningdrone.be\/#organization","name":"Kingdrone.co.uk","url":"https:\/\/koningdrone.be\/","logo":{"@type":"ImageObject","inLanguage":"fr-BE","@id":"https:\/\/koningdrone.be\/#\/schema\/logo\/image\/","url":"https:\/\/koningdrone.be\/wp-content\/uploads\/sites\/13\/2025\/04\/koningdrone-copyright-logo.svg","contentUrl":"https:\/\/koningdrone.be\/wp-content\/uploads\/sites\/13\/2025\/04\/koningdrone-copyright-logo.svg","width":227,"height":38,"caption":"Koningdrone.be"},"image":{"@id":"https:\/\/koningdrone.be\/#\/schema\/logo\/image\/"}}]}},"df_price":228,"df_sale_price":"","df_regular_price":228,"df_image_link":"https:\/\/koningdrone.be\/wp-content\/uploads\/sites\/13\/2026\/03\/HPRC-2460-FOR-DJI-MAVIC-4-PRO-CREATOR-COMBO-300x300.webp","_links":{"self":[{"href":"https:\/\/koningdrone.be\/fr\/wp-json\/wp\/v2\/product\/18099","targetHints":{"allow":["GET"]}}],"collection":[{"href":"https:\/\/koningdrone.be\/fr\/wp-json\/wp\/v2\/product"}],"about":[{"href":"https:\/\/koningdrone.be\/fr\/wp-json\/wp\/v2\/types\/product"}],"wp:featuredmedia":[{"embeddable":true,"href":"https:\/\/koningdrone.be\/fr\/wp-json\/wp\/v2\/media\/18100"}],"wp:attachment":[{"href":"https:\/\/koningdrone.be\/fr\/wp-json\/wp\/v2\/media?parent=18099"}],"wp:term":[{"taxonomy":"product_brand","embeddable":true,"href":"https:\/\/koningdrone.be\/fr\/wp-json\/wp\/v2\/product_brand?post=18099"},{"taxonomy":"product_cat","embeddable":true,"href":"https:\/\/koningdrone.be\/fr\/wp-json\/wp\/v2\/product_cat?post=18099"},{"taxonomy":"product_tag","embeddable":true,"href":"https:\/\/koningdrone.be\/fr\/wp-json\/wp\/v2\/product_tag?post=18099"}],"curies":[{"name":"wp","href":"https:\/\/api.w.org\/{rel}","templated":true}]}}