{"id":18061,"date":"2026-04-07T12:46:02","date_gmt":"2026-04-07T10:46:02","guid":{"rendered":"https:\/\/koningdrone.be\/?post_type=product&#038;p=18061"},"modified":"2026-04-29T14:40:28","modified_gmt":"2026-04-29T12:40:28","slug":"dronavia-parachute-moc-m2-with-internal-flight-termination-system-moc-2511-kronos-for-matrice-4d","status":"publish","type":"product","link":"https:\/\/koningdrone.be\/fr\/produit\/dronavia-parachute-moc-m2-with-internal-flight-termination-system-moc-2511-kronos-for-matrice-4d\/","title":{"rendered":"Dronavia Parachute Moc M2 avec syst\u00e8me de terminaison de vol interne MOC 2511 Kronos pour Matrice 4D"},"content":{"rendered":"<h3>Dronavia Parachute Moc M2 avec syst\u00e8me de terminaison de vol interne MOC 2511 Kronos pour Matrice 4D<\/h3>\n<p><iframe loading=\"lazy\" title=\"Rendez vos vols et votre s\u00e9curit\u00e9 plus autonomes : Kronos M4D Sytems (pour DJI Dock 3 &amp; Matrice 4D)\" width=\"800\" height=\"450\" src=\"https:\/\/www.youtube.com\/embed\/fYTaRJSVjM4?feature=oembed&#038;enablejsapi=1&#038;origin=https:\/\/koningdrone.be\" frameborder=\"0\" allow=\"accelerometer; autoplay; clipboard-write; encrypted-media; gyroscope; picture-in-picture; web-share\" referrerpolicy=\"strict-origin-when-cross-origin\" allowfullscreen><\/iframe><\/p>\n<p style=\"margin: 20px 0\">Le parachute Moc M2 de Dronavia Kronos M4D avec syst\u00e8me interne de terminaison de vol (MOC 2511) est un syst\u00e8me de s\u00e9curit\u00e9 professionnel d\u00e9velopp\u00e9 sp\u00e9cifiquement pour la DJI Matrice 4D. Le syst\u00e8me combine un syst\u00e8me avanc\u00e9 de r\u00e9cup\u00e9ration du parachute (PRS) avec un syst\u00e8me interne de terminaison de vol (FTS) pour assurer une s\u00e9curit\u00e9 maximale lors des op\u00e9rations professionnelles avec le drone. Ce kit permet au drone d'\u00eatre mis \u00e0 niveau vers la classification C5 selon les r\u00e9glementations europ\u00e9ennes de l'EASA, permettant des op\u00e9rations complexes dans la cat\u00e9gorie sp\u00e9cifique.<\/p>\n<p><a href=\"https:\/\/koningdrone.nl\/wp-content\/uploads\/2026\/03\/Product-Dronavia-Parachute-Moc-M2-with-Internal-Flight-Termination-System-MOC-2511-Kronos-for-Matrice-4D.webp\"><img loading=\"lazy\" decoding=\"async\" class=\"aligncenter wp-image-470997 size-full\" src=\"https:\/\/koningdrone.nl\/wp-content\/uploads\/2026\/03\/Product-Dronavia-Parachute-Moc-M2-with-Internal-Flight-Termination-System-MOC-2511-Kronos-for-Matrice-4D.webp\" alt=\"Product Dronavia Parachute Moc M2 with Internal Flight Termination System MOC 2511 Kronos for Matrice 4D\" width=\"1200\" height=\"800\" \/><\/a><\/p>\n<h4>Performance et fonctionnalit\u00e9<\/h4>\n<p>Le syst\u00e8me Kronos M4D est dot\u00e9 d'un parachute autonome qui peut \u00eatre activ\u00e9 en moins de 0,27 seconde en cas de d\u00e9faillance critique en vol. Cela r\u00e9duit consid\u00e9rablement l'\u00e9nergie de l'impact lors d'un atterrissage d'urgence et am\u00e9liore grandement la s\u00e9curit\u00e9 des personnes et des biens au sol. Le syst\u00e8me int\u00e9gr\u00e9 de fin de vol permet de couper imm\u00e9diatement les moteurs du drone lorsqu'un vol doit \u00eatre interrompu. Gr\u00e2ce \u00e0 la t\u00e9l\u00e9commande Klick, le syst\u00e8me peut \u00e9galement \u00eatre activ\u00e9 manuellement jusqu'\u00e0 une distance d'environ 1,5 km.<\/p>\n<h4>Qualit\u00e9 de construction et conception<\/h4>\n<p>Le syst\u00e8me utilise un parachute robuste et l\u00e9ger avec un syst\u00e8me d'\u00e9jection fiable qui assure des d\u00e9ploiements rapides et coh\u00e9rents. Gr\u00e2ce \u00e0 la conception modulaire du POD, le parachute peut \u00eatre facilement remplac\u00e9 apr\u00e8s un d\u00e9ploiement, ce qui permet au syst\u00e8me d'\u00eatre rapidement op\u00e9rationnel. Le syst\u00e8me Kronos M4D est \u00e9galement certifi\u00e9 IP54 et con\u00e7u pour \u00eatre utilis\u00e9 dans diverses conditions m\u00e9t\u00e9orologiques, ce qui le rend adapt\u00e9 aux inspections professionnelles, aux op\u00e9rations industrielles et aux missions d'amarrage autonomes avec DJI Dock 3.<\/p>\n<p><a href=\"https:\/\/koningdrone.nl\/wp-content\/uploads\/2026\/03\/Dronavia-Parachute-Moc-M2-with-Internal-Flight-Termination-System-MOC-2511-Kronos-for-Matrice-4D-Product.webp\"><img loading=\"lazy\" decoding=\"async\" class=\"size-medium wp-image-470995 aligncenter\" src=\"https:\/\/koningdrone.nl\/wp-content\/uploads\/2026\/03\/Dronavia-Parachute-Moc-M2-with-Internal-Flight-Termination-System-MOC-2511-Kronos-for-Matrice-4D-Product-300x300.webp\" alt=\"Dronavia Parachute Moc M2 with Internal Flight Termination System MOC 2511 Kronos for Matrice 4D Product\" width=\"300\" height=\"300\" \/><\/a><\/p>\n<h4>Pourquoi vous en avez besoin ?<\/h4>\n<p>Pour les op\u00e9rateurs de drones professionnels op\u00e9rant selon les r\u00e9glementations europ\u00e9ennes, un syst\u00e8me de s\u00e9curit\u00e9 fiable est essentiel. Avec le kit Dronavia Kronos M4D, votre DJI Matrice 4D peut r\u00e9pondre aux exigences C5 et fonctionner en toute s\u00e9curit\u00e9 dans des missions avanc\u00e9es telles que STS-01 ou les op\u00e9rations bas\u00e9es sur SORA. Le syst\u00e8me r\u00e9duit consid\u00e9rablement les risques et augmente la s\u00e9curit\u00e9 dans les op\u00e9rations critiques de drones.<\/p>","protected":false},"excerpt":{"rendered":"<ul>\n<li>Activation autonome du parachute en moins de 0,27 seconde<\/li>\n<li>Syst\u00e8me int\u00e9gr\u00e9 de terminaison de vol pour un arr\u00eat instantan\u00e9 du moteur<\/li>\n<li>Passage de la classification C2 \u00e0 la classification C5 conform\u00e9ment aux normes de l'EASA<\/li>\n<li>Compatible avec la station d'accueil DJI Dock 3 pour des op\u00e9rations automatis\u00e9es avec le drone<\/li>\n<li>Syst\u00e8me POD r\u00e9utilisable pour une r\u00e9initialisation rapide apr\u00e8s le d\u00e9ploiement du parachute<\/li>\n<\/ul>","protected":false},"featured_media":18062,"template":"","meta":{"_acf_changed":false},"product_brand":[],"product_cat":[292,1732,430],"product_tag":[],"class_list":{"0":"post-18061","1":"product","2":"type-product","3":"status-publish","4":"has-post-thumbnail","6":"product_cat-alle-parachutes","7":"product_cat-dji-matrice-4d","8":"product_cat-dronavia","9":"product_shipping_class-outofstock","10":"pa_brand-dronavia","11":"pa_producttype-veiligheidssysteem","13":"first","14":"outofstock","15":"taxable","16":"shipping-taxable","17":"product-type-simple"},"acf":[],"yoast_head":"<!-- This site is optimized with the Yoast SEO Premium plugin v27.2 (Yoast SEO v27.2) - https:\/\/yoast.com\/product\/yoast-seo-premium-wordpress\/ -->\n<title>Dronavia Parachute Moc M2 with Internal Flight Termination System MOC 2511 Kronos for Matrice 4D - koningdrone.be<\/title>\n<meta name=\"robots\" content=\"index, follow, max-snippet:-1, max-image-preview:large, max-video-preview:-1\" \/>\n<link rel=\"canonical\" href=\"https:\/\/koningdrone.be\/fr\/produit\/dronavia-parachute-moc-m2-with-internal-flight-termination-system-moc-2511-kronos-for-matrice-4d\/\" \/>\n<meta property=\"og:locale\" content=\"fr_FR\" \/>\n<meta property=\"og:type\" content=\"article\" \/>\n<meta property=\"og:title\" content=\"Dronavia Parachute Moc M2 with Internal Flight Termination System MOC 2511 Kronos for Matrice 4D\" \/>\n<meta property=\"og:description\" content=\"Autonome parachute-activatie binnen minder dan 0,27 seconden  Ge\u00efntegreerd Flight Termination System voor directe motoruitschakeling  Upgrade van C2 drone naar C5-classificatie volgens EASA-normen  Compatibel met DJI Dock 3 voor geautomatiseerde drone-operaties  Herbruikbaar POD-systeem voor snelle reset na parachute-deploy\" \/>\n<meta property=\"og:url\" content=\"https:\/\/koningdrone.be\/fr\/produit\/dronavia-parachute-moc-m2-with-internal-flight-termination-system-moc-2511-kronos-for-matrice-4d\/\" \/>\n<meta property=\"og:site_name\" content=\"koningdrone.be\" \/>\n<meta property=\"article:modified_time\" content=\"2026-04-29T12:40:28+00:00\" \/>\n<meta property=\"og:image\" content=\"https:\/\/koningdrone.be\/wp-content\/uploads\/sites\/13\/2026\/03\/Dronavia-Parachute-Moc-M2-with-Internal-Flight-Termination-System-MOC-2511-Kronos-for-Matrice-4D.webp\" \/>\n\t<meta property=\"og:image:width\" content=\"2048\" \/>\n\t<meta property=\"og:image:height\" content=\"2048\" \/>\n\t<meta property=\"og:image:type\" content=\"image\/webp\" \/>\n<meta name=\"twitter:card\" content=\"summary_large_image\" \/>\n<meta name=\"twitter:label1\" content=\"Dur\u00e9e de lecture est.\" \/>\n\t<meta name=\"twitter:data1\" content=\"3 minutes\" \/>\n<script type=\"application\/ld+json\" class=\"yoast-schema-graph\">{\"@context\":\"https:\/\/schema.org\",\"@graph\":[{\"@type\":\"WebPage\",\"@id\":\"https:\/\/koningdrone.be\/product\/dronavia-parachute-moc-m2-with-internal-flight-termination-system-moc-2511-kronos-for-matrice-4d\/\",\"url\":\"https:\/\/koningdrone.be\/product\/dronavia-parachute-moc-m2-with-internal-flight-termination-system-moc-2511-kronos-for-matrice-4d\/\",\"name\":\"Dronavia Parachute Moc M2 with Internal Flight Termination System MOC 2511 Kronos for Matrice 4D - koningdrone.be\",\"isPartOf\":{\"@id\":\"https:\/\/koningdrone.be\/#website\"},\"primaryImageOfPage\":{\"@id\":\"https:\/\/koningdrone.be\/product\/dronavia-parachute-moc-m2-with-internal-flight-termination-system-moc-2511-kronos-for-matrice-4d\/#primaryimage\"},\"image\":{\"@id\":\"https:\/\/koningdrone.be\/product\/dronavia-parachute-moc-m2-with-internal-flight-termination-system-moc-2511-kronos-for-matrice-4d\/#primaryimage\"},\"thumbnailUrl\":\"https:\/\/koningdrone.be\/wp-content\/uploads\/sites\/13\/2026\/03\/Dronavia-Parachute-Moc-M2-with-Internal-Flight-Termination-System-MOC-2511-Kronos-for-Matrice-4D.webp\",\"datePublished\":\"2026-04-07T10:46:02+00:00\",\"dateModified\":\"2026-04-29T12:40:28+00:00\",\"breadcrumb\":{\"@id\":\"https:\/\/koningdrone.be\/product\/dronavia-parachute-moc-m2-with-internal-flight-termination-system-moc-2511-kronos-for-matrice-4d\/#breadcrumb\"},\"inLanguage\":\"fr-BE\",\"potentialAction\":[{\"@type\":\"ReadAction\",\"target\":[\"https:\/\/koningdrone.be\/product\/dronavia-parachute-moc-m2-with-internal-flight-termination-system-moc-2511-kronos-for-matrice-4d\/\"]}]},{\"@type\":\"ImageObject\",\"inLanguage\":\"fr-BE\",\"@id\":\"https:\/\/koningdrone.be\/product\/dronavia-parachute-moc-m2-with-internal-flight-termination-system-moc-2511-kronos-for-matrice-4d\/#primaryimage\",\"url\":\"https:\/\/koningdrone.be\/wp-content\/uploads\/sites\/13\/2026\/03\/Dronavia-Parachute-Moc-M2-with-Internal-Flight-Termination-System-MOC-2511-Kronos-for-Matrice-4D.webp\",\"contentUrl\":\"https:\/\/koningdrone.be\/wp-content\/uploads\/sites\/13\/2026\/03\/Dronavia-Parachute-Moc-M2-with-Internal-Flight-Termination-System-MOC-2511-Kronos-for-Matrice-4D.webp\",\"width\":2048,\"height\":2048},{\"@type\":\"BreadcrumbList\",\"@id\":\"https:\/\/koningdrone.be\/product\/dronavia-parachute-moc-m2-with-internal-flight-termination-system-moc-2511-kronos-for-matrice-4d\/#breadcrumb\",\"itemListElement\":[{\"@type\":\"ListItem\",\"position\":1,\"name\":\"Home\",\"item\":\"https:\/\/koningdrone.be\/\"},{\"@type\":\"ListItem\",\"position\":2,\"name\":\"AVSS Parachute Recovery System for DJI Matrice 300\/350\",\"item\":\"https:\/\/koningdrone.be\/product\/avss-parachute-recovery-system-for-dji-matrice-300-350\/\"},{\"@type\":\"ListItem\",\"position\":3,\"name\":\"Alle parachutes\",\"item\":\"https:\/\/koningdrone.be\/categorie\/alle-parachutes\/\"},{\"@type\":\"ListItem\",\"position\":4,\"name\":\"Dronavia Parachute Moc M2 with Internal Flight Termination System MOC 2511 Kronos for Matrice 4D\"}]},{\"@type\":\"WebSite\",\"@id\":\"https:\/\/koningdrone.be\/#website\",\"url\":\"https:\/\/koningdrone.be\/\",\"name\":\"Koningdrone.be - Uw online specialist in drones, gimbals, camera's en power stations.\",\"description\":\"De webshop in drones en gimbals\",\"publisher\":{\"@id\":\"https:\/\/koningdrone.be\/#organization\"},\"potentialAction\":[{\"@type\":\"SearchAction\",\"target\":{\"@type\":\"EntryPoint\",\"urlTemplate\":\"https:\/\/koningdrone.be\/?s={search_term_string}\"},\"query-input\":{\"@type\":\"PropertyValueSpecification\",\"valueRequired\":true,\"valueName\":\"search_term_string\"}}],\"inLanguage\":\"fr-BE\"},{\"@type\":\"Organization\",\"@id\":\"https:\/\/koningdrone.be\/#organization\",\"name\":\"Koningdrone.be\",\"url\":\"https:\/\/koningdrone.be\/\",\"logo\":{\"@type\":\"ImageObject\",\"inLanguage\":\"fr-BE\",\"@id\":\"https:\/\/koningdrone.be\/#\/schema\/logo\/image\/\",\"url\":\"https:\/\/koningdrone.be\/wp-content\/uploads\/sites\/13\/2025\/04\/koningdrone-copyright-logo.svg\",\"contentUrl\":\"https:\/\/koningdrone.be\/wp-content\/uploads\/sites\/13\/2025\/04\/koningdrone-copyright-logo.svg\",\"width\":227,\"height\":38,\"caption\":\"Koningdrone.be\"},\"image\":{\"@id\":\"https:\/\/koningdrone.be\/#\/schema\/logo\/image\/\"}}]}<\/script>\n<!-- \/ Yoast SEO Premium plugin. -->","yoast_head_json":{"title":"Dronavia Parachute Moc M2 with Internal Flight Termination System MOC 2511 Kronos for Matrice 4D - koningdrone.be","robots":{"index":"index","follow":"follow","max-snippet":"max-snippet:-1","max-image-preview":"max-image-preview:large","max-video-preview":"max-video-preview:-1"},"canonical":"https:\/\/koningdrone.be\/fr\/produit\/dronavia-parachute-moc-m2-with-internal-flight-termination-system-moc-2511-kronos-for-matrice-4d\/","og_locale":"fr_FR","og_type":"article","og_title":"Dronavia Parachute Moc M2 with Internal Flight Termination System MOC 2511 Kronos for Matrice 4D","og_description":"Autonome parachute-activatie binnen minder dan 0,27 seconden  Ge\u00efntegreerd Flight Termination System voor directe motoruitschakeling  Upgrade van C2 drone naar C5-classificatie volgens EASA-normen  Compatibel met DJI Dock 3 voor geautomatiseerde drone-operaties  Herbruikbaar POD-systeem voor snelle reset na parachute-deploy","og_url":"https:\/\/koningdrone.be\/fr\/produit\/dronavia-parachute-moc-m2-with-internal-flight-termination-system-moc-2511-kronos-for-matrice-4d\/","og_site_name":"koningdrone.be","article_modified_time":"2026-04-29T12:40:28+00:00","og_image":[{"width":2048,"height":2048,"url":"https:\/\/koningdrone.be\/wp-content\/uploads\/sites\/13\/2026\/03\/Dronavia-Parachute-Moc-M2-with-Internal-Flight-Termination-System-MOC-2511-Kronos-for-Matrice-4D.webp","type":"image\/webp"}],"twitter_card":"summary_large_image","twitter_misc":{"Dur\u00e9e de lecture est.":"3 minutes"},"schema":{"@context":"https:\/\/schema.org","@graph":[{"@type":"WebPage","@id":"https:\/\/koningdrone.be\/product\/dronavia-parachute-moc-m2-with-internal-flight-termination-system-moc-2511-kronos-for-matrice-4d\/","url":"https:\/\/koningdrone.be\/product\/dronavia-parachute-moc-m2-with-internal-flight-termination-system-moc-2511-kronos-for-matrice-4d\/","name":"Dronavia Parachute Moc M2 with Internal Flight Termination System MOC 2511 Kronos for Matrice 4D - koningdrone.be","isPartOf":{"@id":"https:\/\/koningdrone.be\/#website"},"primaryImageOfPage":{"@id":"https:\/\/koningdrone.be\/product\/dronavia-parachute-moc-m2-with-internal-flight-termination-system-moc-2511-kronos-for-matrice-4d\/#primaryimage"},"image":{"@id":"https:\/\/koningdrone.be\/product\/dronavia-parachute-moc-m2-with-internal-flight-termination-system-moc-2511-kronos-for-matrice-4d\/#primaryimage"},"thumbnailUrl":"https:\/\/koningdrone.be\/wp-content\/uploads\/sites\/13\/2026\/03\/Dronavia-Parachute-Moc-M2-with-Internal-Flight-Termination-System-MOC-2511-Kronos-for-Matrice-4D.webp","datePublished":"2026-04-07T10:46:02+00:00","dateModified":"2026-04-29T12:40:28+00:00","breadcrumb":{"@id":"https:\/\/koningdrone.be\/product\/dronavia-parachute-moc-m2-with-internal-flight-termination-system-moc-2511-kronos-for-matrice-4d\/#breadcrumb"},"inLanguage":"fr-BE","potentialAction":[{"@type":"ReadAction","target":["https:\/\/koningdrone.be\/product\/dronavia-parachute-moc-m2-with-internal-flight-termination-system-moc-2511-kronos-for-matrice-4d\/"]}]},{"@type":"ImageObject","inLanguage":"fr-BE","@id":"https:\/\/koningdrone.be\/product\/dronavia-parachute-moc-m2-with-internal-flight-termination-system-moc-2511-kronos-for-matrice-4d\/#primaryimage","url":"https:\/\/koningdrone.be\/wp-content\/uploads\/sites\/13\/2026\/03\/Dronavia-Parachute-Moc-M2-with-Internal-Flight-Termination-System-MOC-2511-Kronos-for-Matrice-4D.webp","contentUrl":"https:\/\/koningdrone.be\/wp-content\/uploads\/sites\/13\/2026\/03\/Dronavia-Parachute-Moc-M2-with-Internal-Flight-Termination-System-MOC-2511-Kronos-for-Matrice-4D.webp","width":2048,"height":2048},{"@type":"BreadcrumbList","@id":"https:\/\/koningdrone.be\/product\/dronavia-parachute-moc-m2-with-internal-flight-termination-system-moc-2511-kronos-for-matrice-4d\/#breadcrumb","itemListElement":[{"@type":"ListItem","position":1,"name":"Home","item":"https:\/\/koningdrone.be\/"},{"@type":"ListItem","position":2,"name":"AVSS Parachute Recovery System for DJI Matrice 300\/350","item":"https:\/\/koningdrone.be\/product\/avss-parachute-recovery-system-for-dji-matrice-300-350\/"},{"@type":"ListItem","position":3,"name":"Alle parachutes","item":"https:\/\/koningdrone.be\/categorie\/alle-parachutes\/"},{"@type":"ListItem","position":4,"name":"Dronavia Parachute Moc M2 with Internal Flight Termination System MOC 2511 Kronos for Matrice 4D"}]},{"@type":"WebSite","@id":"https:\/\/koningdrone.be\/#website","url":"https:\/\/koningdrone.be\/","name":"Koningdrone.be - Votre sp\u00e9cialiste en ligne en mati\u00e8re de drones, de cardans, de cam\u00e9ras et de centrales \u00e9lectriques.","description":"La boutique en ligne de drones et de cardans","publisher":{"@id":"https:\/\/koningdrone.be\/#organization"},"potentialAction":[{"@type":"SearchAction","target":{"@type":"EntryPoint","urlTemplate":"https:\/\/koningdrone.be\/?s={search_term_string}"},"query-input":{"@type":"PropertyValueSpecification","valueRequired":true,"valueName":"search_term_string"}}],"inLanguage":"fr-BE"},{"@type":"Organization","@id":"https:\/\/koningdrone.be\/#organization","name":"Kingdrone.co.uk","url":"https:\/\/koningdrone.be\/","logo":{"@type":"ImageObject","inLanguage":"fr-BE","@id":"https:\/\/koningdrone.be\/#\/schema\/logo\/image\/","url":"https:\/\/koningdrone.be\/wp-content\/uploads\/sites\/13\/2025\/04\/koningdrone-copyright-logo.svg","contentUrl":"https:\/\/koningdrone.be\/wp-content\/uploads\/sites\/13\/2025\/04\/koningdrone-copyright-logo.svg","width":227,"height":38,"caption":"Koningdrone.be"},"image":{"@id":"https:\/\/koningdrone.be\/#\/schema\/logo\/image\/"}}]}},"df_price":"","df_sale_price":"","df_regular_price":"","df_image_link":"https:\/\/koningdrone.be\/wp-content\/uploads\/sites\/13\/2026\/03\/Dronavia-Parachute-Moc-M2-with-Internal-Flight-Termination-System-MOC-2511-Kronos-for-Matrice-4D-300x300.webp","_links":{"self":[{"href":"https:\/\/koningdrone.be\/fr\/wp-json\/wp\/v2\/product\/18061","targetHints":{"allow":["GET"]}}],"collection":[{"href":"https:\/\/koningdrone.be\/fr\/wp-json\/wp\/v2\/product"}],"about":[{"href":"https:\/\/koningdrone.be\/fr\/wp-json\/wp\/v2\/types\/product"}],"wp:featuredmedia":[{"embeddable":true,"href":"https:\/\/koningdrone.be\/fr\/wp-json\/wp\/v2\/media\/18062"}],"wp:attachment":[{"href":"https:\/\/koningdrone.be\/fr\/wp-json\/wp\/v2\/media?parent=18061"}],"wp:term":[{"taxonomy":"product_brand","embeddable":true,"href":"https:\/\/koningdrone.be\/fr\/wp-json\/wp\/v2\/product_brand?post=18061"},{"taxonomy":"product_cat","embeddable":true,"href":"https:\/\/koningdrone.be\/fr\/wp-json\/wp\/v2\/product_cat?post=18061"},{"taxonomy":"product_tag","embeddable":true,"href":"https:\/\/koningdrone.be\/fr\/wp-json\/wp\/v2\/product_tag?post=18061"}],"curies":[{"name":"wp","href":"https:\/\/api.w.org\/{rel}","templated":true}]}}