{"id":18042,"date":"2026-03-28T15:00:49","date_gmt":"2026-03-28T14:00:49","guid":{"rendered":"https:\/\/koningdrone.be\/?post_type=product&#038;p=18042"},"modified":"2026-04-29T16:30:07","modified_gmt":"2026-04-29T14:30:07","slug":"dronavia-parachute-moc-m2-with-internal-flight-termination-system-moc-2511-kronos-for-mavic-4-c5","status":"publish","type":"product","link":"https:\/\/koningdrone.be\/fr\/produit\/dronavia-parachute-moc-m2-with-internal-flight-termination-system-moc-2511-kronos-for-mavic-4-c5\/","title":{"rendered":"Dronavia Parachute Moc M2 avec syst\u00e8me de terminaison de vol interne MOC 2511 Kronos pour Mavic 4 \/ C5"},"content":{"rendered":"<h3>Dronavia Parachute Moc M2 avec syst\u00e8me de terminaison de vol interne MOC 2511 Kronos pour Mavic 4 \/ C5<\/h3>\n<p>Le Dronavia Kronos MVC4 Parachute Moc M2 avec syst\u00e8me de terminaison de vol interne (MOC 2511) est un kit de s\u00e9curit\u00e9 avanc\u00e9 con\u00e7u pour les op\u00e9rateurs de drones professionnels pilotant le DJI Mavic 4 Pro. Ce syst\u00e8me combine un module de r\u00e9cup\u00e9ration de parachute (PRS) avec un syst\u00e8me de terminaison de vol interne (FTS) pour assurer une s\u00e9curit\u00e9 maximale lors des op\u00e9rations de drone professionnelles. Le syst\u00e8me est sp\u00e9cialement con\u00e7u pour convertir les drones de classe C2 en classe C5 conform\u00e9ment aux r\u00e9glementations europ\u00e9ennes de l'EASA. Cela permet d'utiliser le drone pour des op\u00e9rations plus complexes, telles que des inspections urbaines ou des vols dans la cat\u00e9gorie sp\u00e9cifique.<\/p>\n<p><a href=\"https:\/\/koningdrone.nl\/wp-content\/uploads\/2026\/03\/Dronavia-Parachute-Moc-M2-with-Internal-Flight-Termination-System-MOC-2511-Kronos-for-Mavic-4-C5.webp\"><img loading=\"lazy\" decoding=\"async\" class=\"size-medium wp-image-470967 aligncenter\" src=\"https:\/\/koningdrone.nl\/wp-content\/uploads\/2026\/03\/Dronavia-Parachute-Moc-M2-with-Internal-Flight-Termination-System-MOC-2511-Kronos-for-Mavic-4-C5-300x300.webp\" alt=\"Dronavia Parachute Moc M2 with Internal Flight Termination System MOC 2511 Kronos for Mavic 4 C5\" width=\"300\" height=\"300\" \/><\/a><\/p>\n<h4>Performance et fonctionnalit\u00e9<\/h4>\n<p>Le syst\u00e8me Kronos est dot\u00e9 d'un m\u00e9canisme autonome de d\u00e9ploiement du parachute qui s'active en moins de 0,27 seconde en cas de probl\u00e8mes de vol critiques. Cela r\u00e9duit consid\u00e9rablement l'\u00e9nergie de l'impact lors d'un atterrissage d'urgence et am\u00e9liore la s\u00e9curit\u00e9 des personnes et des biens au sol. Le syst\u00e8me int\u00e9gr\u00e9 de fin de vol permet de couper imm\u00e9diatement les moteurs du drone lorsqu'un vol doit \u00eatre interrompu. Gr\u00e2ce \u00e0 la t\u00e9l\u00e9commande Klick, le syst\u00e8me peut \u00e9galement \u00eatre activ\u00e9 manuellement jusqu'\u00e0 une distance d'environ 1,5 km, avec une extension optionnelle \u00e0 environ 10 km.<\/p>\n<h4>Qualit\u00e9 de construction et conception<\/h4>\n<p style=\"margin-bottom: 20px\">Le kit Kronos MVC4 utilise un syst\u00e8me de parachute l\u00e9ger avec une voilure PARA\u00b2 pour une descente stable et contr\u00f4l\u00e9e. Le syst\u00e8me utilise un m\u00e9canisme \u00e0 ressort pour l'\u00e9jection du parachute, \u00e9liminant le besoin de pyrotechnie ou de cartouches de gaz. Gr\u00e2ce au syst\u00e8me POD r\u00e9utilisable, le parachute peut \u00eatre facilement remplac\u00e9 apr\u00e8s un d\u00e9ploiement et le syst\u00e8me peut \u00eatre r\u00e9activ\u00e9 en quelques minutes.<\/p>\n<p><a href=\"https:\/\/koningdrone.nl\/wp-content\/uploads\/2026\/03\/Product-Dronavia-Parachute-Moc-M2-with-Internal-Flight-Termination-System-MOC-2511-Kronos-for-Mavic-4-C5.webp\"><img loading=\"lazy\" decoding=\"async\" class=\"size-medium wp-image-470966 aligncenter\" src=\"https:\/\/koningdrone.nl\/wp-content\/uploads\/2026\/03\/Product-Dronavia-Parachute-Moc-M2-with-Internal-Flight-Termination-System-MOC-2511-Kronos-for-Mavic-4-C5-300x300.webp\" alt=\"Product Dronavia Parachute Moc M2 with Internal Flight Termination System MOC 2511 Kronos for Mavic 4 C5\" width=\"300\" height=\"300\" \/><\/a><\/p>\n<h4>Pourquoi vous en avez besoin ?<\/h4>\n<p>Pour les op\u00e9rateurs de drones professionnels op\u00e9rant en Europe sous les r\u00e9glementations de l'EASA, un syst\u00e8me de s\u00e9curit\u00e9 fiable est essentiel. Avec la mise \u00e0 niveau Dronavia Kronos MVC4, votre DJI Mavic 4 Pro peut se conformer \u00e0 la classification C5 et fonctionner en toute s\u00e9curit\u00e9 dans des sc\u00e9narios plus complexes tels que les missions STS-01 ou bas\u00e9es sur la SORA. Ce syst\u00e8me r\u00e9duit consid\u00e9rablement les risques et augmente la s\u00e9curit\u00e9 lors des op\u00e9rations critiques.<\/p>","protected":false},"excerpt":{"rendered":"<ul>\n<li>Activation autonome du parachute en moins de 0,27 seconde<\/li>\n<li>Syst\u00e8me interne de terminaison de vol (FTS) pour un arr\u00eat instantan\u00e9 du moteur<\/li>\n<li>Passage de la classification C2 \u00e0 la classification C5 conform\u00e9ment aux normes de l'EASA<\/li>\n<li>T\u00e9l\u00e9commande \u00e0 clic pour activation manuelle jusqu'\u00e0 1,5 km (en option jusqu'\u00e0 10 km)<\/li>\n<li>Syst\u00e8me POD r\u00e9utilisable pour une r\u00e9initialisation rapide apr\u00e8s le d\u00e9ploiement du parachute<\/li>\n<\/ul>","protected":false},"featured_media":18043,"template":"","meta":{"_acf_changed":false},"product_brand":[],"product_cat":[292,1415,430],"product_tag":[],"class_list":{"0":"post-18042","1":"product","2":"type-product","3":"status-publish","4":"has-post-thumbnail","6":"product_cat-alle-parachutes","7":"product_cat-dji-mavic-4-pro","8":"product_cat-dronavia","9":"product_shipping_class-outofstock","10":"pa_brand-dronavia","11":"pa_producttype-veiligheidssysteem","13":"first","14":"outofstock","15":"taxable","16":"shipping-taxable","17":"purchasable","18":"product-type-simple"},"acf":[],"yoast_head":"<!-- This site is optimized with the Yoast SEO Premium plugin v27.2 (Yoast SEO v27.2) - https:\/\/yoast.com\/product\/yoast-seo-premium-wordpress\/ -->\n<title>Dronavia Parachute Moc M2 with Internal Flight Termination System MOC 2511 Kronos for Mavic 4 \/ C5 - koningdrone.be<\/title>\n<meta name=\"robots\" content=\"index, follow, max-snippet:-1, max-image-preview:large, max-video-preview:-1\" \/>\n<link rel=\"canonical\" href=\"https:\/\/koningdrone.be\/fr\/produit\/dronavia-parachute-moc-m2-with-internal-flight-termination-system-moc-2511-kronos-for-mavic-4-c5\/\" \/>\n<meta property=\"og:locale\" content=\"fr_FR\" \/>\n<meta property=\"og:type\" content=\"article\" \/>\n<meta property=\"og:title\" content=\"Dronavia Parachute Moc M2 with Internal Flight Termination System MOC 2511 Kronos for Mavic 4 \/ C5\" \/>\n<meta property=\"og:description\" content=\"Autonome parachute-activatie in minder dan 0,27 seconden  Interne Flight Termination System (FTS) voor directe motoruitschakeling  Upgrade van C2 drone naar C5-classificatie volgens EASA-normen  Klick-remote voor handmatige activatie tot 1,5 km (optioneel tot 10 km)  Herbruikbaar POD-systeem voor snelle reset na parachute-deploy\" \/>\n<meta property=\"og:url\" content=\"https:\/\/koningdrone.be\/fr\/produit\/dronavia-parachute-moc-m2-with-internal-flight-termination-system-moc-2511-kronos-for-mavic-4-c5\/\" \/>\n<meta property=\"og:site_name\" content=\"koningdrone.be\" \/>\n<meta property=\"article:modified_time\" content=\"2026-04-29T14:30:07+00:00\" \/>\n<meta property=\"og:image\" content=\"https:\/\/koningdrone.be\/wp-content\/uploads\/sites\/13\/2026\/03\/Dronavia-Parachute-Moc-M2-with-Internal-Flight-Termination-System-MOC-2511-Kronos-for-Mavic-4-C5.webp\" \/>\n\t<meta property=\"og:image:width\" content=\"2048\" \/>\n\t<meta property=\"og:image:height\" content=\"2048\" \/>\n\t<meta property=\"og:image:type\" content=\"image\/webp\" \/>\n<meta name=\"twitter:card\" content=\"summary_large_image\" \/>\n<meta name=\"twitter:label1\" content=\"Dur\u00e9e de lecture est.\" \/>\n\t<meta name=\"twitter:data1\" content=\"3 minutes\" \/>\n<script type=\"application\/ld+json\" class=\"yoast-schema-graph\">{\"@context\":\"https:\/\/schema.org\",\"@graph\":[{\"@type\":\"WebPage\",\"@id\":\"https:\/\/koningdrone.be\/product\/dronavia-parachute-moc-m2-with-internal-flight-termination-system-moc-2511-kronos-for-mavic-4-c5\/\",\"url\":\"https:\/\/koningdrone.be\/product\/dronavia-parachute-moc-m2-with-internal-flight-termination-system-moc-2511-kronos-for-mavic-4-c5\/\",\"name\":\"Dronavia Parachute Moc M2 with Internal Flight Termination System MOC 2511 Kronos for Mavic 4 \/ C5 - koningdrone.be\",\"isPartOf\":{\"@id\":\"https:\/\/koningdrone.be\/#website\"},\"primaryImageOfPage\":{\"@id\":\"https:\/\/koningdrone.be\/product\/dronavia-parachute-moc-m2-with-internal-flight-termination-system-moc-2511-kronos-for-mavic-4-c5\/#primaryimage\"},\"image\":{\"@id\":\"https:\/\/koningdrone.be\/product\/dronavia-parachute-moc-m2-with-internal-flight-termination-system-moc-2511-kronos-for-mavic-4-c5\/#primaryimage\"},\"thumbnailUrl\":\"https:\/\/koningdrone.be\/wp-content\/uploads\/sites\/13\/2026\/03\/Dronavia-Parachute-Moc-M2-with-Internal-Flight-Termination-System-MOC-2511-Kronos-for-Mavic-4-C5.webp\",\"datePublished\":\"2026-03-28T14:00:49+00:00\",\"dateModified\":\"2026-04-29T14:30:07+00:00\",\"breadcrumb\":{\"@id\":\"https:\/\/koningdrone.be\/product\/dronavia-parachute-moc-m2-with-internal-flight-termination-system-moc-2511-kronos-for-mavic-4-c5\/#breadcrumb\"},\"inLanguage\":\"fr-BE\",\"potentialAction\":[{\"@type\":\"ReadAction\",\"target\":[\"https:\/\/koningdrone.be\/product\/dronavia-parachute-moc-m2-with-internal-flight-termination-system-moc-2511-kronos-for-mavic-4-c5\/\"]}]},{\"@type\":\"ImageObject\",\"inLanguage\":\"fr-BE\",\"@id\":\"https:\/\/koningdrone.be\/product\/dronavia-parachute-moc-m2-with-internal-flight-termination-system-moc-2511-kronos-for-mavic-4-c5\/#primaryimage\",\"url\":\"https:\/\/koningdrone.be\/wp-content\/uploads\/sites\/13\/2026\/03\/Dronavia-Parachute-Moc-M2-with-Internal-Flight-Termination-System-MOC-2511-Kronos-for-Mavic-4-C5.webp\",\"contentUrl\":\"https:\/\/koningdrone.be\/wp-content\/uploads\/sites\/13\/2026\/03\/Dronavia-Parachute-Moc-M2-with-Internal-Flight-Termination-System-MOC-2511-Kronos-for-Mavic-4-C5.webp\",\"width\":2048,\"height\":2048},{\"@type\":\"BreadcrumbList\",\"@id\":\"https:\/\/koningdrone.be\/product\/dronavia-parachute-moc-m2-with-internal-flight-termination-system-moc-2511-kronos-for-mavic-4-c5\/#breadcrumb\",\"itemListElement\":[{\"@type\":\"ListItem\",\"position\":1,\"name\":\"Home\",\"item\":\"https:\/\/koningdrone.be\/\"},{\"@type\":\"ListItem\",\"position\":2,\"name\":\"AVSS Parachute Recovery System for DJI Matrice 300\/350\",\"item\":\"https:\/\/koningdrone.be\/product\/avss-parachute-recovery-system-for-dji-matrice-300-350\/\"},{\"@type\":\"ListItem\",\"position\":3,\"name\":\"Alle parachutes\",\"item\":\"https:\/\/koningdrone.be\/categorie\/alle-parachutes\/\"},{\"@type\":\"ListItem\",\"position\":4,\"name\":\"Dronavia Parachute Moc M2 with Internal Flight Termination System MOC 2511 Kronos for Mavic 4 \/ C5\"}]},{\"@type\":\"WebSite\",\"@id\":\"https:\/\/koningdrone.be\/#website\",\"url\":\"https:\/\/koningdrone.be\/\",\"name\":\"Koningdrone.be - Uw online specialist in drones, gimbals, camera's en power stations.\",\"description\":\"De webshop in drones en gimbals\",\"publisher\":{\"@id\":\"https:\/\/koningdrone.be\/#organization\"},\"potentialAction\":[{\"@type\":\"SearchAction\",\"target\":{\"@type\":\"EntryPoint\",\"urlTemplate\":\"https:\/\/koningdrone.be\/?s={search_term_string}\"},\"query-input\":{\"@type\":\"PropertyValueSpecification\",\"valueRequired\":true,\"valueName\":\"search_term_string\"}}],\"inLanguage\":\"fr-BE\"},{\"@type\":\"Organization\",\"@id\":\"https:\/\/koningdrone.be\/#organization\",\"name\":\"Koningdrone.be\",\"url\":\"https:\/\/koningdrone.be\/\",\"logo\":{\"@type\":\"ImageObject\",\"inLanguage\":\"fr-BE\",\"@id\":\"https:\/\/koningdrone.be\/#\/schema\/logo\/image\/\",\"url\":\"https:\/\/koningdrone.be\/wp-content\/uploads\/sites\/13\/2025\/04\/koningdrone-copyright-logo.svg\",\"contentUrl\":\"https:\/\/koningdrone.be\/wp-content\/uploads\/sites\/13\/2025\/04\/koningdrone-copyright-logo.svg\",\"width\":227,\"height\":38,\"caption\":\"Koningdrone.be\"},\"image\":{\"@id\":\"https:\/\/koningdrone.be\/#\/schema\/logo\/image\/\"}}]}<\/script>\n<!-- \/ Yoast SEO Premium plugin. -->","yoast_head_json":{"title":"Dronavia Parachute Moc M2 with Internal Flight Termination System MOC 2511 Kronos for Mavic 4 \/ C5 - koningdrone.be","robots":{"index":"index","follow":"follow","max-snippet":"max-snippet:-1","max-image-preview":"max-image-preview:large","max-video-preview":"max-video-preview:-1"},"canonical":"https:\/\/koningdrone.be\/fr\/produit\/dronavia-parachute-moc-m2-with-internal-flight-termination-system-moc-2511-kronos-for-mavic-4-c5\/","og_locale":"fr_FR","og_type":"article","og_title":"Dronavia Parachute Moc M2 with Internal Flight Termination System MOC 2511 Kronos for Mavic 4 \/ C5","og_description":"Autonome parachute-activatie in minder dan 0,27 seconden  Interne Flight Termination System (FTS) voor directe motoruitschakeling  Upgrade van C2 drone naar C5-classificatie volgens EASA-normen  Klick-remote voor handmatige activatie tot 1,5 km (optioneel tot 10 km)  Herbruikbaar POD-systeem voor snelle reset na parachute-deploy","og_url":"https:\/\/koningdrone.be\/fr\/produit\/dronavia-parachute-moc-m2-with-internal-flight-termination-system-moc-2511-kronos-for-mavic-4-c5\/","og_site_name":"koningdrone.be","article_modified_time":"2026-04-29T14:30:07+00:00","og_image":[{"width":2048,"height":2048,"url":"https:\/\/koningdrone.be\/wp-content\/uploads\/sites\/13\/2026\/03\/Dronavia-Parachute-Moc-M2-with-Internal-Flight-Termination-System-MOC-2511-Kronos-for-Mavic-4-C5.webp","type":"image\/webp"}],"twitter_card":"summary_large_image","twitter_misc":{"Dur\u00e9e de lecture est.":"3 minutes"},"schema":{"@context":"https:\/\/schema.org","@graph":[{"@type":"WebPage","@id":"https:\/\/koningdrone.be\/product\/dronavia-parachute-moc-m2-with-internal-flight-termination-system-moc-2511-kronos-for-mavic-4-c5\/","url":"https:\/\/koningdrone.be\/product\/dronavia-parachute-moc-m2-with-internal-flight-termination-system-moc-2511-kronos-for-mavic-4-c5\/","name":"Dronavia Parachute Moc M2 with Internal Flight Termination System MOC 2511 Kronos for Mavic 4 \/ C5 - koningdrone.be","isPartOf":{"@id":"https:\/\/koningdrone.be\/#website"},"primaryImageOfPage":{"@id":"https:\/\/koningdrone.be\/product\/dronavia-parachute-moc-m2-with-internal-flight-termination-system-moc-2511-kronos-for-mavic-4-c5\/#primaryimage"},"image":{"@id":"https:\/\/koningdrone.be\/product\/dronavia-parachute-moc-m2-with-internal-flight-termination-system-moc-2511-kronos-for-mavic-4-c5\/#primaryimage"},"thumbnailUrl":"https:\/\/koningdrone.be\/wp-content\/uploads\/sites\/13\/2026\/03\/Dronavia-Parachute-Moc-M2-with-Internal-Flight-Termination-System-MOC-2511-Kronos-for-Mavic-4-C5.webp","datePublished":"2026-03-28T14:00:49+00:00","dateModified":"2026-04-29T14:30:07+00:00","breadcrumb":{"@id":"https:\/\/koningdrone.be\/product\/dronavia-parachute-moc-m2-with-internal-flight-termination-system-moc-2511-kronos-for-mavic-4-c5\/#breadcrumb"},"inLanguage":"fr-BE","potentialAction":[{"@type":"ReadAction","target":["https:\/\/koningdrone.be\/product\/dronavia-parachute-moc-m2-with-internal-flight-termination-system-moc-2511-kronos-for-mavic-4-c5\/"]}]},{"@type":"ImageObject","inLanguage":"fr-BE","@id":"https:\/\/koningdrone.be\/product\/dronavia-parachute-moc-m2-with-internal-flight-termination-system-moc-2511-kronos-for-mavic-4-c5\/#primaryimage","url":"https:\/\/koningdrone.be\/wp-content\/uploads\/sites\/13\/2026\/03\/Dronavia-Parachute-Moc-M2-with-Internal-Flight-Termination-System-MOC-2511-Kronos-for-Mavic-4-C5.webp","contentUrl":"https:\/\/koningdrone.be\/wp-content\/uploads\/sites\/13\/2026\/03\/Dronavia-Parachute-Moc-M2-with-Internal-Flight-Termination-System-MOC-2511-Kronos-for-Mavic-4-C5.webp","width":2048,"height":2048},{"@type":"BreadcrumbList","@id":"https:\/\/koningdrone.be\/product\/dronavia-parachute-moc-m2-with-internal-flight-termination-system-moc-2511-kronos-for-mavic-4-c5\/#breadcrumb","itemListElement":[{"@type":"ListItem","position":1,"name":"Home","item":"https:\/\/koningdrone.be\/"},{"@type":"ListItem","position":2,"name":"AVSS Parachute Recovery System for DJI Matrice 300\/350","item":"https:\/\/koningdrone.be\/product\/avss-parachute-recovery-system-for-dji-matrice-300-350\/"},{"@type":"ListItem","position":3,"name":"Alle parachutes","item":"https:\/\/koningdrone.be\/categorie\/alle-parachutes\/"},{"@type":"ListItem","position":4,"name":"Dronavia Parachute Moc M2 with Internal Flight Termination System MOC 2511 Kronos for Mavic 4 \/ C5"}]},{"@type":"WebSite","@id":"https:\/\/koningdrone.be\/#website","url":"https:\/\/koningdrone.be\/","name":"Koningdrone.be - Votre sp\u00e9cialiste en ligne en mati\u00e8re de drones, de cardans, de cam\u00e9ras et de centrales \u00e9lectriques.","description":"La boutique en ligne de drones et de cardans","publisher":{"@id":"https:\/\/koningdrone.be\/#organization"},"potentialAction":[{"@type":"SearchAction","target":{"@type":"EntryPoint","urlTemplate":"https:\/\/koningdrone.be\/?s={search_term_string}"},"query-input":{"@type":"PropertyValueSpecification","valueRequired":true,"valueName":"search_term_string"}}],"inLanguage":"fr-BE"},{"@type":"Organization","@id":"https:\/\/koningdrone.be\/#organization","name":"Kingdrone.co.uk","url":"https:\/\/koningdrone.be\/","logo":{"@type":"ImageObject","inLanguage":"fr-BE","@id":"https:\/\/koningdrone.be\/#\/schema\/logo\/image\/","url":"https:\/\/koningdrone.be\/wp-content\/uploads\/sites\/13\/2025\/04\/koningdrone-copyright-logo.svg","contentUrl":"https:\/\/koningdrone.be\/wp-content\/uploads\/sites\/13\/2025\/04\/koningdrone-copyright-logo.svg","width":227,"height":38,"caption":"Koningdrone.be"},"image":{"@id":"https:\/\/koningdrone.be\/#\/schema\/logo\/image\/"}}]}},"df_price":1813.79,"df_sale_price":"","df_regular_price":1813.79,"df_image_link":"https:\/\/koningdrone.be\/wp-content\/uploads\/sites\/13\/2026\/03\/Dronavia-Parachute-Moc-M2-with-Internal-Flight-Termination-System-MOC-2511-Kronos-for-Mavic-4-C5-300x300.webp","_links":{"self":[{"href":"https:\/\/koningdrone.be\/fr\/wp-json\/wp\/v2\/product\/18042","targetHints":{"allow":["GET"]}}],"collection":[{"href":"https:\/\/koningdrone.be\/fr\/wp-json\/wp\/v2\/product"}],"about":[{"href":"https:\/\/koningdrone.be\/fr\/wp-json\/wp\/v2\/types\/product"}],"wp:featuredmedia":[{"embeddable":true,"href":"https:\/\/koningdrone.be\/fr\/wp-json\/wp\/v2\/media\/18043"}],"wp:attachment":[{"href":"https:\/\/koningdrone.be\/fr\/wp-json\/wp\/v2\/media?parent=18042"}],"wp:term":[{"taxonomy":"product_brand","embeddable":true,"href":"https:\/\/koningdrone.be\/fr\/wp-json\/wp\/v2\/product_brand?post=18042"},{"taxonomy":"product_cat","embeddable":true,"href":"https:\/\/koningdrone.be\/fr\/wp-json\/wp\/v2\/product_cat?post=18042"},{"taxonomy":"product_tag","embeddable":true,"href":"https:\/\/koningdrone.be\/fr\/wp-json\/wp\/v2\/product_tag?post=18042"}],"curies":[{"name":"wp","href":"https:\/\/api.w.org\/{rel}","templated":true}]}}