{"id":18015,"date":"2026-04-03T18:11:36","date_gmt":"2026-04-03T16:11:36","guid":{"rendered":"https:\/\/koningdrone.be\/?post_type=product&#038;p=18015"},"modified":"2026-04-29T04:31:02","modified_gmt":"2026-04-29T02:31:02","slug":"dji-avata-360-motion-fly-more-combo-including-rc-motion-3-goggles-n3","status":"publish","type":"product","link":"https:\/\/koningdrone.be\/fr\/produit\/dji-avata-360-motion-fly-more-combo-including-rc-motion-3-goggles-n3\/","title":{"rendered":"DJI Avata 360 - Motion Fly More Combo - incluant RC Motion 3 et lunettes N3"},"content":{"rendered":"<h3>DJI Avata 360 Motion Fly More Combo : L'exp\u00e9rience de vol intuitive ultime<\/h3>\n<p><iframe loading=\"lazy\" title=\"DJI Avata 360 - Au-dessus de tout, pour tout voir\" width=\"800\" height=\"450\" src=\"https:\/\/www.youtube.com\/embed\/LFZmfqA48ec?feature=oembed&#038;enablejsapi=1&#038;origin=https:\/\/koningdrone.be\" frameborder=\"0\" allow=\"accelerometer; autoplay; clipboard-write; encrypted-media; gyroscope; picture-in-picture; web-share\" referrerpolicy=\"strict-origin-when-cross-origin\" allowfullscreen><\/iframe><\/p>\n<p style=\"margin: 20px 0\">Le Combo DJI Avata 360 Motion Fly More est con\u00e7u pour ceux qui souhaitent estomper la fronti\u00e8re entre le pilote et la machine. L'association de la puissante Avata 360 avec la RC Motion 3 et les Goggles N3 cr\u00e9e une exp\u00e9rience de vol qui semble aussi naturelle que de pointer avec la main. Alors que vous fendez l'air avec une pr\u00e9cision sans pr\u00e9c\u00e9dent, les deux capteurs 64 MP capturent litt\u00e9ralement tout ce qui vous entoure en r\u00e9solution 8K. Avec les batteries suppl\u00e9mentaires du Combo Fly More, vous n'\u00eates plus limit\u00e9 \u00e0 de courtes sessions, mais pouvez passer des heures \u00e0 explorer et \u00e0 capturer le monde d'une perspective immersive totalement nouvelle.<\/p>\n<p><a href=\"https:\/\/koningdrone.nl\/wp-content\/uploads\/2026\/03\/DJI-Avata-360-Motion-Fly-More-Combo-including-RC-Motion-3-Goggles-N3.webp\"><img loading=\"lazy\" decoding=\"async\" class=\"aligncenter wp-image-470957 size-full\" src=\"https:\/\/koningdrone.nl\/wp-content\/uploads\/2026\/03\/DJI-Avata-360-Motion-Fly-More-Combo-including-RC-Motion-3-Goggles-N3.webp\" alt=\"DJI Avata 360 - Motion Fly More Combo - including RC Motion 3 &amp; Goggles N3\" width=\"1200\" height=\"800\" \/><\/a><\/p>\n<h4>Une puissance visuelle r\u00e9volutionnaire et une direction apr\u00e8s le vol<\/h4>\n<p><span style=\"font-weight: 400\">L'Avata 360 transforme chaque vol en un chef-d'\u0153uvre cin\u00e9matographique :<\/span><\/p>\n<ul>\n<li style=\"font-weight: 400\"><b>Deux capteurs de 64 MP de 1\/1,1 pouce :<\/b><span style=\"font-weight: 400\"> Ces capteurs extra-larges offrent un rendement lumineux sup\u00e9rieur et une gamme dynamique \u00e9tonnante. Que vous preniez des photos en <\/span><b>120 MP<\/b><span style=\"font-weight: 400\"> ou de filmer en <\/span><b>8K \u00e0 60 fps<\/b><span style=\"font-weight: 400\">, La qualit\u00e9 de l'image reste professionnelle m\u00eame dans des conditions d'\u00e9clairage difficiles.<\/span><\/li>\n<li style=\"font-weight: 400\"><b>Recadrage sans limites :<\/b><span style=\"font-weight: 400\"> Comme le drone enregistre en pleine atmosph\u00e8re, vous n'avez pas \u00e0 vous soucier de manquer le sujet pendant le vol. Il ne vous reste plus qu'\u00e0 d\u00e9cider, lors du montage, si vous souhaitez cr\u00e9er un zoom spectaculaire, un panoramique fluide ou un recadrage vertical pour les m\u00e9dias sociaux.<\/span><\/li>\n<li style=\"font-weight: 400\"><b>Lunettes N3 Immersion :<\/b> Enfilez les Goggles N3 et entrez directement dans le cockpit. L'\u00e9cran cristallin et la faible latence garantissent une exp\u00e9rience de vol o\u00f9 vous vous sentez en harmonie avec le drone, tandis que les cam\u00e9ras \u00e0 360\u00b0 s\u00e9curisent chaque angle de l'environnement pendant ce temps.<\/li>\n<\/ul>\n<p><a href=\"https:\/\/koningdrone.nl\/wp-content\/uploads\/2026\/03\/DJI-Product-Avata-360-Motion-Fly-More-Combo-including-RC-Motion-3-Goggles-N3.webp\"><img loading=\"lazy\" decoding=\"async\" class=\"size-medium wp-image-470955 aligncenter\" src=\"https:\/\/koningdrone.nl\/wp-content\/uploads\/2026\/03\/DJI-Product-Avata-360-Motion-Fly-More-Combo-including-RC-Motion-3-Goggles-N3-300x300.webp\" alt=\"DJI Product Avata 360 - Motion Fly More Combo - including RC Motion 3 &amp; Goggles N3\" width=\"300\" height=\"300\" \/><\/a><\/p>\n<h4>Contr\u00f4le intuitif des mouvements et plus d'endurance \u00e0 la vol\u00e9e<\/h4>\n<p><span style=\"font-weight: 400\">Le mat\u00e9riel est con\u00e7u pour une action instinctive et une productivit\u00e9 durable :<\/span><\/p>\n<ul>\n<li style=\"font-weight: 400\"><b>DJI RC Motion 3 :<\/b><span style=\"font-weight: 400\"> Contr\u00f4lez le drone par de simples mouvements de la main. Les mouvements d'inclinaison, de rotation et d'acc\u00e9l\u00e9ration sont totalement intuitifs, ce qui rend les man\u0153uvres FPV complexes accessibles \u00e0 tous, sans la courbe d'apprentissage abrupte des contr\u00f4leurs traditionnels.<\/span><\/li>\n<li style=\"font-weight: 400\"><b>Paquet \"Voler plus\" :<\/b><span style=\"font-weight: 400\"> Avec trois piles au total, vous disposez d'environ <\/span><b>70 minutes de temps de vol effectif<\/b><span style=\"font-weight: 400\">. Le concentrateur de charge inclus vous permet de continuer \u00e0 travailler efficacement, ce qui est crucial lors de prises de vue dans des lieux \u00e9loign\u00e9s ou lors de journ\u00e9es de tournage intenses.<\/span><\/li>\n<li style=\"font-weight: 400\"><b>S\u00e9curit\u00e9 Cinewhoop :<\/b> Gr\u00e2ce \u00e0 la protection int\u00e9gr\u00e9e de l'h\u00e9lice et aux capteurs omnidirectionnels, vous pouvez voler en toute confiance dans les couloirs \u00e9troits ou \u00e0 basse altitude. Avec un poids de <b>455 grammes<\/b> le drone reste tr\u00e8s maniable et stable, m\u00eame en cas de vents forts.<\/li>\n<\/ul>\n<p><a href=\"https:\/\/koningdrone.nl\/wp-content\/uploads\/2026\/03\/DJI-Avata-360-including-RC-Motion-3-Goggles-N3-Product-Motion-Fly-More-Combo.webp\"><img loading=\"lazy\" decoding=\"async\" class=\"size-medium wp-image-470944 aligncenter\" src=\"https:\/\/koningdrone.nl\/wp-content\/uploads\/2026\/03\/DJI-Avata-360-including-RC-Motion-3-Goggles-N3-Product-Motion-Fly-More-Combo-300x300.webp\" alt=\"DJI Avata 360 - including RC Motion 3 &amp; Goggles N3 - Product Motion Fly More Combo\" width=\"300\" height=\"300\" \/><\/a><\/p>\n<h4>Pourquoi le Combo Motion Fly More est indispensable<\/h4>\n<p><span style=\"font-weight: 400\">Le Combo DJI Avata 360 Motion Fly More est l'entr\u00e9e la plus compl\u00e8te dans le monde de la FPV haut de gamme et de la vid\u00e9ographie \u00e0 360\u00b0. Il \u00e9limine la barri\u00e8re entre la complexit\u00e9 technique et la cr\u00e9ativit\u00e9. Vous n'avez pas besoin d'\u00eatre un pilote expert pour cr\u00e9er des images dignes d'une production hollywoodienne. Avec les batteries suppl\u00e9mentaires, les lunettes immersives et les commandes intuitives, vous obtenez un syst\u00e8me qui ne se contente pas de cr\u00e9er du contenu, mais qui raconte une histoire sous tous les angles possibles et imaginables.<\/span><\/p>","protected":false},"excerpt":{"rendered":"<ul>\n<li>Ensemble complet avec Goggles N3 et le contr\u00f4leur RC Motion 3 sensible aux mouvements<\/li>\n<li>Prises de vue HDR 8K\/60fps \u00e0 360 degr\u00e9s pour une cr\u00e9ativit\u00e9 maximale en post-production<\/li>\n<li>Contr\u00f4le intuitif des mouvements qui r\u00e9agit directement aux gestes de la main<\/li>\n<li>Comprend trois batteries et un concentrateur de charge pour une journ\u00e9e enti\u00e8re de vol ininterrompu.<\/li>\n<li>42 Go de m\u00e9moire interne pour immortaliser instantan\u00e9ment chaque instant<\/li>\n<li>D\u00e9tection omnidirectionnelle avec LiDAR, efficace pour voler en toute s\u00e9curit\u00e9 dans des environnements complexes<\/li>\n<li>Syst\u00e8me O4+ pour un signal d'image stable avec une haute r\u00e9solution et un faible retard<br \/>\n- Fonctionnalit\u00e9 ACRO facile pour des man\u0153uvres a\u00e9riennes spectaculaires sur simple pression d'un bouton<\/li>\n<\/ul>","protected":false},"featured_media":18017,"template":"","meta":{"_acf_changed":false},"product_brand":[],"product_cat":[1838],"product_tag":[],"class_list":{"0":"post-18015","1":"product","2":"type-product","3":"status-publish","4":"has-post-thumbnail","6":"product_cat-dji-avata-360","7":"product_shipping_class-dronelandall","8":"pa_brand-dji","9":"pa_producttype-enterprise-drone","10":"pa_series-avata","12":"first","13":"instock","14":"taxable","15":"shipping-taxable","16":"purchasable","17":"product-type-simple"},"acf":[],"yoast_head":"<!-- This site is optimized with the Yoast SEO Premium plugin v27.2 (Yoast SEO v27.2) - https:\/\/yoast.com\/product\/yoast-seo-premium-wordpress\/ -->\n<title>DJI Avata 360 - Motion Fly More Combo - including RC Motion 3 &amp; Goggles N3 - koningdrone.be<\/title>\n<meta name=\"robots\" content=\"index, follow, max-snippet:-1, max-image-preview:large, max-video-preview:-1\" \/>\n<link rel=\"canonical\" href=\"https:\/\/koningdrone.be\/fr\/produit\/dji-avata-360-motion-fly-more-combo-including-rc-motion-3-goggles-n3\/\" \/>\n<meta property=\"og:locale\" content=\"fr_FR\" \/>\n<meta property=\"og:type\" content=\"article\" \/>\n<meta property=\"og:title\" content=\"DJI Avata 360 - Motion Fly More Combo - including RC Motion 3 &amp; Goggles N3\" \/>\n<meta property=\"og:description\" content=\"Complete set met Goggles N3 en de bewegingsgevoelige RC Motion 3 controller  8K\/60fps HDR 360-graden opnames voor maximale creativiteit in de nabewerking  Intu\u00eftieve bewegingsbesturing die direct reageert op je handgebaren  Inclusief drie accu&#039;s en oplaadhub voor een hele dag ononderbroken vliegplezier  42GB interne opslag zodat je elk moment direct kunt vastleggen  Omnidirectionele detectie met LiDAR, effectief voor veilig vliegen in complexe omgevingen  O4+ systeem voor een stabiel beeldsignaal met hoge resolutie en lage vertraging \u2022 Easy ACRO-functionaliteit voor spectaculaire luchtmanoeuvres met \u00e9\u00e9n druk op de knop\" \/>\n<meta property=\"og:url\" content=\"https:\/\/koningdrone.be\/fr\/produit\/dji-avata-360-motion-fly-more-combo-including-rc-motion-3-goggles-n3\/\" \/>\n<meta property=\"og:site_name\" content=\"koningdrone.be\" \/>\n<meta property=\"article:modified_time\" content=\"2026-04-29T02:31:02+00:00\" \/>\n<meta property=\"og:image\" content=\"https:\/\/koningdrone.be\/wp-content\/uploads\/sites\/13\/2026\/03\/DJI-Product-Avata-360-Motion-Fly-More-Combo-including-RC-Motion-3-Goggles-N3.webp\" \/>\n\t<meta property=\"og:image:width\" content=\"2048\" \/>\n\t<meta property=\"og:image:height\" content=\"2048\" \/>\n\t<meta property=\"og:image:type\" content=\"image\/webp\" \/>\n<meta name=\"twitter:card\" content=\"summary_large_image\" \/>\n<meta name=\"twitter:label1\" content=\"Dur\u00e9e de lecture est.\" \/>\n\t<meta name=\"twitter:data1\" content=\"2 minutes\" \/>\n<script type=\"application\/ld+json\" class=\"yoast-schema-graph\">{\"@context\":\"https:\/\/schema.org\",\"@graph\":[{\"@type\":\"WebPage\",\"@id\":\"https:\/\/koningdrone.be\/product\/dji-avata-360-motion-fly-more-combo-including-rc-motion-3-goggles-n3\/\",\"url\":\"https:\/\/koningdrone.be\/product\/dji-avata-360-motion-fly-more-combo-including-rc-motion-3-goggles-n3\/\",\"name\":\"DJI Avata 360 - Motion Fly More Combo - including RC Motion 3 &amp; Goggles N3 - koningdrone.be\",\"isPartOf\":{\"@id\":\"https:\/\/koningdrone.be\/#website\"},\"primaryImageOfPage\":{\"@id\":\"https:\/\/koningdrone.be\/product\/dji-avata-360-motion-fly-more-combo-including-rc-motion-3-goggles-n3\/#primaryimage\"},\"image\":{\"@id\":\"https:\/\/koningdrone.be\/product\/dji-avata-360-motion-fly-more-combo-including-rc-motion-3-goggles-n3\/#primaryimage\"},\"thumbnailUrl\":\"https:\/\/koningdrone.be\/wp-content\/uploads\/sites\/13\/2026\/03\/DJI-Product-Avata-360-Motion-Fly-More-Combo-including-RC-Motion-3-Goggles-N3.webp\",\"datePublished\":\"2026-04-03T16:11:36+00:00\",\"dateModified\":\"2026-04-29T02:31:02+00:00\",\"breadcrumb\":{\"@id\":\"https:\/\/koningdrone.be\/product\/dji-avata-360-motion-fly-more-combo-including-rc-motion-3-goggles-n3\/#breadcrumb\"},\"inLanguage\":\"fr-BE\",\"potentialAction\":[{\"@type\":\"ReadAction\",\"target\":[\"https:\/\/koningdrone.be\/product\/dji-avata-360-motion-fly-more-combo-including-rc-motion-3-goggles-n3\/\"]}]},{\"@type\":\"ImageObject\",\"inLanguage\":\"fr-BE\",\"@id\":\"https:\/\/koningdrone.be\/product\/dji-avata-360-motion-fly-more-combo-including-rc-motion-3-goggles-n3\/#primaryimage\",\"url\":\"https:\/\/koningdrone.be\/wp-content\/uploads\/sites\/13\/2026\/03\/DJI-Product-Avata-360-Motion-Fly-More-Combo-including-RC-Motion-3-Goggles-N3.webp\",\"contentUrl\":\"https:\/\/koningdrone.be\/wp-content\/uploads\/sites\/13\/2026\/03\/DJI-Product-Avata-360-Motion-Fly-More-Combo-including-RC-Motion-3-Goggles-N3.webp\",\"width\":2048,\"height\":2048},{\"@type\":\"BreadcrumbList\",\"@id\":\"https:\/\/koningdrone.be\/product\/dji-avata-360-motion-fly-more-combo-including-rc-motion-3-goggles-n3\/#breadcrumb\",\"itemListElement\":[{\"@type\":\"ListItem\",\"position\":1,\"name\":\"Home\",\"item\":\"https:\/\/koningdrone.be\/\"},{\"@type\":\"ListItem\",\"position\":2,\"name\":\"AVSS Parachute Recovery System for DJI Matrice 300\/350\",\"item\":\"https:\/\/koningdrone.be\/product\/avss-parachute-recovery-system-for-dji-matrice-300-350\/\"},{\"@type\":\"ListItem\",\"position\":3,\"name\":\"DJI Avata 360\",\"item\":\"https:\/\/koningdrone.be\/categorie\/dji-avata-360\/\"},{\"@type\":\"ListItem\",\"position\":4,\"name\":\"DJI Avata 360 &#8211; Motion Fly More Combo &#8211; including RC Motion 3 &amp; Goggles N3\"}]},{\"@type\":\"WebSite\",\"@id\":\"https:\/\/koningdrone.be\/#website\",\"url\":\"https:\/\/koningdrone.be\/\",\"name\":\"Koningdrone.be - Uw online specialist in drones, gimbals, camera's en power stations.\",\"description\":\"De webshop in drones en gimbals\",\"publisher\":{\"@id\":\"https:\/\/koningdrone.be\/#organization\"},\"potentialAction\":[{\"@type\":\"SearchAction\",\"target\":{\"@type\":\"EntryPoint\",\"urlTemplate\":\"https:\/\/koningdrone.be\/?s={search_term_string}\"},\"query-input\":{\"@type\":\"PropertyValueSpecification\",\"valueRequired\":true,\"valueName\":\"search_term_string\"}}],\"inLanguage\":\"fr-BE\"},{\"@type\":\"Organization\",\"@id\":\"https:\/\/koningdrone.be\/#organization\",\"name\":\"Koningdrone.be\",\"url\":\"https:\/\/koningdrone.be\/\",\"logo\":{\"@type\":\"ImageObject\",\"inLanguage\":\"fr-BE\",\"@id\":\"https:\/\/koningdrone.be\/#\/schema\/logo\/image\/\",\"url\":\"https:\/\/koningdrone.be\/wp-content\/uploads\/sites\/13\/2025\/04\/koningdrone-copyright-logo.svg\",\"contentUrl\":\"https:\/\/koningdrone.be\/wp-content\/uploads\/sites\/13\/2025\/04\/koningdrone-copyright-logo.svg\",\"width\":227,\"height\":38,\"caption\":\"Koningdrone.be\"},\"image\":{\"@id\":\"https:\/\/koningdrone.be\/#\/schema\/logo\/image\/\"}}]}<\/script>\n<!-- \/ Yoast SEO Premium plugin. -->","yoast_head_json":{"title":"DJI Avata 360 - Motion Fly More Combo - including RC Motion 3 &amp; Goggles N3 - koningdrone.be","robots":{"index":"index","follow":"follow","max-snippet":"max-snippet:-1","max-image-preview":"max-image-preview:large","max-video-preview":"max-video-preview:-1"},"canonical":"https:\/\/koningdrone.be\/fr\/produit\/dji-avata-360-motion-fly-more-combo-including-rc-motion-3-goggles-n3\/","og_locale":"fr_FR","og_type":"article","og_title":"DJI Avata 360 - Motion Fly More Combo - including RC Motion 3 &amp; Goggles N3","og_description":"Complete set met Goggles N3 en de bewegingsgevoelige RC Motion 3 controller  8K\/60fps HDR 360-graden opnames voor maximale creativiteit in de nabewerking  Intu\u00eftieve bewegingsbesturing die direct reageert op je handgebaren  Inclusief drie accu's en oplaadhub voor een hele dag ononderbroken vliegplezier  42GB interne opslag zodat je elk moment direct kunt vastleggen  Omnidirectionele detectie met LiDAR, effectief voor veilig vliegen in complexe omgevingen  O4+ systeem voor een stabiel beeldsignaal met hoge resolutie en lage vertraging \u2022 Easy ACRO-functionaliteit voor spectaculaire luchtmanoeuvres met \u00e9\u00e9n druk op de knop","og_url":"https:\/\/koningdrone.be\/fr\/produit\/dji-avata-360-motion-fly-more-combo-including-rc-motion-3-goggles-n3\/","og_site_name":"koningdrone.be","article_modified_time":"2026-04-29T02:31:02+00:00","og_image":[{"width":2048,"height":2048,"url":"https:\/\/koningdrone.be\/wp-content\/uploads\/sites\/13\/2026\/03\/DJI-Product-Avata-360-Motion-Fly-More-Combo-including-RC-Motion-3-Goggles-N3.webp","type":"image\/webp"}],"twitter_card":"summary_large_image","twitter_misc":{"Dur\u00e9e de lecture est.":"2 minutes"},"schema":{"@context":"https:\/\/schema.org","@graph":[{"@type":"WebPage","@id":"https:\/\/koningdrone.be\/product\/dji-avata-360-motion-fly-more-combo-including-rc-motion-3-goggles-n3\/","url":"https:\/\/koningdrone.be\/product\/dji-avata-360-motion-fly-more-combo-including-rc-motion-3-goggles-n3\/","name":"DJI Avata 360 - Motion Fly More Combo - including RC Motion 3 &amp; Goggles N3 - koningdrone.be","isPartOf":{"@id":"https:\/\/koningdrone.be\/#website"},"primaryImageOfPage":{"@id":"https:\/\/koningdrone.be\/product\/dji-avata-360-motion-fly-more-combo-including-rc-motion-3-goggles-n3\/#primaryimage"},"image":{"@id":"https:\/\/koningdrone.be\/product\/dji-avata-360-motion-fly-more-combo-including-rc-motion-3-goggles-n3\/#primaryimage"},"thumbnailUrl":"https:\/\/koningdrone.be\/wp-content\/uploads\/sites\/13\/2026\/03\/DJI-Product-Avata-360-Motion-Fly-More-Combo-including-RC-Motion-3-Goggles-N3.webp","datePublished":"2026-04-03T16:11:36+00:00","dateModified":"2026-04-29T02:31:02+00:00","breadcrumb":{"@id":"https:\/\/koningdrone.be\/product\/dji-avata-360-motion-fly-more-combo-including-rc-motion-3-goggles-n3\/#breadcrumb"},"inLanguage":"fr-BE","potentialAction":[{"@type":"ReadAction","target":["https:\/\/koningdrone.be\/product\/dji-avata-360-motion-fly-more-combo-including-rc-motion-3-goggles-n3\/"]}]},{"@type":"ImageObject","inLanguage":"fr-BE","@id":"https:\/\/koningdrone.be\/product\/dji-avata-360-motion-fly-more-combo-including-rc-motion-3-goggles-n3\/#primaryimage","url":"https:\/\/koningdrone.be\/wp-content\/uploads\/sites\/13\/2026\/03\/DJI-Product-Avata-360-Motion-Fly-More-Combo-including-RC-Motion-3-Goggles-N3.webp","contentUrl":"https:\/\/koningdrone.be\/wp-content\/uploads\/sites\/13\/2026\/03\/DJI-Product-Avata-360-Motion-Fly-More-Combo-including-RC-Motion-3-Goggles-N3.webp","width":2048,"height":2048},{"@type":"BreadcrumbList","@id":"https:\/\/koningdrone.be\/product\/dji-avata-360-motion-fly-more-combo-including-rc-motion-3-goggles-n3\/#breadcrumb","itemListElement":[{"@type":"ListItem","position":1,"name":"Home","item":"https:\/\/koningdrone.be\/"},{"@type":"ListItem","position":2,"name":"AVSS Parachute Recovery System for DJI Matrice 300\/350","item":"https:\/\/koningdrone.be\/product\/avss-parachute-recovery-system-for-dji-matrice-300-350\/"},{"@type":"ListItem","position":3,"name":"DJI Avata 360","item":"https:\/\/koningdrone.be\/categorie\/dji-avata-360\/"},{"@type":"ListItem","position":4,"name":"DJI Avata 360 &#8211; Motion Fly More Combo &#8211; including RC Motion 3 &amp; Goggles N3"}]},{"@type":"WebSite","@id":"https:\/\/koningdrone.be\/#website","url":"https:\/\/koningdrone.be\/","name":"Koningdrone.be - Votre sp\u00e9cialiste en ligne en mati\u00e8re de drones, de cardans, de cam\u00e9ras et de centrales \u00e9lectriques.","description":"La boutique en ligne de drones et de cardans","publisher":{"@id":"https:\/\/koningdrone.be\/#organization"},"potentialAction":[{"@type":"SearchAction","target":{"@type":"EntryPoint","urlTemplate":"https:\/\/koningdrone.be\/?s={search_term_string}"},"query-input":{"@type":"PropertyValueSpecification","valueRequired":true,"valueName":"search_term_string"}}],"inLanguage":"fr-BE"},{"@type":"Organization","@id":"https:\/\/koningdrone.be\/#organization","name":"Kingdrone.co.uk","url":"https:\/\/koningdrone.be\/","logo":{"@type":"ImageObject","inLanguage":"fr-BE","@id":"https:\/\/koningdrone.be\/#\/schema\/logo\/image\/","url":"https:\/\/koningdrone.be\/wp-content\/uploads\/sites\/13\/2025\/04\/koningdrone-copyright-logo.svg","contentUrl":"https:\/\/koningdrone.be\/wp-content\/uploads\/sites\/13\/2025\/04\/koningdrone-copyright-logo.svg","width":227,"height":38,"caption":"Koningdrone.be"},"image":{"@id":"https:\/\/koningdrone.be\/#\/schema\/logo\/image\/"}}]}},"df_price":930,"df_sale_price":"","df_regular_price":930,"df_image_link":"https:\/\/koningdrone.be\/wp-content\/uploads\/sites\/13\/2026\/03\/DJI-Product-Avata-360-Motion-Fly-More-Combo-including-RC-Motion-3-Goggles-N3-300x300.webp","_links":{"self":[{"href":"https:\/\/koningdrone.be\/fr\/wp-json\/wp\/v2\/product\/18015","targetHints":{"allow":["GET"]}}],"collection":[{"href":"https:\/\/koningdrone.be\/fr\/wp-json\/wp\/v2\/product"}],"about":[{"href":"https:\/\/koningdrone.be\/fr\/wp-json\/wp\/v2\/types\/product"}],"wp:featuredmedia":[{"embeddable":true,"href":"https:\/\/koningdrone.be\/fr\/wp-json\/wp\/v2\/media\/18017"}],"wp:attachment":[{"href":"https:\/\/koningdrone.be\/fr\/wp-json\/wp\/v2\/media?parent=18015"}],"wp:term":[{"taxonomy":"product_brand","embeddable":true,"href":"https:\/\/koningdrone.be\/fr\/wp-json\/wp\/v2\/product_brand?post=18015"},{"taxonomy":"product_cat","embeddable":true,"href":"https:\/\/koningdrone.be\/fr\/wp-json\/wp\/v2\/product_cat?post=18015"},{"taxonomy":"product_tag","embeddable":true,"href":"https:\/\/koningdrone.be\/fr\/wp-json\/wp\/v2\/product_tag?post=18015"}],"curies":[{"name":"wp","href":"https:\/\/api.w.org\/{rel}","templated":true}]}}