{"id":17996,"date":"2026-04-03T18:11:31","date_gmt":"2026-04-03T16:11:31","guid":{"rendered":"https:\/\/koningdrone.be\/?post_type=product&#038;p=17996"},"modified":"2026-04-29T12:40:25","modified_gmt":"2026-04-29T10:40:25","slug":"dji-avata-360-fly-more-combo-including-rc331-smart-controller","status":"publish","type":"product","link":"https:\/\/koningdrone.be\/fr\/produit\/dji-avata-360-fly-more-combo-including-rc331-smart-controller\/","title":{"rendered":"DJI Avata 360 - Fly More Combo - Incluant le contr\u00f4leur intelligent RC331"},"content":{"rendered":"<h3>DJI Avata 360 Fly More Combo : Libert\u00e9 maximale dans toutes les dimensions<\/h3>\n<p><iframe loading=\"lazy\" title=\"DJI Avata 360 - Au-dessus de tout, pour tout voir\" width=\"800\" height=\"450\" src=\"https:\/\/www.youtube.com\/embed\/LFZmfqA48ec?feature=oembed&#038;enablejsapi=1&#038;origin=https:\/\/koningdrone.be\" frameborder=\"0\" allow=\"accelerometer; autoplay; clipboard-write; encrypted-media; gyroscope; picture-in-picture; web-share\" referrerpolicy=\"strict-origin-when-cross-origin\" allowfullscreen><\/iframe><\/p>\n<p style=\"margin: 20px 0\">Le Combo DJI Avata 360 Fly More est le package ultime pour le cin\u00e9aste FPV s\u00e9rieux et le cr\u00e9ateur de contenu. Alors que les drones FPV traditionnels vous obligent \u00e0 choisir ce que vous voulez capturer pendant le vol, l'Avata 360 enregistre tout simplement tout. Gr\u00e2ce \u00e0 sa spectaculaire vid\u00e9o 8K 360\u00b0 et \u00e0 sa r\u00e9solution photo 120MP, vous ne manquerez plus jamais une prise de vue. Le Combo Fly More porte cette exp\u00e9rience \u00e0 un niveau professionnel en vous offrant la puissance de batterie suppl\u00e9mentaire essentielle pour les longues journ\u00e9es de tournage et les s\u00e9quences d'action r\u00e9p\u00e9tables. Il ne s'agit pas d'un simple drone, mais d'une solution de production compl\u00e8te qui r\u00e9\u00e9crit les lois de la cin\u00e9matographie traditionnelle.<\/p>\n<p><a href=\"https:\/\/koningdrone.nl\/wp-content\/uploads\/2026\/03\/Action-DJI-Product-Avata-360-Including-RC331-Smart-Controller-Fly-More-Combo.webp\"><img loading=\"lazy\" decoding=\"async\" class=\"aligncenter wp-image-470931 size-full\" src=\"https:\/\/koningdrone.nl\/wp-content\/uploads\/2026\/03\/Action-DJI-Product-Avata-360-Including-RC331-Smart-Controller-Fly-More-Combo.webp\" alt=\"Action DJI Product Avata 360 - Including RC331 Smart Controller - Fly More Combo\" width=\"1200\" height=\"800\" \/><\/a><\/p>\n<h4>R\u00e9solution illimit\u00e9e et flexibilit\u00e9 de la post-production<\/h4>\n<p>L'Avata 360 transforme la fa\u00e7on dont vous racontez des histoires depuis les airs :<\/p>\n<ul>\n<li><strong>Syst\u00e8me \u00e0 double cam\u00e9ra 120MP et 8K :<\/strong> Saisissez le monde dans ses moindres d\u00e9tails. Gr\u00e2ce \u00e0 la fonction photo de 120 m\u00e9gapixels et \u00e0 l'enregistrement vid\u00e9o 8K, vous disposez d'une r\u00e9solution suffisante pour zoomer sur des actions sp\u00e9cifiques lors du montage, sans perdre la qualit\u00e9 professionnelle de l'image.<\/li>\n<li><strong>Recadrage omnidirectionnel :<\/strong> \u201cVolez maintenant, choisissez plus tard\u201d. Comme le drone enregistre sur 360 degr\u00e9s, il est possible de simuler en post-production des mouvements de cam\u00e9ra fluides qui sont physiquement impossibles, comme une transition transparente d'une vue a\u00e9rienne \u00e0 un regard en arri\u00e8re sur le pilote.<\/li>\n<li><strong>S\u00e9curit\u00e9 FPV avec LiDAR :<\/strong> Naviguez en toute confiance dans les passages \u00e9troits et les structures complexes. Des capteurs intelligents surveillent le drone dans toutes les directions, ce qui vous permet de repousser les limites de vos comp\u00e9tences de pilotage avec un filet de s\u00e9curit\u00e9 int\u00e9gr\u00e9.<\/li>\n<\/ul>\n<p><a href=\"https:\/\/koningdrone.nl\/wp-content\/uploads\/2026\/03\/DJI-Avata-360-Fly-More-Combo-Including-RC331-Smart-Controller.webp\"><img loading=\"lazy\" decoding=\"async\" class=\"size-medium wp-image-470929 aligncenter\" src=\"https:\/\/koningdrone.nl\/wp-content\/uploads\/2026\/03\/DJI-Avata-360-Fly-More-Combo-Including-RC331-Smart-Controller-300x300.webp\" alt=\"DJI Avata 360 - Fly More Combo - Including RC331 Smart Controller\" width=\"300\" height=\"300\" \/><\/a><\/p>\n<h4>Fly More Endurance &amp; Cinewhoop Design<\/h4>\n<p>Con\u00e7u pour les productions intensives et les environnements difficiles :<\/p>\n<ul>\n<li><strong>Temps de vol prolong\u00e9 :<\/strong> Avec les batteries de vol intelligentes suppl\u00e9mentaires de ce combo, vous avez plus de <strong>70 minutes de temps de vol total<\/strong>. Vous disposez ainsi de l'espace n\u00e9cessaire pour perfectionner les trajectoires de vol, attendre les diff\u00e9rentes situations d'\u00e9clairage ou effectuer de longues visites \u00e0 l'int\u00e9rieur sans contrainte de temps.<\/li>\n<li><strong>Protection robuste de l'h\u00e9lice :<\/strong> Le design a\u00e9rodynamique du Cinewhoop avec des protections int\u00e9gr\u00e9es fait de l'Avata 360 le partenaire id\u00e9al pour le tir en int\u00e9rieur ou les vols \u00e0 proximit\u00e9 de personnes et d'objets. Une collision mineure n'entra\u00eene plus un crash, mais un vol pr\u00e9serv\u00e9.<\/li>\n<li><strong>O4 Transmission jusqu'\u00e0 20 km :<\/strong> Profitez d'une liaison vid\u00e9o extr\u00eamement stable et sans interf\u00e9rences. M\u00eame dans des environnements \u00e0 fort bruit de signal, le flux en direct reste clair comme du cristal, ce qui est essentiel pour la pr\u00e9cision qu'exige le vol FPV.<\/li>\n<\/ul>\n<p><a href=\"https:\/\/koningdrone.nl\/wp-content\/uploads\/2026\/03\/Product-DJI-Avata-360-Including-RC331-Smart-Controller-Fly-More-Combo.webp\"><img loading=\"lazy\" decoding=\"async\" class=\"size-medium wp-image-470920 aligncenter\" src=\"https:\/\/koningdrone.nl\/wp-content\/uploads\/2026\/03\/Product-DJI-Avata-360-Including-RC331-Smart-Controller-Fly-More-Combo-300x300.webp\" alt=\"Product DJI Avata 360 - Including RC331 Smart Controller - Fly More Combo\" width=\"300\" height=\"300\" \/><\/a><\/p>\n<h4>Pourquoi le Combo Fly More est indispensable<\/h4>\n<p>Le Combo DJI Avata 360 Fly More est le choix le plus judicieux pour les professionnels. Dans le monde du FPV, \u201c une batterie \u201d n'est jamais suffisante ; les cellules suppl\u00e9mentaires et le concentrateur de charge vous permettent de maintenir un processus continu sur le plateau. Que vous tourniez des vid\u00e9os immobili\u00e8res spectaculaires, des sports extr\u00eames ou des documentaires immersifs, ce combo offre la s\u00e9curit\u00e9, la r\u00e9solution et la souverainet\u00e9 cr\u00e9ative n\u00e9cessaires pour produire un contenu qui \u00e9tonne le reste du monde.<\/p>","protected":false},"excerpt":{"rendered":"<ul>\n<li>Ensemble complet avec trois piles et un sac de transport pour faciliter le transport.<\/li>\n<li>Vid\u00e9o HDR 8K\/60fps o\u00f9 le drone lui-m\u00eame reste compl\u00e8tement invisible<\/li>\n<li>Concentrateur de charge bidirectionnel permettant une charge parall\u00e8le pour des temps de recharge rapides<\/li>\n<li>Protection omnidirectionnelle par LiDAR pour voler en toute s\u00e9curit\u00e9 dans n'importe quelle direction<\/li>\n<li>ActiveTrack 360 degr\u00e9s pour un suivi professionnel des images de diff\u00e9rents sujets<\/li>\n<li>Transmission O4+ pour une connexion stable jusqu'\u00e0 10 km en Europe<\/li>\n<li>Stockage interne de 42 Go et Wi-Fi 6 pour des transferts de fichiers sans fil \u00e0 la vitesse de l'\u00e9clair<\/li>\n<li>Inclut le DJI RC331 pour un contr\u00f4le pr\u00e9cis et une image instantan\u00e9e \u00e0 l'\u00e9cran<\/li>\n<\/ul>","protected":false},"featured_media":17999,"template":"","meta":{"_acf_changed":false},"product_brand":[],"product_cat":[1838],"product_tag":[],"class_list":{"0":"post-17996","1":"product","2":"type-product","3":"status-publish","4":"has-post-thumbnail","6":"product_cat-dji-avata-360","7":"product_shipping_class-outofstock","8":"pa_brand-dji","9":"pa_producttype-enterprise-drone","10":"pa_series-avata","12":"first","13":"outofstock","14":"taxable","15":"shipping-taxable","16":"product-type-simple"},"acf":[],"yoast_head":"<!-- This site is optimized with the Yoast SEO Premium plugin v27.2 (Yoast SEO v27.2) - https:\/\/yoast.com\/product\/yoast-seo-premium-wordpress\/ -->\n<title>DJI Avata 360 - Fly More Combo - Including RC331 Smart Controller - koningdrone.be<\/title>\n<meta name=\"robots\" content=\"index, follow, max-snippet:-1, max-image-preview:large, max-video-preview:-1\" \/>\n<link rel=\"canonical\" href=\"https:\/\/koningdrone.be\/fr\/produit\/dji-avata-360-fly-more-combo-including-rc331-smart-controller\/\" \/>\n<meta property=\"og:locale\" content=\"fr_FR\" \/>\n<meta property=\"og:type\" content=\"article\" \/>\n<meta property=\"og:title\" content=\"DJI Avata 360 - Fly More Combo - Including RC331 Smart Controller\" \/>\n<meta property=\"og:description\" content=\"Complete set met drie accu&#039;s en een Sling Bag voor gemakkelijk transport  8K\/60fps HDR video waarbij de drone zelf volledig onzichtbaar blijft  Two-Way Charging Hub die parallel laden ondersteunt voor snelle herlaadtijden  Omnidirectionele beveiliging via LiDAR voor veilig vliegen in elke richting  ActiveTrack 360 graden voor professionele volgbeelden van diverse onderwerpen  O4+ transmissie voor een stabiele verbinding tot 10km afstand in Europa  42GB interne opslag en Wi-Fi 6 voor razendsnelle draadloze bestandsoverdracht  Inclusief DJI RC331 voor nauwkeurige bediening en direct livebeeld op het scherm\" \/>\n<meta property=\"og:url\" content=\"https:\/\/koningdrone.be\/fr\/produit\/dji-avata-360-fly-more-combo-including-rc331-smart-controller\/\" \/>\n<meta property=\"og:site_name\" content=\"koningdrone.be\" \/>\n<meta property=\"article:modified_time\" content=\"2026-04-29T10:40:25+00:00\" \/>\n<meta property=\"og:image\" content=\"https:\/\/koningdrone.be\/wp-content\/uploads\/sites\/13\/2026\/03\/DJI-Avata-360-Fly-More-Combo-Including-RC331-Smart-Controller.webp\" \/>\n\t<meta property=\"og:image:width\" content=\"2048\" \/>\n\t<meta property=\"og:image:height\" content=\"2048\" \/>\n\t<meta property=\"og:image:type\" content=\"image\/webp\" \/>\n<meta name=\"twitter:card\" content=\"summary_large_image\" \/>\n<meta name=\"twitter:label1\" content=\"Dur\u00e9e de lecture est.\" \/>\n\t<meta name=\"twitter:data1\" content=\"2 minutes\" \/>\n<script type=\"application\/ld+json\" class=\"yoast-schema-graph\">{\"@context\":\"https:\/\/schema.org\",\"@graph\":[{\"@type\":\"WebPage\",\"@id\":\"https:\/\/koningdrone.be\/product\/dji-avata-360-fly-more-combo-including-rc331-smart-controller\/\",\"url\":\"https:\/\/koningdrone.be\/product\/dji-avata-360-fly-more-combo-including-rc331-smart-controller\/\",\"name\":\"DJI Avata 360 - Fly More Combo - Including RC331 Smart Controller - koningdrone.be\",\"isPartOf\":{\"@id\":\"https:\/\/koningdrone.be\/#website\"},\"primaryImageOfPage\":{\"@id\":\"https:\/\/koningdrone.be\/product\/dji-avata-360-fly-more-combo-including-rc331-smart-controller\/#primaryimage\"},\"image\":{\"@id\":\"https:\/\/koningdrone.be\/product\/dji-avata-360-fly-more-combo-including-rc331-smart-controller\/#primaryimage\"},\"thumbnailUrl\":\"https:\/\/koningdrone.be\/wp-content\/uploads\/sites\/13\/2026\/03\/DJI-Avata-360-Fly-More-Combo-Including-RC331-Smart-Controller.webp\",\"datePublished\":\"2026-04-03T16:11:31+00:00\",\"dateModified\":\"2026-04-29T10:40:25+00:00\",\"breadcrumb\":{\"@id\":\"https:\/\/koningdrone.be\/product\/dji-avata-360-fly-more-combo-including-rc331-smart-controller\/#breadcrumb\"},\"inLanguage\":\"fr-BE\",\"potentialAction\":[{\"@type\":\"ReadAction\",\"target\":[\"https:\/\/koningdrone.be\/product\/dji-avata-360-fly-more-combo-including-rc331-smart-controller\/\"]}]},{\"@type\":\"ImageObject\",\"inLanguage\":\"fr-BE\",\"@id\":\"https:\/\/koningdrone.be\/product\/dji-avata-360-fly-more-combo-including-rc331-smart-controller\/#primaryimage\",\"url\":\"https:\/\/koningdrone.be\/wp-content\/uploads\/sites\/13\/2026\/03\/DJI-Avata-360-Fly-More-Combo-Including-RC331-Smart-Controller.webp\",\"contentUrl\":\"https:\/\/koningdrone.be\/wp-content\/uploads\/sites\/13\/2026\/03\/DJI-Avata-360-Fly-More-Combo-Including-RC331-Smart-Controller.webp\",\"width\":2048,\"height\":2048},{\"@type\":\"BreadcrumbList\",\"@id\":\"https:\/\/koningdrone.be\/product\/dji-avata-360-fly-more-combo-including-rc331-smart-controller\/#breadcrumb\",\"itemListElement\":[{\"@type\":\"ListItem\",\"position\":1,\"name\":\"Home\",\"item\":\"https:\/\/koningdrone.be\/\"},{\"@type\":\"ListItem\",\"position\":2,\"name\":\"AVSS Parachute Recovery System for DJI Matrice 300\/350\",\"item\":\"https:\/\/koningdrone.be\/product\/avss-parachute-recovery-system-for-dji-matrice-300-350\/\"},{\"@type\":\"ListItem\",\"position\":3,\"name\":\"DJI Avata 360\",\"item\":\"https:\/\/koningdrone.be\/categorie\/dji-avata-360\/\"},{\"@type\":\"ListItem\",\"position\":4,\"name\":\"DJI Avata 360 &#8211; Fly More Combo &#8211; Including RC331 Smart Controller\"}]},{\"@type\":\"WebSite\",\"@id\":\"https:\/\/koningdrone.be\/#website\",\"url\":\"https:\/\/koningdrone.be\/\",\"name\":\"Koningdrone.be - Uw online specialist in drones, gimbals, camera's en power stations.\",\"description\":\"De webshop in drones en gimbals\",\"publisher\":{\"@id\":\"https:\/\/koningdrone.be\/#organization\"},\"potentialAction\":[{\"@type\":\"SearchAction\",\"target\":{\"@type\":\"EntryPoint\",\"urlTemplate\":\"https:\/\/koningdrone.be\/?s={search_term_string}\"},\"query-input\":{\"@type\":\"PropertyValueSpecification\",\"valueRequired\":true,\"valueName\":\"search_term_string\"}}],\"inLanguage\":\"fr-BE\"},{\"@type\":\"Organization\",\"@id\":\"https:\/\/koningdrone.be\/#organization\",\"name\":\"Koningdrone.be\",\"url\":\"https:\/\/koningdrone.be\/\",\"logo\":{\"@type\":\"ImageObject\",\"inLanguage\":\"fr-BE\",\"@id\":\"https:\/\/koningdrone.be\/#\/schema\/logo\/image\/\",\"url\":\"https:\/\/koningdrone.be\/wp-content\/uploads\/sites\/13\/2025\/04\/koningdrone-copyright-logo.svg\",\"contentUrl\":\"https:\/\/koningdrone.be\/wp-content\/uploads\/sites\/13\/2025\/04\/koningdrone-copyright-logo.svg\",\"width\":227,\"height\":38,\"caption\":\"Koningdrone.be\"},\"image\":{\"@id\":\"https:\/\/koningdrone.be\/#\/schema\/logo\/image\/\"}}]}<\/script>\n<!-- \/ Yoast SEO Premium plugin. -->","yoast_head_json":{"title":"DJI Avata 360 - Fly More Combo - Including RC331 Smart Controller - koningdrone.be","robots":{"index":"index","follow":"follow","max-snippet":"max-snippet:-1","max-image-preview":"max-image-preview:large","max-video-preview":"max-video-preview:-1"},"canonical":"https:\/\/koningdrone.be\/fr\/produit\/dji-avata-360-fly-more-combo-including-rc331-smart-controller\/","og_locale":"fr_FR","og_type":"article","og_title":"DJI Avata 360 - Fly More Combo - Including RC331 Smart Controller","og_description":"Complete set met drie accu's en een Sling Bag voor gemakkelijk transport  8K\/60fps HDR video waarbij de drone zelf volledig onzichtbaar blijft  Two-Way Charging Hub die parallel laden ondersteunt voor snelle herlaadtijden  Omnidirectionele beveiliging via LiDAR voor veilig vliegen in elke richting  ActiveTrack 360 graden voor professionele volgbeelden van diverse onderwerpen  O4+ transmissie voor een stabiele verbinding tot 10km afstand in Europa  42GB interne opslag en Wi-Fi 6 voor razendsnelle draadloze bestandsoverdracht  Inclusief DJI RC331 voor nauwkeurige bediening en direct livebeeld op het scherm","og_url":"https:\/\/koningdrone.be\/fr\/produit\/dji-avata-360-fly-more-combo-including-rc331-smart-controller\/","og_site_name":"koningdrone.be","article_modified_time":"2026-04-29T10:40:25+00:00","og_image":[{"width":2048,"height":2048,"url":"https:\/\/koningdrone.be\/wp-content\/uploads\/sites\/13\/2026\/03\/DJI-Avata-360-Fly-More-Combo-Including-RC331-Smart-Controller.webp","type":"image\/webp"}],"twitter_card":"summary_large_image","twitter_misc":{"Dur\u00e9e de lecture est.":"2 minutes"},"schema":{"@context":"https:\/\/schema.org","@graph":[{"@type":"WebPage","@id":"https:\/\/koningdrone.be\/product\/dji-avata-360-fly-more-combo-including-rc331-smart-controller\/","url":"https:\/\/koningdrone.be\/product\/dji-avata-360-fly-more-combo-including-rc331-smart-controller\/","name":"DJI Avata 360 - Fly More Combo - Including RC331 Smart Controller - koningdrone.be","isPartOf":{"@id":"https:\/\/koningdrone.be\/#website"},"primaryImageOfPage":{"@id":"https:\/\/koningdrone.be\/product\/dji-avata-360-fly-more-combo-including-rc331-smart-controller\/#primaryimage"},"image":{"@id":"https:\/\/koningdrone.be\/product\/dji-avata-360-fly-more-combo-including-rc331-smart-controller\/#primaryimage"},"thumbnailUrl":"https:\/\/koningdrone.be\/wp-content\/uploads\/sites\/13\/2026\/03\/DJI-Avata-360-Fly-More-Combo-Including-RC331-Smart-Controller.webp","datePublished":"2026-04-03T16:11:31+00:00","dateModified":"2026-04-29T10:40:25+00:00","breadcrumb":{"@id":"https:\/\/koningdrone.be\/product\/dji-avata-360-fly-more-combo-including-rc331-smart-controller\/#breadcrumb"},"inLanguage":"fr-BE","potentialAction":[{"@type":"ReadAction","target":["https:\/\/koningdrone.be\/product\/dji-avata-360-fly-more-combo-including-rc331-smart-controller\/"]}]},{"@type":"ImageObject","inLanguage":"fr-BE","@id":"https:\/\/koningdrone.be\/product\/dji-avata-360-fly-more-combo-including-rc331-smart-controller\/#primaryimage","url":"https:\/\/koningdrone.be\/wp-content\/uploads\/sites\/13\/2026\/03\/DJI-Avata-360-Fly-More-Combo-Including-RC331-Smart-Controller.webp","contentUrl":"https:\/\/koningdrone.be\/wp-content\/uploads\/sites\/13\/2026\/03\/DJI-Avata-360-Fly-More-Combo-Including-RC331-Smart-Controller.webp","width":2048,"height":2048},{"@type":"BreadcrumbList","@id":"https:\/\/koningdrone.be\/product\/dji-avata-360-fly-more-combo-including-rc331-smart-controller\/#breadcrumb","itemListElement":[{"@type":"ListItem","position":1,"name":"Home","item":"https:\/\/koningdrone.be\/"},{"@type":"ListItem","position":2,"name":"AVSS Parachute Recovery System for DJI Matrice 300\/350","item":"https:\/\/koningdrone.be\/product\/avss-parachute-recovery-system-for-dji-matrice-300-350\/"},{"@type":"ListItem","position":3,"name":"DJI Avata 360","item":"https:\/\/koningdrone.be\/categorie\/dji-avata-360\/"},{"@type":"ListItem","position":4,"name":"DJI Avata 360 &#8211; Fly More Combo &#8211; Including RC331 Smart Controller"}]},{"@type":"WebSite","@id":"https:\/\/koningdrone.be\/#website","url":"https:\/\/koningdrone.be\/","name":"Koningdrone.be - Votre sp\u00e9cialiste en ligne en mati\u00e8re de drones, de cardans, de cam\u00e9ras et de centrales \u00e9lectriques.","description":"La boutique en ligne de drones et de cardans","publisher":{"@id":"https:\/\/koningdrone.be\/#organization"},"potentialAction":[{"@type":"SearchAction","target":{"@type":"EntryPoint","urlTemplate":"https:\/\/koningdrone.be\/?s={search_term_string}"},"query-input":{"@type":"PropertyValueSpecification","valueRequired":true,"valueName":"search_term_string"}}],"inLanguage":"fr-BE"},{"@type":"Organization","@id":"https:\/\/koningdrone.be\/#organization","name":"Kingdrone.co.uk","url":"https:\/\/koningdrone.be\/","logo":{"@type":"ImageObject","inLanguage":"fr-BE","@id":"https:\/\/koningdrone.be\/#\/schema\/logo\/image\/","url":"https:\/\/koningdrone.be\/wp-content\/uploads\/sites\/13\/2025\/04\/koningdrone-copyright-logo.svg","contentUrl":"https:\/\/koningdrone.be\/wp-content\/uploads\/sites\/13\/2025\/04\/koningdrone-copyright-logo.svg","width":227,"height":38,"caption":"Koningdrone.be"},"image":{"@id":"https:\/\/koningdrone.be\/#\/schema\/logo\/image\/"}}]}},"df_price":"","df_sale_price":"","df_regular_price":"","df_image_link":"https:\/\/koningdrone.be\/wp-content\/uploads\/sites\/13\/2026\/03\/DJI-Avata-360-Fly-More-Combo-Including-RC331-Smart-Controller-300x300.webp","_links":{"self":[{"href":"https:\/\/koningdrone.be\/fr\/wp-json\/wp\/v2\/product\/17996","targetHints":{"allow":["GET"]}}],"collection":[{"href":"https:\/\/koningdrone.be\/fr\/wp-json\/wp\/v2\/product"}],"about":[{"href":"https:\/\/koningdrone.be\/fr\/wp-json\/wp\/v2\/types\/product"}],"wp:featuredmedia":[{"embeddable":true,"href":"https:\/\/koningdrone.be\/fr\/wp-json\/wp\/v2\/media\/17999"}],"wp:attachment":[{"href":"https:\/\/koningdrone.be\/fr\/wp-json\/wp\/v2\/media?parent=17996"}],"wp:term":[{"taxonomy":"product_brand","embeddable":true,"href":"https:\/\/koningdrone.be\/fr\/wp-json\/wp\/v2\/product_brand?post=17996"},{"taxonomy":"product_cat","embeddable":true,"href":"https:\/\/koningdrone.be\/fr\/wp-json\/wp\/v2\/product_cat?post=17996"},{"taxonomy":"product_tag","embeddable":true,"href":"https:\/\/koningdrone.be\/fr\/wp-json\/wp\/v2\/product_tag?post=17996"}],"curies":[{"name":"wp","href":"https:\/\/api.w.org\/{rel}","templated":true}]}}