{"id":17979,"date":"2026-04-03T18:11:27","date_gmt":"2026-04-03T16:11:27","guid":{"rendered":"https:\/\/koningdrone.be\/?post_type=product&#038;p=17979"},"modified":"2026-04-29T04:31:01","modified_gmt":"2026-04-29T02:31:01","slug":"dji-avata-360-including-rc331-smart-controller","status":"publish","type":"product","link":"https:\/\/koningdrone.be\/fr\/produit\/dji-avata-360-including-rc331-smart-controller\/","title":{"rendered":"DJI Avata 360 - Incluant le contr\u00f4leur intelligent RC331"},"content":{"rendered":"<h3>DJI Avata 360 : La r\u00e9volution du contenu FPV immersif<\/h3>\n<p><iframe loading=\"lazy\" title=\"DJI Avata 360 - Au-dessus de tout, pour tout voir\" width=\"800\" height=\"450\" src=\"https:\/\/www.youtube.com\/embed\/LFZmfqA48ec?feature=oembed&#038;enablejsapi=1&#038;origin=https:\/\/koningdrone.be\" frameborder=\"0\" allow=\"accelerometer; autoplay; clipboard-write; encrypted-media; gyroscope; picture-in-picture; web-share\" referrerpolicy=\"strict-origin-when-cross-origin\" allowfullscreen><\/iframe><\/p>\n<p style=\"margin: 20px 0\">Le DJI Avata 360 avec RC331 Smart Controller ouvre une nouvelle dimension pour les cin\u00e9astes et les pilotes FPV. Cet appareil combine l'agilit\u00e9 d'un Cinewhoop avec les possibilit\u00e9s illimit\u00e9es de la technologie d'enregistrement \u00e0 360\u00b0. Alors que les drones traditionnels sont limit\u00e9s \u00e0 une seule direction de vue, l'Avata 360 capture tout ce qui l'entoure dans une r\u00e9solution \u00e9poustouflante. Cela signifie que vous pouvez vous concentrer pleinement sur le vol \u00e0 travers des espaces \u00e9troits et des environnements complexes en vol, tout en choisissant l'angle de cam\u00e9ra parfait en post-production. Avec le contr\u00f4leur intelligent RC331 inclus, vous disposez d'une vue instantan\u00e9e et claire, sans avoir besoin d'\u00e9crans ou de smartphones suppl\u00e9mentaires.<\/p>\n<p><a href=\"https:\/\/koningdrone.nl\/wp-content\/uploads\/2026\/03\/Product-Action-DJI-Avata-360-Including-RC331-Smart-Controller.webp\"><img loading=\"lazy\" decoding=\"async\" class=\"aligncenter wp-image-470878 size-full\" src=\"https:\/\/koningdrone.nl\/wp-content\/uploads\/2026\/03\/Product-Action-DJI-Avata-360-Including-RC331-Smart-Controller.webp\" alt=\"Product Action DJI Avata 360 - Including RC331 Smart Controller\" width=\"1200\" height=\"800\" \/><\/a><\/p>\n<h4>Puissance 8K \u00e0 double capteur et r\u00e9alignement illimit\u00e9<\/h4>\n<p>L'Avata 360 est une centrale visuelle qui r\u00e9\u00e9crit les r\u00e8gles de la composition :<\/p>\n<ul>\n<li><strong>Capture 8K \u00e0 double capteur :<\/strong> Gr\u00e2ce \u00e0 des doubles capteurs plac\u00e9s strat\u00e9giquement, le drone capture des images en <strong>R\u00e9solution 8K<\/strong>. Cela garantit une nettet\u00e9 sans pr\u00e9c\u00e9dent, m\u00eame apr\u00e8s avoir s\u00e9lectionn\u00e9 une partie sp\u00e9cifique de l'image \u00e0 360\u00b0 pour un \u00e9cran large standard ou un format vertical.<\/li>\n<li><strong>Encadrement apr\u00e8s le vol :<\/strong> \u201cTirez d'abord, pointez ensuite\u201d. Plus jamais vous ne manquerez une prise de vue parce que le drone regardait dans la mauvaise direction. Au montage, vous pouvez ajouter des panoramiques, des inclinaisons et des zooms fluides \u00e0 vos s\u00e9quences, ce qui permet d'obtenir des mouvements de cam\u00e9ra impossibles \u00e0 r\u00e9aliser avec un drone standard.<\/li>\n<li><strong>Immersion FPV en toute s\u00e9curit\u00e9 :<\/strong> Vivez les sensations du vol depuis le cockpit. Gr\u00e2ce \u00e0 des performances de vol stables et \u00e0 la d\u00e9tection intelligente des obstacles, vous pouvez naviguer dans des espaces restreints en toute confiance, le drone vous aidant \u00e0 \u00e9viter les collisions.<\/li>\n<\/ul>\n<p><a href=\"https:\/\/koningdrone.nl\/wp-content\/uploads\/2026\/03\/DJI-Avata-360-Product-Including-RC331-Smart-Controller.webp\"><img loading=\"lazy\" decoding=\"async\" class=\"size-medium wp-image-470886 aligncenter\" src=\"https:\/\/koningdrone.nl\/wp-content\/uploads\/2026\/03\/DJI-Avata-360-Product-Including-RC331-Smart-Controller-300x300.webp\" alt=\"DJI Avata 360 Product - Including RC331 Smart Controller\" width=\"300\" height=\"300\" \/><\/a><\/p>\n<h4>Conception robuste du Cinewhoop et commandes intuitives<\/h4>\n<p>Con\u00e7u pour \u00eatre utilis\u00e9 \u00e0 l'int\u00e9rieur comme \u00e0 l'ext\u00e9rieur :<\/p>\n<ul>\n<li><strong>Protection int\u00e9gr\u00e9e de l'h\u00e9lice :<\/strong> Gr\u00e2ce \u00e0 son cadre protecteur distinctif, l'Avata 360 est parfait pour les vols \u00e0 proximit\u00e9 d'objets, de personnes ou \u00e0 l'int\u00e9rieur. Un petit contact avec un mur ne signifie plus la fin de votre vol.<\/li>\n<li><strong>Contr\u00f4leur intelligent RC331 :<\/strong> Le contr\u00f4leur fourni est dot\u00e9 d'un <strong>\u00e9cran int\u00e9gr\u00e9 ultra-lumineux<\/strong>. Cela garantit un d\u00e9lai minimal dans le flux vid\u00e9o et une fiabilit\u00e9 maximale, vous donnant un contr\u00f4le total sur votre trajectoire de vol pendant que les capteurs 360\u00b0 font leur travail.<\/li>\n<li><strong>Temps de vol de plus de 20 minutes :<\/strong> Pour un drone FPV de ce calibre, l'Avata 360 offre une endurance impressionnante. Vous avez largement le temps d'effectuer des parcours complexes et de capturer plusieurs angles en un seul vol.<\/li>\n<\/ul>\n<p><a href=\"https:\/\/koningdrone.nl\/wp-content\/uploads\/2026\/03\/Avata-360-DJI-Product-Including-RC331-Smart-Controller.webp\"><img loading=\"lazy\" decoding=\"async\" class=\"size-medium wp-image-470880 aligncenter\" src=\"https:\/\/koningdrone.nl\/wp-content\/uploads\/2026\/03\/Avata-360-DJI-Product-Including-RC331-Smart-Controller-300x300.webp\" alt=\"Avata 360 DJI - Product Including RC331 Smart Controller\" width=\"300\" height=\"300\" \/><\/a><\/p>\n<h4>Pourquoi la DJI Avata 360 est indispensable<\/h4>\n<p>La DJI Avata 360 est l'outil ultime pour les cr\u00e9ateurs de contenu qui cherchent \u00e0 repousser les limites des m\u00e9dias sociaux et de la vid\u00e9ographie professionnelle. Il \u00e9limine le stress li\u00e9 \u00e0 la n\u00e9cessit\u00e9 de viser parfaitement votre cam\u00e9ra pendant les moments d'action rapides. Que vous fassiez une visite dynamique d'un b\u00e2timent ou que vous filmiez une course-poursuite \u00e0 grande vitesse, l'Avata 360 garantit que vous aurez toujours la prise de vue parfaite, tout simplement parce qu'elle voit tout. C'est un investissement \u00e0 l'\u00e9preuve du temps dans la libert\u00e9 de cr\u00e9ation.<\/p>","protected":false},"excerpt":{"rendered":"<ul>\n<li>Vid\u00e9o HDR 8K\/60fps et photos \u00e0 360 degr\u00e9s 120MP pour des d\u00e9tails extr\u00eames<\/li>\n<li>Deux capteurs de 1\/1,1 pouce offrant une gamme dynamique \u00e9lev\u00e9e<\/li>\n<li>D\u00e9tection omnidirectionnelle des obstacles avec LiDAR orient\u00e9 vers l'avant pour une s\u00e9curit\u00e9 maximale<\/li>\n<li>Jusqu'\u00e0 23 minutes d'autonomie de vol par batterie pour rester en l'air plus longtemps<\/li>\n<li>M\u00e9moire interne de 42 Go permettant d'enregistrer directement sans carte externe<\/li>\n<li>O4+ Transmission vid\u00e9o Full HD avec une port\u00e9e allant jusqu'\u00e0 10 km en Europe<\/li>\n<li>Comprend un contr\u00f4leur DJI RC331 avec \u00e9cran int\u00e9gr\u00e9 pour une utilisation instantan\u00e9e et pr\u00e9cise.<\/li>\n<\/ul>","protected":false},"featured_media":17981,"template":"","meta":{"_acf_changed":false},"product_brand":[],"product_cat":[1838],"product_tag":[],"class_list":{"0":"post-17979","1":"product","2":"type-product","3":"status-publish","4":"has-post-thumbnail","6":"product_cat-dji-avata-360","7":"product_shipping_class-dronelandall","8":"pa_brand-dji","9":"pa_producttype-enterprise-drone","10":"pa_series-avata","12":"first","13":"instock","14":"taxable","15":"shipping-taxable","16":"purchasable","17":"product-type-simple"},"acf":[],"yoast_head":"<!-- This site is optimized with the Yoast SEO Premium plugin v27.2 (Yoast SEO v27.2) - https:\/\/yoast.com\/product\/yoast-seo-premium-wordpress\/ -->\n<title>DJI Avata 360 - Including RC331 Smart Controller - koningdrone.be<\/title>\n<meta name=\"robots\" content=\"index, follow, max-snippet:-1, max-image-preview:large, max-video-preview:-1\" \/>\n<link rel=\"canonical\" href=\"https:\/\/koningdrone.be\/fr\/produit\/dji-avata-360-including-rc331-smart-controller\/\" \/>\n<meta property=\"og:locale\" content=\"fr_FR\" \/>\n<meta property=\"og:type\" content=\"article\" \/>\n<meta property=\"og:title\" content=\"DJI Avata 360 - Including RC331 Smart Controller\" \/>\n<meta property=\"og:description\" content=\"8K\/60fps HDR video en 120MP 360-graden foto&#039;s voor extreem veel detail  Twee 1\/1.1-inch sensoren die zorgen voor een hoog dynamisch bereik  Omnidirectionele obstakeldetectie met forward-facing LiDAR voor maximale veiligheid  Tot 23 minuten vliegtijd per accu om langer in de lucht te kunnen blijven  42GB intern geheugen zodat je direct kunt opnemen zonder externe kaart  O4+ Full HD videotransmissie met een bereik tot 10km in Europa  Inclusief DJI RC331 controller met ingebouwd scherm voor direct en nauwkeurig gebruik\" \/>\n<meta property=\"og:url\" content=\"https:\/\/koningdrone.be\/fr\/produit\/dji-avata-360-including-rc331-smart-controller\/\" \/>\n<meta property=\"og:site_name\" content=\"koningdrone.be\" \/>\n<meta property=\"article:modified_time\" content=\"2026-04-29T02:31:01+00:00\" \/>\n<meta property=\"og:image\" content=\"https:\/\/koningdrone.be\/wp-content\/uploads\/sites\/13\/2026\/03\/DJI-Avata-360-Including-RC331-Smart-Controller.webp\" \/>\n\t<meta property=\"og:image:width\" content=\"2048\" \/>\n\t<meta property=\"og:image:height\" content=\"2048\" \/>\n\t<meta property=\"og:image:type\" content=\"image\/webp\" \/>\n<meta name=\"twitter:card\" content=\"summary_large_image\" \/>\n<meta name=\"twitter:label1\" content=\"Dur\u00e9e de lecture est.\" \/>\n\t<meta name=\"twitter:data1\" content=\"2 minutes\" \/>\n<script type=\"application\/ld+json\" class=\"yoast-schema-graph\">{\"@context\":\"https:\/\/schema.org\",\"@graph\":[{\"@type\":\"WebPage\",\"@id\":\"https:\/\/koningdrone.be\/product\/dji-avata-360-including-rc331-smart-controller\/\",\"url\":\"https:\/\/koningdrone.be\/product\/dji-avata-360-including-rc331-smart-controller\/\",\"name\":\"DJI Avata 360 - Including RC331 Smart Controller - koningdrone.be\",\"isPartOf\":{\"@id\":\"https:\/\/koningdrone.be\/#website\"},\"primaryImageOfPage\":{\"@id\":\"https:\/\/koningdrone.be\/product\/dji-avata-360-including-rc331-smart-controller\/#primaryimage\"},\"image\":{\"@id\":\"https:\/\/koningdrone.be\/product\/dji-avata-360-including-rc331-smart-controller\/#primaryimage\"},\"thumbnailUrl\":\"https:\/\/koningdrone.be\/wp-content\/uploads\/sites\/13\/2026\/03\/DJI-Avata-360-Including-RC331-Smart-Controller.webp\",\"datePublished\":\"2026-04-03T16:11:27+00:00\",\"dateModified\":\"2026-04-29T02:31:01+00:00\",\"breadcrumb\":{\"@id\":\"https:\/\/koningdrone.be\/product\/dji-avata-360-including-rc331-smart-controller\/#breadcrumb\"},\"inLanguage\":\"fr-BE\",\"potentialAction\":[{\"@type\":\"ReadAction\",\"target\":[\"https:\/\/koningdrone.be\/product\/dji-avata-360-including-rc331-smart-controller\/\"]}]},{\"@type\":\"ImageObject\",\"inLanguage\":\"fr-BE\",\"@id\":\"https:\/\/koningdrone.be\/product\/dji-avata-360-including-rc331-smart-controller\/#primaryimage\",\"url\":\"https:\/\/koningdrone.be\/wp-content\/uploads\/sites\/13\/2026\/03\/DJI-Avata-360-Including-RC331-Smart-Controller.webp\",\"contentUrl\":\"https:\/\/koningdrone.be\/wp-content\/uploads\/sites\/13\/2026\/03\/DJI-Avata-360-Including-RC331-Smart-Controller.webp\",\"width\":2048,\"height\":2048},{\"@type\":\"BreadcrumbList\",\"@id\":\"https:\/\/koningdrone.be\/product\/dji-avata-360-including-rc331-smart-controller\/#breadcrumb\",\"itemListElement\":[{\"@type\":\"ListItem\",\"position\":1,\"name\":\"Home\",\"item\":\"https:\/\/koningdrone.be\/\"},{\"@type\":\"ListItem\",\"position\":2,\"name\":\"AVSS Parachute Recovery System for DJI Matrice 300\/350\",\"item\":\"https:\/\/koningdrone.be\/product\/avss-parachute-recovery-system-for-dji-matrice-300-350\/\"},{\"@type\":\"ListItem\",\"position\":3,\"name\":\"DJI Avata 360\",\"item\":\"https:\/\/koningdrone.be\/categorie\/dji-avata-360\/\"},{\"@type\":\"ListItem\",\"position\":4,\"name\":\"DJI Avata 360 &#8211; Including RC331 Smart Controller\"}]},{\"@type\":\"WebSite\",\"@id\":\"https:\/\/koningdrone.be\/#website\",\"url\":\"https:\/\/koningdrone.be\/\",\"name\":\"Koningdrone.be - Uw online specialist in drones, gimbals, camera's en power stations.\",\"description\":\"De webshop in drones en gimbals\",\"publisher\":{\"@id\":\"https:\/\/koningdrone.be\/#organization\"},\"potentialAction\":[{\"@type\":\"SearchAction\",\"target\":{\"@type\":\"EntryPoint\",\"urlTemplate\":\"https:\/\/koningdrone.be\/?s={search_term_string}\"},\"query-input\":{\"@type\":\"PropertyValueSpecification\",\"valueRequired\":true,\"valueName\":\"search_term_string\"}}],\"inLanguage\":\"fr-BE\"},{\"@type\":\"Organization\",\"@id\":\"https:\/\/koningdrone.be\/#organization\",\"name\":\"Koningdrone.be\",\"url\":\"https:\/\/koningdrone.be\/\",\"logo\":{\"@type\":\"ImageObject\",\"inLanguage\":\"fr-BE\",\"@id\":\"https:\/\/koningdrone.be\/#\/schema\/logo\/image\/\",\"url\":\"https:\/\/koningdrone.be\/wp-content\/uploads\/sites\/13\/2025\/04\/koningdrone-copyright-logo.svg\",\"contentUrl\":\"https:\/\/koningdrone.be\/wp-content\/uploads\/sites\/13\/2025\/04\/koningdrone-copyright-logo.svg\",\"width\":227,\"height\":38,\"caption\":\"Koningdrone.be\"},\"image\":{\"@id\":\"https:\/\/koningdrone.be\/#\/schema\/logo\/image\/\"}}]}<\/script>\n<!-- \/ Yoast SEO Premium plugin. -->","yoast_head_json":{"title":"DJI Avata 360 - Including RC331 Smart Controller - koningdrone.be","robots":{"index":"index","follow":"follow","max-snippet":"max-snippet:-1","max-image-preview":"max-image-preview:large","max-video-preview":"max-video-preview:-1"},"canonical":"https:\/\/koningdrone.be\/fr\/produit\/dji-avata-360-including-rc331-smart-controller\/","og_locale":"fr_FR","og_type":"article","og_title":"DJI Avata 360 - Including RC331 Smart Controller","og_description":"8K\/60fps HDR video en 120MP 360-graden foto's voor extreem veel detail  Twee 1\/1.1-inch sensoren die zorgen voor een hoog dynamisch bereik  Omnidirectionele obstakeldetectie met forward-facing LiDAR voor maximale veiligheid  Tot 23 minuten vliegtijd per accu om langer in de lucht te kunnen blijven  42GB intern geheugen zodat je direct kunt opnemen zonder externe kaart  O4+ Full HD videotransmissie met een bereik tot 10km in Europa  Inclusief DJI RC331 controller met ingebouwd scherm voor direct en nauwkeurig gebruik","og_url":"https:\/\/koningdrone.be\/fr\/produit\/dji-avata-360-including-rc331-smart-controller\/","og_site_name":"koningdrone.be","article_modified_time":"2026-04-29T02:31:01+00:00","og_image":[{"width":2048,"height":2048,"url":"https:\/\/koningdrone.be\/wp-content\/uploads\/sites\/13\/2026\/03\/DJI-Avata-360-Including-RC331-Smart-Controller.webp","type":"image\/webp"}],"twitter_card":"summary_large_image","twitter_misc":{"Dur\u00e9e de lecture est.":"2 minutes"},"schema":{"@context":"https:\/\/schema.org","@graph":[{"@type":"WebPage","@id":"https:\/\/koningdrone.be\/product\/dji-avata-360-including-rc331-smart-controller\/","url":"https:\/\/koningdrone.be\/product\/dji-avata-360-including-rc331-smart-controller\/","name":"DJI Avata 360 - Including RC331 Smart Controller - koningdrone.be","isPartOf":{"@id":"https:\/\/koningdrone.be\/#website"},"primaryImageOfPage":{"@id":"https:\/\/koningdrone.be\/product\/dji-avata-360-including-rc331-smart-controller\/#primaryimage"},"image":{"@id":"https:\/\/koningdrone.be\/product\/dji-avata-360-including-rc331-smart-controller\/#primaryimage"},"thumbnailUrl":"https:\/\/koningdrone.be\/wp-content\/uploads\/sites\/13\/2026\/03\/DJI-Avata-360-Including-RC331-Smart-Controller.webp","datePublished":"2026-04-03T16:11:27+00:00","dateModified":"2026-04-29T02:31:01+00:00","breadcrumb":{"@id":"https:\/\/koningdrone.be\/product\/dji-avata-360-including-rc331-smart-controller\/#breadcrumb"},"inLanguage":"fr-BE","potentialAction":[{"@type":"ReadAction","target":["https:\/\/koningdrone.be\/product\/dji-avata-360-including-rc331-smart-controller\/"]}]},{"@type":"ImageObject","inLanguage":"fr-BE","@id":"https:\/\/koningdrone.be\/product\/dji-avata-360-including-rc331-smart-controller\/#primaryimage","url":"https:\/\/koningdrone.be\/wp-content\/uploads\/sites\/13\/2026\/03\/DJI-Avata-360-Including-RC331-Smart-Controller.webp","contentUrl":"https:\/\/koningdrone.be\/wp-content\/uploads\/sites\/13\/2026\/03\/DJI-Avata-360-Including-RC331-Smart-Controller.webp","width":2048,"height":2048},{"@type":"BreadcrumbList","@id":"https:\/\/koningdrone.be\/product\/dji-avata-360-including-rc331-smart-controller\/#breadcrumb","itemListElement":[{"@type":"ListItem","position":1,"name":"Home","item":"https:\/\/koningdrone.be\/"},{"@type":"ListItem","position":2,"name":"AVSS Parachute Recovery System for DJI Matrice 300\/350","item":"https:\/\/koningdrone.be\/product\/avss-parachute-recovery-system-for-dji-matrice-300-350\/"},{"@type":"ListItem","position":3,"name":"DJI Avata 360","item":"https:\/\/koningdrone.be\/categorie\/dji-avata-360\/"},{"@type":"ListItem","position":4,"name":"DJI Avata 360 &#8211; Including RC331 Smart Controller"}]},{"@type":"WebSite","@id":"https:\/\/koningdrone.be\/#website","url":"https:\/\/koningdrone.be\/","name":"Koningdrone.be - Votre sp\u00e9cialiste en ligne en mati\u00e8re de drones, de cardans, de cam\u00e9ras et de centrales \u00e9lectriques.","description":"La boutique en ligne de drones et de cardans","publisher":{"@id":"https:\/\/koningdrone.be\/#organization"},"potentialAction":[{"@type":"SearchAction","target":{"@type":"EntryPoint","urlTemplate":"https:\/\/koningdrone.be\/?s={search_term_string}"},"query-input":{"@type":"PropertyValueSpecification","valueRequired":true,"valueName":"search_term_string"}}],"inLanguage":"fr-BE"},{"@type":"Organization","@id":"https:\/\/koningdrone.be\/#organization","name":"Kingdrone.co.uk","url":"https:\/\/koningdrone.be\/","logo":{"@type":"ImageObject","inLanguage":"fr-BE","@id":"https:\/\/koningdrone.be\/#\/schema\/logo\/image\/","url":"https:\/\/koningdrone.be\/wp-content\/uploads\/sites\/13\/2025\/04\/koningdrone-copyright-logo.svg","contentUrl":"https:\/\/koningdrone.be\/wp-content\/uploads\/sites\/13\/2025\/04\/koningdrone-copyright-logo.svg","width":227,"height":38,"caption":"Koningdrone.be"},"image":{"@id":"https:\/\/koningdrone.be\/#\/schema\/logo\/image\/"}}]}},"df_price":715,"df_sale_price":"","df_regular_price":715,"df_image_link":"https:\/\/koningdrone.be\/wp-content\/uploads\/sites\/13\/2026\/03\/DJI-Avata-360-Including-RC331-Smart-Controller-300x300.webp","_links":{"self":[{"href":"https:\/\/koningdrone.be\/fr\/wp-json\/wp\/v2\/product\/17979","targetHints":{"allow":["GET"]}}],"collection":[{"href":"https:\/\/koningdrone.be\/fr\/wp-json\/wp\/v2\/product"}],"about":[{"href":"https:\/\/koningdrone.be\/fr\/wp-json\/wp\/v2\/types\/product"}],"wp:featuredmedia":[{"embeddable":true,"href":"https:\/\/koningdrone.be\/fr\/wp-json\/wp\/v2\/media\/17981"}],"wp:attachment":[{"href":"https:\/\/koningdrone.be\/fr\/wp-json\/wp\/v2\/media?parent=17979"}],"wp:term":[{"taxonomy":"product_brand","embeddable":true,"href":"https:\/\/koningdrone.be\/fr\/wp-json\/wp\/v2\/product_brand?post=17979"},{"taxonomy":"product_cat","embeddable":true,"href":"https:\/\/koningdrone.be\/fr\/wp-json\/wp\/v2\/product_cat?post=17979"},{"taxonomy":"product_tag","embeddable":true,"href":"https:\/\/koningdrone.be\/fr\/wp-json\/wp\/v2\/product_tag?post=17979"}],"curies":[{"name":"wp","href":"https:\/\/api.w.org\/{rel}","templated":true}]}}