{"id":17978,"date":"2026-04-03T18:11:24","date_gmt":"2026-04-03T16:11:24","guid":{"rendered":"https:\/\/koningdrone.be\/?post_type=product&#038;p=17978"},"modified":"2026-04-29T04:00:59","modified_gmt":"2026-04-29T02:00:59","slug":"dji-care-refresh-2-year-plan-card","status":"publish","type":"product","link":"https:\/\/koningdrone.be\/fr\/produit\/dji-care-refresh-2-year-plan-card\/","title":{"rendered":"Carte d'abonnement de 2 ans DJI Care Refresh"},"content":{"rendered":"<h3>Carte d'abonnement de 2 ans DJI Care Refresh<\/h3>\n<p><iframe loading=\"lazy\" title=\"DJI Care Refresh Guide \u00e9tape par \u00e9tape I Plan d&#039;un an ou de deux ans I vaut-il la peine ?\" width=\"800\" height=\"450\" src=\"https:\/\/www.youtube.com\/embed\/65zqaG7x-HE?feature=oembed&#038;enablejsapi=1&#038;origin=https:\/\/koningdrone.be\" frameborder=\"0\" allow=\"accelerometer; autoplay; clipboard-write; encrypted-media; gyroscope; picture-in-picture; web-share\" referrerpolicy=\"strict-origin-when-cross-origin\" allowfullscreen><\/iframe><\/p>\n<p style=\"margin-top: 20px\">La carte DJI Care Refresh 2-Year Plan Card pour le DJI Avata 360 est un plan de protection apr\u00e8s-vente complet qui prot\u00e8ge votre drone contre les accidents tels que les collisions, les d\u00e9g\u00e2ts des eaux, les envol\u00e9es et autres dommages involontaires jusqu'\u00e0 24 mois apr\u00e8s l'activation. Ce plan offre des options de remplacement suppl\u00e9mentaires en plus de la garantie standard, afin que vous puissiez voler avec plus de confiance et moins de risques.<\/p>\n<p>Ce plan est id\u00e9al pour les pilotes qui volent activement ou qui ont des sessions FPV intenses et qui veulent prot\u00e9ger leur investissement dans l'Avata 360 avec une couverture de service suppl\u00e9mentaire.<\/p>\n<h4>Performance et fonctionnalit\u00e9<\/h4>\n<p>Avec le plan DJI Care Refresh 2 ans, vous pouvez recevoir jusqu'\u00e0 quatre unit\u00e9s de remplacement dans les deux ans lorsque votre produit subit des dommages dans le cadre d'une utilisation normale ou d'\u00e9v\u00e9nements accidentels. Cela comprend deux unit\u00e9s de remplacement destin\u00e9es \u00e0 des sc\u00e9narios d'envol.<\/p>\n<p style=\"margin-bottom: 20px\">Les remplacements sont assur\u00e9s par le service officiel de DJI et les produits de remplacement sont neufs ou ont des performances \u00e9quivalentes \u00e0 celles d'un produit neuf. Les co\u00fbts de remplacement sont nettement inf\u00e9rieurs \u00e0 ceux de l'achat d'un nouveau drone sans plan de service.<\/p>\n<p><a href=\"https:\/\/koningdrone.nl\/wp-content\/uploads\/2026\/03\/DJI-Care-Refresh-2-Year-Plan-Card.webp\"><img loading=\"lazy\" decoding=\"async\" class=\"size-medium wp-image-470866 aligncenter\" src=\"https:\/\/koningdrone.nl\/wp-content\/uploads\/2026\/03\/DJI-Care-Refresh-2-Year-Plan-Card-300x300.webp\" alt=\"DJI Care Refresh 2-Year Plan Card\" width=\"300\" height=\"300\" \/><\/a><\/p>\n<h4>Qualit\u00e9 de construction et conception<\/h4>\n<p>DJI Care Refresh wordt geleverd als een digitale activatiecode of servicekaart die je activeert binnen je DJI\u2011account of via de DJI Store. Zodra geactiveerd, wordt het plan aan je specifieke DJI Avata\u202f360 gekoppeld voor de gehele 24\u2011maanden periode.<\/p>\n<p>Er is geen fysiek onderdeel dat in de drone zelf ge\u00efnstalleerd hoeft te worden. Het is een serviceplan dat volledig digitaal wordt beheerd door DJI\u2019s systeem.<\/p>\n<h4>Pourquoi vous en avez besoin ?<\/h4>\n<p>Les drones peuvent subir des dommages inattendus pendant les vols, en particulier lors d'activit\u00e9s difficiles ou tout-terrain. DJI Care Refresh offre un moyen rentable de recevoir du mat\u00e9riel de remplacement en cas de probl\u00e8me, ce qui est souvent beaucoup plus cher sans couverture. Cela vous donne une tranquillit\u00e9 d'esprit suppl\u00e9mentaire lors de chaque vol avec votre Avata 360.<\/p>","protected":false},"excerpt":{"rendered":"<ul>\n<li>Plan de protection avec jusqu'\u00e0 24 mois de couverture en cas d'accident et de dommages<\/li>\n<li>Jusqu'\u00e0 4 unit\u00e9s de remplacement pendant la p\u00e9riode de service<\/li>\n<li>Inclut une couverture pour les sc\u00e9narios d'envol (jusqu'\u00e0 2 fois)<\/li>\n<li>Remplacements officiels de DJI avec un co\u00fbt de remplacement inf\u00e9rieur<\/li>\n<li>Activation num\u00e9rique et connexion \u00e0 votre DJI Avata 360<\/li>\n<\/ul>","protected":false},"featured_media":17974,"template":"","meta":{"_acf_changed":false},"product_brand":[],"product_cat":[175,1838],"product_tag":[],"class_list":{"0":"post-17978","1":"product","2":"type-product","3":"status-publish","4":"has-post-thumbnail","6":"product_cat-alle-care-refresh","7":"product_cat-dji-avata-360","8":"product_shipping_class-acsystemsall","9":"pa_brand-dji","10":"pa_producttype-serviceplan","12":"first","13":"instock","14":"taxable","15":"shipping-taxable","16":"purchasable","17":"product-type-simple"},"acf":[],"yoast_head":"<!-- This site is optimized with the Yoast SEO Premium plugin v27.2 (Yoast SEO v27.2) - https:\/\/yoast.com\/product\/yoast-seo-premium-wordpress\/ -->\n<title>DJI Care Refresh 2-Year Plan Card - koningdrone.be<\/title>\n<meta name=\"robots\" content=\"index, follow, max-snippet:-1, max-image-preview:large, max-video-preview:-1\" \/>\n<link rel=\"canonical\" href=\"https:\/\/koningdrone.be\/fr\/produit\/dji-care-refresh-2-year-plan-card\/\" \/>\n<meta property=\"og:locale\" content=\"fr_FR\" \/>\n<meta property=\"og:type\" content=\"article\" \/>\n<meta property=\"og:title\" content=\"DJI Care Refresh 2-Year Plan Card\" \/>\n<meta property=\"og:description\" content=\"Beschermingsplan met dekking tot 24 maanden voor ongelukken en schade  Tot 4 vervangende eenheden binnen de serviceperiode  Inclusief dekking voor flyaway\u2011scenario\u2019s (tot 2 keer)  Offici\u00eble DJI\u2011vervangingen met lagere vervangingskosten  Digitale activatie en koppeling aan jouw DJI Avata\u202f360\" \/>\n<meta property=\"og:url\" content=\"https:\/\/koningdrone.be\/fr\/produit\/dji-care-refresh-2-year-plan-card\/\" \/>\n<meta property=\"og:site_name\" content=\"koningdrone.be\" \/>\n<meta property=\"article:modified_time\" content=\"2026-04-29T02:00:59+00:00\" \/>\n<meta property=\"og:image\" content=\"https:\/\/koningdrone.be\/wp-content\/uploads\/sites\/13\/2026\/03\/DJI-Care-Refresh-2-Year-Plan-Card.webp\" \/>\n\t<meta property=\"og:image:width\" content=\"2048\" \/>\n\t<meta property=\"og:image:height\" content=\"2048\" \/>\n\t<meta property=\"og:image:type\" content=\"image\/webp\" \/>\n<meta name=\"twitter:card\" content=\"summary_large_image\" \/>\n<meta name=\"twitter:label1\" content=\"Dur\u00e9e de lecture est.\" \/>\n\t<meta name=\"twitter:data1\" content=\"1 minute\" \/>\n<script type=\"application\/ld+json\" class=\"yoast-schema-graph\">{\"@context\":\"https:\/\/schema.org\",\"@graph\":[{\"@type\":\"WebPage\",\"@id\":\"https:\/\/koningdrone.be\/product\/dji-care-refresh-2-year-plan-card\/\",\"url\":\"https:\/\/koningdrone.be\/product\/dji-care-refresh-2-year-plan-card\/\",\"name\":\"DJI Care Refresh 2-Year Plan Card - koningdrone.be\",\"isPartOf\":{\"@id\":\"https:\/\/koningdrone.be\/#website\"},\"primaryImageOfPage\":{\"@id\":\"https:\/\/koningdrone.be\/product\/dji-care-refresh-2-year-plan-card\/#primaryimage\"},\"image\":{\"@id\":\"https:\/\/koningdrone.be\/product\/dji-care-refresh-2-year-plan-card\/#primaryimage\"},\"thumbnailUrl\":\"https:\/\/koningdrone.be\/wp-content\/uploads\/sites\/13\/2026\/03\/DJI-Care-Refresh-2-Year-Plan-Card.webp\",\"datePublished\":\"2026-04-03T16:11:24+00:00\",\"dateModified\":\"2026-04-29T02:00:59+00:00\",\"breadcrumb\":{\"@id\":\"https:\/\/koningdrone.be\/product\/dji-care-refresh-2-year-plan-card\/#breadcrumb\"},\"inLanguage\":\"fr-BE\",\"potentialAction\":[{\"@type\":\"ReadAction\",\"target\":[\"https:\/\/koningdrone.be\/product\/dji-care-refresh-2-year-plan-card\/\"]}]},{\"@type\":\"ImageObject\",\"inLanguage\":\"fr-BE\",\"@id\":\"https:\/\/koningdrone.be\/product\/dji-care-refresh-2-year-plan-card\/#primaryimage\",\"url\":\"https:\/\/koningdrone.be\/wp-content\/uploads\/sites\/13\/2026\/03\/DJI-Care-Refresh-2-Year-Plan-Card.webp\",\"contentUrl\":\"https:\/\/koningdrone.be\/wp-content\/uploads\/sites\/13\/2026\/03\/DJI-Care-Refresh-2-Year-Plan-Card.webp\",\"width\":2048,\"height\":2048},{\"@type\":\"BreadcrumbList\",\"@id\":\"https:\/\/koningdrone.be\/product\/dji-care-refresh-2-year-plan-card\/#breadcrumb\",\"itemListElement\":[{\"@type\":\"ListItem\",\"position\":1,\"name\":\"Home\",\"item\":\"https:\/\/koningdrone.be\/\"},{\"@type\":\"ListItem\",\"position\":2,\"name\":\"AVSS Parachute Recovery System for DJI Matrice 300\/350\",\"item\":\"https:\/\/koningdrone.be\/product\/avss-parachute-recovery-system-for-dji-matrice-300-350\/\"},{\"@type\":\"ListItem\",\"position\":3,\"name\":\"Alle care refresh\",\"item\":\"https:\/\/koningdrone.be\/categorie\/alle-care-refresh\/\"},{\"@type\":\"ListItem\",\"position\":4,\"name\":\"DJI Care Refresh 2-Year Plan Card\"}]},{\"@type\":\"WebSite\",\"@id\":\"https:\/\/koningdrone.be\/#website\",\"url\":\"https:\/\/koningdrone.be\/\",\"name\":\"Koningdrone.be - Uw online specialist in drones, gimbals, camera's en power stations.\",\"description\":\"De webshop in drones en gimbals\",\"publisher\":{\"@id\":\"https:\/\/koningdrone.be\/#organization\"},\"potentialAction\":[{\"@type\":\"SearchAction\",\"target\":{\"@type\":\"EntryPoint\",\"urlTemplate\":\"https:\/\/koningdrone.be\/?s={search_term_string}\"},\"query-input\":{\"@type\":\"PropertyValueSpecification\",\"valueRequired\":true,\"valueName\":\"search_term_string\"}}],\"inLanguage\":\"fr-BE\"},{\"@type\":\"Organization\",\"@id\":\"https:\/\/koningdrone.be\/#organization\",\"name\":\"Koningdrone.be\",\"url\":\"https:\/\/koningdrone.be\/\",\"logo\":{\"@type\":\"ImageObject\",\"inLanguage\":\"fr-BE\",\"@id\":\"https:\/\/koningdrone.be\/#\/schema\/logo\/image\/\",\"url\":\"https:\/\/koningdrone.be\/wp-content\/uploads\/sites\/13\/2025\/04\/koningdrone-copyright-logo.svg\",\"contentUrl\":\"https:\/\/koningdrone.be\/wp-content\/uploads\/sites\/13\/2025\/04\/koningdrone-copyright-logo.svg\",\"width\":227,\"height\":38,\"caption\":\"Koningdrone.be\"},\"image\":{\"@id\":\"https:\/\/koningdrone.be\/#\/schema\/logo\/image\/\"}}]}<\/script>\n<!-- \/ Yoast SEO Premium plugin. -->","yoast_head_json":{"title":"DJI Care Refresh 2-Year Plan Card - koningdrone.be","robots":{"index":"index","follow":"follow","max-snippet":"max-snippet:-1","max-image-preview":"max-image-preview:large","max-video-preview":"max-video-preview:-1"},"canonical":"https:\/\/koningdrone.be\/fr\/produit\/dji-care-refresh-2-year-plan-card\/","og_locale":"fr_FR","og_type":"article","og_title":"DJI Care Refresh 2-Year Plan Card","og_description":"Beschermingsplan met dekking tot 24 maanden voor ongelukken en schade  Tot 4 vervangende eenheden binnen de serviceperiode  Inclusief dekking voor flyaway\u2011scenario\u2019s (tot 2 keer)  Offici\u00eble DJI\u2011vervangingen met lagere vervangingskosten  Digitale activatie en koppeling aan jouw DJI Avata\u202f360","og_url":"https:\/\/koningdrone.be\/fr\/produit\/dji-care-refresh-2-year-plan-card\/","og_site_name":"koningdrone.be","article_modified_time":"2026-04-29T02:00:59+00:00","og_image":[{"width":2048,"height":2048,"url":"https:\/\/koningdrone.be\/wp-content\/uploads\/sites\/13\/2026\/03\/DJI-Care-Refresh-2-Year-Plan-Card.webp","type":"image\/webp"}],"twitter_card":"summary_large_image","twitter_misc":{"Dur\u00e9e de lecture est.":"1 minute"},"schema":{"@context":"https:\/\/schema.org","@graph":[{"@type":"WebPage","@id":"https:\/\/koningdrone.be\/product\/dji-care-refresh-2-year-plan-card\/","url":"https:\/\/koningdrone.be\/product\/dji-care-refresh-2-year-plan-card\/","name":"DJI Care Refresh 2-Year Plan Card - koningdrone.be","isPartOf":{"@id":"https:\/\/koningdrone.be\/#website"},"primaryImageOfPage":{"@id":"https:\/\/koningdrone.be\/product\/dji-care-refresh-2-year-plan-card\/#primaryimage"},"image":{"@id":"https:\/\/koningdrone.be\/product\/dji-care-refresh-2-year-plan-card\/#primaryimage"},"thumbnailUrl":"https:\/\/koningdrone.be\/wp-content\/uploads\/sites\/13\/2026\/03\/DJI-Care-Refresh-2-Year-Plan-Card.webp","datePublished":"2026-04-03T16:11:24+00:00","dateModified":"2026-04-29T02:00:59+00:00","breadcrumb":{"@id":"https:\/\/koningdrone.be\/product\/dji-care-refresh-2-year-plan-card\/#breadcrumb"},"inLanguage":"fr-BE","potentialAction":[{"@type":"ReadAction","target":["https:\/\/koningdrone.be\/product\/dji-care-refresh-2-year-plan-card\/"]}]},{"@type":"ImageObject","inLanguage":"fr-BE","@id":"https:\/\/koningdrone.be\/product\/dji-care-refresh-2-year-plan-card\/#primaryimage","url":"https:\/\/koningdrone.be\/wp-content\/uploads\/sites\/13\/2026\/03\/DJI-Care-Refresh-2-Year-Plan-Card.webp","contentUrl":"https:\/\/koningdrone.be\/wp-content\/uploads\/sites\/13\/2026\/03\/DJI-Care-Refresh-2-Year-Plan-Card.webp","width":2048,"height":2048},{"@type":"BreadcrumbList","@id":"https:\/\/koningdrone.be\/product\/dji-care-refresh-2-year-plan-card\/#breadcrumb","itemListElement":[{"@type":"ListItem","position":1,"name":"Home","item":"https:\/\/koningdrone.be\/"},{"@type":"ListItem","position":2,"name":"AVSS Parachute Recovery System for DJI Matrice 300\/350","item":"https:\/\/koningdrone.be\/product\/avss-parachute-recovery-system-for-dji-matrice-300-350\/"},{"@type":"ListItem","position":3,"name":"Alle care refresh","item":"https:\/\/koningdrone.be\/categorie\/alle-care-refresh\/"},{"@type":"ListItem","position":4,"name":"DJI Care Refresh 2-Year Plan Card"}]},{"@type":"WebSite","@id":"https:\/\/koningdrone.be\/#website","url":"https:\/\/koningdrone.be\/","name":"Koningdrone.be - Votre sp\u00e9cialiste en ligne en mati\u00e8re de drones, de cardans, de cam\u00e9ras et de centrales \u00e9lectriques.","description":"La boutique en ligne de drones et de cardans","publisher":{"@id":"https:\/\/koningdrone.be\/#organization"},"potentialAction":[{"@type":"SearchAction","target":{"@type":"EntryPoint","urlTemplate":"https:\/\/koningdrone.be\/?s={search_term_string}"},"query-input":{"@type":"PropertyValueSpecification","valueRequired":true,"valueName":"search_term_string"}}],"inLanguage":"fr-BE"},{"@type":"Organization","@id":"https:\/\/koningdrone.be\/#organization","name":"Kingdrone.co.uk","url":"https:\/\/koningdrone.be\/","logo":{"@type":"ImageObject","inLanguage":"fr-BE","@id":"https:\/\/koningdrone.be\/#\/schema\/logo\/image\/","url":"https:\/\/koningdrone.be\/wp-content\/uploads\/sites\/13\/2025\/04\/koningdrone-copyright-logo.svg","contentUrl":"https:\/\/koningdrone.be\/wp-content\/uploads\/sites\/13\/2025\/04\/koningdrone-copyright-logo.svg","width":227,"height":38,"caption":"Koningdrone.be"},"image":{"@id":"https:\/\/koningdrone.be\/#\/schema\/logo\/image\/"}}]}},"df_price":118,"df_sale_price":"","df_regular_price":118,"df_image_link":"https:\/\/koningdrone.be\/wp-content\/uploads\/sites\/13\/2026\/03\/DJI-Care-Refresh-2-Year-Plan-Card-300x300.webp","_links":{"self":[{"href":"https:\/\/koningdrone.be\/fr\/wp-json\/wp\/v2\/product\/17978","targetHints":{"allow":["GET"]}}],"collection":[{"href":"https:\/\/koningdrone.be\/fr\/wp-json\/wp\/v2\/product"}],"about":[{"href":"https:\/\/koningdrone.be\/fr\/wp-json\/wp\/v2\/types\/product"}],"wp:featuredmedia":[{"embeddable":true,"href":"https:\/\/koningdrone.be\/fr\/wp-json\/wp\/v2\/media\/17974"}],"wp:attachment":[{"href":"https:\/\/koningdrone.be\/fr\/wp-json\/wp\/v2\/media?parent=17978"}],"wp:term":[{"taxonomy":"product_brand","embeddable":true,"href":"https:\/\/koningdrone.be\/fr\/wp-json\/wp\/v2\/product_brand?post=17978"},{"taxonomy":"product_cat","embeddable":true,"href":"https:\/\/koningdrone.be\/fr\/wp-json\/wp\/v2\/product_cat?post=17978"},{"taxonomy":"product_tag","embeddable":true,"href":"https:\/\/koningdrone.be\/fr\/wp-json\/wp\/v2\/product_tag?post=17978"}],"curies":[{"name":"wp","href":"https:\/\/api.w.org\/{rel}","templated":true}]}}