{"id":1797,"date":"2024-11-05T10:27:03","date_gmt":"2024-11-05T09:27:03","guid":{"rendered":"https:\/\/koningdrone.nl\/kon\/product\/ecoflow-river-3-plus-eb300-hard-bundle\/"},"modified":"2026-04-29T16:40:59","modified_gmt":"2026-04-29T14:40:59","slug":"ecoflow-river-3-plus-eb300-hard-bundle","status":"publish","type":"product","link":"https:\/\/koningdrone.be\/fr\/produit\/ecoflow-river-3-plus-eb300-hard-bundle\/","title":{"rendered":"EcoFlow RIVER 3 Plus + EB300 hard bundle"},"content":{"rendered":"<p>L'EcoFlow RIVER 3 Max (Plus + EB300 hard bundle) est un ensemble puissant compos\u00e9 de la station d'alimentation compacte RIVER 3 Plus et de la batterie EB300 Extra, pour une capacit\u00e9 combin\u00e9e de 572 Wh. Cet ensemble offre des solutions d'alimentation flexibles pour les voyages, le camping ou comme solution de secours fiable en cas de panne de courant.<\/p>\n<p>Avec une puissance nominale de 600 W et X-Boost jusqu'\u00e0 1 200 W, jusqu'\u00e0 90% d'appareils domestiques peuvent \u00eatre aliment\u00e9s de mani\u00e8re s\u00fbre et efficace. Gr\u00e2ce \u00e0 la technologie X-GaN Power, la centrale est exceptionnellement performante en cas de faible consommation, ce qui est id\u00e9al pour l'alimentation \u00e0 long terme d'ordinateurs portables, de routeurs ou d'\u00e9clairages.<\/p>\n<p>Le RIVER 3 Max est dot\u00e9 d'un syst\u00e8me avanc\u00e9 de gestion de la batterie, d'un fonctionnement silencieux inf\u00e9rieur \u00e0 30 dB et d'un syst\u00e8me de recharge ultra-rapide via une prise murale, un panneau solaire, une voiture ou un g\u00e9n\u00e9rateur. L'EB300 prolonge non seulement l'autonomie, mais se connecte \u00e9galement sans effort gr\u00e2ce \u00e0 la technologie magn\u00e9tique Pogo Pin.<\/p>\n<p>Avec une batterie LiFePO4 robuste et plus de 3 000 cycles de charge, cet appareil est con\u00e7u pour des ann\u00e9es d'utilisation intensive - fiable, silencieux et s\u00fbr.<\/p>","protected":false},"excerpt":{"rendered":"<ul>\n<li>L'ensemble offre une combinaison puissante du RIVER 3 Plus et de la batterie EB300 pour une puissance durable.<\/li>\n<li>Elle offre des options d'alimentation polyvalentes, ce qui la rend id\u00e9ale pour les aventures en plein air et les situations d'urgence.<\/li>\n<li>Gr\u00e2ce aux capacit\u00e9s de charge rapide, vous attendrez moins longtemps et aurez plus de temps pour utiliser vos appareils.<\/li>\n<li>Compact et portable, il est facile \u00e0 emporter partout.<\/li>\n<li>L'int\u00e9gration parfaite entre la centrale \u00e9lectrique et la batterie am\u00e9liore la performance et la fiabilit\u00e9 globales.<\/li>\n<\/ul>","protected":false},"featured_media":1790,"template":"","meta":{"_acf_changed":false},"product_brand":[],"product_cat":[97,245,276],"product_tag":[],"class_list":{"0":"post-1797","1":"product","2":"type-product","3":"status-publish","4":"has-post-thumbnail","6":"product_cat-alle-producten","7":"product_cat-ecoflow","8":"product_cat-ecoflow-powerstations","9":"product_shipping_class-outofstock","10":"pa_productfamily-river","11":"pa_producttype-power-station","13":"first","14":"outofstock","15":"taxable","16":"shipping-taxable","17":"purchasable","18":"product-type-simple"},"acf":[],"yoast_head":"<!-- This site is optimized with the Yoast SEO Premium plugin v27.2 (Yoast SEO v27.2) - https:\/\/yoast.com\/product\/yoast-seo-premium-wordpress\/ -->\n<title>EcoFlow RIVER 3 Plus + EB300 hard bundle - koningdrone.be<\/title>\n<meta name=\"robots\" content=\"index, follow, max-snippet:-1, max-image-preview:large, max-video-preview:-1\" \/>\n<link rel=\"canonical\" href=\"https:\/\/koningdrone.be\/fr\/produit\/ecoflow-river-3-plus-eb300-hard-bundle\/\" \/>\n<meta property=\"og:locale\" content=\"fr_FR\" \/>\n<meta property=\"og:type\" content=\"article\" \/>\n<meta property=\"og:title\" content=\"EcoFlow RIVER 3 Plus + EB300 hard bundle\" \/>\n<meta property=\"og:description\" content=\"De bundel biedt een krachtige combinatie van de RIVER 3 Plus en EB300 batterij voor langdurig energiegebruik.  Het biedt veelzijdige energieopties, waardoor het ideaal is voor outdooravonturen en noodgevallen.  Dankzij de snelle oplaadmogelijkheden hoef je minder lang te wachten en heb je meer tijd om je apparaten te gebruiken.  Compact en draagbaar ontwerp maakt het gemakkelijk om overal mee naartoe te nemen.  Naadloze integratie tussen het voedingsstation en de batterij verbetert de algehele prestaties en betrouwbaarheid.\" \/>\n<meta property=\"og:url\" content=\"https:\/\/koningdrone.be\/fr\/produit\/ecoflow-river-3-plus-eb300-hard-bundle\/\" \/>\n<meta property=\"og:site_name\" content=\"koningdrone.be\" \/>\n<meta property=\"article:modified_time\" content=\"2026-04-29T14:40:59+00:00\" \/>\n<meta property=\"og:image\" content=\"https:\/\/koningdrone.be\/wp-content\/uploads\/sites\/13\/2025\/04\/ecoflow-river-3-max-plus-eb300-hard-bundle-2.webp\" \/>\n\t<meta property=\"og:image:width\" content=\"484\" \/>\n\t<meta property=\"og:image:height\" content=\"484\" \/>\n\t<meta property=\"og:image:type\" content=\"image\/webp\" \/>\n<meta name=\"twitter:card\" content=\"summary_large_image\" \/>\n<meta name=\"twitter:label1\" content=\"Dur\u00e9e de lecture est.\" \/>\n\t<meta name=\"twitter:data1\" content=\"1 minute\" \/>\n<script type=\"application\/ld+json\" class=\"yoast-schema-graph\">{\"@context\":\"https:\/\/schema.org\",\"@graph\":[{\"@type\":\"WebPage\",\"@id\":\"https:\/\/koningdrone.be\/product\/ecoflow-river-3-plus-eb300-hard-bundle\/\",\"url\":\"https:\/\/koningdrone.be\/product\/ecoflow-river-3-plus-eb300-hard-bundle\/\",\"name\":\"EcoFlow RIVER 3 Plus + EB300 hard bundle - koningdrone.be\",\"isPartOf\":{\"@id\":\"https:\/\/koningdrone.be\/#website\"},\"primaryImageOfPage\":{\"@id\":\"https:\/\/koningdrone.be\/product\/ecoflow-river-3-plus-eb300-hard-bundle\/#primaryimage\"},\"image\":{\"@id\":\"https:\/\/koningdrone.be\/product\/ecoflow-river-3-plus-eb300-hard-bundle\/#primaryimage\"},\"thumbnailUrl\":\"https:\/\/koningdrone.be\/wp-content\/uploads\/sites\/13\/2025\/04\/ecoflow-river-3-max-plus-eb300-hard-bundle-2.webp\",\"datePublished\":\"2024-11-05T09:27:03+00:00\",\"dateModified\":\"2026-04-29T14:40:59+00:00\",\"breadcrumb\":{\"@id\":\"https:\/\/koningdrone.be\/product\/ecoflow-river-3-plus-eb300-hard-bundle\/#breadcrumb\"},\"inLanguage\":\"fr-BE\",\"potentialAction\":[{\"@type\":\"ReadAction\",\"target\":[\"https:\/\/koningdrone.be\/product\/ecoflow-river-3-plus-eb300-hard-bundle\/\"]}]},{\"@type\":\"ImageObject\",\"inLanguage\":\"fr-BE\",\"@id\":\"https:\/\/koningdrone.be\/product\/ecoflow-river-3-plus-eb300-hard-bundle\/#primaryimage\",\"url\":\"https:\/\/koningdrone.be\/wp-content\/uploads\/sites\/13\/2025\/04\/ecoflow-river-3-max-plus-eb300-hard-bundle-2.webp\",\"contentUrl\":\"https:\/\/koningdrone.be\/wp-content\/uploads\/sites\/13\/2025\/04\/ecoflow-river-3-max-plus-eb300-hard-bundle-2.webp\",\"width\":484,\"height\":484},{\"@type\":\"BreadcrumbList\",\"@id\":\"https:\/\/koningdrone.be\/product\/ecoflow-river-3-plus-eb300-hard-bundle\/#breadcrumb\",\"itemListElement\":[{\"@type\":\"ListItem\",\"position\":1,\"name\":\"Home\",\"item\":\"https:\/\/koningdrone.be\/\"},{\"@type\":\"ListItem\",\"position\":2,\"name\":\"AVSS Parachute Recovery System for DJI Matrice 300\/350\",\"item\":\"https:\/\/koningdrone.be\/product\/avss-parachute-recovery-system-for-dji-matrice-300-350\/\"},{\"@type\":\"ListItem\",\"position\":3,\"name\":\"Alle producten\",\"item\":\"https:\/\/koningdrone.be\/categorie\/alle-producten\/\"},{\"@type\":\"ListItem\",\"position\":4,\"name\":\"EcoFlow RIVER 3 Plus + EB300 hard bundle\"}]},{\"@type\":\"WebSite\",\"@id\":\"https:\/\/koningdrone.be\/#website\",\"url\":\"https:\/\/koningdrone.be\/\",\"name\":\"Koningdrone.be - Uw online specialist in drones, gimbals, camera's en power stations.\",\"description\":\"De webshop in drones en gimbals\",\"publisher\":{\"@id\":\"https:\/\/koningdrone.be\/#organization\"},\"potentialAction\":[{\"@type\":\"SearchAction\",\"target\":{\"@type\":\"EntryPoint\",\"urlTemplate\":\"https:\/\/koningdrone.be\/?s={search_term_string}\"},\"query-input\":{\"@type\":\"PropertyValueSpecification\",\"valueRequired\":true,\"valueName\":\"search_term_string\"}}],\"inLanguage\":\"fr-BE\"},{\"@type\":\"Organization\",\"@id\":\"https:\/\/koningdrone.be\/#organization\",\"name\":\"Koningdrone.be\",\"url\":\"https:\/\/koningdrone.be\/\",\"logo\":{\"@type\":\"ImageObject\",\"inLanguage\":\"fr-BE\",\"@id\":\"https:\/\/koningdrone.be\/#\/schema\/logo\/image\/\",\"url\":\"https:\/\/koningdrone.be\/wp-content\/uploads\/sites\/13\/2025\/04\/koningdrone-copyright-logo.svg\",\"contentUrl\":\"https:\/\/koningdrone.be\/wp-content\/uploads\/sites\/13\/2025\/04\/koningdrone-copyright-logo.svg\",\"width\":227,\"height\":38,\"caption\":\"Koningdrone.be\"},\"image\":{\"@id\":\"https:\/\/koningdrone.be\/#\/schema\/logo\/image\/\"}}]}<\/script>\n<!-- \/ Yoast SEO Premium plugin. -->","yoast_head_json":{"title":"EcoFlow RIVER 3 Plus + EB300 hard bundle - koningdrone.be","robots":{"index":"index","follow":"follow","max-snippet":"max-snippet:-1","max-image-preview":"max-image-preview:large","max-video-preview":"max-video-preview:-1"},"canonical":"https:\/\/koningdrone.be\/fr\/produit\/ecoflow-river-3-plus-eb300-hard-bundle\/","og_locale":"fr_FR","og_type":"article","og_title":"EcoFlow RIVER 3 Plus + EB300 hard bundle","og_description":"De bundel biedt een krachtige combinatie van de RIVER 3 Plus en EB300 batterij voor langdurig energiegebruik.  Het biedt veelzijdige energieopties, waardoor het ideaal is voor outdooravonturen en noodgevallen.  Dankzij de snelle oplaadmogelijkheden hoef je minder lang te wachten en heb je meer tijd om je apparaten te gebruiken.  Compact en draagbaar ontwerp maakt het gemakkelijk om overal mee naartoe te nemen.  Naadloze integratie tussen het voedingsstation en de batterij verbetert de algehele prestaties en betrouwbaarheid.","og_url":"https:\/\/koningdrone.be\/fr\/produit\/ecoflow-river-3-plus-eb300-hard-bundle\/","og_site_name":"koningdrone.be","article_modified_time":"2026-04-29T14:40:59+00:00","og_image":[{"width":484,"height":484,"url":"https:\/\/koningdrone.be\/wp-content\/uploads\/sites\/13\/2025\/04\/ecoflow-river-3-max-plus-eb300-hard-bundle-2.webp","type":"image\/webp"}],"twitter_card":"summary_large_image","twitter_misc":{"Dur\u00e9e de lecture est.":"1 minute"},"schema":{"@context":"https:\/\/schema.org","@graph":[{"@type":"WebPage","@id":"https:\/\/koningdrone.be\/product\/ecoflow-river-3-plus-eb300-hard-bundle\/","url":"https:\/\/koningdrone.be\/product\/ecoflow-river-3-plus-eb300-hard-bundle\/","name":"EcoFlow RIVER 3 Plus + EB300 hard bundle - koningdrone.be","isPartOf":{"@id":"https:\/\/koningdrone.be\/#website"},"primaryImageOfPage":{"@id":"https:\/\/koningdrone.be\/product\/ecoflow-river-3-plus-eb300-hard-bundle\/#primaryimage"},"image":{"@id":"https:\/\/koningdrone.be\/product\/ecoflow-river-3-plus-eb300-hard-bundle\/#primaryimage"},"thumbnailUrl":"https:\/\/koningdrone.be\/wp-content\/uploads\/sites\/13\/2025\/04\/ecoflow-river-3-max-plus-eb300-hard-bundle-2.webp","datePublished":"2024-11-05T09:27:03+00:00","dateModified":"2026-04-29T14:40:59+00:00","breadcrumb":{"@id":"https:\/\/koningdrone.be\/product\/ecoflow-river-3-plus-eb300-hard-bundle\/#breadcrumb"},"inLanguage":"fr-BE","potentialAction":[{"@type":"ReadAction","target":["https:\/\/koningdrone.be\/product\/ecoflow-river-3-plus-eb300-hard-bundle\/"]}]},{"@type":"ImageObject","inLanguage":"fr-BE","@id":"https:\/\/koningdrone.be\/product\/ecoflow-river-3-plus-eb300-hard-bundle\/#primaryimage","url":"https:\/\/koningdrone.be\/wp-content\/uploads\/sites\/13\/2025\/04\/ecoflow-river-3-max-plus-eb300-hard-bundle-2.webp","contentUrl":"https:\/\/koningdrone.be\/wp-content\/uploads\/sites\/13\/2025\/04\/ecoflow-river-3-max-plus-eb300-hard-bundle-2.webp","width":484,"height":484},{"@type":"BreadcrumbList","@id":"https:\/\/koningdrone.be\/product\/ecoflow-river-3-plus-eb300-hard-bundle\/#breadcrumb","itemListElement":[{"@type":"ListItem","position":1,"name":"Home","item":"https:\/\/koningdrone.be\/"},{"@type":"ListItem","position":2,"name":"AVSS Parachute Recovery System for DJI Matrice 300\/350","item":"https:\/\/koningdrone.be\/product\/avss-parachute-recovery-system-for-dji-matrice-300-350\/"},{"@type":"ListItem","position":3,"name":"Alle producten","item":"https:\/\/koningdrone.be\/categorie\/alle-producten\/"},{"@type":"ListItem","position":4,"name":"EcoFlow RIVER 3 Plus + EB300 hard bundle"}]},{"@type":"WebSite","@id":"https:\/\/koningdrone.be\/#website","url":"https:\/\/koningdrone.be\/","name":"Koningdrone.be - Votre sp\u00e9cialiste en ligne en mati\u00e8re de drones, de cardans, de cam\u00e9ras et de centrales \u00e9lectriques.","description":"La boutique en ligne de drones et de cardans","publisher":{"@id":"https:\/\/koningdrone.be\/#organization"},"potentialAction":[{"@type":"SearchAction","target":{"@type":"EntryPoint","urlTemplate":"https:\/\/koningdrone.be\/?s={search_term_string}"},"query-input":{"@type":"PropertyValueSpecification","valueRequired":true,"valueName":"search_term_string"}}],"inLanguage":"fr-BE"},{"@type":"Organization","@id":"https:\/\/koningdrone.be\/#organization","name":"Kingdrone.co.uk","url":"https:\/\/koningdrone.be\/","logo":{"@type":"ImageObject","inLanguage":"fr-BE","@id":"https:\/\/koningdrone.be\/#\/schema\/logo\/image\/","url":"https:\/\/koningdrone.be\/wp-content\/uploads\/sites\/13\/2025\/04\/koningdrone-copyright-logo.svg","contentUrl":"https:\/\/koningdrone.be\/wp-content\/uploads\/sites\/13\/2025\/04\/koningdrone-copyright-logo.svg","width":227,"height":38,"caption":"Koningdrone.be"},"image":{"@id":"https:\/\/koningdrone.be\/#\/schema\/logo\/image\/"}}]}},"df_price":449,"df_sale_price":"","df_regular_price":449,"df_image_link":"https:\/\/koningdrone.be\/wp-content\/uploads\/sites\/13\/2025\/04\/ecoflow-river-3-max-plus-eb300-hard-bundle-2-300x300.webp","_links":{"self":[{"href":"https:\/\/koningdrone.be\/fr\/wp-json\/wp\/v2\/product\/1797","targetHints":{"allow":["GET"]}}],"collection":[{"href":"https:\/\/koningdrone.be\/fr\/wp-json\/wp\/v2\/product"}],"about":[{"href":"https:\/\/koningdrone.be\/fr\/wp-json\/wp\/v2\/types\/product"}],"wp:featuredmedia":[{"embeddable":true,"href":"https:\/\/koningdrone.be\/fr\/wp-json\/wp\/v2\/media\/1790"}],"wp:attachment":[{"href":"https:\/\/koningdrone.be\/fr\/wp-json\/wp\/v2\/media?parent=1797"}],"wp:term":[{"taxonomy":"product_brand","embeddable":true,"href":"https:\/\/koningdrone.be\/fr\/wp-json\/wp\/v2\/product_brand?post=1797"},{"taxonomy":"product_cat","embeddable":true,"href":"https:\/\/koningdrone.be\/fr\/wp-json\/wp\/v2\/product_cat?post=1797"},{"taxonomy":"product_tag","embeddable":true,"href":"https:\/\/koningdrone.be\/fr\/wp-json\/wp\/v2\/product_tag?post=1797"}],"curies":[{"name":"wp","href":"https:\/\/api.w.org\/{rel}","templated":true}]}}