{"id":17956,"date":"2026-03-27T10:38:21","date_gmt":"2026-03-27T09:38:21","guid":{"rendered":"https:\/\/koningdrone.be\/?post_type=product&#038;p=17956"},"modified":"2026-04-29T03:50:47","modified_gmt":"2026-04-29T01:50:47","slug":"dji-avata-360-intelligent-flight-battery","status":"publish","type":"product","link":"https:\/\/koningdrone.be\/fr\/produit\/dji-avata-360-intelligent-flight-battery\/","title":{"rendered":"Batterie de vol intelligente DJI Avata 360"},"content":{"rendered":"<h3>Batterie de vol intelligente DJI Avata 360<\/h3>\n<p><iframe loading=\"lazy\" title=\"R\u00e9imaginez l&#039;exp\u00e9rience du vol avec le produit phare de l&#039;imagerie \u00e0 360\u00b0 : Avata 360\" width=\"800\" height=\"450\" src=\"https:\/\/www.youtube.com\/embed\/CShVz4EkqrI?feature=oembed&#038;enablejsapi=1&#038;origin=https:\/\/koningdrone.be\" frameborder=\"0\" allow=\"accelerometer; autoplay; clipboard-write; encrypted-media; gyroscope; picture-in-picture; web-share\" referrerpolicy=\"strict-origin-when-cross-origin\" allowfullscreen><\/iframe><\/p>\n<p style=\"margin-top: 20px\">La batterie DJI Avata 360 Intelligent Flight est une batterie de drone interchangeable de haute qualit\u00e9 con\u00e7ue pour fournir une alimentation fiable et durable \u00e0 votre drone DJI Avata 360. Cette batterie est id\u00e9ale pour les pilotes qui souhaitent maximiser leur temps de vol et effectuer plus de vols sans avoir \u00e0 recharger constamment.<\/p>\n<p style=\"margin-bottom: 20px\">Gr\u00e2ce au syst\u00e8me DJI Intelligent Battery Management System int\u00e9gr\u00e9, vous pouvez surveiller en permanence l'\u00e9tat de la batterie en temps r\u00e9el, ce qui vous permet de voler avec plus de confiance sans vous soucier constamment du niveau de la batterie.<\/p>\n<p><a href=\"https:\/\/koningdrone.nl\/wp-content\/uploads\/2026\/03\/Avata-360-Intelligent-Flight-Battery-DJI-Product.webp\"><img loading=\"lazy\" decoding=\"async\" class=\"aligncenter wp-image-470841 size-full\" src=\"https:\/\/koningdrone.nl\/wp-content\/uploads\/2026\/03\/Avata-360-Intelligent-Flight-Battery-DJI-Product.webp\" alt=\"Avata 360 Intelligent Flight Battery DJI Product\" width=\"1200\" height=\"800\" \/><\/a><\/p>\n<h4>Performance et fonctionnalit\u00e9<\/h4>\n<p>Avec une capacit\u00e9 nominale de 2420 mAh et une \u00e9nergie d'environ 35,71 Wh, cette batterie de vol intelligente offre une dur\u00e9e de vol d'environ 18 minutes dans des conditions id\u00e9ales (test de vol stationnaire sans vent). La batterie supporte un taux de d\u00e9charge typique de 7C, assurant une performance stable pendant les vols FPV et les man\u0153uvres difficiles.<\/p>\n<p>Le syst\u00e8me de gestion int\u00e9gr\u00e9 surveille en permanence la tension, la temp\u00e9rature et l'\u00e9tat de charge, ce qui permet de pr\u00e9server la sant\u00e9 de la batterie et de garantir une utilisation s\u00fbre.<\/p>\n<h4>Qualit\u00e9 de construction et conception<\/h4>\n<p>Cette batterie de vol intelligente est con\u00e7ue comme une batterie Li-ion l\u00e9g\u00e8re et robuste qui s'ins\u00e8re facilement dans le bo\u00eetier de la batterie de l'Avata 360. Sa forme compacte permet un remplacement rapide et efficace pendant les vols.<\/p>\n<p>La batterie est dot\u00e9e de fonctions de protection int\u00e9gr\u00e9es qui permettent d'\u00e9viter la surchauffe, la surcharge et d'autres probl\u00e8mes de navigation ou de charge, ce qui accro\u00eet la fiabilit\u00e9 en cas d'utilisation intensive.<a href=\"https:\/\/koningdrone.nl\/wp-content\/uploads\/2026\/03\/DJI-Product-Avata-360-Intelligent-Flight-Battery.webp\"><img loading=\"lazy\" decoding=\"async\" class=\"size-medium wp-image-470837 aligncenter\" src=\"https:\/\/koningdrone.nl\/wp-content\/uploads\/2026\/03\/DJI-Product-Avata-360-Intelligent-Flight-Battery-300x300.webp\" alt=\"DJI Product Avata 360 Intelligent Flight Battery\" width=\"300\" height=\"300\" \/><\/a><\/p>\n<h4>Pourquoi vous en avez besoin ?<\/h4>\n<p>&nbsp;<\/p>\n<p>Si vous volez r\u00e9guli\u00e8rement avec votre Avata 360 ou si vous souhaitez effectuer des vols plus longs, cette batterie de vol intelligente est un accessoire essentiel. Les batteries suppl\u00e9mentaires vous permettent d'avoir plus d'heures de vol sans trop de temps d'attente entre les vols, ce qui est parfait pour les sessions FPV, la photographie a\u00e9rienne ou la cr\u00e9ation de contenu en ext\u00e9rieur.<\/p>","protected":false},"excerpt":{"rendered":"<ul>\n<li>Batterie Li-ion haute capacit\u00e9 pour une dur\u00e9e de vol plus longue (\u00b118 min)<\/li>\n<li>Syst\u00e8me intelligent de gestion de la batterie DJI pour une surveillance en temps r\u00e9el<\/li>\n<li>Performances stables avec un taux de d\u00e9charge typique de 7\u00b0C<\/li>\n<li>Conception compacte et l\u00e9g\u00e8re<\/li>\n<li>S\u00e9curit\u00e9 de chargement et d'utilisation int\u00e9gr\u00e9e<\/li>\n<\/ul>","protected":false},"featured_media":17960,"template":"","meta":{"_acf_changed":false},"product_brand":[],"product_cat":[1838],"product_tag":[],"class_list":{"0":"post-17956","1":"product","2":"type-product","3":"status-publish","4":"has-post-thumbnail","6":"product_cat-dji-avata-360","7":"product_shipping_class-acsystemsall","8":"pa_brand-dji","9":"pa_producttype-batterij","10":"pa_series-avata","12":"first","13":"instock","14":"taxable","15":"shipping-taxable","16":"purchasable","17":"product-type-simple"},"acf":[],"yoast_head":"<!-- This site is optimized with the Yoast SEO Premium plugin v27.2 (Yoast SEO v27.2) - https:\/\/yoast.com\/product\/yoast-seo-premium-wordpress\/ -->\n<title>DJI Avata 360 Intelligent Flight Battery - koningdrone.be<\/title>\n<meta name=\"robots\" content=\"index, follow, max-snippet:-1, max-image-preview:large, max-video-preview:-1\" \/>\n<link rel=\"canonical\" href=\"https:\/\/koningdrone.be\/fr\/produit\/dji-avata-360-intelligent-flight-battery\/\" \/>\n<meta property=\"og:locale\" content=\"fr_FR\" \/>\n<meta property=\"og:type\" content=\"article\" \/>\n<meta property=\"og:title\" content=\"DJI Avata 360 Intelligent Flight Battery\" \/>\n<meta property=\"og:description\" content=\"Hoge capaciteit Li\u2011ion batterij voor langere vliegtijd (\u00b118\u202fmin)  DJI Intelligent Battery Management System voor realtime monitoring  Stabiele prestaties met typisch 7\u202fC ontlaadsnelheid  Compact en lichtgewicht ontwerp  Veilige oplaad\u2011 en gebruiksbeveiligingen ingebouwd\" \/>\n<meta property=\"og:url\" content=\"https:\/\/koningdrone.be\/fr\/produit\/dji-avata-360-intelligent-flight-battery\/\" \/>\n<meta property=\"og:site_name\" content=\"koningdrone.be\" \/>\n<meta property=\"article:modified_time\" content=\"2026-04-29T01:50:47+00:00\" \/>\n<meta property=\"og:image\" content=\"https:\/\/koningdrone.be\/wp-content\/uploads\/sites\/13\/2026\/03\/Avata-360-Intelligent-Flight-Battery-DJI.webp\" \/>\n\t<meta property=\"og:image:width\" content=\"2048\" \/>\n\t<meta property=\"og:image:height\" content=\"2048\" \/>\n\t<meta property=\"og:image:type\" content=\"image\/webp\" \/>\n<meta name=\"twitter:card\" content=\"summary_large_image\" \/>\n<meta name=\"twitter:label1\" content=\"Dur\u00e9e de lecture est.\" \/>\n\t<meta name=\"twitter:data1\" content=\"1 minute\" \/>\n<script type=\"application\/ld+json\" class=\"yoast-schema-graph\">{\"@context\":\"https:\/\/schema.org\",\"@graph\":[{\"@type\":\"WebPage\",\"@id\":\"https:\/\/koningdrone.be\/product\/dji-avata-360-intelligent-flight-battery\/\",\"url\":\"https:\/\/koningdrone.be\/product\/dji-avata-360-intelligent-flight-battery\/\",\"name\":\"DJI Avata 360 Intelligent Flight Battery - koningdrone.be\",\"isPartOf\":{\"@id\":\"https:\/\/koningdrone.be\/#website\"},\"primaryImageOfPage\":{\"@id\":\"https:\/\/koningdrone.be\/product\/dji-avata-360-intelligent-flight-battery\/#primaryimage\"},\"image\":{\"@id\":\"https:\/\/koningdrone.be\/product\/dji-avata-360-intelligent-flight-battery\/#primaryimage\"},\"thumbnailUrl\":\"https:\/\/koningdrone.be\/wp-content\/uploads\/sites\/13\/2026\/03\/Avata-360-Intelligent-Flight-Battery-DJI.webp\",\"datePublished\":\"2026-03-27T09:38:21+00:00\",\"dateModified\":\"2026-04-29T01:50:47+00:00\",\"breadcrumb\":{\"@id\":\"https:\/\/koningdrone.be\/product\/dji-avata-360-intelligent-flight-battery\/#breadcrumb\"},\"inLanguage\":\"fr-BE\",\"potentialAction\":[{\"@type\":\"ReadAction\",\"target\":[\"https:\/\/koningdrone.be\/product\/dji-avata-360-intelligent-flight-battery\/\"]}]},{\"@type\":\"ImageObject\",\"inLanguage\":\"fr-BE\",\"@id\":\"https:\/\/koningdrone.be\/product\/dji-avata-360-intelligent-flight-battery\/#primaryimage\",\"url\":\"https:\/\/koningdrone.be\/wp-content\/uploads\/sites\/13\/2026\/03\/Avata-360-Intelligent-Flight-Battery-DJI.webp\",\"contentUrl\":\"https:\/\/koningdrone.be\/wp-content\/uploads\/sites\/13\/2026\/03\/Avata-360-Intelligent-Flight-Battery-DJI.webp\",\"width\":2048,\"height\":2048},{\"@type\":\"BreadcrumbList\",\"@id\":\"https:\/\/koningdrone.be\/product\/dji-avata-360-intelligent-flight-battery\/#breadcrumb\",\"itemListElement\":[{\"@type\":\"ListItem\",\"position\":1,\"name\":\"Home\",\"item\":\"https:\/\/koningdrone.be\/\"},{\"@type\":\"ListItem\",\"position\":2,\"name\":\"AVSS Parachute Recovery System for DJI Matrice 300\/350\",\"item\":\"https:\/\/koningdrone.be\/product\/avss-parachute-recovery-system-for-dji-matrice-300-350\/\"},{\"@type\":\"ListItem\",\"position\":3,\"name\":\"DJI Avata 360\",\"item\":\"https:\/\/koningdrone.be\/categorie\/dji-avata-360\/\"},{\"@type\":\"ListItem\",\"position\":4,\"name\":\"DJI Avata 360 Intelligent Flight Battery\"}]},{\"@type\":\"WebSite\",\"@id\":\"https:\/\/koningdrone.be\/#website\",\"url\":\"https:\/\/koningdrone.be\/\",\"name\":\"Koningdrone.be - Uw online specialist in drones, gimbals, camera's en power stations.\",\"description\":\"De webshop in drones en gimbals\",\"publisher\":{\"@id\":\"https:\/\/koningdrone.be\/#organization\"},\"potentialAction\":[{\"@type\":\"SearchAction\",\"target\":{\"@type\":\"EntryPoint\",\"urlTemplate\":\"https:\/\/koningdrone.be\/?s={search_term_string}\"},\"query-input\":{\"@type\":\"PropertyValueSpecification\",\"valueRequired\":true,\"valueName\":\"search_term_string\"}}],\"inLanguage\":\"fr-BE\"},{\"@type\":\"Organization\",\"@id\":\"https:\/\/koningdrone.be\/#organization\",\"name\":\"Koningdrone.be\",\"url\":\"https:\/\/koningdrone.be\/\",\"logo\":{\"@type\":\"ImageObject\",\"inLanguage\":\"fr-BE\",\"@id\":\"https:\/\/koningdrone.be\/#\/schema\/logo\/image\/\",\"url\":\"https:\/\/koningdrone.be\/wp-content\/uploads\/sites\/13\/2025\/04\/koningdrone-copyright-logo.svg\",\"contentUrl\":\"https:\/\/koningdrone.be\/wp-content\/uploads\/sites\/13\/2025\/04\/koningdrone-copyright-logo.svg\",\"width\":227,\"height\":38,\"caption\":\"Koningdrone.be\"},\"image\":{\"@id\":\"https:\/\/koningdrone.be\/#\/schema\/logo\/image\/\"}}]}<\/script>\n<!-- \/ Yoast SEO Premium plugin. -->","yoast_head_json":{"title":"DJI Avata 360 Intelligent Flight Battery - koningdrone.be","robots":{"index":"index","follow":"follow","max-snippet":"max-snippet:-1","max-image-preview":"max-image-preview:large","max-video-preview":"max-video-preview:-1"},"canonical":"https:\/\/koningdrone.be\/fr\/produit\/dji-avata-360-intelligent-flight-battery\/","og_locale":"fr_FR","og_type":"article","og_title":"DJI Avata 360 Intelligent Flight Battery","og_description":"Hoge capaciteit Li\u2011ion batterij voor langere vliegtijd (\u00b118\u202fmin)  DJI Intelligent Battery Management System voor realtime monitoring  Stabiele prestaties met typisch 7\u202fC ontlaadsnelheid  Compact en lichtgewicht ontwerp  Veilige oplaad\u2011 en gebruiksbeveiligingen ingebouwd","og_url":"https:\/\/koningdrone.be\/fr\/produit\/dji-avata-360-intelligent-flight-battery\/","og_site_name":"koningdrone.be","article_modified_time":"2026-04-29T01:50:47+00:00","og_image":[{"width":2048,"height":2048,"url":"https:\/\/koningdrone.be\/wp-content\/uploads\/sites\/13\/2026\/03\/Avata-360-Intelligent-Flight-Battery-DJI.webp","type":"image\/webp"}],"twitter_card":"summary_large_image","twitter_misc":{"Dur\u00e9e de lecture est.":"1 minute"},"schema":{"@context":"https:\/\/schema.org","@graph":[{"@type":"WebPage","@id":"https:\/\/koningdrone.be\/product\/dji-avata-360-intelligent-flight-battery\/","url":"https:\/\/koningdrone.be\/product\/dji-avata-360-intelligent-flight-battery\/","name":"DJI Avata 360 Intelligent Flight Battery - koningdrone.be","isPartOf":{"@id":"https:\/\/koningdrone.be\/#website"},"primaryImageOfPage":{"@id":"https:\/\/koningdrone.be\/product\/dji-avata-360-intelligent-flight-battery\/#primaryimage"},"image":{"@id":"https:\/\/koningdrone.be\/product\/dji-avata-360-intelligent-flight-battery\/#primaryimage"},"thumbnailUrl":"https:\/\/koningdrone.be\/wp-content\/uploads\/sites\/13\/2026\/03\/Avata-360-Intelligent-Flight-Battery-DJI.webp","datePublished":"2026-03-27T09:38:21+00:00","dateModified":"2026-04-29T01:50:47+00:00","breadcrumb":{"@id":"https:\/\/koningdrone.be\/product\/dji-avata-360-intelligent-flight-battery\/#breadcrumb"},"inLanguage":"fr-BE","potentialAction":[{"@type":"ReadAction","target":["https:\/\/koningdrone.be\/product\/dji-avata-360-intelligent-flight-battery\/"]}]},{"@type":"ImageObject","inLanguage":"fr-BE","@id":"https:\/\/koningdrone.be\/product\/dji-avata-360-intelligent-flight-battery\/#primaryimage","url":"https:\/\/koningdrone.be\/wp-content\/uploads\/sites\/13\/2026\/03\/Avata-360-Intelligent-Flight-Battery-DJI.webp","contentUrl":"https:\/\/koningdrone.be\/wp-content\/uploads\/sites\/13\/2026\/03\/Avata-360-Intelligent-Flight-Battery-DJI.webp","width":2048,"height":2048},{"@type":"BreadcrumbList","@id":"https:\/\/koningdrone.be\/product\/dji-avata-360-intelligent-flight-battery\/#breadcrumb","itemListElement":[{"@type":"ListItem","position":1,"name":"Home","item":"https:\/\/koningdrone.be\/"},{"@type":"ListItem","position":2,"name":"AVSS Parachute Recovery System for DJI Matrice 300\/350","item":"https:\/\/koningdrone.be\/product\/avss-parachute-recovery-system-for-dji-matrice-300-350\/"},{"@type":"ListItem","position":3,"name":"DJI Avata 360","item":"https:\/\/koningdrone.be\/categorie\/dji-avata-360\/"},{"@type":"ListItem","position":4,"name":"DJI Avata 360 Intelligent Flight Battery"}]},{"@type":"WebSite","@id":"https:\/\/koningdrone.be\/#website","url":"https:\/\/koningdrone.be\/","name":"Koningdrone.be - Votre sp\u00e9cialiste en ligne en mati\u00e8re de drones, de cardans, de cam\u00e9ras et de centrales \u00e9lectriques.","description":"La boutique en ligne de drones et de cardans","publisher":{"@id":"https:\/\/koningdrone.be\/#organization"},"potentialAction":[{"@type":"SearchAction","target":{"@type":"EntryPoint","urlTemplate":"https:\/\/koningdrone.be\/?s={search_term_string}"},"query-input":{"@type":"PropertyValueSpecification","valueRequired":true,"valueName":"search_term_string"}}],"inLanguage":"fr-BE"},{"@type":"Organization","@id":"https:\/\/koningdrone.be\/#organization","name":"Kingdrone.co.uk","url":"https:\/\/koningdrone.be\/","logo":{"@type":"ImageObject","inLanguage":"fr-BE","@id":"https:\/\/koningdrone.be\/#\/schema\/logo\/image\/","url":"https:\/\/koningdrone.be\/wp-content\/uploads\/sites\/13\/2025\/04\/koningdrone-copyright-logo.svg","contentUrl":"https:\/\/koningdrone.be\/wp-content\/uploads\/sites\/13\/2025\/04\/koningdrone-copyright-logo.svg","width":227,"height":38,"caption":"Koningdrone.be"},"image":{"@id":"https:\/\/koningdrone.be\/#\/schema\/logo\/image\/"}}]}},"df_price":76,"df_sale_price":"","df_regular_price":76,"df_image_link":"https:\/\/koningdrone.be\/wp-content\/uploads\/sites\/13\/2026\/03\/Avata-360-Intelligent-Flight-Battery-DJI-300x300.webp","_links":{"self":[{"href":"https:\/\/koningdrone.be\/fr\/wp-json\/wp\/v2\/product\/17956","targetHints":{"allow":["GET"]}}],"collection":[{"href":"https:\/\/koningdrone.be\/fr\/wp-json\/wp\/v2\/product"}],"about":[{"href":"https:\/\/koningdrone.be\/fr\/wp-json\/wp\/v2\/types\/product"}],"wp:featuredmedia":[{"embeddable":true,"href":"https:\/\/koningdrone.be\/fr\/wp-json\/wp\/v2\/media\/17960"}],"wp:attachment":[{"href":"https:\/\/koningdrone.be\/fr\/wp-json\/wp\/v2\/media?parent=17956"}],"wp:term":[{"taxonomy":"product_brand","embeddable":true,"href":"https:\/\/koningdrone.be\/fr\/wp-json\/wp\/v2\/product_brand?post=17956"},{"taxonomy":"product_cat","embeddable":true,"href":"https:\/\/koningdrone.be\/fr\/wp-json\/wp\/v2\/product_cat?post=17956"},{"taxonomy":"product_tag","embeddable":true,"href":"https:\/\/koningdrone.be\/fr\/wp-json\/wp\/v2\/product_tag?post=17956"}],"curies":[{"name":"wp","href":"https:\/\/api.w.org\/{rel}","templated":true}]}}