{"id":17951,"date":"2026-04-03T18:11:12","date_gmt":"2026-04-03T16:11:12","guid":{"rendered":"https:\/\/koningdrone.be\/?post_type=product&#038;p=17951"},"modified":"2026-04-29T03:50:48","modified_gmt":"2026-04-29T01:50:48","slug":"dji-avata-360-propellers","status":"publish","type":"product","link":"https:\/\/koningdrone.be\/fr\/produit\/dji-avata-360-propellers\/","title":{"rendered":"H\u00e9lices DJI Avata 360"},"content":{"rendered":"<h3>H\u00e9lices DJI Avata 360<\/h3>\n<p><iframe loading=\"lazy\" title=\"DJI Avata 360 - Au-dessus de tout, pour tout voir\" width=\"800\" height=\"450\" src=\"https:\/\/www.youtube.com\/embed\/LFZmfqA48ec?feature=oembed&#038;enablejsapi=1&#038;origin=https:\/\/koningdrone.be\" frameborder=\"0\" allow=\"accelerometer; autoplay; clipboard-write; encrypted-media; gyroscope; picture-in-picture; web-share\" referrerpolicy=\"strict-origin-when-cross-origin\" allowfullscreen><\/iframe><\/p>\n<p style=\"margin-top: 20px\">Les h\u00e9lices DJI Avata 360 sont des h\u00e9lices de remplacement sp\u00e9cialement con\u00e7ues pour fournir une propulsion puissante et stable aux drones de la s\u00e9rie DJI Avata, y compris le nouveau mod\u00e8le Avata 360. Elles sont destin\u00e9es aux pilotes de drones qui souhaitent donner \u00e0 leur appareil des performances et une fiabilit\u00e9 optimales en vol, ou qui ont besoin de pi\u00e8ces de rechange pour la maintenance.<\/p>\n<p>Ces h\u00e9lices sont \u00e9quilibr\u00e9es dynamiquement selon les sp\u00e9cifications de DJI pour minimiser les vibrations et fournir une pouss\u00e9e efficace pour les vols FPV et les man\u0153uvres de freeride.<\/p>\n<p><a href=\"https:\/\/koningdrone.nl\/wp-content\/uploads\/2026\/03\/DJI-Avata-360-Propellers.webp\"><img loading=\"lazy\" decoding=\"async\" class=\"size-medium wp-image-470824 aligncenter\" src=\"https:\/\/koningdrone.nl\/wp-content\/uploads\/2026\/03\/DJI-Avata-360-Propellers-300x300.webp\" alt=\"DJI Avata 360 Propellers\" width=\"300\" height=\"300\" \/><\/a><\/p>\n<h4>Performance et fonctionnalit\u00e9<\/h4>\n<p>Dankzij precisie\u2011balancing dragen de propellers bij aan een soepele en betrouwbare vlucht door krachtige en stabiele luchtstroom te leveren. Dit helpt de drone betere prestaties te behalen bij klimmen, manoeuvreren en vliegen met hogere snelheden, wat belangrijk is voor FPV\u2011stijlen zoals freeride en cinewhoop\u2011video\u2019s.<\/p>\n<p>De set bevat zowel propellers voor klok\u2011 als tegen\u2011klok draaiing, waardoor de drone in balans blijft en gecontroleerd kan vliegen.<\/p>\n<h4>Qualit\u00e9 de construction et conception<\/h4>\n<p>Deze propellers zijn vervaardigd met hoogwaardige materialen die lichtgewicht maar duurzaam zijn, ontworpen om bestand te zijn tegen normale slijtage en consistente prestaties te leveren tijdens herhaald gebruik.<\/p>\n<p>Ze zijn gemaakt om eenvoudig te monteren met de bijgeleverde schroeven, wat onderhoud en vervanging eenvoudig maakt voor zowel beginnende als ervaren piloten.<\/p>\n<p><a href=\"https:\/\/koningdrone.nl\/wp-content\/uploads\/2026\/03\/DJI-Product-Avata-360-Propellers.webp\"><img loading=\"lazy\" decoding=\"async\" class=\"size-medium wp-image-470822 aligncenter\" src=\"https:\/\/koningdrone.nl\/wp-content\/uploads\/2026\/03\/DJI-Product-Avata-360-Propellers-300x300.webp\" alt=\"DJI Product Avata 360 Propellers\" width=\"300\" height=\"300\" \/><\/a><\/p>\n<h4>Pourquoi vous en avez besoin ?<\/h4>\n<p>De bonnes h\u00e9lices sont essentielles pour assurer la fiabilit\u00e9 des performances de vol et la s\u00e9curit\u00e9. Des h\u00e9lices us\u00e9es ou endommag\u00e9es peuvent r\u00e9duire la stabilit\u00e9 et affecter n\u00e9gativement le contr\u00f4le du drone. Avec ces h\u00e9lices DJI d'origine, vous pouvez maximiser les performances de votre Avata 360 avec la stabilit\u00e9 et l'efficacit\u00e9 que les produits DJI promettent.<\/p>","protected":false},"excerpt":{"rendered":"<ul>\n<li>H\u00e9lices \u00e9quilibr\u00e9es dynamiquement pour une propulsion puissante et stable<\/li>\n<li>Prise en charge de la rotation dans le sens des aiguilles d'une montre et dans le sens inverse des aiguilles d'une montre (CW &amp; CCW)<\/li>\n<li>Conception l\u00e9g\u00e8re pour des performances de vol efficaces<\/li>\n<li>Mat\u00e9riau durable pour une utilisation r\u00e9guli\u00e8re<\/li>\n<li>Livr\u00e9 avec toutes les vis n\u00e9cessaires \u00e0 l'installation<\/li>\n<\/ul>","protected":false},"featured_media":17952,"template":"","meta":{"_acf_changed":false},"product_brand":[],"product_cat":[1838],"product_tag":[],"class_list":{"0":"post-17951","1":"product","2":"type-product","3":"status-publish","4":"has-post-thumbnail","6":"product_cat-dji-avata-360","7":"product_shipping_class-acsystemsall","8":"pa_brand-dji","9":"pa_producttype-propellers","10":"pa_series-avata","12":"first","13":"instock","14":"taxable","15":"shipping-taxable","16":"purchasable","17":"product-type-simple"},"acf":[],"yoast_head":"<!-- This site is optimized with the Yoast SEO Premium plugin v27.2 (Yoast SEO v27.2) - https:\/\/yoast.com\/product\/yoast-seo-premium-wordpress\/ -->\n<title>DJI Avata 360 Propellers - koningdrone.be<\/title>\n<meta name=\"robots\" content=\"index, follow, max-snippet:-1, max-image-preview:large, max-video-preview:-1\" \/>\n<link rel=\"canonical\" href=\"https:\/\/koningdrone.be\/fr\/produit\/dji-avata-360-propellers\/\" \/>\n<meta property=\"og:locale\" content=\"fr_FR\" \/>\n<meta property=\"og:type\" content=\"article\" \/>\n<meta property=\"og:title\" content=\"DJI Avata 360 Propellers\" \/>\n<meta property=\"og:description\" content=\"Dynamisch gebalanceerde propellers voor krachtige en stabiele voortstuwing  Ondersteunen zowel klok\u2011 als tegen\u2011klok draaiing (CW &amp; CCW)  Lichtgewicht ontwerp voor effici\u00ebnte vliegprestaties  Duurzaam materiaal voor consistent gebruik  Wordt geleverd met alle benodigde schroeven voor installatie\" \/>\n<meta property=\"og:url\" content=\"https:\/\/koningdrone.be\/fr\/produit\/dji-avata-360-propellers\/\" \/>\n<meta property=\"og:site_name\" content=\"koningdrone.be\" \/>\n<meta property=\"article:modified_time\" content=\"2026-04-29T01:50:48+00:00\" \/>\n<meta property=\"og:image\" content=\"https:\/\/koningdrone.be\/wp-content\/uploads\/sites\/13\/2026\/03\/DJI-Avata-360-Propellers.webp\" \/>\n\t<meta property=\"og:image:width\" content=\"2048\" \/>\n\t<meta property=\"og:image:height\" content=\"2048\" \/>\n\t<meta property=\"og:image:type\" content=\"image\/webp\" \/>\n<meta name=\"twitter:card\" content=\"summary_large_image\" \/>\n<meta name=\"twitter:label1\" content=\"Dur\u00e9e de lecture est.\" \/>\n\t<meta name=\"twitter:data1\" content=\"1 minute\" \/>\n<script type=\"application\/ld+json\" class=\"yoast-schema-graph\">{\"@context\":\"https:\/\/schema.org\",\"@graph\":[{\"@type\":\"WebPage\",\"@id\":\"https:\/\/koningdrone.be\/product\/dji-avata-360-propellers\/\",\"url\":\"https:\/\/koningdrone.be\/product\/dji-avata-360-propellers\/\",\"name\":\"DJI Avata 360 Propellers - koningdrone.be\",\"isPartOf\":{\"@id\":\"https:\/\/koningdrone.be\/#website\"},\"primaryImageOfPage\":{\"@id\":\"https:\/\/koningdrone.be\/product\/dji-avata-360-propellers\/#primaryimage\"},\"image\":{\"@id\":\"https:\/\/koningdrone.be\/product\/dji-avata-360-propellers\/#primaryimage\"},\"thumbnailUrl\":\"https:\/\/koningdrone.be\/wp-content\/uploads\/sites\/13\/2026\/03\/DJI-Avata-360-Propellers.webp\",\"datePublished\":\"2026-04-03T16:11:12+00:00\",\"dateModified\":\"2026-04-29T01:50:48+00:00\",\"breadcrumb\":{\"@id\":\"https:\/\/koningdrone.be\/product\/dji-avata-360-propellers\/#breadcrumb\"},\"inLanguage\":\"fr-BE\",\"potentialAction\":[{\"@type\":\"ReadAction\",\"target\":[\"https:\/\/koningdrone.be\/product\/dji-avata-360-propellers\/\"]}]},{\"@type\":\"ImageObject\",\"inLanguage\":\"fr-BE\",\"@id\":\"https:\/\/koningdrone.be\/product\/dji-avata-360-propellers\/#primaryimage\",\"url\":\"https:\/\/koningdrone.be\/wp-content\/uploads\/sites\/13\/2026\/03\/DJI-Avata-360-Propellers.webp\",\"contentUrl\":\"https:\/\/koningdrone.be\/wp-content\/uploads\/sites\/13\/2026\/03\/DJI-Avata-360-Propellers.webp\",\"width\":2048,\"height\":2048},{\"@type\":\"BreadcrumbList\",\"@id\":\"https:\/\/koningdrone.be\/product\/dji-avata-360-propellers\/#breadcrumb\",\"itemListElement\":[{\"@type\":\"ListItem\",\"position\":1,\"name\":\"Home\",\"item\":\"https:\/\/koningdrone.be\/\"},{\"@type\":\"ListItem\",\"position\":2,\"name\":\"AVSS Parachute Recovery System for DJI Matrice 300\/350\",\"item\":\"https:\/\/koningdrone.be\/product\/avss-parachute-recovery-system-for-dji-matrice-300-350\/\"},{\"@type\":\"ListItem\",\"position\":3,\"name\":\"DJI Avata 360\",\"item\":\"https:\/\/koningdrone.be\/categorie\/dji-avata-360\/\"},{\"@type\":\"ListItem\",\"position\":4,\"name\":\"DJI Avata 360 Propellers\"}]},{\"@type\":\"WebSite\",\"@id\":\"https:\/\/koningdrone.be\/#website\",\"url\":\"https:\/\/koningdrone.be\/\",\"name\":\"Koningdrone.be - Uw online specialist in drones, gimbals, camera's en power stations.\",\"description\":\"De webshop in drones en gimbals\",\"publisher\":{\"@id\":\"https:\/\/koningdrone.be\/#organization\"},\"potentialAction\":[{\"@type\":\"SearchAction\",\"target\":{\"@type\":\"EntryPoint\",\"urlTemplate\":\"https:\/\/koningdrone.be\/?s={search_term_string}\"},\"query-input\":{\"@type\":\"PropertyValueSpecification\",\"valueRequired\":true,\"valueName\":\"search_term_string\"}}],\"inLanguage\":\"fr-BE\"},{\"@type\":\"Organization\",\"@id\":\"https:\/\/koningdrone.be\/#organization\",\"name\":\"Koningdrone.be\",\"url\":\"https:\/\/koningdrone.be\/\",\"logo\":{\"@type\":\"ImageObject\",\"inLanguage\":\"fr-BE\",\"@id\":\"https:\/\/koningdrone.be\/#\/schema\/logo\/image\/\",\"url\":\"https:\/\/koningdrone.be\/wp-content\/uploads\/sites\/13\/2025\/04\/koningdrone-copyright-logo.svg\",\"contentUrl\":\"https:\/\/koningdrone.be\/wp-content\/uploads\/sites\/13\/2025\/04\/koningdrone-copyright-logo.svg\",\"width\":227,\"height\":38,\"caption\":\"Koningdrone.be\"},\"image\":{\"@id\":\"https:\/\/koningdrone.be\/#\/schema\/logo\/image\/\"}}]}<\/script>\n<!-- \/ Yoast SEO Premium plugin. -->","yoast_head_json":{"title":"DJI Avata 360 Propellers - koningdrone.be","robots":{"index":"index","follow":"follow","max-snippet":"max-snippet:-1","max-image-preview":"max-image-preview:large","max-video-preview":"max-video-preview:-1"},"canonical":"https:\/\/koningdrone.be\/fr\/produit\/dji-avata-360-propellers\/","og_locale":"fr_FR","og_type":"article","og_title":"DJI Avata 360 Propellers","og_description":"Dynamisch gebalanceerde propellers voor krachtige en stabiele voortstuwing  Ondersteunen zowel klok\u2011 als tegen\u2011klok draaiing (CW &amp; CCW)  Lichtgewicht ontwerp voor effici\u00ebnte vliegprestaties  Duurzaam materiaal voor consistent gebruik  Wordt geleverd met alle benodigde schroeven voor installatie","og_url":"https:\/\/koningdrone.be\/fr\/produit\/dji-avata-360-propellers\/","og_site_name":"koningdrone.be","article_modified_time":"2026-04-29T01:50:48+00:00","og_image":[{"width":2048,"height":2048,"url":"https:\/\/koningdrone.be\/wp-content\/uploads\/sites\/13\/2026\/03\/DJI-Avata-360-Propellers.webp","type":"image\/webp"}],"twitter_card":"summary_large_image","twitter_misc":{"Dur\u00e9e de lecture est.":"1 minute"},"schema":{"@context":"https:\/\/schema.org","@graph":[{"@type":"WebPage","@id":"https:\/\/koningdrone.be\/product\/dji-avata-360-propellers\/","url":"https:\/\/koningdrone.be\/product\/dji-avata-360-propellers\/","name":"DJI Avata 360 Propellers - koningdrone.be","isPartOf":{"@id":"https:\/\/koningdrone.be\/#website"},"primaryImageOfPage":{"@id":"https:\/\/koningdrone.be\/product\/dji-avata-360-propellers\/#primaryimage"},"image":{"@id":"https:\/\/koningdrone.be\/product\/dji-avata-360-propellers\/#primaryimage"},"thumbnailUrl":"https:\/\/koningdrone.be\/wp-content\/uploads\/sites\/13\/2026\/03\/DJI-Avata-360-Propellers.webp","datePublished":"2026-04-03T16:11:12+00:00","dateModified":"2026-04-29T01:50:48+00:00","breadcrumb":{"@id":"https:\/\/koningdrone.be\/product\/dji-avata-360-propellers\/#breadcrumb"},"inLanguage":"fr-BE","potentialAction":[{"@type":"ReadAction","target":["https:\/\/koningdrone.be\/product\/dji-avata-360-propellers\/"]}]},{"@type":"ImageObject","inLanguage":"fr-BE","@id":"https:\/\/koningdrone.be\/product\/dji-avata-360-propellers\/#primaryimage","url":"https:\/\/koningdrone.be\/wp-content\/uploads\/sites\/13\/2026\/03\/DJI-Avata-360-Propellers.webp","contentUrl":"https:\/\/koningdrone.be\/wp-content\/uploads\/sites\/13\/2026\/03\/DJI-Avata-360-Propellers.webp","width":2048,"height":2048},{"@type":"BreadcrumbList","@id":"https:\/\/koningdrone.be\/product\/dji-avata-360-propellers\/#breadcrumb","itemListElement":[{"@type":"ListItem","position":1,"name":"Home","item":"https:\/\/koningdrone.be\/"},{"@type":"ListItem","position":2,"name":"AVSS Parachute Recovery System for DJI Matrice 300\/350","item":"https:\/\/koningdrone.be\/product\/avss-parachute-recovery-system-for-dji-matrice-300-350\/"},{"@type":"ListItem","position":3,"name":"DJI Avata 360","item":"https:\/\/koningdrone.be\/categorie\/dji-avata-360\/"},{"@type":"ListItem","position":4,"name":"DJI Avata 360 Propellers"}]},{"@type":"WebSite","@id":"https:\/\/koningdrone.be\/#website","url":"https:\/\/koningdrone.be\/","name":"Koningdrone.be - Votre sp\u00e9cialiste en ligne en mati\u00e8re de drones, de cardans, de cam\u00e9ras et de centrales \u00e9lectriques.","description":"La boutique en ligne de drones et de cardans","publisher":{"@id":"https:\/\/koningdrone.be\/#organization"},"potentialAction":[{"@type":"SearchAction","target":{"@type":"EntryPoint","urlTemplate":"https:\/\/koningdrone.be\/?s={search_term_string}"},"query-input":{"@type":"PropertyValueSpecification","valueRequired":true,"valueName":"search_term_string"}}],"inLanguage":"fr-BE"},{"@type":"Organization","@id":"https:\/\/koningdrone.be\/#organization","name":"Kingdrone.co.uk","url":"https:\/\/koningdrone.be\/","logo":{"@type":"ImageObject","inLanguage":"fr-BE","@id":"https:\/\/koningdrone.be\/#\/schema\/logo\/image\/","url":"https:\/\/koningdrone.be\/wp-content\/uploads\/sites\/13\/2025\/04\/koningdrone-copyright-logo.svg","contentUrl":"https:\/\/koningdrone.be\/wp-content\/uploads\/sites\/13\/2025\/04\/koningdrone-copyright-logo.svg","width":227,"height":38,"caption":"Koningdrone.be"},"image":{"@id":"https:\/\/koningdrone.be\/#\/schema\/logo\/image\/"}}]}},"df_price":17,"df_sale_price":"","df_regular_price":17,"df_image_link":"https:\/\/koningdrone.be\/wp-content\/uploads\/sites\/13\/2026\/03\/DJI-Avata-360-Propellers-300x300.webp","_links":{"self":[{"href":"https:\/\/koningdrone.be\/fr\/wp-json\/wp\/v2\/product\/17951","targetHints":{"allow":["GET"]}}],"collection":[{"href":"https:\/\/koningdrone.be\/fr\/wp-json\/wp\/v2\/product"}],"about":[{"href":"https:\/\/koningdrone.be\/fr\/wp-json\/wp\/v2\/types\/product"}],"wp:featuredmedia":[{"embeddable":true,"href":"https:\/\/koningdrone.be\/fr\/wp-json\/wp\/v2\/media\/17952"}],"wp:attachment":[{"href":"https:\/\/koningdrone.be\/fr\/wp-json\/wp\/v2\/media?parent=17951"}],"wp:term":[{"taxonomy":"product_brand","embeddable":true,"href":"https:\/\/koningdrone.be\/fr\/wp-json\/wp\/v2\/product_brand?post=17951"},{"taxonomy":"product_cat","embeddable":true,"href":"https:\/\/koningdrone.be\/fr\/wp-json\/wp\/v2\/product_cat?post=17951"},{"taxonomy":"product_tag","embeddable":true,"href":"https:\/\/koningdrone.be\/fr\/wp-json\/wp\/v2\/product_tag?post=17951"}],"curies":[{"name":"wp","href":"https:\/\/api.w.org\/{rel}","templated":true}]}}