{"id":17950,"date":"2026-03-27T10:38:26","date_gmt":"2026-03-27T09:38:26","guid":{"rendered":"https:\/\/koningdrone.be\/?post_type=product&#038;p=17950"},"modified":"2026-04-29T04:40:13","modified_gmt":"2026-04-29T02:40:13","slug":"dji-avata-360-two-way-charging-hub","status":"publish","type":"product","link":"https:\/\/koningdrone.be\/fr\/produit\/dji-avata-360-two-way-charging-hub\/","title":{"rendered":"DJI Avata 360 - Concentrateur de charge bidirectionnel"},"content":{"rendered":"<h3>DJI Avata 360 - Concentrateur de charge bidirectionnel<\/h3>\n<p><iframe loading=\"lazy\" title=\"DJI AVATA 2\uff5cTwo way Charing Hub\" width=\"800\" height=\"450\" src=\"https:\/\/www.youtube.com\/embed\/3TXqgM1o_1k?feature=oembed&#038;enablejsapi=1&#038;origin=https:\/\/koningdrone.be\" frameborder=\"0\" allow=\"accelerometer; autoplay; clipboard-write; encrypted-media; gyroscope; picture-in-picture; web-share\" referrerpolicy=\"strict-origin-when-cross-origin\" allowfullscreen><\/iframe><\/p>\n<p style=\"margin-top: 20px\">Le DJI Avata 360 Two-Way Charging Hub est une solution de charge polyvalente pour les batteries de vol intelligentes fournies avec l'Avata 360. Le hub vous permet de charger plusieurs batteries \u00e0 la suite, de les stocker de mani\u00e8re organis\u00e9e et de servir de banque d'\u00e9nergie mobile pour d'autres appareils. Ce produit est id\u00e9al pour les pilotes FPV et les photographes a\u00e9riens qui effectuent souvent plusieurs vols et souhaitent g\u00e9rer efficacement leurs batteries.<\/p>\n<p style=\"margin-bottom: 20px\">Gr\u00e2ce \u00e0 la fonction de charge s\u00e9quentielle intelligente, il n'est pas n\u00e9cessaire de connecter les batteries une \u00e0 une, ce qui permet de gagner du temps et d'optimiser les niveaux de batterie pour des journ\u00e9es de vol plus longues.<\/p>\n<p><a href=\"https:\/\/koningdrone.nl\/wp-content\/uploads\/2026\/03\/Two-Way-Charging-Hub-DJI-Avata-360-Product.webp\"><img loading=\"lazy\" decoding=\"async\" class=\"aligncenter wp-image-470807 size-full\" src=\"https:\/\/koningdrone.nl\/wp-content\/uploads\/2026\/03\/Two-Way-Charging-Hub-DJI-Avata-360-Product.webp\" alt=\"Two-Way Charging Hub DJI Avata 360 Product\" width=\"1200\" height=\"800\" \/><\/a><\/p>\n<h4>Performance et fonctionnalit\u00e9<\/h4>\n<p>Le concentrateur charge trois batteries \u00e0 la suite, en commen\u00e7ant par celle dont la charge r\u00e9siduelle est la plus \u00e9lev\u00e9e. La fonction d'accumulation d'\u00e9nergie vous permet de transf\u00e9rer l'\u00e9nergie r\u00e9siduelle de plusieurs batteries vers une batterie ayant la charge la plus \u00e9lev\u00e9e, ce qui est utile dans les situations o\u00f9 vous avez besoin d'une batterie pleine rapidement.<\/p>\n<p>Via le port USB-C, le hub peut \u00e9galement se connecter \u00e0 des appareils externes tels que des smartphones ou des appareils DJI compatibles et les recharger en cas de besoin.<\/p>\n<h4>Qualit\u00e9 de construction et conception<\/h4>\n<p>Le concentrateur de charge est compact et l\u00e9ger, con\u00e7u pour \u00eatre facilement transport\u00e9 dans les a\u00e9roports ou sur le terrain. Il permet de placer en toute s\u00e9curit\u00e9 jusqu'\u00e0 trois batteries simultan\u00e9ment et comprend des indicateurs LED qui indiquent visuellement l'\u00e9tat de charge et l'utilisation de la banque d'\u00e9nergie.<\/p>\n<p>Avec la prise en charge de l'USB Power Delivery jusqu'\u00e0 65 W, le hub offre une solution de charge efficace et p\u00e9renne.<\/p>\n<p><a href=\"https:\/\/koningdrone.nl\/wp-content\/uploads\/2026\/03\/DJI-Product-Avata-360-Two-Way-Charging-Hub.webp\"><img loading=\"lazy\" decoding=\"async\" class=\"size-medium wp-image-470804 aligncenter\" src=\"https:\/\/koningdrone.nl\/wp-content\/uploads\/2026\/03\/DJI-Product-Avata-360-Two-Way-Charging-Hub-300x300.webp\" alt=\"DJI Product Avata 360 Two-Way Charging Hub\" width=\"300\" height=\"300\" \/><\/a><\/p>\n<h4>Pourquoi vous en avez besoin ?<\/h4>\n<p>Si vous pilotez la DJI Avata 360 et que vous utilisez plusieurs batteries, ce concentrateur de charge est un accessoire essentiel pour charger les batteries rapidement et de mani\u00e8re organis\u00e9e. Il permet de gagner du temps, de simplifier la gestion des batteries et d'ajouter une flexibilit\u00e9 suppl\u00e9mentaire gr\u00e2ce \u00e0 sa fonction de banque d'\u00e9nergie.<\/p>","protected":false},"excerpt":{"rendered":"<ul>\n<li>Chargement efficace de trois batteries de vol intelligentes en s\u00e9quence.<\/li>\n<li>Fonction d'accumulation d'\u00e9nergie pour regrouper l'\u00e9nergie restante dans une seule batterie.<\/li>\n<li>Peut faire office de banque d'\u00e9nergie mobile via le port USB-C.<\/li>\n<li>Conception compacte et portable pour une utilisation en d\u00e9placement.<\/li>\n<li>Prise en charge de l'alimentation \u00e9lectrique par USB jusqu'\u00e0 65 W.<\/li>\n<\/ul>","protected":false},"featured_media":17945,"template":"","meta":{"_acf_changed":false},"product_brand":[],"product_cat":[1838],"product_tag":[],"class_list":{"0":"post-17950","1":"product","2":"type-product","3":"status-publish","4":"has-post-thumbnail","6":"product_cat-dji-avata-360","7":"product_shipping_class-europafotoall","8":"pa_brand-dji","9":"pa_producttype-laadstation","10":"pa_series-avata","12":"first","13":"instock","14":"taxable","15":"shipping-taxable","16":"purchasable","17":"product-type-simple"},"acf":[],"yoast_head":"<!-- This site is optimized with the Yoast SEO Premium plugin v27.2 (Yoast SEO v27.2) - https:\/\/yoast.com\/product\/yoast-seo-premium-wordpress\/ -->\n<title>DJI Avata 360 Two-Way Charging Hub - koningdrone.be<\/title>\n<meta name=\"robots\" content=\"index, follow, max-snippet:-1, max-image-preview:large, max-video-preview:-1\" \/>\n<link rel=\"canonical\" href=\"https:\/\/koningdrone.be\/fr\/produit\/dji-avata-360-two-way-charging-hub\/\" \/>\n<meta property=\"og:locale\" content=\"fr_FR\" \/>\n<meta property=\"og:type\" content=\"article\" \/>\n<meta property=\"og:title\" content=\"DJI Avata 360 Two-Way Charging Hub\" \/>\n<meta property=\"og:description\" content=\"Effici\u00ebnt opladen van maximaal drie Intelligent Flight Batteries in sequentie.  Power accumulation\u2011functie om resterende energie te bundelen in \u00e9\u00e9n batterij.  Kan fungeren als mobiele powerbank via USB\u2011C\u2011poort.  Compact en draagbaar ontwerp voor gebruik onderweg.  Ondersteuning voor USB Power Delivery tot 65\u202fW.\" \/>\n<meta property=\"og:url\" content=\"https:\/\/koningdrone.be\/fr\/produit\/dji-avata-360-two-way-charging-hub\/\" \/>\n<meta property=\"og:site_name\" content=\"koningdrone.be\" \/>\n<meta property=\"article:modified_time\" content=\"2026-04-29T02:40:13+00:00\" \/>\n<meta property=\"og:image\" content=\"https:\/\/koningdrone.be\/wp-content\/uploads\/sites\/13\/2026\/03\/DJI-Avata-360-Two-Way-Charging-Hub.webp\" \/>\n\t<meta property=\"og:image:width\" content=\"2048\" \/>\n\t<meta property=\"og:image:height\" content=\"2048\" \/>\n\t<meta property=\"og:image:type\" content=\"image\/webp\" \/>\n<meta name=\"twitter:card\" content=\"summary_large_image\" \/>\n<meta name=\"twitter:label1\" content=\"Dur\u00e9e de lecture est.\" \/>\n\t<meta name=\"twitter:data1\" content=\"2 minutes\" \/>\n<script type=\"application\/ld+json\" class=\"yoast-schema-graph\">{\"@context\":\"https:\/\/schema.org\",\"@graph\":[{\"@type\":\"WebPage\",\"@id\":\"https:\/\/koningdrone.be\/product\/dji-avata-360-two-way-charging-hub\/\",\"url\":\"https:\/\/koningdrone.be\/product\/dji-avata-360-two-way-charging-hub\/\",\"name\":\"DJI Avata 360 Two-Way Charging Hub - koningdrone.be\",\"isPartOf\":{\"@id\":\"https:\/\/koningdrone.be\/#website\"},\"primaryImageOfPage\":{\"@id\":\"https:\/\/koningdrone.be\/product\/dji-avata-360-two-way-charging-hub\/#primaryimage\"},\"image\":{\"@id\":\"https:\/\/koningdrone.be\/product\/dji-avata-360-two-way-charging-hub\/#primaryimage\"},\"thumbnailUrl\":\"https:\/\/koningdrone.be\/wp-content\/uploads\/sites\/13\/2026\/03\/DJI-Avata-360-Two-Way-Charging-Hub.webp\",\"datePublished\":\"2026-03-27T09:38:26+00:00\",\"dateModified\":\"2026-04-29T02:40:13+00:00\",\"breadcrumb\":{\"@id\":\"https:\/\/koningdrone.be\/product\/dji-avata-360-two-way-charging-hub\/#breadcrumb\"},\"inLanguage\":\"fr-BE\",\"potentialAction\":[{\"@type\":\"ReadAction\",\"target\":[\"https:\/\/koningdrone.be\/product\/dji-avata-360-two-way-charging-hub\/\"]}]},{\"@type\":\"ImageObject\",\"inLanguage\":\"fr-BE\",\"@id\":\"https:\/\/koningdrone.be\/product\/dji-avata-360-two-way-charging-hub\/#primaryimage\",\"url\":\"https:\/\/koningdrone.be\/wp-content\/uploads\/sites\/13\/2026\/03\/DJI-Avata-360-Two-Way-Charging-Hub.webp\",\"contentUrl\":\"https:\/\/koningdrone.be\/wp-content\/uploads\/sites\/13\/2026\/03\/DJI-Avata-360-Two-Way-Charging-Hub.webp\",\"width\":2048,\"height\":2048},{\"@type\":\"BreadcrumbList\",\"@id\":\"https:\/\/koningdrone.be\/product\/dji-avata-360-two-way-charging-hub\/#breadcrumb\",\"itemListElement\":[{\"@type\":\"ListItem\",\"position\":1,\"name\":\"Home\",\"item\":\"https:\/\/koningdrone.be\/\"},{\"@type\":\"ListItem\",\"position\":2,\"name\":\"AVSS Parachute Recovery System for DJI Matrice 300\/350\",\"item\":\"https:\/\/koningdrone.be\/product\/avss-parachute-recovery-system-for-dji-matrice-300-350\/\"},{\"@type\":\"ListItem\",\"position\":3,\"name\":\"DJI Avata 360\",\"item\":\"https:\/\/koningdrone.be\/categorie\/dji-avata-360\/\"},{\"@type\":\"ListItem\",\"position\":4,\"name\":\"DJI Avata 360 Two-Way Charging Hub\"}]},{\"@type\":\"WebSite\",\"@id\":\"https:\/\/koningdrone.be\/#website\",\"url\":\"https:\/\/koningdrone.be\/\",\"name\":\"Koningdrone.be - Uw online specialist in drones, gimbals, camera's en power stations.\",\"description\":\"De webshop in drones en gimbals\",\"publisher\":{\"@id\":\"https:\/\/koningdrone.be\/#organization\"},\"potentialAction\":[{\"@type\":\"SearchAction\",\"target\":{\"@type\":\"EntryPoint\",\"urlTemplate\":\"https:\/\/koningdrone.be\/?s={search_term_string}\"},\"query-input\":{\"@type\":\"PropertyValueSpecification\",\"valueRequired\":true,\"valueName\":\"search_term_string\"}}],\"inLanguage\":\"fr-BE\"},{\"@type\":\"Organization\",\"@id\":\"https:\/\/koningdrone.be\/#organization\",\"name\":\"Koningdrone.be\",\"url\":\"https:\/\/koningdrone.be\/\",\"logo\":{\"@type\":\"ImageObject\",\"inLanguage\":\"fr-BE\",\"@id\":\"https:\/\/koningdrone.be\/#\/schema\/logo\/image\/\",\"url\":\"https:\/\/koningdrone.be\/wp-content\/uploads\/sites\/13\/2025\/04\/koningdrone-copyright-logo.svg\",\"contentUrl\":\"https:\/\/koningdrone.be\/wp-content\/uploads\/sites\/13\/2025\/04\/koningdrone-copyright-logo.svg\",\"width\":227,\"height\":38,\"caption\":\"Koningdrone.be\"},\"image\":{\"@id\":\"https:\/\/koningdrone.be\/#\/schema\/logo\/image\/\"}}]}<\/script>\n<!-- \/ Yoast SEO Premium plugin. -->","yoast_head_json":{"title":"DJI Avata 360 Two-Way Charging Hub - koningdrone.be","robots":{"index":"index","follow":"follow","max-snippet":"max-snippet:-1","max-image-preview":"max-image-preview:large","max-video-preview":"max-video-preview:-1"},"canonical":"https:\/\/koningdrone.be\/fr\/produit\/dji-avata-360-two-way-charging-hub\/","og_locale":"fr_FR","og_type":"article","og_title":"DJI Avata 360 Two-Way Charging Hub","og_description":"Effici\u00ebnt opladen van maximaal drie Intelligent Flight Batteries in sequentie.  Power accumulation\u2011functie om resterende energie te bundelen in \u00e9\u00e9n batterij.  Kan fungeren als mobiele powerbank via USB\u2011C\u2011poort.  Compact en draagbaar ontwerp voor gebruik onderweg.  Ondersteuning voor USB Power Delivery tot 65\u202fW.","og_url":"https:\/\/koningdrone.be\/fr\/produit\/dji-avata-360-two-way-charging-hub\/","og_site_name":"koningdrone.be","article_modified_time":"2026-04-29T02:40:13+00:00","og_image":[{"width":2048,"height":2048,"url":"https:\/\/koningdrone.be\/wp-content\/uploads\/sites\/13\/2026\/03\/DJI-Avata-360-Two-Way-Charging-Hub.webp","type":"image\/webp"}],"twitter_card":"summary_large_image","twitter_misc":{"Dur\u00e9e de lecture est.":"2 minutes"},"schema":{"@context":"https:\/\/schema.org","@graph":[{"@type":"WebPage","@id":"https:\/\/koningdrone.be\/product\/dji-avata-360-two-way-charging-hub\/","url":"https:\/\/koningdrone.be\/product\/dji-avata-360-two-way-charging-hub\/","name":"DJI Avata 360 Two-Way Charging Hub - koningdrone.be","isPartOf":{"@id":"https:\/\/koningdrone.be\/#website"},"primaryImageOfPage":{"@id":"https:\/\/koningdrone.be\/product\/dji-avata-360-two-way-charging-hub\/#primaryimage"},"image":{"@id":"https:\/\/koningdrone.be\/product\/dji-avata-360-two-way-charging-hub\/#primaryimage"},"thumbnailUrl":"https:\/\/koningdrone.be\/wp-content\/uploads\/sites\/13\/2026\/03\/DJI-Avata-360-Two-Way-Charging-Hub.webp","datePublished":"2026-03-27T09:38:26+00:00","dateModified":"2026-04-29T02:40:13+00:00","breadcrumb":{"@id":"https:\/\/koningdrone.be\/product\/dji-avata-360-two-way-charging-hub\/#breadcrumb"},"inLanguage":"fr-BE","potentialAction":[{"@type":"ReadAction","target":["https:\/\/koningdrone.be\/product\/dji-avata-360-two-way-charging-hub\/"]}]},{"@type":"ImageObject","inLanguage":"fr-BE","@id":"https:\/\/koningdrone.be\/product\/dji-avata-360-two-way-charging-hub\/#primaryimage","url":"https:\/\/koningdrone.be\/wp-content\/uploads\/sites\/13\/2026\/03\/DJI-Avata-360-Two-Way-Charging-Hub.webp","contentUrl":"https:\/\/koningdrone.be\/wp-content\/uploads\/sites\/13\/2026\/03\/DJI-Avata-360-Two-Way-Charging-Hub.webp","width":2048,"height":2048},{"@type":"BreadcrumbList","@id":"https:\/\/koningdrone.be\/product\/dji-avata-360-two-way-charging-hub\/#breadcrumb","itemListElement":[{"@type":"ListItem","position":1,"name":"Home","item":"https:\/\/koningdrone.be\/"},{"@type":"ListItem","position":2,"name":"AVSS Parachute Recovery System for DJI Matrice 300\/350","item":"https:\/\/koningdrone.be\/product\/avss-parachute-recovery-system-for-dji-matrice-300-350\/"},{"@type":"ListItem","position":3,"name":"DJI Avata 360","item":"https:\/\/koningdrone.be\/categorie\/dji-avata-360\/"},{"@type":"ListItem","position":4,"name":"DJI Avata 360 Two-Way Charging Hub"}]},{"@type":"WebSite","@id":"https:\/\/koningdrone.be\/#website","url":"https:\/\/koningdrone.be\/","name":"Koningdrone.be - Votre sp\u00e9cialiste en ligne en mati\u00e8re de drones, de cardans, de cam\u00e9ras et de centrales \u00e9lectriques.","description":"La boutique en ligne de drones et de cardans","publisher":{"@id":"https:\/\/koningdrone.be\/#organization"},"potentialAction":[{"@type":"SearchAction","target":{"@type":"EntryPoint","urlTemplate":"https:\/\/koningdrone.be\/?s={search_term_string}"},"query-input":{"@type":"PropertyValueSpecification","valueRequired":true,"valueName":"search_term_string"}}],"inLanguage":"fr-BE"},{"@type":"Organization","@id":"https:\/\/koningdrone.be\/#organization","name":"Kingdrone.co.uk","url":"https:\/\/koningdrone.be\/","logo":{"@type":"ImageObject","inLanguage":"fr-BE","@id":"https:\/\/koningdrone.be\/#\/schema\/logo\/image\/","url":"https:\/\/koningdrone.be\/wp-content\/uploads\/sites\/13\/2025\/04\/koningdrone-copyright-logo.svg","contentUrl":"https:\/\/koningdrone.be\/wp-content\/uploads\/sites\/13\/2025\/04\/koningdrone-copyright-logo.svg","width":227,"height":38,"caption":"Koningdrone.be"},"image":{"@id":"https:\/\/koningdrone.be\/#\/schema\/logo\/image\/"}}]}},"df_price":62,"df_sale_price":"","df_regular_price":62,"df_image_link":"https:\/\/koningdrone.be\/wp-content\/uploads\/sites\/13\/2026\/03\/DJI-Avata-360-Two-Way-Charging-Hub-300x300.webp","_links":{"self":[{"href":"https:\/\/koningdrone.be\/fr\/wp-json\/wp\/v2\/product\/17950","targetHints":{"allow":["GET"]}}],"collection":[{"href":"https:\/\/koningdrone.be\/fr\/wp-json\/wp\/v2\/product"}],"about":[{"href":"https:\/\/koningdrone.be\/fr\/wp-json\/wp\/v2\/types\/product"}],"wp:featuredmedia":[{"embeddable":true,"href":"https:\/\/koningdrone.be\/fr\/wp-json\/wp\/v2\/media\/17945"}],"wp:attachment":[{"href":"https:\/\/koningdrone.be\/fr\/wp-json\/wp\/v2\/media?parent=17950"}],"wp:term":[{"taxonomy":"product_brand","embeddable":true,"href":"https:\/\/koningdrone.be\/fr\/wp-json\/wp\/v2\/product_brand?post=17950"},{"taxonomy":"product_cat","embeddable":true,"href":"https:\/\/koningdrone.be\/fr\/wp-json\/wp\/v2\/product_cat?post=17950"},{"taxonomy":"product_tag","embeddable":true,"href":"https:\/\/koningdrone.be\/fr\/wp-json\/wp\/v2\/product_tag?post=17950"}],"curies":[{"name":"wp","href":"https:\/\/api.w.org\/{rel}","templated":true}]}}