{"id":17922,"date":"2026-03-30T15:44:21","date_gmt":"2026-03-30T13:44:21","guid":{"rendered":"https:\/\/koningdrone.be\/?post_type=product&#038;p=17922"},"modified":"2026-04-10T15:56:56","modified_gmt":"2026-04-10T13:56:56","slug":"share-slam-s100-16","status":"publish","type":"product","link":"https:\/\/koningdrone.be\/fr\/produit\/share-slam-s100-16\/","title":{"rendered":"Chelem de partage S100 16"},"content":{"rendered":"<h3>SHARE SLAM S100-16 : L'entr\u00e9e efficace dans la num\u00e9risation 3D LiDAR mobile<\/h3>\n<p><iframe loading=\"lazy\" title=\"SHARE SLAM S100 Series - Lancement d&#039;un scanner 3D LiDAR professionnel de nouvelle g\u00e9n\u00e9ration\" width=\"800\" height=\"450\" src=\"https:\/\/www.youtube.com\/embed\/wXdxcAKCPSI?feature=oembed&#038;enablejsapi=1&#038;origin=https:\/\/koningdrone.be\" frameborder=\"0\" allow=\"accelerometer; autoplay; clipboard-write; encrypted-media; gyroscope; picture-in-picture; web-share\" referrerpolicy=\"strict-origin-when-cross-origin\" allowfullscreen><\/iframe><\/p>\n<p style=\"margin: 20px 0\">Le <strong>SHARE SLAM S100-16<\/strong> est la base de la s\u00e9rie S100, con\u00e7ue pour rendre la num\u00e9risation portable de haute qualit\u00e9 accessible \u00e0 tous les professionnels. L\u00e0 o\u00f9 les m\u00e9thodes traditionnelles prennent du temps, le S100-16 offre un flux de travail rationalis\u00e9 pour une cartographie et un relev\u00e9 3D pr\u00e9cis. Avec son capteur LiDAR \u00e0 16 canaux et ses algorithmes SLAM avanc\u00e9s, ce syst\u00e8me est le choix id\u00e9al pour la documentation de l'ouvrage fini, la gestion des installations int\u00e9rieures et l'inventaire rapide des sites. Le S100-16 allie un design l\u00e9ger et ergonomique \u00e0 la pr\u00e9cision requise pour la cr\u00e9ation de jumeaux num\u00e9riques modernes.<\/p>\n<p><a href=\"https:\/\/koningdrone.nl\/wp-content\/uploads\/2026\/04\/Share-Slam-S100-16-32-32pro-Action.jpg\"><img loading=\"lazy\" decoding=\"async\" class=\"wp-image-471788 size-medium aligncenter\" src=\"https:\/\/koningdrone.nl\/wp-content\/uploads\/2026\/04\/Share-Slam-S100-16-32-32pro-Action-300x300.jpg\" alt=\"Share Slam S100 16 32 32pro Action\" width=\"300\" height=\"300\" \/><\/a><\/p>\n<h4>Imagerie de qualit\u00e9 sup\u00e9rieure et acquisition de donn\u00e9es intelligente<\/h4>\n<p>Le S100-16 offre des performances impressionnantes dans un format compact :<\/p>\n<ul>\n<li><strong>Densit\u00e9 de points fiable :<\/strong> Le moteur LiDAR \u00e0 16 canaux collecte jusqu'\u00e0 640 000 points par seconde. Il en r\u00e9sulte des nuages de points d\u00e9taill\u00e9s d'une pr\u00e9cision relative de $le 1 texte{ cm}$, essentielle pour des mesures de construction pr\u00e9cises.<\/li>\n<li><strong>Capteurs visuels int\u00e9gr\u00e9s :<\/strong> Gr\u00e2ce \u00e0 la combinaison du LiDAR et de cam\u00e9ras de haute qualit\u00e9, le S100-16 capture les informations de texture avec une grande clart\u00e9, fournissant des nuages de points aux couleurs instantan\u00e9ment r\u00e9alistes.<\/li>\n<li><strong>Fusion SLAM et RTK visuelle stable :<\/strong> La synergie entre les capteurs visuels et l'antenne RTK garantit un positionnement stable, m\u00eame dans des environnements difficiles o\u00f9 la r\u00e9ception GPS est limit\u00e9e.<\/li>\n<\/ul>\n<p><a href=\"https:\/\/koningdrone.nl\/wp-content\/uploads\/2026\/04\/Product-Share-Slam-S100-16-32-32pro.jpg\"><img loading=\"lazy\" decoding=\"async\" class=\"wp-image-471791 size-medium aligncenter\" src=\"https:\/\/koningdrone.nl\/wp-content\/uploads\/2026\/04\/Product-Share-Slam-S100-16-32-32pro-300x300.jpg\" alt=\"Product Share Slam S100 16 32 32pro\" width=\"300\" height=\"300\" \/><\/a><\/p>\n<h4>Con\u00e7u pour une productivit\u00e9 maximale<\/h4>\n<p>Le mat\u00e9riel du S100-16 est optimis\u00e9 pour une utilisation quotidienne sur le terrain :<\/p>\n<ul>\n<li><strong>Flux de travail rapide sur place :<\/strong> Gr\u00e2ce \u00e0 la visualisation en temps r\u00e9el, vous pouvez voir la construction du mod\u00e8le 3D directement sur l'\u00e9cran. Cela permet d'\u00e9viter les lacunes dans les donn\u00e9es et d'acc\u00e9l\u00e9rer le transfert vers le bureau.<\/li>\n<li><strong>L\u00e9ger et ergonomique :<\/strong> Avec un poids d'environ 2,1 kg et un harnais de poitrine fourni, les contraintes physiques lors d'une utilisation prolong\u00e9e sont minimis\u00e9es.<\/li>\n<li><strong>3 heures Num\u00e9risation ininterrompue :<\/strong> La gestion efficace de l'\u00e9nergie et les batteries rempla\u00e7ables vous permettent de rester op\u00e9rationnel jusqu'\u00e0 180 minutes sans interruption.<\/li>\n<\/ul>\n<p><a href=\"https:\/\/koningdrone.nl\/wp-content\/uploads\/2026\/04\/Share-Slam-S100-16-32-32pro.jpg\"><img loading=\"lazy\" decoding=\"async\" class=\"wp-image-471793 size-medium aligncenter\" src=\"https:\/\/koningdrone.nl\/wp-content\/uploads\/2026\/04\/Share-Slam-S100-16-32-32pro-300x300.jpg\" alt=\"Share Slam S100 16 32 32pro\" width=\"300\" height=\"300\" \/><\/a><\/p>\n<h4>Pourquoi le SHARE SLAM S100-16 est-il le bon choix ?<\/h4>\n<p>Le SHARE SLAM S100-16 est l'\u00e9quilibre parfait entre mobilit\u00e9 et pr\u00e9cision. Il offre la rapidit\u00e9 de la cartographie mobile et la fiabilit\u00e9 des outils d'arpentage traditionnels. Qu'il s'agisse de cartographier un immeuble de bureaux ou de num\u00e9riser un chantier de construction, le S100-16 fournit des donn\u00e9es 3D de haute qualit\u00e9 avec une fraction de l'effort des scanners statiques.<\/p>","protected":false},"excerpt":{"rendered":"<ul>\n<li>Scanner LiDAR portable pour la cartographie 3D professionnelle<\/li>\n<li>Jusqu'\u00e0 640 000 points par seconde pour des donn\u00e9es extr\u00eamement d\u00e9taill\u00e9es<\/li>\n<li>Port\u00e9e jusqu'\u00e0 300 m\u00e8tres (version Pro) pour les scans \u00e0 grande \u00e9chelle<\/li>\n<li>Support RTK &amp; PPK pour une pr\u00e9cision centim\u00e9trique<\/li>\n<li>Jusqu'\u00e0 3 heures d'autonomie avec des piles rempla\u00e7ables \u00e0 chaud<\/li>\n<\/ul>","protected":false},"featured_media":18410,"template":"","meta":{"_acf_changed":false},"product_brand":[],"product_cat":[1841],"product_tag":[],"class_list":{"0":"post-17922","1":"product","2":"type-product","3":"status-publish","4":"has-post-thumbnail","6":"product_cat-share-slam-s100","8":"first","9":"instock","10":"taxable","11":"shipping-taxable","12":"purchasable","13":"product-type-simple"},"acf":[],"yoast_head":"<!-- This site is optimized with the Yoast SEO Premium plugin v27.2 (Yoast SEO v27.2) - https:\/\/yoast.com\/product\/yoast-seo-premium-wordpress\/ -->\n<title>Share Slam S100 16 - koningdrone.be<\/title>\n<meta name=\"robots\" content=\"index, follow, max-snippet:-1, max-image-preview:large, max-video-preview:-1\" \/>\n<link rel=\"canonical\" href=\"https:\/\/koningdrone.be\/fr\/produit\/share-slam-s100-16\/\" \/>\n<meta property=\"og:locale\" content=\"fr_FR\" \/>\n<meta property=\"og:type\" content=\"article\" \/>\n<meta property=\"og:title\" content=\"Share Slam S100 16\" \/>\n<meta property=\"og:description\" content=\"Handheld LiDAR scanner voor professionele 3D-mapping  Tot 640.000 punten per seconde voor extreem gedetailleerde data  Bereik tot 300 meter (Pro versie) voor grootschalige scans  RTK &amp; PPK ondersteuning voor centimeter-nauwkeurigheid  Tot 3 uur batterijduur met hot-swappable batterijen\" \/>\n<meta property=\"og:url\" content=\"https:\/\/koningdrone.be\/fr\/produit\/share-slam-s100-16\/\" \/>\n<meta property=\"og:site_name\" content=\"koningdrone.be\" \/>\n<meta property=\"article:modified_time\" content=\"2026-04-10T13:56:56+00:00\" \/>\n<meta property=\"og:image\" content=\"https:\/\/koningdrone.be\/wp-content\/uploads\/sites\/13\/2026\/04\/Share-Slam-S100-16-32-32pro-1.jpg\" \/>\n\t<meta property=\"og:image:width\" content=\"1000\" \/>\n\t<meta property=\"og:image:height\" content=\"1000\" \/>\n\t<meta property=\"og:image:type\" content=\"image\/jpeg\" \/>\n<meta name=\"twitter:card\" content=\"summary_large_image\" \/>\n<meta name=\"twitter:label1\" content=\"Dur\u00e9e de lecture est.\" \/>\n\t<meta name=\"twitter:data1\" content=\"3 minutes\" \/>\n<script type=\"application\/ld+json\" class=\"yoast-schema-graph\">{\"@context\":\"https:\/\/schema.org\",\"@graph\":[{\"@type\":\"WebPage\",\"@id\":\"https:\/\/koningdrone.be\/product\/share-slam-s100-16\/\",\"url\":\"https:\/\/koningdrone.be\/product\/share-slam-s100-16\/\",\"name\":\"Share Slam S100 16 - koningdrone.be\",\"isPartOf\":{\"@id\":\"https:\/\/koningdrone.be\/#website\"},\"primaryImageOfPage\":{\"@id\":\"https:\/\/koningdrone.be\/product\/share-slam-s100-16\/#primaryimage\"},\"image\":{\"@id\":\"https:\/\/koningdrone.be\/product\/share-slam-s100-16\/#primaryimage\"},\"thumbnailUrl\":\"https:\/\/koningdrone.be\/wp-content\/uploads\/sites\/13\/2026\/04\/Share-Slam-S100-16-32-32pro-1.jpg\",\"datePublished\":\"2026-03-30T13:44:21+00:00\",\"dateModified\":\"2026-04-10T13:56:56+00:00\",\"breadcrumb\":{\"@id\":\"https:\/\/koningdrone.be\/product\/share-slam-s100-16\/#breadcrumb\"},\"inLanguage\":\"fr-BE\",\"potentialAction\":[{\"@type\":\"ReadAction\",\"target\":[\"https:\/\/koningdrone.be\/product\/share-slam-s100-16\/\"]}]},{\"@type\":\"ImageObject\",\"inLanguage\":\"fr-BE\",\"@id\":\"https:\/\/koningdrone.be\/product\/share-slam-s100-16\/#primaryimage\",\"url\":\"https:\/\/koningdrone.be\/wp-content\/uploads\/sites\/13\/2026\/04\/Share-Slam-S100-16-32-32pro-1.jpg\",\"contentUrl\":\"https:\/\/koningdrone.be\/wp-content\/uploads\/sites\/13\/2026\/04\/Share-Slam-S100-16-32-32pro-1.jpg\",\"width\":1000,\"height\":1000},{\"@type\":\"BreadcrumbList\",\"@id\":\"https:\/\/koningdrone.be\/product\/share-slam-s100-16\/#breadcrumb\",\"itemListElement\":[{\"@type\":\"ListItem\",\"position\":1,\"name\":\"Home\",\"item\":\"https:\/\/koningdrone.be\/\"},{\"@type\":\"ListItem\",\"position\":2,\"name\":\"AVSS Parachute Recovery System for DJI Matrice 300\/350\",\"item\":\"https:\/\/koningdrone.be\/product\/avss-parachute-recovery-system-for-dji-matrice-300-350\/\"},{\"@type\":\"ListItem\",\"position\":3,\"name\":\"Share Slam S100\",\"item\":\"https:\/\/koningdrone.be\/categorie\/share-slam-s100\/\"},{\"@type\":\"ListItem\",\"position\":4,\"name\":\"Share Slam S100 16\"}]},{\"@type\":\"WebSite\",\"@id\":\"https:\/\/koningdrone.be\/#website\",\"url\":\"https:\/\/koningdrone.be\/\",\"name\":\"Koningdrone.be - Uw online specialist in drones, gimbals, camera's en power stations.\",\"description\":\"De webshop in drones en gimbals\",\"publisher\":{\"@id\":\"https:\/\/koningdrone.be\/#organization\"},\"potentialAction\":[{\"@type\":\"SearchAction\",\"target\":{\"@type\":\"EntryPoint\",\"urlTemplate\":\"https:\/\/koningdrone.be\/?s={search_term_string}\"},\"query-input\":{\"@type\":\"PropertyValueSpecification\",\"valueRequired\":true,\"valueName\":\"search_term_string\"}}],\"inLanguage\":\"fr-BE\"},{\"@type\":\"Organization\",\"@id\":\"https:\/\/koningdrone.be\/#organization\",\"name\":\"Koningdrone.be\",\"url\":\"https:\/\/koningdrone.be\/\",\"logo\":{\"@type\":\"ImageObject\",\"inLanguage\":\"fr-BE\",\"@id\":\"https:\/\/koningdrone.be\/#\/schema\/logo\/image\/\",\"url\":\"https:\/\/koningdrone.be\/wp-content\/uploads\/sites\/13\/2025\/04\/koningdrone-copyright-logo.svg\",\"contentUrl\":\"https:\/\/koningdrone.be\/wp-content\/uploads\/sites\/13\/2025\/04\/koningdrone-copyright-logo.svg\",\"width\":227,\"height\":38,\"caption\":\"Koningdrone.be\"},\"image\":{\"@id\":\"https:\/\/koningdrone.be\/#\/schema\/logo\/image\/\"}}]}<\/script>\n<!-- \/ Yoast SEO Premium plugin. -->","yoast_head_json":{"title":"Share Slam S100 16 - koningdrone.be","robots":{"index":"index","follow":"follow","max-snippet":"max-snippet:-1","max-image-preview":"max-image-preview:large","max-video-preview":"max-video-preview:-1"},"canonical":"https:\/\/koningdrone.be\/fr\/produit\/share-slam-s100-16\/","og_locale":"fr_FR","og_type":"article","og_title":"Share Slam S100 16","og_description":"Handheld LiDAR scanner voor professionele 3D-mapping  Tot 640.000 punten per seconde voor extreem gedetailleerde data  Bereik tot 300 meter (Pro versie) voor grootschalige scans  RTK &amp; PPK ondersteuning voor centimeter-nauwkeurigheid  Tot 3 uur batterijduur met hot-swappable batterijen","og_url":"https:\/\/koningdrone.be\/fr\/produit\/share-slam-s100-16\/","og_site_name":"koningdrone.be","article_modified_time":"2026-04-10T13:56:56+00:00","og_image":[{"width":1000,"height":1000,"url":"https:\/\/koningdrone.be\/wp-content\/uploads\/sites\/13\/2026\/04\/Share-Slam-S100-16-32-32pro-1.jpg","type":"image\/jpeg"}],"twitter_card":"summary_large_image","twitter_misc":{"Dur\u00e9e de lecture est.":"3 minutes"},"schema":{"@context":"https:\/\/schema.org","@graph":[{"@type":"WebPage","@id":"https:\/\/koningdrone.be\/product\/share-slam-s100-16\/","url":"https:\/\/koningdrone.be\/product\/share-slam-s100-16\/","name":"Share Slam S100 16 - koningdrone.be","isPartOf":{"@id":"https:\/\/koningdrone.be\/#website"},"primaryImageOfPage":{"@id":"https:\/\/koningdrone.be\/product\/share-slam-s100-16\/#primaryimage"},"image":{"@id":"https:\/\/koningdrone.be\/product\/share-slam-s100-16\/#primaryimage"},"thumbnailUrl":"https:\/\/koningdrone.be\/wp-content\/uploads\/sites\/13\/2026\/04\/Share-Slam-S100-16-32-32pro-1.jpg","datePublished":"2026-03-30T13:44:21+00:00","dateModified":"2026-04-10T13:56:56+00:00","breadcrumb":{"@id":"https:\/\/koningdrone.be\/product\/share-slam-s100-16\/#breadcrumb"},"inLanguage":"fr-BE","potentialAction":[{"@type":"ReadAction","target":["https:\/\/koningdrone.be\/product\/share-slam-s100-16\/"]}]},{"@type":"ImageObject","inLanguage":"fr-BE","@id":"https:\/\/koningdrone.be\/product\/share-slam-s100-16\/#primaryimage","url":"https:\/\/koningdrone.be\/wp-content\/uploads\/sites\/13\/2026\/04\/Share-Slam-S100-16-32-32pro-1.jpg","contentUrl":"https:\/\/koningdrone.be\/wp-content\/uploads\/sites\/13\/2026\/04\/Share-Slam-S100-16-32-32pro-1.jpg","width":1000,"height":1000},{"@type":"BreadcrumbList","@id":"https:\/\/koningdrone.be\/product\/share-slam-s100-16\/#breadcrumb","itemListElement":[{"@type":"ListItem","position":1,"name":"Home","item":"https:\/\/koningdrone.be\/"},{"@type":"ListItem","position":2,"name":"AVSS Parachute Recovery System for DJI Matrice 300\/350","item":"https:\/\/koningdrone.be\/product\/avss-parachute-recovery-system-for-dji-matrice-300-350\/"},{"@type":"ListItem","position":3,"name":"Share Slam S100","item":"https:\/\/koningdrone.be\/categorie\/share-slam-s100\/"},{"@type":"ListItem","position":4,"name":"Share Slam S100 16"}]},{"@type":"WebSite","@id":"https:\/\/koningdrone.be\/#website","url":"https:\/\/koningdrone.be\/","name":"Koningdrone.be - Votre sp\u00e9cialiste en ligne en mati\u00e8re de drones, de cardans, de cam\u00e9ras et de centrales \u00e9lectriques.","description":"La boutique en ligne de drones et de cardans","publisher":{"@id":"https:\/\/koningdrone.be\/#organization"},"potentialAction":[{"@type":"SearchAction","target":{"@type":"EntryPoint","urlTemplate":"https:\/\/koningdrone.be\/?s={search_term_string}"},"query-input":{"@type":"PropertyValueSpecification","valueRequired":true,"valueName":"search_term_string"}}],"inLanguage":"fr-BE"},{"@type":"Organization","@id":"https:\/\/koningdrone.be\/#organization","name":"Kingdrone.co.uk","url":"https:\/\/koningdrone.be\/","logo":{"@type":"ImageObject","inLanguage":"fr-BE","@id":"https:\/\/koningdrone.be\/#\/schema\/logo\/image\/","url":"https:\/\/koningdrone.be\/wp-content\/uploads\/sites\/13\/2025\/04\/koningdrone-copyright-logo.svg","contentUrl":"https:\/\/koningdrone.be\/wp-content\/uploads\/sites\/13\/2025\/04\/koningdrone-copyright-logo.svg","width":227,"height":38,"caption":"Koningdrone.be"},"image":{"@id":"https:\/\/koningdrone.be\/#\/schema\/logo\/image\/"}}]}},"df_price":8226,"df_sale_price":"","df_regular_price":8226,"df_image_link":"https:\/\/koningdrone.be\/wp-content\/uploads\/sites\/13\/2026\/04\/Share-Slam-S100-16-32-32pro-1-300x300.jpg","_links":{"self":[{"href":"https:\/\/koningdrone.be\/fr\/wp-json\/wp\/v2\/product\/17922","targetHints":{"allow":["GET"]}}],"collection":[{"href":"https:\/\/koningdrone.be\/fr\/wp-json\/wp\/v2\/product"}],"about":[{"href":"https:\/\/koningdrone.be\/fr\/wp-json\/wp\/v2\/types\/product"}],"wp:featuredmedia":[{"embeddable":true,"href":"https:\/\/koningdrone.be\/fr\/wp-json\/wp\/v2\/media\/18410"}],"wp:attachment":[{"href":"https:\/\/koningdrone.be\/fr\/wp-json\/wp\/v2\/media?parent=17922"}],"wp:term":[{"taxonomy":"product_brand","embeddable":true,"href":"https:\/\/koningdrone.be\/fr\/wp-json\/wp\/v2\/product_brand?post=17922"},{"taxonomy":"product_cat","embeddable":true,"href":"https:\/\/koningdrone.be\/fr\/wp-json\/wp\/v2\/product_cat?post=17922"},{"taxonomy":"product_tag","embeddable":true,"href":"https:\/\/koningdrone.be\/fr\/wp-json\/wp\/v2\/product_tag?post=17922"}],"curies":[{"name":"wp","href":"https:\/\/api.w.org\/{rel}","templated":true}]}}