{"id":17731,"date":"2026-04-06T17:30:26","date_gmt":"2026-04-06T15:30:26","guid":{"rendered":"https:\/\/koningdrone.be\/?post_type=product&#038;p=17731"},"modified":"2026-04-29T03:50:16","modified_gmt":"2026-04-29T01:50:16","slug":"volarious-v-line-pro-tether-kit-power-cable-with-matrice-4-series-power-module","status":"publish","type":"product","link":"https:\/\/koningdrone.be\/fr\/produit\/volarious-v-line-pro-tether-kit-power-cable-with-matrice-4-series-power-module\/","title":{"rendered":"Volarious V-Line Pro tether kit power cable with Matrice 4 series power module"},"content":{"rendered":"<h3>Volarious V-Line Pro : Temps d'antenne illimit\u00e9 pour DJI Matrice 4-Series<\/h3>\n<p><iframe loading=\"lazy\" title=\"Guide de l&#039;utilisateur Volarious V Line Pro\" width=\"800\" height=\"450\" src=\"https:\/\/www.youtube.com\/embed\/5GatHf4BYps?feature=oembed&#038;enablejsapi=1&#038;origin=https:\/\/koningdrone.be\" frameborder=\"0\" allow=\"accelerometer; autoplay; clipboard-write; encrypted-media; gyroscope; picture-in-picture; web-share\" referrerpolicy=\"strict-origin-when-cross-origin\" allowfullscreen><\/iframe><\/p>\n<p style=\"margin: 20px 0\">Le <strong>Kit d'attache Volarious V-Line Pro<\/strong> est la solution ultime pour les op\u00e9rations o\u00f9 le temps est le facteur le plus critique. Alors que les missions traditionnelles des drones sont limit\u00e9es par les contraintes chimiques des batteries LiPo, ce syst\u00e8me professionnel d'alimentation par c\u00e2ble franchit compl\u00e8tement cette barri\u00e8re. En transformant votre DJI Matrice 4 en une station a\u00e9rienne permanente, la V-Line Pro cr\u00e9e un \u201c \u0153il dans le ciel \u201d continu pour la surveillance, le contr\u00f4le des foules et les inspections \u00e0 grande \u00e9chelle. Ce syst\u00e8me est l'\u00e9pine dorsale des centres de commandement et des services d'urgence qui ont besoin d'une couverture a\u00e9rienne ininterrompue pendant des heures, sans les risques et les retards li\u00e9s aux changements constants de batterie.<\/p>\n<p><a href=\"https:\/\/koningdrone.nl\/wp-content\/uploads\/2026\/03\/Volarious-V-Line-Pro-Matrice-4-serie-1.webp\"><img loading=\"lazy\" decoding=\"async\" class=\"size-full wp-image-470496 aligncenter\" src=\"https:\/\/koningdrone.nl\/wp-content\/uploads\/2026\/03\/Volarious-V-Line-Pro-Matrice-4-serie-1.webp\" alt=\"Volarious V-Line Pro Matrice 4-serie\" width=\"1200\" height=\"800\" \/><\/a><\/p>\n<h4>Distribution intelligente de l'\u00e9nergie et contr\u00f4le op\u00e9rationnel<\/h4>\n<p>Les performances de la V-Line Pro reposent sur une \u00e9lectronique de puissance avanc\u00e9e et une m\u00e9canique intelligente :<\/p>\n<ul>\n<li><strong>Puissance continue :<\/strong> Le syst\u00e8me fournit une alimentation \u00e9lectrique stable par le biais d'un c\u00e2ble d'aviation ultral\u00e9ger, ce qui permet de maintenir le drone \u00e0 une altitude constante jusqu'\u00e0 <strong>70 m\u00e8tres<\/strong> peuvent continuer \u00e0 fonctionner. Cela permet d'avoir une vision strat\u00e9gique parfaite des zones sinistr\u00e9es ou des complexes industriels.<\/li>\n<li><strong>Technologie V-Assist :<\/strong> Gr\u00e2ce \u00e0 l'application intuitive V-Assist, l'op\u00e9rateur garde le contr\u00f4le total. La surveillance en temps r\u00e9el de la tension du c\u00e2ble, du courant d'entr\u00e9e et de l'\u00e9tat thermique garantit que vous volez toujours dans les marges de s\u00e9curit\u00e9.<\/li>\n<li><strong>Syst\u00e8mes de s\u00e9curit\u00e9 active :<\/strong> Le kit est \u00e9quip\u00e9 d'un protocole de protection redondant, comprenant une protection contre les surintensit\u00e9s et les courts-circuits. Le refroidissement actif avanc\u00e9 avec de multiples capteurs et des ventilateurs \u00e0 haute performance garantit que le mat\u00e9riel continue \u00e0 fonctionner de mani\u00e8re optimale m\u00eame pendant un d\u00e9ploiement prolong\u00e9 en plein soleil.<\/li>\n<\/ul>\n<h4>Design industriel et int\u00e9gration transparente<\/h4>\n<p>Le V-Line Pro est con\u00e7u pour les travaux difficiles sur le terrain. Le bo\u00eetier robuste et r\u00e9sistant aux intemp\u00e9ries prot\u00e8ge le m\u00e9canisme d'enroulement de pr\u00e9cision, qui est con\u00e7u pour corriger automatiquement le rel\u00e2chement du c\u00e2ble. Le drone reste ainsi extr\u00eamement stable, m\u00eame dans des conditions de vent variables. L'appareil est livr\u00e9 avec <strong>Module d'alimentation Matrice 4 Series<\/strong> est une merveille d'ing\u00e9nierie : il est suffisamment l\u00e9ger et compact pour ne pas perturber l'a\u00e9rodynamisme du drone, mais suffisamment puissant pour \u00e9liminer compl\u00e8tement la d\u00e9pendance \u00e0 l'\u00e9gard de la batterie interne. Le r\u00e9sultat est un syst\u00e8me compact et portable qui est op\u00e9rationnel en quelques minutes.<\/p>\n<p><a href=\"https:\/\/koningdrone.nl\/wp-content\/uploads\/2026\/03\/Volarious-V-Line-Pro-Matrice-4.webp\"><img loading=\"lazy\" decoding=\"async\" class=\"aligncenter wp-image-470497 size-medium\" src=\"https:\/\/koningdrone.nl\/wp-content\/uploads\/2026\/03\/Volarious-V-Line-Pro-Matrice-4-300x300.webp\" alt=\"Volarious V-Line Pro Matrice 4\" width=\"300\" height=\"300\" \/><\/a><\/p>\n<h4>Pourquoi le Volarious V-Line Pro est indispensable<\/h4>\n<p>Pour les agences de s\u00e9curit\u00e9 publique, les gardes-fronti\u00e8res et les inspecteurs industriels, le V-Line Pro est un \u201cmultiplicateur de force\u201d. Il \u00e9limine la n\u00e9cessit\u00e9 de disposer d'un stock important de batteries et de stations de charge complexes sur le terrain. Qu'il s'agisse de s\u00e9curiser un \u00e9v\u00e9nement de plusieurs jours, de surveiller un incident prolong\u00e9 ou d'effectuer des missions de cartographie persistantes, ce syst\u00e8me d'attache offre la fiabilit\u00e9 d'un m\u00e2t fixe avec la flexibilit\u00e9 d'un drone. Avec le Volarious V-Line Pro, vous n'atterrissez que lorsque la mission est termin\u00e9e, et non lorsque la batterie est \u00e9puis\u00e9e.<\/p>","protected":false},"excerpt":{"rendered":"<ul>\n<li>Alimentation continue jusqu'\u00e0 une distance d'environ 70 m\u00e8tres.<\/li>\n<li>Surveillance en temps r\u00e9el via l'application V-Assist de l'\u00e9tat des c\u00e2bles et du syst\u00e8me.<\/li>\n<li>Conception robuste pour des op\u00e9rations industrielles \u00e0 long terme<\/li>\n<li>Contr\u00f4le thermique et protection \u00e9lectrique avanc\u00e9s<\/li>\n<li>Compact et portable pour un d\u00e9ploiement rapide sur le terrain<\/li>\n<\/ul>","protected":false},"featured_media":17732,"template":"","meta":{"_acf_changed":false},"product_brand":[],"product_cat":[98,1756],"product_tag":[],"class_list":{"0":"post-17731","1":"product","2":"type-product","3":"status-publish","4":"has-post-thumbnail","6":"product_cat-dji-matrice-4","7":"product_cat-tethering-systems","8":"product_shipping_class-uavspacesall","9":"pa_brand-volarious","10":"pa_producttype-aangesloten-stroomset","12":"first","13":"instock","14":"taxable","15":"shipping-taxable","16":"purchasable","17":"product-type-simple"},"acf":[],"yoast_head":"<!-- This site is optimized with the Yoast SEO Premium plugin v27.2 (Yoast SEO v27.2) - https:\/\/yoast.com\/product\/yoast-seo-premium-wordpress\/ -->\n<title>Volarious V-Line Pro tether kit power cable with Matrice 4 series power module - koningdrone.be<\/title>\n<meta name=\"robots\" content=\"index, follow, max-snippet:-1, max-image-preview:large, max-video-preview:-1\" \/>\n<link rel=\"canonical\" href=\"https:\/\/koningdrone.be\/fr\/produit\/volarious-v-line-pro-tether-kit-power-cable-with-matrice-4-series-power-module\/\" \/>\n<meta property=\"og:locale\" content=\"fr_FR\" \/>\n<meta property=\"og:type\" content=\"article\" \/>\n<meta property=\"og:title\" content=\"Volarious V-Line Pro tether kit power cable with Matrice 4 series power module\" \/>\n<meta property=\"og:description\" content=\"Continue stroomvoorziening tot ~70 meter tether\u2011bereik  Realtime monitoring via V\u2011Assist app voor kabel en systeemstatus  Robuust ontworpen voor langdurige, industri\u00eble operaties  Geavanceerde thermische controle en elektrische beveiliging  Compact en draagbaar voor snelle inzet in het veld\" \/>\n<meta property=\"og:url\" content=\"https:\/\/koningdrone.be\/fr\/produit\/volarious-v-line-pro-tether-kit-power-cable-with-matrice-4-series-power-module\/\" \/>\n<meta property=\"og:site_name\" content=\"koningdrone.be\" \/>\n<meta property=\"article:modified_time\" content=\"2026-04-29T01:50:16+00:00\" \/>\n<meta property=\"og:image\" content=\"https:\/\/koningdrone.be\/wp-content\/uploads\/sites\/13\/2026\/03\/Volarious-V-Line-Pro-Matrice-4-serie.webp\" \/>\n\t<meta property=\"og:image:width\" content=\"2048\" \/>\n\t<meta property=\"og:image:height\" content=\"2048\" \/>\n\t<meta property=\"og:image:type\" content=\"image\/webp\" \/>\n<meta name=\"twitter:card\" content=\"summary_large_image\" \/>\n<meta name=\"twitter:label1\" content=\"Dur\u00e9e de lecture est.\" \/>\n\t<meta name=\"twitter:data1\" content=\"3 minutes\" \/>\n<script type=\"application\/ld+json\" class=\"yoast-schema-graph\">{\"@context\":\"https:\/\/schema.org\",\"@graph\":[{\"@type\":\"WebPage\",\"@id\":\"https:\/\/koningdrone.be\/product\/volarious-v-line-pro-tether-kit-power-cable-with-matrice-4-series-power-module\/\",\"url\":\"https:\/\/koningdrone.be\/product\/volarious-v-line-pro-tether-kit-power-cable-with-matrice-4-series-power-module\/\",\"name\":\"Volarious V-Line Pro tether kit power cable with Matrice 4 series power module - koningdrone.be\",\"isPartOf\":{\"@id\":\"https:\/\/koningdrone.be\/#website\"},\"primaryImageOfPage\":{\"@id\":\"https:\/\/koningdrone.be\/product\/volarious-v-line-pro-tether-kit-power-cable-with-matrice-4-series-power-module\/#primaryimage\"},\"image\":{\"@id\":\"https:\/\/koningdrone.be\/product\/volarious-v-line-pro-tether-kit-power-cable-with-matrice-4-series-power-module\/#primaryimage\"},\"thumbnailUrl\":\"https:\/\/koningdrone.be\/wp-content\/uploads\/sites\/13\/2026\/03\/Volarious-V-Line-Pro-Matrice-4-serie.webp\",\"datePublished\":\"2026-04-06T15:30:26+00:00\",\"dateModified\":\"2026-04-29T01:50:16+00:00\",\"breadcrumb\":{\"@id\":\"https:\/\/koningdrone.be\/product\/volarious-v-line-pro-tether-kit-power-cable-with-matrice-4-series-power-module\/#breadcrumb\"},\"inLanguage\":\"fr-BE\",\"potentialAction\":[{\"@type\":\"ReadAction\",\"target\":[\"https:\/\/koningdrone.be\/product\/volarious-v-line-pro-tether-kit-power-cable-with-matrice-4-series-power-module\/\"]}]},{\"@type\":\"ImageObject\",\"inLanguage\":\"fr-BE\",\"@id\":\"https:\/\/koningdrone.be\/product\/volarious-v-line-pro-tether-kit-power-cable-with-matrice-4-series-power-module\/#primaryimage\",\"url\":\"https:\/\/koningdrone.be\/wp-content\/uploads\/sites\/13\/2026\/03\/Volarious-V-Line-Pro-Matrice-4-serie.webp\",\"contentUrl\":\"https:\/\/koningdrone.be\/wp-content\/uploads\/sites\/13\/2026\/03\/Volarious-V-Line-Pro-Matrice-4-serie.webp\",\"width\":2048,\"height\":2048},{\"@type\":\"BreadcrumbList\",\"@id\":\"https:\/\/koningdrone.be\/product\/volarious-v-line-pro-tether-kit-power-cable-with-matrice-4-series-power-module\/#breadcrumb\",\"itemListElement\":[{\"@type\":\"ListItem\",\"position\":1,\"name\":\"Home\",\"item\":\"https:\/\/koningdrone.be\/\"},{\"@type\":\"ListItem\",\"position\":2,\"name\":\"AVSS Parachute Recovery System for DJI Matrice 300\/350\",\"item\":\"https:\/\/koningdrone.be\/product\/avss-parachute-recovery-system-for-dji-matrice-300-350\/\"},{\"@type\":\"ListItem\",\"position\":3,\"name\":\"DJI Matrice 4\",\"item\":\"https:\/\/koningdrone.be\/categorie\/dji-matrice-4\/\"},{\"@type\":\"ListItem\",\"position\":4,\"name\":\"Volarious V-Line Pro tether kit power cable with Matrice 4 series power module\"}]},{\"@type\":\"WebSite\",\"@id\":\"https:\/\/koningdrone.be\/#website\",\"url\":\"https:\/\/koningdrone.be\/\",\"name\":\"Koningdrone.be - Uw online specialist in drones, gimbals, camera's en power stations.\",\"description\":\"De webshop in drones en gimbals\",\"publisher\":{\"@id\":\"https:\/\/koningdrone.be\/#organization\"},\"potentialAction\":[{\"@type\":\"SearchAction\",\"target\":{\"@type\":\"EntryPoint\",\"urlTemplate\":\"https:\/\/koningdrone.be\/?s={search_term_string}\"},\"query-input\":{\"@type\":\"PropertyValueSpecification\",\"valueRequired\":true,\"valueName\":\"search_term_string\"}}],\"inLanguage\":\"fr-BE\"},{\"@type\":\"Organization\",\"@id\":\"https:\/\/koningdrone.be\/#organization\",\"name\":\"Koningdrone.be\",\"url\":\"https:\/\/koningdrone.be\/\",\"logo\":{\"@type\":\"ImageObject\",\"inLanguage\":\"fr-BE\",\"@id\":\"https:\/\/koningdrone.be\/#\/schema\/logo\/image\/\",\"url\":\"https:\/\/koningdrone.be\/wp-content\/uploads\/sites\/13\/2025\/04\/koningdrone-copyright-logo.svg\",\"contentUrl\":\"https:\/\/koningdrone.be\/wp-content\/uploads\/sites\/13\/2025\/04\/koningdrone-copyright-logo.svg\",\"width\":227,\"height\":38,\"caption\":\"Koningdrone.be\"},\"image\":{\"@id\":\"https:\/\/koningdrone.be\/#\/schema\/logo\/image\/\"}}]}<\/script>\n<!-- \/ Yoast SEO Premium plugin. -->","yoast_head_json":{"title":"Volarious V-Line Pro tether kit power cable with Matrice 4 series power module - koningdrone.be","robots":{"index":"index","follow":"follow","max-snippet":"max-snippet:-1","max-image-preview":"max-image-preview:large","max-video-preview":"max-video-preview:-1"},"canonical":"https:\/\/koningdrone.be\/fr\/produit\/volarious-v-line-pro-tether-kit-power-cable-with-matrice-4-series-power-module\/","og_locale":"fr_FR","og_type":"article","og_title":"Volarious V-Line Pro tether kit power cable with Matrice 4 series power module","og_description":"Continue stroomvoorziening tot ~70 meter tether\u2011bereik  Realtime monitoring via V\u2011Assist app voor kabel en systeemstatus  Robuust ontworpen voor langdurige, industri\u00eble operaties  Geavanceerde thermische controle en elektrische beveiliging  Compact en draagbaar voor snelle inzet in het veld","og_url":"https:\/\/koningdrone.be\/fr\/produit\/volarious-v-line-pro-tether-kit-power-cable-with-matrice-4-series-power-module\/","og_site_name":"koningdrone.be","article_modified_time":"2026-04-29T01:50:16+00:00","og_image":[{"width":2048,"height":2048,"url":"https:\/\/koningdrone.be\/wp-content\/uploads\/sites\/13\/2026\/03\/Volarious-V-Line-Pro-Matrice-4-serie.webp","type":"image\/webp"}],"twitter_card":"summary_large_image","twitter_misc":{"Dur\u00e9e de lecture est.":"3 minutes"},"schema":{"@context":"https:\/\/schema.org","@graph":[{"@type":"WebPage","@id":"https:\/\/koningdrone.be\/product\/volarious-v-line-pro-tether-kit-power-cable-with-matrice-4-series-power-module\/","url":"https:\/\/koningdrone.be\/product\/volarious-v-line-pro-tether-kit-power-cable-with-matrice-4-series-power-module\/","name":"Volarious V-Line Pro tether kit power cable with Matrice 4 series power module - koningdrone.be","isPartOf":{"@id":"https:\/\/koningdrone.be\/#website"},"primaryImageOfPage":{"@id":"https:\/\/koningdrone.be\/product\/volarious-v-line-pro-tether-kit-power-cable-with-matrice-4-series-power-module\/#primaryimage"},"image":{"@id":"https:\/\/koningdrone.be\/product\/volarious-v-line-pro-tether-kit-power-cable-with-matrice-4-series-power-module\/#primaryimage"},"thumbnailUrl":"https:\/\/koningdrone.be\/wp-content\/uploads\/sites\/13\/2026\/03\/Volarious-V-Line-Pro-Matrice-4-serie.webp","datePublished":"2026-04-06T15:30:26+00:00","dateModified":"2026-04-29T01:50:16+00:00","breadcrumb":{"@id":"https:\/\/koningdrone.be\/product\/volarious-v-line-pro-tether-kit-power-cable-with-matrice-4-series-power-module\/#breadcrumb"},"inLanguage":"fr-BE","potentialAction":[{"@type":"ReadAction","target":["https:\/\/koningdrone.be\/product\/volarious-v-line-pro-tether-kit-power-cable-with-matrice-4-series-power-module\/"]}]},{"@type":"ImageObject","inLanguage":"fr-BE","@id":"https:\/\/koningdrone.be\/product\/volarious-v-line-pro-tether-kit-power-cable-with-matrice-4-series-power-module\/#primaryimage","url":"https:\/\/koningdrone.be\/wp-content\/uploads\/sites\/13\/2026\/03\/Volarious-V-Line-Pro-Matrice-4-serie.webp","contentUrl":"https:\/\/koningdrone.be\/wp-content\/uploads\/sites\/13\/2026\/03\/Volarious-V-Line-Pro-Matrice-4-serie.webp","width":2048,"height":2048},{"@type":"BreadcrumbList","@id":"https:\/\/koningdrone.be\/product\/volarious-v-line-pro-tether-kit-power-cable-with-matrice-4-series-power-module\/#breadcrumb","itemListElement":[{"@type":"ListItem","position":1,"name":"Home","item":"https:\/\/koningdrone.be\/"},{"@type":"ListItem","position":2,"name":"AVSS Parachute Recovery System for DJI Matrice 300\/350","item":"https:\/\/koningdrone.be\/product\/avss-parachute-recovery-system-for-dji-matrice-300-350\/"},{"@type":"ListItem","position":3,"name":"DJI Matrice 4","item":"https:\/\/koningdrone.be\/categorie\/dji-matrice-4\/"},{"@type":"ListItem","position":4,"name":"Volarious V-Line Pro tether kit power cable with Matrice 4 series power module"}]},{"@type":"WebSite","@id":"https:\/\/koningdrone.be\/#website","url":"https:\/\/koningdrone.be\/","name":"Koningdrone.be - Votre sp\u00e9cialiste en ligne en mati\u00e8re de drones, de cardans, de cam\u00e9ras et de centrales \u00e9lectriques.","description":"La boutique en ligne de drones et de cardans","publisher":{"@id":"https:\/\/koningdrone.be\/#organization"},"potentialAction":[{"@type":"SearchAction","target":{"@type":"EntryPoint","urlTemplate":"https:\/\/koningdrone.be\/?s={search_term_string}"},"query-input":{"@type":"PropertyValueSpecification","valueRequired":true,"valueName":"search_term_string"}}],"inLanguage":"fr-BE"},{"@type":"Organization","@id":"https:\/\/koningdrone.be\/#organization","name":"Kingdrone.co.uk","url":"https:\/\/koningdrone.be\/","logo":{"@type":"ImageObject","inLanguage":"fr-BE","@id":"https:\/\/koningdrone.be\/#\/schema\/logo\/image\/","url":"https:\/\/koningdrone.be\/wp-content\/uploads\/sites\/13\/2025\/04\/koningdrone-copyright-logo.svg","contentUrl":"https:\/\/koningdrone.be\/wp-content\/uploads\/sites\/13\/2025\/04\/koningdrone-copyright-logo.svg","width":227,"height":38,"caption":"Koningdrone.be"},"image":{"@id":"https:\/\/koningdrone.be\/#\/schema\/logo\/image\/"}}]}},"df_price":16255,"df_sale_price":"","df_regular_price":16255,"df_image_link":"https:\/\/koningdrone.be\/wp-content\/uploads\/sites\/13\/2026\/03\/Volarious-V-Line-Pro-Matrice-4-serie-300x300.webp","_links":{"self":[{"href":"https:\/\/koningdrone.be\/fr\/wp-json\/wp\/v2\/product\/17731","targetHints":{"allow":["GET"]}}],"collection":[{"href":"https:\/\/koningdrone.be\/fr\/wp-json\/wp\/v2\/product"}],"about":[{"href":"https:\/\/koningdrone.be\/fr\/wp-json\/wp\/v2\/types\/product"}],"wp:featuredmedia":[{"embeddable":true,"href":"https:\/\/koningdrone.be\/fr\/wp-json\/wp\/v2\/media\/17732"}],"wp:attachment":[{"href":"https:\/\/koningdrone.be\/fr\/wp-json\/wp\/v2\/media?parent=17731"}],"wp:term":[{"taxonomy":"product_brand","embeddable":true,"href":"https:\/\/koningdrone.be\/fr\/wp-json\/wp\/v2\/product_brand?post=17731"},{"taxonomy":"product_cat","embeddable":true,"href":"https:\/\/koningdrone.be\/fr\/wp-json\/wp\/v2\/product_cat?post=17731"},{"taxonomy":"product_tag","embeddable":true,"href":"https:\/\/koningdrone.be\/fr\/wp-json\/wp\/v2\/product_tag?post=17731"}],"curies":[{"name":"wp","href":"https:\/\/api.w.org\/{rel}","templated":true}]}}