{"id":17424,"date":"2026-03-20T13:24:10","date_gmt":"2026-03-20T12:24:10","guid":{"rendered":"https:\/\/koningdrone.be\/?post_type=product&#038;p=17424"},"modified":"2026-04-29T03:50:17","modified_gmt":"2026-04-29T01:50:17","slug":"volarious-v-line-pro-tether-kit-power-cable-with-matrice-400-series-power-module","status":"publish","type":"product","link":"https:\/\/koningdrone.be\/fr\/produit\/volarious-v-line-pro-tether-kit-power-cable-with-matrice-400-series-power-module\/","title":{"rendered":"Volarious V-Line Pro tether kit power cable with Matrice 400 series power module"},"content":{"rendered":"<h3>Volarious V-Line Pro : Alimentation ininterrompue pour la s\u00e9rie DJI Matrice 400<\/h3>\n<p><iframe loading=\"lazy\" title=\"Guide de l&#039;utilisateur Volarious V Line Pro\" width=\"800\" height=\"450\" src=\"https:\/\/www.youtube.com\/embed\/5GatHf4BYps?feature=oembed&#038;enablejsapi=1&#038;origin=https:\/\/koningdrone.be\" frameborder=\"0\" allow=\"accelerometer; autoplay; clipboard-write; encrypted-media; gyroscope; picture-in-picture; web-share\" referrerpolicy=\"strict-origin-when-cross-origin\" allowfullscreen><\/iframe><\/p>\n<p style=\"margin: 20px 0\">Le kit d'attache Volarious V-Line Pro avec le module d'alimentation de la s\u00e9rie Matrice 400 est l'ultime \u201c multiplicateur de force \u201d pour les op\u00e9rateurs de drones professionnels. En connectant le DJI Matrice 400 \u00e0 une station d'alimentation continue au sol, vous transformez une plateforme mobile en une station a\u00e9rienne permanente. Ce syst\u00e8me \u00e9limine la plus grande limitation des op\u00e9rations de drones modernes : l'autonomie de la batterie. Qu'il s'agisse d'observer pendant des heures lors de secours en cas de catastrophe, de surveiller des infrastructures \u00e0 grande \u00e9chelle ou de s\u00e9curiser des sites critiques, la V-Line Pro garantit que votre \u201c \u0153il dans le ciel \u201d reste exactement l\u00e0 o\u00f9 il est n\u00e9cessaire, sans interruption pour les atterrissages ou les changements de batterie.<\/p>\n<p><a href=\"https:\/\/koningdrone.nl\/wp-content\/uploads\/2026\/03\/Volarious-V-Line-Pro-Matrice-400-Product.webp\"><img loading=\"lazy\" decoding=\"async\" class=\"alignnone wp-image-470491 size-full\" src=\"https:\/\/koningdrone.nl\/wp-content\/uploads\/2026\/03\/Volarious-V-Line-Pro-Matrice-400-Product.webp\" alt=\"Volarious V-Line Pro Matrice 400 Product\" width=\"1200\" height=\"800\" \/><\/a><\/p>\n<h4>R\u00e9ponse dynamique et surveillance avanc\u00e9e<\/h4>\n<p>Le syst\u00e8me est con\u00e7u non seulement pour alimenter le drone, mais aussi pour assurer sa libert\u00e9 de mouvement et sa stabilit\u00e9 :<\/p>\n<ul>\n<li><strong>70 m\u00e8tres de filin de qualit\u00e9 a\u00e9ronautique :<\/strong> Le c\u00e2ble renforc\u00e9 ultra-l\u00e9ger offre une altitude op\u00e9rationnelle d'environ 70 m\u00e8tres. Le c\u00e2ble est sp\u00e9cialement con\u00e7u pour offrir une r\u00e9sistance \u00e0 l'air minimale, ce qui permet au drone de maintenir sa position avec une extr\u00eame pr\u00e9cision.<\/li>\n<li><strong>Enrouleur intelligent \u00e0 grande vitesse :<\/strong> Avec une vitesse de d\u00e9ploiement et de r\u00e9cup\u00e9ration impressionnante de 7 m\/s, le treuil r\u00e9agit instantan\u00e9ment aux mouvements du drone ou aux rafales de vent soudaines. Cela permet de minimiser le jeu (mou de c\u00e2ble), ce qui est crucial pour un vol stable et la pr\u00e9vention de l'enchev\u00eatrement.<\/li>\n<li><strong>Int\u00e9gration transparente des logiciels :<\/strong> Les op\u00e9rateurs peuvent surveiller toutes les donn\u00e9es critiques, telles que la tension du c\u00e2ble, la temp\u00e9rature et l'\u00e9tat de l'alimentation, directement via l'application V-Assist ou via un widget d\u00e9di\u00e9 dans l'interface utilisateur de V-Assist. <strong>Interface DJI Pilot 2<\/strong>. Cela permet d'avoir une vue d'ensemble centralis\u00e9e sans avoir \u00e0 passer d'un \u00e9cran \u00e0 l'autre.<\/li>\n<\/ul>\n<h4>Fiabilit\u00e9 industrielle et architecture \u00e0 s\u00e9curit\u00e9 int\u00e9gr\u00e9e<\/h4>\n<p>La qualit\u00e9 de construction de la V-Line Pro r\u00e9pond aux normes les plus strictes de l'aviation et de l'industrie :<\/p>\n<ul>\n<li><strong>Module d'alimentation d\u00e9di\u00e9 \u00e0 Matrice 400 :<\/strong> Le module inclus convertit en toute s\u00e9curit\u00e9 la haute tension de l'unit\u00e9 d'attache en une tension stable \u00e0 bord. Le module agit comme une passerelle intelligente et contient un module d'alimentation. <strong>batterie de secours<\/strong>, Le drone peut ainsi retourner \u00e0 sa base de mani\u00e8re s\u00fbre et contr\u00f4l\u00e9e en cas de panne d'\u00e9lectricit\u00e9 au sol.<\/li>\n<li><strong>Protection thermique active :<\/strong> L'unit\u00e9 au sol est \u00e9quip\u00e9e de plusieurs capteurs de temp\u00e9rature et de puissants ventilateurs. Associ\u00e9s \u00e0 une protection contre les surintensit\u00e9s et les courts-circuits, ils garantissent un fonctionnement s\u00fbr, m\u00eame lors de missions de plusieurs jours dans des conditions atmosph\u00e9riques difficiles.<\/li>\n<li><strong>Composants de qualit\u00e9 a\u00e9ronautique :<\/strong> Chaque composant, des connecteurs \u00e0 la bobine interne, a \u00e9t\u00e9 s\u00e9lectionn\u00e9 pour sa durabilit\u00e9 et son usure minimale dans le cadre d'une utilisation professionnelle intensive.<\/li>\n<\/ul>\n<p><a href=\"https:\/\/koningdrone.nl\/wp-content\/uploads\/2026\/03\/Volarious-V-Line-Pro-Product.webp\"><img loading=\"lazy\" decoding=\"async\" class=\"size-medium wp-image-470001 aligncenter\" src=\"https:\/\/koningdrone.nl\/wp-content\/uploads\/2026\/03\/Volarious-V-Line-Pro-Product-300x300.webp\" alt=\"Volarious V-Line Pro Product\" width=\"300\" height=\"300\" \/><\/a><\/p>\n<h4>Pourquoi le V-Line Pro est indispensable<\/h4>\n<p>Pour les organisations op\u00e9rant dans le domaine des interventions d'urgence, du contr\u00f4le des fronti\u00e8res ou des inspections industrielles \u00e0 grande \u00e9chelle, le Volarious V-Line Pro offre un avantage strat\u00e9gique. La possibilit\u00e9 de maintenir un drone en l'air ind\u00e9finiment signifie que de pr\u00e9cieuses minutes ne sont pas perdues \u00e0 cause de d\u00e9collages et d'atterrissages r\u00e9p\u00e9t\u00e9s. Avec le V-Line Pro, vous optez pour une continuit\u00e9 op\u00e9rationnelle maximale, une plus grande densit\u00e9 de donn\u00e9es et l'assurance que votre drone est toujours pr\u00eat \u00e0 intervenir lorsque chaque seconde compte.<\/p>","protected":false},"excerpt":{"rendered":"<ul>\n<li>Alimentation continue pour les drones DJI Matrice 400 avec c\u00e2ble d'attache.<\/li>\n<li>Jusqu'\u00e0 70 m de hauteur de c\u00e2ble et 7 m\/s de vitesse d'enroulement pour un vol stable.<\/li>\n<li>Surveillance en temps r\u00e9el via l'application V-Assist ou le widget DJI Pilot 2.<\/li>\n<li>Protection int\u00e9gr\u00e9e avec capteurs de temp\u00e9rature et protection contre les surintensit\u00e9s.<\/li>\n<li>Conception robuste et modulaire avec module d'alimentation et batterie de secours.<\/li>\n<\/ul>","protected":false},"featured_media":17730,"template":"","meta":{"_acf_changed":false},"product_brand":[],"product_cat":[1583,1756],"product_tag":[],"class_list":{"0":"post-17424","1":"product","2":"type-product","3":"status-publish","4":"has-post-thumbnail","6":"product_cat-dji-matrice-400","7":"product_cat-tethering-systems","8":"product_shipping_class-uavspacesall","9":"pa_brand-volarious","10":"pa_producttype-aangesloten-stroomset","12":"first","13":"instock","14":"taxable","15":"shipping-taxable","16":"purchasable","17":"product-type-simple"},"acf":[],"yoast_head":"<!-- This site is optimized with the Yoast SEO Premium plugin v27.2 (Yoast SEO v27.2) - https:\/\/yoast.com\/product\/yoast-seo-premium-wordpress\/ -->\n<title>Volarious V-Line Pro tether kit power cable with Matrice 400 series power module - koningdrone.be<\/title>\n<meta name=\"robots\" content=\"index, follow, max-snippet:-1, max-image-preview:large, max-video-preview:-1\" \/>\n<link rel=\"canonical\" href=\"https:\/\/koningdrone.be\/fr\/produit\/volarious-v-line-pro-tether-kit-power-cable-with-matrice-400-series-power-module\/\" \/>\n<meta property=\"og:locale\" content=\"fr_FR\" \/>\n<meta property=\"og:type\" content=\"article\" \/>\n<meta property=\"og:title\" content=\"Volarious V-Line Pro tether kit power cable with Matrice 400 series power module\" \/>\n<meta property=\"og:description\" content=\"Continue stroomvoorziening voor DJI Matrice 400 series drones met tether kabel.  Tot 70\u202fm tether\u2011hoogte en 7\u202fm\/s reel\u2011snelheid voor stabiele vlucht.  Realtime monitoring via V\u2011Assist app of DJI Pilot\u202f2 widget.  Ge\u00efntegreerde beveiliging met temperatuursensoren en bescherming tegen overstroom.  Robuust, modulair ontwerp met power module en back\u2011up batterij.\" \/>\n<meta property=\"og:url\" content=\"https:\/\/koningdrone.be\/fr\/produit\/volarious-v-line-pro-tether-kit-power-cable-with-matrice-400-series-power-module\/\" \/>\n<meta property=\"og:site_name\" content=\"koningdrone.be\" \/>\n<meta property=\"article:modified_time\" content=\"2026-04-29T01:50:17+00:00\" \/>\n<meta property=\"og:image\" content=\"https:\/\/koningdrone.be\/wp-content\/uploads\/sites\/13\/2026\/03\/Volarious-V-Line-Pro-Matrice-400.webp\" \/>\n\t<meta property=\"og:image:width\" content=\"2048\" \/>\n\t<meta property=\"og:image:height\" content=\"2048\" \/>\n\t<meta property=\"og:image:type\" content=\"image\/webp\" \/>\n<meta name=\"twitter:card\" content=\"summary_large_image\" \/>\n<meta name=\"twitter:label1\" content=\"Dur\u00e9e de lecture est.\" \/>\n\t<meta name=\"twitter:data1\" content=\"3 minutes\" \/>\n<script type=\"application\/ld+json\" class=\"yoast-schema-graph\">{\"@context\":\"https:\/\/schema.org\",\"@graph\":[{\"@type\":\"WebPage\",\"@id\":\"https:\/\/koningdrone.be\/product\/volarious-v-line-pro-tether-kit-power-cable-with-matrice-400-series-power-module\/\",\"url\":\"https:\/\/koningdrone.be\/product\/volarious-v-line-pro-tether-kit-power-cable-with-matrice-400-series-power-module\/\",\"name\":\"Volarious V-Line Pro tether kit power cable with Matrice 400 series power module - koningdrone.be\",\"isPartOf\":{\"@id\":\"https:\/\/koningdrone.be\/#website\"},\"primaryImageOfPage\":{\"@id\":\"https:\/\/koningdrone.be\/product\/volarious-v-line-pro-tether-kit-power-cable-with-matrice-400-series-power-module\/#primaryimage\"},\"image\":{\"@id\":\"https:\/\/koningdrone.be\/product\/volarious-v-line-pro-tether-kit-power-cable-with-matrice-400-series-power-module\/#primaryimage\"},\"thumbnailUrl\":\"https:\/\/koningdrone.be\/wp-content\/uploads\/sites\/13\/2026\/03\/Volarious-V-Line-Pro-Matrice-400.webp\",\"datePublished\":\"2026-03-20T12:24:10+00:00\",\"dateModified\":\"2026-04-29T01:50:17+00:00\",\"breadcrumb\":{\"@id\":\"https:\/\/koningdrone.be\/product\/volarious-v-line-pro-tether-kit-power-cable-with-matrice-400-series-power-module\/#breadcrumb\"},\"inLanguage\":\"fr-BE\",\"potentialAction\":[{\"@type\":\"ReadAction\",\"target\":[\"https:\/\/koningdrone.be\/product\/volarious-v-line-pro-tether-kit-power-cable-with-matrice-400-series-power-module\/\"]}]},{\"@type\":\"ImageObject\",\"inLanguage\":\"fr-BE\",\"@id\":\"https:\/\/koningdrone.be\/product\/volarious-v-line-pro-tether-kit-power-cable-with-matrice-400-series-power-module\/#primaryimage\",\"url\":\"https:\/\/koningdrone.be\/wp-content\/uploads\/sites\/13\/2026\/03\/Volarious-V-Line-Pro-Matrice-400.webp\",\"contentUrl\":\"https:\/\/koningdrone.be\/wp-content\/uploads\/sites\/13\/2026\/03\/Volarious-V-Line-Pro-Matrice-400.webp\",\"width\":2048,\"height\":2048},{\"@type\":\"BreadcrumbList\",\"@id\":\"https:\/\/koningdrone.be\/product\/volarious-v-line-pro-tether-kit-power-cable-with-matrice-400-series-power-module\/#breadcrumb\",\"itemListElement\":[{\"@type\":\"ListItem\",\"position\":1,\"name\":\"Home\",\"item\":\"https:\/\/koningdrone.be\/\"},{\"@type\":\"ListItem\",\"position\":2,\"name\":\"AVSS Parachute Recovery System for DJI Matrice 300\/350\",\"item\":\"https:\/\/koningdrone.be\/product\/avss-parachute-recovery-system-for-dji-matrice-300-350\/\"},{\"@type\":\"ListItem\",\"position\":3,\"name\":\"DJI Matrice 400\",\"item\":\"https:\/\/koningdrone.be\/categorie\/dji-matrice-400\/\"},{\"@type\":\"ListItem\",\"position\":4,\"name\":\"Volarious V-Line Pro tether kit power cable with Matrice 400 series power module\"}]},{\"@type\":\"WebSite\",\"@id\":\"https:\/\/koningdrone.be\/#website\",\"url\":\"https:\/\/koningdrone.be\/\",\"name\":\"Koningdrone.be - Uw online specialist in drones, gimbals, camera's en power stations.\",\"description\":\"De webshop in drones en gimbals\",\"publisher\":{\"@id\":\"https:\/\/koningdrone.be\/#organization\"},\"potentialAction\":[{\"@type\":\"SearchAction\",\"target\":{\"@type\":\"EntryPoint\",\"urlTemplate\":\"https:\/\/koningdrone.be\/?s={search_term_string}\"},\"query-input\":{\"@type\":\"PropertyValueSpecification\",\"valueRequired\":true,\"valueName\":\"search_term_string\"}}],\"inLanguage\":\"fr-BE\"},{\"@type\":\"Organization\",\"@id\":\"https:\/\/koningdrone.be\/#organization\",\"name\":\"Koningdrone.be\",\"url\":\"https:\/\/koningdrone.be\/\",\"logo\":{\"@type\":\"ImageObject\",\"inLanguage\":\"fr-BE\",\"@id\":\"https:\/\/koningdrone.be\/#\/schema\/logo\/image\/\",\"url\":\"https:\/\/koningdrone.be\/wp-content\/uploads\/sites\/13\/2025\/04\/koningdrone-copyright-logo.svg\",\"contentUrl\":\"https:\/\/koningdrone.be\/wp-content\/uploads\/sites\/13\/2025\/04\/koningdrone-copyright-logo.svg\",\"width\":227,\"height\":38,\"caption\":\"Koningdrone.be\"},\"image\":{\"@id\":\"https:\/\/koningdrone.be\/#\/schema\/logo\/image\/\"}}]}<\/script>\n<!-- \/ Yoast SEO Premium plugin. -->","yoast_head_json":{"title":"Volarious V-Line Pro tether kit power cable with Matrice 400 series power module - koningdrone.be","robots":{"index":"index","follow":"follow","max-snippet":"max-snippet:-1","max-image-preview":"max-image-preview:large","max-video-preview":"max-video-preview:-1"},"canonical":"https:\/\/koningdrone.be\/fr\/produit\/volarious-v-line-pro-tether-kit-power-cable-with-matrice-400-series-power-module\/","og_locale":"fr_FR","og_type":"article","og_title":"Volarious V-Line Pro tether kit power cable with Matrice 400 series power module","og_description":"Continue stroomvoorziening voor DJI Matrice 400 series drones met tether kabel.  Tot 70\u202fm tether\u2011hoogte en 7\u202fm\/s reel\u2011snelheid voor stabiele vlucht.  Realtime monitoring via V\u2011Assist app of DJI Pilot\u202f2 widget.  Ge\u00efntegreerde beveiliging met temperatuursensoren en bescherming tegen overstroom.  Robuust, modulair ontwerp met power module en back\u2011up batterij.","og_url":"https:\/\/koningdrone.be\/fr\/produit\/volarious-v-line-pro-tether-kit-power-cable-with-matrice-400-series-power-module\/","og_site_name":"koningdrone.be","article_modified_time":"2026-04-29T01:50:17+00:00","og_image":[{"width":2048,"height":2048,"url":"https:\/\/koningdrone.be\/wp-content\/uploads\/sites\/13\/2026\/03\/Volarious-V-Line-Pro-Matrice-400.webp","type":"image\/webp"}],"twitter_card":"summary_large_image","twitter_misc":{"Dur\u00e9e de lecture est.":"3 minutes"},"schema":{"@context":"https:\/\/schema.org","@graph":[{"@type":"WebPage","@id":"https:\/\/koningdrone.be\/product\/volarious-v-line-pro-tether-kit-power-cable-with-matrice-400-series-power-module\/","url":"https:\/\/koningdrone.be\/product\/volarious-v-line-pro-tether-kit-power-cable-with-matrice-400-series-power-module\/","name":"Volarious V-Line Pro tether kit power cable with Matrice 400 series power module - koningdrone.be","isPartOf":{"@id":"https:\/\/koningdrone.be\/#website"},"primaryImageOfPage":{"@id":"https:\/\/koningdrone.be\/product\/volarious-v-line-pro-tether-kit-power-cable-with-matrice-400-series-power-module\/#primaryimage"},"image":{"@id":"https:\/\/koningdrone.be\/product\/volarious-v-line-pro-tether-kit-power-cable-with-matrice-400-series-power-module\/#primaryimage"},"thumbnailUrl":"https:\/\/koningdrone.be\/wp-content\/uploads\/sites\/13\/2026\/03\/Volarious-V-Line-Pro-Matrice-400.webp","datePublished":"2026-03-20T12:24:10+00:00","dateModified":"2026-04-29T01:50:17+00:00","breadcrumb":{"@id":"https:\/\/koningdrone.be\/product\/volarious-v-line-pro-tether-kit-power-cable-with-matrice-400-series-power-module\/#breadcrumb"},"inLanguage":"fr-BE","potentialAction":[{"@type":"ReadAction","target":["https:\/\/koningdrone.be\/product\/volarious-v-line-pro-tether-kit-power-cable-with-matrice-400-series-power-module\/"]}]},{"@type":"ImageObject","inLanguage":"fr-BE","@id":"https:\/\/koningdrone.be\/product\/volarious-v-line-pro-tether-kit-power-cable-with-matrice-400-series-power-module\/#primaryimage","url":"https:\/\/koningdrone.be\/wp-content\/uploads\/sites\/13\/2026\/03\/Volarious-V-Line-Pro-Matrice-400.webp","contentUrl":"https:\/\/koningdrone.be\/wp-content\/uploads\/sites\/13\/2026\/03\/Volarious-V-Line-Pro-Matrice-400.webp","width":2048,"height":2048},{"@type":"BreadcrumbList","@id":"https:\/\/koningdrone.be\/product\/volarious-v-line-pro-tether-kit-power-cable-with-matrice-400-series-power-module\/#breadcrumb","itemListElement":[{"@type":"ListItem","position":1,"name":"Home","item":"https:\/\/koningdrone.be\/"},{"@type":"ListItem","position":2,"name":"AVSS Parachute Recovery System for DJI Matrice 300\/350","item":"https:\/\/koningdrone.be\/product\/avss-parachute-recovery-system-for-dji-matrice-300-350\/"},{"@type":"ListItem","position":3,"name":"DJI Matrice 400","item":"https:\/\/koningdrone.be\/categorie\/dji-matrice-400\/"},{"@type":"ListItem","position":4,"name":"Volarious V-Line Pro tether kit power cable with Matrice 400 series power module"}]},{"@type":"WebSite","@id":"https:\/\/koningdrone.be\/#website","url":"https:\/\/koningdrone.be\/","name":"Koningdrone.be - Votre sp\u00e9cialiste en ligne en mati\u00e8re de drones, de cardans, de cam\u00e9ras et de centrales \u00e9lectriques.","description":"La boutique en ligne de drones et de cardans","publisher":{"@id":"https:\/\/koningdrone.be\/#organization"},"potentialAction":[{"@type":"SearchAction","target":{"@type":"EntryPoint","urlTemplate":"https:\/\/koningdrone.be\/?s={search_term_string}"},"query-input":{"@type":"PropertyValueSpecification","valueRequired":true,"valueName":"search_term_string"}}],"inLanguage":"fr-BE"},{"@type":"Organization","@id":"https:\/\/koningdrone.be\/#organization","name":"Kingdrone.co.uk","url":"https:\/\/koningdrone.be\/","logo":{"@type":"ImageObject","inLanguage":"fr-BE","@id":"https:\/\/koningdrone.be\/#\/schema\/logo\/image\/","url":"https:\/\/koningdrone.be\/wp-content\/uploads\/sites\/13\/2025\/04\/koningdrone-copyright-logo.svg","contentUrl":"https:\/\/koningdrone.be\/wp-content\/uploads\/sites\/13\/2025\/04\/koningdrone-copyright-logo.svg","width":227,"height":38,"caption":"Koningdrone.be"},"image":{"@id":"https:\/\/koningdrone.be\/#\/schema\/logo\/image\/"}}]}},"df_price":19299,"df_sale_price":"","df_regular_price":19299,"df_image_link":"https:\/\/koningdrone.be\/wp-content\/uploads\/sites\/13\/2026\/03\/Volarious-V-Line-Pro-Matrice-400-300x300.webp","_links":{"self":[{"href":"https:\/\/koningdrone.be\/fr\/wp-json\/wp\/v2\/product\/17424","targetHints":{"allow":["GET"]}}],"collection":[{"href":"https:\/\/koningdrone.be\/fr\/wp-json\/wp\/v2\/product"}],"about":[{"href":"https:\/\/koningdrone.be\/fr\/wp-json\/wp\/v2\/types\/product"}],"wp:featuredmedia":[{"embeddable":true,"href":"https:\/\/koningdrone.be\/fr\/wp-json\/wp\/v2\/media\/17730"}],"wp:attachment":[{"href":"https:\/\/koningdrone.be\/fr\/wp-json\/wp\/v2\/media?parent=17424"}],"wp:term":[{"taxonomy":"product_brand","embeddable":true,"href":"https:\/\/koningdrone.be\/fr\/wp-json\/wp\/v2\/product_brand?post=17424"},{"taxonomy":"product_cat","embeddable":true,"href":"https:\/\/koningdrone.be\/fr\/wp-json\/wp\/v2\/product_cat?post=17424"},{"taxonomy":"product_tag","embeddable":true,"href":"https:\/\/koningdrone.be\/fr\/wp-json\/wp\/v2\/product_tag?post=17424"}],"curies":[{"name":"wp","href":"https:\/\/api.w.org\/{rel}","templated":true}]}}