{"id":17419,"date":"2026-03-20T13:24:21","date_gmt":"2026-03-20T12:24:21","guid":{"rendered":"https:\/\/koningdrone.be\/?post_type=product&#038;p=17419"},"modified":"2026-04-29T16:30:31","modified_gmt":"2026-04-29T14:30:31","slug":"dji-flycart-100-dual-battery-lifting-system","status":"publish","type":"product","link":"https:\/\/koningdrone.be\/fr\/produit\/dji-flycart-100-dual-battery-lifting-system\/","title":{"rendered":"Syst\u00e8me de levage \u00e0 double batterie DJI Flycart 100"},"content":{"rendered":"<h3>Syst\u00e8me de levage \u00e0 double batterie DJI Flycart 100<\/h3>\n<p><iframe loading=\"lazy\" title=\"DJI FlyCart 100 - Pour plus de livraisons\" width=\"800\" height=\"450\" src=\"https:\/\/www.youtube.com\/embed\/QCU3fBOJ0H0?start=1&#038;feature=oembed&#038;enablejsapi=1&#038;origin=https:\/\/koningdrone.be\" frameborder=\"0\" allow=\"accelerometer; autoplay; clipboard-write; encrypted-media; gyroscope; picture-in-picture; web-share\" referrerpolicy=\"strict-origin-when-cross-origin\" allowfullscreen><\/iframe><\/p>\n<p style=\"margin: 20px 0\">Le syst\u00e8me de levage DJI FlyCart 100 Dual-Battery Lifting System est un syst\u00e8me de levage et de transport professionnel sp\u00e9cialement con\u00e7u pour la logistique lourde par drone avec le DJI FlyCart 100. Le syst\u00e8me permet de soulever des charges en toute s\u00e9curit\u00e9, de les abaisser de mani\u00e8re contr\u00f4l\u00e9e et de les livrer avec pr\u00e9cision \u00e0 des endroits o\u00f9 l'atterrissage est difficile ou impossible. Il est donc id\u00e9al pour les applications industrielles telles que les projets de construction, les interventions d'urgence, les inspections d'infrastructures et les livraisons logistiques dans des zones difficiles d'acc\u00e8s. S'int\u00e9grant \u00e0 la plateforme FlyCart 100, le syst\u00e8me fonctionne en toute transparence avec le drone et ses fonctions de vol intelligentes.<\/p>\n<p><a href=\"https:\/\/koningdrone.nl\/wp-content\/uploads\/2026\/03\/Flycart-100-Dual-Battery-Lifting-System-DJI-Product-Action.jpg\"><img loading=\"lazy\" decoding=\"async\" class=\"aligncenter wp-image-469979 size-full\" src=\"https:\/\/koningdrone.nl\/wp-content\/uploads\/2026\/03\/Flycart-100-Dual-Battery-Lifting-System-DJI-Product-Action.jpg\" alt=\"Flycart 100 Dual-Battery Lifting System DJI Product Action\" width=\"1200\" height=\"800\" \/><\/a><\/p>\n<h4>Performance et fonctionnalit\u00e9<\/h4>\n<p>Le syst\u00e8me de levage utilise un c\u00e2ble solide et un crochet de charge pour descendre ou r\u00e9cup\u00e9rer des charges avec pr\u00e9cision sans que le drone n'ait besoin d'atterrir. La longueur de c\u00e2ble standard de 10 m\u00e8tres offre une port\u00e9e suffisante pour des livraisons en toute s\u00e9curit\u00e9, avec une port\u00e9e recommand\u00e9e allant jusqu'\u00e0 15 m\u00e8tres pour des performances optimales. Le syst\u00e8me prend en charge le contr\u00f4le automatique de l'\u00e9quilibre, ce qui permet de maintenir la charge utile stable pendant le transport et le positionnement. Il est \u00e9galement dot\u00e9 d'une fonction de pesage int\u00e9gr\u00e9e qui permet aux op\u00e9rateurs de v\u00e9rifier instantan\u00e9ment le poids de la charge utile avant le d\u00e9collage du drone ou pendant son fonctionnement. Pour les situations d'urgence, le syst\u00e8me est dot\u00e9 d'une fonction Cable Cut Escape qui permet de d\u00e9connecter imm\u00e9diatement le c\u00e2ble en cas de besoin pour assurer la s\u00e9curit\u00e9 du vol.<\/p>\n<h4>Qualit\u00e9 de construction et conception<\/h4>\n<p style=\"margin-bottom: 20px\">Con\u00e7u pour une utilisation professionnelle, le syst\u00e8me est dot\u00e9 d'une construction industrielle robuste qui peut r\u00e9sister \u00e0 des conditions d'utilisation difficiles. La construction de montage solide assure une fixation stable au DJI FlyCart 100 et garantit des performances fiables lors de missions de transport lourdes. Les composants m\u00e9caniques sont con\u00e7us pour durer et fonctionner avec pr\u00e9cision, ce qui permet aux op\u00e9rateurs de d\u00e9placer les marchandises de mani\u00e8re s\u00fbre et efficace. La conception compacte garantit que le syst\u00e8me s'int\u00e8gre parfaitement \u00e0 la plateforme du drone sans affecter l'a\u00e9rodynamisme ou la stabilit\u00e9.<\/p>\n<p><a href=\"https:\/\/koningdrone.nl\/wp-content\/uploads\/2026\/03\/DJI-Flycart-100-Dual-Battery-Lifting-System.webp\"><img loading=\"lazy\" decoding=\"async\" class=\"size-medium wp-image-469978 aligncenter\" src=\"https:\/\/koningdrone.nl\/wp-content\/uploads\/2026\/03\/DJI-Flycart-100-Dual-Battery-Lifting-System-300x300.webp\" alt=\"DJI Flycart 100 Dual-Battery Lifting System\" width=\"300\" height=\"300\" \/><\/a><\/p>\n<h4>Pourquoi vous en avez besoin ?<\/h4>\n<p>Pour les entreprises utilisant la logistique par drone, le syst\u00e8me de levage DJI FlyCart 100 \u00e0 double batterie offre une solution efficace et s\u00fbre pour les t\u00e2ches de transport lourd. Le syst\u00e8me combine un fonctionnement pr\u00e9cis, des fonctions de s\u00e9curit\u00e9 avanc\u00e9es et des performances fiables, permettant aux marchandises d'\u00eatre livr\u00e9es en toute s\u00e9curit\u00e9 \u00e0 des endroits difficiles d'acc\u00e8s pour les m\u00e9thodes de transport traditionnelles.<\/p>","protected":false},"excerpt":{"rendered":"<ul>\n<li>Syst\u00e8me de levage professionnel pour la logistique des drones lourds<\/li>\n<li>Livraison pr\u00e9cise de marchandises sans avoir \u00e0 faire atterrir le drone<\/li>\n<li>Contr\u00f4le automatique de l'\u00e9quilibre pour un transport stable des charges utiles<\/li>\n<li>Fonction de pesage int\u00e9gr\u00e9e pour un contr\u00f4le en temps r\u00e9el du poids de la charge<\/li>\n<li>Fonction d'urgence \"Cable Cut Escape\" pour une s\u00e9curit\u00e9 suppl\u00e9mentaire en cas d'\u00e9vacuation<\/li>\n<\/ul>","protected":false},"featured_media":17411,"template":"","meta":{"_acf_changed":false},"product_brand":[],"product_cat":[158,1802],"product_tag":[],"class_list":{"0":"post-17419","1":"product","2":"type-product","3":"status-publish","4":"has-post-thumbnail","6":"product_cat-dji-flycart","7":"product_cat-dji-flycart-100","8":"product_shipping_class-outofstock","9":"pa_brand-dji-cargo","10":"pa_producttype-hijssysteem","12":"first","13":"outofstock","14":"taxable","15":"shipping-taxable","16":"purchasable","17":"product-type-simple"},"acf":[],"yoast_head":"<!-- This site is optimized with the Yoast SEO Premium plugin v27.2 (Yoast SEO v27.2) - https:\/\/yoast.com\/product\/yoast-seo-premium-wordpress\/ -->\n<title>DJI Flycart 100 Dual-Battery Lifting System - koningdrone.be<\/title>\n<meta name=\"robots\" content=\"index, follow, max-snippet:-1, max-image-preview:large, max-video-preview:-1\" \/>\n<link rel=\"canonical\" href=\"https:\/\/koningdrone.be\/fr\/produit\/dji-flycart-100-dual-battery-lifting-system\/\" \/>\n<meta property=\"og:locale\" content=\"fr_FR\" \/>\n<meta property=\"og:type\" content=\"article\" \/>\n<meta property=\"og:title\" content=\"DJI Flycart 100 Dual-Battery Lifting System\" \/>\n<meta property=\"og:description\" content=\"Professioneel hijssysteem voor zware drone-logistiek  Nauwkeurige levering van lading zonder dat de drone hoeft te landen  Automatische balanscontrole voor stabiel transport van payloads  Ingebouwde weegfunctie voor realtime controle van het laadgewicht  Cable Cut Escape noodfunctie voor extra vluchtveiligheid\" \/>\n<meta property=\"og:url\" content=\"https:\/\/koningdrone.be\/fr\/produit\/dji-flycart-100-dual-battery-lifting-system\/\" \/>\n<meta property=\"og:site_name\" content=\"koningdrone.be\" \/>\n<meta property=\"article:modified_time\" content=\"2026-04-29T14:30:31+00:00\" \/>\n<meta property=\"og:image\" content=\"https:\/\/koningdrone.be\/wp-content\/uploads\/sites\/13\/2026\/03\/DJI-Flycart-100-Dual-Battery-Lifting-System.webp\" \/>\n\t<meta property=\"og:image:width\" content=\"2048\" \/>\n\t<meta property=\"og:image:height\" content=\"2048\" \/>\n\t<meta property=\"og:image:type\" content=\"image\/webp\" \/>\n<meta name=\"twitter:card\" content=\"summary_large_image\" \/>\n<meta name=\"twitter:label1\" content=\"Dur\u00e9e de lecture est.\" \/>\n\t<meta name=\"twitter:data1\" content=\"2 minutes\" \/>\n<script type=\"application\/ld+json\" class=\"yoast-schema-graph\">{\"@context\":\"https:\/\/schema.org\",\"@graph\":[{\"@type\":\"WebPage\",\"@id\":\"https:\/\/koningdrone.be\/product\/dji-flycart-100-dual-battery-lifting-system\/\",\"url\":\"https:\/\/koningdrone.be\/product\/dji-flycart-100-dual-battery-lifting-system\/\",\"name\":\"DJI Flycart 100 Dual-Battery Lifting System - koningdrone.be\",\"isPartOf\":{\"@id\":\"https:\/\/koningdrone.be\/#website\"},\"primaryImageOfPage\":{\"@id\":\"https:\/\/koningdrone.be\/product\/dji-flycart-100-dual-battery-lifting-system\/#primaryimage\"},\"image\":{\"@id\":\"https:\/\/koningdrone.be\/product\/dji-flycart-100-dual-battery-lifting-system\/#primaryimage\"},\"thumbnailUrl\":\"https:\/\/koningdrone.be\/wp-content\/uploads\/sites\/13\/2026\/03\/DJI-Flycart-100-Dual-Battery-Lifting-System.webp\",\"datePublished\":\"2026-03-20T12:24:21+00:00\",\"dateModified\":\"2026-04-29T14:30:31+00:00\",\"breadcrumb\":{\"@id\":\"https:\/\/koningdrone.be\/product\/dji-flycart-100-dual-battery-lifting-system\/#breadcrumb\"},\"inLanguage\":\"fr-BE\",\"potentialAction\":[{\"@type\":\"ReadAction\",\"target\":[\"https:\/\/koningdrone.be\/product\/dji-flycart-100-dual-battery-lifting-system\/\"]}]},{\"@type\":\"ImageObject\",\"inLanguage\":\"fr-BE\",\"@id\":\"https:\/\/koningdrone.be\/product\/dji-flycart-100-dual-battery-lifting-system\/#primaryimage\",\"url\":\"https:\/\/koningdrone.be\/wp-content\/uploads\/sites\/13\/2026\/03\/DJI-Flycart-100-Dual-Battery-Lifting-System.webp\",\"contentUrl\":\"https:\/\/koningdrone.be\/wp-content\/uploads\/sites\/13\/2026\/03\/DJI-Flycart-100-Dual-Battery-Lifting-System.webp\",\"width\":2048,\"height\":2048},{\"@type\":\"BreadcrumbList\",\"@id\":\"https:\/\/koningdrone.be\/product\/dji-flycart-100-dual-battery-lifting-system\/#breadcrumb\",\"itemListElement\":[{\"@type\":\"ListItem\",\"position\":1,\"name\":\"Home\",\"item\":\"https:\/\/koningdrone.be\/\"},{\"@type\":\"ListItem\",\"position\":2,\"name\":\"AVSS Parachute Recovery System for DJI Matrice 300\/350\",\"item\":\"https:\/\/koningdrone.be\/product\/avss-parachute-recovery-system-for-dji-matrice-300-350\/\"},{\"@type\":\"ListItem\",\"position\":3,\"name\":\"DJI FlyCart\",\"item\":\"https:\/\/koningdrone.be\/categorie\/dji-flycart\/\"},{\"@type\":\"ListItem\",\"position\":4,\"name\":\"DJI Flycart 100 Dual-Battery Lifting System\"}]},{\"@type\":\"WebSite\",\"@id\":\"https:\/\/koningdrone.be\/#website\",\"url\":\"https:\/\/koningdrone.be\/\",\"name\":\"Koningdrone.be - Uw online specialist in drones, gimbals, camera's en power stations.\",\"description\":\"De webshop in drones en gimbals\",\"publisher\":{\"@id\":\"https:\/\/koningdrone.be\/#organization\"},\"potentialAction\":[{\"@type\":\"SearchAction\",\"target\":{\"@type\":\"EntryPoint\",\"urlTemplate\":\"https:\/\/koningdrone.be\/?s={search_term_string}\"},\"query-input\":{\"@type\":\"PropertyValueSpecification\",\"valueRequired\":true,\"valueName\":\"search_term_string\"}}],\"inLanguage\":\"fr-BE\"},{\"@type\":\"Organization\",\"@id\":\"https:\/\/koningdrone.be\/#organization\",\"name\":\"Koningdrone.be\",\"url\":\"https:\/\/koningdrone.be\/\",\"logo\":{\"@type\":\"ImageObject\",\"inLanguage\":\"fr-BE\",\"@id\":\"https:\/\/koningdrone.be\/#\/schema\/logo\/image\/\",\"url\":\"https:\/\/koningdrone.be\/wp-content\/uploads\/sites\/13\/2025\/04\/koningdrone-copyright-logo.svg\",\"contentUrl\":\"https:\/\/koningdrone.be\/wp-content\/uploads\/sites\/13\/2025\/04\/koningdrone-copyright-logo.svg\",\"width\":227,\"height\":38,\"caption\":\"Koningdrone.be\"},\"image\":{\"@id\":\"https:\/\/koningdrone.be\/#\/schema\/logo\/image\/\"}}]}<\/script>\n<!-- \/ Yoast SEO Premium plugin. -->","yoast_head_json":{"title":"DJI Flycart 100 Dual-Battery Lifting System - koningdrone.be","robots":{"index":"index","follow":"follow","max-snippet":"max-snippet:-1","max-image-preview":"max-image-preview:large","max-video-preview":"max-video-preview:-1"},"canonical":"https:\/\/koningdrone.be\/fr\/produit\/dji-flycart-100-dual-battery-lifting-system\/","og_locale":"fr_FR","og_type":"article","og_title":"DJI Flycart 100 Dual-Battery Lifting System","og_description":"Professioneel hijssysteem voor zware drone-logistiek  Nauwkeurige levering van lading zonder dat de drone hoeft te landen  Automatische balanscontrole voor stabiel transport van payloads  Ingebouwde weegfunctie voor realtime controle van het laadgewicht  Cable Cut Escape noodfunctie voor extra vluchtveiligheid","og_url":"https:\/\/koningdrone.be\/fr\/produit\/dji-flycart-100-dual-battery-lifting-system\/","og_site_name":"koningdrone.be","article_modified_time":"2026-04-29T14:30:31+00:00","og_image":[{"width":2048,"height":2048,"url":"https:\/\/koningdrone.be\/wp-content\/uploads\/sites\/13\/2026\/03\/DJI-Flycart-100-Dual-Battery-Lifting-System.webp","type":"image\/webp"}],"twitter_card":"summary_large_image","twitter_misc":{"Dur\u00e9e de lecture est.":"2 minutes"},"schema":{"@context":"https:\/\/schema.org","@graph":[{"@type":"WebPage","@id":"https:\/\/koningdrone.be\/product\/dji-flycart-100-dual-battery-lifting-system\/","url":"https:\/\/koningdrone.be\/product\/dji-flycart-100-dual-battery-lifting-system\/","name":"DJI Flycart 100 Dual-Battery Lifting System - koningdrone.be","isPartOf":{"@id":"https:\/\/koningdrone.be\/#website"},"primaryImageOfPage":{"@id":"https:\/\/koningdrone.be\/product\/dji-flycart-100-dual-battery-lifting-system\/#primaryimage"},"image":{"@id":"https:\/\/koningdrone.be\/product\/dji-flycart-100-dual-battery-lifting-system\/#primaryimage"},"thumbnailUrl":"https:\/\/koningdrone.be\/wp-content\/uploads\/sites\/13\/2026\/03\/DJI-Flycart-100-Dual-Battery-Lifting-System.webp","datePublished":"2026-03-20T12:24:21+00:00","dateModified":"2026-04-29T14:30:31+00:00","breadcrumb":{"@id":"https:\/\/koningdrone.be\/product\/dji-flycart-100-dual-battery-lifting-system\/#breadcrumb"},"inLanguage":"fr-BE","potentialAction":[{"@type":"ReadAction","target":["https:\/\/koningdrone.be\/product\/dji-flycart-100-dual-battery-lifting-system\/"]}]},{"@type":"ImageObject","inLanguage":"fr-BE","@id":"https:\/\/koningdrone.be\/product\/dji-flycart-100-dual-battery-lifting-system\/#primaryimage","url":"https:\/\/koningdrone.be\/wp-content\/uploads\/sites\/13\/2026\/03\/DJI-Flycart-100-Dual-Battery-Lifting-System.webp","contentUrl":"https:\/\/koningdrone.be\/wp-content\/uploads\/sites\/13\/2026\/03\/DJI-Flycart-100-Dual-Battery-Lifting-System.webp","width":2048,"height":2048},{"@type":"BreadcrumbList","@id":"https:\/\/koningdrone.be\/product\/dji-flycart-100-dual-battery-lifting-system\/#breadcrumb","itemListElement":[{"@type":"ListItem","position":1,"name":"Home","item":"https:\/\/koningdrone.be\/"},{"@type":"ListItem","position":2,"name":"AVSS Parachute Recovery System for DJI Matrice 300\/350","item":"https:\/\/koningdrone.be\/product\/avss-parachute-recovery-system-for-dji-matrice-300-350\/"},{"@type":"ListItem","position":3,"name":"DJI FlyCart","item":"https:\/\/koningdrone.be\/categorie\/dji-flycart\/"},{"@type":"ListItem","position":4,"name":"DJI Flycart 100 Dual-Battery Lifting System"}]},{"@type":"WebSite","@id":"https:\/\/koningdrone.be\/#website","url":"https:\/\/koningdrone.be\/","name":"Koningdrone.be - Votre sp\u00e9cialiste en ligne en mati\u00e8re de drones, de cardans, de cam\u00e9ras et de centrales \u00e9lectriques.","description":"La boutique en ligne de drones et de cardans","publisher":{"@id":"https:\/\/koningdrone.be\/#organization"},"potentialAction":[{"@type":"SearchAction","target":{"@type":"EntryPoint","urlTemplate":"https:\/\/koningdrone.be\/?s={search_term_string}"},"query-input":{"@type":"PropertyValueSpecification","valueRequired":true,"valueName":"search_term_string"}}],"inLanguage":"fr-BE"},{"@type":"Organization","@id":"https:\/\/koningdrone.be\/#organization","name":"Kingdrone.co.uk","url":"https:\/\/koningdrone.be\/","logo":{"@type":"ImageObject","inLanguage":"fr-BE","@id":"https:\/\/koningdrone.be\/#\/schema\/logo\/image\/","url":"https:\/\/koningdrone.be\/wp-content\/uploads\/sites\/13\/2025\/04\/koningdrone-copyright-logo.svg","contentUrl":"https:\/\/koningdrone.be\/wp-content\/uploads\/sites\/13\/2025\/04\/koningdrone-copyright-logo.svg","width":227,"height":38,"caption":"Koningdrone.be"},"image":{"@id":"https:\/\/koningdrone.be\/#\/schema\/logo\/image\/"}}]}},"df_price":1559,"df_sale_price":"","df_regular_price":1559,"df_image_link":"https:\/\/koningdrone.be\/wp-content\/uploads\/sites\/13\/2026\/03\/DJI-Flycart-100-Dual-Battery-Lifting-System-300x300.webp","_links":{"self":[{"href":"https:\/\/koningdrone.be\/fr\/wp-json\/wp\/v2\/product\/17419","targetHints":{"allow":["GET"]}}],"collection":[{"href":"https:\/\/koningdrone.be\/fr\/wp-json\/wp\/v2\/product"}],"about":[{"href":"https:\/\/koningdrone.be\/fr\/wp-json\/wp\/v2\/types\/product"}],"wp:featuredmedia":[{"embeddable":true,"href":"https:\/\/koningdrone.be\/fr\/wp-json\/wp\/v2\/media\/17411"}],"wp:attachment":[{"href":"https:\/\/koningdrone.be\/fr\/wp-json\/wp\/v2\/media?parent=17419"}],"wp:term":[{"taxonomy":"product_brand","embeddable":true,"href":"https:\/\/koningdrone.be\/fr\/wp-json\/wp\/v2\/product_brand?post=17419"},{"taxonomy":"product_cat","embeddable":true,"href":"https:\/\/koningdrone.be\/fr\/wp-json\/wp\/v2\/product_cat?post=17419"},{"taxonomy":"product_tag","embeddable":true,"href":"https:\/\/koningdrone.be\/fr\/wp-json\/wp\/v2\/product_tag?post=17419"}],"curies":[{"name":"wp","href":"https:\/\/api.w.org\/{rel}","templated":true}]}}