{"id":17350,"date":"2026-03-18T09:00:58","date_gmt":"2026-03-18T08:00:58","guid":{"rendered":"https:\/\/koningdrone.be\/?post_type=product&#038;p=17350"},"modified":"2026-04-29T03:31:03","modified_gmt":"2026-04-29T01:31:03","slug":"dji-cellular-dongle","status":"publish","type":"product","link":"https:\/\/koningdrone.be\/fr\/produit\/dji-cellular-dongle\/","title":{"rendered":"Dongle cellulaire DJI"},"content":{"rendered":"<h3>Dongle cellulaire DJI<\/h3>\n<p>Le DJI Cellular Dongle (LTE USB Modem) est un module 4G compact qui permet aux \u00e9quipements DJI d'acc\u00e9der aux r\u00e9seaux mobiles pour une connectivit\u00e9 stable et fiable. En utilisant ce dongle, votre drone peut se connecter \u00e0 un r\u00e9seau 4G, offrant une stabilit\u00e9 suppl\u00e9mentaire pendant les op\u00e9rations de vol. Ceci est particuli\u00e8rement utile lorsque le signal vid\u00e9o standard est perturb\u00e9 par des obstacles, des interf\u00e9rences ou de longues distances. Ce dongle est con\u00e7u pour les applications professionnelles et d'entreprise o\u00f9 une connexion de donn\u00e9es fiable est essentielle.<\/p>\n<h4>Performance et fonctionnalit\u00e9<\/h4>\n<p>Le DJI Cellular Dongle utilise les r\u00e9seaux 4G LTE pour activer des fonctions telles que la transmission am\u00e9lior\u00e9e et le RTK r\u00e9seau. Cela permet au drone de continuer \u00e0 communiquer sur le r\u00e9seau cellulaire lorsque la connexion vid\u00e9o ou radio standard est temporairement interrompue. Cela r\u00e9duit le risque de perte de signal et permet un contr\u00f4le plus stable du drone. Le dongle offre \u00e9galement des connexions de donn\u00e9es \u00e0 haut d\u00e9bit et est fourni avec un abonnement d'un an aux services DJI Enhanced Transmission.<\/p>\n<p><a href=\"https:\/\/koningdrone.nl\/wp-content\/uploads\/2026\/03\/DJI-Cellular-Dongle.jpg\"><img loading=\"lazy\" decoding=\"async\" class=\"size-medium wp-image-467695 aligncenter\" src=\"https:\/\/koningdrone.nl\/wp-content\/uploads\/2026\/03\/DJI-Cellular-Dongle-300x300.jpg\" alt=\"DJI Cellular Dongle\" width=\"300\" height=\"300\" \/><\/a><\/p>\n<h4>Qualit\u00e9 de construction et conception<\/h4>\n<p>Le dongle a un design tr\u00e8s compact et l\u00e9ger et peut \u00eatre facilement connect\u00e9 aux appareils DJI compatibles via une interface USB. Gr\u00e2ce \u00e0 son emplacement int\u00e9gr\u00e9 pour carte nano-SIM et \u00e0 sa conception \u00e0 double antenne, le module peut maintenir des connexions stables au r\u00e9seau mobile. Le design robuste est con\u00e7u pour une utilisation professionnelle dans divers environnements tels que les inspections, la cartographie et les op\u00e9rations de drones industriels.<\/p>\n<h4>Pourquoi vous en avez besoin ?<\/h4>\n<p>Pour les utilisateurs de drones professionnels qui ont besoin d'une fiabilit\u00e9 et d'une connectivit\u00e9 maximales, le dongle cellulaire DJI est un compl\u00e9ment pr\u00e9cieux. Utilisant un r\u00e9seau 4G comme couche de communication suppl\u00e9mentaire, ce dongle permet de maintenir des connexions stables et de r\u00e9duire consid\u00e9rablement le risque d'interruptions pendant les vols critiques.<\/p>","protected":false},"excerpt":{"rendered":"<ul>\n<li>Les drones et les contr\u00f4leurs DJI ont acc\u00e8s aux r\u00e9seaux 4G LTE rapides<\/li>\n<li>Prise en charge de la transmission am\u00e9lior\u00e9e pour une transmission vid\u00e9o plus stable<\/li>\n<li>R\u00e9duit le risque de perte de signal pendant les vols<\/li>\n<li>Prise en charge du RTK r\u00e9seau pour un positionnement pr\u00e9cis<\/li>\n<li>Comprend un an de service DJI Enhanced Transmission<\/li>\n<\/ul>","protected":false},"featured_media":17349,"template":"","meta":{"_acf_changed":false},"product_brand":[],"product_cat":[149,543,153,165,1721],"product_tag":[],"class_list":{"0":"post-17350","1":"product","2":"type-product","3":"status-publish","4":"has-post-thumbnail","6":"product_cat-dji-matrice-30","7":"product_cat-dji-matrice-30t","8":"product_cat-dji-matrice-350","9":"product_cat-dji-mavic-3-enterprise","10":"product_cat-dji-oplaadaccessoires","11":"product_shipping_class-uavspacesall","12":"pa_brand-dji","13":"pa_producttype-4g-dongle-2","15":"first","16":"instock","17":"taxable","18":"shipping-taxable","19":"purchasable","20":"product-type-simple"},"acf":[],"yoast_head":"<!-- This site is optimized with the Yoast SEO Premium plugin v27.2 (Yoast SEO v27.2) - https:\/\/yoast.com\/product\/yoast-seo-premium-wordpress\/ -->\n<title>DJI Cellular Dongle - koningdrone.be<\/title>\n<meta name=\"robots\" content=\"index, follow, max-snippet:-1, max-image-preview:large, max-video-preview:-1\" \/>\n<link rel=\"canonical\" href=\"https:\/\/koningdrone.be\/fr\/produit\/dji-cellular-dongle\/\" \/>\n<meta property=\"og:locale\" content=\"fr_FR\" \/>\n<meta property=\"og:type\" content=\"article\" \/>\n<meta property=\"og:title\" content=\"DJI Cellular Dongle\" \/>\n<meta property=\"og:description\" content=\"Geeft DJI drones en controllers toegang tot snelle 4G LTE-netwerken  Ondersteunt Enhanced Transmission voor stabielere videotransmissie  Vermindert het risico op signaalverlies tijdens vluchten  Ondersteunt Network RTK voor nauwkeurige positionering  Inclusief \u00e9\u00e9n jaar DJI Enhanced Transmission service\" \/>\n<meta property=\"og:url\" content=\"https:\/\/koningdrone.be\/fr\/produit\/dji-cellular-dongle\/\" \/>\n<meta property=\"og:site_name\" content=\"koningdrone.be\" \/>\n<meta property=\"article:modified_time\" content=\"2026-04-29T01:31:03+00:00\" \/>\n<meta property=\"og:image\" content=\"https:\/\/koningdrone.be\/wp-content\/uploads\/sites\/13\/2026\/03\/DJI-Cellular-Dongle.jpg\" \/>\n\t<meta property=\"og:image:width\" content=\"2048\" \/>\n\t<meta property=\"og:image:height\" content=\"2048\" \/>\n\t<meta property=\"og:image:type\" content=\"image\/jpeg\" \/>\n<meta name=\"twitter:card\" content=\"summary_large_image\" \/>\n<meta name=\"twitter:label1\" content=\"Dur\u00e9e de lecture est.\" \/>\n\t<meta name=\"twitter:data1\" content=\"1 minute\" \/>\n<script type=\"application\/ld+json\" class=\"yoast-schema-graph\">{\"@context\":\"https:\/\/schema.org\",\"@graph\":[{\"@type\":\"WebPage\",\"@id\":\"https:\/\/koningdrone.be\/product\/dji-cellular-dongle\/\",\"url\":\"https:\/\/koningdrone.be\/product\/dji-cellular-dongle\/\",\"name\":\"DJI Cellular Dongle - koningdrone.be\",\"isPartOf\":{\"@id\":\"https:\/\/koningdrone.be\/#website\"},\"primaryImageOfPage\":{\"@id\":\"https:\/\/koningdrone.be\/product\/dji-cellular-dongle\/#primaryimage\"},\"image\":{\"@id\":\"https:\/\/koningdrone.be\/product\/dji-cellular-dongle\/#primaryimage\"},\"thumbnailUrl\":\"https:\/\/koningdrone.be\/wp-content\/uploads\/sites\/13\/2026\/03\/DJI-Cellular-Dongle.jpg\",\"datePublished\":\"2026-03-18T08:00:58+00:00\",\"dateModified\":\"2026-04-29T01:31:03+00:00\",\"breadcrumb\":{\"@id\":\"https:\/\/koningdrone.be\/product\/dji-cellular-dongle\/#breadcrumb\"},\"inLanguage\":\"fr-BE\",\"potentialAction\":[{\"@type\":\"ReadAction\",\"target\":[\"https:\/\/koningdrone.be\/product\/dji-cellular-dongle\/\"]}]},{\"@type\":\"ImageObject\",\"inLanguage\":\"fr-BE\",\"@id\":\"https:\/\/koningdrone.be\/product\/dji-cellular-dongle\/#primaryimage\",\"url\":\"https:\/\/koningdrone.be\/wp-content\/uploads\/sites\/13\/2026\/03\/DJI-Cellular-Dongle.jpg\",\"contentUrl\":\"https:\/\/koningdrone.be\/wp-content\/uploads\/sites\/13\/2026\/03\/DJI-Cellular-Dongle.jpg\",\"width\":2048,\"height\":2048},{\"@type\":\"BreadcrumbList\",\"@id\":\"https:\/\/koningdrone.be\/product\/dji-cellular-dongle\/#breadcrumb\",\"itemListElement\":[{\"@type\":\"ListItem\",\"position\":1,\"name\":\"Home\",\"item\":\"https:\/\/koningdrone.be\/\"},{\"@type\":\"ListItem\",\"position\":2,\"name\":\"AVSS Parachute Recovery System for DJI Matrice 300\/350\",\"item\":\"https:\/\/koningdrone.be\/product\/avss-parachute-recovery-system-for-dji-matrice-300-350\/\"},{\"@type\":\"ListItem\",\"position\":3,\"name\":\"DJI Matrice 30\",\"item\":\"https:\/\/koningdrone.be\/categorie\/dji-matrice-30\/\"},{\"@type\":\"ListItem\",\"position\":4,\"name\":\"DJI Cellular Dongle\"}]},{\"@type\":\"WebSite\",\"@id\":\"https:\/\/koningdrone.be\/#website\",\"url\":\"https:\/\/koningdrone.be\/\",\"name\":\"Koningdrone.be - Uw online specialist in drones, gimbals, camera's en power stations.\",\"description\":\"De webshop in drones en gimbals\",\"publisher\":{\"@id\":\"https:\/\/koningdrone.be\/#organization\"},\"potentialAction\":[{\"@type\":\"SearchAction\",\"target\":{\"@type\":\"EntryPoint\",\"urlTemplate\":\"https:\/\/koningdrone.be\/?s={search_term_string}\"},\"query-input\":{\"@type\":\"PropertyValueSpecification\",\"valueRequired\":true,\"valueName\":\"search_term_string\"}}],\"inLanguage\":\"fr-BE\"},{\"@type\":\"Organization\",\"@id\":\"https:\/\/koningdrone.be\/#organization\",\"name\":\"Koningdrone.be\",\"url\":\"https:\/\/koningdrone.be\/\",\"logo\":{\"@type\":\"ImageObject\",\"inLanguage\":\"fr-BE\",\"@id\":\"https:\/\/koningdrone.be\/#\/schema\/logo\/image\/\",\"url\":\"https:\/\/koningdrone.be\/wp-content\/uploads\/sites\/13\/2025\/04\/koningdrone-copyright-logo.svg\",\"contentUrl\":\"https:\/\/koningdrone.be\/wp-content\/uploads\/sites\/13\/2025\/04\/koningdrone-copyright-logo.svg\",\"width\":227,\"height\":38,\"caption\":\"Koningdrone.be\"},\"image\":{\"@id\":\"https:\/\/koningdrone.be\/#\/schema\/logo\/image\/\"}}]}<\/script>\n<!-- \/ Yoast SEO Premium plugin. -->","yoast_head_json":{"title":"DJI Cellular Dongle - koningdrone.be","robots":{"index":"index","follow":"follow","max-snippet":"max-snippet:-1","max-image-preview":"max-image-preview:large","max-video-preview":"max-video-preview:-1"},"canonical":"https:\/\/koningdrone.be\/fr\/produit\/dji-cellular-dongle\/","og_locale":"fr_FR","og_type":"article","og_title":"DJI Cellular Dongle","og_description":"Geeft DJI drones en controllers toegang tot snelle 4G LTE-netwerken  Ondersteunt Enhanced Transmission voor stabielere videotransmissie  Vermindert het risico op signaalverlies tijdens vluchten  Ondersteunt Network RTK voor nauwkeurige positionering  Inclusief \u00e9\u00e9n jaar DJI Enhanced Transmission service","og_url":"https:\/\/koningdrone.be\/fr\/produit\/dji-cellular-dongle\/","og_site_name":"koningdrone.be","article_modified_time":"2026-04-29T01:31:03+00:00","og_image":[{"width":2048,"height":2048,"url":"https:\/\/koningdrone.be\/wp-content\/uploads\/sites\/13\/2026\/03\/DJI-Cellular-Dongle.jpg","type":"image\/jpeg"}],"twitter_card":"summary_large_image","twitter_misc":{"Dur\u00e9e de lecture est.":"1 minute"},"schema":{"@context":"https:\/\/schema.org","@graph":[{"@type":"WebPage","@id":"https:\/\/koningdrone.be\/product\/dji-cellular-dongle\/","url":"https:\/\/koningdrone.be\/product\/dji-cellular-dongle\/","name":"DJI Cellular Dongle - koningdrone.be","isPartOf":{"@id":"https:\/\/koningdrone.be\/#website"},"primaryImageOfPage":{"@id":"https:\/\/koningdrone.be\/product\/dji-cellular-dongle\/#primaryimage"},"image":{"@id":"https:\/\/koningdrone.be\/product\/dji-cellular-dongle\/#primaryimage"},"thumbnailUrl":"https:\/\/koningdrone.be\/wp-content\/uploads\/sites\/13\/2026\/03\/DJI-Cellular-Dongle.jpg","datePublished":"2026-03-18T08:00:58+00:00","dateModified":"2026-04-29T01:31:03+00:00","breadcrumb":{"@id":"https:\/\/koningdrone.be\/product\/dji-cellular-dongle\/#breadcrumb"},"inLanguage":"fr-BE","potentialAction":[{"@type":"ReadAction","target":["https:\/\/koningdrone.be\/product\/dji-cellular-dongle\/"]}]},{"@type":"ImageObject","inLanguage":"fr-BE","@id":"https:\/\/koningdrone.be\/product\/dji-cellular-dongle\/#primaryimage","url":"https:\/\/koningdrone.be\/wp-content\/uploads\/sites\/13\/2026\/03\/DJI-Cellular-Dongle.jpg","contentUrl":"https:\/\/koningdrone.be\/wp-content\/uploads\/sites\/13\/2026\/03\/DJI-Cellular-Dongle.jpg","width":2048,"height":2048},{"@type":"BreadcrumbList","@id":"https:\/\/koningdrone.be\/product\/dji-cellular-dongle\/#breadcrumb","itemListElement":[{"@type":"ListItem","position":1,"name":"Home","item":"https:\/\/koningdrone.be\/"},{"@type":"ListItem","position":2,"name":"AVSS Parachute Recovery System for DJI Matrice 300\/350","item":"https:\/\/koningdrone.be\/product\/avss-parachute-recovery-system-for-dji-matrice-300-350\/"},{"@type":"ListItem","position":3,"name":"DJI Matrice 30","item":"https:\/\/koningdrone.be\/categorie\/dji-matrice-30\/"},{"@type":"ListItem","position":4,"name":"DJI Cellular Dongle"}]},{"@type":"WebSite","@id":"https:\/\/koningdrone.be\/#website","url":"https:\/\/koningdrone.be\/","name":"Koningdrone.be - Votre sp\u00e9cialiste en ligne en mati\u00e8re de drones, de cardans, de cam\u00e9ras et de centrales \u00e9lectriques.","description":"La boutique en ligne de drones et de cardans","publisher":{"@id":"https:\/\/koningdrone.be\/#organization"},"potentialAction":[{"@type":"SearchAction","target":{"@type":"EntryPoint","urlTemplate":"https:\/\/koningdrone.be\/?s={search_term_string}"},"query-input":{"@type":"PropertyValueSpecification","valueRequired":true,"valueName":"search_term_string"}}],"inLanguage":"fr-BE"},{"@type":"Organization","@id":"https:\/\/koningdrone.be\/#organization","name":"Kingdrone.co.uk","url":"https:\/\/koningdrone.be\/","logo":{"@type":"ImageObject","inLanguage":"fr-BE","@id":"https:\/\/koningdrone.be\/#\/schema\/logo\/image\/","url":"https:\/\/koningdrone.be\/wp-content\/uploads\/sites\/13\/2025\/04\/koningdrone-copyright-logo.svg","contentUrl":"https:\/\/koningdrone.be\/wp-content\/uploads\/sites\/13\/2025\/04\/koningdrone-copyright-logo.svg","width":227,"height":38,"caption":"Koningdrone.be"},"image":{"@id":"https:\/\/koningdrone.be\/#\/schema\/logo\/image\/"}}]}},"df_price":134,"df_sale_price":"","df_regular_price":134,"df_image_link":"https:\/\/koningdrone.be\/wp-content\/uploads\/sites\/13\/2026\/03\/DJI-Cellular-Dongle-300x300.jpg","_links":{"self":[{"href":"https:\/\/koningdrone.be\/fr\/wp-json\/wp\/v2\/product\/17350","targetHints":{"allow":["GET"]}}],"collection":[{"href":"https:\/\/koningdrone.be\/fr\/wp-json\/wp\/v2\/product"}],"about":[{"href":"https:\/\/koningdrone.be\/fr\/wp-json\/wp\/v2\/types\/product"}],"wp:featuredmedia":[{"embeddable":true,"href":"https:\/\/koningdrone.be\/fr\/wp-json\/wp\/v2\/media\/17349"}],"wp:attachment":[{"href":"https:\/\/koningdrone.be\/fr\/wp-json\/wp\/v2\/media?parent=17350"}],"wp:term":[{"taxonomy":"product_brand","embeddable":true,"href":"https:\/\/koningdrone.be\/fr\/wp-json\/wp\/v2\/product_brand?post=17350"},{"taxonomy":"product_cat","embeddable":true,"href":"https:\/\/koningdrone.be\/fr\/wp-json\/wp\/v2\/product_cat?post=17350"},{"taxonomy":"product_tag","embeddable":true,"href":"https:\/\/koningdrone.be\/fr\/wp-json\/wp\/v2\/product_tag?post=17350"}],"curies":[{"name":"wp","href":"https:\/\/api.w.org\/{rel}","templated":true}]}}