{"id":17348,"date":"2026-03-20T13:13:33","date_gmt":"2026-03-20T12:13:33","guid":{"rendered":"https:\/\/koningdrone.be\/?post_type=product&#038;p=17348"},"modified":"2026-04-29T03:30:53","modified_gmt":"2026-04-29T01:30:53","slug":"dji-cellular-dongle-instal-mavic-3","status":"publish","type":"product","link":"https:\/\/koningdrone.be\/fr\/produit\/dji-cellular-dongle-instal-mavic-3\/","title":{"rendered":"DJI Cellular Dongle Instal. Mavic 3"},"content":{"rendered":"<h3>DJI Cellular Dongle Instal. Mavic 3<\/h3>\n<p style=\"margin-bottom: 20px\">Le kit d'installation DJI Cellular Dongle (Mavic 3 Series) est un kit d'installation officiel qui vous permet d'installer correctement et en toute s\u00e9curit\u00e9 le DJI Cellular Dongle sur un drone DJI Mavic 3 Series. Ce kit est sp\u00e9cialement con\u00e7u pour permettre une int\u00e9gration stable et fiable du dongle au syst\u00e8me du drone. Il permet au drone d'utiliser les fonctionnalit\u00e9s du r\u00e9seau mobile lorsqu'un DJI Cellular Dongle est ajout\u00e9. C'est un accessoire compact et l\u00e9ger qui compl\u00e8te parfaitement le design de la s\u00e9rie Mavic 3.<\/p>\n<p><a href=\"https:\/\/koningdrone.nl\/wp-content\/uploads\/2026\/03\/DJI-Cellular-Dongle-Instal.-Mavic-3.jpg\"><img loading=\"lazy\" decoding=\"async\" class=\"aligncenter wp-image-467692 size-full\" src=\"https:\/\/koningdrone.nl\/wp-content\/uploads\/2026\/03\/DJI-Cellular-Dongle-Instal.-Mavic-3.jpg\" alt=\"DJI Cellular Dongle Instal. Mavic 3\" width=\"1200\" height=\"800\" \/><\/a><\/p>\n<h4>Performance et fonctionnalit\u00e9<\/h4>\n<p>Ce kit d'installation permet de connecter le DJI Cellular Dongle \u00e0 un drone de la s\u00e9rie Mavic 3, permettant la prise en charge de la connectivit\u00e9 r\u00e9seau mobile. Une fois le dongle install\u00e9, le drone peut b\u00e9n\u00e9ficier de fonctionnalit\u00e9s telles qu'une transmission am\u00e9lior\u00e9e, des connexions de donn\u00e9es plus stables et la prise en charge du r\u00e9seau RTK pour un positionnement pr\u00e9cis. Cela peut s'av\u00e9rer particuli\u00e8rement utile pour les applications professionnelles telles que les inspections, la cartographie et les op\u00e9rations industrielles o\u00f9 une connectivit\u00e9 fiable est essentielle.<\/p>\n<h4>Qualit\u00e9 de construction et conception<\/h4>\n<p>Le kit se compose d'un support de montage et d'un c\u00e2ble de connexion sp\u00e9cialement con\u00e7us pour s'adapter parfaitement au design de la s\u00e9rie DJI Mavic 3. La conception l\u00e9g\u00e8re et compacte maintient l'\u00e9quilibre du drone et facilite l'installation sans modification majeure du drone. Les pi\u00e8ces d'origine DJI garantissent une fixation s\u00fbre et une connexion fiable pendant l'utilisation.<\/p>\n<p><a href=\"https:\/\/koningdrone.nl\/wp-content\/uploads\/2026\/03\/Cellular-Dongle-Instal.-Mavic-3-DJI.jpg\"><img loading=\"lazy\" decoding=\"async\" class=\"size-medium wp-image-467689 aligncenter\" src=\"https:\/\/koningdrone.nl\/wp-content\/uploads\/2026\/03\/Cellular-Dongle-Instal.-Mavic-3-DJI-300x300.jpg\" alt=\"Cellular Dongle Instal. Mavic 3 DJI\" width=\"300\" height=\"300\" \/><\/a><\/p>\n<h4>Pourquoi vous en avez besoin ?<\/h4>\n<p>Si vous souhaitez utiliser un dongle cellulaire DJI avec un drone de la s\u00e9rie Mavic 3, ce kit d'installation est un accessoire essentiel. Il garantit un montage s\u00fbr et une connexion correcte du dongle, permettant \u00e0 votre drone de profiter pleinement de la connectivit\u00e9 du r\u00e9seau cellulaire et des fonctions de transmission avanc\u00e9es.<\/p>","protected":false},"excerpt":{"rendered":"<ul>\n<li>Kit d'installation sp\u00e9cialement con\u00e7u pour les drones DJI Mavic 3 series<\/li>\n<li>Permet un montage s\u00e9curis\u00e9 du DJI Cellular Dongle<\/li>\n<li>Prise en charge de fonctions telles que la transmission am\u00e9lior\u00e9e et le RTK en r\u00e9seau<\/li>\n<li>Conception compacte et l\u00e9g\u00e8re sans affecter l'\u00e9quilibre du drone<\/li>\n<li>Accessoire DJI d'origine pour une installation fiable<\/li>\n<\/ul>","protected":false},"featured_media":17342,"template":"","meta":{"_acf_changed":false},"product_brand":[],"product_cat":[165,1721],"product_tag":[],"class_list":{"0":"post-17348","1":"product","2":"type-product","3":"status-publish","4":"has-post-thumbnail","6":"product_cat-dji-mavic-3-enterprise","7":"product_cat-dji-oplaadaccessoires","8":"product_shipping_class-uavspacesall","9":"pa_brand-dji","10":"pa_producttype-installatiekit","12":"first","13":"instock","14":"taxable","15":"shipping-taxable","16":"purchasable","17":"product-type-simple"},"acf":[],"yoast_head":"<!-- This site is optimized with the Yoast SEO Premium plugin v27.2 (Yoast SEO v27.2) - https:\/\/yoast.com\/product\/yoast-seo-premium-wordpress\/ -->\n<title>DJI Cellular Dongle Instal. Mavic 3 - koningdrone.be<\/title>\n<meta name=\"robots\" content=\"index, follow, max-snippet:-1, max-image-preview:large, max-video-preview:-1\" \/>\n<link rel=\"canonical\" href=\"https:\/\/koningdrone.be\/fr\/produit\/dji-cellular-dongle-instal-mavic-3\/\" \/>\n<meta property=\"og:locale\" content=\"fr_FR\" \/>\n<meta property=\"og:type\" content=\"article\" \/>\n<meta property=\"og:title\" content=\"DJI Cellular Dongle Instal. Mavic 3\" \/>\n<meta property=\"og:description\" content=\"Speciaal ontworpen installatiekit voor DJI Mavic 3-serie drones  Maakt veilige montage van de DJI Cellular Dongle mogelijk  Ondersteunt functies zoals verbeterde transmissie en netwerk-RTK  Compact en licht ontwerp zonder invloed op de balans van de drone  Originele DJI-accessoire voor betrouwbare installatie\" \/>\n<meta property=\"og:url\" content=\"https:\/\/koningdrone.be\/fr\/produit\/dji-cellular-dongle-instal-mavic-3\/\" \/>\n<meta property=\"og:site_name\" content=\"koningdrone.be\" \/>\n<meta property=\"article:modified_time\" content=\"2026-04-29T01:30:53+00:00\" \/>\n<meta property=\"og:image\" content=\"https:\/\/koningdrone.be\/wp-content\/uploads\/sites\/13\/2026\/03\/DJI-Cellular-Dongle-Instal.-Mavic-3-Product.webp\" \/>\n\t<meta property=\"og:image:width\" content=\"2048\" \/>\n\t<meta property=\"og:image:height\" content=\"2048\" \/>\n\t<meta property=\"og:image:type\" content=\"image\/webp\" \/>\n<meta name=\"twitter:card\" content=\"summary_large_image\" \/>\n<meta name=\"twitter:label1\" content=\"Dur\u00e9e de lecture est.\" \/>\n\t<meta name=\"twitter:data1\" content=\"1 minute\" \/>\n<script type=\"application\/ld+json\" class=\"yoast-schema-graph\">{\"@context\":\"https:\/\/schema.org\",\"@graph\":[{\"@type\":\"WebPage\",\"@id\":\"https:\/\/koningdrone.be\/product\/dji-cellular-dongle-instal-mavic-3\/\",\"url\":\"https:\/\/koningdrone.be\/product\/dji-cellular-dongle-instal-mavic-3\/\",\"name\":\"DJI Cellular Dongle Instal. Mavic 3 - koningdrone.be\",\"isPartOf\":{\"@id\":\"https:\/\/koningdrone.be\/#website\"},\"primaryImageOfPage\":{\"@id\":\"https:\/\/koningdrone.be\/product\/dji-cellular-dongle-instal-mavic-3\/#primaryimage\"},\"image\":{\"@id\":\"https:\/\/koningdrone.be\/product\/dji-cellular-dongle-instal-mavic-3\/#primaryimage\"},\"thumbnailUrl\":\"https:\/\/koningdrone.be\/wp-content\/uploads\/sites\/13\/2026\/03\/DJI-Cellular-Dongle-Instal.-Mavic-3-Product.webp\",\"datePublished\":\"2026-03-20T12:13:33+00:00\",\"dateModified\":\"2026-04-29T01:30:53+00:00\",\"breadcrumb\":{\"@id\":\"https:\/\/koningdrone.be\/product\/dji-cellular-dongle-instal-mavic-3\/#breadcrumb\"},\"inLanguage\":\"fr-BE\",\"potentialAction\":[{\"@type\":\"ReadAction\",\"target\":[\"https:\/\/koningdrone.be\/product\/dji-cellular-dongle-instal-mavic-3\/\"]}]},{\"@type\":\"ImageObject\",\"inLanguage\":\"fr-BE\",\"@id\":\"https:\/\/koningdrone.be\/product\/dji-cellular-dongle-instal-mavic-3\/#primaryimage\",\"url\":\"https:\/\/koningdrone.be\/wp-content\/uploads\/sites\/13\/2026\/03\/DJI-Cellular-Dongle-Instal.-Mavic-3-Product.webp\",\"contentUrl\":\"https:\/\/koningdrone.be\/wp-content\/uploads\/sites\/13\/2026\/03\/DJI-Cellular-Dongle-Instal.-Mavic-3-Product.webp\",\"width\":2048,\"height\":2048},{\"@type\":\"BreadcrumbList\",\"@id\":\"https:\/\/koningdrone.be\/product\/dji-cellular-dongle-instal-mavic-3\/#breadcrumb\",\"itemListElement\":[{\"@type\":\"ListItem\",\"position\":1,\"name\":\"Home\",\"item\":\"https:\/\/koningdrone.be\/\"},{\"@type\":\"ListItem\",\"position\":2,\"name\":\"AVSS Parachute Recovery System for DJI Matrice 300\/350\",\"item\":\"https:\/\/koningdrone.be\/product\/avss-parachute-recovery-system-for-dji-matrice-300-350\/\"},{\"@type\":\"ListItem\",\"position\":3,\"name\":\"DJI Mavic 3 Enterprise\",\"item\":\"https:\/\/koningdrone.be\/categorie\/dji-mavic-3-enterprise\/\"},{\"@type\":\"ListItem\",\"position\":4,\"name\":\"DJI Cellular Dongle Instal. Mavic 3\"}]},{\"@type\":\"WebSite\",\"@id\":\"https:\/\/koningdrone.be\/#website\",\"url\":\"https:\/\/koningdrone.be\/\",\"name\":\"Koningdrone.be - Uw online specialist in drones, gimbals, camera's en power stations.\",\"description\":\"De webshop in drones en gimbals\",\"publisher\":{\"@id\":\"https:\/\/koningdrone.be\/#organization\"},\"potentialAction\":[{\"@type\":\"SearchAction\",\"target\":{\"@type\":\"EntryPoint\",\"urlTemplate\":\"https:\/\/koningdrone.be\/?s={search_term_string}\"},\"query-input\":{\"@type\":\"PropertyValueSpecification\",\"valueRequired\":true,\"valueName\":\"search_term_string\"}}],\"inLanguage\":\"fr-BE\"},{\"@type\":\"Organization\",\"@id\":\"https:\/\/koningdrone.be\/#organization\",\"name\":\"Koningdrone.be\",\"url\":\"https:\/\/koningdrone.be\/\",\"logo\":{\"@type\":\"ImageObject\",\"inLanguage\":\"fr-BE\",\"@id\":\"https:\/\/koningdrone.be\/#\/schema\/logo\/image\/\",\"url\":\"https:\/\/koningdrone.be\/wp-content\/uploads\/sites\/13\/2025\/04\/koningdrone-copyright-logo.svg\",\"contentUrl\":\"https:\/\/koningdrone.be\/wp-content\/uploads\/sites\/13\/2025\/04\/koningdrone-copyright-logo.svg\",\"width\":227,\"height\":38,\"caption\":\"Koningdrone.be\"},\"image\":{\"@id\":\"https:\/\/koningdrone.be\/#\/schema\/logo\/image\/\"}}]}<\/script>\n<!-- \/ Yoast SEO Premium plugin. -->","yoast_head_json":{"title":"DJI Cellular Dongle Instal. Mavic 3 - koningdrone.be","robots":{"index":"index","follow":"follow","max-snippet":"max-snippet:-1","max-image-preview":"max-image-preview:large","max-video-preview":"max-video-preview:-1"},"canonical":"https:\/\/koningdrone.be\/fr\/produit\/dji-cellular-dongle-instal-mavic-3\/","og_locale":"fr_FR","og_type":"article","og_title":"DJI Cellular Dongle Instal. Mavic 3","og_description":"Speciaal ontworpen installatiekit voor DJI Mavic 3-serie drones  Maakt veilige montage van de DJI Cellular Dongle mogelijk  Ondersteunt functies zoals verbeterde transmissie en netwerk-RTK  Compact en licht ontwerp zonder invloed op de balans van de drone  Originele DJI-accessoire voor betrouwbare installatie","og_url":"https:\/\/koningdrone.be\/fr\/produit\/dji-cellular-dongle-instal-mavic-3\/","og_site_name":"koningdrone.be","article_modified_time":"2026-04-29T01:30:53+00:00","og_image":[{"width":2048,"height":2048,"url":"https:\/\/koningdrone.be\/wp-content\/uploads\/sites\/13\/2026\/03\/DJI-Cellular-Dongle-Instal.-Mavic-3-Product.webp","type":"image\/webp"}],"twitter_card":"summary_large_image","twitter_misc":{"Dur\u00e9e de lecture est.":"1 minute"},"schema":{"@context":"https:\/\/schema.org","@graph":[{"@type":"WebPage","@id":"https:\/\/koningdrone.be\/product\/dji-cellular-dongle-instal-mavic-3\/","url":"https:\/\/koningdrone.be\/product\/dji-cellular-dongle-instal-mavic-3\/","name":"DJI Cellular Dongle Instal. Mavic 3 - koningdrone.be","isPartOf":{"@id":"https:\/\/koningdrone.be\/#website"},"primaryImageOfPage":{"@id":"https:\/\/koningdrone.be\/product\/dji-cellular-dongle-instal-mavic-3\/#primaryimage"},"image":{"@id":"https:\/\/koningdrone.be\/product\/dji-cellular-dongle-instal-mavic-3\/#primaryimage"},"thumbnailUrl":"https:\/\/koningdrone.be\/wp-content\/uploads\/sites\/13\/2026\/03\/DJI-Cellular-Dongle-Instal.-Mavic-3-Product.webp","datePublished":"2026-03-20T12:13:33+00:00","dateModified":"2026-04-29T01:30:53+00:00","breadcrumb":{"@id":"https:\/\/koningdrone.be\/product\/dji-cellular-dongle-instal-mavic-3\/#breadcrumb"},"inLanguage":"fr-BE","potentialAction":[{"@type":"ReadAction","target":["https:\/\/koningdrone.be\/product\/dji-cellular-dongle-instal-mavic-3\/"]}]},{"@type":"ImageObject","inLanguage":"fr-BE","@id":"https:\/\/koningdrone.be\/product\/dji-cellular-dongle-instal-mavic-3\/#primaryimage","url":"https:\/\/koningdrone.be\/wp-content\/uploads\/sites\/13\/2026\/03\/DJI-Cellular-Dongle-Instal.-Mavic-3-Product.webp","contentUrl":"https:\/\/koningdrone.be\/wp-content\/uploads\/sites\/13\/2026\/03\/DJI-Cellular-Dongle-Instal.-Mavic-3-Product.webp","width":2048,"height":2048},{"@type":"BreadcrumbList","@id":"https:\/\/koningdrone.be\/product\/dji-cellular-dongle-instal-mavic-3\/#breadcrumb","itemListElement":[{"@type":"ListItem","position":1,"name":"Home","item":"https:\/\/koningdrone.be\/"},{"@type":"ListItem","position":2,"name":"AVSS Parachute Recovery System for DJI Matrice 300\/350","item":"https:\/\/koningdrone.be\/product\/avss-parachute-recovery-system-for-dji-matrice-300-350\/"},{"@type":"ListItem","position":3,"name":"DJI Mavic 3 Enterprise","item":"https:\/\/koningdrone.be\/categorie\/dji-mavic-3-enterprise\/"},{"@type":"ListItem","position":4,"name":"DJI Cellular Dongle Instal. Mavic 3"}]},{"@type":"WebSite","@id":"https:\/\/koningdrone.be\/#website","url":"https:\/\/koningdrone.be\/","name":"Koningdrone.be - Votre sp\u00e9cialiste en ligne en mati\u00e8re de drones, de cardans, de cam\u00e9ras et de centrales \u00e9lectriques.","description":"La boutique en ligne de drones et de cardans","publisher":{"@id":"https:\/\/koningdrone.be\/#organization"},"potentialAction":[{"@type":"SearchAction","target":{"@type":"EntryPoint","urlTemplate":"https:\/\/koningdrone.be\/?s={search_term_string}"},"query-input":{"@type":"PropertyValueSpecification","valueRequired":true,"valueName":"search_term_string"}}],"inLanguage":"fr-BE"},{"@type":"Organization","@id":"https:\/\/koningdrone.be\/#organization","name":"Kingdrone.co.uk","url":"https:\/\/koningdrone.be\/","logo":{"@type":"ImageObject","inLanguage":"fr-BE","@id":"https:\/\/koningdrone.be\/#\/schema\/logo\/image\/","url":"https:\/\/koningdrone.be\/wp-content\/uploads\/sites\/13\/2025\/04\/koningdrone-copyright-logo.svg","contentUrl":"https:\/\/koningdrone.be\/wp-content\/uploads\/sites\/13\/2025\/04\/koningdrone-copyright-logo.svg","width":227,"height":38,"caption":"Koningdrone.be"},"image":{"@id":"https:\/\/koningdrone.be\/#\/schema\/logo\/image\/"}}]}},"df_price":20,"df_sale_price":"","df_regular_price":20,"df_image_link":"https:\/\/koningdrone.be\/wp-content\/uploads\/sites\/13\/2026\/03\/DJI-Cellular-Dongle-Instal.-Mavic-3-Product-300x300.webp","_links":{"self":[{"href":"https:\/\/koningdrone.be\/fr\/wp-json\/wp\/v2\/product\/17348","targetHints":{"allow":["GET"]}}],"collection":[{"href":"https:\/\/koningdrone.be\/fr\/wp-json\/wp\/v2\/product"}],"about":[{"href":"https:\/\/koningdrone.be\/fr\/wp-json\/wp\/v2\/types\/product"}],"wp:featuredmedia":[{"embeddable":true,"href":"https:\/\/koningdrone.be\/fr\/wp-json\/wp\/v2\/media\/17342"}],"wp:attachment":[{"href":"https:\/\/koningdrone.be\/fr\/wp-json\/wp\/v2\/media?parent=17348"}],"wp:term":[{"taxonomy":"product_brand","embeddable":true,"href":"https:\/\/koningdrone.be\/fr\/wp-json\/wp\/v2\/product_brand?post=17348"},{"taxonomy":"product_cat","embeddable":true,"href":"https:\/\/koningdrone.be\/fr\/wp-json\/wp\/v2\/product_cat?post=17348"},{"taxonomy":"product_tag","embeddable":true,"href":"https:\/\/koningdrone.be\/fr\/wp-json\/wp\/v2\/product_tag?post=17348"}],"curies":[{"name":"wp","href":"https:\/\/api.w.org\/{rel}","templated":true}]}}