{"id":17341,"date":"2026-03-20T13:13:30","date_gmt":"2026-03-20T12:13:30","guid":{"rendered":"https:\/\/koningdrone.be\/?post_type=product&#038;p=17341"},"modified":"2026-04-29T14:50:48","modified_gmt":"2026-04-29T12:50:48","slug":"dji-mavic-3-multispectral-eu-c2-sp","status":"publish","type":"product","link":"https:\/\/koningdrone.be\/fr\/produit\/dji-mavic-3-multispectral-eu-c2-sp\/","title":{"rendered":"DJI Mavic 3 Multispectral (EU C2) SP"},"content":{"rendered":"<h3>DJI Mavic 3 Multispectral : la r\u00e9volution scientifique de l'agriculture de pr\u00e9cision<\/h3>\n<p><iframe loading=\"lazy\" title=\"Pr\u00e9sentation du DJI Mavic 3 Multispectral\" width=\"800\" height=\"450\" src=\"https:\/\/www.youtube.com\/embed\/4f8NiLApHLk?feature=oembed&#038;enablejsapi=1&#038;origin=https:\/\/koningdrone.be\" frameborder=\"0\" allow=\"accelerometer; autoplay; clipboard-write; encrypted-media; gyroscope; picture-in-picture; web-share\" referrerpolicy=\"strict-origin-when-cross-origin\" allowfullscreen><\/iframe><\/p>\n<p style=\"margin: 20px 0\">Le <strong>DJI Mavic 3 Multispectral (EU C2)<\/strong> est l'outil ultime pour une nouvelle g\u00e9n\u00e9ration d'agriculteurs, d'agronomes et d'environnementalistes. Cette plateforme comble le foss\u00e9 entre les donn\u00e9es scientifiques complexes et l'applicabilit\u00e9 pratique sur le terrain. Int\u00e9grant une cam\u00e9ra RVB avanc\u00e9e et un puissant syst\u00e8me de capteurs multispectraux, elle vous permet de percevoir \u201cl'invisible\u201d : des facteurs de stress pr\u00e9coce des cultures aux variations subtiles de l'humidit\u00e9 du sol. Avec le syst\u00e8me officiel <strong>Certification C2 de l'UE<\/strong> le Mavic 3M offre l'assurance de respecter les r\u00e9glementations europ\u00e9ennes les plus strictes, tout en b\u00e9n\u00e9ficiant des normes les plus \u00e9lev\u00e9es en mati\u00e8re de pr\u00e9cision g\u00e9ospatiale.<\/p>\n<p><a href=\"https:\/\/koningdrone.nl\/wp-content\/uploads\/2026\/03\/DJI-Mavic-3-Multispectral-EU-C2SP.jpg\"><img loading=\"lazy\" decoding=\"async\" class=\"aligncenter wp-image-467683 size-full\" src=\"https:\/\/koningdrone.nl\/wp-content\/uploads\/2026\/03\/DJI-Mavic-3-Multispectral-EU-C2SP.jpg\" alt=\"DJI Mavic 3 Multispectral (EU C2)SP\" width=\"1200\" height=\"800\" \/><\/a><\/p>\n<h4>Intelligence multispectrale et analyse NDVI<\/h4>\n<p>Le c\u0153ur du Mavic 3M est son r\u00e9seau de cam\u00e9ras unique, con\u00e7u pour une analyse approfondie des r\u00e9coltes. Le syst\u00e8me combine deux mondes sur un seul cardan :<\/p>\n<ul>\n<li><strong>RVB haute r\u00e9solution :<\/strong> A <strong>Capteur CMOS 4\/3 pouces de 20 MP<\/strong> avec un obturateur m\u00e9canique pour des images tr\u00e8s nettes sans flou de mouvement.<\/li>\n<li><strong>Syst\u00e8me multispectral \u00e0 quatre canaux :<\/strong> Capteurs sp\u00e9cifiques pour <strong>Vert (G), rouge (R), bord rouge (RE) et proche infrarouge (NIR)<\/strong> saisir des donn\u00e9es cruciales pour le calcul d'indices tels que <strong>NDVI, GNDVI et NDRE<\/strong>. Gr\u00e2ce \u00e0 la fonction int\u00e9gr\u00e9e <strong>capteur de lumi\u00e8re solaire<\/strong> sur le dessus de l'appareil, les donn\u00e9es sont corrig\u00e9es pour tenir compte des variations de lumi\u00e8re, ce qui permet d'obtenir des r\u00e9sultats coh\u00e9rents et comparables d'un vol \u00e0 l'autre et d'une saison \u00e0 l'autre.<\/li>\n<\/ul>\n<h4>Pr\u00e9cision et efficacit\u00e9 in\u00e9gal\u00e9es<\/h4>\n<p>Dans l'agronomie moderne, le temps est aussi pr\u00e9cieux que les donn\u00e9es. Le Mavic 3M est \u00e9quip\u00e9 d'un syst\u00e8me int\u00e9gr\u00e9 de contr\u00f4le de la qualit\u00e9. <strong>Module RTK<\/strong>, qui associe \u00e0 chaque image des m\u00e9tadonn\u00e9es pr\u00e9cises au centim\u00e8tre pr\u00e8s. Il n'est donc plus n\u00e9cessaire d'utiliser des points de contr\u00f4le au sol (GCP), ce qui prend beaucoup de temps. Avec un temps de vol impressionnant de <strong>43 minutes<\/strong> et la possibilit\u00e9 d'obtenir jusqu'\u00e0 <strong>200 hectares en un seul vol<\/strong> Gr\u00e2ce \u00e0 la cartographie, cette plateforme maximise votre productivit\u00e9. Les <strong>Interface DJI Pilot 2<\/strong> et le soutien \u00e0 la <strong>Suivi intelligent du terrain<\/strong> veiller \u00e0 ce que le drone maintienne une altitude constante au-dessus de la culture, m\u00eame sur un terrain vallonn\u00e9, afin d'obtenir des donn\u00e9es de qualit\u00e9 uniforme.<\/p>\n<p><a href=\"https:\/\/koningdrone.nl\/wp-content\/uploads\/2026\/03\/Product-DJI-Mavic-3-Multispectral-EU-C2SP.jpg\"><img loading=\"lazy\" decoding=\"async\" class=\"size-medium wp-image-467681 aligncenter\" src=\"https:\/\/koningdrone.nl\/wp-content\/uploads\/2026\/03\/Product-DJI-Mavic-3-Multispectral-EU-C2SP-300x300.jpg\" alt=\"Product DJI Mavic 3 Multispectral (EU C2)SP\" width=\"300\" height=\"300\" \/><\/a><\/p>\n<h4>Pourquoi le Mavic 3 Multispectral est indispensable<\/h4>\n<p>Le Mavic 3M est la cl\u00e9 du succ\u00e8s pour les professionnels qui s'efforcent de mettre en place des op\u00e9rations plus durables et plus efficaces. Il vous permet de cr\u00e9er des cartes de diffusion variable (VRA) pour les engrais et les pesticides, ce qui permet de r\u00e9aliser des \u00e9conomies et de minimiser l'impact sur l'environnement. Qu'il s'agisse de surveiller la lev\u00e9e des cultures, de d\u00e9tecter les parasites ou de g\u00e9rer les r\u00e9serves naturelles, ce drone fournit les donn\u00e9es objectives n\u00e9cessaires \u00e0 une prise de d\u00e9cision intelligente. C'est un investissement qui se rentabilise par des rendements plus \u00e9lev\u00e9s et un flux de travail optimis\u00e9.<\/p>","protected":false},"excerpt":{"rendered":"<ul>\n<li>Drone multispectral pour l'agriculture de pr\u00e9cision et l'analyse de la v\u00e9g\u00e9tation<\/li>\n<li>Cam\u00e9ra RVB de 20 MP combin\u00e9e \u00e0 quatre capteurs multispectraux<\/li>\n<li>Positionnement au centim\u00e8tre pr\u00e8s gr\u00e2ce au RTK int\u00e9gr\u00e9<\/li>\n<li>Jusqu'\u00e0 environ 43 minutes d'autonomie de vol par batterie<\/li>\n<li>Compatible avec DJI Terra et DJI Pilot 2 pour la cartographie et l'analyse<\/li>\n<\/ul>","protected":false},"featured_media":17333,"template":"","meta":{"_acf_changed":false},"product_brand":[],"product_cat":[137,165],"product_tag":[],"class_list":{"0":"post-17341","1":"product","2":"type-product","3":"status-publish","4":"has-post-thumbnail","6":"product_cat-dji-mavic-3","7":"product_cat-dji-mavic-3-enterprise","8":"product_shipping_class-outofstock","9":"pa_brand-dji","10":"pa_producttype-enterprise-drone","11":"pa_series-mavic","13":"first","14":"outofstock","15":"taxable","16":"shipping-taxable","17":"purchasable","18":"product-type-simple"},"acf":[],"yoast_head":"<!-- This site is optimized with the Yoast SEO Premium plugin v27.2 (Yoast SEO v27.2) - https:\/\/yoast.com\/product\/yoast-seo-premium-wordpress\/ -->\n<title>DJI Mavic 3 Multispectral (EU C2) SP - koningdrone.be<\/title>\n<meta name=\"robots\" content=\"index, follow, max-snippet:-1, max-image-preview:large, max-video-preview:-1\" \/>\n<link rel=\"canonical\" href=\"https:\/\/koningdrone.be\/fr\/produit\/dji-mavic-3-multispectral-eu-c2-sp\/\" \/>\n<meta property=\"og:locale\" content=\"fr_FR\" \/>\n<meta property=\"og:type\" content=\"article\" \/>\n<meta property=\"og:title\" content=\"DJI Mavic 3 Multispectral (EU C2) SP\" \/>\n<meta property=\"og:description\" content=\"Multispectrale drone voor precisielandbouw en vegetatieanalyse  20 MP RGB-camera gecombineerd met vier multispectrale sensoren  Centimeter-nauwkeurige positionering dankzij ge\u00efntegreerde RTK  Tot circa 43 minuten vliegtijd per batterij  Compatibel met DJI Terra en DJI Pilot 2 voor mapping en analyse\" \/>\n<meta property=\"og:url\" content=\"https:\/\/koningdrone.be\/fr\/produit\/dji-mavic-3-multispectral-eu-c2-sp\/\" \/>\n<meta property=\"og:site_name\" content=\"koningdrone.be\" \/>\n<meta property=\"article:modified_time\" content=\"2026-04-29T12:50:48+00:00\" \/>\n<meta property=\"og:image\" content=\"https:\/\/koningdrone.be\/wp-content\/uploads\/sites\/13\/2026\/03\/DJI-Mavic-3-Multispectral-EU-C2SP-Product.jpg\" \/>\n\t<meta property=\"og:image:width\" content=\"2048\" \/>\n\t<meta property=\"og:image:height\" content=\"2048\" \/>\n\t<meta property=\"og:image:type\" content=\"image\/jpeg\" \/>\n<meta name=\"twitter:card\" content=\"summary_large_image\" \/>\n<meta name=\"twitter:label1\" content=\"Dur\u00e9e de lecture est.\" \/>\n\t<meta name=\"twitter:data1\" content=\"2 minutes\" \/>\n<script type=\"application\/ld+json\" class=\"yoast-schema-graph\">{\"@context\":\"https:\/\/schema.org\",\"@graph\":[{\"@type\":\"WebPage\",\"@id\":\"https:\/\/koningdrone.be\/product\/dji-mavic-3-multispectral-eu-c2-sp\/\",\"url\":\"https:\/\/koningdrone.be\/product\/dji-mavic-3-multispectral-eu-c2-sp\/\",\"name\":\"DJI Mavic 3 Multispectral (EU C2) SP - koningdrone.be\",\"isPartOf\":{\"@id\":\"https:\/\/koningdrone.be\/#website\"},\"primaryImageOfPage\":{\"@id\":\"https:\/\/koningdrone.be\/product\/dji-mavic-3-multispectral-eu-c2-sp\/#primaryimage\"},\"image\":{\"@id\":\"https:\/\/koningdrone.be\/product\/dji-mavic-3-multispectral-eu-c2-sp\/#primaryimage\"},\"thumbnailUrl\":\"https:\/\/koningdrone.be\/wp-content\/uploads\/sites\/13\/2026\/03\/DJI-Mavic-3-Multispectral-EU-C2SP-Product.jpg\",\"datePublished\":\"2026-03-20T12:13:30+00:00\",\"dateModified\":\"2026-04-29T12:50:48+00:00\",\"breadcrumb\":{\"@id\":\"https:\/\/koningdrone.be\/product\/dji-mavic-3-multispectral-eu-c2-sp\/#breadcrumb\"},\"inLanguage\":\"fr-BE\",\"potentialAction\":[{\"@type\":\"ReadAction\",\"target\":[\"https:\/\/koningdrone.be\/product\/dji-mavic-3-multispectral-eu-c2-sp\/\"]}]},{\"@type\":\"ImageObject\",\"inLanguage\":\"fr-BE\",\"@id\":\"https:\/\/koningdrone.be\/product\/dji-mavic-3-multispectral-eu-c2-sp\/#primaryimage\",\"url\":\"https:\/\/koningdrone.be\/wp-content\/uploads\/sites\/13\/2026\/03\/DJI-Mavic-3-Multispectral-EU-C2SP-Product.jpg\",\"contentUrl\":\"https:\/\/koningdrone.be\/wp-content\/uploads\/sites\/13\/2026\/03\/DJI-Mavic-3-Multispectral-EU-C2SP-Product.jpg\",\"width\":2048,\"height\":2048},{\"@type\":\"BreadcrumbList\",\"@id\":\"https:\/\/koningdrone.be\/product\/dji-mavic-3-multispectral-eu-c2-sp\/#breadcrumb\",\"itemListElement\":[{\"@type\":\"ListItem\",\"position\":1,\"name\":\"Home\",\"item\":\"https:\/\/koningdrone.be\/\"},{\"@type\":\"ListItem\",\"position\":2,\"name\":\"AVSS Parachute Recovery System for DJI Matrice 300\/350\",\"item\":\"https:\/\/koningdrone.be\/product\/avss-parachute-recovery-system-for-dji-matrice-300-350\/\"},{\"@type\":\"ListItem\",\"position\":3,\"name\":\"DJI Mavic 3\",\"item\":\"https:\/\/koningdrone.be\/categorie\/dji-mavic-3\/\"},{\"@type\":\"ListItem\",\"position\":4,\"name\":\"DJI Mavic 3 Multispectral (EU C2) SP\"}]},{\"@type\":\"WebSite\",\"@id\":\"https:\/\/koningdrone.be\/#website\",\"url\":\"https:\/\/koningdrone.be\/\",\"name\":\"Koningdrone.be - Uw online specialist in drones, gimbals, camera's en power stations.\",\"description\":\"De webshop in drones en gimbals\",\"publisher\":{\"@id\":\"https:\/\/koningdrone.be\/#organization\"},\"potentialAction\":[{\"@type\":\"SearchAction\",\"target\":{\"@type\":\"EntryPoint\",\"urlTemplate\":\"https:\/\/koningdrone.be\/?s={search_term_string}\"},\"query-input\":{\"@type\":\"PropertyValueSpecification\",\"valueRequired\":true,\"valueName\":\"search_term_string\"}}],\"inLanguage\":\"fr-BE\"},{\"@type\":\"Organization\",\"@id\":\"https:\/\/koningdrone.be\/#organization\",\"name\":\"Koningdrone.be\",\"url\":\"https:\/\/koningdrone.be\/\",\"logo\":{\"@type\":\"ImageObject\",\"inLanguage\":\"fr-BE\",\"@id\":\"https:\/\/koningdrone.be\/#\/schema\/logo\/image\/\",\"url\":\"https:\/\/koningdrone.be\/wp-content\/uploads\/sites\/13\/2025\/04\/koningdrone-copyright-logo.svg\",\"contentUrl\":\"https:\/\/koningdrone.be\/wp-content\/uploads\/sites\/13\/2025\/04\/koningdrone-copyright-logo.svg\",\"width\":227,\"height\":38,\"caption\":\"Koningdrone.be\"},\"image\":{\"@id\":\"https:\/\/koningdrone.be\/#\/schema\/logo\/image\/\"}}]}<\/script>\n<!-- \/ Yoast SEO Premium plugin. -->","yoast_head_json":{"title":"DJI Mavic 3 Multispectral (EU C2) SP - koningdrone.be","robots":{"index":"index","follow":"follow","max-snippet":"max-snippet:-1","max-image-preview":"max-image-preview:large","max-video-preview":"max-video-preview:-1"},"canonical":"https:\/\/koningdrone.be\/fr\/produit\/dji-mavic-3-multispectral-eu-c2-sp\/","og_locale":"fr_FR","og_type":"article","og_title":"DJI Mavic 3 Multispectral (EU C2) SP","og_description":"Multispectrale drone voor precisielandbouw en vegetatieanalyse  20 MP RGB-camera gecombineerd met vier multispectrale sensoren  Centimeter-nauwkeurige positionering dankzij ge\u00efntegreerde RTK  Tot circa 43 minuten vliegtijd per batterij  Compatibel met DJI Terra en DJI Pilot 2 voor mapping en analyse","og_url":"https:\/\/koningdrone.be\/fr\/produit\/dji-mavic-3-multispectral-eu-c2-sp\/","og_site_name":"koningdrone.be","article_modified_time":"2026-04-29T12:50:48+00:00","og_image":[{"width":2048,"height":2048,"url":"https:\/\/koningdrone.be\/wp-content\/uploads\/sites\/13\/2026\/03\/DJI-Mavic-3-Multispectral-EU-C2SP-Product.jpg","type":"image\/jpeg"}],"twitter_card":"summary_large_image","twitter_misc":{"Dur\u00e9e de lecture est.":"2 minutes"},"schema":{"@context":"https:\/\/schema.org","@graph":[{"@type":"WebPage","@id":"https:\/\/koningdrone.be\/product\/dji-mavic-3-multispectral-eu-c2-sp\/","url":"https:\/\/koningdrone.be\/product\/dji-mavic-3-multispectral-eu-c2-sp\/","name":"DJI Mavic 3 Multispectral (EU C2) SP - koningdrone.be","isPartOf":{"@id":"https:\/\/koningdrone.be\/#website"},"primaryImageOfPage":{"@id":"https:\/\/koningdrone.be\/product\/dji-mavic-3-multispectral-eu-c2-sp\/#primaryimage"},"image":{"@id":"https:\/\/koningdrone.be\/product\/dji-mavic-3-multispectral-eu-c2-sp\/#primaryimage"},"thumbnailUrl":"https:\/\/koningdrone.be\/wp-content\/uploads\/sites\/13\/2026\/03\/DJI-Mavic-3-Multispectral-EU-C2SP-Product.jpg","datePublished":"2026-03-20T12:13:30+00:00","dateModified":"2026-04-29T12:50:48+00:00","breadcrumb":{"@id":"https:\/\/koningdrone.be\/product\/dji-mavic-3-multispectral-eu-c2-sp\/#breadcrumb"},"inLanguage":"fr-BE","potentialAction":[{"@type":"ReadAction","target":["https:\/\/koningdrone.be\/product\/dji-mavic-3-multispectral-eu-c2-sp\/"]}]},{"@type":"ImageObject","inLanguage":"fr-BE","@id":"https:\/\/koningdrone.be\/product\/dji-mavic-3-multispectral-eu-c2-sp\/#primaryimage","url":"https:\/\/koningdrone.be\/wp-content\/uploads\/sites\/13\/2026\/03\/DJI-Mavic-3-Multispectral-EU-C2SP-Product.jpg","contentUrl":"https:\/\/koningdrone.be\/wp-content\/uploads\/sites\/13\/2026\/03\/DJI-Mavic-3-Multispectral-EU-C2SP-Product.jpg","width":2048,"height":2048},{"@type":"BreadcrumbList","@id":"https:\/\/koningdrone.be\/product\/dji-mavic-3-multispectral-eu-c2-sp\/#breadcrumb","itemListElement":[{"@type":"ListItem","position":1,"name":"Home","item":"https:\/\/koningdrone.be\/"},{"@type":"ListItem","position":2,"name":"AVSS Parachute Recovery System for DJI Matrice 300\/350","item":"https:\/\/koningdrone.be\/product\/avss-parachute-recovery-system-for-dji-matrice-300-350\/"},{"@type":"ListItem","position":3,"name":"DJI Mavic 3","item":"https:\/\/koningdrone.be\/categorie\/dji-mavic-3\/"},{"@type":"ListItem","position":4,"name":"DJI Mavic 3 Multispectral (EU C2) SP"}]},{"@type":"WebSite","@id":"https:\/\/koningdrone.be\/#website","url":"https:\/\/koningdrone.be\/","name":"Koningdrone.be - Votre sp\u00e9cialiste en ligne en mati\u00e8re de drones, de cardans, de cam\u00e9ras et de centrales \u00e9lectriques.","description":"La boutique en ligne de drones et de cardans","publisher":{"@id":"https:\/\/koningdrone.be\/#organization"},"potentialAction":[{"@type":"SearchAction","target":{"@type":"EntryPoint","urlTemplate":"https:\/\/koningdrone.be\/?s={search_term_string}"},"query-input":{"@type":"PropertyValueSpecification","valueRequired":true,"valueName":"search_term_string"}}],"inLanguage":"fr-BE"},{"@type":"Organization","@id":"https:\/\/koningdrone.be\/#organization","name":"Kingdrone.co.uk","url":"https:\/\/koningdrone.be\/","logo":{"@type":"ImageObject","inLanguage":"fr-BE","@id":"https:\/\/koningdrone.be\/#\/schema\/logo\/image\/","url":"https:\/\/koningdrone.be\/wp-content\/uploads\/sites\/13\/2025\/04\/koningdrone-copyright-logo.svg","contentUrl":"https:\/\/koningdrone.be\/wp-content\/uploads\/sites\/13\/2025\/04\/koningdrone-copyright-logo.svg","width":227,"height":38,"caption":"Koningdrone.be"},"image":{"@id":"https:\/\/koningdrone.be\/#\/schema\/logo\/image\/"}}]}},"df_price":4508,"df_sale_price":"","df_regular_price":4508,"df_image_link":"https:\/\/koningdrone.be\/wp-content\/uploads\/sites\/13\/2026\/03\/DJI-Mavic-3-Multispectral-EU-C2SP-Product-300x300.jpg","_links":{"self":[{"href":"https:\/\/koningdrone.be\/fr\/wp-json\/wp\/v2\/product\/17341","targetHints":{"allow":["GET"]}}],"collection":[{"href":"https:\/\/koningdrone.be\/fr\/wp-json\/wp\/v2\/product"}],"about":[{"href":"https:\/\/koningdrone.be\/fr\/wp-json\/wp\/v2\/types\/product"}],"wp:featuredmedia":[{"embeddable":true,"href":"https:\/\/koningdrone.be\/fr\/wp-json\/wp\/v2\/media\/17333"}],"wp:attachment":[{"href":"https:\/\/koningdrone.be\/fr\/wp-json\/wp\/v2\/media?parent=17341"}],"wp:term":[{"taxonomy":"product_brand","embeddable":true,"href":"https:\/\/koningdrone.be\/fr\/wp-json\/wp\/v2\/product_brand?post=17341"},{"taxonomy":"product_cat","embeddable":true,"href":"https:\/\/koningdrone.be\/fr\/wp-json\/wp\/v2\/product_cat?post=17341"},{"taxonomy":"product_tag","embeddable":true,"href":"https:\/\/koningdrone.be\/fr\/wp-json\/wp\/v2\/product_tag?post=17341"}],"curies":[{"name":"wp","href":"https:\/\/api.w.org\/{rel}","templated":true}]}}