{"id":17332,"date":"2026-03-20T13:13:28","date_gmt":"2026-03-20T12:13:28","guid":{"rendered":"https:\/\/koningdrone.be\/?post_type=product&#038;p=17332"},"modified":"2026-04-29T03:31:14","modified_gmt":"2026-04-29T01:31:14","slug":"dji-mavic-3t-adv-eu-c1-sp-1y","status":"publish","type":"product","link":"https:\/\/koningdrone.be\/fr\/produit\/dji-mavic-3t-adv-eu-c1-sp-1y\/","title":{"rendered":"DJI Mavic 3T Adv. EU C1 SP 1Y"},"content":{"rendered":"<h3>DJI Mavic 3T Advanced EU C1 : Puissance thermique illimit\u00e9e dans le cadre des r\u00e9glementations de l'UE<\/h3>\n<p><iframe loading=\"lazy\" title=\"DJI Enterprise - Pr\u00e9sentation de la s\u00e9rie Mavic 3 Enterprise\" width=\"800\" height=\"450\" src=\"https:\/\/www.youtube.com\/embed\/R1lT-NatLMA?start=17&#038;feature=oembed&#038;enablejsapi=1&#038;origin=https:\/\/koningdrone.be\" frameborder=\"0\" allow=\"accelerometer; autoplay; clipboard-write; encrypted-media; gyroscope; picture-in-picture; web-share\" referrerpolicy=\"strict-origin-when-cross-origin\" allowfullscreen><\/iframe><\/p>\n<p style=\"margin: 20px 0\">Le <strong>DJI Mavic 3T Advanced EU C1<\/strong> est la synergie ultime entre l'intelligence thermique haut de gamme et la flexibilit\u00e9 l\u00e9gale. Alors que de nombreux drones d'entreprise sont limit\u00e9s par leur cat\u00e9gorie de poids, l'officiel <strong>Certification C1<\/strong> l'acc\u00e8s \u00e0 des op\u00e9rations \u00e0 proximit\u00e9 des personnes et dans des environnements b\u00e2tis jusqu'alors inaccessibles. Cet avion a \u00e9t\u00e9 sp\u00e9cifiquement optimis\u00e9 pour le march\u00e9 europ\u00e9en, avec un poids tactiquement r\u00e9duit \u00e0 moins de 1 000 kg. <strong>900 grammes<\/strong>. Cela fait du Mavic 3T C1 l'outil le plus polyvalent pour les interventions rapides dans le cadre de la lutte contre les incendies, du travail de la police et des inspections d'urgence des infrastructures critiques.<\/p>\n<p><a href=\"https:\/\/koningdrone.nl\/wp-content\/uploads\/2026\/03\/DJI-Mavic-3T-Adv.-EU-C1-SP-1Y.jpg\"><img loading=\"lazy\" decoding=\"async\" class=\"aligncenter wp-image-467671 size-full\" src=\"https:\/\/koningdrone.nl\/wp-content\/uploads\/2026\/03\/DJI-Mavic-3T-Adv.-EU-C1-SP-1Y.jpg\" alt=\"DJI Mavic 3T Adv. EU C1 SP 1Y\" width=\"1200\" height=\"800\" \/><\/a><\/p>\n<h4>Architecture \u00e0 trois cam\u00e9ras et analyse avanc\u00e9e<\/h4>\n<p>Le Mavic 3T C1 renferme un arsenal multispectral impressionnant dans son bo\u00eetier compact, de sorte que les op\u00e9rateurs n'ont plus jamais \u00e0 choisir entre les d\u00e9tails visuels et les donn\u00e9es thermiques :<\/p>\n<ul>\n<li><strong>Radiom\u00e9trie thermique :<\/strong> Le <strong>Capteur thermique 640 \u00d7 512<\/strong> fournit des mesures de temp\u00e9rature critiques en temps r\u00e9el, essentielles pour la d\u00e9tection des incendies ou la surveillance des processus industriels.<\/li>\n<li><strong>Haute r\u00e9solution Grand angle :<\/strong> A <strong>Capteur de 48 MP<\/strong> fournit des images contextuelles tr\u00e8s claires de l'ensemble du site.<\/li>\n<li><strong>Zoom sup\u00e9rieur :<\/strong> Le <strong>Zoom hybride 56\u00d7<\/strong> permet d'\u00e9tudier les situations dangereuses ou les d\u00e9fauts techniques \u00e0 une distance s\u00fbre, en s'appuyant sur la stabilit\u00e9 de l'appareil. <strong>O3 Enterprise transmission<\/strong>. Malgr\u00e9 la r\u00e9duction du poids, la prise en charge d'accessoires tels que le <strong>Module RTK<\/strong> et pr\u00e9server l'orateur, garantissant ainsi la pr\u00e9cision et la communication.<\/li>\n<\/ul>\n<h4>Conception optimis\u00e9e et s\u00e9curit\u00e9 op\u00e9rationnelle<\/h4>\n<p>Pour r\u00e9pondre aux normes strictes de la C1, chaque aspect de la conception a \u00e9t\u00e9 pass\u00e9 au crible. Le drone utilise <strong>h\u00e9lices silencieuses<\/strong> et une gestion optimis\u00e9e de la batterie, ce qui permet non seulement de r\u00e9duire le poids mais aussi de minimiser la signature sonore. Le drone est ainsi moins g\u00eanant pour les op\u00e9rations en zone urbaine. La conception pliable reste la norme en mati\u00e8re de mobilit\u00e9 ; vous pouvez transporter le syst\u00e8me dans un sac compact et le rendre op\u00e9rationnel en 60 secondes. Avec une dur\u00e9e de vol maximale qui rivalise avec des syst\u00e8mes beaucoup plus grands, il s'agit de la solution la plus efficace pour les missions d'observation \u00e0 long terme.<\/p>\n<p><a href=\"https:\/\/koningdrone.nl\/wp-content\/uploads\/2026\/03\/Product-DJI-Mavic-3T-Adv.-EU-C1-SP-1Y.jpg\"><img loading=\"lazy\" decoding=\"async\" class=\"size-medium wp-image-467669 aligncenter\" src=\"https:\/\/koningdrone.nl\/wp-content\/uploads\/2026\/03\/Product-DJI-Mavic-3T-Adv.-EU-C1-SP-1Y-300x300.jpg\" alt=\"Product DJI Mavic 3T Adv. EU C1 SP 1Y\" width=\"300\" height=\"300\" \/><\/a><\/p>\n<h4>Pourquoi le Mavic 3T EU C1 est le choix le plus judicieux<\/h4>\n<p>Pour les professionnels du Benelux et du reste de l'Europe, le Mavic 3T Advanced EU C1 offre un avantage strat\u00e9gique crucial. Vous disposez de toute la puissance d'un drone thermique d'entreprise, mais avec la libert\u00e9 op\u00e9rationnelle que le statut C1 offre dans le cadre des r\u00e9glementations de l'EASA. Qu'il s'agisse d'une personne disparue dans un quartier r\u00e9sidentiel ou d'un contr\u00f4le thermique rapide d'un poste de transformation, cet appareil fournit les donn\u00e9es dont vous avez besoin avec un minimum d'obstacles bureaucratiques. C'est l'\u00e9quilibre parfait entre la l\u00e9gislation, la s\u00e9curit\u00e9 et des performances technologiques sans pr\u00e9c\u00e9dent.<\/p>","protected":false},"excerpt":{"rendered":"<ul>\n<li>Syst\u00e8me \u00e0 trois cam\u00e9ras avec cam\u00e9ras thermiques et visuelles<\/li>\n<li>R\u00e9solution thermique de 640 \u00d7 512 pour une analyse thermique pr\u00e9cise<\/li>\n<li>Zoom hybride jusqu'\u00e0 56\u00d7 pour l'inspection \u00e0 longue port\u00e9e<\/li>\n<li>Certification EU-C1 pour une plus grande libert\u00e9 op\u00e9rationnelle<\/li>\n<li>Drone d'entreprise compact et pliable pour une utilisation professionnelle<\/li>\n<\/ul>","protected":false},"featured_media":17325,"template":"","meta":{"_acf_changed":false},"product_brand":[],"product_cat":[165,1790],"product_tag":[],"class_list":{"0":"post-17332","1":"product","2":"type-product","3":"status-publish","4":"has-post-thumbnail","6":"product_cat-dji-mavic-3-enterprise","7":"product_cat-dji-mavic-3t","8":"product_shipping_class-uavspacesall","9":"pa_brand-dji","10":"pa_producttype-enterprise-drone","11":"pa_series-mavic","13":"first","14":"instock","15":"taxable","16":"shipping-taxable","17":"purchasable","18":"product-type-simple"},"acf":[],"yoast_head":"<!-- This site is optimized with the Yoast SEO Premium plugin v27.2 (Yoast SEO v27.2) - https:\/\/yoast.com\/product\/yoast-seo-premium-wordpress\/ -->\n<title>DJI Mavic 3T Adv. EU C1 SP 1Y - koningdrone.be<\/title>\n<meta name=\"robots\" content=\"index, follow, max-snippet:-1, max-image-preview:large, max-video-preview:-1\" \/>\n<link rel=\"canonical\" href=\"https:\/\/koningdrone.be\/fr\/produit\/dji-mavic-3t-adv-eu-c1-sp-1y\/\" \/>\n<meta property=\"og:locale\" content=\"fr_FR\" \/>\n<meta property=\"og:type\" content=\"article\" \/>\n<meta property=\"og:title\" content=\"DJI Mavic 3T Adv. EU C1 SP 1Y\" \/>\n<meta property=\"og:description\" content=\"Triple-camerasysteem met thermische en visuele camera\u2019s  Thermische resolutie van 640 \u00d7 512 voor nauwkeurige warmteanalyse  Tot 56\u00d7 hybride zoom voor inspectie op lange afstand  EU-C1 certificering voor meer operationele vrijheid  Compacte en opvouwbare enterprise-drone voor professioneel gebruik\" \/>\n<meta property=\"og:url\" content=\"https:\/\/koningdrone.be\/fr\/produit\/dji-mavic-3t-adv-eu-c1-sp-1y\/\" \/>\n<meta property=\"og:site_name\" content=\"koningdrone.be\" \/>\n<meta property=\"article:modified_time\" content=\"2026-04-29T01:31:14+00:00\" \/>\n<meta property=\"og:image\" content=\"https:\/\/koningdrone.be\/wp-content\/uploads\/sites\/13\/2026\/03\/DJI-Mavic-3T-Adv.-EU-C1-SP-1Y-Product.jpg\" \/>\n\t<meta property=\"og:image:width\" content=\"2048\" \/>\n\t<meta property=\"og:image:height\" content=\"2048\" \/>\n\t<meta property=\"og:image:type\" content=\"image\/jpeg\" \/>\n<meta name=\"twitter:card\" content=\"summary_large_image\" \/>\n<meta name=\"twitter:label1\" content=\"Dur\u00e9e de lecture est.\" \/>\n\t<meta name=\"twitter:data1\" content=\"2 minutes\" \/>\n<script type=\"application\/ld+json\" class=\"yoast-schema-graph\">{\"@context\":\"https:\/\/schema.org\",\"@graph\":[{\"@type\":\"WebPage\",\"@id\":\"https:\/\/koningdrone.be\/product\/dji-mavic-3t-adv-eu-c1-sp-1y\/\",\"url\":\"https:\/\/koningdrone.be\/product\/dji-mavic-3t-adv-eu-c1-sp-1y\/\",\"name\":\"DJI Mavic 3T Adv. EU C1 SP 1Y - koningdrone.be\",\"isPartOf\":{\"@id\":\"https:\/\/koningdrone.be\/#website\"},\"primaryImageOfPage\":{\"@id\":\"https:\/\/koningdrone.be\/product\/dji-mavic-3t-adv-eu-c1-sp-1y\/#primaryimage\"},\"image\":{\"@id\":\"https:\/\/koningdrone.be\/product\/dji-mavic-3t-adv-eu-c1-sp-1y\/#primaryimage\"},\"thumbnailUrl\":\"https:\/\/koningdrone.be\/wp-content\/uploads\/sites\/13\/2026\/03\/DJI-Mavic-3T-Adv.-EU-C1-SP-1Y-Product.jpg\",\"datePublished\":\"2026-03-20T12:13:28+00:00\",\"dateModified\":\"2026-04-29T01:31:14+00:00\",\"breadcrumb\":{\"@id\":\"https:\/\/koningdrone.be\/product\/dji-mavic-3t-adv-eu-c1-sp-1y\/#breadcrumb\"},\"inLanguage\":\"fr-BE\",\"potentialAction\":[{\"@type\":\"ReadAction\",\"target\":[\"https:\/\/koningdrone.be\/product\/dji-mavic-3t-adv-eu-c1-sp-1y\/\"]}]},{\"@type\":\"ImageObject\",\"inLanguage\":\"fr-BE\",\"@id\":\"https:\/\/koningdrone.be\/product\/dji-mavic-3t-adv-eu-c1-sp-1y\/#primaryimage\",\"url\":\"https:\/\/koningdrone.be\/wp-content\/uploads\/sites\/13\/2026\/03\/DJI-Mavic-3T-Adv.-EU-C1-SP-1Y-Product.jpg\",\"contentUrl\":\"https:\/\/koningdrone.be\/wp-content\/uploads\/sites\/13\/2026\/03\/DJI-Mavic-3T-Adv.-EU-C1-SP-1Y-Product.jpg\",\"width\":2048,\"height\":2048},{\"@type\":\"BreadcrumbList\",\"@id\":\"https:\/\/koningdrone.be\/product\/dji-mavic-3t-adv-eu-c1-sp-1y\/#breadcrumb\",\"itemListElement\":[{\"@type\":\"ListItem\",\"position\":1,\"name\":\"Home\",\"item\":\"https:\/\/koningdrone.be\/\"},{\"@type\":\"ListItem\",\"position\":2,\"name\":\"AVSS Parachute Recovery System for DJI Matrice 300\/350\",\"item\":\"https:\/\/koningdrone.be\/product\/avss-parachute-recovery-system-for-dji-matrice-300-350\/\"},{\"@type\":\"ListItem\",\"position\":3,\"name\":\"DJI Mavic 3 Enterprise\",\"item\":\"https:\/\/koningdrone.be\/categorie\/dji-mavic-3-enterprise\/\"},{\"@type\":\"ListItem\",\"position\":4,\"name\":\"DJI Mavic 3T Adv. EU C1 SP 1Y\"}]},{\"@type\":\"WebSite\",\"@id\":\"https:\/\/koningdrone.be\/#website\",\"url\":\"https:\/\/koningdrone.be\/\",\"name\":\"Koningdrone.be - Uw online specialist in drones, gimbals, camera's en power stations.\",\"description\":\"De webshop in drones en gimbals\",\"publisher\":{\"@id\":\"https:\/\/koningdrone.be\/#organization\"},\"potentialAction\":[{\"@type\":\"SearchAction\",\"target\":{\"@type\":\"EntryPoint\",\"urlTemplate\":\"https:\/\/koningdrone.be\/?s={search_term_string}\"},\"query-input\":{\"@type\":\"PropertyValueSpecification\",\"valueRequired\":true,\"valueName\":\"search_term_string\"}}],\"inLanguage\":\"fr-BE\"},{\"@type\":\"Organization\",\"@id\":\"https:\/\/koningdrone.be\/#organization\",\"name\":\"Koningdrone.be\",\"url\":\"https:\/\/koningdrone.be\/\",\"logo\":{\"@type\":\"ImageObject\",\"inLanguage\":\"fr-BE\",\"@id\":\"https:\/\/koningdrone.be\/#\/schema\/logo\/image\/\",\"url\":\"https:\/\/koningdrone.be\/wp-content\/uploads\/sites\/13\/2025\/04\/koningdrone-copyright-logo.svg\",\"contentUrl\":\"https:\/\/koningdrone.be\/wp-content\/uploads\/sites\/13\/2025\/04\/koningdrone-copyright-logo.svg\",\"width\":227,\"height\":38,\"caption\":\"Koningdrone.be\"},\"image\":{\"@id\":\"https:\/\/koningdrone.be\/#\/schema\/logo\/image\/\"}}]}<\/script>\n<!-- \/ Yoast SEO Premium plugin. -->","yoast_head_json":{"title":"DJI Mavic 3T Adv. EU C1 SP 1Y - koningdrone.be","robots":{"index":"index","follow":"follow","max-snippet":"max-snippet:-1","max-image-preview":"max-image-preview:large","max-video-preview":"max-video-preview:-1"},"canonical":"https:\/\/koningdrone.be\/fr\/produit\/dji-mavic-3t-adv-eu-c1-sp-1y\/","og_locale":"fr_FR","og_type":"article","og_title":"DJI Mavic 3T Adv. EU C1 SP 1Y","og_description":"Triple-camerasysteem met thermische en visuele camera\u2019s  Thermische resolutie van 640 \u00d7 512 voor nauwkeurige warmteanalyse  Tot 56\u00d7 hybride zoom voor inspectie op lange afstand  EU-C1 certificering voor meer operationele vrijheid  Compacte en opvouwbare enterprise-drone voor professioneel gebruik","og_url":"https:\/\/koningdrone.be\/fr\/produit\/dji-mavic-3t-adv-eu-c1-sp-1y\/","og_site_name":"koningdrone.be","article_modified_time":"2026-04-29T01:31:14+00:00","og_image":[{"width":2048,"height":2048,"url":"https:\/\/koningdrone.be\/wp-content\/uploads\/sites\/13\/2026\/03\/DJI-Mavic-3T-Adv.-EU-C1-SP-1Y-Product.jpg","type":"image\/jpeg"}],"twitter_card":"summary_large_image","twitter_misc":{"Dur\u00e9e de lecture est.":"2 minutes"},"schema":{"@context":"https:\/\/schema.org","@graph":[{"@type":"WebPage","@id":"https:\/\/koningdrone.be\/product\/dji-mavic-3t-adv-eu-c1-sp-1y\/","url":"https:\/\/koningdrone.be\/product\/dji-mavic-3t-adv-eu-c1-sp-1y\/","name":"DJI Mavic 3T Adv. EU C1 SP 1Y - koningdrone.be","isPartOf":{"@id":"https:\/\/koningdrone.be\/#website"},"primaryImageOfPage":{"@id":"https:\/\/koningdrone.be\/product\/dji-mavic-3t-adv-eu-c1-sp-1y\/#primaryimage"},"image":{"@id":"https:\/\/koningdrone.be\/product\/dji-mavic-3t-adv-eu-c1-sp-1y\/#primaryimage"},"thumbnailUrl":"https:\/\/koningdrone.be\/wp-content\/uploads\/sites\/13\/2026\/03\/DJI-Mavic-3T-Adv.-EU-C1-SP-1Y-Product.jpg","datePublished":"2026-03-20T12:13:28+00:00","dateModified":"2026-04-29T01:31:14+00:00","breadcrumb":{"@id":"https:\/\/koningdrone.be\/product\/dji-mavic-3t-adv-eu-c1-sp-1y\/#breadcrumb"},"inLanguage":"fr-BE","potentialAction":[{"@type":"ReadAction","target":["https:\/\/koningdrone.be\/product\/dji-mavic-3t-adv-eu-c1-sp-1y\/"]}]},{"@type":"ImageObject","inLanguage":"fr-BE","@id":"https:\/\/koningdrone.be\/product\/dji-mavic-3t-adv-eu-c1-sp-1y\/#primaryimage","url":"https:\/\/koningdrone.be\/wp-content\/uploads\/sites\/13\/2026\/03\/DJI-Mavic-3T-Adv.-EU-C1-SP-1Y-Product.jpg","contentUrl":"https:\/\/koningdrone.be\/wp-content\/uploads\/sites\/13\/2026\/03\/DJI-Mavic-3T-Adv.-EU-C1-SP-1Y-Product.jpg","width":2048,"height":2048},{"@type":"BreadcrumbList","@id":"https:\/\/koningdrone.be\/product\/dji-mavic-3t-adv-eu-c1-sp-1y\/#breadcrumb","itemListElement":[{"@type":"ListItem","position":1,"name":"Home","item":"https:\/\/koningdrone.be\/"},{"@type":"ListItem","position":2,"name":"AVSS Parachute Recovery System for DJI Matrice 300\/350","item":"https:\/\/koningdrone.be\/product\/avss-parachute-recovery-system-for-dji-matrice-300-350\/"},{"@type":"ListItem","position":3,"name":"DJI Mavic 3 Enterprise","item":"https:\/\/koningdrone.be\/categorie\/dji-mavic-3-enterprise\/"},{"@type":"ListItem","position":4,"name":"DJI Mavic 3T Adv. EU C1 SP 1Y"}]},{"@type":"WebSite","@id":"https:\/\/koningdrone.be\/#website","url":"https:\/\/koningdrone.be\/","name":"Koningdrone.be - Votre sp\u00e9cialiste en ligne en mati\u00e8re de drones, de cardans, de cam\u00e9ras et de centrales \u00e9lectriques.","description":"La boutique en ligne de drones et de cardans","publisher":{"@id":"https:\/\/koningdrone.be\/#organization"},"potentialAction":[{"@type":"SearchAction","target":{"@type":"EntryPoint","urlTemplate":"https:\/\/koningdrone.be\/?s={search_term_string}"},"query-input":{"@type":"PropertyValueSpecification","valueRequired":true,"valueName":"search_term_string"}}],"inLanguage":"fr-BE"},{"@type":"Organization","@id":"https:\/\/koningdrone.be\/#organization","name":"Kingdrone.co.uk","url":"https:\/\/koningdrone.be\/","logo":{"@type":"ImageObject","inLanguage":"fr-BE","@id":"https:\/\/koningdrone.be\/#\/schema\/logo\/image\/","url":"https:\/\/koningdrone.be\/wp-content\/uploads\/sites\/13\/2025\/04\/koningdrone-copyright-logo.svg","contentUrl":"https:\/\/koningdrone.be\/wp-content\/uploads\/sites\/13\/2025\/04\/koningdrone-copyright-logo.svg","width":227,"height":38,"caption":"Koningdrone.be"},"image":{"@id":"https:\/\/koningdrone.be\/#\/schema\/logo\/image\/"}}]}},"df_price":6102,"df_sale_price":"","df_regular_price":6102,"df_image_link":"https:\/\/koningdrone.be\/wp-content\/uploads\/sites\/13\/2026\/03\/DJI-Mavic-3T-Adv.-EU-C1-SP-1Y-Product-300x300.jpg","_links":{"self":[{"href":"https:\/\/koningdrone.be\/fr\/wp-json\/wp\/v2\/product\/17332","targetHints":{"allow":["GET"]}}],"collection":[{"href":"https:\/\/koningdrone.be\/fr\/wp-json\/wp\/v2\/product"}],"about":[{"href":"https:\/\/koningdrone.be\/fr\/wp-json\/wp\/v2\/types\/product"}],"wp:featuredmedia":[{"embeddable":true,"href":"https:\/\/koningdrone.be\/fr\/wp-json\/wp\/v2\/media\/17325"}],"wp:attachment":[{"href":"https:\/\/koningdrone.be\/fr\/wp-json\/wp\/v2\/media?parent=17332"}],"wp:term":[{"taxonomy":"product_brand","embeddable":true,"href":"https:\/\/koningdrone.be\/fr\/wp-json\/wp\/v2\/product_brand?post=17332"},{"taxonomy":"product_cat","embeddable":true,"href":"https:\/\/koningdrone.be\/fr\/wp-json\/wp\/v2\/product_cat?post=17332"},{"taxonomy":"product_tag","embeddable":true,"href":"https:\/\/koningdrone.be\/fr\/wp-json\/wp\/v2\/product_tag?post=17332"}],"curies":[{"name":"wp","href":"https:\/\/api.w.org\/{rel}","templated":true}]}}