{"id":17324,"date":"2026-03-20T13:13:28","date_gmt":"2026-03-20T12:13:28","guid":{"rendered":"https:\/\/koningdrone.be\/?post_type=product&#038;p=17324"},"modified":"2026-04-29T03:31:13","modified_gmt":"2026-04-29T01:31:13","slug":"dji-mavic-3t-adv-eu-uni-sp-1y","status":"publish","type":"product","link":"https:\/\/koningdrone.be\/fr\/produit\/dji-mavic-3t-adv-eu-uni-sp-1y\/","title":{"rendered":"DJI Mavic 3T Adv. EU Uni. SP 1Y"},"content":{"rendered":"<h3>DJI Mavic 3 Thermal Advanced : l'excellence tactique dans un format compact<\/h3>\n<p><iframe loading=\"lazy\" title=\"DJI Enterprise - Pr\u00e9sentation de la s\u00e9rie Mavic 3 Enterprise\" width=\"800\" height=\"450\" src=\"https:\/\/www.youtube.com\/embed\/R1lT-NatLMA?start=17&#038;feature=oembed&#038;enablejsapi=1&#038;origin=https:\/\/koningdrone.be\" frameborder=\"0\" allow=\"accelerometer; autoplay; clipboard-write; encrypted-media; gyroscope; picture-in-picture; web-share\" referrerpolicy=\"strict-origin-when-cross-origin\" allowfullscreen><\/iframe><\/p>\n<p style=\"margin: 20px\">Le <strong>DJI Mavic 3 Thermal Advanced<\/strong> est la solution hybride ultime pour les professionnels qui ne veulent pas faire de compromis sur la puissance mais qui ont besoin d'une mobilit\u00e9 maximale. Alors que les drones de plus grande taille mettent du temps \u00e0 d\u00e9coller, le Mavic 3T s'envole en quelques secondes pour fournir des informations visuelles et thermiques essentielles. Cette plateforme est sp\u00e9cialement con\u00e7ue pour la s\u00e9curit\u00e9 publique de premi\u00e8re ligne, les inspections industrielles et les op\u00e9rations de recherche et de sauvetage nocturnes. Avec l'ajout d'une garantie d'un an <strong>Plan DJI Care Enterprise<\/strong> vous \u00eates assur\u00e9 d'une continuit\u00e9 op\u00e9rationnelle m\u00eame dans les conditions les plus exigeantes.<\/p>\n<p><a href=\"https:\/\/koningdrone.nl\/wp-content\/uploads\/2026\/03\/DJI-Mavic-3T-Adv.-EU-Uni.-SP-1Y.jpg\"><img loading=\"lazy\" decoding=\"async\" class=\"aligncenter wp-image-467657 size-full\" src=\"https:\/\/koningdrone.nl\/wp-content\/uploads\/2026\/03\/DJI-Mavic-3T-Adv.-EU-Uni.-SP-1Y.jpg\" alt=\"DJI Mavic 3T Adv. EU Uni. SP 1Y\" width=\"1200\" height=\"800\" \/><\/a><\/p>\n<h4><strong>Imagerie multispectrale et puissance de zoom sans pr\u00e9c\u00e9dent<\/strong><\/h4>\n<p>L'architecture visuelle du Mavic 3 Thermal est in\u00e9gal\u00e9e dans sa cat\u00e9gorie de poids. Le drone abrite trois puissants capteurs dans une seule unit\u00e9 \u00e0 cardan :<\/p>\n<ul>\n<li><strong>Pr\u00e9cision thermique :<\/strong> A <strong>Capteur radiom\u00e9trique 640 \u00d7 512<\/strong> enregistre des donn\u00e9es de temp\u00e9rature pr\u00e9cises, essentielles pour d\u00e9tecter les points chauds dans la lutte contre les incendies ou pour localiser les victimes dans l'obscurit\u00e9 totale.<\/li>\n<li><strong>Optique haute r\u00e9solution :<\/strong> Le <strong>Appareil photo grand angle de 48 MP<\/strong> avec un capteur CMOS de 1\/2 pouce offre des images d'une clart\u00e9 cristalline pour des vues d\u00e9taill\u00e9es.<\/li>\n<li><strong>Zoom extr\u00eame :<\/strong> Avec la <strong>Zoom hybride 56\u00d7<\/strong> permet aux inspecteurs et aux intervenants d'observer des d\u00e9tails \u00e0 de grandes distances, ce qui permet au drone de rester en toute s\u00e9curit\u00e9 hors de port\u00e9e des obstacles ou des zones dangereuses. Gr\u00e2ce \u00e0 la prise en charge d'un <strong>Module RTK<\/strong> ces missions peuvent \u00eatre r\u00e9alis\u00e9es avec un positionnement au centim\u00e8tre pr\u00e8s, ce qui est crucial pour la cartographie et les inspections de pr\u00e9cision.<\/li>\n<\/ul>\n<h4>Efficacit\u00e9 op\u00e9rationnelle et connexion indestructible<\/h4>\n<p>Malgr\u00e9 son poids modeste d'environ <strong>920 grammes<\/strong>, Le Mavic 3T offre des performances jusqu'alors r\u00e9serv\u00e9es aux avions industriels de plus grande taille. Avec une dur\u00e9e de vol impressionnante allant jusqu'\u00e0 <strong>45 minutes<\/strong> par batterie, vous pouvez effectuer des recherches sur de vastes zones sans avoir besoin d'atterrir en permanence. Les <strong>Syst\u00e8me de transmission DJI O3 Enterprise<\/strong> garantit une liaison vid\u00e9o haute d\u00e9finition stable sur de longues distances, m\u00eame dans des environnements \u00e0 fortes interf\u00e9rences. La conception pliable permet au syst\u00e8me de tenir dans une mallette compacte, pr\u00eate \u00e0 \u00eatre d\u00e9ploy\u00e9e \u00e0 tout moment et en tout lieu.<\/p>\n<p><a href=\"https:\/\/koningdrone.nl\/wp-content\/uploads\/2026\/03\/DJI-Product-Mavic-3T-Adv.-EU-Uni.-SP-1Y.jpg\"><img loading=\"lazy\" decoding=\"async\" class=\"size-medium wp-image-467655 aligncenter\" src=\"https:\/\/koningdrone.nl\/wp-content\/uploads\/2026\/03\/DJI-Product-Mavic-3T-Adv.-EU-Uni.-SP-1Y-300x300.jpg\" alt=\"DJI Product Mavic 3T Adv. EU Uni. SP 1Y\" width=\"300\" height=\"300\" \/><\/a><\/p>\n<h4>Pourquoi le Mavic 3 Thermal est indispensable<\/h4>\n<p>Pour les organisations \u00e0 la recherche d'une plateforme a\u00e9rienne polyvalente, fiable et rapidement d\u00e9ployable, le Mavic 3 Thermal offre l'\u00e9quilibre parfait. Qu'il s'agisse d'inspecter des fermes solaires \u00e0 la recherche de d\u00e9fauts thermiques, d'appuyer des unit\u00e9s de police lors de poursuites ou de surveiller des feux de for\u00eat \u00e0 travers une fum\u00e9e dense, ce drone fournit les donn\u00e9es n\u00e9cessaires pour sauver des vies et r\u00e9duire les co\u00fbts. La combinaison de l'intelligence thermique, d'un zoom puissant et d'une assistance professionnelle gr\u00e2ce \u00e0 DJI Care fait de ce drone l'investissement le plus intelligent pour la gestion des entreprises modernes.<\/p>","protected":false},"excerpt":{"rendered":"<ul>\n<li>Syst\u00e8me \u00e0 triple cam\u00e9ra pour les donn\u00e9es thermiques et visuelles<\/li>\n<li>R\u00e9solution thermique 640 \u00d7 512 avec mesures ponctuelles et surfaciques<\/li>\n<li>Jusqu'\u00e0 environ 45 minutes de vol par charge de batterie<\/li>\n<li>Cam\u00e9ra hybride \u00e0 zoom 56\u00d7 \u00e0 longue port\u00e9e<\/li>\n<li>DJI O3 Enterprise : technologie de transmission et de capteurs de s\u00e9curit\u00e9<\/li>\n<\/ul>","protected":false},"featured_media":17317,"template":"","meta":{"_acf_changed":false},"product_brand":[],"product_cat":[165,1790],"product_tag":[],"class_list":{"0":"post-17324","1":"product","2":"type-product","3":"status-publish","4":"has-post-thumbnail","6":"product_cat-dji-mavic-3-enterprise","7":"product_cat-dji-mavic-3t","8":"product_shipping_class-uavspacesall","9":"pa_brand-dji","10":"pa_producttype-enterprise-drone","11":"pa_series-mavic","13":"first","14":"instock","15":"taxable","16":"shipping-taxable","17":"purchasable","18":"product-type-simple"},"acf":[],"yoast_head":"<!-- This site is optimized with the Yoast SEO Premium plugin v27.2 (Yoast SEO v27.2) - https:\/\/yoast.com\/product\/yoast-seo-premium-wordpress\/ -->\n<title>DJI Mavic 3T Adv. EU Uni. SP 1Y - koningdrone.be<\/title>\n<meta name=\"robots\" content=\"index, follow, max-snippet:-1, max-image-preview:large, max-video-preview:-1\" \/>\n<link rel=\"canonical\" href=\"https:\/\/koningdrone.be\/fr\/produit\/dji-mavic-3t-adv-eu-uni-sp-1y\/\" \/>\n<meta property=\"og:locale\" content=\"fr_FR\" \/>\n<meta property=\"og:type\" content=\"article\" \/>\n<meta property=\"og:title\" content=\"DJI Mavic 3T Adv. EU Uni. SP 1Y\" \/>\n<meta property=\"og:description\" content=\"Triple\u2011camerasysteem voor thermische en visuele data  640\u202f\u00d7\u202f512 thermische resolutie met point &amp; area\u2011metingen  Tot ca. 45\u202fminuten vliegtijd per batterijlading  56\u00d7 hybride zoomcamera voor lange afstand  DJI O3 Enterprise\u2011transmissie en veiligheids\u2011sensortechnologie\" \/>\n<meta property=\"og:url\" content=\"https:\/\/koningdrone.be\/fr\/produit\/dji-mavic-3t-adv-eu-uni-sp-1y\/\" \/>\n<meta property=\"og:site_name\" content=\"koningdrone.be\" \/>\n<meta property=\"article:modified_time\" content=\"2026-04-29T01:31:13+00:00\" \/>\n<meta property=\"og:image\" content=\"https:\/\/koningdrone.be\/wp-content\/uploads\/sites\/13\/2026\/03\/DJI-Mavic-3T-Adv.-EU-Uni.-SP-1Y-Product.jpg\" \/>\n\t<meta property=\"og:image:width\" content=\"2048\" \/>\n\t<meta property=\"og:image:height\" content=\"2048\" \/>\n\t<meta property=\"og:image:type\" content=\"image\/jpeg\" \/>\n<meta name=\"twitter:card\" content=\"summary_large_image\" \/>\n<meta name=\"twitter:label1\" content=\"Dur\u00e9e de lecture est.\" \/>\n\t<meta name=\"twitter:data1\" content=\"2 minutes\" \/>\n<script type=\"application\/ld+json\" class=\"yoast-schema-graph\">{\"@context\":\"https:\/\/schema.org\",\"@graph\":[{\"@type\":\"WebPage\",\"@id\":\"https:\/\/koningdrone.be\/product\/dji-mavic-3t-adv-eu-uni-sp-1y\/\",\"url\":\"https:\/\/koningdrone.be\/product\/dji-mavic-3t-adv-eu-uni-sp-1y\/\",\"name\":\"DJI Mavic 3T Adv. EU Uni. SP 1Y - koningdrone.be\",\"isPartOf\":{\"@id\":\"https:\/\/koningdrone.be\/#website\"},\"primaryImageOfPage\":{\"@id\":\"https:\/\/koningdrone.be\/product\/dji-mavic-3t-adv-eu-uni-sp-1y\/#primaryimage\"},\"image\":{\"@id\":\"https:\/\/koningdrone.be\/product\/dji-mavic-3t-adv-eu-uni-sp-1y\/#primaryimage\"},\"thumbnailUrl\":\"https:\/\/koningdrone.be\/wp-content\/uploads\/sites\/13\/2026\/03\/DJI-Mavic-3T-Adv.-EU-Uni.-SP-1Y-Product.jpg\",\"datePublished\":\"2026-03-20T12:13:28+00:00\",\"dateModified\":\"2026-04-29T01:31:13+00:00\",\"breadcrumb\":{\"@id\":\"https:\/\/koningdrone.be\/product\/dji-mavic-3t-adv-eu-uni-sp-1y\/#breadcrumb\"},\"inLanguage\":\"fr-BE\",\"potentialAction\":[{\"@type\":\"ReadAction\",\"target\":[\"https:\/\/koningdrone.be\/product\/dji-mavic-3t-adv-eu-uni-sp-1y\/\"]}]},{\"@type\":\"ImageObject\",\"inLanguage\":\"fr-BE\",\"@id\":\"https:\/\/koningdrone.be\/product\/dji-mavic-3t-adv-eu-uni-sp-1y\/#primaryimage\",\"url\":\"https:\/\/koningdrone.be\/wp-content\/uploads\/sites\/13\/2026\/03\/DJI-Mavic-3T-Adv.-EU-Uni.-SP-1Y-Product.jpg\",\"contentUrl\":\"https:\/\/koningdrone.be\/wp-content\/uploads\/sites\/13\/2026\/03\/DJI-Mavic-3T-Adv.-EU-Uni.-SP-1Y-Product.jpg\",\"width\":2048,\"height\":2048},{\"@type\":\"BreadcrumbList\",\"@id\":\"https:\/\/koningdrone.be\/product\/dji-mavic-3t-adv-eu-uni-sp-1y\/#breadcrumb\",\"itemListElement\":[{\"@type\":\"ListItem\",\"position\":1,\"name\":\"Home\",\"item\":\"https:\/\/koningdrone.be\/\"},{\"@type\":\"ListItem\",\"position\":2,\"name\":\"AVSS Parachute Recovery System for DJI Matrice 300\/350\",\"item\":\"https:\/\/koningdrone.be\/product\/avss-parachute-recovery-system-for-dji-matrice-300-350\/\"},{\"@type\":\"ListItem\",\"position\":3,\"name\":\"DJI Mavic 3 Enterprise\",\"item\":\"https:\/\/koningdrone.be\/categorie\/dji-mavic-3-enterprise\/\"},{\"@type\":\"ListItem\",\"position\":4,\"name\":\"DJI Mavic 3T Adv. EU Uni. SP 1Y\"}]},{\"@type\":\"WebSite\",\"@id\":\"https:\/\/koningdrone.be\/#website\",\"url\":\"https:\/\/koningdrone.be\/\",\"name\":\"Koningdrone.be - Uw online specialist in drones, gimbals, camera's en power stations.\",\"description\":\"De webshop in drones en gimbals\",\"publisher\":{\"@id\":\"https:\/\/koningdrone.be\/#organization\"},\"potentialAction\":[{\"@type\":\"SearchAction\",\"target\":{\"@type\":\"EntryPoint\",\"urlTemplate\":\"https:\/\/koningdrone.be\/?s={search_term_string}\"},\"query-input\":{\"@type\":\"PropertyValueSpecification\",\"valueRequired\":true,\"valueName\":\"search_term_string\"}}],\"inLanguage\":\"fr-BE\"},{\"@type\":\"Organization\",\"@id\":\"https:\/\/koningdrone.be\/#organization\",\"name\":\"Koningdrone.be\",\"url\":\"https:\/\/koningdrone.be\/\",\"logo\":{\"@type\":\"ImageObject\",\"inLanguage\":\"fr-BE\",\"@id\":\"https:\/\/koningdrone.be\/#\/schema\/logo\/image\/\",\"url\":\"https:\/\/koningdrone.be\/wp-content\/uploads\/sites\/13\/2025\/04\/koningdrone-copyright-logo.svg\",\"contentUrl\":\"https:\/\/koningdrone.be\/wp-content\/uploads\/sites\/13\/2025\/04\/koningdrone-copyright-logo.svg\",\"width\":227,\"height\":38,\"caption\":\"Koningdrone.be\"},\"image\":{\"@id\":\"https:\/\/koningdrone.be\/#\/schema\/logo\/image\/\"}}]}<\/script>\n<!-- \/ Yoast SEO Premium plugin. -->","yoast_head_json":{"title":"DJI Mavic 3T Adv. EU Uni. SP 1Y - koningdrone.be","robots":{"index":"index","follow":"follow","max-snippet":"max-snippet:-1","max-image-preview":"max-image-preview:large","max-video-preview":"max-video-preview:-1"},"canonical":"https:\/\/koningdrone.be\/fr\/produit\/dji-mavic-3t-adv-eu-uni-sp-1y\/","og_locale":"fr_FR","og_type":"article","og_title":"DJI Mavic 3T Adv. EU Uni. SP 1Y","og_description":"Triple\u2011camerasysteem voor thermische en visuele data  640\u202f\u00d7\u202f512 thermische resolutie met point &amp; area\u2011metingen  Tot ca. 45\u202fminuten vliegtijd per batterijlading  56\u00d7 hybride zoomcamera voor lange afstand  DJI O3 Enterprise\u2011transmissie en veiligheids\u2011sensortechnologie","og_url":"https:\/\/koningdrone.be\/fr\/produit\/dji-mavic-3t-adv-eu-uni-sp-1y\/","og_site_name":"koningdrone.be","article_modified_time":"2026-04-29T01:31:13+00:00","og_image":[{"width":2048,"height":2048,"url":"https:\/\/koningdrone.be\/wp-content\/uploads\/sites\/13\/2026\/03\/DJI-Mavic-3T-Adv.-EU-Uni.-SP-1Y-Product.jpg","type":"image\/jpeg"}],"twitter_card":"summary_large_image","twitter_misc":{"Dur\u00e9e de lecture est.":"2 minutes"},"schema":{"@context":"https:\/\/schema.org","@graph":[{"@type":"WebPage","@id":"https:\/\/koningdrone.be\/product\/dji-mavic-3t-adv-eu-uni-sp-1y\/","url":"https:\/\/koningdrone.be\/product\/dji-mavic-3t-adv-eu-uni-sp-1y\/","name":"DJI Mavic 3T Adv. EU Uni. SP 1Y - koningdrone.be","isPartOf":{"@id":"https:\/\/koningdrone.be\/#website"},"primaryImageOfPage":{"@id":"https:\/\/koningdrone.be\/product\/dji-mavic-3t-adv-eu-uni-sp-1y\/#primaryimage"},"image":{"@id":"https:\/\/koningdrone.be\/product\/dji-mavic-3t-adv-eu-uni-sp-1y\/#primaryimage"},"thumbnailUrl":"https:\/\/koningdrone.be\/wp-content\/uploads\/sites\/13\/2026\/03\/DJI-Mavic-3T-Adv.-EU-Uni.-SP-1Y-Product.jpg","datePublished":"2026-03-20T12:13:28+00:00","dateModified":"2026-04-29T01:31:13+00:00","breadcrumb":{"@id":"https:\/\/koningdrone.be\/product\/dji-mavic-3t-adv-eu-uni-sp-1y\/#breadcrumb"},"inLanguage":"fr-BE","potentialAction":[{"@type":"ReadAction","target":["https:\/\/koningdrone.be\/product\/dji-mavic-3t-adv-eu-uni-sp-1y\/"]}]},{"@type":"ImageObject","inLanguage":"fr-BE","@id":"https:\/\/koningdrone.be\/product\/dji-mavic-3t-adv-eu-uni-sp-1y\/#primaryimage","url":"https:\/\/koningdrone.be\/wp-content\/uploads\/sites\/13\/2026\/03\/DJI-Mavic-3T-Adv.-EU-Uni.-SP-1Y-Product.jpg","contentUrl":"https:\/\/koningdrone.be\/wp-content\/uploads\/sites\/13\/2026\/03\/DJI-Mavic-3T-Adv.-EU-Uni.-SP-1Y-Product.jpg","width":2048,"height":2048},{"@type":"BreadcrumbList","@id":"https:\/\/koningdrone.be\/product\/dji-mavic-3t-adv-eu-uni-sp-1y\/#breadcrumb","itemListElement":[{"@type":"ListItem","position":1,"name":"Home","item":"https:\/\/koningdrone.be\/"},{"@type":"ListItem","position":2,"name":"AVSS Parachute Recovery System for DJI Matrice 300\/350","item":"https:\/\/koningdrone.be\/product\/avss-parachute-recovery-system-for-dji-matrice-300-350\/"},{"@type":"ListItem","position":3,"name":"DJI Mavic 3 Enterprise","item":"https:\/\/koningdrone.be\/categorie\/dji-mavic-3-enterprise\/"},{"@type":"ListItem","position":4,"name":"DJI Mavic 3T Adv. EU Uni. SP 1Y"}]},{"@type":"WebSite","@id":"https:\/\/koningdrone.be\/#website","url":"https:\/\/koningdrone.be\/","name":"Koningdrone.be - Votre sp\u00e9cialiste en ligne en mati\u00e8re de drones, de cardans, de cam\u00e9ras et de centrales \u00e9lectriques.","description":"La boutique en ligne de drones et de cardans","publisher":{"@id":"https:\/\/koningdrone.be\/#organization"},"potentialAction":[{"@type":"SearchAction","target":{"@type":"EntryPoint","urlTemplate":"https:\/\/koningdrone.be\/?s={search_term_string}"},"query-input":{"@type":"PropertyValueSpecification","valueRequired":true,"valueName":"search_term_string"}}],"inLanguage":"fr-BE"},{"@type":"Organization","@id":"https:\/\/koningdrone.be\/#organization","name":"Kingdrone.co.uk","url":"https:\/\/koningdrone.be\/","logo":{"@type":"ImageObject","inLanguage":"fr-BE","@id":"https:\/\/koningdrone.be\/#\/schema\/logo\/image\/","url":"https:\/\/koningdrone.be\/wp-content\/uploads\/sites\/13\/2025\/04\/koningdrone-copyright-logo.svg","contentUrl":"https:\/\/koningdrone.be\/wp-content\/uploads\/sites\/13\/2025\/04\/koningdrone-copyright-logo.svg","width":227,"height":38,"caption":"Koningdrone.be"},"image":{"@id":"https:\/\/koningdrone.be\/#\/schema\/logo\/image\/"}}]}},"df_price":6344,"df_sale_price":"","df_regular_price":6344,"df_image_link":"https:\/\/koningdrone.be\/wp-content\/uploads\/sites\/13\/2026\/03\/DJI-Mavic-3T-Adv.-EU-Uni.-SP-1Y-Product-300x300.jpg","_links":{"self":[{"href":"https:\/\/koningdrone.be\/fr\/wp-json\/wp\/v2\/product\/17324","targetHints":{"allow":["GET"]}}],"collection":[{"href":"https:\/\/koningdrone.be\/fr\/wp-json\/wp\/v2\/product"}],"about":[{"href":"https:\/\/koningdrone.be\/fr\/wp-json\/wp\/v2\/types\/product"}],"wp:featuredmedia":[{"embeddable":true,"href":"https:\/\/koningdrone.be\/fr\/wp-json\/wp\/v2\/media\/17317"}],"wp:attachment":[{"href":"https:\/\/koningdrone.be\/fr\/wp-json\/wp\/v2\/media?parent=17324"}],"wp:term":[{"taxonomy":"product_brand","embeddable":true,"href":"https:\/\/koningdrone.be\/fr\/wp-json\/wp\/v2\/product_brand?post=17324"},{"taxonomy":"product_cat","embeddable":true,"href":"https:\/\/koningdrone.be\/fr\/wp-json\/wp\/v2\/product_cat?post=17324"},{"taxonomy":"product_tag","embeddable":true,"href":"https:\/\/koningdrone.be\/fr\/wp-json\/wp\/v2\/product_tag?post=17324"}],"curies":[{"name":"wp","href":"https:\/\/api.w.org\/{rel}","templated":true}]}}