{"id":17276,"date":"2026-03-20T11:51:04","date_gmt":"2026-03-20T10:51:04","guid":{"rendered":"https:\/\/koningdrone.be\/?post_type=product&#038;p=17276"},"modified":"2026-04-29T14:50:31","modified_gmt":"2026-04-29T12:50:31","slug":"dji-e-port-v2-coaxial-cable-kit","status":"publish","type":"product","link":"https:\/\/koningdrone.be\/fr\/produit\/dji-e-port-v2-coaxial-cable-kit\/","title":{"rendered":"Kit de c\u00e2ble coaxial DJI E-Port V2"},"content":{"rendered":"<h3>Kit de c\u00e2ble coaxial DJI E-Port V2<\/h3>\n<p>Le kit de c\u00e2ble coaxial DJI E-Port V2 est un kit de c\u00e2ble professionnel con\u00e7u sp\u00e9cifiquement pour les d\u00e9veloppeurs et les int\u00e9grateurs travaillant avec les drones d'entreprise DJI. Ce kit permet de connecter des charges utiles personnalis\u00e9es, des capteurs et du mat\u00e9riel externe \u00e0 l'interface E-Port V2 de la plateforme du drone. Il fournit une connexion fiable et flexible entre le drone et les \u00e9quipements compatibles avec le Payload SDK (PSDK). D\u00e9velopp\u00e9 pour \u00eatre utilis\u00e9 avec des syst\u00e8mes professionnels tels que le Matrice 400, le kit est un \u00e9l\u00e9ment cl\u00e9 dans le d\u00e9veloppement de solutions personnalis\u00e9es pour les drones.<\/p>\n<h4>Performance et fonctionnalit\u00e9<\/h4>\n<p>Le kit comprend des c\u00e2bles micro-coaxiaux pr\u00e9-assembl\u00e9s con\u00e7us pour une transmission de donn\u00e9es rapide, stable et \u00e0 faible bruit. Diff\u00e9rents connecteurs et longueurs de c\u00e2ble permettent aux d\u00e9veloppeurs de connecter facilement des lignes de signaux USB, RF et diff\u00e9rentiels \u00e0 leur mat\u00e9riel de charge utile. Chaque c\u00e2ble contient une puce certifi\u00e9e DJI SDK qui garantit la compatibilit\u00e9 et la fiabilit\u00e9 de la communication avec le syst\u00e8me du drone. Cela permet aux capteurs, ordinateurs et autres modules de communiquer directement avec le drone pour un transfert de donn\u00e9es et un contr\u00f4le en temps r\u00e9el.<\/p>\n<p><a href=\"https:\/\/koningdrone.nl\/wp-content\/uploads\/2026\/03\/DJI-E-Port-V2-Coaxial-Cable-Kit-Product.webp\"><img loading=\"lazy\" decoding=\"async\" class=\"size-medium wp-image-467570 aligncenter\" src=\"https:\/\/koningdrone.nl\/wp-content\/uploads\/2026\/03\/DJI-E-Port-V2-Coaxial-Cable-Kit-Product-300x300.webp\" alt=\"\" width=\"300\" height=\"300\" \/><\/a><\/p>\n<h4>Qualit\u00e9 de construction et conception<\/h4>\n<p>Con\u00e7us pour une int\u00e9gration professionnelle, les c\u00e2bles offrent une solution compacte et robuste pour le d\u00e9veloppement de charges utiles. Gr\u00e2ce \u00e0 la technologie micro-coaxiale, la perte de signal est minimis\u00e9e et la connexion reste stable, m\u00eame \u00e0 des d\u00e9bits de donn\u00e9es \u00e9lev\u00e9s. La conception avec des d\u00e9finitions claires des broches simplifie le processus d'int\u00e9gration pour les d\u00e9veloppeurs et r\u00e9duit le temps de d\u00e9veloppement de nouveaux syst\u00e8mes de charge utile.<\/p>\n<h4>Pourquoi vous en avez besoin<\/h4>\n<p>Pour les entreprises et les d\u00e9veloppeurs qui cherchent \u00e0 construire des charges utiles personnalis\u00e9es pour les drones d'entreprise DJI, le kit de c\u00e2ble coaxial DJI E-Port V2 est un outil essentiel. Le kit de c\u00e2ble fournit une connexion fiable entre les composants mat\u00e9riels et le syst\u00e8me du drone, facilitant l'int\u00e9gration de nouveaux capteurs, ordinateurs et autres technologies de charge utile dans les op\u00e9rations de drone professionnel.<\/p>","protected":false},"excerpt":{"rendered":"<ul>\n<li>C\u00e2bles micro-coaxiaux de haute qualit\u00e9 pour une transmission de donn\u00e9es stable et silencieuse<\/li>\n<li>Con\u00e7u pour \u00eatre int\u00e9gr\u00e9 \u00e0 l'interface DJI E-Port V2<\/li>\n<li>Comprend des puces certifi\u00e9es DJI SDK pour une communication fiable<\/li>\n<li>Id\u00e9al pour le d\u00e9veloppement du SDK Payload et l'int\u00e9gration de capteurs personnalis\u00e9s<\/li>\n<li>Convient aux projets professionnels de d\u00e9veloppement de drones<\/li>\n<\/ul>","protected":false},"featured_media":17272,"template":"","meta":{"_acf_changed":false},"product_brand":[],"product_cat":[1583],"product_tag":[],"class_list":{"0":"post-17276","1":"product","2":"type-product","3":"status-publish","4":"has-post-thumbnail","6":"product_cat-dji-matrice-400","7":"product_shipping_class-outofstock","8":"pa_brand-dji","9":"pa_producttype-kabelset","10":"pa_series-e-port","12":"first","13":"outofstock","14":"taxable","15":"shipping-taxable","16":"purchasable","17":"product-type-simple"},"acf":[],"yoast_head":"<!-- This site is optimized with the Yoast SEO Premium plugin v27.2 (Yoast SEO v27.2) - https:\/\/yoast.com\/product\/yoast-seo-premium-wordpress\/ -->\n<title>DJI E-Port V2 Coaxial Cable Kit - koningdrone.be<\/title>\n<meta name=\"robots\" content=\"index, follow, max-snippet:-1, max-image-preview:large, max-video-preview:-1\" \/>\n<link rel=\"canonical\" href=\"https:\/\/koningdrone.be\/fr\/produit\/dji-e-port-v2-coaxial-cable-kit\/\" \/>\n<meta property=\"og:locale\" content=\"fr_FR\" \/>\n<meta property=\"og:type\" content=\"article\" \/>\n<meta property=\"og:title\" content=\"DJI E-Port V2 Coaxial Cable Kit\" \/>\n<meta property=\"og:description\" content=\"Hoogwaardige micro-coaxiale kabels voor stabiele en ruisarme datatransmissie  Ontworpen voor integratie met de DJI E-Port V2 interface  Inclusief DJI SDK-gecertificeerde chips voor betrouwbare communicatie  Ideaal voor Payload SDK ontwikkeling en integratie van aangepaste sensoren  Geschikt voor professionele drone-ontwikkelingsprojecten\" \/>\n<meta property=\"og:url\" content=\"https:\/\/koningdrone.be\/fr\/produit\/dji-e-port-v2-coaxial-cable-kit\/\" \/>\n<meta property=\"og:site_name\" content=\"koningdrone.be\" \/>\n<meta property=\"article:modified_time\" content=\"2026-04-29T12:50:31+00:00\" \/>\n<meta property=\"og:image\" content=\"https:\/\/koningdrone.be\/wp-content\/uploads\/sites\/13\/2026\/03\/DJI-E-Port-V2-Coaxial-Cable-Kit.webp\" \/>\n\t<meta property=\"og:image:width\" content=\"2048\" \/>\n\t<meta property=\"og:image:height\" content=\"2048\" \/>\n\t<meta property=\"og:image:type\" content=\"image\/webp\" \/>\n<meta name=\"twitter:card\" content=\"summary_large_image\" \/>\n<meta name=\"twitter:label1\" content=\"Dur\u00e9e de lecture est.\" \/>\n\t<meta name=\"twitter:data1\" content=\"1 minute\" \/>\n<script type=\"application\/ld+json\" class=\"yoast-schema-graph\">{\"@context\":\"https:\/\/schema.org\",\"@graph\":[{\"@type\":\"WebPage\",\"@id\":\"https:\/\/koningdrone.be\/product\/dji-e-port-v2-coaxial-cable-kit\/\",\"url\":\"https:\/\/koningdrone.be\/product\/dji-e-port-v2-coaxial-cable-kit\/\",\"name\":\"DJI E-Port V2 Coaxial Cable Kit - koningdrone.be\",\"isPartOf\":{\"@id\":\"https:\/\/koningdrone.be\/#website\"},\"primaryImageOfPage\":{\"@id\":\"https:\/\/koningdrone.be\/product\/dji-e-port-v2-coaxial-cable-kit\/#primaryimage\"},\"image\":{\"@id\":\"https:\/\/koningdrone.be\/product\/dji-e-port-v2-coaxial-cable-kit\/#primaryimage\"},\"thumbnailUrl\":\"https:\/\/koningdrone.be\/wp-content\/uploads\/sites\/13\/2026\/03\/DJI-E-Port-V2-Coaxial-Cable-Kit.webp\",\"datePublished\":\"2026-03-20T10:51:04+00:00\",\"dateModified\":\"2026-04-29T12:50:31+00:00\",\"breadcrumb\":{\"@id\":\"https:\/\/koningdrone.be\/product\/dji-e-port-v2-coaxial-cable-kit\/#breadcrumb\"},\"inLanguage\":\"fr-BE\",\"potentialAction\":[{\"@type\":\"ReadAction\",\"target\":[\"https:\/\/koningdrone.be\/product\/dji-e-port-v2-coaxial-cable-kit\/\"]}]},{\"@type\":\"ImageObject\",\"inLanguage\":\"fr-BE\",\"@id\":\"https:\/\/koningdrone.be\/product\/dji-e-port-v2-coaxial-cable-kit\/#primaryimage\",\"url\":\"https:\/\/koningdrone.be\/wp-content\/uploads\/sites\/13\/2026\/03\/DJI-E-Port-V2-Coaxial-Cable-Kit.webp\",\"contentUrl\":\"https:\/\/koningdrone.be\/wp-content\/uploads\/sites\/13\/2026\/03\/DJI-E-Port-V2-Coaxial-Cable-Kit.webp\",\"width\":2048,\"height\":2048},{\"@type\":\"BreadcrumbList\",\"@id\":\"https:\/\/koningdrone.be\/product\/dji-e-port-v2-coaxial-cable-kit\/#breadcrumb\",\"itemListElement\":[{\"@type\":\"ListItem\",\"position\":1,\"name\":\"Home\",\"item\":\"https:\/\/koningdrone.be\/\"},{\"@type\":\"ListItem\",\"position\":2,\"name\":\"AVSS Parachute Recovery System for DJI Matrice 300\/350\",\"item\":\"https:\/\/koningdrone.be\/product\/avss-parachute-recovery-system-for-dji-matrice-300-350\/\"},{\"@type\":\"ListItem\",\"position\":3,\"name\":\"DJI Matrice 400\",\"item\":\"https:\/\/koningdrone.be\/categorie\/dji-matrice-400\/\"},{\"@type\":\"ListItem\",\"position\":4,\"name\":\"DJI E-Port V2 Coaxial Cable Kit\"}]},{\"@type\":\"WebSite\",\"@id\":\"https:\/\/koningdrone.be\/#website\",\"url\":\"https:\/\/koningdrone.be\/\",\"name\":\"Koningdrone.be - Uw online specialist in drones, gimbals, camera's en power stations.\",\"description\":\"De webshop in drones en gimbals\",\"publisher\":{\"@id\":\"https:\/\/koningdrone.be\/#organization\"},\"potentialAction\":[{\"@type\":\"SearchAction\",\"target\":{\"@type\":\"EntryPoint\",\"urlTemplate\":\"https:\/\/koningdrone.be\/?s={search_term_string}\"},\"query-input\":{\"@type\":\"PropertyValueSpecification\",\"valueRequired\":true,\"valueName\":\"search_term_string\"}}],\"inLanguage\":\"fr-BE\"},{\"@type\":\"Organization\",\"@id\":\"https:\/\/koningdrone.be\/#organization\",\"name\":\"Koningdrone.be\",\"url\":\"https:\/\/koningdrone.be\/\",\"logo\":{\"@type\":\"ImageObject\",\"inLanguage\":\"fr-BE\",\"@id\":\"https:\/\/koningdrone.be\/#\/schema\/logo\/image\/\",\"url\":\"https:\/\/koningdrone.be\/wp-content\/uploads\/sites\/13\/2025\/04\/koningdrone-copyright-logo.svg\",\"contentUrl\":\"https:\/\/koningdrone.be\/wp-content\/uploads\/sites\/13\/2025\/04\/koningdrone-copyright-logo.svg\",\"width\":227,\"height\":38,\"caption\":\"Koningdrone.be\"},\"image\":{\"@id\":\"https:\/\/koningdrone.be\/#\/schema\/logo\/image\/\"}}]}<\/script>\n<!-- \/ Yoast SEO Premium plugin. -->","yoast_head_json":{"title":"DJI E-Port V2 Coaxial Cable Kit - koningdrone.be","robots":{"index":"index","follow":"follow","max-snippet":"max-snippet:-1","max-image-preview":"max-image-preview:large","max-video-preview":"max-video-preview:-1"},"canonical":"https:\/\/koningdrone.be\/fr\/produit\/dji-e-port-v2-coaxial-cable-kit\/","og_locale":"fr_FR","og_type":"article","og_title":"DJI E-Port V2 Coaxial Cable Kit","og_description":"Hoogwaardige micro-coaxiale kabels voor stabiele en ruisarme datatransmissie  Ontworpen voor integratie met de DJI E-Port V2 interface  Inclusief DJI SDK-gecertificeerde chips voor betrouwbare communicatie  Ideaal voor Payload SDK ontwikkeling en integratie van aangepaste sensoren  Geschikt voor professionele drone-ontwikkelingsprojecten","og_url":"https:\/\/koningdrone.be\/fr\/produit\/dji-e-port-v2-coaxial-cable-kit\/","og_site_name":"koningdrone.be","article_modified_time":"2026-04-29T12:50:31+00:00","og_image":[{"width":2048,"height":2048,"url":"https:\/\/koningdrone.be\/wp-content\/uploads\/sites\/13\/2026\/03\/DJI-E-Port-V2-Coaxial-Cable-Kit.webp","type":"image\/webp"}],"twitter_card":"summary_large_image","twitter_misc":{"Dur\u00e9e de lecture est.":"1 minute"},"schema":{"@context":"https:\/\/schema.org","@graph":[{"@type":"WebPage","@id":"https:\/\/koningdrone.be\/product\/dji-e-port-v2-coaxial-cable-kit\/","url":"https:\/\/koningdrone.be\/product\/dji-e-port-v2-coaxial-cable-kit\/","name":"DJI E-Port V2 Coaxial Cable Kit - koningdrone.be","isPartOf":{"@id":"https:\/\/koningdrone.be\/#website"},"primaryImageOfPage":{"@id":"https:\/\/koningdrone.be\/product\/dji-e-port-v2-coaxial-cable-kit\/#primaryimage"},"image":{"@id":"https:\/\/koningdrone.be\/product\/dji-e-port-v2-coaxial-cable-kit\/#primaryimage"},"thumbnailUrl":"https:\/\/koningdrone.be\/wp-content\/uploads\/sites\/13\/2026\/03\/DJI-E-Port-V2-Coaxial-Cable-Kit.webp","datePublished":"2026-03-20T10:51:04+00:00","dateModified":"2026-04-29T12:50:31+00:00","breadcrumb":{"@id":"https:\/\/koningdrone.be\/product\/dji-e-port-v2-coaxial-cable-kit\/#breadcrumb"},"inLanguage":"fr-BE","potentialAction":[{"@type":"ReadAction","target":["https:\/\/koningdrone.be\/product\/dji-e-port-v2-coaxial-cable-kit\/"]}]},{"@type":"ImageObject","inLanguage":"fr-BE","@id":"https:\/\/koningdrone.be\/product\/dji-e-port-v2-coaxial-cable-kit\/#primaryimage","url":"https:\/\/koningdrone.be\/wp-content\/uploads\/sites\/13\/2026\/03\/DJI-E-Port-V2-Coaxial-Cable-Kit.webp","contentUrl":"https:\/\/koningdrone.be\/wp-content\/uploads\/sites\/13\/2026\/03\/DJI-E-Port-V2-Coaxial-Cable-Kit.webp","width":2048,"height":2048},{"@type":"BreadcrumbList","@id":"https:\/\/koningdrone.be\/product\/dji-e-port-v2-coaxial-cable-kit\/#breadcrumb","itemListElement":[{"@type":"ListItem","position":1,"name":"Home","item":"https:\/\/koningdrone.be\/"},{"@type":"ListItem","position":2,"name":"AVSS Parachute Recovery System for DJI Matrice 300\/350","item":"https:\/\/koningdrone.be\/product\/avss-parachute-recovery-system-for-dji-matrice-300-350\/"},{"@type":"ListItem","position":3,"name":"DJI Matrice 400","item":"https:\/\/koningdrone.be\/categorie\/dji-matrice-400\/"},{"@type":"ListItem","position":4,"name":"DJI E-Port V2 Coaxial Cable Kit"}]},{"@type":"WebSite","@id":"https:\/\/koningdrone.be\/#website","url":"https:\/\/koningdrone.be\/","name":"Koningdrone.be - Votre sp\u00e9cialiste en ligne en mati\u00e8re de drones, de cardans, de cam\u00e9ras et de centrales \u00e9lectriques.","description":"La boutique en ligne de drones et de cardans","publisher":{"@id":"https:\/\/koningdrone.be\/#organization"},"potentialAction":[{"@type":"SearchAction","target":{"@type":"EntryPoint","urlTemplate":"https:\/\/koningdrone.be\/?s={search_term_string}"},"query-input":{"@type":"PropertyValueSpecification","valueRequired":true,"valueName":"search_term_string"}}],"inLanguage":"fr-BE"},{"@type":"Organization","@id":"https:\/\/koningdrone.be\/#organization","name":"Kingdrone.co.uk","url":"https:\/\/koningdrone.be\/","logo":{"@type":"ImageObject","inLanguage":"fr-BE","@id":"https:\/\/koningdrone.be\/#\/schema\/logo\/image\/","url":"https:\/\/koningdrone.be\/wp-content\/uploads\/sites\/13\/2025\/04\/koningdrone-copyright-logo.svg","contentUrl":"https:\/\/koningdrone.be\/wp-content\/uploads\/sites\/13\/2025\/04\/koningdrone-copyright-logo.svg","width":227,"height":38,"caption":"Koningdrone.be"},"image":{"@id":"https:\/\/koningdrone.be\/#\/schema\/logo\/image\/"}}]}},"df_price":160,"df_sale_price":"","df_regular_price":160,"df_image_link":"https:\/\/koningdrone.be\/wp-content\/uploads\/sites\/13\/2026\/03\/DJI-E-Port-V2-Coaxial-Cable-Kit-300x300.webp","_links":{"self":[{"href":"https:\/\/koningdrone.be\/fr\/wp-json\/wp\/v2\/product\/17276","targetHints":{"allow":["GET"]}}],"collection":[{"href":"https:\/\/koningdrone.be\/fr\/wp-json\/wp\/v2\/product"}],"about":[{"href":"https:\/\/koningdrone.be\/fr\/wp-json\/wp\/v2\/types\/product"}],"wp:featuredmedia":[{"embeddable":true,"href":"https:\/\/koningdrone.be\/fr\/wp-json\/wp\/v2\/media\/17272"}],"wp:attachment":[{"href":"https:\/\/koningdrone.be\/fr\/wp-json\/wp\/v2\/media?parent=17276"}],"wp:term":[{"taxonomy":"product_brand","embeddable":true,"href":"https:\/\/koningdrone.be\/fr\/wp-json\/wp\/v2\/product_brand?post=17276"},{"taxonomy":"product_cat","embeddable":true,"href":"https:\/\/koningdrone.be\/fr\/wp-json\/wp\/v2\/product_cat?post=17276"},{"taxonomy":"product_tag","embeddable":true,"href":"https:\/\/koningdrone.be\/fr\/wp-json\/wp\/v2\/product_tag?post=17276"}],"curies":[{"name":"wp","href":"https:\/\/api.w.org\/{rel}","templated":true}]}}