{"id":17266,"date":"2026-03-20T11:50:50","date_gmt":"2026-03-20T10:50:50","guid":{"rendered":"https:\/\/koningdrone.be\/?post_type=product&#038;p=17266"},"modified":"2026-04-29T14:50:28","modified_gmt":"2026-04-29T12:50:28","slug":"dji-skyport-v3-adapter-set","status":"publish","type":"product","link":"https:\/\/koningdrone.be\/fr\/produit\/dji-skyport-v3-adapter-set\/","title":{"rendered":"DJI SKYPORT V3 Kit d'adaptateurs"},"content":{"rendered":"<h3>DJI SKYPORT V3 Kit d'adaptateurs<\/h3>\n<p>Le DJI SkyPort V3 Adapter Set est un kit d'adaptateurs professionnels con\u00e7u sp\u00e9cifiquement pour l'int\u00e9gration de charges utiles sur les drones d'entreprise tels que le Matrice 400. Avec ces adaptateurs, les d\u00e9veloppeurs et les int\u00e9grateurs peuvent facilement connecter des capteurs personnalis\u00e9s, des cam\u00e9ras ou d'autres \u00e9quipements sp\u00e9cialis\u00e9s \u00e0 la plateforme du drone. Gr\u00e2ce \u00e0 l'interface SkyPort V3, une connexion fiable pour l'alimentation et les donn\u00e9es est garantie.<\/p>\n<p><a href=\"https:\/\/koningdrone.nl\/wp-content\/uploads\/2026\/03\/DJI-SKYPORT-V3-Adapter-Set.webp\"><img loading=\"lazy\" decoding=\"async\" class=\"size-medium wp-image-467536 aligncenter\" src=\"https:\/\/koningdrone.nl\/wp-content\/uploads\/2026\/03\/DJI-SKYPORT-V3-Adapter-Set-300x300.webp\" alt=\"DJI SKYPORT V3 Adapter Set\" width=\"300\" height=\"300\" \/><\/a><\/p>\n<h4>Performance et fonctionnalit\u00e9<\/h4>\n<p>L'adaptateur SkyPort V3 permet une communication transparente entre le drone et les charges utiles compatibles avec le Payload SDK (PSDK). Il permet non seulement de monter physiquement des capteurs et des modules, mais aussi de communiquer directement avec le syst\u00e8me du drone pour le transfert de donn\u00e9es en temps r\u00e9el, le contr\u00f4le et l'alimentation. L'adaptateur prend en charge divers protocoles de communication et une alimentation stable, ce qui permet aux d\u00e9veloppeurs de concevoir de nouvelles solutions de charge utile pour l'inspection, la cartographie, la recherche et les applications industrielles.<\/p>\n<h4>Qualit\u00e9 de construction et conception<\/h4>\n<p>Chaque adaptateur de ce kit est con\u00e7u pour des applications professionnelles et comprend une puce certifi\u00e9e DJI SDK pour une authentification s\u00e9curis\u00e9e et un fonctionnement fiable au sein de l'\u00e9cosyst\u00e8me DJI. Le syst\u00e8me est con\u00e7u pour un montage et un d\u00e9montage rapides des charges utiles, ce qui est id\u00e9al pour les op\u00e9rateurs qui ont besoin d'adapter rapidement leur drone \u00e0 diff\u00e9rentes missions. La construction robuste et l'interface pr\u00e9cise garantissent une connectivit\u00e9 stable et s\u00e9curis\u00e9e pendant les op\u00e9rations de vol.<\/p>\n<h4>Pourquoi vous en avez besoin<\/h4>\n<p>Pour les d\u00e9veloppeurs, les int\u00e9grateurs et les op\u00e9rateurs de drones professionnels, le DJI SkyPort V3 Adapter Set est un composant essentiel pour \u00e9tendre les fonctionnalit\u00e9s de leur drone. Il permet d'int\u00e9grer facilement des capteurs et des \u00e9quipements personnalis\u00e9s, afin d'adapter le drone \u00e0 des applications aussi diverses que l'inspection, la s\u00e9curit\u00e9, la cartographie et la recherche.<\/p>","protected":false},"excerpt":{"rendered":"<ul>\n<li>Int\u00e9gration transparente de capteurs et de modules compatibles avec le SDK Payload<\/li>\n<li>Connexion fiable \u00e0 l'alimentation et aux donn\u00e9es via l'interface DJI SkyPort V3<\/li>\n<li>Comprend une puce certifi\u00e9e DJI SDK pour une authentification s\u00e9curis\u00e9e<\/li>\n<li>Montage et d\u00e9montage rapides des charges utiles pour des op\u00e9rations efficaces<\/li>\n<li>Id\u00e9al pour l'inspection, la cartographie, les applications industrielles et la R&amp;D<\/li>\n<\/ul>","protected":false},"featured_media":17262,"template":"","meta":{"_acf_changed":false},"product_brand":[],"product_cat":[1583],"product_tag":[],"class_list":{"0":"post-17266","1":"product","2":"type-product","3":"status-publish","4":"has-post-thumbnail","6":"product_cat-dji-matrice-400","7":"product_shipping_class-outofstock","8":"pa_brand-dji","9":"pa_producttype-adapterset","10":"pa_series-skyport","12":"first","13":"outofstock","14":"taxable","15":"shipping-taxable","16":"purchasable","17":"product-type-simple"},"acf":[],"yoast_head":"<!-- This site is optimized with the Yoast SEO Premium plugin v27.2 (Yoast SEO v27.2) - https:\/\/yoast.com\/product\/yoast-seo-premium-wordpress\/ -->\n<title>DJI SKYPORT V3 Adapter Set - koningdrone.be<\/title>\n<meta name=\"robots\" content=\"index, follow, max-snippet:-1, max-image-preview:large, max-video-preview:-1\" \/>\n<link rel=\"canonical\" href=\"https:\/\/koningdrone.be\/fr\/produit\/dji-skyport-v3-adapter-set\/\" \/>\n<meta property=\"og:locale\" content=\"fr_FR\" \/>\n<meta property=\"og:type\" content=\"article\" \/>\n<meta property=\"og:title\" content=\"DJI SKYPORT V3 Adapter Set\" \/>\n<meta property=\"og:description\" content=\"Naadloze integratie van Payload SDK-compatibele sensoren en modules  Betrouwbare stroom- en dataverbinding via de DJI SkyPort V3 interface  Inclusief DJI SDK-gecertificeerde chip voor veilige authenticatie  Snelle montage en demontage van payloads voor effici\u00ebnte operaties  Ideaal voor inspectie, mapping, industri\u00eble toepassingen en R&amp;D\" \/>\n<meta property=\"og:url\" content=\"https:\/\/koningdrone.be\/fr\/produit\/dji-skyport-v3-adapter-set\/\" \/>\n<meta property=\"og:site_name\" content=\"koningdrone.be\" \/>\n<meta property=\"article:modified_time\" content=\"2026-04-29T12:50:28+00:00\" \/>\n<meta property=\"og:image\" content=\"https:\/\/koningdrone.be\/wp-content\/uploads\/sites\/13\/2026\/03\/DJI-SKYPORT-V3-Adapter-Set.webp\" \/>\n\t<meta property=\"og:image:width\" content=\"2048\" \/>\n\t<meta property=\"og:image:height\" content=\"2048\" \/>\n\t<meta property=\"og:image:type\" content=\"image\/webp\" \/>\n<meta name=\"twitter:card\" content=\"summary_large_image\" \/>\n<meta name=\"twitter:label1\" content=\"Dur\u00e9e de lecture est.\" \/>\n\t<meta name=\"twitter:data1\" content=\"1 minute\" \/>\n<script type=\"application\/ld+json\" class=\"yoast-schema-graph\">{\"@context\":\"https:\/\/schema.org\",\"@graph\":[{\"@type\":\"WebPage\",\"@id\":\"https:\/\/koningdrone.be\/product\/dji-skyport-v3-adapter-set\/\",\"url\":\"https:\/\/koningdrone.be\/product\/dji-skyport-v3-adapter-set\/\",\"name\":\"DJI SKYPORT V3 Adapter Set - koningdrone.be\",\"isPartOf\":{\"@id\":\"https:\/\/koningdrone.be\/#website\"},\"primaryImageOfPage\":{\"@id\":\"https:\/\/koningdrone.be\/product\/dji-skyport-v3-adapter-set\/#primaryimage\"},\"image\":{\"@id\":\"https:\/\/koningdrone.be\/product\/dji-skyport-v3-adapter-set\/#primaryimage\"},\"thumbnailUrl\":\"https:\/\/koningdrone.be\/wp-content\/uploads\/sites\/13\/2026\/03\/DJI-SKYPORT-V3-Adapter-Set.webp\",\"datePublished\":\"2026-03-20T10:50:50+00:00\",\"dateModified\":\"2026-04-29T12:50:28+00:00\",\"breadcrumb\":{\"@id\":\"https:\/\/koningdrone.be\/product\/dji-skyport-v3-adapter-set\/#breadcrumb\"},\"inLanguage\":\"fr-BE\",\"potentialAction\":[{\"@type\":\"ReadAction\",\"target\":[\"https:\/\/koningdrone.be\/product\/dji-skyport-v3-adapter-set\/\"]}]},{\"@type\":\"ImageObject\",\"inLanguage\":\"fr-BE\",\"@id\":\"https:\/\/koningdrone.be\/product\/dji-skyport-v3-adapter-set\/#primaryimage\",\"url\":\"https:\/\/koningdrone.be\/wp-content\/uploads\/sites\/13\/2026\/03\/DJI-SKYPORT-V3-Adapter-Set.webp\",\"contentUrl\":\"https:\/\/koningdrone.be\/wp-content\/uploads\/sites\/13\/2026\/03\/DJI-SKYPORT-V3-Adapter-Set.webp\",\"width\":2048,\"height\":2048},{\"@type\":\"BreadcrumbList\",\"@id\":\"https:\/\/koningdrone.be\/product\/dji-skyport-v3-adapter-set\/#breadcrumb\",\"itemListElement\":[{\"@type\":\"ListItem\",\"position\":1,\"name\":\"Home\",\"item\":\"https:\/\/koningdrone.be\/\"},{\"@type\":\"ListItem\",\"position\":2,\"name\":\"AVSS Parachute Recovery System for DJI Matrice 300\/350\",\"item\":\"https:\/\/koningdrone.be\/product\/avss-parachute-recovery-system-for-dji-matrice-300-350\/\"},{\"@type\":\"ListItem\",\"position\":3,\"name\":\"DJI Matrice 400\",\"item\":\"https:\/\/koningdrone.be\/categorie\/dji-matrice-400\/\"},{\"@type\":\"ListItem\",\"position\":4,\"name\":\"DJI SKYPORT V3 Adapter Set\"}]},{\"@type\":\"WebSite\",\"@id\":\"https:\/\/koningdrone.be\/#website\",\"url\":\"https:\/\/koningdrone.be\/\",\"name\":\"Koningdrone.be - Uw online specialist in drones, gimbals, camera's en power stations.\",\"description\":\"De webshop in drones en gimbals\",\"publisher\":{\"@id\":\"https:\/\/koningdrone.be\/#organization\"},\"potentialAction\":[{\"@type\":\"SearchAction\",\"target\":{\"@type\":\"EntryPoint\",\"urlTemplate\":\"https:\/\/koningdrone.be\/?s={search_term_string}\"},\"query-input\":{\"@type\":\"PropertyValueSpecification\",\"valueRequired\":true,\"valueName\":\"search_term_string\"}}],\"inLanguage\":\"fr-BE\"},{\"@type\":\"Organization\",\"@id\":\"https:\/\/koningdrone.be\/#organization\",\"name\":\"Koningdrone.be\",\"url\":\"https:\/\/koningdrone.be\/\",\"logo\":{\"@type\":\"ImageObject\",\"inLanguage\":\"fr-BE\",\"@id\":\"https:\/\/koningdrone.be\/#\/schema\/logo\/image\/\",\"url\":\"https:\/\/koningdrone.be\/wp-content\/uploads\/sites\/13\/2025\/04\/koningdrone-copyright-logo.svg\",\"contentUrl\":\"https:\/\/koningdrone.be\/wp-content\/uploads\/sites\/13\/2025\/04\/koningdrone-copyright-logo.svg\",\"width\":227,\"height\":38,\"caption\":\"Koningdrone.be\"},\"image\":{\"@id\":\"https:\/\/koningdrone.be\/#\/schema\/logo\/image\/\"}}]}<\/script>\n<!-- \/ Yoast SEO Premium plugin. -->","yoast_head_json":{"title":"DJI SKYPORT V3 Adapter Set - koningdrone.be","robots":{"index":"index","follow":"follow","max-snippet":"max-snippet:-1","max-image-preview":"max-image-preview:large","max-video-preview":"max-video-preview:-1"},"canonical":"https:\/\/koningdrone.be\/fr\/produit\/dji-skyport-v3-adapter-set\/","og_locale":"fr_FR","og_type":"article","og_title":"DJI SKYPORT V3 Adapter Set","og_description":"Naadloze integratie van Payload SDK-compatibele sensoren en modules  Betrouwbare stroom- en dataverbinding via de DJI SkyPort V3 interface  Inclusief DJI SDK-gecertificeerde chip voor veilige authenticatie  Snelle montage en demontage van payloads voor effici\u00ebnte operaties  Ideaal voor inspectie, mapping, industri\u00eble toepassingen en R&amp;D","og_url":"https:\/\/koningdrone.be\/fr\/produit\/dji-skyport-v3-adapter-set\/","og_site_name":"koningdrone.be","article_modified_time":"2026-04-29T12:50:28+00:00","og_image":[{"width":2048,"height":2048,"url":"https:\/\/koningdrone.be\/wp-content\/uploads\/sites\/13\/2026\/03\/DJI-SKYPORT-V3-Adapter-Set.webp","type":"image\/webp"}],"twitter_card":"summary_large_image","twitter_misc":{"Dur\u00e9e de lecture est.":"1 minute"},"schema":{"@context":"https:\/\/schema.org","@graph":[{"@type":"WebPage","@id":"https:\/\/koningdrone.be\/product\/dji-skyport-v3-adapter-set\/","url":"https:\/\/koningdrone.be\/product\/dji-skyport-v3-adapter-set\/","name":"DJI SKYPORT V3 Adapter Set - koningdrone.be","isPartOf":{"@id":"https:\/\/koningdrone.be\/#website"},"primaryImageOfPage":{"@id":"https:\/\/koningdrone.be\/product\/dji-skyport-v3-adapter-set\/#primaryimage"},"image":{"@id":"https:\/\/koningdrone.be\/product\/dji-skyport-v3-adapter-set\/#primaryimage"},"thumbnailUrl":"https:\/\/koningdrone.be\/wp-content\/uploads\/sites\/13\/2026\/03\/DJI-SKYPORT-V3-Adapter-Set.webp","datePublished":"2026-03-20T10:50:50+00:00","dateModified":"2026-04-29T12:50:28+00:00","breadcrumb":{"@id":"https:\/\/koningdrone.be\/product\/dji-skyport-v3-adapter-set\/#breadcrumb"},"inLanguage":"fr-BE","potentialAction":[{"@type":"ReadAction","target":["https:\/\/koningdrone.be\/product\/dji-skyport-v3-adapter-set\/"]}]},{"@type":"ImageObject","inLanguage":"fr-BE","@id":"https:\/\/koningdrone.be\/product\/dji-skyport-v3-adapter-set\/#primaryimage","url":"https:\/\/koningdrone.be\/wp-content\/uploads\/sites\/13\/2026\/03\/DJI-SKYPORT-V3-Adapter-Set.webp","contentUrl":"https:\/\/koningdrone.be\/wp-content\/uploads\/sites\/13\/2026\/03\/DJI-SKYPORT-V3-Adapter-Set.webp","width":2048,"height":2048},{"@type":"BreadcrumbList","@id":"https:\/\/koningdrone.be\/product\/dji-skyport-v3-adapter-set\/#breadcrumb","itemListElement":[{"@type":"ListItem","position":1,"name":"Home","item":"https:\/\/koningdrone.be\/"},{"@type":"ListItem","position":2,"name":"AVSS Parachute Recovery System for DJI Matrice 300\/350","item":"https:\/\/koningdrone.be\/product\/avss-parachute-recovery-system-for-dji-matrice-300-350\/"},{"@type":"ListItem","position":3,"name":"DJI Matrice 400","item":"https:\/\/koningdrone.be\/categorie\/dji-matrice-400\/"},{"@type":"ListItem","position":4,"name":"DJI SKYPORT V3 Adapter Set"}]},{"@type":"WebSite","@id":"https:\/\/koningdrone.be\/#website","url":"https:\/\/koningdrone.be\/","name":"Koningdrone.be - Votre sp\u00e9cialiste en ligne en mati\u00e8re de drones, de cardans, de cam\u00e9ras et de centrales \u00e9lectriques.","description":"La boutique en ligne de drones et de cardans","publisher":{"@id":"https:\/\/koningdrone.be\/#organization"},"potentialAction":[{"@type":"SearchAction","target":{"@type":"EntryPoint","urlTemplate":"https:\/\/koningdrone.be\/?s={search_term_string}"},"query-input":{"@type":"PropertyValueSpecification","valueRequired":true,"valueName":"search_term_string"}}],"inLanguage":"fr-BE"},{"@type":"Organization","@id":"https:\/\/koningdrone.be\/#organization","name":"Kingdrone.co.uk","url":"https:\/\/koningdrone.be\/","logo":{"@type":"ImageObject","inLanguage":"fr-BE","@id":"https:\/\/koningdrone.be\/#\/schema\/logo\/image\/","url":"https:\/\/koningdrone.be\/wp-content\/uploads\/sites\/13\/2025\/04\/koningdrone-copyright-logo.svg","contentUrl":"https:\/\/koningdrone.be\/wp-content\/uploads\/sites\/13\/2025\/04\/koningdrone-copyright-logo.svg","width":227,"height":38,"caption":"Koningdrone.be"},"image":{"@id":"https:\/\/koningdrone.be\/#\/schema\/logo\/image\/"}}]}},"df_price":390,"df_sale_price":"","df_regular_price":390,"df_image_link":"https:\/\/koningdrone.be\/wp-content\/uploads\/sites\/13\/2026\/03\/DJI-SKYPORT-V3-Adapter-Set-300x300.webp","_links":{"self":[{"href":"https:\/\/koningdrone.be\/fr\/wp-json\/wp\/v2\/product\/17266","targetHints":{"allow":["GET"]}}],"collection":[{"href":"https:\/\/koningdrone.be\/fr\/wp-json\/wp\/v2\/product"}],"about":[{"href":"https:\/\/koningdrone.be\/fr\/wp-json\/wp\/v2\/types\/product"}],"wp:featuredmedia":[{"embeddable":true,"href":"https:\/\/koningdrone.be\/fr\/wp-json\/wp\/v2\/media\/17262"}],"wp:attachment":[{"href":"https:\/\/koningdrone.be\/fr\/wp-json\/wp\/v2\/media?parent=17266"}],"wp:term":[{"taxonomy":"product_brand","embeddable":true,"href":"https:\/\/koningdrone.be\/fr\/wp-json\/wp\/v2\/product_brand?post=17266"},{"taxonomy":"product_cat","embeddable":true,"href":"https:\/\/koningdrone.be\/fr\/wp-json\/wp\/v2\/product_cat?post=17266"},{"taxonomy":"product_tag","embeddable":true,"href":"https:\/\/koningdrone.be\/fr\/wp-json\/wp\/v2\/product_tag?post=17266"}],"curies":[{"name":"wp","href":"https:\/\/api.w.org\/{rel}","templated":true}]}}