{"id":17261,"date":"2026-03-22T21:30:24","date_gmt":"2026-03-22T20:30:24","guid":{"rendered":"https:\/\/koningdrone.be\/?post_type=product&#038;p=17261"},"modified":"2026-04-29T03:31:00","modified_gmt":"2026-04-29T01:31:00","slug":"dji-zenmuse-l3-eu-sp-plus","status":"publish","type":"product","link":"https:\/\/koningdrone.be\/fr\/produit\/dji-zenmuse-l3-eu-sp-plus\/","title":{"rendered":"DJI Zenmuse L3 (EU) SP Plus"},"content":{"rendered":"<h3>DJI Zenmuse L3 (EU) SP Plus : la nouvelle dimension de la cartographie LiDAR de haute pr\u00e9cision<\/h3>\n<p><iframe loading=\"lazy\" title=\"Il s&#039;agit du DJI Zenmuse L3\" width=\"800\" height=\"450\" src=\"https:\/\/www.youtube.com\/embed\/j4JBzGddVgQ?feature=oembed&#038;enablejsapi=1&#038;origin=https:\/\/koningdrone.be\" frameborder=\"0\" allow=\"accelerometer; autoplay; clipboard-write; encrypted-media; gyroscope; picture-in-picture; web-share\" referrerpolicy=\"strict-origin-when-cross-origin\" allowfullscreen><\/iframe><\/p>\n<p style=\"margin: 20px 0\">Le <strong>DJI Zenmuse L3 (EU) SP Plus<\/strong> marque une rupture technologique dans le monde de l'acquisition de donn\u00e9es g\u00e9ospatiales. Ce syst\u00e8me n'est pas simplement un capteur, mais une centrale de cartographie tout-en-un qui brouille les fronti\u00e8res entre le LiDAR et la photogramm\u00e9trie. En associant un capteur LiDAR de haute pr\u00e9cision de 1535 nm \u00e0 un double r\u00e9seau de cam\u00e9ras de 100 MP, le L3 offre un niveau de d\u00e9tail jusqu'alors inaccessible en un seul vol. Con\u00e7ue pour les professionnels les plus exigeants de la g\u00e9od\u00e9sie, du g\u00e9nie civil et de la gestion foresti\u00e8re, cette plateforme offre l'int\u00e9grit\u00e9 des donn\u00e9es n\u00e9cessaire aux jumeaux num\u00e9riques de demain.<\/p>\n<p><a href=\"https:\/\/koningdrone.nl\/wp-content\/uploads\/2026\/03\/DJI-Zenmuse-L3-EU-SP-Plus.webp\"><img loading=\"lazy\" decoding=\"async\" class=\"aligncenter wp-image-467495 size-full\" src=\"https:\/\/koningdrone.nl\/wp-content\/uploads\/2026\/03\/DJI-Zenmuse-L3-EU-SP-Plus.webp\" alt=\"DJI Zenmuse L3 (EU) SP Plus\" width=\"1200\" height=\"800\" \/><\/a><\/p>\n<h4>Perception illimit\u00e9e et densit\u00e9 de points sans pr\u00e9c\u00e9dent<\/h4>\n<p>Au c\u0153ur de la Zenmuse L3 se trouve un puissant module LiDAR fonctionnant sur la base du syst\u00e8me d'acquisition de donn\u00e9es de l'entreprise. <strong>Longueur d'onde de 1535 nm<\/strong>, Le syst\u00e8me de d\u00e9tection de l'eau de pluie permet une p\u00e9n\u00e9tration sup\u00e9rieure \u00e0 travers la v\u00e9g\u00e9tation dense et une port\u00e9e de d\u00e9tection impressionnante allant jusqu'\u00e0 <strong>950 m\u00e8tres<\/strong>. M\u00eame sur des objets \u00e0 tr\u00e8s faible r\u00e9flectivit\u00e9 (10%), le syst\u00e8me conserve sa pr\u00e9cision. Avec une capacit\u00e9 de <strong>2 millions d'impulsions laser par seconde<\/strong> et un soutien pour jusqu'\u00e0 <strong>16 retours<\/strong>, Le L3 g\u00e9n\u00e8re un nuage de points hyperd\u00e9taill\u00e9. Le syst\u00e8me est donc parfaitement adapt\u00e9 \u00e0 l'extraction de mod\u00e8les de terrain pr\u00e9cis (MNT) dans des zones complexes et bois\u00e9es o\u00f9 les capteurs traditionnels \u00e9chouent.<\/p>\n<p><a href=\"https:\/\/koningdrone.nl\/wp-content\/uploads\/2026\/03\/Product-DJI-Zenmuse-L3-EU-SP-Plus.webp\"><img loading=\"lazy\" decoding=\"async\" class=\"size-medium wp-image-467493 aligncenter\" src=\"https:\/\/koningdrone.nl\/wp-content\/uploads\/2026\/03\/Product-DJI-Zenmuse-L3-EU-SP-Plus-300x300.webp\" alt=\"Product DJI Zenmuse L3 (EU) SP Plus\" width=\"300\" height=\"300\" \/><\/a><\/p>\n<h4>Architecture de cartographie double de 100 MP<\/h4>\n<p>Ce qui rend le L3 SP Plus unique, c'est l'int\u00e9gration des \u00e9l\u00e9ments suivants <strong>deux cam\u00e9ras de cartographie RVB de 100 MP<\/strong>. \u00c9quip\u00e9s d'obturateurs m\u00e9caniques, ces capteurs \u00e9liminent tout type de distorsion due au roulement de l'obturateur, ce qui est crucial pour la pr\u00e9cision photogramm\u00e9trique \u00e0 des vitesses de vol \u00e9lev\u00e9es. Avec un champ de vision horizontal de <strong>107\u00b0<\/strong> le syst\u00e8me capture une vaste zone \u00e0 chaque passage et colore directement les donn\u00e9es LiDAR avec des textures \u00e0 haute r\u00e9solution. Cela permet aux utilisateurs de g\u00e9n\u00e9rer simultan\u00e9ment des nuages de points, des orthophotos et des mod\u00e8les num\u00e9riques d'\u00e9l\u00e9vation (DEM\/DSM) de qualit\u00e9 industrielle \u00e0 partir d'un seul jeu de donn\u00e9es.<\/p>\n<h4>Int\u00e9gration industrielle et efficacit\u00e9 des flux de travail<\/h4>\n<p>La Zenmuse L3 est con\u00e7ue pour les environnements professionnels les plus difficiles. Le bo\u00eetier robuste et compact est mont\u00e9 sur un support extr\u00eamement stable. <strong>Rotule \u00e0 3 axes<\/strong>, qui corrige parfaitement les vibrations et les mouvements inattendus pour obtenir des donn\u00e9es d'une grande nettet\u00e9. Le syst\u00e8me est parfaitement int\u00e9gr\u00e9 au syst\u00e8me <strong>DJI Matrice 400<\/strong>, La configuration SP Plus permet de r\u00e9aliser des projets g\u00e9ospatiaux \u00e0 grande \u00e9chelle avec une fraction de l'effort habituel. La configuration SP Plus permet de rationaliser le flux de travail, de l'acquisition des donn\u00e9es au post-traitement, ce qui permet aux organisations de gagner un temps pr\u00e9cieux et de r\u00e9duire consid\u00e9rablement les co\u00fbts op\u00e9rationnels par kilom\u00e8tre carr\u00e9.<\/p>","protected":false},"excerpt":{"rendered":"<ul>\n<li>Capteur LiDAR \u00e0 longue port\u00e9e avec une plage de d\u00e9tection allant jusqu'\u00e0 950 m, m\u00eame en cas de faible r\u00e9flectivit\u00e9<\/li>\n<li>Deux cam\u00e9ras de cartographie RVB de 100 MP avec un large champ de vision de 107\u00b0 pour des donn\u00e9es d'image \u00e0 haute r\u00e9solution<\/li>\n<li>Prise en charge de 2 millions d'impulsions par seconde et de 16 retours pour une densit\u00e9 \u00e9lev\u00e9e de nuages de points<\/li>\n<li>G\u00e9n\u00e9ration de livrables multiples tels que DOM, DEM, DSM en un seul vol<\/li>\n<li>Int\u00e9gration transparente avec les drones d'entreprise et les logiciels de gestion des flux de travail de DJI (DJI Pilot 2, Terra, FlightHub)<\/li>\n<\/ul>","protected":false},"featured_media":17255,"template":"","meta":{"_acf_changed":false},"product_brand":[],"product_cat":[1776],"product_tag":[],"class_list":{"0":"post-17261","1":"product","2":"type-product","3":"status-publish","4":"has-post-thumbnail","6":"product_cat-dji-zenmuse-l3","7":"product_shipping_class-uavspacesall","8":"pa_brand-dji","9":"pa_producttype-bedrijfscamera-payload","10":"pa_series-zenmuse","12":"first","13":"instock","14":"taxable","15":"shipping-taxable","16":"purchasable","17":"product-type-simple"},"acf":[],"yoast_head":"<!-- This site is optimized with the Yoast SEO Premium plugin v27.2 (Yoast SEO v27.2) - https:\/\/yoast.com\/product\/yoast-seo-premium-wordpress\/ -->\n<title>DJI Zenmuse L3 (EU) SP Plus - koningdrone.be<\/title>\n<meta name=\"robots\" content=\"index, follow, max-snippet:-1, max-image-preview:large, max-video-preview:-1\" \/>\n<link rel=\"canonical\" href=\"https:\/\/koningdrone.be\/fr\/produit\/dji-zenmuse-l3-eu-sp-plus\/\" \/>\n<meta property=\"og:locale\" content=\"fr_FR\" \/>\n<meta property=\"og:type\" content=\"article\" \/>\n<meta property=\"og:title\" content=\"DJI Zenmuse L3 (EU) SP Plus\" \/>\n<meta property=\"og:description\" content=\"LiDAR\u2011sensor met lange afstand tot 950\u202fm detectiebereik, zelfs op lage reflectiviteit  Dual 100\u202fMP RGB mappingcamera\u2019s met brede 107\u00b0 gezichtsveld voor hoge resolutie beelddata  Ondersteuning tot 2 miljoen pulsen per seconde en tot 16 returns voor hoge puntenwolk\u2011densiteit  Genereren van meerdere deliverables zoals DOM, DEM, DSM in \u00e9\u00e9n vlucht  Naadloze integratie met DJI enterprise\u2011drones en softwareworkflow (DJI Pilot 2, Terra, FlightHub)\" \/>\n<meta property=\"og:url\" content=\"https:\/\/koningdrone.be\/fr\/produit\/dji-zenmuse-l3-eu-sp-plus\/\" \/>\n<meta property=\"og:site_name\" content=\"koningdrone.be\" \/>\n<meta property=\"article:modified_time\" content=\"2026-04-29T01:31:00+00:00\" \/>\n<meta property=\"og:image\" content=\"https:\/\/koningdrone.be\/wp-content\/uploads\/sites\/13\/2026\/03\/DJI-Zenmuse-L3-EU-SP-Plus-Product.webp\" \/>\n\t<meta property=\"og:image:width\" content=\"2048\" \/>\n\t<meta property=\"og:image:height\" content=\"2048\" \/>\n\t<meta property=\"og:image:type\" content=\"image\/webp\" \/>\n<meta name=\"twitter:card\" content=\"summary_large_image\" \/>\n<meta name=\"twitter:label1\" content=\"Dur\u00e9e de lecture est.\" \/>\n\t<meta name=\"twitter:data1\" content=\"2 minutes\" \/>\n<script type=\"application\/ld+json\" class=\"yoast-schema-graph\">{\"@context\":\"https:\/\/schema.org\",\"@graph\":[{\"@type\":\"WebPage\",\"@id\":\"https:\/\/koningdrone.be\/product\/dji-zenmuse-l3-eu-sp-plus\/\",\"url\":\"https:\/\/koningdrone.be\/product\/dji-zenmuse-l3-eu-sp-plus\/\",\"name\":\"DJI Zenmuse L3 (EU) SP Plus - koningdrone.be\",\"isPartOf\":{\"@id\":\"https:\/\/koningdrone.be\/#website\"},\"primaryImageOfPage\":{\"@id\":\"https:\/\/koningdrone.be\/product\/dji-zenmuse-l3-eu-sp-plus\/#primaryimage\"},\"image\":{\"@id\":\"https:\/\/koningdrone.be\/product\/dji-zenmuse-l3-eu-sp-plus\/#primaryimage\"},\"thumbnailUrl\":\"https:\/\/koningdrone.be\/wp-content\/uploads\/sites\/13\/2026\/03\/DJI-Zenmuse-L3-EU-SP-Plus-Product.webp\",\"datePublished\":\"2026-03-22T20:30:24+00:00\",\"dateModified\":\"2026-04-29T01:31:00+00:00\",\"breadcrumb\":{\"@id\":\"https:\/\/koningdrone.be\/product\/dji-zenmuse-l3-eu-sp-plus\/#breadcrumb\"},\"inLanguage\":\"fr-BE\",\"potentialAction\":[{\"@type\":\"ReadAction\",\"target\":[\"https:\/\/koningdrone.be\/product\/dji-zenmuse-l3-eu-sp-plus\/\"]}]},{\"@type\":\"ImageObject\",\"inLanguage\":\"fr-BE\",\"@id\":\"https:\/\/koningdrone.be\/product\/dji-zenmuse-l3-eu-sp-plus\/#primaryimage\",\"url\":\"https:\/\/koningdrone.be\/wp-content\/uploads\/sites\/13\/2026\/03\/DJI-Zenmuse-L3-EU-SP-Plus-Product.webp\",\"contentUrl\":\"https:\/\/koningdrone.be\/wp-content\/uploads\/sites\/13\/2026\/03\/DJI-Zenmuse-L3-EU-SP-Plus-Product.webp\",\"width\":2048,\"height\":2048},{\"@type\":\"BreadcrumbList\",\"@id\":\"https:\/\/koningdrone.be\/product\/dji-zenmuse-l3-eu-sp-plus\/#breadcrumb\",\"itemListElement\":[{\"@type\":\"ListItem\",\"position\":1,\"name\":\"Home\",\"item\":\"https:\/\/koningdrone.be\/\"},{\"@type\":\"ListItem\",\"position\":2,\"name\":\"AVSS Parachute Recovery System for DJI Matrice 300\/350\",\"item\":\"https:\/\/koningdrone.be\/product\/avss-parachute-recovery-system-for-dji-matrice-300-350\/\"},{\"@type\":\"ListItem\",\"position\":3,\"name\":\"DJI Zenmuse L3\",\"item\":\"https:\/\/koningdrone.be\/categorie\/dji-zenmuse-l3\/\"},{\"@type\":\"ListItem\",\"position\":4,\"name\":\"DJI Zenmuse L3 (EU) SP Plus\"}]},{\"@type\":\"WebSite\",\"@id\":\"https:\/\/koningdrone.be\/#website\",\"url\":\"https:\/\/koningdrone.be\/\",\"name\":\"Koningdrone.be - Uw online specialist in drones, gimbals, camera's en power stations.\",\"description\":\"De webshop in drones en gimbals\",\"publisher\":{\"@id\":\"https:\/\/koningdrone.be\/#organization\"},\"potentialAction\":[{\"@type\":\"SearchAction\",\"target\":{\"@type\":\"EntryPoint\",\"urlTemplate\":\"https:\/\/koningdrone.be\/?s={search_term_string}\"},\"query-input\":{\"@type\":\"PropertyValueSpecification\",\"valueRequired\":true,\"valueName\":\"search_term_string\"}}],\"inLanguage\":\"fr-BE\"},{\"@type\":\"Organization\",\"@id\":\"https:\/\/koningdrone.be\/#organization\",\"name\":\"Koningdrone.be\",\"url\":\"https:\/\/koningdrone.be\/\",\"logo\":{\"@type\":\"ImageObject\",\"inLanguage\":\"fr-BE\",\"@id\":\"https:\/\/koningdrone.be\/#\/schema\/logo\/image\/\",\"url\":\"https:\/\/koningdrone.be\/wp-content\/uploads\/sites\/13\/2025\/04\/koningdrone-copyright-logo.svg\",\"contentUrl\":\"https:\/\/koningdrone.be\/wp-content\/uploads\/sites\/13\/2025\/04\/koningdrone-copyright-logo.svg\",\"width\":227,\"height\":38,\"caption\":\"Koningdrone.be\"},\"image\":{\"@id\":\"https:\/\/koningdrone.be\/#\/schema\/logo\/image\/\"}}]}<\/script>\n<!-- \/ Yoast SEO Premium plugin. -->","yoast_head_json":{"title":"DJI Zenmuse L3 (EU) SP Plus - koningdrone.be","robots":{"index":"index","follow":"follow","max-snippet":"max-snippet:-1","max-image-preview":"max-image-preview:large","max-video-preview":"max-video-preview:-1"},"canonical":"https:\/\/koningdrone.be\/fr\/produit\/dji-zenmuse-l3-eu-sp-plus\/","og_locale":"fr_FR","og_type":"article","og_title":"DJI Zenmuse L3 (EU) SP Plus","og_description":"LiDAR\u2011sensor met lange afstand tot 950\u202fm detectiebereik, zelfs op lage reflectiviteit  Dual 100\u202fMP RGB mappingcamera\u2019s met brede 107\u00b0 gezichtsveld voor hoge resolutie beelddata  Ondersteuning tot 2 miljoen pulsen per seconde en tot 16 returns voor hoge puntenwolk\u2011densiteit  Genereren van meerdere deliverables zoals DOM, DEM, DSM in \u00e9\u00e9n vlucht  Naadloze integratie met DJI enterprise\u2011drones en softwareworkflow (DJI Pilot 2, Terra, FlightHub)","og_url":"https:\/\/koningdrone.be\/fr\/produit\/dji-zenmuse-l3-eu-sp-plus\/","og_site_name":"koningdrone.be","article_modified_time":"2026-04-29T01:31:00+00:00","og_image":[{"width":2048,"height":2048,"url":"https:\/\/koningdrone.be\/wp-content\/uploads\/sites\/13\/2026\/03\/DJI-Zenmuse-L3-EU-SP-Plus-Product.webp","type":"image\/webp"}],"twitter_card":"summary_large_image","twitter_misc":{"Dur\u00e9e de lecture est.":"2 minutes"},"schema":{"@context":"https:\/\/schema.org","@graph":[{"@type":"WebPage","@id":"https:\/\/koningdrone.be\/product\/dji-zenmuse-l3-eu-sp-plus\/","url":"https:\/\/koningdrone.be\/product\/dji-zenmuse-l3-eu-sp-plus\/","name":"DJI Zenmuse L3 (EU) SP Plus - koningdrone.be","isPartOf":{"@id":"https:\/\/koningdrone.be\/#website"},"primaryImageOfPage":{"@id":"https:\/\/koningdrone.be\/product\/dji-zenmuse-l3-eu-sp-plus\/#primaryimage"},"image":{"@id":"https:\/\/koningdrone.be\/product\/dji-zenmuse-l3-eu-sp-plus\/#primaryimage"},"thumbnailUrl":"https:\/\/koningdrone.be\/wp-content\/uploads\/sites\/13\/2026\/03\/DJI-Zenmuse-L3-EU-SP-Plus-Product.webp","datePublished":"2026-03-22T20:30:24+00:00","dateModified":"2026-04-29T01:31:00+00:00","breadcrumb":{"@id":"https:\/\/koningdrone.be\/product\/dji-zenmuse-l3-eu-sp-plus\/#breadcrumb"},"inLanguage":"fr-BE","potentialAction":[{"@type":"ReadAction","target":["https:\/\/koningdrone.be\/product\/dji-zenmuse-l3-eu-sp-plus\/"]}]},{"@type":"ImageObject","inLanguage":"fr-BE","@id":"https:\/\/koningdrone.be\/product\/dji-zenmuse-l3-eu-sp-plus\/#primaryimage","url":"https:\/\/koningdrone.be\/wp-content\/uploads\/sites\/13\/2026\/03\/DJI-Zenmuse-L3-EU-SP-Plus-Product.webp","contentUrl":"https:\/\/koningdrone.be\/wp-content\/uploads\/sites\/13\/2026\/03\/DJI-Zenmuse-L3-EU-SP-Plus-Product.webp","width":2048,"height":2048},{"@type":"BreadcrumbList","@id":"https:\/\/koningdrone.be\/product\/dji-zenmuse-l3-eu-sp-plus\/#breadcrumb","itemListElement":[{"@type":"ListItem","position":1,"name":"Home","item":"https:\/\/koningdrone.be\/"},{"@type":"ListItem","position":2,"name":"AVSS Parachute Recovery System for DJI Matrice 300\/350","item":"https:\/\/koningdrone.be\/product\/avss-parachute-recovery-system-for-dji-matrice-300-350\/"},{"@type":"ListItem","position":3,"name":"DJI Zenmuse L3","item":"https:\/\/koningdrone.be\/categorie\/dji-zenmuse-l3\/"},{"@type":"ListItem","position":4,"name":"DJI Zenmuse L3 (EU) SP Plus"}]},{"@type":"WebSite","@id":"https:\/\/koningdrone.be\/#website","url":"https:\/\/koningdrone.be\/","name":"Koningdrone.be - Votre sp\u00e9cialiste en ligne en mati\u00e8re de drones, de cardans, de cam\u00e9ras et de centrales \u00e9lectriques.","description":"La boutique en ligne de drones et de cardans","publisher":{"@id":"https:\/\/koningdrone.be\/#organization"},"potentialAction":[{"@type":"SearchAction","target":{"@type":"EntryPoint","urlTemplate":"https:\/\/koningdrone.be\/?s={search_term_string}"},"query-input":{"@type":"PropertyValueSpecification","valueRequired":true,"valueName":"search_term_string"}}],"inLanguage":"fr-BE"},{"@type":"Organization","@id":"https:\/\/koningdrone.be\/#organization","name":"Kingdrone.co.uk","url":"https:\/\/koningdrone.be\/","logo":{"@type":"ImageObject","inLanguage":"fr-BE","@id":"https:\/\/koningdrone.be\/#\/schema\/logo\/image\/","url":"https:\/\/koningdrone.be\/wp-content\/uploads\/sites\/13\/2025\/04\/koningdrone-copyright-logo.svg","contentUrl":"https:\/\/koningdrone.be\/wp-content\/uploads\/sites\/13\/2025\/04\/koningdrone-copyright-logo.svg","width":227,"height":38,"caption":"Koningdrone.be"},"image":{"@id":"https:\/\/koningdrone.be\/#\/schema\/logo\/image\/"}}]}},"df_price":12753,"df_sale_price":"","df_regular_price":12753,"df_image_link":"https:\/\/koningdrone.be\/wp-content\/uploads\/sites\/13\/2026\/03\/DJI-Zenmuse-L3-EU-SP-Plus-Product-300x300.webp","_links":{"self":[{"href":"https:\/\/koningdrone.be\/fr\/wp-json\/wp\/v2\/product\/17261","targetHints":{"allow":["GET"]}}],"collection":[{"href":"https:\/\/koningdrone.be\/fr\/wp-json\/wp\/v2\/product"}],"about":[{"href":"https:\/\/koningdrone.be\/fr\/wp-json\/wp\/v2\/types\/product"}],"wp:featuredmedia":[{"embeddable":true,"href":"https:\/\/koningdrone.be\/fr\/wp-json\/wp\/v2\/media\/17255"}],"wp:attachment":[{"href":"https:\/\/koningdrone.be\/fr\/wp-json\/wp\/v2\/media?parent=17261"}],"wp:term":[{"taxonomy":"product_brand","embeddable":true,"href":"https:\/\/koningdrone.be\/fr\/wp-json\/wp\/v2\/product_brand?post=17261"},{"taxonomy":"product_cat","embeddable":true,"href":"https:\/\/koningdrone.be\/fr\/wp-json\/wp\/v2\/product_cat?post=17261"},{"taxonomy":"product_tag","embeddable":true,"href":"https:\/\/koningdrone.be\/fr\/wp-json\/wp\/v2\/product_tag?post=17261"}],"curies":[{"name":"wp","href":"https:\/\/api.w.org\/{rel}","templated":true}]}}