{"id":17250,"date":"2026-03-16T14:39:10","date_gmt":"2026-03-16T13:39:10","guid":{"rendered":"https:\/\/koningdrone.be\/?post_type=product&#038;p=17250"},"modified":"2026-04-29T04:30:28","modified_gmt":"2026-04-29T02:30:28","slug":"dji-matrice-4d-enterprise-rc-sp-eu-stand-alone-version","status":"publish","type":"product","link":"https:\/\/koningdrone.be\/fr\/produit\/dji-matrice-4d-enterprise-rc-sp-eu-stand-alone-version\/","title":{"rendered":"DJI Matrice 4D Enterprise RC SP EU (Version autonome)"},"content":{"rendered":"<h3>DJI Matrice 4D Enterprise RC SP EU : La nouvelle norme en mati\u00e8re de pr\u00e9cision g\u00e9ospatiale<\/h3>\n<p><iframe loading=\"lazy\" title=\"Matrice 4D Series - Le premier drone compact de DJI avec une protection contre l&#039;eau IP55\" width=\"800\" height=\"450\" src=\"https:\/\/www.youtube.com\/embed\/mr3sdcQ2PzA?start=3&#038;feature=oembed&#038;enablejsapi=1&#038;origin=https:\/\/koningdrone.be\" frameborder=\"0\" allow=\"accelerometer; autoplay; clipboard-write; encrypted-media; gyroscope; picture-in-picture; web-share\" referrerpolicy=\"strict-origin-when-cross-origin\" allowfullscreen><\/iframe><\/p>\n<p style=\"margin: 20px 0\">Le <strong>DJI Matrice 4D Enterprise RC SP EU<\/strong> est un chef-d'\u0153uvre technologique con\u00e7u pour les professionnels qui ne se contentent pas d'une pr\u00e9cision absolue. Cette plateforme est le choix id\u00e9al pour les missions complexes combinant la cartographie de pr\u00e9cision, les inspections d'infrastructures \u00e0 grande \u00e9chelle et les t\u00e2ches de s\u00e9curit\u00e9 publique. Int\u00e9grant un syst\u00e8me multicapteur haute performance \u00e0 un ch\u00e2ssis industriel, la Matrice 4D offre une fiabilit\u00e9 in\u00e9gal\u00e9e aux entreprises qui ont besoin de donn\u00e9es pr\u00e9cises et exploitables en temps r\u00e9el.<\/p>\n<p><a href=\"https:\/\/koningdrone.nl\/wp-content\/uploads\/2026\/03\/Product-DJI-Matrice-4D-Enterprise-RC-SP-EU.jpg\"><img loading=\"lazy\" decoding=\"async\" class=\"aligncenter wp-image-467484 size-full\" src=\"https:\/\/koningdrone.nl\/wp-content\/uploads\/2026\/03\/Product-DJI-Matrice-4D-Enterprise-RC-SP-EU.jpg\" alt=\"Product DJI Matrice 4D Enterprise RC SP EU\" width=\"1200\" height=\"800\" \/><\/a><\/p>\n<h4>Performances sup\u00e9rieures et port\u00e9e sans pr\u00e9c\u00e9dent<\/h4>\n<p>Avec un temps de vol impressionnant de pas moins de <strong>54 minutes<\/strong> la Matrice 4D repousse les limites de ce qui est possible au cours d'une seule mission. Gr\u00e2ce \u00e0 son rayon d'action d'environ <strong>10 km<\/strong> De vastes zones peuvent \u00eatre cartographi\u00e9es efficacement sans que l'op\u00e9rateur n'ait \u00e0 se d\u00e9placer \u00e0 plusieurs reprises. Le drone est dot\u00e9 d'algorithmes avanc\u00e9s pour un vol stationnaire stable et un contr\u00f4le intelligent de la mission. <strong>t\u00e9l\u00e9m\u00e8tre laser<\/strong> ajoute aux donn\u00e9es visuelles des informations cruciales sur la profondeur. Cela fait de l'appareil un partenaire indispensable pour les g\u00e9om\u00e8tres et les inspecteurs travaillant sur les sites les plus vastes.<\/p>\n<h4>Optique de haute qualit\u00e9 et perfection m\u00e9canique<\/h4>\n<p>Ce qui distingue la Matrice 4D Enterprise, c'est l'accent mis sur la qualit\u00e9 de l'image pour les applications g\u00e9ospatiales. La pr\u00e9sence d'un <strong>obturateur m\u00e9canique<\/strong> dans le syst\u00e8me de cam\u00e9ra \u00e9limine la distorsion \u201crolling shutter\u201d, qui est essentielle pour cr\u00e9er des orthophotos parfaites et des mod\u00e8les 3D d\u00e9taill\u00e9s pendant les vols \u00e0 grande vitesse. Combin\u00e9 aux puissants capteurs, ce syst\u00e8me permet d'obtenir des r\u00e9sultats qui r\u00e9pondent aux normes les plus strictes de l'industrie. Gr\u00e2ce \u00e0 la <strong>Classification IP55<\/strong> prot\u00e8ge le mat\u00e9riel de la poussi\u00e8re et de la pluie, garantissant ainsi un rendement constant m\u00eame dans des conditions m\u00e9t\u00e9orologiques moins favorables.<\/p>\n<p><a href=\"https:\/\/koningdrone.nl\/wp-content\/uploads\/2026\/03\/DJI-Matrice-4D-Enterprise-RC-SP-EU-Product.jpg\"><img loading=\"lazy\" decoding=\"async\" class=\"size-medium wp-image-467485 aligncenter\" src=\"https:\/\/koningdrone.nl\/wp-content\/uploads\/2026\/03\/DJI-Matrice-4D-Enterprise-RC-SP-EU-Product-300x300.jpg\" alt=\"DJI Matrice 4D Enterprise RC SP EU Product\" width=\"300\" height=\"300\" \/><\/a><\/p>\n<h4>Pourquoi la Matrice 4D Enterprise est essentielle<\/h4>\n<p>Pour les organisations qui cherchent \u00e0 acc\u00e9l\u00e9rer leur flux de travail sans sacrifier les d\u00e9tails, la DJI Matrice 4D Enterprise est la solution ultime. Sa collaboration transparente avec la <strong>Contr\u00f4leur DJI RC Plus 2 Enterprise<\/strong> offre une exp\u00e9rience de vol ergonomique et intuitive, que vous optiez pour des trajectoires enti\u00e8rement autonomes ou pour un contr\u00f4le manuel de haute pr\u00e9cision. Cette plateforme transforme la collecte de donn\u00e9es complexes en un processus rationalis\u00e9, ce qui vous permet d'obtenir des informations plus approfondies et de prendre de meilleures d\u00e9cisions plus rapidement.<\/p>","protected":false},"excerpt":{"rendered":"<ul>\n<li>Drone professionnel d'entreprise avec syst\u00e8me multicapteur int\u00e9gr\u00e9<\/li>\n<li>Jusqu'\u00e0 54 minutes d'autonomie de vol pour des missions prolong\u00e9es<\/li>\n<li>Protection IP55 contre la poussi\u00e8re et l'eau<\/li>\n<li>Contr\u00f4leur DJI RC Plus 2 Enterprise inclus<\/li>\n<li>Id\u00e9al pour la cartographie, les inspections et la collecte de donn\u00e9es d\u00e9taill\u00e9es<\/li>\n<\/ul>","protected":false},"featured_media":17248,"template":"","meta":{"_acf_changed":false},"product_brand":[],"product_cat":[1732],"product_tag":[],"class_list":{"0":"post-17250","1":"product","2":"type-product","3":"status-publish","4":"has-post-thumbnail","6":"product_cat-dji-matrice-4d","7":"product_shipping_class-dronelandall","8":"pa_brand-dji","9":"pa_producttype-enterprise-drone","10":"pa_series-matrice","12":"first","13":"instock","14":"taxable","15":"shipping-taxable","16":"purchasable","17":"product-type-simple"},"acf":[],"yoast_head":"<!-- This site is optimized with the Yoast SEO Premium plugin v27.2 (Yoast SEO v27.2) - https:\/\/yoast.com\/product\/yoast-seo-premium-wordpress\/ -->\n<title>DJI Matrice 4D Enterprise RC SP EU (Standalone version) - koningdrone.be<\/title>\n<meta name=\"robots\" content=\"index, follow, max-snippet:-1, max-image-preview:large, max-video-preview:-1\" \/>\n<link rel=\"canonical\" href=\"https:\/\/koningdrone.be\/fr\/produit\/dji-matrice-4d-enterprise-rc-sp-eu-stand-alone-version\/\" \/>\n<meta property=\"og:locale\" content=\"fr_FR\" \/>\n<meta property=\"og:type\" content=\"article\" \/>\n<meta property=\"og:title\" content=\"DJI Matrice 4D Enterprise RC SP EU (Standalone version)\" \/>\n<meta property=\"og:description\" content=\"Professionele enterprise\u2011drone met ge\u00efntegreerd multisensor\u2011systeem  Tot 54\u202fminuten vliegtijd voor uitgebreide missies  IP55\u2011bescherming tegen stof en water  DJI RC\u202fPlus\u202f2\u202fEnterprise\u2011controller inbegrepen  Ideaal voor mapping, inspecties en gedetailleerde gegevensverzameling\" \/>\n<meta property=\"og:url\" content=\"https:\/\/koningdrone.be\/fr\/produit\/dji-matrice-4d-enterprise-rc-sp-eu-stand-alone-version\/\" \/>\n<meta property=\"og:site_name\" content=\"koningdrone.be\" \/>\n<meta property=\"article:modified_time\" content=\"2026-04-29T02:30:28+00:00\" \/>\n<meta property=\"og:image\" content=\"https:\/\/koningdrone.be\/wp-content\/uploads\/sites\/13\/2026\/03\/DJI-Matrice-4D-Enterprise-RC-SP-EU.jpg\" \/>\n\t<meta property=\"og:image:width\" content=\"2048\" \/>\n\t<meta property=\"og:image:height\" content=\"2048\" \/>\n\t<meta property=\"og:image:type\" content=\"image\/jpeg\" \/>\n<meta name=\"twitter:card\" content=\"summary_large_image\" \/>\n<meta name=\"twitter:label1\" content=\"Dur\u00e9e de lecture est.\" \/>\n\t<meta name=\"twitter:data1\" content=\"2 minutes\" \/>\n<script type=\"application\/ld+json\" class=\"yoast-schema-graph\">{\"@context\":\"https:\/\/schema.org\",\"@graph\":[{\"@type\":\"WebPage\",\"@id\":\"https:\/\/koningdrone.be\/product\/dji-matrice-4d-enterprise-rc-sp-eu-stand-alone-version\/\",\"url\":\"https:\/\/koningdrone.be\/product\/dji-matrice-4d-enterprise-rc-sp-eu-stand-alone-version\/\",\"name\":\"DJI Matrice 4D Enterprise RC SP EU (Standalone version) - koningdrone.be\",\"isPartOf\":{\"@id\":\"https:\/\/koningdrone.be\/#website\"},\"primaryImageOfPage\":{\"@id\":\"https:\/\/koningdrone.be\/product\/dji-matrice-4d-enterprise-rc-sp-eu-stand-alone-version\/#primaryimage\"},\"image\":{\"@id\":\"https:\/\/koningdrone.be\/product\/dji-matrice-4d-enterprise-rc-sp-eu-stand-alone-version\/#primaryimage\"},\"thumbnailUrl\":\"https:\/\/koningdrone.be\/wp-content\/uploads\/sites\/13\/2026\/03\/DJI-Matrice-4D-Enterprise-RC-SP-EU.jpg\",\"datePublished\":\"2026-03-16T13:39:10+00:00\",\"dateModified\":\"2026-04-29T02:30:28+00:00\",\"breadcrumb\":{\"@id\":\"https:\/\/koningdrone.be\/product\/dji-matrice-4d-enterprise-rc-sp-eu-stand-alone-version\/#breadcrumb\"},\"inLanguage\":\"fr-BE\",\"potentialAction\":[{\"@type\":\"ReadAction\",\"target\":[\"https:\/\/koningdrone.be\/product\/dji-matrice-4d-enterprise-rc-sp-eu-stand-alone-version\/\"]}]},{\"@type\":\"ImageObject\",\"inLanguage\":\"fr-BE\",\"@id\":\"https:\/\/koningdrone.be\/product\/dji-matrice-4d-enterprise-rc-sp-eu-stand-alone-version\/#primaryimage\",\"url\":\"https:\/\/koningdrone.be\/wp-content\/uploads\/sites\/13\/2026\/03\/DJI-Matrice-4D-Enterprise-RC-SP-EU.jpg\",\"contentUrl\":\"https:\/\/koningdrone.be\/wp-content\/uploads\/sites\/13\/2026\/03\/DJI-Matrice-4D-Enterprise-RC-SP-EU.jpg\",\"width\":2048,\"height\":2048},{\"@type\":\"BreadcrumbList\",\"@id\":\"https:\/\/koningdrone.be\/product\/dji-matrice-4d-enterprise-rc-sp-eu-stand-alone-version\/#breadcrumb\",\"itemListElement\":[{\"@type\":\"ListItem\",\"position\":1,\"name\":\"Home\",\"item\":\"https:\/\/koningdrone.be\/\"},{\"@type\":\"ListItem\",\"position\":2,\"name\":\"AVSS Parachute Recovery System for DJI Matrice 300\/350\",\"item\":\"https:\/\/koningdrone.be\/product\/avss-parachute-recovery-system-for-dji-matrice-300-350\/\"},{\"@type\":\"ListItem\",\"position\":3,\"name\":\"DJI Matrice 4D\",\"item\":\"https:\/\/koningdrone.be\/categorie\/dji-matrice-4d\/\"},{\"@type\":\"ListItem\",\"position\":4,\"name\":\"DJI Matrice 4D Enterprise RC SP EU (Standalone version)\"}]},{\"@type\":\"WebSite\",\"@id\":\"https:\/\/koningdrone.be\/#website\",\"url\":\"https:\/\/koningdrone.be\/\",\"name\":\"Koningdrone.be - Uw online specialist in drones, gimbals, camera's en power stations.\",\"description\":\"De webshop in drones en gimbals\",\"publisher\":{\"@id\":\"https:\/\/koningdrone.be\/#organization\"},\"potentialAction\":[{\"@type\":\"SearchAction\",\"target\":{\"@type\":\"EntryPoint\",\"urlTemplate\":\"https:\/\/koningdrone.be\/?s={search_term_string}\"},\"query-input\":{\"@type\":\"PropertyValueSpecification\",\"valueRequired\":true,\"valueName\":\"search_term_string\"}}],\"inLanguage\":\"fr-BE\"},{\"@type\":\"Organization\",\"@id\":\"https:\/\/koningdrone.be\/#organization\",\"name\":\"Koningdrone.be\",\"url\":\"https:\/\/koningdrone.be\/\",\"logo\":{\"@type\":\"ImageObject\",\"inLanguage\":\"fr-BE\",\"@id\":\"https:\/\/koningdrone.be\/#\/schema\/logo\/image\/\",\"url\":\"https:\/\/koningdrone.be\/wp-content\/uploads\/sites\/13\/2025\/04\/koningdrone-copyright-logo.svg\",\"contentUrl\":\"https:\/\/koningdrone.be\/wp-content\/uploads\/sites\/13\/2025\/04\/koningdrone-copyright-logo.svg\",\"width\":227,\"height\":38,\"caption\":\"Koningdrone.be\"},\"image\":{\"@id\":\"https:\/\/koningdrone.be\/#\/schema\/logo\/image\/\"}}]}<\/script>\n<!-- \/ Yoast SEO Premium plugin. -->","yoast_head_json":{"title":"DJI Matrice 4D Enterprise RC SP EU (Standalone version) - koningdrone.be","robots":{"index":"index","follow":"follow","max-snippet":"max-snippet:-1","max-image-preview":"max-image-preview:large","max-video-preview":"max-video-preview:-1"},"canonical":"https:\/\/koningdrone.be\/fr\/produit\/dji-matrice-4d-enterprise-rc-sp-eu-stand-alone-version\/","og_locale":"fr_FR","og_type":"article","og_title":"DJI Matrice 4D Enterprise RC SP EU (Standalone version)","og_description":"Professionele enterprise\u2011drone met ge\u00efntegreerd multisensor\u2011systeem  Tot 54\u202fminuten vliegtijd voor uitgebreide missies  IP55\u2011bescherming tegen stof en water  DJI RC\u202fPlus\u202f2\u202fEnterprise\u2011controller inbegrepen  Ideaal voor mapping, inspecties en gedetailleerde gegevensverzameling","og_url":"https:\/\/koningdrone.be\/fr\/produit\/dji-matrice-4d-enterprise-rc-sp-eu-stand-alone-version\/","og_site_name":"koningdrone.be","article_modified_time":"2026-04-29T02:30:28+00:00","og_image":[{"width":2048,"height":2048,"url":"https:\/\/koningdrone.be\/wp-content\/uploads\/sites\/13\/2026\/03\/DJI-Matrice-4D-Enterprise-RC-SP-EU.jpg","type":"image\/jpeg"}],"twitter_card":"summary_large_image","twitter_misc":{"Dur\u00e9e de lecture est.":"2 minutes"},"schema":{"@context":"https:\/\/schema.org","@graph":[{"@type":"WebPage","@id":"https:\/\/koningdrone.be\/product\/dji-matrice-4d-enterprise-rc-sp-eu-stand-alone-version\/","url":"https:\/\/koningdrone.be\/product\/dji-matrice-4d-enterprise-rc-sp-eu-stand-alone-version\/","name":"DJI Matrice 4D Enterprise RC SP EU (Standalone version) - koningdrone.be","isPartOf":{"@id":"https:\/\/koningdrone.be\/#website"},"primaryImageOfPage":{"@id":"https:\/\/koningdrone.be\/product\/dji-matrice-4d-enterprise-rc-sp-eu-stand-alone-version\/#primaryimage"},"image":{"@id":"https:\/\/koningdrone.be\/product\/dji-matrice-4d-enterprise-rc-sp-eu-stand-alone-version\/#primaryimage"},"thumbnailUrl":"https:\/\/koningdrone.be\/wp-content\/uploads\/sites\/13\/2026\/03\/DJI-Matrice-4D-Enterprise-RC-SP-EU.jpg","datePublished":"2026-03-16T13:39:10+00:00","dateModified":"2026-04-29T02:30:28+00:00","breadcrumb":{"@id":"https:\/\/koningdrone.be\/product\/dji-matrice-4d-enterprise-rc-sp-eu-stand-alone-version\/#breadcrumb"},"inLanguage":"fr-BE","potentialAction":[{"@type":"ReadAction","target":["https:\/\/koningdrone.be\/product\/dji-matrice-4d-enterprise-rc-sp-eu-stand-alone-version\/"]}]},{"@type":"ImageObject","inLanguage":"fr-BE","@id":"https:\/\/koningdrone.be\/product\/dji-matrice-4d-enterprise-rc-sp-eu-stand-alone-version\/#primaryimage","url":"https:\/\/koningdrone.be\/wp-content\/uploads\/sites\/13\/2026\/03\/DJI-Matrice-4D-Enterprise-RC-SP-EU.jpg","contentUrl":"https:\/\/koningdrone.be\/wp-content\/uploads\/sites\/13\/2026\/03\/DJI-Matrice-4D-Enterprise-RC-SP-EU.jpg","width":2048,"height":2048},{"@type":"BreadcrumbList","@id":"https:\/\/koningdrone.be\/product\/dji-matrice-4d-enterprise-rc-sp-eu-stand-alone-version\/#breadcrumb","itemListElement":[{"@type":"ListItem","position":1,"name":"Home","item":"https:\/\/koningdrone.be\/"},{"@type":"ListItem","position":2,"name":"AVSS Parachute Recovery System for DJI Matrice 300\/350","item":"https:\/\/koningdrone.be\/product\/avss-parachute-recovery-system-for-dji-matrice-300-350\/"},{"@type":"ListItem","position":3,"name":"DJI Matrice 4D","item":"https:\/\/koningdrone.be\/categorie\/dji-matrice-4d\/"},{"@type":"ListItem","position":4,"name":"DJI Matrice 4D Enterprise RC SP EU (Standalone version)"}]},{"@type":"WebSite","@id":"https:\/\/koningdrone.be\/#website","url":"https:\/\/koningdrone.be\/","name":"Koningdrone.be - Votre sp\u00e9cialiste en ligne en mati\u00e8re de drones, de cardans, de cam\u00e9ras et de centrales \u00e9lectriques.","description":"La boutique en ligne de drones et de cardans","publisher":{"@id":"https:\/\/koningdrone.be\/#organization"},"potentialAction":[{"@type":"SearchAction","target":{"@type":"EntryPoint","urlTemplate":"https:\/\/koningdrone.be\/?s={search_term_string}"},"query-input":{"@type":"PropertyValueSpecification","valueRequired":true,"valueName":"search_term_string"}}],"inLanguage":"fr-BE"},{"@type":"Organization","@id":"https:\/\/koningdrone.be\/#organization","name":"Kingdrone.co.uk","url":"https:\/\/koningdrone.be\/","logo":{"@type":"ImageObject","inLanguage":"fr-BE","@id":"https:\/\/koningdrone.be\/#\/schema\/logo\/image\/","url":"https:\/\/koningdrone.be\/wp-content\/uploads\/sites\/13\/2025\/04\/koningdrone-copyright-logo.svg","contentUrl":"https:\/\/koningdrone.be\/wp-content\/uploads\/sites\/13\/2025\/04\/koningdrone-copyright-logo.svg","width":227,"height":38,"caption":"Koningdrone.be"},"image":{"@id":"https:\/\/koningdrone.be\/#\/schema\/logo\/image\/"}}]}},"df_price":6597,"df_sale_price":"","df_regular_price":6597,"df_image_link":"https:\/\/koningdrone.be\/wp-content\/uploads\/sites\/13\/2026\/03\/DJI-Matrice-4D-Enterprise-RC-SP-EU-300x300.jpg","_links":{"self":[{"href":"https:\/\/koningdrone.be\/fr\/wp-json\/wp\/v2\/product\/17250","targetHints":{"allow":["GET"]}}],"collection":[{"href":"https:\/\/koningdrone.be\/fr\/wp-json\/wp\/v2\/product"}],"about":[{"href":"https:\/\/koningdrone.be\/fr\/wp-json\/wp\/v2\/types\/product"}],"wp:featuredmedia":[{"embeddable":true,"href":"https:\/\/koningdrone.be\/fr\/wp-json\/wp\/v2\/media\/17248"}],"wp:attachment":[{"href":"https:\/\/koningdrone.be\/fr\/wp-json\/wp\/v2\/media?parent=17250"}],"wp:term":[{"taxonomy":"product_brand","embeddable":true,"href":"https:\/\/koningdrone.be\/fr\/wp-json\/wp\/v2\/product_brand?post=17250"},{"taxonomy":"product_cat","embeddable":true,"href":"https:\/\/koningdrone.be\/fr\/wp-json\/wp\/v2\/product_cat?post=17250"},{"taxonomy":"product_tag","embeddable":true,"href":"https:\/\/koningdrone.be\/fr\/wp-json\/wp\/v2\/product_tag?post=17250"}],"curies":[{"name":"wp","href":"https:\/\/api.w.org\/{rel}","templated":true}]}}