{"id":17247,"date":"2026-03-16T14:37:49","date_gmt":"2026-03-16T13:37:49","guid":{"rendered":"https:\/\/koningdrone.be\/?post_type=product&#038;p=17247"},"modified":"2026-04-29T03:30:44","modified_gmt":"2026-04-29T01:30:44","slug":"dji-matrice-4td-enterprise-rc-sp-eu-stand-alone-version","status":"publish","type":"product","link":"https:\/\/koningdrone.be\/fr\/produit\/dji-matrice-4td-enterprise-rc-sp-eu-stand-alone-version\/","title":{"rendered":"DJI Matrice 4TD Enterprise RC SP EU (Version autonome)"},"content":{"rendered":"<h3>DJI Matrice 4TD Enterprise RC SP EU : La plateforme de capteurs ultime tout-en-un<\/h3>\n<p><iframe loading=\"lazy\" title=\"DJI Matrice 4TD vs Matrice 30T : Analyse compl\u00e8te des principales am\u00e9liorations\" width=\"800\" height=\"450\" src=\"https:\/\/www.youtube.com\/embed\/J2nBPQ_65VM?feature=oembed&#038;enablejsapi=1&#038;origin=https:\/\/koningdrone.be\" frameborder=\"0\" allow=\"accelerometer; autoplay; clipboard-write; encrypted-media; gyroscope; picture-in-picture; web-share\" referrerpolicy=\"strict-origin-when-cross-origin\" allowfullscreen><\/iframe><\/p>\n<p style=\"margin: 20px 0\">Le <strong>DJI Matrice 4TD Enterprise RC SP EU<\/strong> est l'exemple m\u00eame de la sup\u00e9riorit\u00e9 technologique dans le domaine de l'aviation commerciale. L\u00e0 o\u00f9 d'autres plateformes s'appuient sur des charges utiles s\u00e9par\u00e9es, cette version Enterprise offre une architecture multi-capteurs int\u00e9gr\u00e9e sp\u00e9cialement con\u00e7ue pour les op\u00e9rations \u00e0 fort enjeu telles que la recherche et le sauvetage, le contr\u00f4le des fronti\u00e8res et la surveillance industrielle \u00e0 grande \u00e9chelle. Gr\u00e2ce \u00e0 une synergie parfaite entre la navigation pilot\u00e9e par l'IA et les puissants syst\u00e8mes optiques, le Matrice 4TD permet aux op\u00e9rateurs d'aller au c\u0153ur de la mission dans les conditions les plus difficiles.<\/p>\n<p><a href=\"https:\/\/koningdrone.nl\/wp-content\/uploads\/2026\/03\/DJI-Matrice-4TD-Enterprise-RC-SP-EU-Product.jpg\"><img loading=\"lazy\" decoding=\"async\" class=\"alignnone size-full wp-image-467477\" src=\"https:\/\/koningdrone.nl\/wp-content\/uploads\/2026\/03\/DJI-Matrice-4TD-Enterprise-RC-SP-EU-Product.jpg\" alt=\"DJI Matrice 4TD Enterprise RC SP EU Product\" width=\"1200\" height=\"800\" \/><\/a><\/p>\n<h4>Perception in\u00e9gal\u00e9e et analyse multi-spectre<\/h4>\n<p>Au c\u0153ur du 4TD Enterprise se trouve le r\u00e9seau de cam\u00e9ras r\u00e9volutionnaire. \u00c9quip\u00e9 d'un <strong>un appareil photo grand angle, un appareil photo \u00e0 t\u00e9l\u00e9objectif moyen et un t\u00e9l\u00e9objectif puissant<\/strong>, Le drone offre une port\u00e9e optique qui permet de voir tous les d\u00e9tails, m\u00eame \u00e0 une distance raisonnable. Le syst\u00e8me int\u00e9gr\u00e9 de <strong>cam\u00e9ra thermique<\/strong> permet une analyse directe des sources de chaleur invisibles. <strong>t\u00e9l\u00e9m\u00e8tre laser (LRF)<\/strong> avec une port\u00e9e allant jusqu'\u00e0 <strong>1800 m\u00e8tres<\/strong> \u00e9tablit des coordonn\u00e9es tr\u00e8s pr\u00e9cises des objets. Pour les missions nocturnes, le <strong>Lumi\u00e8re auxiliaire NIR (Near-Infrared)<\/strong> un avantage tactique, permettant au drone de conserver une visibilit\u00e9 sup\u00e9rieure m\u00eame dans l'obscurit\u00e9 totale, sans se faire remarquer inutilement.<\/p>\n<p><a href=\"https:\/\/koningdrone.nl\/wp-content\/uploads\/2026\/03\/DJI-Matrice-4TD-Enterprise-RC-SP-EU.jpg\"><img loading=\"lazy\" decoding=\"async\" class=\"aligncenter wp-image-467478 size-medium\" src=\"https:\/\/koningdrone.nl\/wp-content\/uploads\/2026\/03\/DJI-Matrice-4TD-Enterprise-RC-SP-EU-300x300.jpg\" alt=\"DJI Matrice 4TD Enterprise RC SP EU\" width=\"300\" height=\"300\" \/><\/a><\/p>\n<h4>Dynamique exceptionnelle et contr\u00f4le intelligent<\/h4>\n<p style=\"margin-bottom: 20px\">Les performances de vol du Matrice 4TD sont optimis\u00e9es pour la vitesse et l'endurance. <strong>54 minutes<\/strong> et des vitesses allant jusqu'\u00e0 <strong>21 m\/s<\/strong>. Gr\u00e2ce \u00e0 des fonctions logicielles intelligentes telles que <strong>Piste intelligente<\/strong>, dans lequel les objets en mouvement sont suivis de mani\u00e8re autonome, et <strong>R\u00e9gulateur de vitesse<\/strong> pour des inspections stables et de longue dur\u00e9e, la charge de travail du pilote est r\u00e9duite au minimum. Tout cela est soutenu par un syst\u00e8me de d\u00e9tection d'obstacles omnidirectionnel qui balaie \u00e0 360 degr\u00e9s, assurant la s\u00e9curit\u00e9 dans des environnements complexes tels que les for\u00eats, les zones urbaines ou les complexes industriels.<\/p>\n<p><a href=\"https:\/\/koningdrone.nl\/wp-content\/uploads\/2026\/03\/DJI-Matrice-4TD-RC-SP-EU-Enterprise.jpg\"><img loading=\"lazy\" decoding=\"async\" class=\"size-medium wp-image-467469 aligncenter\" src=\"https:\/\/koningdrone.nl\/wp-content\/uploads\/2026\/03\/DJI-Matrice-4TD-RC-SP-EU-Enterprise-300x300.jpg\" alt=\"DJI Matrice 4TD RC SP EU Enterprise\" width=\"300\" height=\"300\" \/><\/a><\/p>\n<h4>Construction robuste pour une utilisation professionnelle<\/h4>\n<p>Avec un <strong>Classification IP55<\/strong> cet avion est parfaitement pr\u00e9par\u00e9 \u00e0 l'impr\u00e9visibilit\u00e9 du terrain ; la pluie, la neige et la poussi\u00e8re n'affectent pas la continuit\u00e9 de la mission. Le syst\u00e8me de positionnement avanc\u00e9 avec <strong>Prise en charge du GNSS et du RTK<\/strong> offre une stabilit\u00e9 essentielle \u00e0 la photogramm\u00e9trie et \u00e0 l'inspection pr\u00e9cise des infrastructures critiques. L'Enterprise RC inclus offre un contr\u00f4le ergonomique et intuitif, combinant de mani\u00e8re transparente l'analyse des donn\u00e9es et le contr\u00f4le du vol.<\/p>","protected":false},"excerpt":{"rendered":"<ul>\n<li>Conception certifi\u00e9e IP55 pour une utilisation sous la pluie et dans des environnements poussi\u00e9reux.<\/li>\n<li>Syst\u00e8me de cam\u00e9ra multi-capteurs avec 3 cam\u00e9ras optiques et une cam\u00e9ra thermique.<\/li>\n<li>Dur\u00e9e de vol maximale de 54 minutes pour les missions prolong\u00e9es.<\/li>\n<li>T\u00e9l\u00e9m\u00e8tre laser avec une plage de mesure allant jusqu'\u00e0 1800 m\u00e8tres.<\/li>\n<li>Lumi\u00e8re auxiliaire NIR pour une meilleure visibilit\u00e9 lors des inspections nocturnes.<\/li>\n<\/ul>","protected":false},"featured_media":17238,"template":"","meta":{"_acf_changed":false},"product_brand":[],"product_cat":[1732,1730],"product_tag":[],"class_list":{"0":"post-17247","1":"product","2":"type-product","3":"status-publish","4":"has-post-thumbnail","6":"product_cat-dji-matrice-4d","7":"product_cat-dji-matrice-4td","8":"product_shipping_class-uavspacesall","9":"pa_brand-dji","10":"pa_producttype-enterprise-drone","11":"pa_series-matrice","13":"first","14":"instock","15":"taxable","16":"shipping-taxable","17":"purchasable","18":"product-type-simple"},"acf":[],"yoast_head":"<!-- This site is optimized with the Yoast SEO Premium plugin v27.2 (Yoast SEO v27.2) - https:\/\/yoast.com\/product\/yoast-seo-premium-wordpress\/ -->\n<title>DJI Matrice 4TD Enterprise RC SP EU (Standalone version) - koningdrone.be<\/title>\n<meta name=\"robots\" content=\"index, follow, max-snippet:-1, max-image-preview:large, max-video-preview:-1\" \/>\n<link rel=\"canonical\" href=\"https:\/\/koningdrone.be\/fr\/produit\/dji-matrice-4td-enterprise-rc-sp-eu-stand-alone-version\/\" \/>\n<meta property=\"og:locale\" content=\"fr_FR\" \/>\n<meta property=\"og:type\" content=\"article\" \/>\n<meta property=\"og:title\" content=\"DJI Matrice 4TD Enterprise RC SP EU (Standalone version)\" \/>\n<meta property=\"og:description\" content=\"IP55-gecertificeerd ontwerp voor gebruik in regen en stofrijke omgevingen.  Multi-sensor camerasysteem met 3 optische camera\u2019s en een thermische camera.  Maximale vliegtijd tot 54 minuten voor langdurige missies.  Laserafstandsmeter met meetbereik tot 1800 meter.  NIR-hulplamp voor betere zichtbaarheid tijdens nachtinspecties.\" \/>\n<meta property=\"og:url\" content=\"https:\/\/koningdrone.be\/fr\/produit\/dji-matrice-4td-enterprise-rc-sp-eu-stand-alone-version\/\" \/>\n<meta property=\"og:site_name\" content=\"koningdrone.be\" \/>\n<meta property=\"article:modified_time\" content=\"2026-04-29T01:30:44+00:00\" \/>\n<meta property=\"og:image\" content=\"https:\/\/koningdrone.be\/wp-content\/uploads\/sites\/13\/2026\/03\/DJI-Matrice-4TD-RC-SP-EU-Enterprise.jpg\" \/>\n\t<meta property=\"og:image:width\" content=\"2048\" \/>\n\t<meta property=\"og:image:height\" content=\"2048\" \/>\n\t<meta property=\"og:image:type\" content=\"image\/jpeg\" \/>\n<meta name=\"twitter:card\" content=\"summary_large_image\" \/>\n<meta name=\"twitter:label1\" content=\"Dur\u00e9e de lecture est.\" \/>\n\t<meta name=\"twitter:data1\" content=\"2 minutes\" \/>\n<script type=\"application\/ld+json\" class=\"yoast-schema-graph\">{\"@context\":\"https:\/\/schema.org\",\"@graph\":[{\"@type\":\"WebPage\",\"@id\":\"https:\/\/koningdrone.be\/product\/dji-matrice-4td-enterprise-rc-sp-eu-stand-alone-version\/\",\"url\":\"https:\/\/koningdrone.be\/product\/dji-matrice-4td-enterprise-rc-sp-eu-stand-alone-version\/\",\"name\":\"DJI Matrice 4TD Enterprise RC SP EU (Standalone version) - koningdrone.be\",\"isPartOf\":{\"@id\":\"https:\/\/koningdrone.be\/#website\"},\"primaryImageOfPage\":{\"@id\":\"https:\/\/koningdrone.be\/product\/dji-matrice-4td-enterprise-rc-sp-eu-stand-alone-version\/#primaryimage\"},\"image\":{\"@id\":\"https:\/\/koningdrone.be\/product\/dji-matrice-4td-enterprise-rc-sp-eu-stand-alone-version\/#primaryimage\"},\"thumbnailUrl\":\"https:\/\/koningdrone.be\/wp-content\/uploads\/sites\/13\/2026\/03\/DJI-Matrice-4TD-RC-SP-EU-Enterprise.jpg\",\"datePublished\":\"2026-03-16T13:37:49+00:00\",\"dateModified\":\"2026-04-29T01:30:44+00:00\",\"breadcrumb\":{\"@id\":\"https:\/\/koningdrone.be\/product\/dji-matrice-4td-enterprise-rc-sp-eu-stand-alone-version\/#breadcrumb\"},\"inLanguage\":\"fr-BE\",\"potentialAction\":[{\"@type\":\"ReadAction\",\"target\":[\"https:\/\/koningdrone.be\/product\/dji-matrice-4td-enterprise-rc-sp-eu-stand-alone-version\/\"]}]},{\"@type\":\"ImageObject\",\"inLanguage\":\"fr-BE\",\"@id\":\"https:\/\/koningdrone.be\/product\/dji-matrice-4td-enterprise-rc-sp-eu-stand-alone-version\/#primaryimage\",\"url\":\"https:\/\/koningdrone.be\/wp-content\/uploads\/sites\/13\/2026\/03\/DJI-Matrice-4TD-RC-SP-EU-Enterprise.jpg\",\"contentUrl\":\"https:\/\/koningdrone.be\/wp-content\/uploads\/sites\/13\/2026\/03\/DJI-Matrice-4TD-RC-SP-EU-Enterprise.jpg\",\"width\":2048,\"height\":2048},{\"@type\":\"BreadcrumbList\",\"@id\":\"https:\/\/koningdrone.be\/product\/dji-matrice-4td-enterprise-rc-sp-eu-stand-alone-version\/#breadcrumb\",\"itemListElement\":[{\"@type\":\"ListItem\",\"position\":1,\"name\":\"Home\",\"item\":\"https:\/\/koningdrone.be\/\"},{\"@type\":\"ListItem\",\"position\":2,\"name\":\"AVSS Parachute Recovery System for DJI Matrice 300\/350\",\"item\":\"https:\/\/koningdrone.be\/product\/avss-parachute-recovery-system-for-dji-matrice-300-350\/\"},{\"@type\":\"ListItem\",\"position\":3,\"name\":\"DJI Matrice 4D\",\"item\":\"https:\/\/koningdrone.be\/categorie\/dji-matrice-4d\/\"},{\"@type\":\"ListItem\",\"position\":4,\"name\":\"DJI Matrice 4TD Enterprise RC SP EU (Standalone version)\"}]},{\"@type\":\"WebSite\",\"@id\":\"https:\/\/koningdrone.be\/#website\",\"url\":\"https:\/\/koningdrone.be\/\",\"name\":\"Koningdrone.be - Uw online specialist in drones, gimbals, camera's en power stations.\",\"description\":\"De webshop in drones en gimbals\",\"publisher\":{\"@id\":\"https:\/\/koningdrone.be\/#organization\"},\"potentialAction\":[{\"@type\":\"SearchAction\",\"target\":{\"@type\":\"EntryPoint\",\"urlTemplate\":\"https:\/\/koningdrone.be\/?s={search_term_string}\"},\"query-input\":{\"@type\":\"PropertyValueSpecification\",\"valueRequired\":true,\"valueName\":\"search_term_string\"}}],\"inLanguage\":\"fr-BE\"},{\"@type\":\"Organization\",\"@id\":\"https:\/\/koningdrone.be\/#organization\",\"name\":\"Koningdrone.be\",\"url\":\"https:\/\/koningdrone.be\/\",\"logo\":{\"@type\":\"ImageObject\",\"inLanguage\":\"fr-BE\",\"@id\":\"https:\/\/koningdrone.be\/#\/schema\/logo\/image\/\",\"url\":\"https:\/\/koningdrone.be\/wp-content\/uploads\/sites\/13\/2025\/04\/koningdrone-copyright-logo.svg\",\"contentUrl\":\"https:\/\/koningdrone.be\/wp-content\/uploads\/sites\/13\/2025\/04\/koningdrone-copyright-logo.svg\",\"width\":227,\"height\":38,\"caption\":\"Koningdrone.be\"},\"image\":{\"@id\":\"https:\/\/koningdrone.be\/#\/schema\/logo\/image\/\"}}]}<\/script>\n<!-- \/ Yoast SEO Premium plugin. -->","yoast_head_json":{"title":"DJI Matrice 4TD Enterprise RC SP EU (Standalone version) - koningdrone.be","robots":{"index":"index","follow":"follow","max-snippet":"max-snippet:-1","max-image-preview":"max-image-preview:large","max-video-preview":"max-video-preview:-1"},"canonical":"https:\/\/koningdrone.be\/fr\/produit\/dji-matrice-4td-enterprise-rc-sp-eu-stand-alone-version\/","og_locale":"fr_FR","og_type":"article","og_title":"DJI Matrice 4TD Enterprise RC SP EU (Standalone version)","og_description":"IP55-gecertificeerd ontwerp voor gebruik in regen en stofrijke omgevingen.  Multi-sensor camerasysteem met 3 optische camera\u2019s en een thermische camera.  Maximale vliegtijd tot 54 minuten voor langdurige missies.  Laserafstandsmeter met meetbereik tot 1800 meter.  NIR-hulplamp voor betere zichtbaarheid tijdens nachtinspecties.","og_url":"https:\/\/koningdrone.be\/fr\/produit\/dji-matrice-4td-enterprise-rc-sp-eu-stand-alone-version\/","og_site_name":"koningdrone.be","article_modified_time":"2026-04-29T01:30:44+00:00","og_image":[{"width":2048,"height":2048,"url":"https:\/\/koningdrone.be\/wp-content\/uploads\/sites\/13\/2026\/03\/DJI-Matrice-4TD-RC-SP-EU-Enterprise.jpg","type":"image\/jpeg"}],"twitter_card":"summary_large_image","twitter_misc":{"Dur\u00e9e de lecture est.":"2 minutes"},"schema":{"@context":"https:\/\/schema.org","@graph":[{"@type":"WebPage","@id":"https:\/\/koningdrone.be\/product\/dji-matrice-4td-enterprise-rc-sp-eu-stand-alone-version\/","url":"https:\/\/koningdrone.be\/product\/dji-matrice-4td-enterprise-rc-sp-eu-stand-alone-version\/","name":"DJI Matrice 4TD Enterprise RC SP EU (Standalone version) - koningdrone.be","isPartOf":{"@id":"https:\/\/koningdrone.be\/#website"},"primaryImageOfPage":{"@id":"https:\/\/koningdrone.be\/product\/dji-matrice-4td-enterprise-rc-sp-eu-stand-alone-version\/#primaryimage"},"image":{"@id":"https:\/\/koningdrone.be\/product\/dji-matrice-4td-enterprise-rc-sp-eu-stand-alone-version\/#primaryimage"},"thumbnailUrl":"https:\/\/koningdrone.be\/wp-content\/uploads\/sites\/13\/2026\/03\/DJI-Matrice-4TD-RC-SP-EU-Enterprise.jpg","datePublished":"2026-03-16T13:37:49+00:00","dateModified":"2026-04-29T01:30:44+00:00","breadcrumb":{"@id":"https:\/\/koningdrone.be\/product\/dji-matrice-4td-enterprise-rc-sp-eu-stand-alone-version\/#breadcrumb"},"inLanguage":"fr-BE","potentialAction":[{"@type":"ReadAction","target":["https:\/\/koningdrone.be\/product\/dji-matrice-4td-enterprise-rc-sp-eu-stand-alone-version\/"]}]},{"@type":"ImageObject","inLanguage":"fr-BE","@id":"https:\/\/koningdrone.be\/product\/dji-matrice-4td-enterprise-rc-sp-eu-stand-alone-version\/#primaryimage","url":"https:\/\/koningdrone.be\/wp-content\/uploads\/sites\/13\/2026\/03\/DJI-Matrice-4TD-RC-SP-EU-Enterprise.jpg","contentUrl":"https:\/\/koningdrone.be\/wp-content\/uploads\/sites\/13\/2026\/03\/DJI-Matrice-4TD-RC-SP-EU-Enterprise.jpg","width":2048,"height":2048},{"@type":"BreadcrumbList","@id":"https:\/\/koningdrone.be\/product\/dji-matrice-4td-enterprise-rc-sp-eu-stand-alone-version\/#breadcrumb","itemListElement":[{"@type":"ListItem","position":1,"name":"Home","item":"https:\/\/koningdrone.be\/"},{"@type":"ListItem","position":2,"name":"AVSS Parachute Recovery System for DJI Matrice 300\/350","item":"https:\/\/koningdrone.be\/product\/avss-parachute-recovery-system-for-dji-matrice-300-350\/"},{"@type":"ListItem","position":3,"name":"DJI Matrice 4D","item":"https:\/\/koningdrone.be\/categorie\/dji-matrice-4d\/"},{"@type":"ListItem","position":4,"name":"DJI Matrice 4TD Enterprise RC SP EU (Standalone version)"}]},{"@type":"WebSite","@id":"https:\/\/koningdrone.be\/#website","url":"https:\/\/koningdrone.be\/","name":"Koningdrone.be - Votre sp\u00e9cialiste en ligne en mati\u00e8re de drones, de cardans, de cam\u00e9ras et de centrales \u00e9lectriques.","description":"La boutique en ligne de drones et de cardans","publisher":{"@id":"https:\/\/koningdrone.be\/#organization"},"potentialAction":[{"@type":"SearchAction","target":{"@type":"EntryPoint","urlTemplate":"https:\/\/koningdrone.be\/?s={search_term_string}"},"query-input":{"@type":"PropertyValueSpecification","valueRequired":true,"valueName":"search_term_string"}}],"inLanguage":"fr-BE"},{"@type":"Organization","@id":"https:\/\/koningdrone.be\/#organization","name":"Kingdrone.co.uk","url":"https:\/\/koningdrone.be\/","logo":{"@type":"ImageObject","inLanguage":"fr-BE","@id":"https:\/\/koningdrone.be\/#\/schema\/logo\/image\/","url":"https:\/\/koningdrone.be\/wp-content\/uploads\/sites\/13\/2025\/04\/koningdrone-copyright-logo.svg","contentUrl":"https:\/\/koningdrone.be\/wp-content\/uploads\/sites\/13\/2025\/04\/koningdrone-copyright-logo.svg","width":227,"height":38,"caption":"Koningdrone.be"},"image":{"@id":"https:\/\/koningdrone.be\/#\/schema\/logo\/image\/"}}]}},"df_price":8595,"df_sale_price":"","df_regular_price":8595,"df_image_link":"https:\/\/koningdrone.be\/wp-content\/uploads\/sites\/13\/2026\/03\/DJI-Matrice-4TD-RC-SP-EU-Enterprise-300x300.jpg","_links":{"self":[{"href":"https:\/\/koningdrone.be\/fr\/wp-json\/wp\/v2\/product\/17247","targetHints":{"allow":["GET"]}}],"collection":[{"href":"https:\/\/koningdrone.be\/fr\/wp-json\/wp\/v2\/product"}],"about":[{"href":"https:\/\/koningdrone.be\/fr\/wp-json\/wp\/v2\/types\/product"}],"wp:featuredmedia":[{"embeddable":true,"href":"https:\/\/koningdrone.be\/fr\/wp-json\/wp\/v2\/media\/17238"}],"wp:attachment":[{"href":"https:\/\/koningdrone.be\/fr\/wp-json\/wp\/v2\/media?parent=17247"}],"wp:term":[{"taxonomy":"product_brand","embeddable":true,"href":"https:\/\/koningdrone.be\/fr\/wp-json\/wp\/v2\/product_brand?post=17247"},{"taxonomy":"product_cat","embeddable":true,"href":"https:\/\/koningdrone.be\/fr\/wp-json\/wp\/v2\/product_cat?post=17247"},{"taxonomy":"product_tag","embeddable":true,"href":"https:\/\/koningdrone.be\/fr\/wp-json\/wp\/v2\/product_tag?post=17247"}],"curies":[{"name":"wp","href":"https:\/\/api.w.org\/{rel}","templated":true}]}}