{"id":17195,"date":"2026-03-22T17:20:23","date_gmt":"2026-03-22T16:20:23","guid":{"rendered":"https:\/\/koningdrone.be\/?post_type=product&#038;p=17195"},"modified":"2026-04-29T03:30:36","modified_gmt":"2026-04-29T01:30:36","slug":"dji-tb100c-tethered-battery-2-stuks","status":"publish","type":"product","link":"https:\/\/koningdrone.be\/fr\/produit\/dji-tb100c-tethered-battery-2-stuks\/","title":{"rendered":"DJI TB100C Tethered Battery (2 pi\u00e8ces)"},"content":{"rendered":"<h3>DJI TB100C Tethered Battery 2 pi\u00e8ces<\/h3>\n<p><iframe loading=\"lazy\" title=\"Ce drone DJI vole pendant des heures avec une batterie connect\u00e9e : Matrice 400\" width=\"800\" height=\"450\" src=\"https:\/\/www.youtube.com\/embed\/XAKOUg6vhwc?feature=oembed&#038;enablejsapi=1&#038;origin=https:\/\/koningdrone.be\" frameborder=\"0\" allow=\"accelerometer; autoplay; clipboard-write; encrypted-media; gyroscope; picture-in-picture; web-share\" referrerpolicy=\"strict-origin-when-cross-origin\" allowfullscreen><\/iframe><\/p>\n<p style=\"margin: 20px 0\"><strong>Le pack de 2 batteries DJI TB100C Tethered Battery<\/strong> est une solution d'alimentation professionnelle con\u00e7ue pour les vols continus avec la s\u00e9rie DJI Matrice 400. Contrairement aux batteries standard qui limitent le temps de vol, ce syst\u00e8me de batterie d'attache fournit une alimentation c\u00e2bl\u00e9e permanente via des syst\u00e8mes d'attache certifi\u00e9s ou des stations d'accueil compatibles pour des missions exceptionnellement longues sans interruption. Chaque batterie du kit combine une capacit\u00e9 \u00e9lev\u00e9e et une gestion intelligente de l'alimentation pour les applications d'entreprise telles que la surveillance, la diffusion en direct, l'inspection des infrastructures et les t\u00e2ches de s\u00e9curit\u00e9. Cette solution d'attache est id\u00e9ale pour les utilisateurs qui ont besoin d'une alimentation stable et intermittente sur de longues p\u00e9riodes.<\/p>\n<p><a href=\"https:\/\/koningdrone.nl\/wp-content\/uploads\/2026\/03\/DJI-TB100C-Tethered-Battery-2-Pieces.webp\"><img loading=\"lazy\" decoding=\"async\" class=\"size-full wp-image-467363 aligncenter\" src=\"https:\/\/koningdrone.nl\/wp-content\/uploads\/2026\/03\/DJI-TB100C-Tethered-Battery-2-Pieces.webp\" alt=\"DJI TB100C Tethered Battery 2 Pieces\" width=\"1200\" height=\"800\" \/><\/a><\/p>\n<h4>Performance et fonctionnalit\u00e9<\/h4>\n<p>Chaque batterie TB100C a une capacit\u00e9 de <strong>20 254 mAh<\/strong> avec <strong>977 Wh<\/strong> et fournit une alimentation fiable pour le fonctionnement du Matrice 400 \u00e0 l'aide d'un c\u00e2ble d'attache. Lorsqu'il est connect\u00e9 \u00e0 un syst\u00e8me de c\u00e2ble d'attache approuv\u00e9 et \u00e0 une station au sol, le syst\u00e8me peut alimenter le drone ind\u00e9finiment, \u00e9liminant ainsi les restrictions temporelles traditionnelles. Le contr\u00f4le thermique avanc\u00e9 et l'auto-\u00e9chauffement garantissent des performances efficaces \u00e0 diff\u00e9rentes temp\u00e9ratures, tandis que la gestion int\u00e9gr\u00e9e de l'alimentation assure une protection contre la surcharge, la d\u00e9charge profonde et les conditions extr\u00eames.<\/p>\n<h4>Qualit\u00e9 de construction et conception<\/h4>\n<p>Le TB100C contient des cellules Li-ion 13S robustes dans un cadre solide d'environ 1,5 million d'euros. <strong>4,72 kg<\/strong>, L'appareil a \u00e9t\u00e9 con\u00e7u pour r\u00e9sister aux missions professionnelles. Les connexions d\u00e9di\u00e9es \u00e0 l'alimentation par c\u00e2ble et aux syst\u00e8mes de station d'accueil tiers facilitent l'int\u00e9gration dans les environnements d'entreprise. La conception prend \u00e9galement en charge le chargement efficace via la station de batterie BS100 de DJI. Avec jusqu'\u00e0 <strong>400 cycles de charge<\/strong> assure \u00e0 chaque batterie une fiabilit\u00e9 \u00e0 long terme, tandis que l'emplacement ergonomique permet une installation et un retrait rapides.<\/p>\n<p><a href=\"https:\/\/koningdrone.nl\/wp-content\/uploads\/2026\/03\/TB100C-Tethered-Battery-2-Pieces-DJI.webp\"><img loading=\"lazy\" decoding=\"async\" class=\"aligncenter wp-image-467360 size-medium\" src=\"https:\/\/koningdrone.nl\/wp-content\/uploads\/2026\/03\/TB100C-Tethered-Battery-2-Pieces-DJI-300x300.webp\" alt=\"TB100C Tethered Battery 2 Pieces DJI\" width=\"300\" height=\"300\" \/><\/a><\/p>\n<h4>Pourquoi vous en avez besoin<\/h4>\n<p>Pour les \u00e9quipes effectuant des missions a\u00e9riennes de longue dur\u00e9e o\u00f9 il n'est pas possible de changer ou de recharger les batteries, le DJI TB100C Tethered Battery 2-Pack offre une endurance et une stabilit\u00e9 in\u00e9gal\u00e9es. Cette solution permet \u00e0 votre flotte de Matrice 400 d'\u00eatre toujours pr\u00eate \u00e0 fonctionner et contribue \u00e0 r\u00e9duire les interruptions op\u00e9rationnelles, maximisant ainsi la productivit\u00e9 dans les applications exigeantes.<\/p>","protected":false},"excerpt":{"rendered":"<ul>\n<li>Chaque batterie a une capacit\u00e9 de 20 254 mAh \/ 977 Wh pour une puissance durable.<\/li>\n<li>Con\u00e7us pour un vol continu avec des alimentations au sol approuv\u00e9es.<\/li>\n<li>Gestion intelligente de l'alimentation et r\u00e9gulation thermique pour des performances fiables.<\/li>\n<li>Con\u00e7u pour les missions professionnelles telles que la surveillance, les d\u00e9ploiements ou les inspections.<\/li>\n<li>Construction durable avec jusqu'\u00e0 400 cycles pour une longue dur\u00e9e de vie.<\/li>\n<\/ul>","protected":false},"featured_media":17190,"template":"","meta":{"_acf_changed":false},"product_brand":[],"product_cat":[617,113,1729,1583],"product_tag":[],"class_list":{"0":"post-17195","1":"product","2":"type-product","3":"status-publish","4":"has-post-thumbnail","6":"product_cat-alle-batterije","7":"product_cat-alle-batterijen","8":"product_cat-dji-batterijen","9":"product_cat-dji-matrice-400","10":"product_shipping_class-uavspacesall","11":"pa_brand-dji","12":"pa_producttype-enterprise-tethered-batterij","14":"first","15":"instock","16":"taxable","17":"shipping-taxable","18":"purchasable","19":"product-type-simple"},"acf":[],"yoast_head":"<!-- This site is optimized with the Yoast SEO Premium plugin v27.2 (Yoast SEO v27.2) - https:\/\/yoast.com\/product\/yoast-seo-premium-wordpress\/ -->\n<title>DJI TB100C Tethered Battery (2 stuks) - koningdrone.be<\/title>\n<meta name=\"robots\" content=\"index, follow, max-snippet:-1, max-image-preview:large, max-video-preview:-1\" \/>\n<link rel=\"canonical\" href=\"https:\/\/koningdrone.be\/fr\/produit\/dji-tb100c-tethered-battery-2-stuks\/\" \/>\n<meta property=\"og:locale\" content=\"fr_FR\" \/>\n<meta property=\"og:type\" content=\"article\" \/>\n<meta property=\"og:title\" content=\"DJI TB100C Tethered Battery (2 stuks)\" \/>\n<meta property=\"og:description\" content=\"Elke batterij heeft een capaciteit van 20.254 mAh \/ 977 Wh voor langdurige stroomvoorziening.  Ontworpen voor continu vliegen met goedgekeurde grondstroomvoorzieningen.  Slim energiebeheer en thermische regeling voor betrouwbare prestaties.  Gebouwd voor zakelijke missies zoals bewaking, uitzendingen of inspecties.  Duurzame constructie met maximaal 400 cycli voor een lange levensduur.\" \/>\n<meta property=\"og:url\" content=\"https:\/\/koningdrone.be\/fr\/produit\/dji-tb100c-tethered-battery-2-stuks\/\" \/>\n<meta property=\"og:site_name\" content=\"koningdrone.be\" \/>\n<meta property=\"article:modified_time\" content=\"2026-04-29T01:30:36+00:00\" \/>\n<meta property=\"og:image\" content=\"https:\/\/koningdrone.be\/wp-content\/uploads\/sites\/13\/2026\/03\/DJI-TB100C-Tethered-Battery-2-Pieces-Product.webp\" \/>\n\t<meta property=\"og:image:width\" content=\"2048\" \/>\n\t<meta property=\"og:image:height\" content=\"2048\" \/>\n\t<meta property=\"og:image:type\" content=\"image\/webp\" \/>\n<meta name=\"twitter:card\" content=\"summary_large_image\" \/>\n<meta name=\"twitter:label1\" content=\"Dur\u00e9e de lecture est.\" \/>\n\t<meta name=\"twitter:data1\" content=\"2 minutes\" \/>\n<script type=\"application\/ld+json\" class=\"yoast-schema-graph\">{\"@context\":\"https:\/\/schema.org\",\"@graph\":[{\"@type\":\"WebPage\",\"@id\":\"https:\/\/koningdrone.be\/product\/dji-tb100c-tethered-battery-2-stuks\/\",\"url\":\"https:\/\/koningdrone.be\/product\/dji-tb100c-tethered-battery-2-stuks\/\",\"name\":\"DJI TB100C Tethered Battery (2 stuks) - koningdrone.be\",\"isPartOf\":{\"@id\":\"https:\/\/koningdrone.be\/#website\"},\"primaryImageOfPage\":{\"@id\":\"https:\/\/koningdrone.be\/product\/dji-tb100c-tethered-battery-2-stuks\/#primaryimage\"},\"image\":{\"@id\":\"https:\/\/koningdrone.be\/product\/dji-tb100c-tethered-battery-2-stuks\/#primaryimage\"},\"thumbnailUrl\":\"https:\/\/koningdrone.be\/wp-content\/uploads\/sites\/13\/2026\/03\/DJI-TB100C-Tethered-Battery-2-Pieces-Product.webp\",\"datePublished\":\"2026-03-22T16:20:23+00:00\",\"dateModified\":\"2026-04-29T01:30:36+00:00\",\"breadcrumb\":{\"@id\":\"https:\/\/koningdrone.be\/product\/dji-tb100c-tethered-battery-2-stuks\/#breadcrumb\"},\"inLanguage\":\"fr-BE\",\"potentialAction\":[{\"@type\":\"ReadAction\",\"target\":[\"https:\/\/koningdrone.be\/product\/dji-tb100c-tethered-battery-2-stuks\/\"]}]},{\"@type\":\"ImageObject\",\"inLanguage\":\"fr-BE\",\"@id\":\"https:\/\/koningdrone.be\/product\/dji-tb100c-tethered-battery-2-stuks\/#primaryimage\",\"url\":\"https:\/\/koningdrone.be\/wp-content\/uploads\/sites\/13\/2026\/03\/DJI-TB100C-Tethered-Battery-2-Pieces-Product.webp\",\"contentUrl\":\"https:\/\/koningdrone.be\/wp-content\/uploads\/sites\/13\/2026\/03\/DJI-TB100C-Tethered-Battery-2-Pieces-Product.webp\",\"width\":2048,\"height\":2048},{\"@type\":\"BreadcrumbList\",\"@id\":\"https:\/\/koningdrone.be\/product\/dji-tb100c-tethered-battery-2-stuks\/#breadcrumb\",\"itemListElement\":[{\"@type\":\"ListItem\",\"position\":1,\"name\":\"Home\",\"item\":\"https:\/\/koningdrone.be\/\"},{\"@type\":\"ListItem\",\"position\":2,\"name\":\"AVSS Parachute Recovery System for DJI Matrice 300\/350\",\"item\":\"https:\/\/koningdrone.be\/product\/avss-parachute-recovery-system-for-dji-matrice-300-350\/\"},{\"@type\":\"ListItem\",\"position\":3,\"name\":\"Alle batterije\",\"item\":\"https:\/\/koningdrone.be\/categorie\/alle-batterije\/\"},{\"@type\":\"ListItem\",\"position\":4,\"name\":\"DJI TB100C Tethered Battery (2 stuks)\"}]},{\"@type\":\"WebSite\",\"@id\":\"https:\/\/koningdrone.be\/#website\",\"url\":\"https:\/\/koningdrone.be\/\",\"name\":\"Koningdrone.be - Uw online specialist in drones, gimbals, camera's en power stations.\",\"description\":\"De webshop in drones en gimbals\",\"publisher\":{\"@id\":\"https:\/\/koningdrone.be\/#organization\"},\"potentialAction\":[{\"@type\":\"SearchAction\",\"target\":{\"@type\":\"EntryPoint\",\"urlTemplate\":\"https:\/\/koningdrone.be\/?s={search_term_string}\"},\"query-input\":{\"@type\":\"PropertyValueSpecification\",\"valueRequired\":true,\"valueName\":\"search_term_string\"}}],\"inLanguage\":\"fr-BE\"},{\"@type\":\"Organization\",\"@id\":\"https:\/\/koningdrone.be\/#organization\",\"name\":\"Koningdrone.be\",\"url\":\"https:\/\/koningdrone.be\/\",\"logo\":{\"@type\":\"ImageObject\",\"inLanguage\":\"fr-BE\",\"@id\":\"https:\/\/koningdrone.be\/#\/schema\/logo\/image\/\",\"url\":\"https:\/\/koningdrone.be\/wp-content\/uploads\/sites\/13\/2025\/04\/koningdrone-copyright-logo.svg\",\"contentUrl\":\"https:\/\/koningdrone.be\/wp-content\/uploads\/sites\/13\/2025\/04\/koningdrone-copyright-logo.svg\",\"width\":227,\"height\":38,\"caption\":\"Koningdrone.be\"},\"image\":{\"@id\":\"https:\/\/koningdrone.be\/#\/schema\/logo\/image\/\"}}]}<\/script>\n<!-- \/ Yoast SEO Premium plugin. -->","yoast_head_json":{"title":"DJI TB100C Tethered Battery (2 stuks) - koningdrone.be","robots":{"index":"index","follow":"follow","max-snippet":"max-snippet:-1","max-image-preview":"max-image-preview:large","max-video-preview":"max-video-preview:-1"},"canonical":"https:\/\/koningdrone.be\/fr\/produit\/dji-tb100c-tethered-battery-2-stuks\/","og_locale":"fr_FR","og_type":"article","og_title":"DJI TB100C Tethered Battery (2 stuks)","og_description":"Elke batterij heeft een capaciteit van 20.254 mAh \/ 977 Wh voor langdurige stroomvoorziening.  Ontworpen voor continu vliegen met goedgekeurde grondstroomvoorzieningen.  Slim energiebeheer en thermische regeling voor betrouwbare prestaties.  Gebouwd voor zakelijke missies zoals bewaking, uitzendingen of inspecties.  Duurzame constructie met maximaal 400 cycli voor een lange levensduur.","og_url":"https:\/\/koningdrone.be\/fr\/produit\/dji-tb100c-tethered-battery-2-stuks\/","og_site_name":"koningdrone.be","article_modified_time":"2026-04-29T01:30:36+00:00","og_image":[{"width":2048,"height":2048,"url":"https:\/\/koningdrone.be\/wp-content\/uploads\/sites\/13\/2026\/03\/DJI-TB100C-Tethered-Battery-2-Pieces-Product.webp","type":"image\/webp"}],"twitter_card":"summary_large_image","twitter_misc":{"Dur\u00e9e de lecture est.":"2 minutes"},"schema":{"@context":"https:\/\/schema.org","@graph":[{"@type":"WebPage","@id":"https:\/\/koningdrone.be\/product\/dji-tb100c-tethered-battery-2-stuks\/","url":"https:\/\/koningdrone.be\/product\/dji-tb100c-tethered-battery-2-stuks\/","name":"DJI TB100C Tethered Battery (2 stuks) - koningdrone.be","isPartOf":{"@id":"https:\/\/koningdrone.be\/#website"},"primaryImageOfPage":{"@id":"https:\/\/koningdrone.be\/product\/dji-tb100c-tethered-battery-2-stuks\/#primaryimage"},"image":{"@id":"https:\/\/koningdrone.be\/product\/dji-tb100c-tethered-battery-2-stuks\/#primaryimage"},"thumbnailUrl":"https:\/\/koningdrone.be\/wp-content\/uploads\/sites\/13\/2026\/03\/DJI-TB100C-Tethered-Battery-2-Pieces-Product.webp","datePublished":"2026-03-22T16:20:23+00:00","dateModified":"2026-04-29T01:30:36+00:00","breadcrumb":{"@id":"https:\/\/koningdrone.be\/product\/dji-tb100c-tethered-battery-2-stuks\/#breadcrumb"},"inLanguage":"fr-BE","potentialAction":[{"@type":"ReadAction","target":["https:\/\/koningdrone.be\/product\/dji-tb100c-tethered-battery-2-stuks\/"]}]},{"@type":"ImageObject","inLanguage":"fr-BE","@id":"https:\/\/koningdrone.be\/product\/dji-tb100c-tethered-battery-2-stuks\/#primaryimage","url":"https:\/\/koningdrone.be\/wp-content\/uploads\/sites\/13\/2026\/03\/DJI-TB100C-Tethered-Battery-2-Pieces-Product.webp","contentUrl":"https:\/\/koningdrone.be\/wp-content\/uploads\/sites\/13\/2026\/03\/DJI-TB100C-Tethered-Battery-2-Pieces-Product.webp","width":2048,"height":2048},{"@type":"BreadcrumbList","@id":"https:\/\/koningdrone.be\/product\/dji-tb100c-tethered-battery-2-stuks\/#breadcrumb","itemListElement":[{"@type":"ListItem","position":1,"name":"Home","item":"https:\/\/koningdrone.be\/"},{"@type":"ListItem","position":2,"name":"AVSS Parachute Recovery System for DJI Matrice 300\/350","item":"https:\/\/koningdrone.be\/product\/avss-parachute-recovery-system-for-dji-matrice-300-350\/"},{"@type":"ListItem","position":3,"name":"Alle batterije","item":"https:\/\/koningdrone.be\/categorie\/alle-batterije\/"},{"@type":"ListItem","position":4,"name":"DJI TB100C Tethered Battery (2 stuks)"}]},{"@type":"WebSite","@id":"https:\/\/koningdrone.be\/#website","url":"https:\/\/koningdrone.be\/","name":"Koningdrone.be - Votre sp\u00e9cialiste en ligne en mati\u00e8re de drones, de cardans, de cam\u00e9ras et de centrales \u00e9lectriques.","description":"La boutique en ligne de drones et de cardans","publisher":{"@id":"https:\/\/koningdrone.be\/#organization"},"potentialAction":[{"@type":"SearchAction","target":{"@type":"EntryPoint","urlTemplate":"https:\/\/koningdrone.be\/?s={search_term_string}"},"query-input":{"@type":"PropertyValueSpecification","valueRequired":true,"valueName":"search_term_string"}}],"inLanguage":"fr-BE"},{"@type":"Organization","@id":"https:\/\/koningdrone.be\/#organization","name":"Kingdrone.co.uk","url":"https:\/\/koningdrone.be\/","logo":{"@type":"ImageObject","inLanguage":"fr-BE","@id":"https:\/\/koningdrone.be\/#\/schema\/logo\/image\/","url":"https:\/\/koningdrone.be\/wp-content\/uploads\/sites\/13\/2025\/04\/koningdrone-copyright-logo.svg","contentUrl":"https:\/\/koningdrone.be\/wp-content\/uploads\/sites\/13\/2025\/04\/koningdrone-copyright-logo.svg","width":227,"height":38,"caption":"Koningdrone.be"},"image":{"@id":"https:\/\/koningdrone.be\/#\/schema\/logo\/image\/"}}]}},"df_price":3933,"df_sale_price":"","df_regular_price":3933,"df_image_link":"https:\/\/koningdrone.be\/wp-content\/uploads\/sites\/13\/2026\/03\/DJI-TB100C-Tethered-Battery-2-Pieces-Product-300x300.webp","_links":{"self":[{"href":"https:\/\/koningdrone.be\/fr\/wp-json\/wp\/v2\/product\/17195","targetHints":{"allow":["GET"]}}],"collection":[{"href":"https:\/\/koningdrone.be\/fr\/wp-json\/wp\/v2\/product"}],"about":[{"href":"https:\/\/koningdrone.be\/fr\/wp-json\/wp\/v2\/types\/product"}],"wp:featuredmedia":[{"embeddable":true,"href":"https:\/\/koningdrone.be\/fr\/wp-json\/wp\/v2\/media\/17190"}],"wp:attachment":[{"href":"https:\/\/koningdrone.be\/fr\/wp-json\/wp\/v2\/media?parent=17195"}],"wp:term":[{"taxonomy":"product_brand","embeddable":true,"href":"https:\/\/koningdrone.be\/fr\/wp-json\/wp\/v2\/product_brand?post=17195"},{"taxonomy":"product_cat","embeddable":true,"href":"https:\/\/koningdrone.be\/fr\/wp-json\/wp\/v2\/product_cat?post=17195"},{"taxonomy":"product_tag","embeddable":true,"href":"https:\/\/koningdrone.be\/fr\/wp-json\/wp\/v2\/product_tag?post=17195"}],"curies":[{"name":"wp","href":"https:\/\/api.w.org\/{rel}","templated":true}]}}