{"id":17169,"date":"2026-03-22T17:05:48","date_gmt":"2026-03-22T16:05:48","guid":{"rendered":"https:\/\/koningdrone.be\/?post_type=product&#038;p=17169"},"modified":"2026-04-29T03:30:35","modified_gmt":"2026-04-29T01:30:35","slug":"dji-matrice-400-tb100-intelligent-flight-battery-3-stuks","status":"publish","type":"product","link":"https:\/\/koningdrone.be\/fr\/produit\/dji-matrice-400-tb100-intelligent-flight-battery-3-stuks\/","title":{"rendered":"DJI Matrice 400 - TB100 Batterie de vol intelligente (3 pi\u00e8ces)"},"content":{"rendered":"<h3>DJI Matrice 400 - TB100 Batterie de vol intelligente (3 pi\u00e8ces)<\/h3>\n<p><iframe loading=\"lazy\" title=\"DJI Matrice 400\uff5cUtilisation de la station de recharge et de la batterie\" width=\"800\" height=\"450\" src=\"https:\/\/www.youtube.com\/embed\/DW2VgLXmBmI?feature=oembed&#038;enablejsapi=1&#038;origin=https:\/\/koningdrone.be\" frameborder=\"0\" allow=\"accelerometer; autoplay; clipboard-write; encrypted-media; gyroscope; picture-in-picture; web-share\" referrerpolicy=\"strict-origin-when-cross-origin\" allowfullscreen><\/iframe><\/p>\n<p style=\"margin: 20px 0\"><strong><span dir=\"auto\" style=\"vertical-align: inherit\"><span dir=\"auto\" style=\"vertical-align: inherit\">Batterie de vol intelligente DJI TB100 3-Pack<\/span><\/span><\/strong><span dir=\"auto\" style=\"vertical-align: inherit\"><span dir=\"auto\" style=\"vertical-align: inherit\"> est une solution d'alimentation puissante con\u00e7ue pour les utilisateurs professionnels des drones de la s\u00e9rie DJI Matrice 400. Ces batteries offrent des temps de vol exceptionnellement longs et une gestion avanc\u00e9e de l'alimentation, permettant aux pilotes d'effectuer des missions exigeantes sans temps d'arr\u00eat significatif. Chaque batterie dispose d'une surveillance intelligente et d'une fonctionnalit\u00e9 de remplacement \u00e0 chaud, ce qui rend ce lot de trois id\u00e9al pour la photographie a\u00e9rienne, la cartographie, les inspections, les op\u00e9rations de recherche et de sauvetage et d'autres applications commerciales. Con\u00e7ues pour \u00eatre fiables et durables, ces batteries permettent \u00e0 votre Matrice 400 de voler plus longtemps et plus efficacement.<\/span><\/span><\/p>\n<p><a href=\"https:\/\/koningdrone.nl\/wp-content\/uploads\/2026\/03\/DJI-Matrice-400-TB100-Intelligent-Flight-Battery-3-stuks.webp\"><img loading=\"lazy\" decoding=\"async\" class=\"size-full wp-image-467351 aligncenter\" src=\"https:\/\/koningdrone.nl\/wp-content\/uploads\/2026\/03\/DJI-Matrice-400-TB100-Intelligent-Flight-Battery-3-stuks.webp\" alt=\"DJI Matrice 400 - TB100 Intelligent Flight Battery (3 stuks)\" width=\"1200\" height=\"800\" \/><\/a><\/p>\n<h4><span dir=\"auto\" style=\"vertical-align: inherit\"><span dir=\"auto\" style=\"vertical-align: inherit\">Performance et fonctionnalit\u00e9<\/span><\/span><\/h4>\n<p><span dir=\"auto\" style=\"vertical-align: inherit\"><span dir=\"auto\" style=\"vertical-align: inherit\">Avec une capacit\u00e9 impressionnante de <\/span><\/span><strong><span dir=\"auto\" style=\"vertical-align: inherit\"><span dir=\"auto\" style=\"vertical-align: inherit\">20 254 mAh<\/span><\/span><\/strong><span dir=\"auto\" style=\"vertical-align: inherit\"><span dir=\"auto\" style=\"vertical-align: inherit\"> et <\/span><\/span><strong><span dir=\"auto\" style=\"vertical-align: inherit\"><span dir=\"auto\" style=\"vertical-align: inherit\">977 Wh d'\u00e9nergie<\/span><\/span><\/strong><span dir=\"auto\" style=\"vertical-align: inherit\"><span dir=\"auto\" style=\"vertical-align: inherit\"> , Chaque batterie TB100 permet de prolonger le temps de vol jusqu'\u00e0 environ <\/span><\/span><strong><span dir=\"auto\" style=\"vertical-align: inherit\"><span dir=\"auto\" style=\"vertical-align: inherit\">59 minutes<\/span><\/span><\/strong><span dir=\"auto\" style=\"vertical-align: inherit\"><span dir=\"auto\" style=\"vertical-align: inherit\"> , en fonction du poids de la charge et des conditions. La conception intelligente prend en charge le remplacement \u00e0 chaud, ce qui signifie que vous pouvez remplacer une batterie sans \u00e9teindre le drone ni perdre la connectivit\u00e9 GPS, r\u00e9duisant ainsi les temps d'arr\u00eat pendant les op\u00e9rations critiques. La gestion avanc\u00e9e de la batterie prot\u00e8ge contre les surcharges, les d\u00e9charges profondes, les courts-circuits et les temp\u00e9ratures extr\u00eames, garantissant ainsi des performances constantes dans toutes les conditions.<\/span><\/span><\/p>\n<h4><span dir=\"auto\" style=\"vertical-align: inherit\"><span dir=\"auto\" style=\"vertical-align: inherit\">Qualit\u00e9 de construction et conception<\/span><\/span><\/h4>\n<p><span dir=\"auto\" style=\"vertical-align: inherit\"><span dir=\"auto\" style=\"vertical-align: inherit\">Chaque batterie TB100 est construite avec des composants \u00e0 haute densit\u00e9 \u00e9nerg\u00e9tique. <\/span><\/span><strong><span dir=\"auto\" style=\"vertical-align: inherit\"><span dir=\"auto\" style=\"vertical-align: inherit\">Cellules Li-ion 13S<\/span><\/span><\/strong><span dir=\"auto\" style=\"vertical-align: inherit\"><span dir=\"auto\" style=\"vertical-align: inherit\"> et offre jusqu'\u00e0 <\/span><\/span><strong><span dir=\"auto\" style=\"vertical-align: inherit\"><span dir=\"auto\" style=\"vertical-align: inherit\">400 cycles de charge<\/span><\/span><\/strong><span dir=\"auto\" style=\"vertical-align: inherit\"><span dir=\"auto\" style=\"vertical-align: inherit\"> , r\u00e9duisant ainsi le co\u00fbt par mission. La conception \u00e0 insertion par le haut et la poign\u00e9e ergonomique garantissent une installation rapide et s\u00fbre dans la Matrice 400. La construction robuste est adapt\u00e9e aux environnements industriels, tandis que l'auto-chauffage interne assure un soutien \u00e0 basse temp\u00e9rature pour un fonctionnement fiable.<\/span><\/span><\/p>\n<p style=\"text-align: center\"><a href=\"https:\/\/koningdrone.nl\/wp-content\/uploads\/2026\/03\/DJI-Matrice-400-TB100-Intelligent-Flight-Battery-3-stuks-Product.webp\"><img loading=\"lazy\" decoding=\"async\" class=\"aligncenter wp-image-467350 size-medium\" src=\"https:\/\/koningdrone.nl\/wp-content\/uploads\/2026\/03\/DJI-Matrice-400-TB100-Intelligent-Flight-Battery-3-stuks-Product-300x300.webp\" alt=\"DJI Matrice 400 - TB100 Intelligent Flight Battery (3 stuks) Product\" width=\"300\" height=\"300\" \/><\/a><\/p>\n<h4><span dir=\"auto\" style=\"vertical-align: inherit\"><span dir=\"auto\" style=\"vertical-align: inherit\">Pourquoi vous en avez besoin<\/span><\/span><\/h4>\n<p><span dir=\"auto\" style=\"vertical-align: inherit\"><span dir=\"auto\" style=\"vertical-align: inherit\">Pour les op\u00e9rateurs de drones professionnels qui appr\u00e9cient l'endurance et la fiabilit\u00e9, ce pack de 3 batteries TB100 Intelligent Flight est essentiel. Il maximise le temps de vol, rationalise le flux de travail et maintient votre Matrice 400 op\u00e9rationnelle avec moins d'interruptions. Investir dans plusieurs batteries signifie plus de vols et moins d'attente, en particulier lorsque les vols de longue dur\u00e9e sont cruciaux.<\/span><\/span><\/p>\n<p><iframe loading=\"lazy\" title=\"DJI Matrice 400 : Tout ce qu&#039;il faut savoir\" width=\"800\" height=\"450\" src=\"https:\/\/www.youtube.com\/embed\/Cc7UMhmshpI?feature=oembed&#038;enablejsapi=1&#038;origin=https:\/\/koningdrone.be\" frameborder=\"0\" allow=\"accelerometer; autoplay; clipboard-write; encrypted-media; gyroscope; picture-in-picture; web-share\" referrerpolicy=\"strict-origin-when-cross-origin\" allowfullscreen><\/iframe><\/p>","protected":false},"excerpt":{"rendered":"<ul>\n<li><span dir=\"auto\" style=\"vertical-align: inherit\"><span dir=\"auto\" style=\"vertical-align: inherit\">Batteries haute capacit\u00e9 de 20 254 mAh qui prolongent le temps de vol d'environ 59 minutes chacune.<\/span><\/span><\/li>\n<li><span dir=\"auto\" style=\"vertical-align: inherit\"><span dir=\"auto\" style=\"vertical-align: inherit\">Conception intelligente de remplacement \u00e0 chaud, permettant de remplacer les piles sans \u00e9teindre l'appareil ni perdre la connexion GPS.<\/span><\/span><\/li>\n<li><span dir=\"auto\" style=\"vertical-align: inherit\"><span dir=\"auto\" style=\"vertical-align: inherit\">La gestion intelligente int\u00e9gr\u00e9e prot\u00e8ge contre les surcharges, les d\u00e9charges excessives et les temp\u00e9ratures extr\u00eames.<\/span><\/span><\/li>\n<li><span dir=\"auto\" style=\"vertical-align: inherit\"><span dir=\"auto\" style=\"vertical-align: inherit\">Con\u00e7u pour une dur\u00e9e de 400 cycles pour une fiabilit\u00e9 \u00e0 long terme.<\/span><\/span><\/li>\n<li><span dir=\"auto\" style=\"vertical-align: inherit\"><span dir=\"auto\" style=\"vertical-align: inherit\">Construction robuste Li-ion et design ergonomique pour une utilisation professionnelle.<\/span><\/span><\/li>\n<\/ul>","protected":false},"featured_media":17164,"template":"","meta":{"_acf_changed":false},"product_brand":[],"product_cat":[617,113,1729,1583],"product_tag":[],"class_list":{"0":"post-17169","1":"product","2":"type-product","3":"status-publish","4":"has-post-thumbnail","6":"product_cat-alle-batterije","7":"product_cat-alle-batterijen","8":"product_cat-dji-batterijen","9":"product_cat-dji-matrice-400","10":"product_shipping_class-uavspacesall","11":"pa_brand-dji","12":"pa_producttype-lithium-ion-vliegaccu-voor-drones","14":"first","15":"instock","16":"taxable","17":"shipping-taxable","18":"purchasable","19":"product-type-simple"},"acf":[],"yoast_head":"<!-- This site is optimized with the Yoast SEO Premium plugin v27.2 (Yoast SEO v27.2) - https:\/\/yoast.com\/product\/yoast-seo-premium-wordpress\/ -->\n<title>DJI Matrice 400 - TB100 Intelligent Flight Battery (3 stuks) - koningdrone.be<\/title>\n<meta name=\"robots\" content=\"index, follow, max-snippet:-1, max-image-preview:large, max-video-preview:-1\" \/>\n<link rel=\"canonical\" href=\"https:\/\/koningdrone.be\/fr\/produit\/dji-matrice-400-tb100-intelligent-flight-battery-3-stuks\/\" \/>\n<meta property=\"og:locale\" content=\"fr_FR\" \/>\n<meta property=\"og:type\" content=\"article\" \/>\n<meta property=\"og:title\" content=\"DJI Matrice 400 - TB100 Intelligent Flight Battery (3 stuks)\" \/>\n<meta property=\"og:description\" content=\"High-capacity batteries of 20,254 mAh that extend flight time by approximately 59 minutes each.  Intelligent hot-swap design, so you can replace the batteries without turning off the device or losing the GPS connection.  Built-in smart management protects against overcharging, excessive discharging, and extreme temperatures.  Designed for up to 400 cycles for long-term reliability.  Robust Li-ion construction and ergonomic design for professional use.\" \/>\n<meta property=\"og:url\" content=\"https:\/\/koningdrone.be\/fr\/produit\/dji-matrice-400-tb100-intelligent-flight-battery-3-stuks\/\" \/>\n<meta property=\"og:site_name\" content=\"koningdrone.be\" \/>\n<meta property=\"article:modified_time\" content=\"2026-04-29T01:30:35+00:00\" \/>\n<meta property=\"og:image\" content=\"https:\/\/koningdrone.be\/wp-content\/uploads\/sites\/13\/2026\/03\/TB100-Intelligent-Flight-Battery-3-stuks-DJI-Matrice-400.webp\" \/>\n\t<meta property=\"og:image:width\" content=\"2048\" \/>\n\t<meta property=\"og:image:height\" content=\"2048\" \/>\n\t<meta property=\"og:image:type\" content=\"image\/webp\" \/>\n<meta name=\"twitter:card\" content=\"summary_large_image\" \/>\n<meta name=\"twitter:label1\" content=\"Dur\u00e9e de lecture est.\" \/>\n\t<meta name=\"twitter:data1\" content=\"2 minutes\" \/>\n<script type=\"application\/ld+json\" class=\"yoast-schema-graph\">{\"@context\":\"https:\/\/schema.org\",\"@graph\":[{\"@type\":\"WebPage\",\"@id\":\"https:\/\/koningdrone.be\/product\/dji-matrice-400-tb100-intelligent-flight-battery-3-stuks\/\",\"url\":\"https:\/\/koningdrone.be\/product\/dji-matrice-400-tb100-intelligent-flight-battery-3-stuks\/\",\"name\":\"DJI Matrice 400 - TB100 Intelligent Flight Battery (3 stuks) - koningdrone.be\",\"isPartOf\":{\"@id\":\"https:\/\/koningdrone.be\/#website\"},\"primaryImageOfPage\":{\"@id\":\"https:\/\/koningdrone.be\/product\/dji-matrice-400-tb100-intelligent-flight-battery-3-stuks\/#primaryimage\"},\"image\":{\"@id\":\"https:\/\/koningdrone.be\/product\/dji-matrice-400-tb100-intelligent-flight-battery-3-stuks\/#primaryimage\"},\"thumbnailUrl\":\"https:\/\/koningdrone.be\/wp-content\/uploads\/sites\/13\/2026\/03\/TB100-Intelligent-Flight-Battery-3-stuks-DJI-Matrice-400.webp\",\"datePublished\":\"2026-03-22T16:05:48+00:00\",\"dateModified\":\"2026-04-29T01:30:35+00:00\",\"breadcrumb\":{\"@id\":\"https:\/\/koningdrone.be\/product\/dji-matrice-400-tb100-intelligent-flight-battery-3-stuks\/#breadcrumb\"},\"inLanguage\":\"fr-BE\",\"potentialAction\":[{\"@type\":\"ReadAction\",\"target\":[\"https:\/\/koningdrone.be\/product\/dji-matrice-400-tb100-intelligent-flight-battery-3-stuks\/\"]}]},{\"@type\":\"ImageObject\",\"inLanguage\":\"fr-BE\",\"@id\":\"https:\/\/koningdrone.be\/product\/dji-matrice-400-tb100-intelligent-flight-battery-3-stuks\/#primaryimage\",\"url\":\"https:\/\/koningdrone.be\/wp-content\/uploads\/sites\/13\/2026\/03\/TB100-Intelligent-Flight-Battery-3-stuks-DJI-Matrice-400.webp\",\"contentUrl\":\"https:\/\/koningdrone.be\/wp-content\/uploads\/sites\/13\/2026\/03\/TB100-Intelligent-Flight-Battery-3-stuks-DJI-Matrice-400.webp\",\"width\":2048,\"height\":2048},{\"@type\":\"BreadcrumbList\",\"@id\":\"https:\/\/koningdrone.be\/product\/dji-matrice-400-tb100-intelligent-flight-battery-3-stuks\/#breadcrumb\",\"itemListElement\":[{\"@type\":\"ListItem\",\"position\":1,\"name\":\"Home\",\"item\":\"https:\/\/koningdrone.be\/\"},{\"@type\":\"ListItem\",\"position\":2,\"name\":\"AVSS Parachute Recovery System for DJI Matrice 300\/350\",\"item\":\"https:\/\/koningdrone.be\/product\/avss-parachute-recovery-system-for-dji-matrice-300-350\/\"},{\"@type\":\"ListItem\",\"position\":3,\"name\":\"Alle batterije\",\"item\":\"https:\/\/koningdrone.be\/categorie\/alle-batterije\/\"},{\"@type\":\"ListItem\",\"position\":4,\"name\":\"DJI Matrice 400 &#8211; TB100 Intelligent Flight Battery (3 stuks)\"}]},{\"@type\":\"WebSite\",\"@id\":\"https:\/\/koningdrone.be\/#website\",\"url\":\"https:\/\/koningdrone.be\/\",\"name\":\"Koningdrone.be - Uw online specialist in drones, gimbals, camera's en power stations.\",\"description\":\"De webshop in drones en gimbals\",\"publisher\":{\"@id\":\"https:\/\/koningdrone.be\/#organization\"},\"potentialAction\":[{\"@type\":\"SearchAction\",\"target\":{\"@type\":\"EntryPoint\",\"urlTemplate\":\"https:\/\/koningdrone.be\/?s={search_term_string}\"},\"query-input\":{\"@type\":\"PropertyValueSpecification\",\"valueRequired\":true,\"valueName\":\"search_term_string\"}}],\"inLanguage\":\"fr-BE\"},{\"@type\":\"Organization\",\"@id\":\"https:\/\/koningdrone.be\/#organization\",\"name\":\"Koningdrone.be\",\"url\":\"https:\/\/koningdrone.be\/\",\"logo\":{\"@type\":\"ImageObject\",\"inLanguage\":\"fr-BE\",\"@id\":\"https:\/\/koningdrone.be\/#\/schema\/logo\/image\/\",\"url\":\"https:\/\/koningdrone.be\/wp-content\/uploads\/sites\/13\/2025\/04\/koningdrone-copyright-logo.svg\",\"contentUrl\":\"https:\/\/koningdrone.be\/wp-content\/uploads\/sites\/13\/2025\/04\/koningdrone-copyright-logo.svg\",\"width\":227,\"height\":38,\"caption\":\"Koningdrone.be\"},\"image\":{\"@id\":\"https:\/\/koningdrone.be\/#\/schema\/logo\/image\/\"}}]}<\/script>\n<!-- \/ Yoast SEO Premium plugin. -->","yoast_head_json":{"title":"DJI Matrice 400 - TB100 Intelligent Flight Battery (3 stuks) - koningdrone.be","robots":{"index":"index","follow":"follow","max-snippet":"max-snippet:-1","max-image-preview":"max-image-preview:large","max-video-preview":"max-video-preview:-1"},"canonical":"https:\/\/koningdrone.be\/fr\/produit\/dji-matrice-400-tb100-intelligent-flight-battery-3-stuks\/","og_locale":"fr_FR","og_type":"article","og_title":"DJI Matrice 400 - TB100 Intelligent Flight Battery (3 stuks)","og_description":"High-capacity batteries of 20,254 mAh that extend flight time by approximately 59 minutes each.  Intelligent hot-swap design, so you can replace the batteries without turning off the device or losing the GPS connection.  Built-in smart management protects against overcharging, excessive discharging, and extreme temperatures.  Designed for up to 400 cycles for long-term reliability.  Robust Li-ion construction and ergonomic design for professional use.","og_url":"https:\/\/koningdrone.be\/fr\/produit\/dji-matrice-400-tb100-intelligent-flight-battery-3-stuks\/","og_site_name":"koningdrone.be","article_modified_time":"2026-04-29T01:30:35+00:00","og_image":[{"width":2048,"height":2048,"url":"https:\/\/koningdrone.be\/wp-content\/uploads\/sites\/13\/2026\/03\/TB100-Intelligent-Flight-Battery-3-stuks-DJI-Matrice-400.webp","type":"image\/webp"}],"twitter_card":"summary_large_image","twitter_misc":{"Dur\u00e9e de lecture est.":"2 minutes"},"schema":{"@context":"https:\/\/schema.org","@graph":[{"@type":"WebPage","@id":"https:\/\/koningdrone.be\/product\/dji-matrice-400-tb100-intelligent-flight-battery-3-stuks\/","url":"https:\/\/koningdrone.be\/product\/dji-matrice-400-tb100-intelligent-flight-battery-3-stuks\/","name":"DJI Matrice 400 - TB100 Intelligent Flight Battery (3 stuks) - koningdrone.be","isPartOf":{"@id":"https:\/\/koningdrone.be\/#website"},"primaryImageOfPage":{"@id":"https:\/\/koningdrone.be\/product\/dji-matrice-400-tb100-intelligent-flight-battery-3-stuks\/#primaryimage"},"image":{"@id":"https:\/\/koningdrone.be\/product\/dji-matrice-400-tb100-intelligent-flight-battery-3-stuks\/#primaryimage"},"thumbnailUrl":"https:\/\/koningdrone.be\/wp-content\/uploads\/sites\/13\/2026\/03\/TB100-Intelligent-Flight-Battery-3-stuks-DJI-Matrice-400.webp","datePublished":"2026-03-22T16:05:48+00:00","dateModified":"2026-04-29T01:30:35+00:00","breadcrumb":{"@id":"https:\/\/koningdrone.be\/product\/dji-matrice-400-tb100-intelligent-flight-battery-3-stuks\/#breadcrumb"},"inLanguage":"fr-BE","potentialAction":[{"@type":"ReadAction","target":["https:\/\/koningdrone.be\/product\/dji-matrice-400-tb100-intelligent-flight-battery-3-stuks\/"]}]},{"@type":"ImageObject","inLanguage":"fr-BE","@id":"https:\/\/koningdrone.be\/product\/dji-matrice-400-tb100-intelligent-flight-battery-3-stuks\/#primaryimage","url":"https:\/\/koningdrone.be\/wp-content\/uploads\/sites\/13\/2026\/03\/TB100-Intelligent-Flight-Battery-3-stuks-DJI-Matrice-400.webp","contentUrl":"https:\/\/koningdrone.be\/wp-content\/uploads\/sites\/13\/2026\/03\/TB100-Intelligent-Flight-Battery-3-stuks-DJI-Matrice-400.webp","width":2048,"height":2048},{"@type":"BreadcrumbList","@id":"https:\/\/koningdrone.be\/product\/dji-matrice-400-tb100-intelligent-flight-battery-3-stuks\/#breadcrumb","itemListElement":[{"@type":"ListItem","position":1,"name":"Home","item":"https:\/\/koningdrone.be\/"},{"@type":"ListItem","position":2,"name":"AVSS Parachute Recovery System for DJI Matrice 300\/350","item":"https:\/\/koningdrone.be\/product\/avss-parachute-recovery-system-for-dji-matrice-300-350\/"},{"@type":"ListItem","position":3,"name":"Alle batterije","item":"https:\/\/koningdrone.be\/categorie\/alle-batterije\/"},{"@type":"ListItem","position":4,"name":"DJI Matrice 400 &#8211; TB100 Intelligent Flight Battery (3 stuks)"}]},{"@type":"WebSite","@id":"https:\/\/koningdrone.be\/#website","url":"https:\/\/koningdrone.be\/","name":"Koningdrone.be - Votre sp\u00e9cialiste en ligne en mati\u00e8re de drones, de cardans, de cam\u00e9ras et de centrales \u00e9lectriques.","description":"La boutique en ligne de drones et de cardans","publisher":{"@id":"https:\/\/koningdrone.be\/#organization"},"potentialAction":[{"@type":"SearchAction","target":{"@type":"EntryPoint","urlTemplate":"https:\/\/koningdrone.be\/?s={search_term_string}"},"query-input":{"@type":"PropertyValueSpecification","valueRequired":true,"valueName":"search_term_string"}}],"inLanguage":"fr-BE"},{"@type":"Organization","@id":"https:\/\/koningdrone.be\/#organization","name":"Kingdrone.co.uk","url":"https:\/\/koningdrone.be\/","logo":{"@type":"ImageObject","inLanguage":"fr-BE","@id":"https:\/\/koningdrone.be\/#\/schema\/logo\/image\/","url":"https:\/\/koningdrone.be\/wp-content\/uploads\/sites\/13\/2025\/04\/koningdrone-copyright-logo.svg","contentUrl":"https:\/\/koningdrone.be\/wp-content\/uploads\/sites\/13\/2025\/04\/koningdrone-copyright-logo.svg","width":227,"height":38,"caption":"Koningdrone.be"},"image":{"@id":"https:\/\/koningdrone.be\/#\/schema\/logo\/image\/"}}]}},"df_price":5427,"df_sale_price":"","df_regular_price":5427,"df_image_link":"https:\/\/koningdrone.be\/wp-content\/uploads\/sites\/13\/2026\/03\/TB100-Intelligent-Flight-Battery-3-stuks-DJI-Matrice-400-300x300.webp","_links":{"self":[{"href":"https:\/\/koningdrone.be\/fr\/wp-json\/wp\/v2\/product\/17169","targetHints":{"allow":["GET"]}}],"collection":[{"href":"https:\/\/koningdrone.be\/fr\/wp-json\/wp\/v2\/product"}],"about":[{"href":"https:\/\/koningdrone.be\/fr\/wp-json\/wp\/v2\/types\/product"}],"wp:featuredmedia":[{"embeddable":true,"href":"https:\/\/koningdrone.be\/fr\/wp-json\/wp\/v2\/media\/17164"}],"wp:attachment":[{"href":"https:\/\/koningdrone.be\/fr\/wp-json\/wp\/v2\/media?parent=17169"}],"wp:term":[{"taxonomy":"product_brand","embeddable":true,"href":"https:\/\/koningdrone.be\/fr\/wp-json\/wp\/v2\/product_brand?post=17169"},{"taxonomy":"product_cat","embeddable":true,"href":"https:\/\/koningdrone.be\/fr\/wp-json\/wp\/v2\/product_cat?post=17169"},{"taxonomy":"product_tag","embeddable":true,"href":"https:\/\/koningdrone.be\/fr\/wp-json\/wp\/v2\/product_tag?post=17169"}],"curies":[{"name":"wp","href":"https:\/\/api.w.org\/{rel}","templated":true}]}}