{"id":17159,"date":"2026-03-22T08:34:02","date_gmt":"2026-03-22T07:34:02","guid":{"rendered":"https:\/\/koningdrone.be\/?post_type=product&#038;p=17159"},"modified":"2026-04-29T03:30:03","modified_gmt":"2026-04-29T01:30:03","slug":"dji-matrice-400-worry-free-plus-combo","status":"publish","type":"product","link":"https:\/\/koningdrone.be\/fr\/produit\/dji-matrice-400-worry-free-plus-combo\/","title":{"rendered":"DJI Matrice 400 Worry free plus combo"},"content":{"rendered":"<h3>DJI Matrice 400 Worry-Free Plus Combo - S\u00e9curit\u00e9 maximale pour les op\u00e9rations critiques<\/h3>\n<p><iframe loading=\"lazy\" title=\"DJI Matrice 400 : Tout ce qu&#039;il faut savoir\" width=\"800\" height=\"450\" src=\"https:\/\/www.youtube.com\/embed\/Cc7UMhmshpI?feature=oembed&#038;enablejsapi=1&#038;origin=https:\/\/koningdrone.be\" frameborder=\"0\" allow=\"accelerometer; autoplay; clipboard-write; encrypted-media; gyroscope; picture-in-picture; web-share\" referrerpolicy=\"strict-origin-when-cross-origin\" allowfullscreen><\/iframe><\/p>\n<p data-start=\"330\" data-end=\"593\"><strong data-start=\"330\" data-end=\"593\">Le Combo DJI Matrice 400 Worry-Free Plus est con\u00e7u pour les organisations qui ne laissent aucune place aux temps d'arr\u00eat. Cette offre compl\u00e8te pour les entreprises associe la puissance et les performances de la Matrice 400 \u00e0 un service d'assistance complet et \u00e0 des accessoires essentiels.<\/strong><\/p>\n<p data-start=\"595\" data-end=\"910\">Livr\u00e9 avec <strong data-start=\"614\" data-end=\"664\">1 an DJI Care Enterprise Plus (Care Refresh)<\/strong> pour une s\u00e9curit\u00e9 maximale pendant les op\u00e9rations, y compris une couverture en cas de dommages. En outre, cet ensemble comprend un <strong data-start=\"767\" data-end=\"803\">Batterie de vol intelligente TB100<\/strong> et un <strong data-start=\"811\" data-end=\"848\">Station de recharge intelligente BS100<\/strong>, Vous pouvez ainsi \u00eatre imm\u00e9diatement op\u00e9rationnel sans investissement suppl\u00e9mentaire.<\/p>\n<p data-start=\"912\" data-end=\"1066\">Id\u00e9al pour les inspections, les interventions d'urgence, la cartographie, les travaux en mer et les op\u00e9rations industrielles \u00e0 long terme o\u00f9 la fiabilit\u00e9 et la continuit\u00e9 sont essentielles.<\/p>\n<p><a href=\"https:\/\/koningdrone.nl\/wp-content\/uploads\/2026\/03\/DJI-Matrice-400-Worry-free-plus-combo.webp\"><img loading=\"lazy\" decoding=\"async\" class=\"size-full wp-image-467343 aligncenter\" src=\"https:\/\/koningdrone.nl\/wp-content\/uploads\/2026\/03\/DJI-Matrice-400-Worry-free-plus-combo.webp\" alt=\"DJI Matrice 400 Worry free plus combo\" width=\"1200\" height=\"800\" \/><\/a><\/p>\n<h4>Performance \u00e0 long terme et haute efficacit\u00e9<\/h4>\n<p><strong>Jusqu'\u00e0 59 minutes de vol<br \/>\n<\/strong>\u00a0Effectuez la cartographie des corridors, la surveillance des incendies de for\u00eat ou l'inspection des infrastructures en un seul vol.<\/p>\n<p><strong>Vitesse de croisi\u00e8re jusqu'\u00e0 25 m\/s<br \/>\n<\/strong>\u00a0Des d\u00e9placements plus rapides entre les points de passage augmentent la productivit\u00e9 par mission.<\/p>\n<p><strong>Piles intelligentes TB100<br \/>\n<\/strong>\u00a0Auto-chauffage \u00e0 basse temp\u00e9rature, jusqu'\u00e0 400 cycles de charge et charge compl\u00e8te en 45 minutes environ via la station de recharge.<\/p>\n<h4>Charge utile \u00e9lev\u00e9e et flexibilit\u00e9 multi-missions<\/h4>\n<p><strong>Capacit\u00e9 de charge maximale de 6 kg<br \/>\n<\/strong>\u00a0Prise en charge simultan\u00e9e de plusieurs charges utiles gr\u00e2ce \u00e0 quatre connecteurs E-Port V2, deux cardans orient\u00e9s vers le bas et un cardan suppl\u00e9mentaire suspendu.<\/p>\n<p style=\"text-align: center\"><a href=\"https:\/\/koningdrone.nl\/wp-content\/uploads\/2026\/03\/Product-DJI-Matrice-400-Worry-free-plus-combo.webp\"><img loading=\"lazy\" decoding=\"async\" class=\"alignnone wp-image-467341 size-medium\" src=\"https:\/\/koningdrone.nl\/wp-content\/uploads\/2026\/03\/Product-DJI-Matrice-400-Worry-free-plus-combo-300x300.webp\" alt=\"Product DJI Matrice 400 Worry free plus combo\" width=\"300\" height=\"300\" \/><\/a><\/p>\n<p><strong>Compatible avec :<\/strong><\/p>\n<ul>\n<li><strong>S\u00e9rie DJI Zenmuse H30<\/strong> - T\u00e9l\u00e9m\u00e8tre thermique et laser \u00e0 grand angle de vue et \u00e0 zoom pour les op\u00e9rations diurnes et nocturnes.<\/li>\n<li><strong>DJI Zenmuse L3 - <\/strong>LiDAR r\u00e9volutionnaire de 2 000 000 pts\/s avec deux cam\u00e9ras RVB de 100 MP pour une cartographie 3D ultra-pr\u00e9cise et une mod\u00e9lisation sup\u00e9rieure du terrain.<\/li>\n<li><strong>DJI Zenmuse P1<\/strong> - Appareil photo plein cadre de 45 MP pour l'arpentage et la mod\u00e9lisation.<\/li>\n<li><strong>DJI Zenmuse S1<\/strong> &amp; <strong>DJI Zenmuse V1<\/strong> - \u00c9clairage et haut-parleur pour les op\u00e9rations et les communications nocturnes.<\/li>\n<li><strong>DJI Manifold 3<\/strong> - IA embarqu\u00e9e avanc\u00e9e et traitement des donn\u00e9es en temps r\u00e9el.<\/li>\n<\/ul>\n<h4>S\u00fbr et fiable dans tous les environnements<\/h4>\n<p><strong>Protection IP55<br \/>\n<\/strong>\u00a0R\u00e9sistant \u00e0 la pluie, \u00e0 la poussi\u00e8re et au brouillard. Fonctionne entre -20 \u00b0C et 50 \u00b0C.<\/p>\n<p><strong>D\u00e9tection de triple entrave<br \/>\n<\/strong>\u00a0Le LiDAR rotatif, le radar \u00e0 ondes millim\u00e9triques et le syst\u00e8me de vision en couleur par faible luminosit\u00e9 d\u00e9tectent m\u00eame les petits obstacles dans l'obscurit\u00e9.<\/p>\n<p><strong>O4 Enterprise Enhanced transmission<br \/>\n<\/strong>\u00a0Vue en direct 1080p jusqu'\u00e0 40 km, avec double sauvegarde 4G et sub-2 GHz pour une connexion stable dans les environnements difficiles.<\/p>\n<p style=\"text-align: center\"><a href=\"https:\/\/koningdrone.nl\/wp-content\/uploads\/2026\/03\/Worry-free-plus-combo-Product-DJI-Matrice-400.webp\"><img loading=\"lazy\" decoding=\"async\" class=\"aligncenter wp-image-467339 size-medium\" src=\"https:\/\/koningdrone.nl\/wp-content\/uploads\/2026\/03\/Worry-free-plus-combo-Product-DJI-Matrice-400-300x300.webp\" alt=\"Worry free plus combo Product DJI Matrice 400\" width=\"300\" height=\"300\" \/><\/a><\/p>\n<h4>Fonctions d'\u00e9chappement intelligentes<\/h4>\n<ul>\n<li>Suivi intelligent et missions automatiques<\/li>\n<li>Suivi du terrain en temps r\u00e9el pour une altitude constante<\/li>\n<li>D\u00e9collage et atterrissage en toute s\u00e9curit\u00e9 sur des navires en mouvement<\/li>\n<li>Superpositions AR pour une meilleure connaissance de la situation<\/li>\n<\/ul>\n<h4>L'avantage Plus Combo - Moins de risques, plus de s\u00e9curit\u00e9<\/h4>\n<p>Le Combo Worry-Free Plus offre une couverture compl\u00e8te contre les dommages inattendus, un service prioritaire et un remplacement rapide en cas de besoin. Cela permet de minimiser les temps d'arr\u00eat et de prot\u00e9ger votre investissement pendant les op\u00e9rations intensives.<\/p>\n<h4>Ecosyst\u00e8me d'entreprise complet<\/h4>\n<ul>\n<li><strong>DJI RC Plus 2 Enterprise Enhanced<\/strong> - \u00c9cran 7,02 pouces 1400 nits, IP54, adapt\u00e9 aux environnements difficiles.<\/li>\n<li><strong>DJI BS100 Station de batterie<\/strong> - Charge simultan\u00e9ment et efficacement trois batteries TB100.<\/li>\n<li><strong>DJI D-RTK 3 Station multifonctionnelle<\/strong> - Positionnement au centim\u00e8tre pr\u00e8s.<\/li>\n<li><strong>DJI TB100C Tethered Battery<\/strong> - Alimentation \u00e9lectrique continue pour des op\u00e9rations de longue dur\u00e9e.<\/li>\n<\/ul>\n<h4>Logiciels et int\u00e9gration<\/h4>\n<ul>\n<li><strong>DJI FlightHub 2<\/strong> - Gestion de flotte bas\u00e9e sur le cloud et surveillance en direct.<\/li>\n<li><strong>DJI Terra<\/strong> - Reconstruction rapide en 2D et 3D.<\/li>\n<li><strong>DJI Modify<\/strong> - Optimisation du nuage de points pilot\u00e9e par l'IA.<\/li>\n<li>Support ouvert aux d\u00e9veloppeurs avec PSDK et MSDK pour des solutions personnalis\u00e9es.<\/li>\n<\/ul>\n<p style=\"text-align: center\"><a href=\"https:\/\/koningdrone.nl\/wp-content\/uploads\/2026\/03\/Worry-free-plus-combo-DJI-Matrice-400-Product.webp\"><img loading=\"lazy\" decoding=\"async\" class=\"aligncenter wp-image-467340 size-medium\" src=\"https:\/\/koningdrone.nl\/wp-content\/uploads\/2026\/03\/Worry-free-plus-combo-DJI-Matrice-400-Product-300x300.webp\" alt=\"Worry free plus combo DJI Matrice 400 Product\" width=\"300\" height=\"300\" \/><\/a><\/p>\n<h4>Pourquoi choisir le Combo Worry-Free Plus ?<\/h4>\n<p>Le DJI Matrice 400 Worry-Free Plus Combo est plus qu'un ensemble de drones. Il s'agit d'une solution compl\u00e8te d'exploitation a\u00e9rienne professionnelle avec une protection maximale, un temps d'arr\u00eat minimal et un d\u00e9ploiement complet dans des conditions difficiles.<\/p>\n<p style=\"margin-bottom: 20px\">Pour les organisations o\u00f9 la continuit\u00e9 et la fiabilit\u00e9 sont cruciales, ce Plus Combo offre la s\u00e9curit\u00e9 n\u00e9cessaire pour mener \u00e0 bien n'importe quelle mission en toute confiance.<\/p>\n<p><iframe loading=\"lazy\" title=\"Voici le DJI Matrice 400\" width=\"800\" height=\"450\" src=\"https:\/\/www.youtube.com\/embed\/3UrKq7xj7TI?feature=oembed&#038;enablejsapi=1&#038;origin=https:\/\/koningdrone.be\" frameborder=\"0\" allow=\"accelerometer; autoplay; clipboard-write; encrypted-media; gyroscope; picture-in-picture; web-share\" referrerpolicy=\"strict-origin-when-cross-origin\" allowfullscreen><\/iframe><\/p>","protected":false},"excerpt":{"rendered":"<ul>\n<li>Jusqu'\u00e0 59 minutes de vol r\u00e9el, m\u00eame avec une charge utile.<\/li>\n<li>Charge utile maximale de 6 kg, supportant jusqu'\u00e0 sept capteurs ou outils mont\u00e9s \u00e0 la fois.<\/li>\n<li>D\u00e9tection avanc\u00e9e d'obstacles par LiDAR rotatif, radar \u00e0 ondes millim\u00e9triques et syst\u00e8mes de vision multiples.<\/li>\n<li>Transmission vid\u00e9o jusqu'\u00e0 40 km avec le syst\u00e8me O4 Enterprise Enhanced.<\/li>\n<li>Conception robuste IP55 et large plage de temp\u00e9rature pour des performances fiables dans des environnements exigeants.<\/li>\n<\/ul>","protected":false},"featured_media":17574,"template":"","meta":{"_acf_changed":false},"product_brand":[],"product_cat":[135,1583],"product_tag":[],"class_list":{"0":"post-17159","1":"product","2":"type-product","3":"status-publish","4":"has-post-thumbnail","6":"product_cat-alle-drones","7":"product_cat-dji-matrice-400","8":"product_shipping_class-uavspacesall","9":"pa_brand-dji","10":"pa_producttype-professionele-drone-voor-bedrijven","11":"pa_series-matrice","13":"first","14":"instock","15":"taxable","16":"shipping-taxable","17":"purchasable","18":"product-type-simple"},"acf":[],"yoast_head":"<!-- This site is optimized with the Yoast SEO Premium plugin v27.2 (Yoast SEO v27.2) - https:\/\/yoast.com\/product\/yoast-seo-premium-wordpress\/ -->\n<title>DJI Matrice 400 Worry free plus combo - koningdrone.be<\/title>\n<meta name=\"robots\" content=\"index, follow, max-snippet:-1, max-image-preview:large, max-video-preview:-1\" \/>\n<link rel=\"canonical\" href=\"https:\/\/koningdrone.be\/fr\/produit\/dji-matrice-400-worry-free-plus-combo\/\" \/>\n<meta property=\"og:locale\" content=\"fr_FR\" \/>\n<meta property=\"og:type\" content=\"article\" \/>\n<meta property=\"og:title\" content=\"DJI Matrice 400 Worry free plus combo\" \/>\n<meta property=\"og:description\" content=\"Tot 59 minuten echte vliegtijd, zelfs met payload bevestigd.  Maximaal laadvermogen van 6 kg, met ondersteuning voor maximaal zeven gemonteerde sensoren of tools tegelijk.  Geavanceerde obstakeldetectie via roterende LiDAR, mmWave-radar en meervoudige visiesystemen.  Videotransmissie tot 40 km met het O4 Enterprise Enhanced-systeem.  Robuust IP55-ontwerp en breed temperatuurbereik voor betrouwbare prestaties in veeleisende omgevingen.\" \/>\n<meta property=\"og:url\" content=\"https:\/\/koningdrone.be\/fr\/produit\/dji-matrice-400-worry-free-plus-combo\/\" \/>\n<meta property=\"og:site_name\" content=\"koningdrone.be\" \/>\n<meta property=\"article:modified_time\" content=\"2026-04-29T01:30:03+00:00\" \/>\n<meta property=\"og:image\" content=\"https:\/\/koningdrone.be\/wp-content\/uploads\/sites\/13\/2026\/03\/DJI-Matrice-400-Drone-Worry-Free-Plus-Combo-main-image-1.webp\" \/>\n\t<meta property=\"og:image:width\" content=\"1200\" \/>\n\t<meta property=\"og:image:height\" content=\"1200\" \/>\n\t<meta property=\"og:image:type\" content=\"image\/webp\" \/>\n<meta name=\"twitter:card\" content=\"summary_large_image\" \/>\n<meta name=\"twitter:label1\" content=\"Dur\u00e9e de lecture est.\" \/>\n\t<meta name=\"twitter:data1\" content=\"4 minutes\" \/>\n<script type=\"application\/ld+json\" class=\"yoast-schema-graph\">{\"@context\":\"https:\/\/schema.org\",\"@graph\":[{\"@type\":\"WebPage\",\"@id\":\"https:\/\/koningdrone.be\/product\/dji-matrice-400-worry-free-plus-combo\/\",\"url\":\"https:\/\/koningdrone.be\/product\/dji-matrice-400-worry-free-plus-combo\/\",\"name\":\"DJI Matrice 400 Worry free plus combo - koningdrone.be\",\"isPartOf\":{\"@id\":\"https:\/\/koningdrone.be\/#website\"},\"primaryImageOfPage\":{\"@id\":\"https:\/\/koningdrone.be\/product\/dji-matrice-400-worry-free-plus-combo\/#primaryimage\"},\"image\":{\"@id\":\"https:\/\/koningdrone.be\/product\/dji-matrice-400-worry-free-plus-combo\/#primaryimage\"},\"thumbnailUrl\":\"https:\/\/koningdrone.be\/wp-content\/uploads\/sites\/13\/2026\/03\/DJI-Matrice-400-Drone-Worry-Free-Plus-Combo-main-image-1.webp\",\"datePublished\":\"2026-03-22T07:34:02+00:00\",\"dateModified\":\"2026-04-29T01:30:03+00:00\",\"breadcrumb\":{\"@id\":\"https:\/\/koningdrone.be\/product\/dji-matrice-400-worry-free-plus-combo\/#breadcrumb\"},\"inLanguage\":\"fr-BE\",\"potentialAction\":[{\"@type\":\"ReadAction\",\"target\":[\"https:\/\/koningdrone.be\/product\/dji-matrice-400-worry-free-plus-combo\/\"]}]},{\"@type\":\"ImageObject\",\"inLanguage\":\"fr-BE\",\"@id\":\"https:\/\/koningdrone.be\/product\/dji-matrice-400-worry-free-plus-combo\/#primaryimage\",\"url\":\"https:\/\/koningdrone.be\/wp-content\/uploads\/sites\/13\/2026\/03\/DJI-Matrice-400-Drone-Worry-Free-Plus-Combo-main-image-1.webp\",\"contentUrl\":\"https:\/\/koningdrone.be\/wp-content\/uploads\/sites\/13\/2026\/03\/DJI-Matrice-400-Drone-Worry-Free-Plus-Combo-main-image-1.webp\",\"width\":1200,\"height\":1200},{\"@type\":\"BreadcrumbList\",\"@id\":\"https:\/\/koningdrone.be\/product\/dji-matrice-400-worry-free-plus-combo\/#breadcrumb\",\"itemListElement\":[{\"@type\":\"ListItem\",\"position\":1,\"name\":\"Home\",\"item\":\"https:\/\/koningdrone.be\/\"},{\"@type\":\"ListItem\",\"position\":2,\"name\":\"AVSS Parachute Recovery System for DJI Matrice 300\/350\",\"item\":\"https:\/\/koningdrone.be\/product\/avss-parachute-recovery-system-for-dji-matrice-300-350\/\"},{\"@type\":\"ListItem\",\"position\":3,\"name\":\"Alle drones\",\"item\":\"https:\/\/koningdrone.be\/categorie\/alle-drones\/\"},{\"@type\":\"ListItem\",\"position\":4,\"name\":\"DJI Matrice 400 Worry free plus combo\"}]},{\"@type\":\"WebSite\",\"@id\":\"https:\/\/koningdrone.be\/#website\",\"url\":\"https:\/\/koningdrone.be\/\",\"name\":\"Koningdrone.be - Uw online specialist in drones, gimbals, camera's en power stations.\",\"description\":\"De webshop in drones en gimbals\",\"publisher\":{\"@id\":\"https:\/\/koningdrone.be\/#organization\"},\"potentialAction\":[{\"@type\":\"SearchAction\",\"target\":{\"@type\":\"EntryPoint\",\"urlTemplate\":\"https:\/\/koningdrone.be\/?s={search_term_string}\"},\"query-input\":{\"@type\":\"PropertyValueSpecification\",\"valueRequired\":true,\"valueName\":\"search_term_string\"}}],\"inLanguage\":\"fr-BE\"},{\"@type\":\"Organization\",\"@id\":\"https:\/\/koningdrone.be\/#organization\",\"name\":\"Koningdrone.be\",\"url\":\"https:\/\/koningdrone.be\/\",\"logo\":{\"@type\":\"ImageObject\",\"inLanguage\":\"fr-BE\",\"@id\":\"https:\/\/koningdrone.be\/#\/schema\/logo\/image\/\",\"url\":\"https:\/\/koningdrone.be\/wp-content\/uploads\/sites\/13\/2025\/04\/koningdrone-copyright-logo.svg\",\"contentUrl\":\"https:\/\/koningdrone.be\/wp-content\/uploads\/sites\/13\/2025\/04\/koningdrone-copyright-logo.svg\",\"width\":227,\"height\":38,\"caption\":\"Koningdrone.be\"},\"image\":{\"@id\":\"https:\/\/koningdrone.be\/#\/schema\/logo\/image\/\"}}]}<\/script>\n<!-- \/ Yoast SEO Premium plugin. -->","yoast_head_json":{"title":"DJI Matrice 400 Worry free plus combo - koningdrone.be","robots":{"index":"index","follow":"follow","max-snippet":"max-snippet:-1","max-image-preview":"max-image-preview:large","max-video-preview":"max-video-preview:-1"},"canonical":"https:\/\/koningdrone.be\/fr\/produit\/dji-matrice-400-worry-free-plus-combo\/","og_locale":"fr_FR","og_type":"article","og_title":"DJI Matrice 400 Worry free plus combo","og_description":"Tot 59 minuten echte vliegtijd, zelfs met payload bevestigd.  Maximaal laadvermogen van 6 kg, met ondersteuning voor maximaal zeven gemonteerde sensoren of tools tegelijk.  Geavanceerde obstakeldetectie via roterende LiDAR, mmWave-radar en meervoudige visiesystemen.  Videotransmissie tot 40 km met het O4 Enterprise Enhanced-systeem.  Robuust IP55-ontwerp en breed temperatuurbereik voor betrouwbare prestaties in veeleisende omgevingen.","og_url":"https:\/\/koningdrone.be\/fr\/produit\/dji-matrice-400-worry-free-plus-combo\/","og_site_name":"koningdrone.be","article_modified_time":"2026-04-29T01:30:03+00:00","og_image":[{"width":1200,"height":1200,"url":"https:\/\/koningdrone.be\/wp-content\/uploads\/sites\/13\/2026\/03\/DJI-Matrice-400-Drone-Worry-Free-Plus-Combo-main-image-1.webp","type":"image\/webp"}],"twitter_card":"summary_large_image","twitter_misc":{"Dur\u00e9e de lecture est.":"4 minutes"},"schema":{"@context":"https:\/\/schema.org","@graph":[{"@type":"WebPage","@id":"https:\/\/koningdrone.be\/product\/dji-matrice-400-worry-free-plus-combo\/","url":"https:\/\/koningdrone.be\/product\/dji-matrice-400-worry-free-plus-combo\/","name":"DJI Matrice 400 Worry free plus combo - koningdrone.be","isPartOf":{"@id":"https:\/\/koningdrone.be\/#website"},"primaryImageOfPage":{"@id":"https:\/\/koningdrone.be\/product\/dji-matrice-400-worry-free-plus-combo\/#primaryimage"},"image":{"@id":"https:\/\/koningdrone.be\/product\/dji-matrice-400-worry-free-plus-combo\/#primaryimage"},"thumbnailUrl":"https:\/\/koningdrone.be\/wp-content\/uploads\/sites\/13\/2026\/03\/DJI-Matrice-400-Drone-Worry-Free-Plus-Combo-main-image-1.webp","datePublished":"2026-03-22T07:34:02+00:00","dateModified":"2026-04-29T01:30:03+00:00","breadcrumb":{"@id":"https:\/\/koningdrone.be\/product\/dji-matrice-400-worry-free-plus-combo\/#breadcrumb"},"inLanguage":"fr-BE","potentialAction":[{"@type":"ReadAction","target":["https:\/\/koningdrone.be\/product\/dji-matrice-400-worry-free-plus-combo\/"]}]},{"@type":"ImageObject","inLanguage":"fr-BE","@id":"https:\/\/koningdrone.be\/product\/dji-matrice-400-worry-free-plus-combo\/#primaryimage","url":"https:\/\/koningdrone.be\/wp-content\/uploads\/sites\/13\/2026\/03\/DJI-Matrice-400-Drone-Worry-Free-Plus-Combo-main-image-1.webp","contentUrl":"https:\/\/koningdrone.be\/wp-content\/uploads\/sites\/13\/2026\/03\/DJI-Matrice-400-Drone-Worry-Free-Plus-Combo-main-image-1.webp","width":1200,"height":1200},{"@type":"BreadcrumbList","@id":"https:\/\/koningdrone.be\/product\/dji-matrice-400-worry-free-plus-combo\/#breadcrumb","itemListElement":[{"@type":"ListItem","position":1,"name":"Home","item":"https:\/\/koningdrone.be\/"},{"@type":"ListItem","position":2,"name":"AVSS Parachute Recovery System for DJI Matrice 300\/350","item":"https:\/\/koningdrone.be\/product\/avss-parachute-recovery-system-for-dji-matrice-300-350\/"},{"@type":"ListItem","position":3,"name":"Alle drones","item":"https:\/\/koningdrone.be\/categorie\/alle-drones\/"},{"@type":"ListItem","position":4,"name":"DJI Matrice 400 Worry free plus combo"}]},{"@type":"WebSite","@id":"https:\/\/koningdrone.be\/#website","url":"https:\/\/koningdrone.be\/","name":"Koningdrone.be - Votre sp\u00e9cialiste en ligne en mati\u00e8re de drones, de cardans, de cam\u00e9ras et de centrales \u00e9lectriques.","description":"La boutique en ligne de drones et de cardans","publisher":{"@id":"https:\/\/koningdrone.be\/#organization"},"potentialAction":[{"@type":"SearchAction","target":{"@type":"EntryPoint","urlTemplate":"https:\/\/koningdrone.be\/?s={search_term_string}"},"query-input":{"@type":"PropertyValueSpecification","valueRequired":true,"valueName":"search_term_string"}}],"inLanguage":"fr-BE"},{"@type":"Organization","@id":"https:\/\/koningdrone.be\/#organization","name":"Kingdrone.co.uk","url":"https:\/\/koningdrone.be\/","logo":{"@type":"ImageObject","inLanguage":"fr-BE","@id":"https:\/\/koningdrone.be\/#\/schema\/logo\/image\/","url":"https:\/\/koningdrone.be\/wp-content\/uploads\/sites\/13\/2025\/04\/koningdrone-copyright-logo.svg","contentUrl":"https:\/\/koningdrone.be\/wp-content\/uploads\/sites\/13\/2025\/04\/koningdrone-copyright-logo.svg","width":227,"height":38,"caption":"Koningdrone.be"},"image":{"@id":"https:\/\/koningdrone.be\/#\/schema\/logo\/image\/"}}]}},"df_price":11985,"df_sale_price":"","df_regular_price":11985,"df_image_link":"https:\/\/koningdrone.be\/wp-content\/uploads\/sites\/13\/2026\/03\/DJI-Matrice-400-Drone-Worry-Free-Plus-Combo-main-image-1-300x300.webp","_links":{"self":[{"href":"https:\/\/koningdrone.be\/fr\/wp-json\/wp\/v2\/product\/17159","targetHints":{"allow":["GET"]}}],"collection":[{"href":"https:\/\/koningdrone.be\/fr\/wp-json\/wp\/v2\/product"}],"about":[{"href":"https:\/\/koningdrone.be\/fr\/wp-json\/wp\/v2\/types\/product"}],"wp:featuredmedia":[{"embeddable":true,"href":"https:\/\/koningdrone.be\/fr\/wp-json\/wp\/v2\/media\/17574"}],"wp:attachment":[{"href":"https:\/\/koningdrone.be\/fr\/wp-json\/wp\/v2\/media?parent=17159"}],"wp:term":[{"taxonomy":"product_brand","embeddable":true,"href":"https:\/\/koningdrone.be\/fr\/wp-json\/wp\/v2\/product_brand?post=17159"},{"taxonomy":"product_cat","embeddable":true,"href":"https:\/\/koningdrone.be\/fr\/wp-json\/wp\/v2\/product_cat?post=17159"},{"taxonomy":"product_tag","embeddable":true,"href":"https:\/\/koningdrone.be\/fr\/wp-json\/wp\/v2\/product_tag?post=17159"}],"curies":[{"name":"wp","href":"https:\/\/api.w.org\/{rel}","templated":true}]}}