{"id":16982,"date":"2025-07-03T10:01:01","date_gmt":"2025-07-03T08:01:01","guid":{"rendered":"https:\/\/koningdrone.be\/product\/dji-care-enterprise-plus-dji-matrice-4d-eu\/"},"modified":"2026-04-29T03:41:06","modified_gmt":"2026-04-29T01:41:06","slug":"dji-care-enterprise-plus-dji-matrice-4d-eu","status":"publish","type":"product","link":"https:\/\/koningdrone.be\/fr\/produit\/dji-care-enterprise-plus-dji-matrice-4d-eu\/","title":{"rendered":"DJI Care Enterprise Plus (DJI Matrice 4D) EU"},"content":{"rendered":"<p>DJI Care Enterprise Plus pour la DJI Matrice 4D est un plan de protection robuste con\u00e7u pour les cin\u00e9astes et les directeurs de la photographie professionnels. Il offre une tranquillit\u00e9 d'esprit gr\u00e2ce \u00e0 des services de r\u00e9paration ou de remplacement illimit\u00e9s dans la limite de la couverture, m\u00eame en cas de dommages accidentels caus\u00e9s par un crash, une chute ou une exposition \u00e0 l'eau. Le plan comprend un remplacement gratuit de l'appareil par an, afin que votre flux de travail cr\u00e9atif ne soit pas perturb\u00e9 par des incidents inattendus. Gr\u00e2ce \u00e0 un service prioritaire et \u00e0 des demandes d'indemnisation sans souci, vous pouvez vous concentrer sur vos prises de vue sans vous soucier des temps d'arr\u00eat. Cette formule est con\u00e7ue pour les \u00e9quipements haut de gamme utilis\u00e9s dans des environnements de production exigeants. La couverture s'\u00e9tend \u00e0 l'ensemble de l'Union europ\u00e9enne et comprend l'exp\u00e9dition gratuite pour tous les incidents de service.<\/p>","protected":false},"excerpt":{"rendered":"<ul>\n<li>En particulier pour les cin\u00e9astes qui utilisent la DJI Matrice 4D.<\/li>\n<li>Protection compl\u00e8te contre les dommages accidentels, y compris l'eau et les chocs.<\/li>\n<li>Un remplacement par an est inclus.<\/li>\n<li>Nombre illimit\u00e9 de demandes de r\u00e9paration dans les limites de la valeur de la couverture.<\/li>\n<li>Processus de demande d'indemnisation en ligne simple et rapide.<\/li>\n<li>Livraison gratuite dans les deux sens pour tous les services \u00e9ligibles.<\/li>\n<\/ul>","protected":false},"featured_media":14808,"template":"","meta":{"_acf_changed":false},"product_brand":[],"product_cat":[1732],"product_tag":[],"class_list":{"0":"post-16982","1":"product","2":"type-product","3":"status-publish","4":"has-post-thumbnail","6":"product_cat-dji-matrice-4d","7":"product_shipping_class-uavspacesall","8":"pa_brand-dji","9":"pa_producttype-dienstenplan","11":"first","12":"instock","13":"taxable","14":"shipping-taxable","15":"purchasable","16":"product-type-simple"},"acf":[],"yoast_head":"<!-- This site is optimized with the Yoast SEO Premium plugin v27.2 (Yoast SEO v27.2) - https:\/\/yoast.com\/product\/yoast-seo-premium-wordpress\/ -->\n<title>DJI Care Enterprise Plus (DJI Matrice 4D) EU - koningdrone.be<\/title>\n<meta name=\"robots\" content=\"index, follow, max-snippet:-1, max-image-preview:large, max-video-preview:-1\" \/>\n<link rel=\"canonical\" href=\"https:\/\/koningdrone.be\/fr\/produit\/dji-care-enterprise-plus-dji-matrice-4d-eu\/\" \/>\n<meta property=\"og:locale\" content=\"fr_FR\" \/>\n<meta property=\"og:type\" content=\"article\" \/>\n<meta property=\"og:title\" content=\"DJI Care Enterprise Plus (DJI Matrice 4D) EU\" \/>\n<meta property=\"og:description\" content=\"Speciaal voor filmmakers die de DJI Matrice 4D gebruiken.  Volledige bescherming tegen schade door ongelukken, inclusief water en stoten.  E\u00e9n wegvliegvervanging per jaar inbegrepen.  Onbeperkte reparatieclaims binnen de dekkingswaarde.  Snel en eenvoudig online claimproces.  Gratis verzending in twee richtingen voor alle in aanmerking komende diensten.\" \/>\n<meta property=\"og:url\" content=\"https:\/\/koningdrone.be\/fr\/produit\/dji-care-enterprise-plus-dji-matrice-4d-eu\/\" \/>\n<meta property=\"og:site_name\" content=\"koningdrone.be\" \/>\n<meta property=\"article:modified_time\" content=\"2026-04-29T01:41:06+00:00\" \/>\n<meta name=\"twitter:card\" content=\"summary_large_image\" \/>\n<meta name=\"twitter:label1\" content=\"Dur\u00e9e de lecture est.\" \/>\n\t<meta name=\"twitter:data1\" content=\"1 minute\" \/>\n<script type=\"application\/ld+json\" class=\"yoast-schema-graph\">{\"@context\":\"https:\/\/schema.org\",\"@graph\":[{\"@type\":\"WebPage\",\"@id\":\"https:\/\/koningdrone.be\/product\/dji-care-enterprise-plus-dji-matrice-4d-eu\/\",\"url\":\"https:\/\/koningdrone.be\/product\/dji-care-enterprise-plus-dji-matrice-4d-eu\/\",\"name\":\"DJI Care Enterprise Plus (DJI Matrice 4D) EU - koningdrone.be\",\"isPartOf\":{\"@id\":\"https:\/\/koningdrone.be\/#website\"},\"primaryImageOfPage\":{\"@id\":\"https:\/\/koningdrone.be\/product\/dji-care-enterprise-plus-dji-matrice-4d-eu\/#primaryimage\"},\"image\":{\"@id\":\"https:\/\/koningdrone.be\/product\/dji-care-enterprise-plus-dji-matrice-4d-eu\/#primaryimage\"},\"thumbnailUrl\":\"\",\"datePublished\":\"2025-07-03T08:01:01+00:00\",\"dateModified\":\"2026-04-29T01:41:06+00:00\",\"breadcrumb\":{\"@id\":\"https:\/\/koningdrone.be\/product\/dji-care-enterprise-plus-dji-matrice-4d-eu\/#breadcrumb\"},\"inLanguage\":\"fr-BE\",\"potentialAction\":[{\"@type\":\"ReadAction\",\"target\":[\"https:\/\/koningdrone.be\/product\/dji-care-enterprise-plus-dji-matrice-4d-eu\/\"]}]},{\"@type\":\"ImageObject\",\"inLanguage\":\"fr-BE\",\"@id\":\"https:\/\/koningdrone.be\/product\/dji-care-enterprise-plus-dji-matrice-4d-eu\/#primaryimage\",\"url\":\"\",\"contentUrl\":\"\",\"width\":2560,\"height\":1707},{\"@type\":\"BreadcrumbList\",\"@id\":\"https:\/\/koningdrone.be\/product\/dji-care-enterprise-plus-dji-matrice-4d-eu\/#breadcrumb\",\"itemListElement\":[{\"@type\":\"ListItem\",\"position\":1,\"name\":\"Home\",\"item\":\"https:\/\/koningdrone.be\/\"},{\"@type\":\"ListItem\",\"position\":2,\"name\":\"AVSS Parachute Recovery System for DJI Matrice 300\/350\",\"item\":\"https:\/\/koningdrone.be\/product\/avss-parachute-recovery-system-for-dji-matrice-300-350\/\"},{\"@type\":\"ListItem\",\"position\":3,\"name\":\"DJI Matrice 4D\",\"item\":\"https:\/\/koningdrone.be\/categorie\/dji-matrice-4d\/\"},{\"@type\":\"ListItem\",\"position\":4,\"name\":\"DJI Care Enterprise Plus (DJI Matrice 4D) EU\"}]},{\"@type\":\"WebSite\",\"@id\":\"https:\/\/koningdrone.be\/#website\",\"url\":\"https:\/\/koningdrone.be\/\",\"name\":\"Koningdrone.be - Uw online specialist in drones, gimbals, camera's en power stations.\",\"description\":\"De webshop in drones en gimbals\",\"publisher\":{\"@id\":\"https:\/\/koningdrone.be\/#organization\"},\"potentialAction\":[{\"@type\":\"SearchAction\",\"target\":{\"@type\":\"EntryPoint\",\"urlTemplate\":\"https:\/\/koningdrone.be\/?s={search_term_string}\"},\"query-input\":{\"@type\":\"PropertyValueSpecification\",\"valueRequired\":true,\"valueName\":\"search_term_string\"}}],\"inLanguage\":\"fr-BE\"},{\"@type\":\"Organization\",\"@id\":\"https:\/\/koningdrone.be\/#organization\",\"name\":\"Koningdrone.be\",\"url\":\"https:\/\/koningdrone.be\/\",\"logo\":{\"@type\":\"ImageObject\",\"inLanguage\":\"fr-BE\",\"@id\":\"https:\/\/koningdrone.be\/#\/schema\/logo\/image\/\",\"url\":\"https:\/\/koningdrone.be\/wp-content\/uploads\/sites\/13\/2025\/04\/koningdrone-copyright-logo.svg\",\"contentUrl\":\"https:\/\/koningdrone.be\/wp-content\/uploads\/sites\/13\/2025\/04\/koningdrone-copyright-logo.svg\",\"width\":227,\"height\":38,\"caption\":\"Koningdrone.be\"},\"image\":{\"@id\":\"https:\/\/koningdrone.be\/#\/schema\/logo\/image\/\"}}]}<\/script>\n<!-- \/ Yoast SEO Premium plugin. -->","yoast_head_json":{"title":"DJI Care Enterprise Plus (DJI Matrice 4D) EU - koningdrone.be","robots":{"index":"index","follow":"follow","max-snippet":"max-snippet:-1","max-image-preview":"max-image-preview:large","max-video-preview":"max-video-preview:-1"},"canonical":"https:\/\/koningdrone.be\/fr\/produit\/dji-care-enterprise-plus-dji-matrice-4d-eu\/","og_locale":"fr_FR","og_type":"article","og_title":"DJI Care Enterprise Plus (DJI Matrice 4D) EU","og_description":"Speciaal voor filmmakers die de DJI Matrice 4D gebruiken.  Volledige bescherming tegen schade door ongelukken, inclusief water en stoten.  E\u00e9n wegvliegvervanging per jaar inbegrepen.  Onbeperkte reparatieclaims binnen de dekkingswaarde.  Snel en eenvoudig online claimproces.  Gratis verzending in twee richtingen voor alle in aanmerking komende diensten.","og_url":"https:\/\/koningdrone.be\/fr\/produit\/dji-care-enterprise-plus-dji-matrice-4d-eu\/","og_site_name":"koningdrone.be","article_modified_time":"2026-04-29T01:41:06+00:00","twitter_card":"summary_large_image","twitter_misc":{"Dur\u00e9e de lecture est.":"1 minute"},"schema":{"@context":"https:\/\/schema.org","@graph":[{"@type":"WebPage","@id":"https:\/\/koningdrone.be\/product\/dji-care-enterprise-plus-dji-matrice-4d-eu\/","url":"https:\/\/koningdrone.be\/product\/dji-care-enterprise-plus-dji-matrice-4d-eu\/","name":"DJI Care Enterprise Plus (DJI Matrice 4D) EU - koningdrone.be","isPartOf":{"@id":"https:\/\/koningdrone.be\/#website"},"primaryImageOfPage":{"@id":"https:\/\/koningdrone.be\/product\/dji-care-enterprise-plus-dji-matrice-4d-eu\/#primaryimage"},"image":{"@id":"https:\/\/koningdrone.be\/product\/dji-care-enterprise-plus-dji-matrice-4d-eu\/#primaryimage"},"thumbnailUrl":"","datePublished":"2025-07-03T08:01:01+00:00","dateModified":"2026-04-29T01:41:06+00:00","breadcrumb":{"@id":"https:\/\/koningdrone.be\/product\/dji-care-enterprise-plus-dji-matrice-4d-eu\/#breadcrumb"},"inLanguage":"fr-BE","potentialAction":[{"@type":"ReadAction","target":["https:\/\/koningdrone.be\/product\/dji-care-enterprise-plus-dji-matrice-4d-eu\/"]}]},{"@type":"ImageObject","inLanguage":"fr-BE","@id":"https:\/\/koningdrone.be\/product\/dji-care-enterprise-plus-dji-matrice-4d-eu\/#primaryimage","url":"","contentUrl":"","width":2560,"height":1707},{"@type":"BreadcrumbList","@id":"https:\/\/koningdrone.be\/product\/dji-care-enterprise-plus-dji-matrice-4d-eu\/#breadcrumb","itemListElement":[{"@type":"ListItem","position":1,"name":"Home","item":"https:\/\/koningdrone.be\/"},{"@type":"ListItem","position":2,"name":"AVSS Parachute Recovery System for DJI Matrice 300\/350","item":"https:\/\/koningdrone.be\/product\/avss-parachute-recovery-system-for-dji-matrice-300-350\/"},{"@type":"ListItem","position":3,"name":"DJI Matrice 4D","item":"https:\/\/koningdrone.be\/categorie\/dji-matrice-4d\/"},{"@type":"ListItem","position":4,"name":"DJI Care Enterprise Plus (DJI Matrice 4D) EU"}]},{"@type":"WebSite","@id":"https:\/\/koningdrone.be\/#website","url":"https:\/\/koningdrone.be\/","name":"Koningdrone.be - Votre sp\u00e9cialiste en ligne en mati\u00e8re de drones, de cardans, de cam\u00e9ras et de centrales \u00e9lectriques.","description":"La boutique en ligne de drones et de cardans","publisher":{"@id":"https:\/\/koningdrone.be\/#organization"},"potentialAction":[{"@type":"SearchAction","target":{"@type":"EntryPoint","urlTemplate":"https:\/\/koningdrone.be\/?s={search_term_string}"},"query-input":{"@type":"PropertyValueSpecification","valueRequired":true,"valueName":"search_term_string"}}],"inLanguage":"fr-BE"},{"@type":"Organization","@id":"https:\/\/koningdrone.be\/#organization","name":"Kingdrone.co.uk","url":"https:\/\/koningdrone.be\/","logo":{"@type":"ImageObject","inLanguage":"fr-BE","@id":"https:\/\/koningdrone.be\/#\/schema\/logo\/image\/","url":"https:\/\/koningdrone.be\/wp-content\/uploads\/sites\/13\/2025\/04\/koningdrone-copyright-logo.svg","contentUrl":"https:\/\/koningdrone.be\/wp-content\/uploads\/sites\/13\/2025\/04\/koningdrone-copyright-logo.svg","width":227,"height":38,"caption":"Koningdrone.be"},"image":{"@id":"https:\/\/koningdrone.be\/#\/schema\/logo\/image\/"}}]}},"df_price":650,"df_sale_price":"","df_regular_price":650,"df_image_link":"https:\/\/koningdrone.be\/wp-content\/uploads\/sites\/13\/woocommerce-placeholder-300x300.png","_links":{"self":[{"href":"https:\/\/koningdrone.be\/fr\/wp-json\/wp\/v2\/product\/16982","targetHints":{"allow":["GET"]}}],"collection":[{"href":"https:\/\/koningdrone.be\/fr\/wp-json\/wp\/v2\/product"}],"about":[{"href":"https:\/\/koningdrone.be\/fr\/wp-json\/wp\/v2\/types\/product"}],"wp:featuredmedia":[{"embeddable":true,"href":"https:\/\/koningdrone.be\/fr\/wp-json\/"}],"wp:attachment":[{"href":"https:\/\/koningdrone.be\/fr\/wp-json\/wp\/v2\/media?parent=16982"}],"wp:term":[{"taxonomy":"product_brand","embeddable":true,"href":"https:\/\/koningdrone.be\/fr\/wp-json\/wp\/v2\/product_brand?post=16982"},{"taxonomy":"product_cat","embeddable":true,"href":"https:\/\/koningdrone.be\/fr\/wp-json\/wp\/v2\/product_cat?post=16982"},{"taxonomy":"product_tag","embeddable":true,"href":"https:\/\/koningdrone.be\/fr\/wp-json\/wp\/v2\/product_tag?post=16982"}],"curies":[{"name":"wp","href":"https:\/\/api.w.org\/{rel}","templated":true}]}}