{"id":16827,"date":"2026-03-11T14:50:49","date_gmt":"2026-03-11T13:50:49","guid":{"rendered":"https:\/\/koningdrone.be\/?post_type=product&#038;p=16827"},"modified":"2026-05-02T14:50:02","modified_gmt":"2026-05-02T12:50:02","slug":"dji-neo-2-propellers","status":"publish","type":"product","link":"https:\/\/koningdrone.be\/fr\/produit\/dji-neo-2-propellers\/","title":{"rendered":"H\u00e9lices DJI Neo 2"},"content":{"rendered":"<h3>H\u00e9lices DJI Neo 2<\/h3>\n<p>Le <strong>H\u00e9lices DJI Neo 2<\/strong> sont des h\u00e9lices officielles rempla\u00e7ables con\u00e7ues sp\u00e9cifiquement pour le drone DJI Neo 2. Ces h\u00e9lices garantissent une portance optimale, un comportement de vol stable et un a\u00e9rodynamisme efficace lors de chaque vol. Que vous souhaitiez remplacer des h\u00e9lices endommag\u00e9es par une utilisation normale ou que vous ayez simplement besoin d'h\u00e9lices de rechange, ces h\u00e9lices DJI d'origine garantissent un ajustement parfait et des performances fiables.<\/p>\n<p style=\"text-align: center\"><a href=\"https:\/\/koningdrone.nl\/wp-content\/uploads\/2026\/03\/DJI-Neo-2-Propellers.webp\"><img loading=\"lazy\" decoding=\"async\" class=\"alignnone size-medium wp-image-466543\" src=\"https:\/\/koningdrone.nl\/wp-content\/uploads\/2026\/03\/DJI-Neo-2-Propellers-300x300.webp\" alt=\"DJI Neo 2 Propellers\" width=\"300\" height=\"300\" \/><\/a><\/p>\n<h3>Performance et fonctionnalit\u00e9<\/h3>\n<p>Les h\u00e9lices du Neo 2 sont \u00e9quilibr\u00e9es pour r\u00e9duire les vibrations et favoriser un vol en douceur. Votre drone est donc plus stable et plus r\u00e9actif, ce qui se traduit par des vid\u00e9os plus claires et un meilleur contr\u00f4le lors des man\u0153uvres. Gr\u00e2ce \u00e0 leur construction de haute qualit\u00e9, elles durent longtemps et continuent \u00e0 fournir des performances constantes au cours de nombreux vols.<\/p>\n<h3>Qualit\u00e9 de construction et conception<\/h3>\n<p>Ces h\u00e9lices sont fabriqu\u00e9es dans des mat\u00e9riaux l\u00e9gers mais durables, capables de r\u00e9sister aux forces rencontr\u00e9es en vol. Leur conception est optimis\u00e9e pour maximiser l'efficacit\u00e9 sans ajouter de poids inutile, ce qui contribue \u00e0 allonger les dur\u00e9es de vol et \u00e0 garantir des performances fiables.<\/p>\n<p style=\"text-align: center\"><a href=\"https:\/\/koningdrone.nl\/wp-content\/uploads\/2026\/03\/Neo-2-Propellers.webp\"><img loading=\"lazy\" decoding=\"async\" class=\"alignnone size-medium wp-image-466541\" src=\"https:\/\/koningdrone.nl\/wp-content\/uploads\/2026\/03\/Neo-2-Propellers-300x300.webp\" alt=\"Neo 2 Propellers\" width=\"300\" height=\"300\" \/><\/a><\/p>\n<h4>Pourquoi vous en avez besoin<\/h4>\n<p>Que vous ayez endommag\u00e9 une h\u00e9lice ou que vous souhaitiez des pi\u00e8ces de rechange suppl\u00e9mentaires pour votre \u00e9quipement, ces h\u00e9lices officielles DJI Neo 2 sont essentielles pour maintenir votre drone en bon \u00e9tat et assurer des vols en toute s\u00e9curit\u00e9. Les pi\u00e8ces d'origine permettent de maintenir des performances constantes et une s\u00e9curit\u00e9 de vol optimale.<\/p>","protected":false},"excerpt":{"rendered":"<ul>\n<li>H\u00e9lices officielles DJI con\u00e7ues pour des performances et une stabilit\u00e9 optimales.<\/li>\n<li>Les mat\u00e9riaux de haute qualit\u00e9 r\u00e9duisent les vibrations et garantissent un vol en douceur.<\/li>\n<li>Indispensable pour remplacer les lames us\u00e9es, endommag\u00e9es ou d\u00e9form\u00e9es.<\/li>\n<li>Contribue \u00e0 l'efficacit\u00e9 de l'ascenseur et \u00e0 la stabilit\u00e9 de la consommation d'\u00e9nergie.<\/li>\n<li>Facile \u00e0 installer, il vous permet de reprendre l'air rapidement.<\/li>\n<\/ul>","protected":false},"featured_media":16825,"template":"","meta":{"_acf_changed":false},"product_brand":[],"product_cat":[1722],"product_tag":[],"class_list":{"0":"post-16827","1":"product","2":"type-product","3":"status-publish","4":"has-post-thumbnail","6":"product_cat-dji-neo-2","7":"product_shipping_class-outofstock","8":"pa_brand-dji","9":"pa_productfamily-neo-2","10":"pa_producttype-propeller","11":"pa_series-neo","13":"first","14":"outofstock","15":"taxable","16":"shipping-taxable","17":"purchasable","18":"product-type-simple"},"acf":[],"yoast_head":"<!-- This site is optimized with the Yoast SEO Premium plugin v27.2 (Yoast SEO v27.2) - https:\/\/yoast.com\/product\/yoast-seo-premium-wordpress\/ -->\n<title>DJI Neo 2 Propellers - koningdrone.be<\/title>\n<meta name=\"robots\" content=\"index, follow, max-snippet:-1, max-image-preview:large, max-video-preview:-1\" \/>\n<link rel=\"canonical\" href=\"https:\/\/koningdrone.be\/fr\/produit\/dji-neo-2-propellers\/\" \/>\n<meta property=\"og:locale\" content=\"fr_FR\" \/>\n<meta property=\"og:type\" content=\"article\" \/>\n<meta property=\"og:title\" content=\"DJI Neo 2 Propellers\" \/>\n<meta property=\"og:description\" content=\"Offici\u00eble DJI-propellers ontworpen voor optimale prestaties en stabiliteit.  Hoogwaardige materialen verminderen trillingen en zorgen voor een soepele vlucht.  Essentieel voor het vervangen van versleten, beschadigde of verbogen bladen.  Draagt bij aan een effici\u00ebnte lift en een stabiel stroomverbruik.  Eenvoudig te installeren, zodat u snel weer de lucht in kunt.\" \/>\n<meta property=\"og:url\" content=\"https:\/\/koningdrone.be\/fr\/produit\/dji-neo-2-propellers\/\" \/>\n<meta property=\"og:site_name\" content=\"koningdrone.be\" \/>\n<meta property=\"article:modified_time\" content=\"2026-05-02T12:50:02+00:00\" \/>\n<meta property=\"og:image\" content=\"https:\/\/koningdrone.be\/wp-content\/uploads\/sites\/13\/2026\/03\/DJI-Neo-2-Propellers.webp\" \/>\n\t<meta property=\"og:image:width\" content=\"2048\" \/>\n\t<meta property=\"og:image:height\" content=\"2048\" \/>\n\t<meta property=\"og:image:type\" content=\"image\/webp\" \/>\n<meta name=\"twitter:card\" content=\"summary_large_image\" \/>\n<meta name=\"twitter:label1\" content=\"Dur\u00e9e de lecture est.\" \/>\n\t<meta name=\"twitter:data1\" content=\"1 minute\" \/>\n<script type=\"application\/ld+json\" class=\"yoast-schema-graph\">{\"@context\":\"https:\/\/schema.org\",\"@graph\":[{\"@type\":\"WebPage\",\"@id\":\"https:\/\/koningdrone.be\/product\/dji-neo-2-propellers\/\",\"url\":\"https:\/\/koningdrone.be\/product\/dji-neo-2-propellers\/\",\"name\":\"DJI Neo 2 Propellers - koningdrone.be\",\"isPartOf\":{\"@id\":\"https:\/\/koningdrone.be\/#website\"},\"primaryImageOfPage\":{\"@id\":\"https:\/\/koningdrone.be\/product\/dji-neo-2-propellers\/#primaryimage\"},\"image\":{\"@id\":\"https:\/\/koningdrone.be\/product\/dji-neo-2-propellers\/#primaryimage\"},\"thumbnailUrl\":\"https:\/\/koningdrone.be\/wp-content\/uploads\/sites\/13\/2026\/03\/DJI-Neo-2-Propellers.webp\",\"datePublished\":\"2026-03-11T13:50:49+00:00\",\"dateModified\":\"2026-05-02T12:50:02+00:00\",\"breadcrumb\":{\"@id\":\"https:\/\/koningdrone.be\/product\/dji-neo-2-propellers\/#breadcrumb\"},\"inLanguage\":\"fr-BE\",\"potentialAction\":[{\"@type\":\"ReadAction\",\"target\":[\"https:\/\/koningdrone.be\/product\/dji-neo-2-propellers\/\"]}]},{\"@type\":\"ImageObject\",\"inLanguage\":\"fr-BE\",\"@id\":\"https:\/\/koningdrone.be\/product\/dji-neo-2-propellers\/#primaryimage\",\"url\":\"https:\/\/koningdrone.be\/wp-content\/uploads\/sites\/13\/2026\/03\/DJI-Neo-2-Propellers.webp\",\"contentUrl\":\"https:\/\/koningdrone.be\/wp-content\/uploads\/sites\/13\/2026\/03\/DJI-Neo-2-Propellers.webp\",\"width\":2048,\"height\":2048},{\"@type\":\"BreadcrumbList\",\"@id\":\"https:\/\/koningdrone.be\/product\/dji-neo-2-propellers\/#breadcrumb\",\"itemListElement\":[{\"@type\":\"ListItem\",\"position\":1,\"name\":\"Home\",\"item\":\"https:\/\/koningdrone.be\/\"},{\"@type\":\"ListItem\",\"position\":2,\"name\":\"AVSS Parachute Recovery System for DJI Matrice 300\/350\",\"item\":\"https:\/\/koningdrone.be\/product\/avss-parachute-recovery-system-for-dji-matrice-300-350\/\"},{\"@type\":\"ListItem\",\"position\":3,\"name\":\"DJI Neo 2\",\"item\":\"https:\/\/koningdrone.be\/categorie\/dji-neo-2\/\"},{\"@type\":\"ListItem\",\"position\":4,\"name\":\"DJI Neo 2 Propellers\"}]},{\"@type\":\"WebSite\",\"@id\":\"https:\/\/koningdrone.be\/#website\",\"url\":\"https:\/\/koningdrone.be\/\",\"name\":\"Koningdrone.be - Uw online specialist in drones, gimbals, camera's en power stations.\",\"description\":\"De webshop in drones en gimbals\",\"publisher\":{\"@id\":\"https:\/\/koningdrone.be\/#organization\"},\"potentialAction\":[{\"@type\":\"SearchAction\",\"target\":{\"@type\":\"EntryPoint\",\"urlTemplate\":\"https:\/\/koningdrone.be\/?s={search_term_string}\"},\"query-input\":{\"@type\":\"PropertyValueSpecification\",\"valueRequired\":true,\"valueName\":\"search_term_string\"}}],\"inLanguage\":\"fr-BE\"},{\"@type\":\"Organization\",\"@id\":\"https:\/\/koningdrone.be\/#organization\",\"name\":\"Koningdrone.be\",\"url\":\"https:\/\/koningdrone.be\/\",\"logo\":{\"@type\":\"ImageObject\",\"inLanguage\":\"fr-BE\",\"@id\":\"https:\/\/koningdrone.be\/#\/schema\/logo\/image\/\",\"url\":\"https:\/\/koningdrone.be\/wp-content\/uploads\/sites\/13\/2025\/04\/koningdrone-copyright-logo.svg\",\"contentUrl\":\"https:\/\/koningdrone.be\/wp-content\/uploads\/sites\/13\/2025\/04\/koningdrone-copyright-logo.svg\",\"width\":227,\"height\":38,\"caption\":\"Koningdrone.be\"},\"image\":{\"@id\":\"https:\/\/koningdrone.be\/#\/schema\/logo\/image\/\"}}]}<\/script>\n<!-- \/ Yoast SEO Premium plugin. -->","yoast_head_json":{"title":"DJI Neo 2 Propellers - koningdrone.be","robots":{"index":"index","follow":"follow","max-snippet":"max-snippet:-1","max-image-preview":"max-image-preview:large","max-video-preview":"max-video-preview:-1"},"canonical":"https:\/\/koningdrone.be\/fr\/produit\/dji-neo-2-propellers\/","og_locale":"fr_FR","og_type":"article","og_title":"DJI Neo 2 Propellers","og_description":"Offici\u00eble DJI-propellers ontworpen voor optimale prestaties en stabiliteit.  Hoogwaardige materialen verminderen trillingen en zorgen voor een soepele vlucht.  Essentieel voor het vervangen van versleten, beschadigde of verbogen bladen.  Draagt bij aan een effici\u00ebnte lift en een stabiel stroomverbruik.  Eenvoudig te installeren, zodat u snel weer de lucht in kunt.","og_url":"https:\/\/koningdrone.be\/fr\/produit\/dji-neo-2-propellers\/","og_site_name":"koningdrone.be","article_modified_time":"2026-05-02T12:50:02+00:00","og_image":[{"width":2048,"height":2048,"url":"https:\/\/koningdrone.be\/wp-content\/uploads\/sites\/13\/2026\/03\/DJI-Neo-2-Propellers.webp","type":"image\/webp"}],"twitter_card":"summary_large_image","twitter_misc":{"Dur\u00e9e de lecture est.":"1 minute"},"schema":{"@context":"https:\/\/schema.org","@graph":[{"@type":"WebPage","@id":"https:\/\/koningdrone.be\/product\/dji-neo-2-propellers\/","url":"https:\/\/koningdrone.be\/product\/dji-neo-2-propellers\/","name":"DJI Neo 2 Propellers - koningdrone.be","isPartOf":{"@id":"https:\/\/koningdrone.be\/#website"},"primaryImageOfPage":{"@id":"https:\/\/koningdrone.be\/product\/dji-neo-2-propellers\/#primaryimage"},"image":{"@id":"https:\/\/koningdrone.be\/product\/dji-neo-2-propellers\/#primaryimage"},"thumbnailUrl":"https:\/\/koningdrone.be\/wp-content\/uploads\/sites\/13\/2026\/03\/DJI-Neo-2-Propellers.webp","datePublished":"2026-03-11T13:50:49+00:00","dateModified":"2026-05-02T12:50:02+00:00","breadcrumb":{"@id":"https:\/\/koningdrone.be\/product\/dji-neo-2-propellers\/#breadcrumb"},"inLanguage":"fr-BE","potentialAction":[{"@type":"ReadAction","target":["https:\/\/koningdrone.be\/product\/dji-neo-2-propellers\/"]}]},{"@type":"ImageObject","inLanguage":"fr-BE","@id":"https:\/\/koningdrone.be\/product\/dji-neo-2-propellers\/#primaryimage","url":"https:\/\/koningdrone.be\/wp-content\/uploads\/sites\/13\/2026\/03\/DJI-Neo-2-Propellers.webp","contentUrl":"https:\/\/koningdrone.be\/wp-content\/uploads\/sites\/13\/2026\/03\/DJI-Neo-2-Propellers.webp","width":2048,"height":2048},{"@type":"BreadcrumbList","@id":"https:\/\/koningdrone.be\/product\/dji-neo-2-propellers\/#breadcrumb","itemListElement":[{"@type":"ListItem","position":1,"name":"Home","item":"https:\/\/koningdrone.be\/"},{"@type":"ListItem","position":2,"name":"AVSS Parachute Recovery System for DJI Matrice 300\/350","item":"https:\/\/koningdrone.be\/product\/avss-parachute-recovery-system-for-dji-matrice-300-350\/"},{"@type":"ListItem","position":3,"name":"DJI Neo 2","item":"https:\/\/koningdrone.be\/categorie\/dji-neo-2\/"},{"@type":"ListItem","position":4,"name":"DJI Neo 2 Propellers"}]},{"@type":"WebSite","@id":"https:\/\/koningdrone.be\/#website","url":"https:\/\/koningdrone.be\/","name":"Koningdrone.be - Votre sp\u00e9cialiste en ligne en mati\u00e8re de drones, de cardans, de cam\u00e9ras et de centrales \u00e9lectriques.","description":"La boutique en ligne de drones et de cardans","publisher":{"@id":"https:\/\/koningdrone.be\/#organization"},"potentialAction":[{"@type":"SearchAction","target":{"@type":"EntryPoint","urlTemplate":"https:\/\/koningdrone.be\/?s={search_term_string}"},"query-input":{"@type":"PropertyValueSpecification","valueRequired":true,"valueName":"search_term_string"}}],"inLanguage":"fr-BE"},{"@type":"Organization","@id":"https:\/\/koningdrone.be\/#organization","name":"Kingdrone.co.uk","url":"https:\/\/koningdrone.be\/","logo":{"@type":"ImageObject","inLanguage":"fr-BE","@id":"https:\/\/koningdrone.be\/#\/schema\/logo\/image\/","url":"https:\/\/koningdrone.be\/wp-content\/uploads\/sites\/13\/2025\/04\/koningdrone-copyright-logo.svg","contentUrl":"https:\/\/koningdrone.be\/wp-content\/uploads\/sites\/13\/2025\/04\/koningdrone-copyright-logo.svg","width":227,"height":38,"caption":"Koningdrone.be"},"image":{"@id":"https:\/\/koningdrone.be\/#\/schema\/logo\/image\/"}}]}},"df_price":5,"df_sale_price":"","df_regular_price":5,"df_image_link":"https:\/\/koningdrone.be\/wp-content\/uploads\/sites\/13\/2026\/03\/DJI-Neo-2-Propellers-300x300.webp","_links":{"self":[{"href":"https:\/\/koningdrone.be\/fr\/wp-json\/wp\/v2\/product\/16827","targetHints":{"allow":["GET"]}}],"collection":[{"href":"https:\/\/koningdrone.be\/fr\/wp-json\/wp\/v2\/product"}],"about":[{"href":"https:\/\/koningdrone.be\/fr\/wp-json\/wp\/v2\/types\/product"}],"wp:featuredmedia":[{"embeddable":true,"href":"https:\/\/koningdrone.be\/fr\/wp-json\/wp\/v2\/media\/16825"}],"wp:attachment":[{"href":"https:\/\/koningdrone.be\/fr\/wp-json\/wp\/v2\/media?parent=16827"}],"wp:term":[{"taxonomy":"product_brand","embeddable":true,"href":"https:\/\/koningdrone.be\/fr\/wp-json\/wp\/v2\/product_brand?post=16827"},{"taxonomy":"product_cat","embeddable":true,"href":"https:\/\/koningdrone.be\/fr\/wp-json\/wp\/v2\/product_cat?post=16827"},{"taxonomy":"product_tag","embeddable":true,"href":"https:\/\/koningdrone.be\/fr\/wp-json\/wp\/v2\/product_tag?post=16827"}],"curies":[{"name":"wp","href":"https:\/\/api.w.org\/{rel}","templated":true}]}}