{"id":16814,"date":"2026-03-11T14:50:41","date_gmt":"2026-03-11T13:50:41","guid":{"rendered":"https:\/\/koningdrone.be\/?post_type=product&#038;p=16814"},"modified":"2026-05-02T03:40:52","modified_gmt":"2026-05-02T01:40:52","slug":"dji-neo-2-digital-transceiver","status":"publish","type":"product","link":"https:\/\/koningdrone.be\/fr\/produit\/dji-neo-2-digital-transceiver\/","title":{"rendered":"\u00c9metteur-r\u00e9cepteur num\u00e9rique DJI Neo 2"},"content":{"rendered":"<h3>\u00c9metteur-r\u00e9cepteur num\u00e9rique DJI Neo 2<\/h3>\n<p>Le <strong>\u00c9metteur-r\u00e9cepteur num\u00e9rique DJI Neo 2<\/strong> est un module d'\u00e9mission et de r\u00e9ception num\u00e9rique d\u00e9di\u00e9 au drone DJI Neo 2. Il fournit un <strong>connexion vid\u00e9o et de donn\u00e9es stable et \u00e0 faible latence<\/strong> entre le drone et votre t\u00e9l\u00e9commande ou vos lunettes FPV. Ceci est particuli\u00e8rement important lorsque vous pilotez le drone avec un contr\u00f4leur ou des lunettes pour recevoir des images en direct ou maintenir un contr\u00f4le pr\u00e9cis.<\/p>\n<p style=\"text-align: center\"><a href=\"https:\/\/koningdrone.nl\/wp-content\/uploads\/2026\/03\/DJI-Digital-Transceiver.webp\"><img loading=\"lazy\" decoding=\"async\" class=\"alignnone size-medium wp-image-466499\" src=\"https:\/\/koningdrone.nl\/wp-content\/uploads\/2026\/03\/DJI-Digital-Transceiver-300x300.webp\" alt=\"DJI Digital Transceiver\" width=\"300\" height=\"300\" \/><\/a><\/p>\n<h4>Performance et fonctionnalit\u00e9<\/h4>\n<p>Lorsque vous volez avec un contr\u00f4leur ou des lunettes DJI, l'\u00e9metteur-r\u00e9cepteur num\u00e9rique permet de maintenir une connexion fiable et sans accroc. Sa conception compacte permet de r\u00e9duire le poids et n'a que peu d'effet sur la classe de poids globale du vol, ce qui est particuli\u00e8rement important dans les pays o\u00f9 le drone appartient \u00e0 la classe C0.<\/p>\n<h4>Qualit\u00e9 de construction et conception<\/h4>\n<p>Ce module est de construction compacte et l\u00e9g\u00e8re et ses dimensions sont les suivantes <strong>44,6 \u00d7 27 \u00d7 44,6 mm<\/strong> et un poids d'environ <strong>9 g<\/strong>, Il est facile \u00e0 fixer sur le Neo 2 sans affecter l'a\u00e9rodynamisme. La conception enfichable vous permet de l'installer rapidement et en toute s\u00e9curit\u00e9 avant de lancer le drone.<\/p>\n<p style=\"text-align: center\"><a href=\"https:\/\/koningdrone.nl\/wp-content\/uploads\/2026\/03\/Neo-2-Digital-Transceiver.webp\"><img loading=\"lazy\" decoding=\"async\" class=\"alignnone size-medium wp-image-466500\" src=\"https:\/\/koningdrone.nl\/wp-content\/uploads\/2026\/03\/Neo-2-Digital-Transceiver-300x300.webp\" alt=\"Neo 2 Digital Transceiver\" width=\"300\" height=\"300\" \/><\/a><\/p>\n<h4>Pourquoi vous en avez besoin<\/h4>\n<p>Sans cet \u00e9metteur-r\u00e9cepteur, la communication entre votre Neo 2 et un contr\u00f4leur externe ou des lunettes FPV peut \u00eatre limit\u00e9e. Avec l'\u00e9metteur-r\u00e9cepteur num\u00e9rique, vous am\u00e9liorez le flux vid\u00e9o en direct et r\u00e9duisez la latence, ce qui est particuli\u00e8rement utile pour les pilotes qui utilisent fr\u00e9quemment des contr\u00f4leurs ou des lunettes DJI pour les vols FPV ou un contr\u00f4le pr\u00e9cis.<\/p>","protected":false},"excerpt":{"rendered":"<ul>\n<li>Transmission num\u00e9rique stable de la vid\u00e9o et des commandes lorsqu'elle est utilis\u00e9e avec un contr\u00f4leur ou des lunettes FPV, ce qui am\u00e9liore la connectivit\u00e9 du Neo 2.<\/li>\n<li>La conception ultral\u00e9g\u00e8re garantit que le poids suppl\u00e9mentaire du drone reste minime.<\/li>\n<li>L'installation directe s'int\u00e8gre parfaitement au syst\u00e8me Neo 2.<\/li>\n<li>Performance \u00e0 faible latence optimis\u00e9e pour les exp\u00e9riences de vol FPV.<\/li>\n<li>Construction de haute qualit\u00e9 avec antennes int\u00e9gr\u00e9es, con\u00e7ues pour une puissance de signal fiable.<\/li>\n<\/ul>","protected":false},"featured_media":16812,"template":"","meta":{"_acf_changed":false},"product_brand":[],"product_cat":[1722],"product_tag":[],"class_list":{"0":"post-16814","1":"product","2":"type-product","3":"status-publish","4":"has-post-thumbnail","6":"product_cat-dji-neo-2","7":"product_shipping_class-acsystemsall","8":"pa_brand-dji","9":"pa_productfamily-neo-2","10":"pa_producttype-module","11":"pa_series-neo","13":"first","14":"instock","15":"taxable","16":"shipping-taxable","17":"purchasable","18":"product-type-simple"},"acf":[],"yoast_head":"<!-- This site is optimized with the Yoast SEO Premium plugin v27.2 (Yoast SEO v27.2) - https:\/\/yoast.com\/product\/yoast-seo-premium-wordpress\/ -->\n<title>DJI Neo 2 Digital Transceiver - koningdrone.be<\/title>\n<meta name=\"robots\" content=\"index, follow, max-snippet:-1, max-image-preview:large, max-video-preview:-1\" \/>\n<link rel=\"canonical\" href=\"https:\/\/koningdrone.be\/fr\/produit\/dji-neo-2-digital-transceiver\/\" \/>\n<meta property=\"og:locale\" content=\"fr_FR\" \/>\n<meta property=\"og:type\" content=\"article\" \/>\n<meta property=\"og:title\" content=\"DJI Neo 2 Digital Transceiver\" \/>\n<meta property=\"og:description\" content=\"Stabiele digitale video- en besturingsoverdracht bij gebruik met een controller of FPV-bril, waardoor de connectiviteit van de Neo 2 wordt verbeterd.  Ultralicht ontwerp zorgt ervoor dat het extra gewicht van de drone minimaal blijft.  Directe plug-in installatie integreert naadloos met het Neo 2-systeem.  Prestaties met lage latentie, geoptimaliseerd voor FPV-vliegervaringen.  Hoogwaardige constructie met ge\u00efntegreerde antennes, ontworpen voor een betrouwbare signaalsterkte.\" \/>\n<meta property=\"og:url\" content=\"https:\/\/koningdrone.be\/fr\/produit\/dji-neo-2-digital-transceiver\/\" \/>\n<meta property=\"og:site_name\" content=\"koningdrone.be\" \/>\n<meta property=\"article:modified_time\" content=\"2026-05-02T01:40:52+00:00\" \/>\n<meta property=\"og:image\" content=\"https:\/\/koningdrone.be\/wp-content\/uploads\/sites\/13\/2026\/03\/DJI-Neo-2-Digital-Transceiver.webp\" \/>\n\t<meta property=\"og:image:width\" content=\"2048\" \/>\n\t<meta property=\"og:image:height\" content=\"2048\" \/>\n\t<meta property=\"og:image:type\" content=\"image\/webp\" \/>\n<meta name=\"twitter:card\" content=\"summary_large_image\" \/>\n<meta name=\"twitter:label1\" content=\"Dur\u00e9e de lecture est.\" \/>\n\t<meta name=\"twitter:data1\" content=\"1 minute\" \/>\n<script type=\"application\/ld+json\" class=\"yoast-schema-graph\">{\"@context\":\"https:\/\/schema.org\",\"@graph\":[{\"@type\":\"WebPage\",\"@id\":\"https:\/\/koningdrone.be\/product\/dji-neo-2-digital-transceiver\/\",\"url\":\"https:\/\/koningdrone.be\/product\/dji-neo-2-digital-transceiver\/\",\"name\":\"DJI Neo 2 Digital Transceiver - koningdrone.be\",\"isPartOf\":{\"@id\":\"https:\/\/koningdrone.be\/#website\"},\"primaryImageOfPage\":{\"@id\":\"https:\/\/koningdrone.be\/product\/dji-neo-2-digital-transceiver\/#primaryimage\"},\"image\":{\"@id\":\"https:\/\/koningdrone.be\/product\/dji-neo-2-digital-transceiver\/#primaryimage\"},\"thumbnailUrl\":\"https:\/\/koningdrone.be\/wp-content\/uploads\/sites\/13\/2026\/03\/DJI-Neo-2-Digital-Transceiver.webp\",\"datePublished\":\"2026-03-11T13:50:41+00:00\",\"dateModified\":\"2026-05-02T01:40:52+00:00\",\"breadcrumb\":{\"@id\":\"https:\/\/koningdrone.be\/product\/dji-neo-2-digital-transceiver\/#breadcrumb\"},\"inLanguage\":\"fr-BE\",\"potentialAction\":[{\"@type\":\"ReadAction\",\"target\":[\"https:\/\/koningdrone.be\/product\/dji-neo-2-digital-transceiver\/\"]}]},{\"@type\":\"ImageObject\",\"inLanguage\":\"fr-BE\",\"@id\":\"https:\/\/koningdrone.be\/product\/dji-neo-2-digital-transceiver\/#primaryimage\",\"url\":\"https:\/\/koningdrone.be\/wp-content\/uploads\/sites\/13\/2026\/03\/DJI-Neo-2-Digital-Transceiver.webp\",\"contentUrl\":\"https:\/\/koningdrone.be\/wp-content\/uploads\/sites\/13\/2026\/03\/DJI-Neo-2-Digital-Transceiver.webp\",\"width\":2048,\"height\":2048},{\"@type\":\"BreadcrumbList\",\"@id\":\"https:\/\/koningdrone.be\/product\/dji-neo-2-digital-transceiver\/#breadcrumb\",\"itemListElement\":[{\"@type\":\"ListItem\",\"position\":1,\"name\":\"Home\",\"item\":\"https:\/\/koningdrone.be\/\"},{\"@type\":\"ListItem\",\"position\":2,\"name\":\"AVSS Parachute Recovery System for DJI Matrice 300\/350\",\"item\":\"https:\/\/koningdrone.be\/product\/avss-parachute-recovery-system-for-dji-matrice-300-350\/\"},{\"@type\":\"ListItem\",\"position\":3,\"name\":\"DJI Neo 2\",\"item\":\"https:\/\/koningdrone.be\/categorie\/dji-neo-2\/\"},{\"@type\":\"ListItem\",\"position\":4,\"name\":\"DJI Neo 2 Digital Transceiver\"}]},{\"@type\":\"WebSite\",\"@id\":\"https:\/\/koningdrone.be\/#website\",\"url\":\"https:\/\/koningdrone.be\/\",\"name\":\"Koningdrone.be - Uw online specialist in drones, gimbals, camera's en power stations.\",\"description\":\"De webshop in drones en gimbals\",\"publisher\":{\"@id\":\"https:\/\/koningdrone.be\/#organization\"},\"potentialAction\":[{\"@type\":\"SearchAction\",\"target\":{\"@type\":\"EntryPoint\",\"urlTemplate\":\"https:\/\/koningdrone.be\/?s={search_term_string}\"},\"query-input\":{\"@type\":\"PropertyValueSpecification\",\"valueRequired\":true,\"valueName\":\"search_term_string\"}}],\"inLanguage\":\"fr-BE\"},{\"@type\":\"Organization\",\"@id\":\"https:\/\/koningdrone.be\/#organization\",\"name\":\"Koningdrone.be\",\"url\":\"https:\/\/koningdrone.be\/\",\"logo\":{\"@type\":\"ImageObject\",\"inLanguage\":\"fr-BE\",\"@id\":\"https:\/\/koningdrone.be\/#\/schema\/logo\/image\/\",\"url\":\"https:\/\/koningdrone.be\/wp-content\/uploads\/sites\/13\/2025\/04\/koningdrone-copyright-logo.svg\",\"contentUrl\":\"https:\/\/koningdrone.be\/wp-content\/uploads\/sites\/13\/2025\/04\/koningdrone-copyright-logo.svg\",\"width\":227,\"height\":38,\"caption\":\"Koningdrone.be\"},\"image\":{\"@id\":\"https:\/\/koningdrone.be\/#\/schema\/logo\/image\/\"}}]}<\/script>\n<!-- \/ Yoast SEO Premium plugin. -->","yoast_head_json":{"title":"DJI Neo 2 Digital Transceiver - koningdrone.be","robots":{"index":"index","follow":"follow","max-snippet":"max-snippet:-1","max-image-preview":"max-image-preview:large","max-video-preview":"max-video-preview:-1"},"canonical":"https:\/\/koningdrone.be\/fr\/produit\/dji-neo-2-digital-transceiver\/","og_locale":"fr_FR","og_type":"article","og_title":"DJI Neo 2 Digital Transceiver","og_description":"Stabiele digitale video- en besturingsoverdracht bij gebruik met een controller of FPV-bril, waardoor de connectiviteit van de Neo 2 wordt verbeterd.  Ultralicht ontwerp zorgt ervoor dat het extra gewicht van de drone minimaal blijft.  Directe plug-in installatie integreert naadloos met het Neo 2-systeem.  Prestaties met lage latentie, geoptimaliseerd voor FPV-vliegervaringen.  Hoogwaardige constructie met ge\u00efntegreerde antennes, ontworpen voor een betrouwbare signaalsterkte.","og_url":"https:\/\/koningdrone.be\/fr\/produit\/dji-neo-2-digital-transceiver\/","og_site_name":"koningdrone.be","article_modified_time":"2026-05-02T01:40:52+00:00","og_image":[{"width":2048,"height":2048,"url":"https:\/\/koningdrone.be\/wp-content\/uploads\/sites\/13\/2026\/03\/DJI-Neo-2-Digital-Transceiver.webp","type":"image\/webp"}],"twitter_card":"summary_large_image","twitter_misc":{"Dur\u00e9e de lecture est.":"1 minute"},"schema":{"@context":"https:\/\/schema.org","@graph":[{"@type":"WebPage","@id":"https:\/\/koningdrone.be\/product\/dji-neo-2-digital-transceiver\/","url":"https:\/\/koningdrone.be\/product\/dji-neo-2-digital-transceiver\/","name":"DJI Neo 2 Digital Transceiver - koningdrone.be","isPartOf":{"@id":"https:\/\/koningdrone.be\/#website"},"primaryImageOfPage":{"@id":"https:\/\/koningdrone.be\/product\/dji-neo-2-digital-transceiver\/#primaryimage"},"image":{"@id":"https:\/\/koningdrone.be\/product\/dji-neo-2-digital-transceiver\/#primaryimage"},"thumbnailUrl":"https:\/\/koningdrone.be\/wp-content\/uploads\/sites\/13\/2026\/03\/DJI-Neo-2-Digital-Transceiver.webp","datePublished":"2026-03-11T13:50:41+00:00","dateModified":"2026-05-02T01:40:52+00:00","breadcrumb":{"@id":"https:\/\/koningdrone.be\/product\/dji-neo-2-digital-transceiver\/#breadcrumb"},"inLanguage":"fr-BE","potentialAction":[{"@type":"ReadAction","target":["https:\/\/koningdrone.be\/product\/dji-neo-2-digital-transceiver\/"]}]},{"@type":"ImageObject","inLanguage":"fr-BE","@id":"https:\/\/koningdrone.be\/product\/dji-neo-2-digital-transceiver\/#primaryimage","url":"https:\/\/koningdrone.be\/wp-content\/uploads\/sites\/13\/2026\/03\/DJI-Neo-2-Digital-Transceiver.webp","contentUrl":"https:\/\/koningdrone.be\/wp-content\/uploads\/sites\/13\/2026\/03\/DJI-Neo-2-Digital-Transceiver.webp","width":2048,"height":2048},{"@type":"BreadcrumbList","@id":"https:\/\/koningdrone.be\/product\/dji-neo-2-digital-transceiver\/#breadcrumb","itemListElement":[{"@type":"ListItem","position":1,"name":"Home","item":"https:\/\/koningdrone.be\/"},{"@type":"ListItem","position":2,"name":"AVSS Parachute Recovery System for DJI Matrice 300\/350","item":"https:\/\/koningdrone.be\/product\/avss-parachute-recovery-system-for-dji-matrice-300-350\/"},{"@type":"ListItem","position":3,"name":"DJI Neo 2","item":"https:\/\/koningdrone.be\/categorie\/dji-neo-2\/"},{"@type":"ListItem","position":4,"name":"DJI Neo 2 Digital Transceiver"}]},{"@type":"WebSite","@id":"https:\/\/koningdrone.be\/#website","url":"https:\/\/koningdrone.be\/","name":"Koningdrone.be - Votre sp\u00e9cialiste en ligne en mati\u00e8re de drones, de cardans, de cam\u00e9ras et de centrales \u00e9lectriques.","description":"La boutique en ligne de drones et de cardans","publisher":{"@id":"https:\/\/koningdrone.be\/#organization"},"potentialAction":[{"@type":"SearchAction","target":{"@type":"EntryPoint","urlTemplate":"https:\/\/koningdrone.be\/?s={search_term_string}"},"query-input":{"@type":"PropertyValueSpecification","valueRequired":true,"valueName":"search_term_string"}}],"inLanguage":"fr-BE"},{"@type":"Organization","@id":"https:\/\/koningdrone.be\/#organization","name":"Kingdrone.co.uk","url":"https:\/\/koningdrone.be\/","logo":{"@type":"ImageObject","inLanguage":"fr-BE","@id":"https:\/\/koningdrone.be\/#\/schema\/logo\/image\/","url":"https:\/\/koningdrone.be\/wp-content\/uploads\/sites\/13\/2025\/04\/koningdrone-copyright-logo.svg","contentUrl":"https:\/\/koningdrone.be\/wp-content\/uploads\/sites\/13\/2025\/04\/koningdrone-copyright-logo.svg","width":227,"height":38,"caption":"Koningdrone.be"},"image":{"@id":"https:\/\/koningdrone.be\/#\/schema\/logo\/image\/"}}]}},"df_price":27,"df_sale_price":"","df_regular_price":27,"df_image_link":"https:\/\/koningdrone.be\/wp-content\/uploads\/sites\/13\/2026\/03\/DJI-Neo-2-Digital-Transceiver-300x300.webp","_links":{"self":[{"href":"https:\/\/koningdrone.be\/fr\/wp-json\/wp\/v2\/product\/16814","targetHints":{"allow":["GET"]}}],"collection":[{"href":"https:\/\/koningdrone.be\/fr\/wp-json\/wp\/v2\/product"}],"about":[{"href":"https:\/\/koningdrone.be\/fr\/wp-json\/wp\/v2\/types\/product"}],"wp:featuredmedia":[{"embeddable":true,"href":"https:\/\/koningdrone.be\/fr\/wp-json\/wp\/v2\/media\/16812"}],"wp:attachment":[{"href":"https:\/\/koningdrone.be\/fr\/wp-json\/wp\/v2\/media?parent=16814"}],"wp:term":[{"taxonomy":"product_brand","embeddable":true,"href":"https:\/\/koningdrone.be\/fr\/wp-json\/wp\/v2\/product_brand?post=16814"},{"taxonomy":"product_cat","embeddable":true,"href":"https:\/\/koningdrone.be\/fr\/wp-json\/wp\/v2\/product_cat?post=16814"},{"taxonomy":"product_tag","embeddable":true,"href":"https:\/\/koningdrone.be\/fr\/wp-json\/wp\/v2\/product_tag?post=16814"}],"curies":[{"name":"wp","href":"https:\/\/api.w.org\/{rel}","templated":true}]}}