{"id":16810,"date":"2026-03-11T14:50:36","date_gmt":"2026-03-11T13:50:36","guid":{"rendered":"https:\/\/koningdrone.be\/?post_type=product&#038;p=16810"},"modified":"2026-05-02T14:41:01","modified_gmt":"2026-05-02T12:41:01","slug":"dji-neo-2-intelligent-flight-battery","status":"publish","type":"product","link":"https:\/\/koningdrone.be\/fr\/produit\/dji-neo-2-intelligent-flight-battery\/","title":{"rendered":"Batterie de vol intelligente DJI Neo 2"},"content":{"rendered":"<h3>Batterie de vol intelligente DJI Neo 2<\/h3>\n<p>Le <strong>Batterie de vol intelligente DJI Neo 2<\/strong> est la batterie de rechange officielle pour le drone DJI Neo 2. Cette batterie haute performance est con\u00e7ue pour fournir une puissance constante et fiable \u00e0 chaque vol, ce qui vous permet de voler plus longtemps et avec plus de stabilit\u00e9. Gr\u00e2ce \u00e0 la technologie de batterie intelligente, elle fournit des informations en temps r\u00e9el sur l'autonomie restante, la temp\u00e9rature et l'\u00e9tat de charge, afin que vous sachiez toujours combien de temps de vol il vous reste.<\/p>\n<p style=\"text-align: center\"><a href=\"https:\/\/koningdrone.nl\/wp-content\/uploads\/2026\/03\/DJI-Neo-2-Intelligent-Flight-Battery.webp\"><img loading=\"lazy\" decoding=\"async\" class=\"alignnone size-medium wp-image-466491\" src=\"https:\/\/koningdrone.nl\/wp-content\/uploads\/2026\/03\/DJI-Neo-2-Intelligent-Flight-Battery-300x300.webp\" alt=\"\" width=\"300\" height=\"300\" \/><\/a><\/p>\n<h4>Performance et fonctionnalit\u00e9<\/h4>\n<p>Cette batterie de vol intelligente offre une capacit\u00e9 \u00e9lev\u00e9e qui garantit une dur\u00e9e de vol plus longue que les batteries standard. La gestion intelligente int\u00e9gr\u00e9e de la batterie prot\u00e8ge contre la surchauffe, la surcharge et d'autres situations \u00e0 risque, garantissant une utilisation s\u00fbre de la batterie tout au long du vol. Gr\u00e2ce \u00e0 la communication entre la batterie et votre drone, votre contr\u00f4leur re\u00e7oit des mises \u00e0 jour pr\u00e9cises sur l'\u00e9tat de la batterie en temps r\u00e9el.<\/p>\n<h4>Qualit\u00e9 de construction et conception<\/h4>\n<p>La batterie est compos\u00e9e d'\u00e9l\u00e9ments et de composants de haute qualit\u00e9 qui garantissent sa durabilit\u00e9 et sa fiabilit\u00e9. Elle est l\u00e9g\u00e8re et con\u00e7ue pour s'adapter parfaitement au bo\u00eetier du Neo 2. Sa construction robuste permet \u00e0 cette batterie de bien supporter les vibrations et les forces rencontr\u00e9es pendant le vol, ce qui contribue \u00e0 la s\u00e9curit\u00e9 et \u00e0 la r\u00e9gularit\u00e9 des performances.<\/p>\n<p style=\"text-align: center\"><a href=\"https:\/\/koningdrone.nl\/wp-content\/uploads\/2026\/03\/DJI-Intelligent-Flight-Battery.webp\"><img loading=\"lazy\" decoding=\"async\" class=\"alignnone size-medium wp-image-466488\" src=\"https:\/\/koningdrone.nl\/wp-content\/uploads\/2026\/03\/DJI-Intelligent-Flight-Battery-300x300.webp\" alt=\"DJI Intelligent Flight Battery\" width=\"300\" height=\"300\" \/><\/a><\/p>\n<h4>Pourquoi vous en avez besoin<\/h4>\n<p>Que vous pr\u00e9voyiez de longs vols ou que vous ayez besoin de pi\u00e8ces de rechange pour une utilisation sur le terrain, cette batterie intelligente vous permet de passer plus de temps dans les airs sans avoir \u00e0 changer fr\u00e9quemment de batterie. Gr\u00e2ce aux informations d'\u00e9tat en temps r\u00e9el et \u00e0 la protection contre la surcharge, vous augmentez \u00e9galement la long\u00e9vit\u00e9 et la s\u00e9curit\u00e9 de votre utilisation de la batterie.<\/p>","protected":false},"excerpt":{"rendered":"<ul>\n<li>Fournit une dur\u00e9e de vol prolong\u00e9e et fiable pour votre drone DJI Neo 2.<\/li>\n<li>La gestion intelligente de la batterie garantit la s\u00e9curit\u00e9 et la durabilit\u00e9.<\/li>\n<li>Communique des informations en temps r\u00e9el sur l'alimentation \u00e0 votre drone et \u00e0 votre contr\u00f4leur.<\/li>\n<li>Con\u00e7u pour s'int\u00e9grer parfaitement aux accessoires de charge et aux concentrateurs Neo 2.<\/li>\n<li>La batterie de qualit\u00e9 certifi\u00e9e par DJI garantit une alimentation stable dans diverses conditions.<\/li>\n<\/ul>","protected":false},"featured_media":16808,"template":"","meta":{"_acf_changed":false},"product_brand":[],"product_cat":[1722],"product_tag":[],"class_list":{"0":"post-16810","1":"product","2":"type-product","3":"status-publish","4":"has-post-thumbnail","6":"product_cat-dji-neo-2","7":"product_shipping_class-outofstock","8":"pa_brand-dji","9":"pa_productfamily-neo-2","10":"pa_producttype-batterij","11":"pa_series-neo","13":"first","14":"outofstock","15":"taxable","16":"shipping-taxable","17":"purchasable","18":"product-type-simple"},"acf":[],"yoast_head":"<!-- This site is optimized with the Yoast SEO Premium plugin v27.2 (Yoast SEO v27.2) - https:\/\/yoast.com\/product\/yoast-seo-premium-wordpress\/ -->\n<title>DJI Neo 2 Intelligent Flight Battery - koningdrone.be<\/title>\n<meta name=\"robots\" content=\"index, follow, max-snippet:-1, max-image-preview:large, max-video-preview:-1\" \/>\n<link rel=\"canonical\" href=\"https:\/\/koningdrone.be\/fr\/produit\/dji-neo-2-intelligent-flight-battery\/\" \/>\n<meta property=\"og:locale\" content=\"fr_FR\" \/>\n<meta property=\"og:type\" content=\"article\" \/>\n<meta property=\"og:title\" content=\"DJI Neo 2 Intelligent Flight Battery\" \/>\n<meta property=\"og:description\" content=\"Biedt een langere en betrouwbare vliegtijd voor uw DJI Neo 2-drone.  Beschikt over intelligent batterijbeheer voor veiligheid en duurzaamheid.  Communiceert realtime stroominformatie naar uw drone en controller.  Ontworpen om naadloos te integreren met Neo 2-oplaadaccessoires en -hubs.  Kwaliteitsbatterij gecertificeerd door DJI zorgt voor een stabiele stroomvoorziening onder verschillende omstandigheden.\" \/>\n<meta property=\"og:url\" content=\"https:\/\/koningdrone.be\/fr\/produit\/dji-neo-2-intelligent-flight-battery\/\" \/>\n<meta property=\"og:site_name\" content=\"koningdrone.be\" \/>\n<meta property=\"article:modified_time\" content=\"2026-05-02T12:41:01+00:00\" \/>\n<meta property=\"og:image\" content=\"https:\/\/koningdrone.be\/wp-content\/uploads\/sites\/13\/2026\/03\/DJI-Neo-2-Battery.webp\" \/>\n\t<meta property=\"og:image:width\" content=\"2048\" \/>\n\t<meta property=\"og:image:height\" content=\"2048\" \/>\n\t<meta property=\"og:image:type\" content=\"image\/webp\" \/>\n<meta name=\"twitter:card\" content=\"summary_large_image\" \/>\n<meta name=\"twitter:label1\" content=\"Dur\u00e9e de lecture est.\" \/>\n\t<meta name=\"twitter:data1\" content=\"1 minute\" \/>\n<script type=\"application\/ld+json\" class=\"yoast-schema-graph\">{\"@context\":\"https:\/\/schema.org\",\"@graph\":[{\"@type\":\"WebPage\",\"@id\":\"https:\/\/koningdrone.be\/product\/dji-neo-2-intelligent-flight-battery\/\",\"url\":\"https:\/\/koningdrone.be\/product\/dji-neo-2-intelligent-flight-battery\/\",\"name\":\"DJI Neo 2 Intelligent Flight Battery - koningdrone.be\",\"isPartOf\":{\"@id\":\"https:\/\/koningdrone.be\/#website\"},\"primaryImageOfPage\":{\"@id\":\"https:\/\/koningdrone.be\/product\/dji-neo-2-intelligent-flight-battery\/#primaryimage\"},\"image\":{\"@id\":\"https:\/\/koningdrone.be\/product\/dji-neo-2-intelligent-flight-battery\/#primaryimage\"},\"thumbnailUrl\":\"https:\/\/koningdrone.be\/wp-content\/uploads\/sites\/13\/2026\/03\/DJI-Neo-2-Battery.webp\",\"datePublished\":\"2026-03-11T13:50:36+00:00\",\"dateModified\":\"2026-05-02T12:41:01+00:00\",\"breadcrumb\":{\"@id\":\"https:\/\/koningdrone.be\/product\/dji-neo-2-intelligent-flight-battery\/#breadcrumb\"},\"inLanguage\":\"fr-BE\",\"potentialAction\":[{\"@type\":\"ReadAction\",\"target\":[\"https:\/\/koningdrone.be\/product\/dji-neo-2-intelligent-flight-battery\/\"]}]},{\"@type\":\"ImageObject\",\"inLanguage\":\"fr-BE\",\"@id\":\"https:\/\/koningdrone.be\/product\/dji-neo-2-intelligent-flight-battery\/#primaryimage\",\"url\":\"https:\/\/koningdrone.be\/wp-content\/uploads\/sites\/13\/2026\/03\/DJI-Neo-2-Battery.webp\",\"contentUrl\":\"https:\/\/koningdrone.be\/wp-content\/uploads\/sites\/13\/2026\/03\/DJI-Neo-2-Battery.webp\",\"width\":2048,\"height\":2048},{\"@type\":\"BreadcrumbList\",\"@id\":\"https:\/\/koningdrone.be\/product\/dji-neo-2-intelligent-flight-battery\/#breadcrumb\",\"itemListElement\":[{\"@type\":\"ListItem\",\"position\":1,\"name\":\"Home\",\"item\":\"https:\/\/koningdrone.be\/\"},{\"@type\":\"ListItem\",\"position\":2,\"name\":\"AVSS Parachute Recovery System for DJI Matrice 300\/350\",\"item\":\"https:\/\/koningdrone.be\/product\/avss-parachute-recovery-system-for-dji-matrice-300-350\/\"},{\"@type\":\"ListItem\",\"position\":3,\"name\":\"DJI Neo 2\",\"item\":\"https:\/\/koningdrone.be\/categorie\/dji-neo-2\/\"},{\"@type\":\"ListItem\",\"position\":4,\"name\":\"DJI Neo 2 Intelligent Flight Battery\"}]},{\"@type\":\"WebSite\",\"@id\":\"https:\/\/koningdrone.be\/#website\",\"url\":\"https:\/\/koningdrone.be\/\",\"name\":\"Koningdrone.be - Uw online specialist in drones, gimbals, camera's en power stations.\",\"description\":\"De webshop in drones en gimbals\",\"publisher\":{\"@id\":\"https:\/\/koningdrone.be\/#organization\"},\"potentialAction\":[{\"@type\":\"SearchAction\",\"target\":{\"@type\":\"EntryPoint\",\"urlTemplate\":\"https:\/\/koningdrone.be\/?s={search_term_string}\"},\"query-input\":{\"@type\":\"PropertyValueSpecification\",\"valueRequired\":true,\"valueName\":\"search_term_string\"}}],\"inLanguage\":\"fr-BE\"},{\"@type\":\"Organization\",\"@id\":\"https:\/\/koningdrone.be\/#organization\",\"name\":\"Koningdrone.be\",\"url\":\"https:\/\/koningdrone.be\/\",\"logo\":{\"@type\":\"ImageObject\",\"inLanguage\":\"fr-BE\",\"@id\":\"https:\/\/koningdrone.be\/#\/schema\/logo\/image\/\",\"url\":\"https:\/\/koningdrone.be\/wp-content\/uploads\/sites\/13\/2025\/04\/koningdrone-copyright-logo.svg\",\"contentUrl\":\"https:\/\/koningdrone.be\/wp-content\/uploads\/sites\/13\/2025\/04\/koningdrone-copyright-logo.svg\",\"width\":227,\"height\":38,\"caption\":\"Koningdrone.be\"},\"image\":{\"@id\":\"https:\/\/koningdrone.be\/#\/schema\/logo\/image\/\"}}]}<\/script>\n<!-- \/ Yoast SEO Premium plugin. -->","yoast_head_json":{"title":"DJI Neo 2 Intelligent Flight Battery - koningdrone.be","robots":{"index":"index","follow":"follow","max-snippet":"max-snippet:-1","max-image-preview":"max-image-preview:large","max-video-preview":"max-video-preview:-1"},"canonical":"https:\/\/koningdrone.be\/fr\/produit\/dji-neo-2-intelligent-flight-battery\/","og_locale":"fr_FR","og_type":"article","og_title":"DJI Neo 2 Intelligent Flight Battery","og_description":"Biedt een langere en betrouwbare vliegtijd voor uw DJI Neo 2-drone.  Beschikt over intelligent batterijbeheer voor veiligheid en duurzaamheid.  Communiceert realtime stroominformatie naar uw drone en controller.  Ontworpen om naadloos te integreren met Neo 2-oplaadaccessoires en -hubs.  Kwaliteitsbatterij gecertificeerd door DJI zorgt voor een stabiele stroomvoorziening onder verschillende omstandigheden.","og_url":"https:\/\/koningdrone.be\/fr\/produit\/dji-neo-2-intelligent-flight-battery\/","og_site_name":"koningdrone.be","article_modified_time":"2026-05-02T12:41:01+00:00","og_image":[{"width":2048,"height":2048,"url":"https:\/\/koningdrone.be\/wp-content\/uploads\/sites\/13\/2026\/03\/DJI-Neo-2-Battery.webp","type":"image\/webp"}],"twitter_card":"summary_large_image","twitter_misc":{"Dur\u00e9e de lecture est.":"1 minute"},"schema":{"@context":"https:\/\/schema.org","@graph":[{"@type":"WebPage","@id":"https:\/\/koningdrone.be\/product\/dji-neo-2-intelligent-flight-battery\/","url":"https:\/\/koningdrone.be\/product\/dji-neo-2-intelligent-flight-battery\/","name":"DJI Neo 2 Intelligent Flight Battery - koningdrone.be","isPartOf":{"@id":"https:\/\/koningdrone.be\/#website"},"primaryImageOfPage":{"@id":"https:\/\/koningdrone.be\/product\/dji-neo-2-intelligent-flight-battery\/#primaryimage"},"image":{"@id":"https:\/\/koningdrone.be\/product\/dji-neo-2-intelligent-flight-battery\/#primaryimage"},"thumbnailUrl":"https:\/\/koningdrone.be\/wp-content\/uploads\/sites\/13\/2026\/03\/DJI-Neo-2-Battery.webp","datePublished":"2026-03-11T13:50:36+00:00","dateModified":"2026-05-02T12:41:01+00:00","breadcrumb":{"@id":"https:\/\/koningdrone.be\/product\/dji-neo-2-intelligent-flight-battery\/#breadcrumb"},"inLanguage":"fr-BE","potentialAction":[{"@type":"ReadAction","target":["https:\/\/koningdrone.be\/product\/dji-neo-2-intelligent-flight-battery\/"]}]},{"@type":"ImageObject","inLanguage":"fr-BE","@id":"https:\/\/koningdrone.be\/product\/dji-neo-2-intelligent-flight-battery\/#primaryimage","url":"https:\/\/koningdrone.be\/wp-content\/uploads\/sites\/13\/2026\/03\/DJI-Neo-2-Battery.webp","contentUrl":"https:\/\/koningdrone.be\/wp-content\/uploads\/sites\/13\/2026\/03\/DJI-Neo-2-Battery.webp","width":2048,"height":2048},{"@type":"BreadcrumbList","@id":"https:\/\/koningdrone.be\/product\/dji-neo-2-intelligent-flight-battery\/#breadcrumb","itemListElement":[{"@type":"ListItem","position":1,"name":"Home","item":"https:\/\/koningdrone.be\/"},{"@type":"ListItem","position":2,"name":"AVSS Parachute Recovery System for DJI Matrice 300\/350","item":"https:\/\/koningdrone.be\/product\/avss-parachute-recovery-system-for-dji-matrice-300-350\/"},{"@type":"ListItem","position":3,"name":"DJI Neo 2","item":"https:\/\/koningdrone.be\/categorie\/dji-neo-2\/"},{"@type":"ListItem","position":4,"name":"DJI Neo 2 Intelligent Flight Battery"}]},{"@type":"WebSite","@id":"https:\/\/koningdrone.be\/#website","url":"https:\/\/koningdrone.be\/","name":"Koningdrone.be - Votre sp\u00e9cialiste en ligne en mati\u00e8re de drones, de cardans, de cam\u00e9ras et de centrales \u00e9lectriques.","description":"La boutique en ligne de drones et de cardans","publisher":{"@id":"https:\/\/koningdrone.be\/#organization"},"potentialAction":[{"@type":"SearchAction","target":{"@type":"EntryPoint","urlTemplate":"https:\/\/koningdrone.be\/?s={search_term_string}"},"query-input":{"@type":"PropertyValueSpecification","valueRequired":true,"valueName":"search_term_string"}}],"inLanguage":"fr-BE"},{"@type":"Organization","@id":"https:\/\/koningdrone.be\/#organization","name":"Kingdrone.co.uk","url":"https:\/\/koningdrone.be\/","logo":{"@type":"ImageObject","inLanguage":"fr-BE","@id":"https:\/\/koningdrone.be\/#\/schema\/logo\/image\/","url":"https:\/\/koningdrone.be\/wp-content\/uploads\/sites\/13\/2025\/04\/koningdrone-copyright-logo.svg","contentUrl":"https:\/\/koningdrone.be\/wp-content\/uploads\/sites\/13\/2025\/04\/koningdrone-copyright-logo.svg","width":227,"height":38,"caption":"Koningdrone.be"},"image":{"@id":"https:\/\/koningdrone.be\/#\/schema\/logo\/image\/"}}]}},"df_price":39,"df_sale_price":"","df_regular_price":39,"df_image_link":"https:\/\/koningdrone.be\/wp-content\/uploads\/sites\/13\/2026\/03\/DJI-Neo-2-Battery-300x300.webp","_links":{"self":[{"href":"https:\/\/koningdrone.be\/fr\/wp-json\/wp\/v2\/product\/16810","targetHints":{"allow":["GET"]}}],"collection":[{"href":"https:\/\/koningdrone.be\/fr\/wp-json\/wp\/v2\/product"}],"about":[{"href":"https:\/\/koningdrone.be\/fr\/wp-json\/wp\/v2\/types\/product"}],"wp:featuredmedia":[{"embeddable":true,"href":"https:\/\/koningdrone.be\/fr\/wp-json\/wp\/v2\/media\/16808"}],"wp:attachment":[{"href":"https:\/\/koningdrone.be\/fr\/wp-json\/wp\/v2\/media?parent=16810"}],"wp:term":[{"taxonomy":"product_brand","embeddable":true,"href":"https:\/\/koningdrone.be\/fr\/wp-json\/wp\/v2\/product_brand?post=16810"},{"taxonomy":"product_cat","embeddable":true,"href":"https:\/\/koningdrone.be\/fr\/wp-json\/wp\/v2\/product_cat?post=16810"},{"taxonomy":"product_tag","embeddable":true,"href":"https:\/\/koningdrone.be\/fr\/wp-json\/wp\/v2\/product_tag?post=16810"}],"curies":[{"name":"wp","href":"https:\/\/api.w.org\/{rel}","templated":true}]}}